{"id":22771,"date":"2022-01-16T15:11:14","date_gmt":"2022-01-16T15:11:14","guid":{"rendered":"https:\/\/curiosidadesedicas.com\/loja\/?post_type=product&#038;p=22771"},"modified":"2022-01-25T16:29:42","modified_gmt":"2022-01-25T16:29:42","slug":"humidificador-hydro-12","status":"publish","type":"product","link":"https:\/\/curiosidadesedicas.com\/loja\/en\/product\/humidificador-hydro-12\/","title":{"rendered":"HUMIDIFICADOR HYDRO 12"},"content":{"rendered":"<ul>\n<li>Humidificador por ultrassons;<\/li>\n<li>Capacidade do dep\u00f3sito: 4 L;<\/li>\n<li>Caudal m\u00e1ximo de Vapor: 320 ml\/h;<\/li>\n<li>Indicador de Temperatura;<\/li>\n<li>Painel de comandos, t\u00e1ctil com display digital;<\/li>\n<li>Higr\u00f3stato com informa\u00e7\u00e3o da % de humidade no ambiente;<\/li>\n<li>Seletor para estabelecer a humidade que deseja no ambiente;<\/li>\n<li>Brilho do display ajust\u00e1vel;<\/li>\n<li>Comando \u00e0 dist\u00e2ncia;<\/li>\n<li>Ionizador;<\/li>\n<li>Enchimento pela parte superior do aparelho;<\/li>\n<li>Dimens\u00f5es (Comprimento x Profundidade x Altura): 20 x 20 x 60 cm;<\/li>\n<li>Peso:2 Kg;<\/li>\n<\/ul>\n<p>&nbsp;<\/p>","protected":false},"excerpt":{"rendered":"<ul>\n<li>Humidificador por ultrassons;<\/li>\n<li>Capacidade do dep\u00f3sito: 4 L;<\/li>\n<li>Caudal m\u00e1ximo de Vapor: 320 ml\/h;<\/li>\n<li>Indicador de Temperatura;<\/li>\n<li>Painel de comandos, t\u00e1ctil com display digital;<\/li>\n<li>Higr\u00f3stato com informa\u00e7\u00e3o da % de humidade no ambiente;<\/li>\n<li>Seletor para estabelecer a humidade que deseja no ambiente;<\/li>\n<li>Brilho do display ajust\u00e1vel;<\/li>\n<li>Comando \u00e0 dist\u00e2ncia;<\/li>\n<li>Ionizador;<\/li>\n<li>Enchimento pela parte superior do aparelho;<\/li>\n<li>Dimens\u00f5es (Comprimento x Profundidade x Altura): 20 x 20 x 60 cm;<\/li>\n<li>Peso:2 Kg;<\/li>\n<\/ul>\n<p><img loading=\"lazy\" decoding=\"async\" class=\"alignnone wp-image-22773 size-large\" src=\"https:\/\/curiosidadesedicas.com\/loja\/wp-content\/uploads\/2022\/01\/humidificador-3-44660-1024x770.jpg\" alt=\"\" width=\"780\" height=\"587\" srcset=\"https:\/\/curiosidadesedicas.com\/loja\/wp-content\/uploads\/2022\/01\/humidificador-3-44660-1024x770.jpg 1024w, https:\/\/curiosidadesedicas.com\/loja\/wp-content\/uploads\/2022\/01\/humidificador-3-44660-300x226.jpg 300w, https:\/\/curiosidadesedicas.com\/loja\/wp-content\/uploads\/2022\/01\/humidificador-3-44660-768x578.jpg 768w, https:\/\/curiosidadesedicas.com\/loja\/wp-content\/uploads\/2022\/01\/humidificador-3-44660-1536x1155.jpg 1536w, https:\/\/curiosidadesedicas.com\/loja\/wp-content\/uploads\/2022\/01\/humidificador-3-44660-2048x1540.jpg 2048w, https:\/\/curiosidadesedicas.com\/loja\/wp-content\/uploads\/2022\/01\/humidificador-3-44660-600x451.jpg 600w\" sizes=\"auto, (max-width: 780px) 100vw, 780px\" \/><\/p>","protected":false},"featured_media":22772,"comment_status":"open","ping_status":"closed","template":"","meta":{"_glsr_average":0,"_glsr_ranking":0,"_glsr_reviews":0},"product_brand":[],"product_cat":[365,493],"product_tag":[],"class_list":{"0":"post-22771","1":"product","2":"type-product","3":"status-publish","4":"has-post-thumbnail","6":"product_cat-para-o-lar","7":"product_cat-humidificadores-para-o-lar","9":"first","10":"instock","11":"taxable","12":"shipping-taxable","13":"purchasable","14":"product-type-simple"},"yoast_head":"<!-- This site is optimized with the Yoast SEO plugin v26.8 - https:\/\/yoast.com\/product\/yoast-seo-wordpress\/ -->\n<title>HUMIDIFICADOR HYDRO 12 - Curiosidades &amp; Dicas, Lda<\/title>\n<meta name=\"robots\" content=\"index, follow, max-snippet:-1, max-image-preview:large, max-video-preview:-1\" \/>\n<link rel=\"canonical\" href=\"https:\/\/curiosidadesedicas.com\/loja\/en\/product\/humidificador-hydro-12\/\" \/>\n<meta property=\"og:locale\" content=\"en_US\" \/>\n<meta property=\"og:type\" content=\"article\" \/>\n<meta property=\"og:title\" content=\"HUMIDIFICADOR HYDRO 12 - Curiosidades &amp; Dicas, Lda\" \/>\n<meta property=\"og:description\" content=\"Humidificador por ultrassons;  Capacidade do dep\u00f3sito: 4 L;  Caudal m\u00e1ximo de Vapor: 320 ml\/h;  Indicador de Temperatura;  Painel de comandos, t\u00e1ctil com display digital;  Higr\u00f3stato com informa\u00e7\u00e3o da % de humidade no ambiente;  Seletor para estabelecer a humidade que deseja no ambiente;  Brilho do display ajust\u00e1vel;  Comando \u00e0 dist\u00e2ncia;  Ionizador;  Enchimento pela parte superior do aparelho;  Dimens\u00f5es (Comprimento x Profundidade x Altura): 20 x 20 x 60 cm;  Peso:2 Kg;\" \/>\n<meta property=\"og:url\" content=\"https:\/\/curiosidadesedicas.com\/loja\/en\/product\/humidificador-hydro-12\/\" \/>\n<meta property=\"og:site_name\" content=\"Curiosidades &amp; Dicas, Lda\" \/>\n<meta property=\"article:modified_time\" content=\"2022-01-25T16:29:42+00:00\" \/>\n<meta property=\"og:image\" content=\"https:\/\/curiosidadesedicas.com\/loja\/wp-content\/uploads\/2022\/01\/humidificador-1-44660-scaled.jpg\" \/>\n\t<meta property=\"og:image:width\" content=\"2560\" \/>\n\t<meta property=\"og:image:height\" content=\"1925\" \/>\n\t<meta property=\"og:image:type\" content=\"image\/jpeg\" \/>\n<meta name=\"twitter:card\" content=\"summary_large_image\" \/>\n<meta name=\"twitter:label1\" content=\"Est. reading time\" \/>\n\t<meta name=\"twitter:data1\" content=\"1 minute\" \/>\n<script type=\"application\/ld+json\" class=\"yoast-schema-graph\">{\"@context\":\"https:\/\/schema.org\",\"@graph\":[{\"@type\":\"WebPage\",\"@id\":\"https:\/\/curiosidadesedicas.com\/loja\/produto\/humidificador-hydro-12\/\",\"url\":\"https:\/\/curiosidadesedicas.com\/loja\/produto\/humidificador-hydro-12\/\",\"name\":\"HUMIDIFICADOR HYDRO 12 - Curiosidades &amp; Dicas, Lda\",\"isPartOf\":{\"@id\":\"https:\/\/curiosidadesedicas.com\/loja\/#website\"},\"primaryImageOfPage\":{\"@id\":\"https:\/\/curiosidadesedicas.com\/loja\/produto\/humidificador-hydro-12\/#primaryimage\"},\"image\":{\"@id\":\"https:\/\/curiosidadesedicas.com\/loja\/produto\/humidificador-hydro-12\/#primaryimage\"},\"thumbnailUrl\":\"https:\/\/curiosidadesedicas.com\/loja\/wp-content\/uploads\/2022\/01\/humidificador-1-44660-scaled.jpg\",\"datePublished\":\"2022-01-16T15:11:14+00:00\",\"dateModified\":\"2022-01-25T16:29:42+00:00\",\"breadcrumb\":{\"@id\":\"https:\/\/curiosidadesedicas.com\/loja\/produto\/humidificador-hydro-12\/#breadcrumb\"},\"inLanguage\":\"en-US\",\"potentialAction\":[{\"@type\":\"ReadAction\",\"target\":[\"https:\/\/curiosidadesedicas.com\/loja\/produto\/humidificador-hydro-12\/\"]}]},{\"@type\":\"ImageObject\",\"inLanguage\":\"en-US\",\"@id\":\"https:\/\/curiosidadesedicas.com\/loja\/produto\/humidificador-hydro-12\/#primaryimage\",\"url\":\"https:\/\/curiosidadesedicas.com\/loja\/wp-content\/uploads\/2022\/01\/humidificador-1-44660-scaled.jpg\",\"contentUrl\":\"https:\/\/curiosidadesedicas.com\/loja\/wp-content\/uploads\/2022\/01\/humidificador-1-44660-scaled.jpg\",\"width\":2560,\"height\":1925},{\"@type\":\"BreadcrumbList\",\"@id\":\"https:\/\/curiosidadesedicas.com\/loja\/produto\/humidificador-hydro-12\/#breadcrumb\",\"itemListElement\":[{\"@type\":\"ListItem\",\"position\":1,\"name\":\"In\u00edcio\",\"item\":\"https:\/\/curiosidadesedicas.com\/loja\/\"},{\"@type\":\"ListItem\",\"position\":2,\"name\":\"Produtos\",\"item\":\"https:\/\/curiosidadesedicas.com\/loja\/produtos\/\"},{\"@type\":\"ListItem\",\"position\":3,\"name\":\"HUMIDIFICADOR HYDRO 12\"}]},{\"@type\":\"WebSite\",\"@id\":\"https:\/\/curiosidadesedicas.com\/loja\/#website\",\"url\":\"https:\/\/curiosidadesedicas.com\/loja\/\",\"name\":\"Curiosidades &amp; Dicas, Lda\",\"description\":\"Apaixonados Por Inova\u00e7\u00e3o\",\"publisher\":{\"@id\":\"https:\/\/curiosidadesedicas.com\/loja\/#organization\"},\"potentialAction\":[{\"@type\":\"SearchAction\",\"target\":{\"@type\":\"EntryPoint\",\"urlTemplate\":\"https:\/\/curiosidadesedicas.com\/loja\/?s={search_term_string}\"},\"query-input\":{\"@type\":\"PropertyValueSpecification\",\"valueRequired\":true,\"valueName\":\"search_term_string\"}}],\"inLanguage\":\"en-US\"},{\"@type\":\"Organization\",\"@id\":\"https:\/\/curiosidadesedicas.com\/loja\/#organization\",\"name\":\"Curiosidades & Dicas\",\"url\":\"https:\/\/curiosidadesedicas.com\/loja\/\",\"logo\":{\"@type\":\"ImageObject\",\"inLanguage\":\"en-US\",\"@id\":\"https:\/\/curiosidadesedicas.com\/loja\/#\/schema\/logo\/image\/\",\"url\":\"https:\/\/curiosidadesedicas.com\/loja\/wp-content\/uploads\/2020\/05\/LogoCuriosidadesSimples.png\",\"contentUrl\":\"https:\/\/curiosidadesedicas.com\/loja\/wp-content\/uploads\/2020\/05\/LogoCuriosidadesSimples.png\",\"width\":3528,\"height\":804,\"caption\":\"Curiosidades & Dicas\"},\"image\":{\"@id\":\"https:\/\/curiosidadesedicas.com\/loja\/#\/schema\/logo\/image\/\"}}]}<\/script>\n<!-- \/ Yoast SEO plugin. -->","yoast_head_json":{"title":"HUMIDIFICADOR HYDRO 12 - Curiosidades &amp; Dicas, Lda","robots":{"index":"index","follow":"follow","max-snippet":"max-snippet:-1","max-image-preview":"max-image-preview:large","max-video-preview":"max-video-preview:-1"},"canonical":"https:\/\/curiosidadesedicas.com\/loja\/en\/product\/humidificador-hydro-12\/","og_locale":"en_US","og_type":"article","og_title":"HUMIDIFICADOR HYDRO 12 - Curiosidades &amp; Dicas, Lda","og_description":"Humidificador por ultrassons;  Capacidade do dep\u00f3sito: 4 L;  Caudal m\u00e1ximo de Vapor: 320 ml\/h;  Indicador de Temperatura;  Painel de comandos, t\u00e1ctil com display digital;  Higr\u00f3stato com informa\u00e7\u00e3o da % de humidade no ambiente;  Seletor para estabelecer a humidade que deseja no ambiente;  Brilho do display ajust\u00e1vel;  Comando \u00e0 dist\u00e2ncia;  Ionizador;  Enchimento pela parte superior do aparelho;  Dimens\u00f5es (Comprimento x Profundidade x Altura): 20 x 20 x 60 cm;  Peso:2 Kg;","og_url":"https:\/\/curiosidadesedicas.com\/loja\/en\/product\/humidificador-hydro-12\/","og_site_name":"Curiosidades &amp; Dicas, Lda","article_modified_time":"2022-01-25T16:29:42+00:00","og_image":[{"width":2560,"height":1925,"url":"https:\/\/curiosidadesedicas.com\/loja\/wp-content\/uploads\/2022\/01\/humidificador-1-44660-scaled.jpg","type":"image\/jpeg"}],"twitter_card":"summary_large_image","twitter_misc":{"Est. reading time":"1 minute"},"schema":{"@context":"https:\/\/schema.org","@graph":[{"@type":"WebPage","@id":"https:\/\/curiosidadesedicas.com\/loja\/produto\/humidificador-hydro-12\/","url":"https:\/\/curiosidadesedicas.com\/loja\/produto\/humidificador-hydro-12\/","name":"HUMIDIFICADOR HYDRO 12 - Curiosidades &amp; Dicas, Lda","isPartOf":{"@id":"https:\/\/curiosidadesedicas.com\/loja\/#website"},"primaryImageOfPage":{"@id":"https:\/\/curiosidadesedicas.com\/loja\/produto\/humidificador-hydro-12\/#primaryimage"},"image":{"@id":"https:\/\/curiosidadesedicas.com\/loja\/produto\/humidificador-hydro-12\/#primaryimage"},"thumbnailUrl":"https:\/\/curiosidadesedicas.com\/loja\/wp-content\/uploads\/2022\/01\/humidificador-1-44660-scaled.jpg","datePublished":"2022-01-16T15:11:14+00:00","dateModified":"2022-01-25T16:29:42+00:00","breadcrumb":{"@id":"https:\/\/curiosidadesedicas.com\/loja\/produto\/humidificador-hydro-12\/#breadcrumb"},"inLanguage":"en-US","potentialAction":[{"@type":"ReadAction","target":["https:\/\/curiosidadesedicas.com\/loja\/produto\/humidificador-hydro-12\/"]}]},{"@type":"ImageObject","inLanguage":"en-US","@id":"https:\/\/curiosidadesedicas.com\/loja\/produto\/humidificador-hydro-12\/#primaryimage","url":"https:\/\/curiosidadesedicas.com\/loja\/wp-content\/uploads\/2022\/01\/humidificador-1-44660-scaled.jpg","contentUrl":"https:\/\/curiosidadesedicas.com\/loja\/wp-content\/uploads\/2022\/01\/humidificador-1-44660-scaled.jpg","width":2560,"height":1925},{"@type":"BreadcrumbList","@id":"https:\/\/curiosidadesedicas.com\/loja\/produto\/humidificador-hydro-12\/#breadcrumb","itemListElement":[{"@type":"ListItem","position":1,"name":"In\u00edcio","item":"https:\/\/curiosidadesedicas.com\/loja\/"},{"@type":"ListItem","position":2,"name":"Produtos","item":"https:\/\/curiosidadesedicas.com\/loja\/produtos\/"},{"@type":"ListItem","position":3,"name":"HUMIDIFICADOR HYDRO 12"}]},{"@type":"WebSite","@id":"https:\/\/curiosidadesedicas.com\/loja\/#website","url":"https:\/\/curiosidadesedicas.com\/loja\/","name":"Curiosidades &amp; Dicas, Lda","description":"Apaixonados Por Inova\u00e7\u00e3o","publisher":{"@id":"https:\/\/curiosidadesedicas.com\/loja\/#organization"},"potentialAction":[{"@type":"SearchAction","target":{"@type":"EntryPoint","urlTemplate":"https:\/\/curiosidadesedicas.com\/loja\/?s={search_term_string}"},"query-input":{"@type":"PropertyValueSpecification","valueRequired":true,"valueName":"search_term_string"}}],"inLanguage":"en-US"},{"@type":"Organization","@id":"https:\/\/curiosidadesedicas.com\/loja\/#organization","name":"Curiosidades & Dicas","url":"https:\/\/curiosidadesedicas.com\/loja\/","logo":{"@type":"ImageObject","inLanguage":"en-US","@id":"https:\/\/curiosidadesedicas.com\/loja\/#\/schema\/logo\/image\/","url":"https:\/\/curiosidadesedicas.com\/loja\/wp-content\/uploads\/2020\/05\/LogoCuriosidadesSimples.png","contentUrl":"https:\/\/curiosidadesedicas.com\/loja\/wp-content\/uploads\/2020\/05\/LogoCuriosidadesSimples.png","width":3528,"height":804,"caption":"Curiosidades & Dicas"},"image":{"@id":"https:\/\/curiosidadesedicas.com\/loja\/#\/schema\/logo\/image\/"}}]}},"_links":{"self":[{"href":"https:\/\/curiosidadesedicas.com\/loja\/en\/wp-json\/wp\/v2\/product\/22771","targetHints":{"allow":["GET"]}}],"collection":[{"href":"https:\/\/curiosidadesedicas.com\/loja\/en\/wp-json\/wp\/v2\/product"}],"about":[{"href":"https:\/\/curiosidadesedicas.com\/loja\/en\/wp-json\/wp\/v2\/types\/product"}],"replies":[{"embeddable":true,"href":"https:\/\/curiosidadesedicas.com\/loja\/en\/wp-json\/wp\/v2\/comments?post=22771"}],"wp:featuredmedia":[{"embeddable":true,"href":"https:\/\/curiosidadesedicas.com\/loja\/en\/wp-json\/wp\/v2\/media\/22772"}],"wp:attachment":[{"href":"https:\/\/curiosidadesedicas.com\/loja\/en\/wp-json\/wp\/v2\/media?parent=22771"}],"wp:term":[{"taxonomy":"product_brand","embeddable":true,"href":"https:\/\/curiosidadesedicas.com\/loja\/en\/wp-json\/wp\/v2\/product_brand?post=22771"},{"taxonomy":"product_cat","embeddable":true,"href":"https:\/\/curiosidadesedicas.com\/loja\/en\/wp-json\/wp\/v2\/product_cat?post=22771"},{"taxonomy":"product_tag","embeddable":true,"href":"https:\/\/curiosidadesedicas.com\/loja\/en\/wp-json\/wp\/v2\/product_tag?post=22771"}],"curies":[{"name":"wp","href":"https:\/\/api.w.org\/{rel}","templated":true}]}}