{"id":22757,"date":"2022-01-16T14:59:29","date_gmt":"2022-01-16T14:59:29","guid":{"rendered":"https:\/\/curiosidadesedicas.com\/loja\/?post_type=product&#038;p=22757"},"modified":"2025-10-29T11:26:47","modified_gmt":"2025-10-29T11:26:47","slug":"lareira-eletrica-de-chao-estrela-1000w-2000w","status":"publish","type":"product","link":"https:\/\/curiosidadesedicas.com\/loja\/en\/product\/lareira-eletrica-de-chao-estrela-1000w-2000w\/","title":{"rendered":"LAREIRA EL\u00c9TRICA DE CH\u00c3O ESTRELA 1000W \/ 2000W"},"content":{"rendered":"<p>Lareira el\u00e9trica fabricada em a\u00e7o.<\/p>\n<ul>\n<li>Pot\u00eancia: 1000w\/2000W.<\/li>\n<li>Medidas (LxPxH): 51 x 28 x 58cm.<\/li>\n<li>Calor por convec\u00e7\u00e3o.<\/li>\n<li>Duas pot\u00eancias de calor.<\/li>\n<li>Sa\u00edda de ar quente frontal.<\/li>\n<li>Efeito de chamas regul\u00e1vel.<\/li>\n<li>Prote\u00e7\u00e3o contra sobreaquecimento.<\/li>\n<li>Troncos decorativos.<\/li>\n<li>Comando \u00e0 dist\u00e2ncia.<\/li>\n<li>Vis\u00e3o 180 \u00ba da chama.<\/li>\n<li>Programa\u00e7\u00e3o semanal com termostato de temperatura.<\/li>\n<li>Peso: 11,5 Kg.<\/li>\n<\/ul>\n<p><img decoding=\"async\" src=\"https:\/\/curiosidadesedicas.com\/loja\/wp-content\/uploads\/2022\/01\/Medidas-Estrela.gif\" \/><\/p>\n<p>&nbsp;<\/p>","protected":false},"excerpt":{"rendered":"<p>Lareira el\u00e9trica fabricada em a\u00e7o.<\/p>\n<ul>\n<li>Pot\u00eancia: 1000w\/2000W.<\/li>\n<li>Medidas (LxPxH): 51 x 28 x 58cm.<\/li>\n<li>Calor por convec\u00e7\u00e3o.<\/li>\n<li>Duas pot\u00eancias de calor.<\/li>\n<li>Sa\u00edda de ar quente frontal.<\/li>\n<li>Efeito de chamas regul\u00e1vel.<\/li>\n<li>Prote\u00e7\u00e3o contra sobreaquecimento.<\/li>\n<li>Troncos decorativos.<\/li>\n<li>Comando \u00e0 dist\u00e2ncia.<\/li>\n<li>Vis\u00e3o 180 \u00ba da chama.<\/li>\n<li>Programa\u00e7\u00e3o semanal com termostato de temperatura.<\/li>\n<li>Peso: 11,5 Kg.<\/li>\n<\/ul>\n<p>https:\/\/curiosidadesedicas.com\/loja\/wp-content\/uploads\/2022\/01\/Lareira-Estrela-1.mp4<\/p>\n<p><strong>Confira a nossa cole\u00e7\u00e3o completa de Lareiras El\u00e9tricas<\/strong><\/p>\n<p><strong>Informa\u00e7\u00e3o Importante!<\/strong><\/p>\n<p>Para haver aquecimento o aquecedor tem de ter pot\u00eancia, \u00e9 matem\u00e1tica, e n\u00e3o h\u00e1 milagres, mas se existem uns aquecedores eficientes no mercado, as lareiras s\u00e3o muito eficazes a aquecer e n\u00e3o gastam muito.<\/p>\n<p>As lareiras t\u00eam tudo de bom e por isso vendemos h\u00e1 5 anos, com 99% de clientes apaixonados. Conseguem aquecer logo desde o primeiro segundo (poder t\u00e9rmico de 100%), aquecem muito bem e muito r\u00e1pido uma divis\u00e3o na posi\u00e7\u00e3o dos 2000W (depende sempre do isolamento), quando a divis\u00e3o estiver com um bom ambiente \u201cn\u00e3o precisamos de andar em manga curta\u201d, usa a pot\u00eancia m\u00ednima (1000W), para economizar, ou seja, 90% da utiliza\u00e7\u00e3o da lareira vai ser efetuada no m\u00ednimo, a gastar metade de um aquecedor a \u00f3leo.<\/p>\n<p>Um termo-ventilador gasta 2000W e n\u00e3o aquece nada, ou melhor, aquece bem, mas ao desligar, o calor desaparece logo, e o conforto \/ qualidade do calor\u00a0\u00e9 do pior que existe, um aquecedor arranca a 900W, demora meia hora a libertar o calor para aquecer bem, e gasta 2000W os mais pequenos de 6 elementos, os de 8 elementos 2500W e nunca espalha o calor t\u00e3o bem como as lareiras, nem meia d\u00fazia de aquecedores a \u00f3leo se compara \u00e0s lareiras.<\/p>\n<p>Por isso, s\u00e3o t\u00e3o procuradas, muito realistas, super seguras at\u00e9 ao toque, as crian\u00e7as podem brincar e tocar nas lareiras sem qualquer perigo, o fogo \u00e9 uma descontra\u00e7\u00e3o, uma companhia, t\u00eam mesmo tudo de bom, temos 99.9% de clientes rendidos \u00e0s evid\u00eancias.<\/p>\n<p><strong>Dispon\u00edvel:\u00a0 entrega em 5 a 8 dias \u00fateis.<\/strong><\/p>\n<p>&nbsp;<\/p>\n<p>&nbsp;<\/p>\n<p>&nbsp;<\/p>\n<p>&nbsp;<\/p>","protected":false},"featured_media":22760,"comment_status":"open","ping_status":"closed","template":"","meta":{"_glsr_average":0,"_glsr_ranking":0,"_glsr_reviews":0},"product_brand":[],"product_cat":[368,478],"product_tag":[],"class_list":{"0":"post-22757","1":"product","2":"type-product","3":"status-publish","4":"has-post-thumbnail","6":"product_cat-aquecimento","7":"product_cat-lareiras-eletricas","9":"first","10":"outofstock","11":"taxable","12":"shipping-taxable","13":"purchasable","14":"product-type-simple"},"yoast_head":"<!-- This site is optimized with the Yoast SEO plugin v26.8 - https:\/\/yoast.com\/product\/yoast-seo-wordpress\/ -->\n<title>LAREIRA EL\u00c9TRICA DE CH\u00c3O ESTRELA 1000W \/ 2000W - Curiosidades &amp; Dicas, Lda<\/title>\n<meta name=\"robots\" content=\"index, follow, max-snippet:-1, max-image-preview:large, max-video-preview:-1\" \/>\n<link rel=\"canonical\" href=\"https:\/\/curiosidadesedicas.com\/loja\/en\/product\/lareira-eletrica-de-chao-estrela-1000w-2000w\/\" \/>\n<meta property=\"og:locale\" content=\"en_US\" \/>\n<meta property=\"og:type\" content=\"article\" \/>\n<meta property=\"og:title\" content=\"LAREIRA EL\u00c9TRICA DE CH\u00c3O ESTRELA 1000W \/ 2000W - Curiosidades &amp; Dicas, Lda\" \/>\n<meta property=\"og:description\" content=\"Lareira el\u00e9trica fabricada em a\u00e7o.   Pot\u00eancia: 1000w\/2000W.  Medidas (LxPxH): 51 x 28 x 58cm.  Calor por convec\u00e7\u00e3o.  Duas pot\u00eancias de calor.  Sa\u00edda de ar quente frontal.  Efeito de chamas regul\u00e1vel.  Prote\u00e7\u00e3o contra sobreaquecimento.  Troncos decorativos.  Comando \u00e0 dist\u00e2ncia.  Vis\u00e3o 180 \u00ba da chama.  Programa\u00e7\u00e3o semanal com termostato de temperatura.  Peso: 11,5 Kg.  https:\/\/curiosidadesedicas.com\/loja\/wp-content\/uploads\/2022\/01\/Lareira-Estrela-1.mp4  Confira a nossa cole\u00e7\u00e3o completa de Lareiras El\u00e9tricas  Informa\u00e7\u00e3o Importante!  Para haver aquecimento o aquecedor tem de ter pot\u00eancia, \u00e9 matem\u00e1tica, e n\u00e3o h\u00e1 milagres, mas se existem uns aquecedores eficientes no mercado, as lareiras s\u00e3o muito eficazes a aquecer e n\u00e3o gastam muito.  As lareiras t\u00eam tudo de bom e por isso vendemos h\u00e1 5 anos, com 99% de clientes apaixonados. Conseguem aquecer logo desde o primeiro segundo (poder t\u00e9rmico de 100%), aquecem muito bem e muito r\u00e1pido uma divis\u00e3o na posi\u00e7\u00e3o dos 2000W (depende sempre do isolamento), quando a divis\u00e3o estiver com um bom ambiente \u201cn\u00e3o precisamos de andar em manga curta\u201d, usa a pot\u00eancia m\u00ednima (1000W), para economizar, ou seja, 90% da utiliza\u00e7\u00e3o da lareira vai ser efetuada no m\u00ednimo, a gastar metade de um aquecedor a \u00f3leo.  Um termo-ventilador gasta 2000W e n\u00e3o aquece nada, ou melhor, aquece bem, mas ao desligar, o calor desaparece logo, e o conforto \/ qualidade do calor\u00a0\u00e9 do pior que existe, um aquecedor arranca a 900W, demora meia hora a libertar o calor para aquecer bem, e gasta 2000W os mais pequenos de 6 elementos, os de 8 elementos 2500W e nunca espalha o calor t\u00e3o bem como as lareiras, nem meia d\u00fazia de aquecedores a \u00f3leo se compara \u00e0s lareiras.  Por isso, s\u00e3o t\u00e3o procuradas, muito realistas, super seguras at\u00e9 ao toque, as crian\u00e7as podem brincar e tocar nas lareiras sem qualquer perigo, o fogo \u00e9 uma descontra\u00e7\u00e3o, uma companhia, t\u00eam mesmo tudo de bom, temos 99.9% de clientes rendidos \u00e0s evid\u00eancias.  Dispon\u00edvel:\u00a0 entrega em 5 a 8 dias \u00fateis.  &nbsp;  &nbsp;  &nbsp;  &nbsp;\" \/>\n<meta property=\"og:url\" content=\"https:\/\/curiosidadesedicas.com\/loja\/en\/product\/lareira-eletrica-de-chao-estrela-1000w-2000w\/\" \/>\n<meta property=\"og:site_name\" content=\"Curiosidades &amp; Dicas, Lda\" \/>\n<meta property=\"article:modified_time\" content=\"2025-10-29T11:26:47+00:00\" \/>\n<meta property=\"og:image\" content=\"https:\/\/curiosidadesedicas.com\/loja\/wp-content\/uploads\/2022\/01\/chimenea-purline-44620_0-2-scaled.jpeg\" \/>\n\t<meta property=\"og:image:width\" content=\"2560\" \/>\n\t<meta property=\"og:image:height\" content=\"1920\" \/>\n\t<meta property=\"og:image:type\" content=\"image\/jpeg\" \/>\n<meta name=\"twitter:card\" content=\"summary_large_image\" \/>\n<meta name=\"twitter:label1\" content=\"Est. reading time\" \/>\n\t<meta name=\"twitter:data1\" content=\"1 minute\" \/>\n<script type=\"application\/ld+json\" class=\"yoast-schema-graph\">{\"@context\":\"https:\/\/schema.org\",\"@graph\":[{\"@type\":\"WebPage\",\"@id\":\"https:\/\/curiosidadesedicas.com\/loja\/produto\/lareira-eletrica-de-chao-estrela-1000w-2000w\/\",\"url\":\"https:\/\/curiosidadesedicas.com\/loja\/produto\/lareira-eletrica-de-chao-estrela-1000w-2000w\/\",\"name\":\"LAREIRA EL\u00c9TRICA DE CH\u00c3O ESTRELA 1000W \/ 2000W - Curiosidades &amp; Dicas, Lda\",\"isPartOf\":{\"@id\":\"https:\/\/curiosidadesedicas.com\/loja\/#website\"},\"primaryImageOfPage\":{\"@id\":\"https:\/\/curiosidadesedicas.com\/loja\/produto\/lareira-eletrica-de-chao-estrela-1000w-2000w\/#primaryimage\"},\"image\":{\"@id\":\"https:\/\/curiosidadesedicas.com\/loja\/produto\/lareira-eletrica-de-chao-estrela-1000w-2000w\/#primaryimage\"},\"thumbnailUrl\":\"https:\/\/curiosidadesedicas.com\/loja\/wp-content\/uploads\/2022\/01\/chimenea-purline-44620_0-2-scaled.jpeg\",\"datePublished\":\"2022-01-16T14:59:29+00:00\",\"dateModified\":\"2025-10-29T11:26:47+00:00\",\"breadcrumb\":{\"@id\":\"https:\/\/curiosidadesedicas.com\/loja\/produto\/lareira-eletrica-de-chao-estrela-1000w-2000w\/#breadcrumb\"},\"inLanguage\":\"en-US\",\"potentialAction\":[{\"@type\":\"ReadAction\",\"target\":[\"https:\/\/curiosidadesedicas.com\/loja\/produto\/lareira-eletrica-de-chao-estrela-1000w-2000w\/\"]}]},{\"@type\":\"ImageObject\",\"inLanguage\":\"en-US\",\"@id\":\"https:\/\/curiosidadesedicas.com\/loja\/produto\/lareira-eletrica-de-chao-estrela-1000w-2000w\/#primaryimage\",\"url\":\"https:\/\/curiosidadesedicas.com\/loja\/wp-content\/uploads\/2022\/01\/chimenea-purline-44620_0-2-scaled.jpeg\",\"contentUrl\":\"https:\/\/curiosidadesedicas.com\/loja\/wp-content\/uploads\/2022\/01\/chimenea-purline-44620_0-2-scaled.jpeg\",\"width\":2560,\"height\":1920},{\"@type\":\"BreadcrumbList\",\"@id\":\"https:\/\/curiosidadesedicas.com\/loja\/produto\/lareira-eletrica-de-chao-estrela-1000w-2000w\/#breadcrumb\",\"itemListElement\":[{\"@type\":\"ListItem\",\"position\":1,\"name\":\"In\u00edcio\",\"item\":\"https:\/\/curiosidadesedicas.com\/loja\/\"},{\"@type\":\"ListItem\",\"position\":2,\"name\":\"Produtos\",\"item\":\"https:\/\/curiosidadesedicas.com\/loja\/produtos\/\"},{\"@type\":\"ListItem\",\"position\":3,\"name\":\"LAREIRA EL\u00c9TRICA DE CH\u00c3O ESTRELA 1000W \/ 2000W\"}]},{\"@type\":\"WebSite\",\"@id\":\"https:\/\/curiosidadesedicas.com\/loja\/#website\",\"url\":\"https:\/\/curiosidadesedicas.com\/loja\/\",\"name\":\"Curiosidades &amp; Dicas, Lda\",\"description\":\"Apaixonados Por Inova\u00e7\u00e3o\",\"publisher\":{\"@id\":\"https:\/\/curiosidadesedicas.com\/loja\/#organization\"},\"potentialAction\":[{\"@type\":\"SearchAction\",\"target\":{\"@type\":\"EntryPoint\",\"urlTemplate\":\"https:\/\/curiosidadesedicas.com\/loja\/?s={search_term_string}\"},\"query-input\":{\"@type\":\"PropertyValueSpecification\",\"valueRequired\":true,\"valueName\":\"search_term_string\"}}],\"inLanguage\":\"en-US\"},{\"@type\":\"Organization\",\"@id\":\"https:\/\/curiosidadesedicas.com\/loja\/#organization\",\"name\":\"Curiosidades & Dicas\",\"url\":\"https:\/\/curiosidadesedicas.com\/loja\/\",\"logo\":{\"@type\":\"ImageObject\",\"inLanguage\":\"en-US\",\"@id\":\"https:\/\/curiosidadesedicas.com\/loja\/#\/schema\/logo\/image\/\",\"url\":\"https:\/\/curiosidadesedicas.com\/loja\/wp-content\/uploads\/2020\/05\/LogoCuriosidadesSimples.png\",\"contentUrl\":\"https:\/\/curiosidadesedicas.com\/loja\/wp-content\/uploads\/2020\/05\/LogoCuriosidadesSimples.png\",\"width\":3528,\"height\":804,\"caption\":\"Curiosidades & Dicas\"},\"image\":{\"@id\":\"https:\/\/curiosidadesedicas.com\/loja\/#\/schema\/logo\/image\/\"}}]}<\/script>\n<!-- \/ Yoast SEO plugin. -->","yoast_head_json":{"title":"LAREIRA EL\u00c9TRICA DE CH\u00c3O ESTRELA 1000W \/ 2000W - Curiosidades &amp; Dicas, Lda","robots":{"index":"index","follow":"follow","max-snippet":"max-snippet:-1","max-image-preview":"max-image-preview:large","max-video-preview":"max-video-preview:-1"},"canonical":"https:\/\/curiosidadesedicas.com\/loja\/en\/product\/lareira-eletrica-de-chao-estrela-1000w-2000w\/","og_locale":"en_US","og_type":"article","og_title":"LAREIRA EL\u00c9TRICA DE CH\u00c3O ESTRELA 1000W \/ 2000W - Curiosidades &amp; Dicas, Lda","og_description":"Lareira el\u00e9trica fabricada em a\u00e7o.   Pot\u00eancia: 1000w\/2000W.  Medidas (LxPxH): 51 x 28 x 58cm.  Calor por convec\u00e7\u00e3o.  Duas pot\u00eancias de calor.  Sa\u00edda de ar quente frontal.  Efeito de chamas regul\u00e1vel.  Prote\u00e7\u00e3o contra sobreaquecimento.  Troncos decorativos.  Comando \u00e0 dist\u00e2ncia.  Vis\u00e3o 180 \u00ba da chama.  Programa\u00e7\u00e3o semanal com termostato de temperatura.  Peso: 11,5 Kg.  https:\/\/curiosidadesedicas.com\/loja\/wp-content\/uploads\/2022\/01\/Lareira-Estrela-1.mp4  Confira a nossa cole\u00e7\u00e3o completa de Lareiras El\u00e9tricas  Informa\u00e7\u00e3o Importante!  Para haver aquecimento o aquecedor tem de ter pot\u00eancia, \u00e9 matem\u00e1tica, e n\u00e3o h\u00e1 milagres, mas se existem uns aquecedores eficientes no mercado, as lareiras s\u00e3o muito eficazes a aquecer e n\u00e3o gastam muito.  As lareiras t\u00eam tudo de bom e por isso vendemos h\u00e1 5 anos, com 99% de clientes apaixonados. Conseguem aquecer logo desde o primeiro segundo (poder t\u00e9rmico de 100%), aquecem muito bem e muito r\u00e1pido uma divis\u00e3o na posi\u00e7\u00e3o dos 2000W (depende sempre do isolamento), quando a divis\u00e3o estiver com um bom ambiente \u201cn\u00e3o precisamos de andar em manga curta\u201d, usa a pot\u00eancia m\u00ednima (1000W), para economizar, ou seja, 90% da utiliza\u00e7\u00e3o da lareira vai ser efetuada no m\u00ednimo, a gastar metade de um aquecedor a \u00f3leo.  Um termo-ventilador gasta 2000W e n\u00e3o aquece nada, ou melhor, aquece bem, mas ao desligar, o calor desaparece logo, e o conforto \/ qualidade do calor\u00a0\u00e9 do pior que existe, um aquecedor arranca a 900W, demora meia hora a libertar o calor para aquecer bem, e gasta 2000W os mais pequenos de 6 elementos, os de 8 elementos 2500W e nunca espalha o calor t\u00e3o bem como as lareiras, nem meia d\u00fazia de aquecedores a \u00f3leo se compara \u00e0s lareiras.  Por isso, s\u00e3o t\u00e3o procuradas, muito realistas, super seguras at\u00e9 ao toque, as crian\u00e7as podem brincar e tocar nas lareiras sem qualquer perigo, o fogo \u00e9 uma descontra\u00e7\u00e3o, uma companhia, t\u00eam mesmo tudo de bom, temos 99.9% de clientes rendidos \u00e0s evid\u00eancias.  Dispon\u00edvel:\u00a0 entrega em 5 a 8 dias \u00fateis.  &nbsp;  &nbsp;  &nbsp;  &nbsp;","og_url":"https:\/\/curiosidadesedicas.com\/loja\/en\/product\/lareira-eletrica-de-chao-estrela-1000w-2000w\/","og_site_name":"Curiosidades &amp; Dicas, Lda","article_modified_time":"2025-10-29T11:26:47+00:00","og_image":[{"width":2560,"height":1920,"url":"https:\/\/curiosidadesedicas.com\/loja\/wp-content\/uploads\/2022\/01\/chimenea-purline-44620_0-2-scaled.jpeg","type":"image\/jpeg"}],"twitter_card":"summary_large_image","twitter_misc":{"Est. reading time":"1 minute"},"schema":{"@context":"https:\/\/schema.org","@graph":[{"@type":"WebPage","@id":"https:\/\/curiosidadesedicas.com\/loja\/produto\/lareira-eletrica-de-chao-estrela-1000w-2000w\/","url":"https:\/\/curiosidadesedicas.com\/loja\/produto\/lareira-eletrica-de-chao-estrela-1000w-2000w\/","name":"LAREIRA EL\u00c9TRICA DE CH\u00c3O ESTRELA 1000W \/ 2000W - Curiosidades &amp; Dicas, Lda","isPartOf":{"@id":"https:\/\/curiosidadesedicas.com\/loja\/#website"},"primaryImageOfPage":{"@id":"https:\/\/curiosidadesedicas.com\/loja\/produto\/lareira-eletrica-de-chao-estrela-1000w-2000w\/#primaryimage"},"image":{"@id":"https:\/\/curiosidadesedicas.com\/loja\/produto\/lareira-eletrica-de-chao-estrela-1000w-2000w\/#primaryimage"},"thumbnailUrl":"https:\/\/curiosidadesedicas.com\/loja\/wp-content\/uploads\/2022\/01\/chimenea-purline-44620_0-2-scaled.jpeg","datePublished":"2022-01-16T14:59:29+00:00","dateModified":"2025-10-29T11:26:47+00:00","breadcrumb":{"@id":"https:\/\/curiosidadesedicas.com\/loja\/produto\/lareira-eletrica-de-chao-estrela-1000w-2000w\/#breadcrumb"},"inLanguage":"en-US","potentialAction":[{"@type":"ReadAction","target":["https:\/\/curiosidadesedicas.com\/loja\/produto\/lareira-eletrica-de-chao-estrela-1000w-2000w\/"]}]},{"@type":"ImageObject","inLanguage":"en-US","@id":"https:\/\/curiosidadesedicas.com\/loja\/produto\/lareira-eletrica-de-chao-estrela-1000w-2000w\/#primaryimage","url":"https:\/\/curiosidadesedicas.com\/loja\/wp-content\/uploads\/2022\/01\/chimenea-purline-44620_0-2-scaled.jpeg","contentUrl":"https:\/\/curiosidadesedicas.com\/loja\/wp-content\/uploads\/2022\/01\/chimenea-purline-44620_0-2-scaled.jpeg","width":2560,"height":1920},{"@type":"BreadcrumbList","@id":"https:\/\/curiosidadesedicas.com\/loja\/produto\/lareira-eletrica-de-chao-estrela-1000w-2000w\/#breadcrumb","itemListElement":[{"@type":"ListItem","position":1,"name":"In\u00edcio","item":"https:\/\/curiosidadesedicas.com\/loja\/"},{"@type":"ListItem","position":2,"name":"Produtos","item":"https:\/\/curiosidadesedicas.com\/loja\/produtos\/"},{"@type":"ListItem","position":3,"name":"LAREIRA EL\u00c9TRICA DE CH\u00c3O ESTRELA 1000W \/ 2000W"}]},{"@type":"WebSite","@id":"https:\/\/curiosidadesedicas.com\/loja\/#website","url":"https:\/\/curiosidadesedicas.com\/loja\/","name":"Curiosidades &amp; Dicas, Lda","description":"Apaixonados Por Inova\u00e7\u00e3o","publisher":{"@id":"https:\/\/curiosidadesedicas.com\/loja\/#organization"},"potentialAction":[{"@type":"SearchAction","target":{"@type":"EntryPoint","urlTemplate":"https:\/\/curiosidadesedicas.com\/loja\/?s={search_term_string}"},"query-input":{"@type":"PropertyValueSpecification","valueRequired":true,"valueName":"search_term_string"}}],"inLanguage":"en-US"},{"@type":"Organization","@id":"https:\/\/curiosidadesedicas.com\/loja\/#organization","name":"Curiosidades & Dicas","url":"https:\/\/curiosidadesedicas.com\/loja\/","logo":{"@type":"ImageObject","inLanguage":"en-US","@id":"https:\/\/curiosidadesedicas.com\/loja\/#\/schema\/logo\/image\/","url":"https:\/\/curiosidadesedicas.com\/loja\/wp-content\/uploads\/2020\/05\/LogoCuriosidadesSimples.png","contentUrl":"https:\/\/curiosidadesedicas.com\/loja\/wp-content\/uploads\/2020\/05\/LogoCuriosidadesSimples.png","width":3528,"height":804,"caption":"Curiosidades & Dicas"},"image":{"@id":"https:\/\/curiosidadesedicas.com\/loja\/#\/schema\/logo\/image\/"}}]}},"_links":{"self":[{"href":"https:\/\/curiosidadesedicas.com\/loja\/en\/wp-json\/wp\/v2\/product\/22757","targetHints":{"allow":["GET"]}}],"collection":[{"href":"https:\/\/curiosidadesedicas.com\/loja\/en\/wp-json\/wp\/v2\/product"}],"about":[{"href":"https:\/\/curiosidadesedicas.com\/loja\/en\/wp-json\/wp\/v2\/types\/product"}],"replies":[{"embeddable":true,"href":"https:\/\/curiosidadesedicas.com\/loja\/en\/wp-json\/wp\/v2\/comments?post=22757"}],"wp:featuredmedia":[{"embeddable":true,"href":"https:\/\/curiosidadesedicas.com\/loja\/en\/wp-json\/wp\/v2\/media\/22760"}],"wp:attachment":[{"href":"https:\/\/curiosidadesedicas.com\/loja\/en\/wp-json\/wp\/v2\/media?parent=22757"}],"wp:term":[{"taxonomy":"product_brand","embeddable":true,"href":"https:\/\/curiosidadesedicas.com\/loja\/en\/wp-json\/wp\/v2\/product_brand?post=22757"},{"taxonomy":"product_cat","embeddable":true,"href":"https:\/\/curiosidadesedicas.com\/loja\/en\/wp-json\/wp\/v2\/product_cat?post=22757"},{"taxonomy":"product_tag","embeddable":true,"href":"https:\/\/curiosidadesedicas.com\/loja\/en\/wp-json\/wp\/v2\/product_tag?post=22757"}],"curies":[{"name":"wp","href":"https:\/\/api.w.org\/{rel}","templated":true}]}}