{"id":22720,"date":"2022-01-16T14:27:29","date_gmt":"2022-01-16T14:27:29","guid":{"rendered":"https:\/\/curiosidadesedicas.com\/loja\/?post_type=product&#038;p=22720"},"modified":"2024-05-02T15:54:45","modified_gmt":"2024-05-02T15:54:45","slug":"evaporativo-rafy-75","status":"publish","type":"product","link":"https:\/\/curiosidadesedicas.com\/loja\/en\/product\/evaporativo-rafy-75\/","title":{"rendered":"VENTILADOR RAFY 75"},"content":{"rendered":"<ul>\n<li>Climatizador evaporativo de torre, digital, com comando \u00e0 dist\u00e2ncia;<\/li>\n<li>Caudal: 600 m<sup>3<\/sup>\/h;<\/li>\n<li>Painel evaporativo que aumenta a capacidade de refrigera\u00e7\u00e3o;<\/li>\n<li>Consumo: 65W;<\/li>\n<li>Velocidades: 3;<\/li>\n<li>Capacidade do dep\u00f3sito: 3,5 L;<\/li>\n<li>Painel LED, t\u00e1ctil de controlo digital com v\u00e1rias fun\u00e7\u00f5es adicionais;<\/li>\n<li>Temporizador at\u00e9 7 H;<\/li>\n<li>Ionizador;<\/li>\n<li>Peso:5.3Kg;<\/li>\n<li>Dimens\u00f5es (Comprimento x Profundidade x Altura): 31.5 x 31.5 x 110 cm.<\/li>\n<\/ul>","protected":false},"excerpt":{"rendered":"<ul>\n<li>Climatizador evaporativo de torre, digital, com comando \u00e0 dist\u00e2ncia;<\/li>\n<li>Caudal: 600 m<sup>3<\/sup>\/h;<\/li>\n<li>Painel evaporativo que aumenta a capacidade de refrigera\u00e7\u00e3o;<\/li>\n<li>Consumo: 65W;<\/li>\n<li>Velocidades: 3;<\/li>\n<li>Capacidade do dep\u00f3sito: 3,5 L;<\/li>\n<li>Painel LED, t\u00e1ctil de controlo digital com v\u00e1rias fun\u00e7\u00f5es adicionais;<\/li>\n<li>Temporizador at\u00e9 7 H;<\/li>\n<li>Ionizador;<\/li>\n<li>Peso:5.3Kg;<\/li>\n<li>Dimens\u00f5es (Comprimento x Profundidade x Altura): 31.5 x 31.5 x 110 cm.<\/li>\n<\/ul>\n<p><img loading=\"lazy\" decoding=\"async\" class=\"alignnone wp-image-22723 size-full\" src=\"https:\/\/curiosidadesedicas.com\/loja\/wp-content\/uploads\/2022\/01\/2-3.png\" alt=\"\" width=\"754\" height=\"575\" srcset=\"https:\/\/curiosidadesedicas.com\/loja\/wp-content\/uploads\/2022\/01\/2-3.png 754w, https:\/\/curiosidadesedicas.com\/loja\/wp-content\/uploads\/2022\/01\/2-3-300x229.png 300w, https:\/\/curiosidadesedicas.com\/loja\/wp-content\/uploads\/2022\/01\/2-3-600x458.png 600w\" sizes=\"auto, (max-width: 754px) 100vw, 754px\" \/><\/p>","protected":false},"featured_media":22724,"comment_status":"open","ping_status":"closed","template":"","meta":{"_glsr_average":0,"_glsr_ranking":0,"_glsr_reviews":0},"product_brand":[],"product_cat":[533,474,365,484,369],"product_tag":[],"class_list":{"0":"post-22720","1":"product","2":"type-product","3":"status-publish","4":"has-post-thumbnail","6":"product_cat-climatizacao","7":"product_cat-ventilacao","8":"product_cat-para-o-lar","9":"product_cat-evaporativos","10":"product_cat-ventoinhas","12":"first","13":"instock","14":"taxable","15":"shipping-taxable","16":"purchasable","17":"product-type-simple"},"yoast_head":"<!-- This site is optimized with the Yoast SEO plugin v26.8 - https:\/\/yoast.com\/product\/yoast-seo-wordpress\/ -->\n<title>VENTILADOR RAFY 75 - Curiosidades &amp; Dicas, Lda<\/title>\n<meta name=\"robots\" content=\"index, follow, max-snippet:-1, max-image-preview:large, max-video-preview:-1\" \/>\n<link rel=\"canonical\" href=\"https:\/\/curiosidadesedicas.com\/loja\/en\/product\/evaporativo-rafy-75\/\" \/>\n<meta property=\"og:locale\" content=\"en_US\" \/>\n<meta property=\"og:type\" content=\"article\" \/>\n<meta property=\"og:title\" content=\"VENTILADOR RAFY 75 - Curiosidades &amp; Dicas, Lda\" \/>\n<meta property=\"og:description\" content=\"Climatizador evaporativo de torre, digital, com comando \u00e0 dist\u00e2ncia;  Caudal: 600 m3\/h;  Painel evaporativo que aumenta a capacidade de refrigera\u00e7\u00e3o;  Consumo: 65W;  Velocidades: 3;  Capacidade do dep\u00f3sito: 3,5 L;  Painel LED, t\u00e1ctil de controlo digital com v\u00e1rias fun\u00e7\u00f5es adicionais;  Temporizador at\u00e9 7 H;  Ionizador;  Peso:5.3Kg;  Dimens\u00f5es (Comprimento x Profundidade x Altura): 31.5 x 31.5 x 110 cm.\" \/>\n<meta property=\"og:url\" content=\"https:\/\/curiosidadesedicas.com\/loja\/en\/product\/evaporativo-rafy-75\/\" \/>\n<meta property=\"og:site_name\" content=\"Curiosidades &amp; Dicas, Lda\" \/>\n<meta property=\"article:modified_time\" content=\"2024-05-02T15:54:45+00:00\" \/>\n<meta property=\"og:image\" content=\"https:\/\/curiosidadesedicas.com\/loja\/wp-content\/uploads\/2022\/01\/3-3.png\" \/>\n\t<meta property=\"og:image:width\" content=\"432\" \/>\n\t<meta property=\"og:image:height\" content=\"450\" \/>\n\t<meta property=\"og:image:type\" content=\"image\/png\" \/>\n<meta name=\"twitter:card\" content=\"summary_large_image\" \/>\n<meta name=\"twitter:label1\" content=\"Est. reading time\" \/>\n\t<meta name=\"twitter:data1\" content=\"1 minute\" \/>\n<script type=\"application\/ld+json\" class=\"yoast-schema-graph\">{\"@context\":\"https:\/\/schema.org\",\"@graph\":[{\"@type\":\"WebPage\",\"@id\":\"https:\/\/curiosidadesedicas.com\/loja\/produto\/evaporativo-rafy-75\/\",\"url\":\"https:\/\/curiosidadesedicas.com\/loja\/produto\/evaporativo-rafy-75\/\",\"name\":\"VENTILADOR RAFY 75 - Curiosidades &amp; Dicas, Lda\",\"isPartOf\":{\"@id\":\"https:\/\/curiosidadesedicas.com\/loja\/#website\"},\"primaryImageOfPage\":{\"@id\":\"https:\/\/curiosidadesedicas.com\/loja\/produto\/evaporativo-rafy-75\/#primaryimage\"},\"image\":{\"@id\":\"https:\/\/curiosidadesedicas.com\/loja\/produto\/evaporativo-rafy-75\/#primaryimage\"},\"thumbnailUrl\":\"https:\/\/curiosidadesedicas.com\/loja\/wp-content\/uploads\/2022\/01\/3-3.png\",\"datePublished\":\"2022-01-16T14:27:29+00:00\",\"dateModified\":\"2024-05-02T15:54:45+00:00\",\"breadcrumb\":{\"@id\":\"https:\/\/curiosidadesedicas.com\/loja\/produto\/evaporativo-rafy-75\/#breadcrumb\"},\"inLanguage\":\"en-US\",\"potentialAction\":[{\"@type\":\"ReadAction\",\"target\":[\"https:\/\/curiosidadesedicas.com\/loja\/produto\/evaporativo-rafy-75\/\"]}]},{\"@type\":\"ImageObject\",\"inLanguage\":\"en-US\",\"@id\":\"https:\/\/curiosidadesedicas.com\/loja\/produto\/evaporativo-rafy-75\/#primaryimage\",\"url\":\"https:\/\/curiosidadesedicas.com\/loja\/wp-content\/uploads\/2022\/01\/3-3.png\",\"contentUrl\":\"https:\/\/curiosidadesedicas.com\/loja\/wp-content\/uploads\/2022\/01\/3-3.png\",\"width\":432,\"height\":450},{\"@type\":\"BreadcrumbList\",\"@id\":\"https:\/\/curiosidadesedicas.com\/loja\/produto\/evaporativo-rafy-75\/#breadcrumb\",\"itemListElement\":[{\"@type\":\"ListItem\",\"position\":1,\"name\":\"In\u00edcio\",\"item\":\"https:\/\/curiosidadesedicas.com\/loja\/\"},{\"@type\":\"ListItem\",\"position\":2,\"name\":\"Produtos\",\"item\":\"https:\/\/curiosidadesedicas.com\/loja\/produtos\/\"},{\"@type\":\"ListItem\",\"position\":3,\"name\":\"VENTILADOR RAFY 75\"}]},{\"@type\":\"WebSite\",\"@id\":\"https:\/\/curiosidadesedicas.com\/loja\/#website\",\"url\":\"https:\/\/curiosidadesedicas.com\/loja\/\",\"name\":\"Curiosidades &amp; Dicas, Lda\",\"description\":\"Apaixonados Por Inova\u00e7\u00e3o\",\"publisher\":{\"@id\":\"https:\/\/curiosidadesedicas.com\/loja\/#organization\"},\"potentialAction\":[{\"@type\":\"SearchAction\",\"target\":{\"@type\":\"EntryPoint\",\"urlTemplate\":\"https:\/\/curiosidadesedicas.com\/loja\/?s={search_term_string}\"},\"query-input\":{\"@type\":\"PropertyValueSpecification\",\"valueRequired\":true,\"valueName\":\"search_term_string\"}}],\"inLanguage\":\"en-US\"},{\"@type\":\"Organization\",\"@id\":\"https:\/\/curiosidadesedicas.com\/loja\/#organization\",\"name\":\"Curiosidades & Dicas\",\"url\":\"https:\/\/curiosidadesedicas.com\/loja\/\",\"logo\":{\"@type\":\"ImageObject\",\"inLanguage\":\"en-US\",\"@id\":\"https:\/\/curiosidadesedicas.com\/loja\/#\/schema\/logo\/image\/\",\"url\":\"https:\/\/curiosidadesedicas.com\/loja\/wp-content\/uploads\/2020\/05\/LogoCuriosidadesSimples.png\",\"contentUrl\":\"https:\/\/curiosidadesedicas.com\/loja\/wp-content\/uploads\/2020\/05\/LogoCuriosidadesSimples.png\",\"width\":3528,\"height\":804,\"caption\":\"Curiosidades & Dicas\"},\"image\":{\"@id\":\"https:\/\/curiosidadesedicas.com\/loja\/#\/schema\/logo\/image\/\"}}]}<\/script>\n<!-- \/ Yoast SEO plugin. -->","yoast_head_json":{"title":"VENTILADOR RAFY 75 - Curiosidades &amp; Dicas, Lda","robots":{"index":"index","follow":"follow","max-snippet":"max-snippet:-1","max-image-preview":"max-image-preview:large","max-video-preview":"max-video-preview:-1"},"canonical":"https:\/\/curiosidadesedicas.com\/loja\/en\/product\/evaporativo-rafy-75\/","og_locale":"en_US","og_type":"article","og_title":"VENTILADOR RAFY 75 - Curiosidades &amp; Dicas, Lda","og_description":"Climatizador evaporativo de torre, digital, com comando \u00e0 dist\u00e2ncia;  Caudal: 600 m3\/h;  Painel evaporativo que aumenta a capacidade de refrigera\u00e7\u00e3o;  Consumo: 65W;  Velocidades: 3;  Capacidade do dep\u00f3sito: 3,5 L;  Painel LED, t\u00e1ctil de controlo digital com v\u00e1rias fun\u00e7\u00f5es adicionais;  Temporizador at\u00e9 7 H;  Ionizador;  Peso:5.3Kg;  Dimens\u00f5es (Comprimento x Profundidade x Altura): 31.5 x 31.5 x 110 cm.","og_url":"https:\/\/curiosidadesedicas.com\/loja\/en\/product\/evaporativo-rafy-75\/","og_site_name":"Curiosidades &amp; Dicas, Lda","article_modified_time":"2024-05-02T15:54:45+00:00","og_image":[{"width":432,"height":450,"url":"https:\/\/curiosidadesedicas.com\/loja\/wp-content\/uploads\/2022\/01\/3-3.png","type":"image\/png"}],"twitter_card":"summary_large_image","twitter_misc":{"Est. reading time":"1 minute"},"schema":{"@context":"https:\/\/schema.org","@graph":[{"@type":"WebPage","@id":"https:\/\/curiosidadesedicas.com\/loja\/produto\/evaporativo-rafy-75\/","url":"https:\/\/curiosidadesedicas.com\/loja\/produto\/evaporativo-rafy-75\/","name":"VENTILADOR RAFY 75 - Curiosidades &amp; Dicas, Lda","isPartOf":{"@id":"https:\/\/curiosidadesedicas.com\/loja\/#website"},"primaryImageOfPage":{"@id":"https:\/\/curiosidadesedicas.com\/loja\/produto\/evaporativo-rafy-75\/#primaryimage"},"image":{"@id":"https:\/\/curiosidadesedicas.com\/loja\/produto\/evaporativo-rafy-75\/#primaryimage"},"thumbnailUrl":"https:\/\/curiosidadesedicas.com\/loja\/wp-content\/uploads\/2022\/01\/3-3.png","datePublished":"2022-01-16T14:27:29+00:00","dateModified":"2024-05-02T15:54:45+00:00","breadcrumb":{"@id":"https:\/\/curiosidadesedicas.com\/loja\/produto\/evaporativo-rafy-75\/#breadcrumb"},"inLanguage":"en-US","potentialAction":[{"@type":"ReadAction","target":["https:\/\/curiosidadesedicas.com\/loja\/produto\/evaporativo-rafy-75\/"]}]},{"@type":"ImageObject","inLanguage":"en-US","@id":"https:\/\/curiosidadesedicas.com\/loja\/produto\/evaporativo-rafy-75\/#primaryimage","url":"https:\/\/curiosidadesedicas.com\/loja\/wp-content\/uploads\/2022\/01\/3-3.png","contentUrl":"https:\/\/curiosidadesedicas.com\/loja\/wp-content\/uploads\/2022\/01\/3-3.png","width":432,"height":450},{"@type":"BreadcrumbList","@id":"https:\/\/curiosidadesedicas.com\/loja\/produto\/evaporativo-rafy-75\/#breadcrumb","itemListElement":[{"@type":"ListItem","position":1,"name":"In\u00edcio","item":"https:\/\/curiosidadesedicas.com\/loja\/"},{"@type":"ListItem","position":2,"name":"Produtos","item":"https:\/\/curiosidadesedicas.com\/loja\/produtos\/"},{"@type":"ListItem","position":3,"name":"VENTILADOR RAFY 75"}]},{"@type":"WebSite","@id":"https:\/\/curiosidadesedicas.com\/loja\/#website","url":"https:\/\/curiosidadesedicas.com\/loja\/","name":"Curiosidades &amp; Dicas, Lda","description":"Apaixonados Por Inova\u00e7\u00e3o","publisher":{"@id":"https:\/\/curiosidadesedicas.com\/loja\/#organization"},"potentialAction":[{"@type":"SearchAction","target":{"@type":"EntryPoint","urlTemplate":"https:\/\/curiosidadesedicas.com\/loja\/?s={search_term_string}"},"query-input":{"@type":"PropertyValueSpecification","valueRequired":true,"valueName":"search_term_string"}}],"inLanguage":"en-US"},{"@type":"Organization","@id":"https:\/\/curiosidadesedicas.com\/loja\/#organization","name":"Curiosidades & Dicas","url":"https:\/\/curiosidadesedicas.com\/loja\/","logo":{"@type":"ImageObject","inLanguage":"en-US","@id":"https:\/\/curiosidadesedicas.com\/loja\/#\/schema\/logo\/image\/","url":"https:\/\/curiosidadesedicas.com\/loja\/wp-content\/uploads\/2020\/05\/LogoCuriosidadesSimples.png","contentUrl":"https:\/\/curiosidadesedicas.com\/loja\/wp-content\/uploads\/2020\/05\/LogoCuriosidadesSimples.png","width":3528,"height":804,"caption":"Curiosidades & Dicas"},"image":{"@id":"https:\/\/curiosidadesedicas.com\/loja\/#\/schema\/logo\/image\/"}}]}},"_links":{"self":[{"href":"https:\/\/curiosidadesedicas.com\/loja\/en\/wp-json\/wp\/v2\/product\/22720","targetHints":{"allow":["GET"]}}],"collection":[{"href":"https:\/\/curiosidadesedicas.com\/loja\/en\/wp-json\/wp\/v2\/product"}],"about":[{"href":"https:\/\/curiosidadesedicas.com\/loja\/en\/wp-json\/wp\/v2\/types\/product"}],"replies":[{"embeddable":true,"href":"https:\/\/curiosidadesedicas.com\/loja\/en\/wp-json\/wp\/v2\/comments?post=22720"}],"wp:featuredmedia":[{"embeddable":true,"href":"https:\/\/curiosidadesedicas.com\/loja\/en\/wp-json\/wp\/v2\/media\/22724"}],"wp:attachment":[{"href":"https:\/\/curiosidadesedicas.com\/loja\/en\/wp-json\/wp\/v2\/media?parent=22720"}],"wp:term":[{"taxonomy":"product_brand","embeddable":true,"href":"https:\/\/curiosidadesedicas.com\/loja\/en\/wp-json\/wp\/v2\/product_brand?post=22720"},{"taxonomy":"product_cat","embeddable":true,"href":"https:\/\/curiosidadesedicas.com\/loja\/en\/wp-json\/wp\/v2\/product_cat?post=22720"},{"taxonomy":"product_tag","embeddable":true,"href":"https:\/\/curiosidadesedicas.com\/loja\/en\/wp-json\/wp\/v2\/product_tag?post=22720"}],"curies":[{"name":"wp","href":"https:\/\/api.w.org\/{rel}","templated":true}]}}