{"id":22696,"date":"2022-01-16T13:58:55","date_gmt":"2022-01-16T13:58:55","guid":{"rendered":"https:\/\/curiosidadesedicas.com\/loja\/?post_type=product&#038;p=22696"},"modified":"2022-03-04T13:22:51","modified_gmt":"2022-03-04T13:22:51","slug":"purificador-fresh-air-100","status":"publish","type":"product","link":"https:\/\/curiosidadesedicas.com\/loja\/en\/product\/purificador-fresh-air-100\/","title":{"rendered":"PURIFICADOR FRESH AIR 100"},"content":{"rendered":"<ul>\n<li>Tecnologia: Purificador eletr\u00f3nico com Pr\u00e9-filtro, filtro HEPA, filtro de carv\u00e3o ativo, filtro catalisador frio e Ionizador;<\/li>\n<li>Sensor de part\u00edculas de p\u00f3;<\/li>\n<li>Ecr\u00e3 LED t\u00e1ctil;<\/li>\n<li>Indicador Led com 3 cores da qualidade do ar na sala;<\/li>\n<li>Aviso de substitui\u00e7\u00e3o do filtro<\/li>\n<li>N\u00ba de velocidades: 3<\/li>\n<li>Modo AUTO: Sele\u00e7\u00e3o autom\u00e1tica da velocidade conforme a qualidade do ar;<\/li>\n<li>Volume m\u00e1x. de tratamento do ar: 385 m<sup>3<\/sup>\/h;<\/li>\n<li>Capacidade de filtragem CADR: 280 m<sup>3\/ <\/sup>h;<\/li>\n<li>Superf\u00edcie \/ volume de uso: at\u00e9 60 m<sup>2;<\/sup><\/li>\n<li>Temporizador;<\/li>\n<li>Dimens\u00f5es (Comprimento x Profundidade x Altura): 41 x 24 x 64 cm<\/li>\n<li>Peso: 7.7 kg;<\/li>\n<li>Consumo m\u00e1x: 50 W<\/li>\n<li>N\u00edvel Sonoro m\u00e1x.: 64 dB.<\/li>\n<\/ul>","protected":false},"excerpt":{"rendered":"<ul>\n<li>Tecnologia: Purificador eletr\u00f3nico com Pr\u00e9-filtro, filtro HEPA, filtro de carv\u00e3o ativo, filtro catalisador frio e Ionizador;<\/li>\n<li>Sensor de part\u00edculas de p\u00f3;<\/li>\n<li>Ecr\u00e3 LED t\u00e1ctil;<\/li>\n<li>Indicador Led com 3 cores da qualidade do ar na sala;<\/li>\n<li>Aviso de substitui\u00e7\u00e3o do filtro<\/li>\n<li>N\u00ba de velocidades: 3<\/li>\n<li>Modo AUTO: Sele\u00e7\u00e3o autom\u00e1tica da velocidade conforme a qualidade do ar;<\/li>\n<li>Volume m\u00e1x. de tratamento do ar: 385 m<sup>3<\/sup>\/h;<\/li>\n<li>Capacidade de filtragem CADR: 280 m<sup>3\/ <\/sup>h;<\/li>\n<li>Superf\u00edcie \/ volume de uso: at\u00e9 60 m<sup>2;<\/sup><\/li>\n<li>Temporizador;<\/li>\n<li>Dimens\u00f5es (Comprimento x Profundidade x Altura): 41 x 24 x 64 cm<\/li>\n<li>Peso: 7.7 kg;<\/li>\n<li>Consumo m\u00e1x: 50 W<\/li>\n<li>N\u00edvel Sonoro m\u00e1x.: 64 dB.<\/li>\n<\/ul>\n<p><img loading=\"lazy\" decoding=\"async\" class=\"alignnone wp-image-22699 size-full\" src=\"https:\/\/curiosidadesedicas.com\/loja\/wp-content\/uploads\/2022\/01\/purificador-12-44437.jpg\" alt=\"\" width=\"748\" height=\"561\" srcset=\"https:\/\/curiosidadesedicas.com\/loja\/wp-content\/uploads\/2022\/01\/purificador-12-44437.jpg 748w, https:\/\/curiosidadesedicas.com\/loja\/wp-content\/uploads\/2022\/01\/purificador-12-44437-300x225.jpg 300w, https:\/\/curiosidadesedicas.com\/loja\/wp-content\/uploads\/2022\/01\/purificador-12-44437-600x450.jpg 600w\" sizes=\"auto, (max-width: 748px) 100vw, 748px\" \/><\/p>","protected":false},"featured_media":22697,"comment_status":"open","ping_status":"closed","template":"","meta":{"_glsr_average":0,"_glsr_ranking":0,"_glsr_reviews":0},"product_brand":[],"product_cat":[365,483],"product_tag":[],"class_list":{"0":"post-22696","1":"product","2":"type-product","3":"status-publish","4":"has-post-thumbnail","6":"product_cat-para-o-lar","7":"product_cat-purificadores","9":"first","10":"instock","11":"taxable","12":"shipping-taxable","13":"purchasable","14":"product-type-simple"},"yoast_head":"<!-- This site is optimized with the Yoast SEO plugin v26.8 - https:\/\/yoast.com\/product\/yoast-seo-wordpress\/ -->\n<title>PURIFICADOR FRESH AIR 100 - Curiosidades &amp; Dicas, Lda<\/title>\n<meta name=\"robots\" content=\"index, follow, max-snippet:-1, max-image-preview:large, max-video-preview:-1\" \/>\n<link rel=\"canonical\" href=\"https:\/\/curiosidadesedicas.com\/loja\/en\/product\/purificador-fresh-air-100\/\" \/>\n<meta property=\"og:locale\" content=\"en_US\" \/>\n<meta property=\"og:type\" content=\"article\" \/>\n<meta property=\"og:title\" content=\"PURIFICADOR FRESH AIR 100 - Curiosidades &amp; Dicas, Lda\" \/>\n<meta property=\"og:description\" content=\"Tecnologia: Purificador eletr\u00f3nico com Pr\u00e9-filtro, filtro HEPA, filtro de carv\u00e3o ativo, filtro catalisador frio e Ionizador;  Sensor de part\u00edculas de p\u00f3;  Ecr\u00e3 LED t\u00e1ctil;  Indicador Led com 3 cores da qualidade do ar na sala;  Aviso de substitui\u00e7\u00e3o do filtro  N\u00ba de velocidades: 3  Modo AUTO: Sele\u00e7\u00e3o autom\u00e1tica da velocidade conforme a qualidade do ar;  Volume m\u00e1x. de tratamento do ar: 385 m3\/h;  Capacidade de filtragem CADR: 280 m3\/ h;  Superf\u00edcie \/ volume de uso: at\u00e9 60 m2;  Temporizador;  Dimens\u00f5es (Comprimento x Profundidade x Altura): 41 x 24 x 64 cm  Peso: 7.7 kg;  Consumo m\u00e1x: 50 W  N\u00edvel Sonoro m\u00e1x.: 64 dB.\" \/>\n<meta property=\"og:url\" content=\"https:\/\/curiosidadesedicas.com\/loja\/en\/product\/purificador-fresh-air-100\/\" \/>\n<meta property=\"og:site_name\" content=\"Curiosidades &amp; Dicas, Lda\" \/>\n<meta property=\"article:modified_time\" content=\"2022-03-04T13:22:51+00:00\" \/>\n<meta property=\"og:image\" content=\"https:\/\/curiosidadesedicas.com\/loja\/wp-content\/uploads\/2022\/01\/Purificador-4-44437.jpg\" \/>\n\t<meta property=\"og:image:width\" content=\"748\" \/>\n\t<meta property=\"og:image:height\" content=\"561\" \/>\n\t<meta property=\"og:image:type\" content=\"image\/jpeg\" \/>\n<meta name=\"twitter:card\" content=\"summary_large_image\" \/>\n<meta name=\"twitter:label1\" content=\"Est. reading time\" \/>\n\t<meta name=\"twitter:data1\" content=\"1 minute\" \/>\n<script type=\"application\/ld+json\" class=\"yoast-schema-graph\">{\"@context\":\"https:\/\/schema.org\",\"@graph\":[{\"@type\":\"WebPage\",\"@id\":\"https:\/\/curiosidadesedicas.com\/loja\/produto\/purificador-fresh-air-100\/\",\"url\":\"https:\/\/curiosidadesedicas.com\/loja\/produto\/purificador-fresh-air-100\/\",\"name\":\"PURIFICADOR FRESH AIR 100 - Curiosidades &amp; Dicas, Lda\",\"isPartOf\":{\"@id\":\"https:\/\/curiosidadesedicas.com\/loja\/#website\"},\"primaryImageOfPage\":{\"@id\":\"https:\/\/curiosidadesedicas.com\/loja\/produto\/purificador-fresh-air-100\/#primaryimage\"},\"image\":{\"@id\":\"https:\/\/curiosidadesedicas.com\/loja\/produto\/purificador-fresh-air-100\/#primaryimage\"},\"thumbnailUrl\":\"https:\/\/curiosidadesedicas.com\/loja\/wp-content\/uploads\/2022\/01\/Purificador-4-44437.jpg\",\"datePublished\":\"2022-01-16T13:58:55+00:00\",\"dateModified\":\"2022-03-04T13:22:51+00:00\",\"breadcrumb\":{\"@id\":\"https:\/\/curiosidadesedicas.com\/loja\/produto\/purificador-fresh-air-100\/#breadcrumb\"},\"inLanguage\":\"en-US\",\"potentialAction\":[{\"@type\":\"ReadAction\",\"target\":[\"https:\/\/curiosidadesedicas.com\/loja\/produto\/purificador-fresh-air-100\/\"]}]},{\"@type\":\"ImageObject\",\"inLanguage\":\"en-US\",\"@id\":\"https:\/\/curiosidadesedicas.com\/loja\/produto\/purificador-fresh-air-100\/#primaryimage\",\"url\":\"https:\/\/curiosidadesedicas.com\/loja\/wp-content\/uploads\/2022\/01\/Purificador-4-44437.jpg\",\"contentUrl\":\"https:\/\/curiosidadesedicas.com\/loja\/wp-content\/uploads\/2022\/01\/Purificador-4-44437.jpg\",\"width\":748,\"height\":561},{\"@type\":\"BreadcrumbList\",\"@id\":\"https:\/\/curiosidadesedicas.com\/loja\/produto\/purificador-fresh-air-100\/#breadcrumb\",\"itemListElement\":[{\"@type\":\"ListItem\",\"position\":1,\"name\":\"In\u00edcio\",\"item\":\"https:\/\/curiosidadesedicas.com\/loja\/\"},{\"@type\":\"ListItem\",\"position\":2,\"name\":\"Produtos\",\"item\":\"https:\/\/curiosidadesedicas.com\/loja\/produtos\/\"},{\"@type\":\"ListItem\",\"position\":3,\"name\":\"PURIFICADOR FRESH AIR 100\"}]},{\"@type\":\"WebSite\",\"@id\":\"https:\/\/curiosidadesedicas.com\/loja\/#website\",\"url\":\"https:\/\/curiosidadesedicas.com\/loja\/\",\"name\":\"Curiosidades &amp; Dicas, Lda\",\"description\":\"Apaixonados Por Inova\u00e7\u00e3o\",\"publisher\":{\"@id\":\"https:\/\/curiosidadesedicas.com\/loja\/#organization\"},\"potentialAction\":[{\"@type\":\"SearchAction\",\"target\":{\"@type\":\"EntryPoint\",\"urlTemplate\":\"https:\/\/curiosidadesedicas.com\/loja\/?s={search_term_string}\"},\"query-input\":{\"@type\":\"PropertyValueSpecification\",\"valueRequired\":true,\"valueName\":\"search_term_string\"}}],\"inLanguage\":\"en-US\"},{\"@type\":\"Organization\",\"@id\":\"https:\/\/curiosidadesedicas.com\/loja\/#organization\",\"name\":\"Curiosidades & Dicas\",\"url\":\"https:\/\/curiosidadesedicas.com\/loja\/\",\"logo\":{\"@type\":\"ImageObject\",\"inLanguage\":\"en-US\",\"@id\":\"https:\/\/curiosidadesedicas.com\/loja\/#\/schema\/logo\/image\/\",\"url\":\"https:\/\/curiosidadesedicas.com\/loja\/wp-content\/uploads\/2020\/05\/LogoCuriosidadesSimples.png\",\"contentUrl\":\"https:\/\/curiosidadesedicas.com\/loja\/wp-content\/uploads\/2020\/05\/LogoCuriosidadesSimples.png\",\"width\":3528,\"height\":804,\"caption\":\"Curiosidades & Dicas\"},\"image\":{\"@id\":\"https:\/\/curiosidadesedicas.com\/loja\/#\/schema\/logo\/image\/\"}}]}<\/script>\n<!-- \/ Yoast SEO plugin. -->","yoast_head_json":{"title":"PURIFICADOR FRESH AIR 100 - Curiosidades &amp; Dicas, Lda","robots":{"index":"index","follow":"follow","max-snippet":"max-snippet:-1","max-image-preview":"max-image-preview:large","max-video-preview":"max-video-preview:-1"},"canonical":"https:\/\/curiosidadesedicas.com\/loja\/en\/product\/purificador-fresh-air-100\/","og_locale":"en_US","og_type":"article","og_title":"PURIFICADOR FRESH AIR 100 - Curiosidades &amp; Dicas, Lda","og_description":"Tecnologia: Purificador eletr\u00f3nico com Pr\u00e9-filtro, filtro HEPA, filtro de carv\u00e3o ativo, filtro catalisador frio e Ionizador;  Sensor de part\u00edculas de p\u00f3;  Ecr\u00e3 LED t\u00e1ctil;  Indicador Led com 3 cores da qualidade do ar na sala;  Aviso de substitui\u00e7\u00e3o do filtro  N\u00ba de velocidades: 3  Modo AUTO: Sele\u00e7\u00e3o autom\u00e1tica da velocidade conforme a qualidade do ar;  Volume m\u00e1x. de tratamento do ar: 385 m3\/h;  Capacidade de filtragem CADR: 280 m3\/ h;  Superf\u00edcie \/ volume de uso: at\u00e9 60 m2;  Temporizador;  Dimens\u00f5es (Comprimento x Profundidade x Altura): 41 x 24 x 64 cm  Peso: 7.7 kg;  Consumo m\u00e1x: 50 W  N\u00edvel Sonoro m\u00e1x.: 64 dB.","og_url":"https:\/\/curiosidadesedicas.com\/loja\/en\/product\/purificador-fresh-air-100\/","og_site_name":"Curiosidades &amp; Dicas, Lda","article_modified_time":"2022-03-04T13:22:51+00:00","og_image":[{"width":748,"height":561,"url":"https:\/\/curiosidadesedicas.com\/loja\/wp-content\/uploads\/2022\/01\/Purificador-4-44437.jpg","type":"image\/jpeg"}],"twitter_card":"summary_large_image","twitter_misc":{"Est. reading time":"1 minute"},"schema":{"@context":"https:\/\/schema.org","@graph":[{"@type":"WebPage","@id":"https:\/\/curiosidadesedicas.com\/loja\/produto\/purificador-fresh-air-100\/","url":"https:\/\/curiosidadesedicas.com\/loja\/produto\/purificador-fresh-air-100\/","name":"PURIFICADOR FRESH AIR 100 - Curiosidades &amp; Dicas, Lda","isPartOf":{"@id":"https:\/\/curiosidadesedicas.com\/loja\/#website"},"primaryImageOfPage":{"@id":"https:\/\/curiosidadesedicas.com\/loja\/produto\/purificador-fresh-air-100\/#primaryimage"},"image":{"@id":"https:\/\/curiosidadesedicas.com\/loja\/produto\/purificador-fresh-air-100\/#primaryimage"},"thumbnailUrl":"https:\/\/curiosidadesedicas.com\/loja\/wp-content\/uploads\/2022\/01\/Purificador-4-44437.jpg","datePublished":"2022-01-16T13:58:55+00:00","dateModified":"2022-03-04T13:22:51+00:00","breadcrumb":{"@id":"https:\/\/curiosidadesedicas.com\/loja\/produto\/purificador-fresh-air-100\/#breadcrumb"},"inLanguage":"en-US","potentialAction":[{"@type":"ReadAction","target":["https:\/\/curiosidadesedicas.com\/loja\/produto\/purificador-fresh-air-100\/"]}]},{"@type":"ImageObject","inLanguage":"en-US","@id":"https:\/\/curiosidadesedicas.com\/loja\/produto\/purificador-fresh-air-100\/#primaryimage","url":"https:\/\/curiosidadesedicas.com\/loja\/wp-content\/uploads\/2022\/01\/Purificador-4-44437.jpg","contentUrl":"https:\/\/curiosidadesedicas.com\/loja\/wp-content\/uploads\/2022\/01\/Purificador-4-44437.jpg","width":748,"height":561},{"@type":"BreadcrumbList","@id":"https:\/\/curiosidadesedicas.com\/loja\/produto\/purificador-fresh-air-100\/#breadcrumb","itemListElement":[{"@type":"ListItem","position":1,"name":"In\u00edcio","item":"https:\/\/curiosidadesedicas.com\/loja\/"},{"@type":"ListItem","position":2,"name":"Produtos","item":"https:\/\/curiosidadesedicas.com\/loja\/produtos\/"},{"@type":"ListItem","position":3,"name":"PURIFICADOR FRESH AIR 100"}]},{"@type":"WebSite","@id":"https:\/\/curiosidadesedicas.com\/loja\/#website","url":"https:\/\/curiosidadesedicas.com\/loja\/","name":"Curiosidades &amp; Dicas, Lda","description":"Apaixonados Por Inova\u00e7\u00e3o","publisher":{"@id":"https:\/\/curiosidadesedicas.com\/loja\/#organization"},"potentialAction":[{"@type":"SearchAction","target":{"@type":"EntryPoint","urlTemplate":"https:\/\/curiosidadesedicas.com\/loja\/?s={search_term_string}"},"query-input":{"@type":"PropertyValueSpecification","valueRequired":true,"valueName":"search_term_string"}}],"inLanguage":"en-US"},{"@type":"Organization","@id":"https:\/\/curiosidadesedicas.com\/loja\/#organization","name":"Curiosidades & Dicas","url":"https:\/\/curiosidadesedicas.com\/loja\/","logo":{"@type":"ImageObject","inLanguage":"en-US","@id":"https:\/\/curiosidadesedicas.com\/loja\/#\/schema\/logo\/image\/","url":"https:\/\/curiosidadesedicas.com\/loja\/wp-content\/uploads\/2020\/05\/LogoCuriosidadesSimples.png","contentUrl":"https:\/\/curiosidadesedicas.com\/loja\/wp-content\/uploads\/2020\/05\/LogoCuriosidadesSimples.png","width":3528,"height":804,"caption":"Curiosidades & Dicas"},"image":{"@id":"https:\/\/curiosidadesedicas.com\/loja\/#\/schema\/logo\/image\/"}}]}},"_links":{"self":[{"href":"https:\/\/curiosidadesedicas.com\/loja\/en\/wp-json\/wp\/v2\/product\/22696","targetHints":{"allow":["GET"]}}],"collection":[{"href":"https:\/\/curiosidadesedicas.com\/loja\/en\/wp-json\/wp\/v2\/product"}],"about":[{"href":"https:\/\/curiosidadesedicas.com\/loja\/en\/wp-json\/wp\/v2\/types\/product"}],"replies":[{"embeddable":true,"href":"https:\/\/curiosidadesedicas.com\/loja\/en\/wp-json\/wp\/v2\/comments?post=22696"}],"wp:featuredmedia":[{"embeddable":true,"href":"https:\/\/curiosidadesedicas.com\/loja\/en\/wp-json\/wp\/v2\/media\/22697"}],"wp:attachment":[{"href":"https:\/\/curiosidadesedicas.com\/loja\/en\/wp-json\/wp\/v2\/media?parent=22696"}],"wp:term":[{"taxonomy":"product_brand","embeddable":true,"href":"https:\/\/curiosidadesedicas.com\/loja\/en\/wp-json\/wp\/v2\/product_brand?post=22696"},{"taxonomy":"product_cat","embeddable":true,"href":"https:\/\/curiosidadesedicas.com\/loja\/en\/wp-json\/wp\/v2\/product_cat?post=22696"},{"taxonomy":"product_tag","embeddable":true,"href":"https:\/\/curiosidadesedicas.com\/loja\/en\/wp-json\/wp\/v2\/product_tag?post=22696"}],"curies":[{"name":"wp","href":"https:\/\/api.w.org\/{rel}","templated":true}]}}