{"id":22680,"date":"2022-01-16T13:40:53","date_gmt":"2022-01-16T13:40:53","guid":{"rendered":"https:\/\/curiosidadesedicas.com\/loja\/?post_type=product&#038;p=22680"},"modified":"2022-03-03T15:59:04","modified_gmt":"2022-03-03T15:59:04","slug":"purificador-fresh-air-30","status":"publish","type":"product","link":"https:\/\/curiosidadesedicas.com\/loja\/en\/product\/purificador-fresh-air-30\/","title":{"rendered":"PURIFICADOR FRESH AIR 30"},"content":{"rendered":"<ul>\n<li>Tecnologia: Purificador eletr\u00f3nico com Pr\u00e9-filtro, filtro HEPA, filtro de carv\u00e3o Ativo, e Ionizador;<\/li>\n<li>Ecr\u00e3 LED t\u00e1ctil;<\/li>\n<li>Indicador Led da qualidade do ar;<\/li>\n<li>Consumo m\u00e1x.: 9 W;<\/li>\n<li>N\u00ba de Velocidades: 3;<\/li>\n<li>Volume m\u00e1x. de Tratamento do ar: 90 m\u00b3\/h;<\/li>\n<li>Capacidade de filtragem CADR: 60 m\u00b3\/h;<\/li>\n<li>Superf\u00edcie \/ Volume de uso: at\u00e9 15 m\u00b2;<\/li>\n<li>Temporizador;<\/li>\n<li>Comando \u00e0 dist\u00e2ncia;<\/li>\n<li>Dimens\u00f5es (Comprimento x Profundidade x Altura): 33 x 13 x 30 cm;<\/li>\n<li>Peso: 2.5 kg;<\/li>\n<li>N\u00edvel Sonoro m\u00e1x: 49 dB;<\/li>\n<li>Pode ser colocado numa parede.<\/li>\n<\/ul>","protected":false},"excerpt":{"rendered":"<ul>\n<li>Tecnologia: Purificador eletr\u00f3nico com Pr\u00e9-filtro, filtro HEPA, filtro de carv\u00e3o Ativo, e Ionizador;<\/li>\n<li>Ecr\u00e3 LED t\u00e1ctil;<\/li>\n<li>Indicador Led da qualidade do ar;<\/li>\n<li>Consumo m\u00e1x.: 9 W;<\/li>\n<li>N\u00ba de Velocidades: 3;<\/li>\n<li>Volume m\u00e1x. de Tratamento do ar: 90 m\u00b3\/h;<\/li>\n<li>Capacidade de filtragem CADR: 60 m\u00b3\/h;<\/li>\n<li>Superf\u00edcie \/ Volume de uso: at\u00e9 15 m\u00b2;<\/li>\n<li>Temporizador;<\/li>\n<li>Comando \u00e0 dist\u00e2ncia;<\/li>\n<li>Dimens\u00f5es (Comprimento x Profundidade x Altura): 33 x 13 x 30 cm;<\/li>\n<li>Peso: 2.5 kg;<\/li>\n<li>N\u00edvel Sonoro m\u00e1x: 49 dB;<\/li>\n<li>Pode ser colocado numa parede.<\/li>\n<\/ul>\n<p><img loading=\"lazy\" decoding=\"async\" class=\"alignnone wp-image-22685 size-large\" src=\"https:\/\/curiosidadesedicas.com\/loja\/wp-content\/uploads\/2022\/01\/purificador-11-44434-1024x770.jpg\" alt=\"\" width=\"780\" height=\"587\" srcset=\"https:\/\/curiosidadesedicas.com\/loja\/wp-content\/uploads\/2022\/01\/purificador-11-44434-1024x770.jpg 1024w, https:\/\/curiosidadesedicas.com\/loja\/wp-content\/uploads\/2022\/01\/purificador-11-44434-300x226.jpg 300w, https:\/\/curiosidadesedicas.com\/loja\/wp-content\/uploads\/2022\/01\/purificador-11-44434-768x578.jpg 768w, https:\/\/curiosidadesedicas.com\/loja\/wp-content\/uploads\/2022\/01\/purificador-11-44434-1536x1155.jpg 1536w, https:\/\/curiosidadesedicas.com\/loja\/wp-content\/uploads\/2022\/01\/purificador-11-44434-2048x1540.jpg 2048w, https:\/\/curiosidadesedicas.com\/loja\/wp-content\/uploads\/2022\/01\/purificador-11-44434-600x451.jpg 600w\" sizes=\"auto, (max-width: 780px) 100vw, 780px\" \/><\/p>","protected":false},"featured_media":22690,"comment_status":"open","ping_status":"closed","template":"","meta":{"_glsr_average":0,"_glsr_ranking":0,"_glsr_reviews":0},"product_brand":[],"product_cat":[365,483],"product_tag":[],"class_list":{"0":"post-22680","1":"product","2":"type-product","3":"status-publish","4":"has-post-thumbnail","6":"product_cat-para-o-lar","7":"product_cat-purificadores","9":"first","10":"instock","11":"taxable","12":"shipping-taxable","13":"purchasable","14":"product-type-simple"},"yoast_head":"<!-- This site is optimized with the Yoast SEO plugin v26.8 - https:\/\/yoast.com\/product\/yoast-seo-wordpress\/ -->\n<title>PURIFICADOR FRESH AIR 30 - Curiosidades &amp; Dicas, Lda<\/title>\n<meta name=\"robots\" content=\"index, follow, max-snippet:-1, max-image-preview:large, max-video-preview:-1\" \/>\n<link rel=\"canonical\" href=\"https:\/\/curiosidadesedicas.com\/loja\/en\/product\/purificador-fresh-air-30\/\" \/>\n<meta property=\"og:locale\" content=\"en_US\" \/>\n<meta property=\"og:type\" content=\"article\" \/>\n<meta property=\"og:title\" content=\"PURIFICADOR FRESH AIR 30 - Curiosidades &amp; Dicas, Lda\" \/>\n<meta property=\"og:description\" content=\"Tecnologia: Purificador eletr\u00f3nico com Pr\u00e9-filtro, filtro HEPA, filtro de carv\u00e3o Ativo, e Ionizador;  Ecr\u00e3 LED t\u00e1ctil;  Indicador Led da qualidade do ar;  Consumo m\u00e1x.: 9 W;  N\u00ba de Velocidades: 3;  Volume m\u00e1x. de Tratamento do ar: 90 m\u00b3\/h;  Capacidade de filtragem CADR: 60 m\u00b3\/h;  Superf\u00edcie \/ Volume de uso: at\u00e9 15 m\u00b2;  Temporizador;  Comando \u00e0 dist\u00e2ncia;  Dimens\u00f5es (Comprimento x Profundidade x Altura): 33 x 13 x 30 cm;  Peso: 2.5 kg;  N\u00edvel Sonoro m\u00e1x: 49 dB;  Pode ser colocado numa parede.\" \/>\n<meta property=\"og:url\" content=\"https:\/\/curiosidadesedicas.com\/loja\/en\/product\/purificador-fresh-air-30\/\" \/>\n<meta property=\"og:site_name\" content=\"Curiosidades &amp; Dicas, Lda\" \/>\n<meta property=\"article:modified_time\" content=\"2022-03-03T15:59:04+00:00\" \/>\n<meta property=\"og:image\" content=\"https:\/\/curiosidadesedicas.com\/loja\/wp-content\/uploads\/2022\/01\/purificador-purline-44434.jpg\" \/>\n\t<meta property=\"og:image:width\" content=\"748\" \/>\n\t<meta property=\"og:image:height\" content=\"561\" \/>\n\t<meta property=\"og:image:type\" content=\"image\/jpeg\" \/>\n<meta name=\"twitter:card\" content=\"summary_large_image\" \/>\n<meta name=\"twitter:label1\" content=\"Est. reading time\" \/>\n\t<meta name=\"twitter:data1\" content=\"1 minute\" \/>\n<script type=\"application\/ld+json\" class=\"yoast-schema-graph\">{\"@context\":\"https:\/\/schema.org\",\"@graph\":[{\"@type\":\"WebPage\",\"@id\":\"https:\/\/curiosidadesedicas.com\/loja\/produto\/purificador-fresh-air-30\/\",\"url\":\"https:\/\/curiosidadesedicas.com\/loja\/produto\/purificador-fresh-air-30\/\",\"name\":\"PURIFICADOR FRESH AIR 30 - Curiosidades &amp; Dicas, Lda\",\"isPartOf\":{\"@id\":\"https:\/\/curiosidadesedicas.com\/loja\/#website\"},\"primaryImageOfPage\":{\"@id\":\"https:\/\/curiosidadesedicas.com\/loja\/produto\/purificador-fresh-air-30\/#primaryimage\"},\"image\":{\"@id\":\"https:\/\/curiosidadesedicas.com\/loja\/produto\/purificador-fresh-air-30\/#primaryimage\"},\"thumbnailUrl\":\"https:\/\/curiosidadesedicas.com\/loja\/wp-content\/uploads\/2022\/01\/purificador-purline-44434.jpg\",\"datePublished\":\"2022-01-16T13:40:53+00:00\",\"dateModified\":\"2022-03-03T15:59:04+00:00\",\"breadcrumb\":{\"@id\":\"https:\/\/curiosidadesedicas.com\/loja\/produto\/purificador-fresh-air-30\/#breadcrumb\"},\"inLanguage\":\"en-US\",\"potentialAction\":[{\"@type\":\"ReadAction\",\"target\":[\"https:\/\/curiosidadesedicas.com\/loja\/produto\/purificador-fresh-air-30\/\"]}]},{\"@type\":\"ImageObject\",\"inLanguage\":\"en-US\",\"@id\":\"https:\/\/curiosidadesedicas.com\/loja\/produto\/purificador-fresh-air-30\/#primaryimage\",\"url\":\"https:\/\/curiosidadesedicas.com\/loja\/wp-content\/uploads\/2022\/01\/purificador-purline-44434.jpg\",\"contentUrl\":\"https:\/\/curiosidadesedicas.com\/loja\/wp-content\/uploads\/2022\/01\/purificador-purline-44434.jpg\",\"width\":748,\"height\":561},{\"@type\":\"BreadcrumbList\",\"@id\":\"https:\/\/curiosidadesedicas.com\/loja\/produto\/purificador-fresh-air-30\/#breadcrumb\",\"itemListElement\":[{\"@type\":\"ListItem\",\"position\":1,\"name\":\"In\u00edcio\",\"item\":\"https:\/\/curiosidadesedicas.com\/loja\/\"},{\"@type\":\"ListItem\",\"position\":2,\"name\":\"Produtos\",\"item\":\"https:\/\/curiosidadesedicas.com\/loja\/produtos\/\"},{\"@type\":\"ListItem\",\"position\":3,\"name\":\"PURIFICADOR FRESH AIR 30\"}]},{\"@type\":\"WebSite\",\"@id\":\"https:\/\/curiosidadesedicas.com\/loja\/#website\",\"url\":\"https:\/\/curiosidadesedicas.com\/loja\/\",\"name\":\"Curiosidades &amp; Dicas, Lda\",\"description\":\"Apaixonados Por Inova\u00e7\u00e3o\",\"publisher\":{\"@id\":\"https:\/\/curiosidadesedicas.com\/loja\/#organization\"},\"potentialAction\":[{\"@type\":\"SearchAction\",\"target\":{\"@type\":\"EntryPoint\",\"urlTemplate\":\"https:\/\/curiosidadesedicas.com\/loja\/?s={search_term_string}\"},\"query-input\":{\"@type\":\"PropertyValueSpecification\",\"valueRequired\":true,\"valueName\":\"search_term_string\"}}],\"inLanguage\":\"en-US\"},{\"@type\":\"Organization\",\"@id\":\"https:\/\/curiosidadesedicas.com\/loja\/#organization\",\"name\":\"Curiosidades & Dicas\",\"url\":\"https:\/\/curiosidadesedicas.com\/loja\/\",\"logo\":{\"@type\":\"ImageObject\",\"inLanguage\":\"en-US\",\"@id\":\"https:\/\/curiosidadesedicas.com\/loja\/#\/schema\/logo\/image\/\",\"url\":\"https:\/\/curiosidadesedicas.com\/loja\/wp-content\/uploads\/2020\/05\/LogoCuriosidadesSimples.png\",\"contentUrl\":\"https:\/\/curiosidadesedicas.com\/loja\/wp-content\/uploads\/2020\/05\/LogoCuriosidadesSimples.png\",\"width\":3528,\"height\":804,\"caption\":\"Curiosidades & Dicas\"},\"image\":{\"@id\":\"https:\/\/curiosidadesedicas.com\/loja\/#\/schema\/logo\/image\/\"}}]}<\/script>\n<!-- \/ Yoast SEO plugin. -->","yoast_head_json":{"title":"PURIFICADOR FRESH AIR 30 - Curiosidades &amp; Dicas, Lda","robots":{"index":"index","follow":"follow","max-snippet":"max-snippet:-1","max-image-preview":"max-image-preview:large","max-video-preview":"max-video-preview:-1"},"canonical":"https:\/\/curiosidadesedicas.com\/loja\/en\/product\/purificador-fresh-air-30\/","og_locale":"en_US","og_type":"article","og_title":"PURIFICADOR FRESH AIR 30 - Curiosidades &amp; Dicas, Lda","og_description":"Tecnologia: Purificador eletr\u00f3nico com Pr\u00e9-filtro, filtro HEPA, filtro de carv\u00e3o Ativo, e Ionizador;  Ecr\u00e3 LED t\u00e1ctil;  Indicador Led da qualidade do ar;  Consumo m\u00e1x.: 9 W;  N\u00ba de Velocidades: 3;  Volume m\u00e1x. de Tratamento do ar: 90 m\u00b3\/h;  Capacidade de filtragem CADR: 60 m\u00b3\/h;  Superf\u00edcie \/ Volume de uso: at\u00e9 15 m\u00b2;  Temporizador;  Comando \u00e0 dist\u00e2ncia;  Dimens\u00f5es (Comprimento x Profundidade x Altura): 33 x 13 x 30 cm;  Peso: 2.5 kg;  N\u00edvel Sonoro m\u00e1x: 49 dB;  Pode ser colocado numa parede.","og_url":"https:\/\/curiosidadesedicas.com\/loja\/en\/product\/purificador-fresh-air-30\/","og_site_name":"Curiosidades &amp; Dicas, Lda","article_modified_time":"2022-03-03T15:59:04+00:00","og_image":[{"width":748,"height":561,"url":"https:\/\/curiosidadesedicas.com\/loja\/wp-content\/uploads\/2022\/01\/purificador-purline-44434.jpg","type":"image\/jpeg"}],"twitter_card":"summary_large_image","twitter_misc":{"Est. reading time":"1 minute"},"schema":{"@context":"https:\/\/schema.org","@graph":[{"@type":"WebPage","@id":"https:\/\/curiosidadesedicas.com\/loja\/produto\/purificador-fresh-air-30\/","url":"https:\/\/curiosidadesedicas.com\/loja\/produto\/purificador-fresh-air-30\/","name":"PURIFICADOR FRESH AIR 30 - Curiosidades &amp; Dicas, Lda","isPartOf":{"@id":"https:\/\/curiosidadesedicas.com\/loja\/#website"},"primaryImageOfPage":{"@id":"https:\/\/curiosidadesedicas.com\/loja\/produto\/purificador-fresh-air-30\/#primaryimage"},"image":{"@id":"https:\/\/curiosidadesedicas.com\/loja\/produto\/purificador-fresh-air-30\/#primaryimage"},"thumbnailUrl":"https:\/\/curiosidadesedicas.com\/loja\/wp-content\/uploads\/2022\/01\/purificador-purline-44434.jpg","datePublished":"2022-01-16T13:40:53+00:00","dateModified":"2022-03-03T15:59:04+00:00","breadcrumb":{"@id":"https:\/\/curiosidadesedicas.com\/loja\/produto\/purificador-fresh-air-30\/#breadcrumb"},"inLanguage":"en-US","potentialAction":[{"@type":"ReadAction","target":["https:\/\/curiosidadesedicas.com\/loja\/produto\/purificador-fresh-air-30\/"]}]},{"@type":"ImageObject","inLanguage":"en-US","@id":"https:\/\/curiosidadesedicas.com\/loja\/produto\/purificador-fresh-air-30\/#primaryimage","url":"https:\/\/curiosidadesedicas.com\/loja\/wp-content\/uploads\/2022\/01\/purificador-purline-44434.jpg","contentUrl":"https:\/\/curiosidadesedicas.com\/loja\/wp-content\/uploads\/2022\/01\/purificador-purline-44434.jpg","width":748,"height":561},{"@type":"BreadcrumbList","@id":"https:\/\/curiosidadesedicas.com\/loja\/produto\/purificador-fresh-air-30\/#breadcrumb","itemListElement":[{"@type":"ListItem","position":1,"name":"In\u00edcio","item":"https:\/\/curiosidadesedicas.com\/loja\/"},{"@type":"ListItem","position":2,"name":"Produtos","item":"https:\/\/curiosidadesedicas.com\/loja\/produtos\/"},{"@type":"ListItem","position":3,"name":"PURIFICADOR FRESH AIR 30"}]},{"@type":"WebSite","@id":"https:\/\/curiosidadesedicas.com\/loja\/#website","url":"https:\/\/curiosidadesedicas.com\/loja\/","name":"Curiosidades &amp; Dicas, Lda","description":"Apaixonados Por Inova\u00e7\u00e3o","publisher":{"@id":"https:\/\/curiosidadesedicas.com\/loja\/#organization"},"potentialAction":[{"@type":"SearchAction","target":{"@type":"EntryPoint","urlTemplate":"https:\/\/curiosidadesedicas.com\/loja\/?s={search_term_string}"},"query-input":{"@type":"PropertyValueSpecification","valueRequired":true,"valueName":"search_term_string"}}],"inLanguage":"en-US"},{"@type":"Organization","@id":"https:\/\/curiosidadesedicas.com\/loja\/#organization","name":"Curiosidades & Dicas","url":"https:\/\/curiosidadesedicas.com\/loja\/","logo":{"@type":"ImageObject","inLanguage":"en-US","@id":"https:\/\/curiosidadesedicas.com\/loja\/#\/schema\/logo\/image\/","url":"https:\/\/curiosidadesedicas.com\/loja\/wp-content\/uploads\/2020\/05\/LogoCuriosidadesSimples.png","contentUrl":"https:\/\/curiosidadesedicas.com\/loja\/wp-content\/uploads\/2020\/05\/LogoCuriosidadesSimples.png","width":3528,"height":804,"caption":"Curiosidades & Dicas"},"image":{"@id":"https:\/\/curiosidadesedicas.com\/loja\/#\/schema\/logo\/image\/"}}]}},"_links":{"self":[{"href":"https:\/\/curiosidadesedicas.com\/loja\/en\/wp-json\/wp\/v2\/product\/22680","targetHints":{"allow":["GET"]}}],"collection":[{"href":"https:\/\/curiosidadesedicas.com\/loja\/en\/wp-json\/wp\/v2\/product"}],"about":[{"href":"https:\/\/curiosidadesedicas.com\/loja\/en\/wp-json\/wp\/v2\/types\/product"}],"replies":[{"embeddable":true,"href":"https:\/\/curiosidadesedicas.com\/loja\/en\/wp-json\/wp\/v2\/comments?post=22680"}],"wp:featuredmedia":[{"embeddable":true,"href":"https:\/\/curiosidadesedicas.com\/loja\/en\/wp-json\/wp\/v2\/media\/22690"}],"wp:attachment":[{"href":"https:\/\/curiosidadesedicas.com\/loja\/en\/wp-json\/wp\/v2\/media?parent=22680"}],"wp:term":[{"taxonomy":"product_brand","embeddable":true,"href":"https:\/\/curiosidadesedicas.com\/loja\/en\/wp-json\/wp\/v2\/product_brand?post=22680"},{"taxonomy":"product_cat","embeddable":true,"href":"https:\/\/curiosidadesedicas.com\/loja\/en\/wp-json\/wp\/v2\/product_cat?post=22680"},{"taxonomy":"product_tag","embeddable":true,"href":"https:\/\/curiosidadesedicas.com\/loja\/en\/wp-json\/wp\/v2\/product_tag?post=22680"}],"curies":[{"name":"wp","href":"https:\/\/api.w.org\/{rel}","templated":true}]}}