{"id":22532,"date":"2021-12-31T11:54:42","date_gmt":"2021-12-31T11:54:42","guid":{"rendered":"https:\/\/curiosidadesedicas.com\/loja\/?post_type=product&#038;p=22532"},"modified":"2024-05-02T15:28:07","modified_gmt":"2024-05-02T15:28:07","slug":"espelho-led-tatil-corralejo-48x37cm","status":"publish","type":"product","link":"https:\/\/curiosidadesedicas.com\/loja\/en\/product\/espelho-led-tatil-corralejo-48x37cm\/","title":{"rendered":"ESPELHO LED T\u00c1TIL CORRALEJO 48X37CM"},"content":{"rendered":"<table width=\"600\">\n<tbody>\n<tr>\n<td width=\"150\">POT\u00caNCIA:<\/td>\n<td>12 W<\/td>\n<\/tr>\n<tr>\n<td width=\"150\">ALIMENTA\u00c7\u00c3O:<\/td>\n<td>220-240V AC<\/td>\n<\/tr>\n<tr>\n<td width=\"150\">FREQU\u00caNCIA:<\/td>\n<td>50-60 Hz<\/td>\n<\/tr>\n<tr>\n<td width=\"150\">REGUL\u00c1VEL:<\/td>\n<td>Sim<\/td>\n<\/tr>\n<tr>\n<td width=\"150\">QUANTIDADE DE LEDS:<\/td>\n<td>12<\/td>\n<\/tr>\n<tr>\n<td width=\"150\">TEMPERATURA DA COR:<\/td>\n<td>T\u00aa C\u00f4r Selecion\u00e1vel (QUENTE-NEUTRO-FRIO)<\/td>\n<\/tr>\n<tr>\n<td width=\"150\">LUMINOSIDADE:<\/td>\n<td>500 lm<\/td>\n<\/tr>\n<tr>\n<td width=\"150\">EFICI\u00caNCIA LUMINOSA:<\/td>\n<td>50 lm\/W<\/td>\n<\/tr>\n<tr>\n<td width=\"150\">EFICI\u00caNCIA ENERG\u00c9TICA 2023 (UE-2019\/2015):<\/td>\n<td>F<\/td>\n<\/tr>\n<tr>\n<td width=\"150\">\u00c2NGULO DE ABERTURA:<\/td>\n<td>180\u00ba<\/td>\n<\/tr>\n<tr>\n<td width=\"150\">USO:<\/td>\n<td>Interior<\/td>\n<\/tr>\n<tr>\n<td width=\"150\">PROTE\u00c7\u00c3O IP:<\/td>\n<td>IP20<\/td>\n<\/tr>\n<tr>\n<td width=\"150\">MATERIAL:<\/td>\n<td>Alum\u00ednio \u2013 Cristal<\/td>\n<\/tr>\n<tr>\n<td width=\"150\">DIMENS\u00d5ES:<\/td>\n<td>475 x 365 x 85 mm<\/td>\n<\/tr>\n<tr>\n<td width=\"150\">ALTURA:<\/td>\n<td>475 mm<\/td>\n<\/tr>\n<tr>\n<td width=\"150\">LARGURA:<\/td>\n<td>365 mm<\/td>\n<\/tr>\n<tr>\n<td width=\"150\">COMPRIMENTO:<\/td>\n<td>85 mm<\/td>\n<\/tr>\n<tr>\n<td width=\"150\">PESO:<\/td>\n<td>2.5 kg<\/td>\n<\/tr>\n<tr>\n<td width=\"150\">REQUER MONTAGEM<\/td>\n<td>N\u00e3o<\/td>\n<\/tr>\n<tr>\n<td width=\"150\">INCLU\u00cdDO:<\/td>\n<td>Cabo Retificador<\/td>\n<\/tr>\n<tr>\n<td width=\"150\">VIDA \u00daTIL:<\/td>\n<td>30.000 Horas<\/td>\n<\/tr>\n<tr>\n<td width=\"150\">GARANTIA:<\/td>\n<td>2 Anos<\/td>\n<\/tr>\n<tr>\n<td width=\"150\">CERTIFICADOS:<\/td>\n<td>CE &amp; RoHS<\/td>\n<\/tr>\n<\/tbody>\n<\/table>","protected":false},"excerpt":{"rendered":"<p>Espelho LED T\u00e1ctil Corralejo 48\u00d737 cm retro iluminado de parede, ideal para casas de banho, dormit\u00f3rio ou sala. Desenhado com muito estilo e personalidade, al\u00e9m disso, \u00e9 funcional, e decora e d\u00e1 espa\u00e7o e luminosidade a qualquer ambiente do seu lar.<\/p>\n<p>Tem um suporte que segura o espelho, \u00e9 um elemento que n\u00e3o requer qualquer tipo de instala\u00e7\u00e3o pr\u00e9via e pode ser deslocado em qualquer altura.<\/p>\n<p>Fabricado com materiais resistentes e duradouros, com recobrimento anti emba\u00e7ante, pr\u00e1tico e f\u00e1cil de limpar, este espelho de uso exclusivo para interiores \u00e9 a melhor op\u00e7\u00e3o para aqueles que procuram dar-lhe um toque diferente, atrativo e elegante \u00e1 decora\u00e7\u00e3o do seu lar ou neg\u00f3cio.<\/p>\n<p><img decoding=\"async\" src=\"https:\/\/curiosidadesedicas.com\/loja\/wp-content\/uploads\/2021\/12\/espejo-decorativo-led-con-interruptor-tactil-corralejo.jpg\" \/><\/p>\n<p>&nbsp;<\/p>","protected":false},"featured_media":22533,"comment_status":"open","ping_status":"closed","template":"","meta":{"_glsr_average":0,"_glsr_ranking":0,"_glsr_reviews":0},"product_brand":[],"product_cat":[345,348,414,453],"product_tag":[],"class_list":{"0":"post-22532","1":"product","2":"type-product","3":"status-publish","4":"has-post-thumbnail","6":"product_cat-gadgets-led","7":"product_cat-decoracao-led","8":"product_cat-espelhos","9":"product_cat-presentes-criativos","11":"first","12":"instock","13":"taxable","14":"shipping-taxable","15":"purchasable","16":"product-type-simple"},"yoast_head":"<!-- This site is optimized with the Yoast SEO plugin v26.8 - https:\/\/yoast.com\/product\/yoast-seo-wordpress\/ -->\n<title>ESPELHO LED T\u00c1TIL CORRALEJO 48X37CM - Curiosidades &amp; Dicas, Lda<\/title>\n<meta name=\"robots\" content=\"index, follow, max-snippet:-1, max-image-preview:large, max-video-preview:-1\" \/>\n<link rel=\"canonical\" href=\"https:\/\/curiosidadesedicas.com\/loja\/en\/product\/espelho-led-tatil-corralejo-48x37cm\/\" \/>\n<meta property=\"og:locale\" content=\"en_US\" \/>\n<meta property=\"og:type\" content=\"article\" \/>\n<meta property=\"og:title\" content=\"ESPELHO LED T\u00c1TIL CORRALEJO 48X37CM - Curiosidades &amp; Dicas, Lda\" \/>\n<meta property=\"og:description\" content=\"Espelho LED T\u00e1ctil Corralejo 48\u00d737 cm retro iluminado de parede, ideal para casas de banho, dormit\u00f3rio ou sala. Desenhado com muito estilo e personalidade, al\u00e9m disso, \u00e9 funcional, e decora e d\u00e1 espa\u00e7o e luminosidade a qualquer ambiente do seu lar.  Tem um suporte que segura o espelho, \u00e9 um elemento que n\u00e3o requer qualquer tipo de instala\u00e7\u00e3o pr\u00e9via e pode ser deslocado em qualquer altura.  Fabricado com materiais resistentes e duradouros, com recobrimento anti emba\u00e7ante, pr\u00e1tico e f\u00e1cil de limpar, este espelho de uso exclusivo para interiores \u00e9 a melhor op\u00e7\u00e3o para aqueles que procuram dar-lhe um toque diferente, atrativo e elegante \u00e1 decora\u00e7\u00e3o do seu lar ou neg\u00f3cio.    &nbsp;\" \/>\n<meta property=\"og:url\" content=\"https:\/\/curiosidadesedicas.com\/loja\/en\/product\/espelho-led-tatil-corralejo-48x37cm\/\" \/>\n<meta property=\"og:site_name\" content=\"Curiosidades &amp; Dicas, Lda\" \/>\n<meta property=\"article:modified_time\" content=\"2024-05-02T15:28:07+00:00\" \/>\n<meta property=\"og:image\" content=\"https:\/\/curiosidadesedicas.com\/loja\/wp-content\/uploads\/2021\/12\/espejo-decorativo-led-con-interruptor-tactil-corralejo-1.jpg\" \/>\n\t<meta property=\"og:image:width\" content=\"1500\" \/>\n\t<meta property=\"og:image:height\" content=\"1500\" \/>\n\t<meta property=\"og:image:type\" content=\"image\/jpeg\" \/>\n<meta name=\"twitter:card\" content=\"summary_large_image\" \/>\n<meta name=\"twitter:label1\" content=\"Est. reading time\" \/>\n\t<meta name=\"twitter:data1\" content=\"1 minute\" \/>\n<script type=\"application\/ld+json\" class=\"yoast-schema-graph\">{\"@context\":\"https:\/\/schema.org\",\"@graph\":[{\"@type\":\"WebPage\",\"@id\":\"https:\/\/curiosidadesedicas.com\/loja\/produto\/espelho-led-tatil-corralejo-48x37cm\/\",\"url\":\"https:\/\/curiosidadesedicas.com\/loja\/produto\/espelho-led-tatil-corralejo-48x37cm\/\",\"name\":\"ESPELHO LED T\u00c1TIL CORRALEJO 48X37CM - Curiosidades &amp; Dicas, Lda\",\"isPartOf\":{\"@id\":\"https:\/\/curiosidadesedicas.com\/loja\/#website\"},\"primaryImageOfPage\":{\"@id\":\"https:\/\/curiosidadesedicas.com\/loja\/produto\/espelho-led-tatil-corralejo-48x37cm\/#primaryimage\"},\"image\":{\"@id\":\"https:\/\/curiosidadesedicas.com\/loja\/produto\/espelho-led-tatil-corralejo-48x37cm\/#primaryimage\"},\"thumbnailUrl\":\"https:\/\/curiosidadesedicas.com\/loja\/wp-content\/uploads\/2021\/12\/espejo-decorativo-led-con-interruptor-tactil-corralejo-1.jpg\",\"datePublished\":\"2021-12-31T11:54:42+00:00\",\"dateModified\":\"2024-05-02T15:28:07+00:00\",\"breadcrumb\":{\"@id\":\"https:\/\/curiosidadesedicas.com\/loja\/produto\/espelho-led-tatil-corralejo-48x37cm\/#breadcrumb\"},\"inLanguage\":\"en-US\",\"potentialAction\":[{\"@type\":\"ReadAction\",\"target\":[\"https:\/\/curiosidadesedicas.com\/loja\/produto\/espelho-led-tatil-corralejo-48x37cm\/\"]}]},{\"@type\":\"ImageObject\",\"inLanguage\":\"en-US\",\"@id\":\"https:\/\/curiosidadesedicas.com\/loja\/produto\/espelho-led-tatil-corralejo-48x37cm\/#primaryimage\",\"url\":\"https:\/\/curiosidadesedicas.com\/loja\/wp-content\/uploads\/2021\/12\/espejo-decorativo-led-con-interruptor-tactil-corralejo-1.jpg\",\"contentUrl\":\"https:\/\/curiosidadesedicas.com\/loja\/wp-content\/uploads\/2021\/12\/espejo-decorativo-led-con-interruptor-tactil-corralejo-1.jpg\",\"width\":1500,\"height\":1500},{\"@type\":\"BreadcrumbList\",\"@id\":\"https:\/\/curiosidadesedicas.com\/loja\/produto\/espelho-led-tatil-corralejo-48x37cm\/#breadcrumb\",\"itemListElement\":[{\"@type\":\"ListItem\",\"position\":1,\"name\":\"In\u00edcio\",\"item\":\"https:\/\/curiosidadesedicas.com\/loja\/\"},{\"@type\":\"ListItem\",\"position\":2,\"name\":\"Produtos\",\"item\":\"https:\/\/curiosidadesedicas.com\/loja\/produtos\/\"},{\"@type\":\"ListItem\",\"position\":3,\"name\":\"ESPELHO LED T\u00c1TIL CORRALEJO 48X37CM\"}]},{\"@type\":\"WebSite\",\"@id\":\"https:\/\/curiosidadesedicas.com\/loja\/#website\",\"url\":\"https:\/\/curiosidadesedicas.com\/loja\/\",\"name\":\"Curiosidades &amp; Dicas, Lda\",\"description\":\"Apaixonados Por Inova\u00e7\u00e3o\",\"publisher\":{\"@id\":\"https:\/\/curiosidadesedicas.com\/loja\/#organization\"},\"potentialAction\":[{\"@type\":\"SearchAction\",\"target\":{\"@type\":\"EntryPoint\",\"urlTemplate\":\"https:\/\/curiosidadesedicas.com\/loja\/?s={search_term_string}\"},\"query-input\":{\"@type\":\"PropertyValueSpecification\",\"valueRequired\":true,\"valueName\":\"search_term_string\"}}],\"inLanguage\":\"en-US\"},{\"@type\":\"Organization\",\"@id\":\"https:\/\/curiosidadesedicas.com\/loja\/#organization\",\"name\":\"Curiosidades & Dicas\",\"url\":\"https:\/\/curiosidadesedicas.com\/loja\/\",\"logo\":{\"@type\":\"ImageObject\",\"inLanguage\":\"en-US\",\"@id\":\"https:\/\/curiosidadesedicas.com\/loja\/#\/schema\/logo\/image\/\",\"url\":\"https:\/\/curiosidadesedicas.com\/loja\/wp-content\/uploads\/2020\/05\/LogoCuriosidadesSimples.png\",\"contentUrl\":\"https:\/\/curiosidadesedicas.com\/loja\/wp-content\/uploads\/2020\/05\/LogoCuriosidadesSimples.png\",\"width\":3528,\"height\":804,\"caption\":\"Curiosidades & Dicas\"},\"image\":{\"@id\":\"https:\/\/curiosidadesedicas.com\/loja\/#\/schema\/logo\/image\/\"}}]}<\/script>\n<!-- \/ Yoast SEO plugin. -->","yoast_head_json":{"title":"ESPELHO LED T\u00c1TIL CORRALEJO 48X37CM - Curiosidades &amp; Dicas, Lda","robots":{"index":"index","follow":"follow","max-snippet":"max-snippet:-1","max-image-preview":"max-image-preview:large","max-video-preview":"max-video-preview:-1"},"canonical":"https:\/\/curiosidadesedicas.com\/loja\/en\/product\/espelho-led-tatil-corralejo-48x37cm\/","og_locale":"en_US","og_type":"article","og_title":"ESPELHO LED T\u00c1TIL CORRALEJO 48X37CM - Curiosidades &amp; Dicas, Lda","og_description":"Espelho LED T\u00e1ctil Corralejo 48\u00d737 cm retro iluminado de parede, ideal para casas de banho, dormit\u00f3rio ou sala. Desenhado com muito estilo e personalidade, al\u00e9m disso, \u00e9 funcional, e decora e d\u00e1 espa\u00e7o e luminosidade a qualquer ambiente do seu lar.  Tem um suporte que segura o espelho, \u00e9 um elemento que n\u00e3o requer qualquer tipo de instala\u00e7\u00e3o pr\u00e9via e pode ser deslocado em qualquer altura.  Fabricado com materiais resistentes e duradouros, com recobrimento anti emba\u00e7ante, pr\u00e1tico e f\u00e1cil de limpar, este espelho de uso exclusivo para interiores \u00e9 a melhor op\u00e7\u00e3o para aqueles que procuram dar-lhe um toque diferente, atrativo e elegante \u00e1 decora\u00e7\u00e3o do seu lar ou neg\u00f3cio.    &nbsp;","og_url":"https:\/\/curiosidadesedicas.com\/loja\/en\/product\/espelho-led-tatil-corralejo-48x37cm\/","og_site_name":"Curiosidades &amp; Dicas, Lda","article_modified_time":"2024-05-02T15:28:07+00:00","og_image":[{"width":1500,"height":1500,"url":"https:\/\/curiosidadesedicas.com\/loja\/wp-content\/uploads\/2021\/12\/espejo-decorativo-led-con-interruptor-tactil-corralejo-1.jpg","type":"image\/jpeg"}],"twitter_card":"summary_large_image","twitter_misc":{"Est. reading time":"1 minute"},"schema":{"@context":"https:\/\/schema.org","@graph":[{"@type":"WebPage","@id":"https:\/\/curiosidadesedicas.com\/loja\/produto\/espelho-led-tatil-corralejo-48x37cm\/","url":"https:\/\/curiosidadesedicas.com\/loja\/produto\/espelho-led-tatil-corralejo-48x37cm\/","name":"ESPELHO LED T\u00c1TIL CORRALEJO 48X37CM - Curiosidades &amp; Dicas, Lda","isPartOf":{"@id":"https:\/\/curiosidadesedicas.com\/loja\/#website"},"primaryImageOfPage":{"@id":"https:\/\/curiosidadesedicas.com\/loja\/produto\/espelho-led-tatil-corralejo-48x37cm\/#primaryimage"},"image":{"@id":"https:\/\/curiosidadesedicas.com\/loja\/produto\/espelho-led-tatil-corralejo-48x37cm\/#primaryimage"},"thumbnailUrl":"https:\/\/curiosidadesedicas.com\/loja\/wp-content\/uploads\/2021\/12\/espejo-decorativo-led-con-interruptor-tactil-corralejo-1.jpg","datePublished":"2021-12-31T11:54:42+00:00","dateModified":"2024-05-02T15:28:07+00:00","breadcrumb":{"@id":"https:\/\/curiosidadesedicas.com\/loja\/produto\/espelho-led-tatil-corralejo-48x37cm\/#breadcrumb"},"inLanguage":"en-US","potentialAction":[{"@type":"ReadAction","target":["https:\/\/curiosidadesedicas.com\/loja\/produto\/espelho-led-tatil-corralejo-48x37cm\/"]}]},{"@type":"ImageObject","inLanguage":"en-US","@id":"https:\/\/curiosidadesedicas.com\/loja\/produto\/espelho-led-tatil-corralejo-48x37cm\/#primaryimage","url":"https:\/\/curiosidadesedicas.com\/loja\/wp-content\/uploads\/2021\/12\/espejo-decorativo-led-con-interruptor-tactil-corralejo-1.jpg","contentUrl":"https:\/\/curiosidadesedicas.com\/loja\/wp-content\/uploads\/2021\/12\/espejo-decorativo-led-con-interruptor-tactil-corralejo-1.jpg","width":1500,"height":1500},{"@type":"BreadcrumbList","@id":"https:\/\/curiosidadesedicas.com\/loja\/produto\/espelho-led-tatil-corralejo-48x37cm\/#breadcrumb","itemListElement":[{"@type":"ListItem","position":1,"name":"In\u00edcio","item":"https:\/\/curiosidadesedicas.com\/loja\/"},{"@type":"ListItem","position":2,"name":"Produtos","item":"https:\/\/curiosidadesedicas.com\/loja\/produtos\/"},{"@type":"ListItem","position":3,"name":"ESPELHO LED T\u00c1TIL CORRALEJO 48X37CM"}]},{"@type":"WebSite","@id":"https:\/\/curiosidadesedicas.com\/loja\/#website","url":"https:\/\/curiosidadesedicas.com\/loja\/","name":"Curiosidades &amp; Dicas, Lda","description":"Apaixonados Por Inova\u00e7\u00e3o","publisher":{"@id":"https:\/\/curiosidadesedicas.com\/loja\/#organization"},"potentialAction":[{"@type":"SearchAction","target":{"@type":"EntryPoint","urlTemplate":"https:\/\/curiosidadesedicas.com\/loja\/?s={search_term_string}"},"query-input":{"@type":"PropertyValueSpecification","valueRequired":true,"valueName":"search_term_string"}}],"inLanguage":"en-US"},{"@type":"Organization","@id":"https:\/\/curiosidadesedicas.com\/loja\/#organization","name":"Curiosidades & Dicas","url":"https:\/\/curiosidadesedicas.com\/loja\/","logo":{"@type":"ImageObject","inLanguage":"en-US","@id":"https:\/\/curiosidadesedicas.com\/loja\/#\/schema\/logo\/image\/","url":"https:\/\/curiosidadesedicas.com\/loja\/wp-content\/uploads\/2020\/05\/LogoCuriosidadesSimples.png","contentUrl":"https:\/\/curiosidadesedicas.com\/loja\/wp-content\/uploads\/2020\/05\/LogoCuriosidadesSimples.png","width":3528,"height":804,"caption":"Curiosidades & Dicas"},"image":{"@id":"https:\/\/curiosidadesedicas.com\/loja\/#\/schema\/logo\/image\/"}}]}},"_links":{"self":[{"href":"https:\/\/curiosidadesedicas.com\/loja\/en\/wp-json\/wp\/v2\/product\/22532","targetHints":{"allow":["GET"]}}],"collection":[{"href":"https:\/\/curiosidadesedicas.com\/loja\/en\/wp-json\/wp\/v2\/product"}],"about":[{"href":"https:\/\/curiosidadesedicas.com\/loja\/en\/wp-json\/wp\/v2\/types\/product"}],"replies":[{"embeddable":true,"href":"https:\/\/curiosidadesedicas.com\/loja\/en\/wp-json\/wp\/v2\/comments?post=22532"}],"wp:featuredmedia":[{"embeddable":true,"href":"https:\/\/curiosidadesedicas.com\/loja\/en\/wp-json\/wp\/v2\/media\/22533"}],"wp:attachment":[{"href":"https:\/\/curiosidadesedicas.com\/loja\/en\/wp-json\/wp\/v2\/media?parent=22532"}],"wp:term":[{"taxonomy":"product_brand","embeddable":true,"href":"https:\/\/curiosidadesedicas.com\/loja\/en\/wp-json\/wp\/v2\/product_brand?post=22532"},{"taxonomy":"product_cat","embeddable":true,"href":"https:\/\/curiosidadesedicas.com\/loja\/en\/wp-json\/wp\/v2\/product_cat?post=22532"},{"taxonomy":"product_tag","embeddable":true,"href":"https:\/\/curiosidadesedicas.com\/loja\/en\/wp-json\/wp\/v2\/product_tag?post=22532"}],"curies":[{"name":"wp","href":"https:\/\/api.w.org\/{rel}","templated":true}]}}