{"id":22460,"date":"2021-12-24T12:48:48","date_gmt":"2021-12-24T12:48:48","guid":{"rendered":"https:\/\/curiosidadesedicas.com\/loja\/?post_type=product&#038;p=22460"},"modified":"2025-03-13T13:03:08","modified_gmt":"2025-03-13T13:03:08","slug":"lareira-eletrica-de-parede-gouveia-espelhada","status":"publish","type":"product","link":"https:\/\/curiosidadesedicas.com\/loja\/en\/product\/lareira-eletrica-de-parede-gouveia-espelhada\/","title":{"rendered":"LAREIRA EL\u00c9TRICA DE PAREDE GOUVEIA ESPELHADA"},"content":{"rendered":"<p><strong>Informa\u00e7\u00e3o Importante!<\/strong><\/p>\n<p>Para haver aquecimento o aquecedor tem de ter pot\u00eancia, \u00e9 matem\u00e1tica, e n\u00e3o h\u00e1 milagres, mas se existem uns aquecedores eficientes no mercado, as lareiras s\u00e3o muito eficazes a aquecer e n\u00e3o gastam muito.<\/p>\n<p>As lareiras t\u00eam tudo de bom e por isso vendemos h\u00e1 5 anos, com 99% de clientes apaixonados. Conseguem aquecer logo desde o primeiro segundo (poder t\u00e9rmico de 100%), aquecem muito bem e muito r\u00e1pido uma divis\u00e3o na posi\u00e7\u00e3o dos 2000W (depende sempre do isolamento), quando a divis\u00e3o estiver com um bom ambiente \u201cn\u00e3o precisamos de andar em manga curta\u201d, usa a pot\u00eancia m\u00ednima (1000W), para economizar, ou seja, 90% da utiliza\u00e7\u00e3o da lareira vai ser efetuada no m\u00ednimo, a gastar metade de um aquecedor a \u00f3leo.<\/p>\n<p>Um termo-ventilador gasta 2000W e n\u00e3o aquece nada, ou melhor, aquece bem, mas ao desligar, o calor desaparece logo, e o conforto \/ qualidade do calor\u00a0\u00e9 do pior que existe, um aquecedor arranca a 900W, demora meia hora a libertar o calor para aquecer bem, e gasta 2000W os mais pequenos de 6 elementos, os de 8 elementos 2500W e nunca espalha o calor t\u00e3o bem como as lareiras, nem meia d\u00fazia de aquecedores a \u00f3leo se compara \u00e0s lareiras.<\/p>\n<p>Por isso, s\u00e3o t\u00e3o procuradas, muito realistas, super seguras at\u00e9 ao toque, as crian\u00e7as podem brincar e tocar nas lareiras sem qualquer perigo, o fogo \u00e9 uma descontra\u00e7\u00e3o, uma companhia, t\u00eam mesmo tudo de bom, temos 99.9% de clientes rendidos \u00e0s evid\u00eancias.<\/p>\n<p><strong>Dispon\u00edvel:\u00a0 entrega em 5 dias<\/strong><\/p>\n<p><img loading=\"lazy\" decoding=\"async\" class=\"\" src=\"https:\/\/amaroled.com\/wp-content\/uploads\/2021\/12\/chimenea-9972-43944-scaled-1.jpg\" width=\"600\" height=\"451\" \/><\/p>","protected":false},"excerpt":{"rendered":"<p>Lareira El\u00e9trica de Parede Gouveia Tela LCD Espelhada.<\/p>\n<ul>\n<li>Medidas: 91x11x56 cm<\/li>\n<li>Pot\u00eancia: 1000 W \/ 2000 W<\/li>\n<li>Tela de LCD.<\/li>\n<li>Termostato de temperatura.<\/li>\n<li>Cronograma operacional semanal.<\/li>\n<li>Consumo m\u00ednimo: 6 W (efeito chama).<\/li>\n<li>Diferentes poderes de calor.<\/li>\n<li>Extra plano.<\/li>\n<li>Calor de convec\u00e7\u00e3o.<\/li>\n<li>Painel frontal reto de vidro temperado com acabamento espelhado.<\/li>\n<li>Prote\u00e7\u00e3o contra superaquecimento.<\/li>\n<li>Efeito de chamas reais por LED, ajust\u00e1vel.<\/li>\n<li>Comando<\/li>\n<\/ul>\n<p><strong>Confira a nossa cole\u00e7\u00e3o completa de lareiras el\u00e9tricas:<\/strong><\/p>","protected":false},"featured_media":22466,"comment_status":"open","ping_status":"closed","template":"","meta":{"_glsr_average":0,"_glsr_ranking":0,"_glsr_reviews":0},"product_brand":[],"product_cat":[368,478,365],"product_tag":[],"class_list":{"0":"post-22460","1":"product","2":"type-product","3":"status-publish","4":"has-post-thumbnail","6":"product_cat-aquecimento","7":"product_cat-lareiras-eletricas","8":"product_cat-para-o-lar","10":"first","11":"instock","12":"taxable","13":"shipping-taxable","14":"purchasable","15":"product-type-simple"},"yoast_head":"<!-- This site is optimized with the Yoast SEO plugin v26.8 - https:\/\/yoast.com\/product\/yoast-seo-wordpress\/ -->\n<title>LAREIRA EL\u00c9TRICA DE PAREDE GOUVEIA ESPELHADA - Curiosidades &amp; Dicas, Lda<\/title>\n<meta name=\"robots\" content=\"index, follow, max-snippet:-1, max-image-preview:large, max-video-preview:-1\" \/>\n<link rel=\"canonical\" href=\"https:\/\/curiosidadesedicas.com\/loja\/en\/product\/lareira-eletrica-de-parede-gouveia-espelhada\/\" \/>\n<meta property=\"og:locale\" content=\"en_US\" \/>\n<meta property=\"og:type\" content=\"article\" \/>\n<meta property=\"og:title\" content=\"LAREIRA EL\u00c9TRICA DE PAREDE GOUVEIA ESPELHADA - Curiosidades &amp; Dicas, Lda\" \/>\n<meta property=\"og:description\" content=\"Lareira El\u00e9trica de Parede Gouveia Tela LCD Espelhada.   Medidas: 91x11x56 cm  Pot\u00eancia: 1000 W \/ 2000 W  Tela de LCD.  Termostato de temperatura.  Cronograma operacional semanal.  Consumo m\u00ednimo: 6 W (efeito chama).  Diferentes poderes de calor.  Extra plano.  Calor de convec\u00e7\u00e3o.  Painel frontal reto de vidro temperado com acabamento espelhado.  Prote\u00e7\u00e3o contra superaquecimento.  Efeito de chamas reais por LED, ajust\u00e1vel.  Comando  Confira a nossa cole\u00e7\u00e3o completa de lareiras el\u00e9tricas:\" \/>\n<meta property=\"og:url\" content=\"https:\/\/curiosidadesedicas.com\/loja\/en\/product\/lareira-eletrica-de-parede-gouveia-espelhada\/\" \/>\n<meta property=\"og:site_name\" content=\"Curiosidades &amp; Dicas, Lda\" \/>\n<meta property=\"article:modified_time\" content=\"2025-03-13T13:03:08+00:00\" \/>\n<meta property=\"og:image\" content=\"https:\/\/curiosidadesedicas.com\/loja\/wp-content\/uploads\/2021\/12\/1-12-1.png\" \/>\n\t<meta property=\"og:image:width\" content=\"726\" \/>\n\t<meta property=\"og:image:height\" content=\"689\" \/>\n\t<meta property=\"og:image:type\" content=\"image\/png\" \/>\n<meta name=\"twitter:card\" content=\"summary_large_image\" \/>\n<meta name=\"twitter:label1\" content=\"Est. reading time\" \/>\n\t<meta name=\"twitter:data1\" content=\"2 minutes\" \/>\n<script type=\"application\/ld+json\" class=\"yoast-schema-graph\">{\"@context\":\"https:\/\/schema.org\",\"@graph\":[{\"@type\":\"WebPage\",\"@id\":\"https:\/\/curiosidadesedicas.com\/loja\/produto\/lareira-eletrica-de-parede-gouveia-espelhada\/\",\"url\":\"https:\/\/curiosidadesedicas.com\/loja\/produto\/lareira-eletrica-de-parede-gouveia-espelhada\/\",\"name\":\"LAREIRA EL\u00c9TRICA DE PAREDE GOUVEIA ESPELHADA - Curiosidades &amp; Dicas, Lda\",\"isPartOf\":{\"@id\":\"https:\/\/curiosidadesedicas.com\/loja\/#website\"},\"primaryImageOfPage\":{\"@id\":\"https:\/\/curiosidadesedicas.com\/loja\/produto\/lareira-eletrica-de-parede-gouveia-espelhada\/#primaryimage\"},\"image\":{\"@id\":\"https:\/\/curiosidadesedicas.com\/loja\/produto\/lareira-eletrica-de-parede-gouveia-espelhada\/#primaryimage\"},\"thumbnailUrl\":\"https:\/\/curiosidadesedicas.com\/loja\/wp-content\/uploads\/2021\/12\/1-12-1.png\",\"datePublished\":\"2021-12-24T12:48:48+00:00\",\"dateModified\":\"2025-03-13T13:03:08+00:00\",\"breadcrumb\":{\"@id\":\"https:\/\/curiosidadesedicas.com\/loja\/produto\/lareira-eletrica-de-parede-gouveia-espelhada\/#breadcrumb\"},\"inLanguage\":\"en-US\",\"potentialAction\":[{\"@type\":\"ReadAction\",\"target\":[\"https:\/\/curiosidadesedicas.com\/loja\/produto\/lareira-eletrica-de-parede-gouveia-espelhada\/\"]}]},{\"@type\":\"ImageObject\",\"inLanguage\":\"en-US\",\"@id\":\"https:\/\/curiosidadesedicas.com\/loja\/produto\/lareira-eletrica-de-parede-gouveia-espelhada\/#primaryimage\",\"url\":\"https:\/\/curiosidadesedicas.com\/loja\/wp-content\/uploads\/2021\/12\/1-12-1.png\",\"contentUrl\":\"https:\/\/curiosidadesedicas.com\/loja\/wp-content\/uploads\/2021\/12\/1-12-1.png\",\"width\":726,\"height\":689},{\"@type\":\"BreadcrumbList\",\"@id\":\"https:\/\/curiosidadesedicas.com\/loja\/produto\/lareira-eletrica-de-parede-gouveia-espelhada\/#breadcrumb\",\"itemListElement\":[{\"@type\":\"ListItem\",\"position\":1,\"name\":\"In\u00edcio\",\"item\":\"https:\/\/curiosidadesedicas.com\/loja\/\"},{\"@type\":\"ListItem\",\"position\":2,\"name\":\"Produtos\",\"item\":\"https:\/\/curiosidadesedicas.com\/loja\/produtos\/\"},{\"@type\":\"ListItem\",\"position\":3,\"name\":\"LAREIRA EL\u00c9TRICA DE PAREDE GOUVEIA ESPELHADA\"}]},{\"@type\":\"WebSite\",\"@id\":\"https:\/\/curiosidadesedicas.com\/loja\/#website\",\"url\":\"https:\/\/curiosidadesedicas.com\/loja\/\",\"name\":\"Curiosidades &amp; Dicas, Lda\",\"description\":\"Apaixonados Por Inova\u00e7\u00e3o\",\"publisher\":{\"@id\":\"https:\/\/curiosidadesedicas.com\/loja\/#organization\"},\"potentialAction\":[{\"@type\":\"SearchAction\",\"target\":{\"@type\":\"EntryPoint\",\"urlTemplate\":\"https:\/\/curiosidadesedicas.com\/loja\/?s={search_term_string}\"},\"query-input\":{\"@type\":\"PropertyValueSpecification\",\"valueRequired\":true,\"valueName\":\"search_term_string\"}}],\"inLanguage\":\"en-US\"},{\"@type\":\"Organization\",\"@id\":\"https:\/\/curiosidadesedicas.com\/loja\/#organization\",\"name\":\"Curiosidades & Dicas\",\"url\":\"https:\/\/curiosidadesedicas.com\/loja\/\",\"logo\":{\"@type\":\"ImageObject\",\"inLanguage\":\"en-US\",\"@id\":\"https:\/\/curiosidadesedicas.com\/loja\/#\/schema\/logo\/image\/\",\"url\":\"https:\/\/curiosidadesedicas.com\/loja\/wp-content\/uploads\/2020\/05\/LogoCuriosidadesSimples.png\",\"contentUrl\":\"https:\/\/curiosidadesedicas.com\/loja\/wp-content\/uploads\/2020\/05\/LogoCuriosidadesSimples.png\",\"width\":3528,\"height\":804,\"caption\":\"Curiosidades & Dicas\"},\"image\":{\"@id\":\"https:\/\/curiosidadesedicas.com\/loja\/#\/schema\/logo\/image\/\"}}]}<\/script>\n<!-- \/ Yoast SEO plugin. -->","yoast_head_json":{"title":"LAREIRA EL\u00c9TRICA DE PAREDE GOUVEIA ESPELHADA - Curiosidades &amp; Dicas, Lda","robots":{"index":"index","follow":"follow","max-snippet":"max-snippet:-1","max-image-preview":"max-image-preview:large","max-video-preview":"max-video-preview:-1"},"canonical":"https:\/\/curiosidadesedicas.com\/loja\/en\/product\/lareira-eletrica-de-parede-gouveia-espelhada\/","og_locale":"en_US","og_type":"article","og_title":"LAREIRA EL\u00c9TRICA DE PAREDE GOUVEIA ESPELHADA - Curiosidades &amp; Dicas, Lda","og_description":"Lareira El\u00e9trica de Parede Gouveia Tela LCD Espelhada.   Medidas: 91x11x56 cm  Pot\u00eancia: 1000 W \/ 2000 W  Tela de LCD.  Termostato de temperatura.  Cronograma operacional semanal.  Consumo m\u00ednimo: 6 W (efeito chama).  Diferentes poderes de calor.  Extra plano.  Calor de convec\u00e7\u00e3o.  Painel frontal reto de vidro temperado com acabamento espelhado.  Prote\u00e7\u00e3o contra superaquecimento.  Efeito de chamas reais por LED, ajust\u00e1vel.  Comando  Confira a nossa cole\u00e7\u00e3o completa de lareiras el\u00e9tricas:","og_url":"https:\/\/curiosidadesedicas.com\/loja\/en\/product\/lareira-eletrica-de-parede-gouveia-espelhada\/","og_site_name":"Curiosidades &amp; Dicas, Lda","article_modified_time":"2025-03-13T13:03:08+00:00","og_image":[{"width":726,"height":689,"url":"https:\/\/curiosidadesedicas.com\/loja\/wp-content\/uploads\/2021\/12\/1-12-1.png","type":"image\/png"}],"twitter_card":"summary_large_image","twitter_misc":{"Est. reading time":"2 minutes"},"schema":{"@context":"https:\/\/schema.org","@graph":[{"@type":"WebPage","@id":"https:\/\/curiosidadesedicas.com\/loja\/produto\/lareira-eletrica-de-parede-gouveia-espelhada\/","url":"https:\/\/curiosidadesedicas.com\/loja\/produto\/lareira-eletrica-de-parede-gouveia-espelhada\/","name":"LAREIRA EL\u00c9TRICA DE PAREDE GOUVEIA ESPELHADA - Curiosidades &amp; Dicas, Lda","isPartOf":{"@id":"https:\/\/curiosidadesedicas.com\/loja\/#website"},"primaryImageOfPage":{"@id":"https:\/\/curiosidadesedicas.com\/loja\/produto\/lareira-eletrica-de-parede-gouveia-espelhada\/#primaryimage"},"image":{"@id":"https:\/\/curiosidadesedicas.com\/loja\/produto\/lareira-eletrica-de-parede-gouveia-espelhada\/#primaryimage"},"thumbnailUrl":"https:\/\/curiosidadesedicas.com\/loja\/wp-content\/uploads\/2021\/12\/1-12-1.png","datePublished":"2021-12-24T12:48:48+00:00","dateModified":"2025-03-13T13:03:08+00:00","breadcrumb":{"@id":"https:\/\/curiosidadesedicas.com\/loja\/produto\/lareira-eletrica-de-parede-gouveia-espelhada\/#breadcrumb"},"inLanguage":"en-US","potentialAction":[{"@type":"ReadAction","target":["https:\/\/curiosidadesedicas.com\/loja\/produto\/lareira-eletrica-de-parede-gouveia-espelhada\/"]}]},{"@type":"ImageObject","inLanguage":"en-US","@id":"https:\/\/curiosidadesedicas.com\/loja\/produto\/lareira-eletrica-de-parede-gouveia-espelhada\/#primaryimage","url":"https:\/\/curiosidadesedicas.com\/loja\/wp-content\/uploads\/2021\/12\/1-12-1.png","contentUrl":"https:\/\/curiosidadesedicas.com\/loja\/wp-content\/uploads\/2021\/12\/1-12-1.png","width":726,"height":689},{"@type":"BreadcrumbList","@id":"https:\/\/curiosidadesedicas.com\/loja\/produto\/lareira-eletrica-de-parede-gouveia-espelhada\/#breadcrumb","itemListElement":[{"@type":"ListItem","position":1,"name":"In\u00edcio","item":"https:\/\/curiosidadesedicas.com\/loja\/"},{"@type":"ListItem","position":2,"name":"Produtos","item":"https:\/\/curiosidadesedicas.com\/loja\/produtos\/"},{"@type":"ListItem","position":3,"name":"LAREIRA EL\u00c9TRICA DE PAREDE GOUVEIA ESPELHADA"}]},{"@type":"WebSite","@id":"https:\/\/curiosidadesedicas.com\/loja\/#website","url":"https:\/\/curiosidadesedicas.com\/loja\/","name":"Curiosidades &amp; Dicas, Lda","description":"Apaixonados Por Inova\u00e7\u00e3o","publisher":{"@id":"https:\/\/curiosidadesedicas.com\/loja\/#organization"},"potentialAction":[{"@type":"SearchAction","target":{"@type":"EntryPoint","urlTemplate":"https:\/\/curiosidadesedicas.com\/loja\/?s={search_term_string}"},"query-input":{"@type":"PropertyValueSpecification","valueRequired":true,"valueName":"search_term_string"}}],"inLanguage":"en-US"},{"@type":"Organization","@id":"https:\/\/curiosidadesedicas.com\/loja\/#organization","name":"Curiosidades & Dicas","url":"https:\/\/curiosidadesedicas.com\/loja\/","logo":{"@type":"ImageObject","inLanguage":"en-US","@id":"https:\/\/curiosidadesedicas.com\/loja\/#\/schema\/logo\/image\/","url":"https:\/\/curiosidadesedicas.com\/loja\/wp-content\/uploads\/2020\/05\/LogoCuriosidadesSimples.png","contentUrl":"https:\/\/curiosidadesedicas.com\/loja\/wp-content\/uploads\/2020\/05\/LogoCuriosidadesSimples.png","width":3528,"height":804,"caption":"Curiosidades & Dicas"},"image":{"@id":"https:\/\/curiosidadesedicas.com\/loja\/#\/schema\/logo\/image\/"}}]}},"_links":{"self":[{"href":"https:\/\/curiosidadesedicas.com\/loja\/en\/wp-json\/wp\/v2\/product\/22460","targetHints":{"allow":["GET"]}}],"collection":[{"href":"https:\/\/curiosidadesedicas.com\/loja\/en\/wp-json\/wp\/v2\/product"}],"about":[{"href":"https:\/\/curiosidadesedicas.com\/loja\/en\/wp-json\/wp\/v2\/types\/product"}],"replies":[{"embeddable":true,"href":"https:\/\/curiosidadesedicas.com\/loja\/en\/wp-json\/wp\/v2\/comments?post=22460"}],"wp:featuredmedia":[{"embeddable":true,"href":"https:\/\/curiosidadesedicas.com\/loja\/en\/wp-json\/wp\/v2\/media\/22466"}],"wp:attachment":[{"href":"https:\/\/curiosidadesedicas.com\/loja\/en\/wp-json\/wp\/v2\/media?parent=22460"}],"wp:term":[{"taxonomy":"product_brand","embeddable":true,"href":"https:\/\/curiosidadesedicas.com\/loja\/en\/wp-json\/wp\/v2\/product_brand?post=22460"},{"taxonomy":"product_cat","embeddable":true,"href":"https:\/\/curiosidadesedicas.com\/loja\/en\/wp-json\/wp\/v2\/product_cat?post=22460"},{"taxonomy":"product_tag","embeddable":true,"href":"https:\/\/curiosidadesedicas.com\/loja\/en\/wp-json\/wp\/v2\/product_tag?post=22460"}],"curies":[{"name":"wp","href":"https:\/\/api.w.org\/{rel}","templated":true}]}}