{"id":22427,"date":"2021-12-22T11:08:10","date_gmt":"2021-12-22T11:08:10","guid":{"rendered":"https:\/\/curiosidadesedicas.com\/loja\/?post_type=product&#038;p=22427"},"modified":"2021-12-22T11:11:05","modified_gmt":"2021-12-22T11:11:05","slug":"luz-presenca-led-noite-c-tomada-schuck-femea","status":"publish","type":"product","link":"https:\/\/curiosidadesedicas.com\/loja\/en\/product\/luz-presenca-led-noite-c-tomada-schuck-femea\/","title":{"rendered":"LUZ PRESEN\u00c7A LED NOITE C\/ TOMADA SCHUCK F\u00caMEA"},"content":{"rendered":"<ul>\n<li>Liga automaticamente quando escurece e desliga quando fica claro<\/li>\n<li>Mude a cor do LED carregando no bot\u00e3o t\u00e1ctil: verde, azul ou branco<\/li>\n<li>Tens\u00e3o de funcionamento: 230 VAC 50 Hz<\/li>\n<li>Carga m\u00e1x.: 2990 W 13 A<\/li>\n<li>Ilumina\u00e7\u00e3o: 9 x LED aproximadamente 0.06 W (n\u00e3o-substitu\u00edvel)<\/li>\n<li>Cor do LED regul\u00e1vel: branco, verde ou azul<\/li>\n<\/ul>\n<p>&nbsp;<\/p>","protected":false},"excerpt":{"rendered":"<ul>\n<li>Liga automaticamente quando escurece e desliga quando fica claro<\/li>\n<li>Mude a cor do LED carregando no bot\u00e3o t\u00e1ctil: verde, azul ou branco<\/li>\n<li>Tens\u00e3o de funcionamento: 230 VAC 50 Hz<\/li>\n<li>Carga m\u00e1x.: 2990 W 13 A<\/li>\n<li>Ilumina\u00e7\u00e3o: 9 x LED aproximadamente 0.06 W (n\u00e3o-substitu\u00edvel)<\/li>\n<li>Cor do LED regul\u00e1vel: branco, verde ou azul<\/li>\n<\/ul>\n<p><strong>Dispon\u00edvel:\u00a0<span title=\"\" data-toggle=\"tooltip\" data-placement=\"right\" data-original-title=\"Prazo indicado corresponde a um per\u00edodo estimado, para Portugal Continental. Prazo estimado v\u00e1lido apenas para a quantidade existente em stock. O prazo estimado poder\u00e1 sofrer altera\u00e7\u00f5es mediante disponibilidade ou \u00e9pocas sujeitas a atrasos (Exemplo: Black Friday, Natal, Campanhas Promocionais, Estado Emerg\u00eancia, ...)\">5 a 15 Dias \u00fateis<\/span><\/strong><\/p>\n<p><img decoding=\"async\" src=\"https:\/\/curiosidadesedicas.com\/loja\/wp-content\/uploads\/2021\/12\/ENL1-G-1.jpg\" \/><\/p>\n<p>&nbsp;<\/p>","protected":false},"featured_media":22428,"comment_status":"open","ping_status":"closed","template":"","meta":{"_glsr_average":0,"_glsr_ranking":0,"_glsr_reviews":0},"product_brand":[],"product_cat":[345,399],"product_tag":[],"class_list":{"0":"post-22427","1":"product","2":"type-product","3":"status-publish","4":"has-post-thumbnail","6":"product_cat-gadgets-led","7":"product_cat-luz-led","9":"first","10":"instock","11":"taxable","12":"shipping-taxable","13":"purchasable","14":"product-type-simple"},"yoast_head":"<!-- This site is optimized with the Yoast SEO plugin v26.8 - https:\/\/yoast.com\/product\/yoast-seo-wordpress\/ -->\n<title>LUZ PRESEN\u00c7A LED NOITE C\/ TOMADA SCHUCK F\u00caMEA - Curiosidades &amp; Dicas, Lda<\/title>\n<meta name=\"robots\" content=\"index, follow, max-snippet:-1, max-image-preview:large, max-video-preview:-1\" \/>\n<link rel=\"canonical\" href=\"https:\/\/curiosidadesedicas.com\/loja\/en\/product\/luz-presenca-led-noite-c-tomada-schuck-femea\/\" \/>\n<meta property=\"og:locale\" content=\"en_US\" \/>\n<meta property=\"og:type\" content=\"article\" \/>\n<meta property=\"og:title\" content=\"LUZ PRESEN\u00c7A LED NOITE C\/ TOMADA SCHUCK F\u00caMEA - Curiosidades &amp; Dicas, Lda\" \/>\n<meta property=\"og:description\" content=\"Liga automaticamente quando escurece e desliga quando fica claro  Mude a cor do LED carregando no bot\u00e3o t\u00e1ctil: verde, azul ou branco  Tens\u00e3o de funcionamento: 230 VAC 50 Hz  Carga m\u00e1x.: 2990 W 13 A  Ilumina\u00e7\u00e3o: 9 x LED aproximadamente 0.06 W (n\u00e3o-substitu\u00edvel)  Cor do LED regul\u00e1vel: branco, verde ou azul  Dispon\u00edvel:\u00a05 a 15 Dias \u00fateis    &nbsp;\" \/>\n<meta property=\"og:url\" content=\"https:\/\/curiosidadesedicas.com\/loja\/en\/product\/luz-presenca-led-noite-c-tomada-schuck-femea\/\" \/>\n<meta property=\"og:site_name\" content=\"Curiosidades &amp; Dicas, Lda\" \/>\n<meta property=\"article:modified_time\" content=\"2021-12-22T11:11:05+00:00\" \/>\n<meta property=\"og:image\" content=\"https:\/\/curiosidadesedicas.com\/loja\/wp-content\/uploads\/2021\/12\/1-6.png\" \/>\n\t<meta property=\"og:image:width\" content=\"562\" \/>\n\t<meta property=\"og:image:height\" content=\"533\" \/>\n\t<meta property=\"og:image:type\" content=\"image\/png\" \/>\n<meta name=\"twitter:card\" content=\"summary_large_image\" \/>\n<meta name=\"twitter:label1\" content=\"Est. reading time\" \/>\n\t<meta name=\"twitter:data1\" content=\"1 minute\" \/>\n<script type=\"application\/ld+json\" class=\"yoast-schema-graph\">{\"@context\":\"https:\/\/schema.org\",\"@graph\":[{\"@type\":\"WebPage\",\"@id\":\"https:\/\/curiosidadesedicas.com\/loja\/produto\/luz-presenca-led-noite-c-tomada-schuck-femea\/\",\"url\":\"https:\/\/curiosidadesedicas.com\/loja\/produto\/luz-presenca-led-noite-c-tomada-schuck-femea\/\",\"name\":\"LUZ PRESEN\u00c7A LED NOITE C\/ TOMADA SCHUCK F\u00caMEA - Curiosidades &amp; Dicas, Lda\",\"isPartOf\":{\"@id\":\"https:\/\/curiosidadesedicas.com\/loja\/#website\"},\"primaryImageOfPage\":{\"@id\":\"https:\/\/curiosidadesedicas.com\/loja\/produto\/luz-presenca-led-noite-c-tomada-schuck-femea\/#primaryimage\"},\"image\":{\"@id\":\"https:\/\/curiosidadesedicas.com\/loja\/produto\/luz-presenca-led-noite-c-tomada-schuck-femea\/#primaryimage\"},\"thumbnailUrl\":\"https:\/\/curiosidadesedicas.com\/loja\/wp-content\/uploads\/2021\/12\/1-6.png\",\"datePublished\":\"2021-12-22T11:08:10+00:00\",\"dateModified\":\"2021-12-22T11:11:05+00:00\",\"breadcrumb\":{\"@id\":\"https:\/\/curiosidadesedicas.com\/loja\/produto\/luz-presenca-led-noite-c-tomada-schuck-femea\/#breadcrumb\"},\"inLanguage\":\"en-US\",\"potentialAction\":[{\"@type\":\"ReadAction\",\"target\":[\"https:\/\/curiosidadesedicas.com\/loja\/produto\/luz-presenca-led-noite-c-tomada-schuck-femea\/\"]}]},{\"@type\":\"ImageObject\",\"inLanguage\":\"en-US\",\"@id\":\"https:\/\/curiosidadesedicas.com\/loja\/produto\/luz-presenca-led-noite-c-tomada-schuck-femea\/#primaryimage\",\"url\":\"https:\/\/curiosidadesedicas.com\/loja\/wp-content\/uploads\/2021\/12\/1-6.png\",\"contentUrl\":\"https:\/\/curiosidadesedicas.com\/loja\/wp-content\/uploads\/2021\/12\/1-6.png\",\"width\":562,\"height\":533},{\"@type\":\"BreadcrumbList\",\"@id\":\"https:\/\/curiosidadesedicas.com\/loja\/produto\/luz-presenca-led-noite-c-tomada-schuck-femea\/#breadcrumb\",\"itemListElement\":[{\"@type\":\"ListItem\",\"position\":1,\"name\":\"In\u00edcio\",\"item\":\"https:\/\/curiosidadesedicas.com\/loja\/\"},{\"@type\":\"ListItem\",\"position\":2,\"name\":\"Produtos\",\"item\":\"https:\/\/curiosidadesedicas.com\/loja\/produtos\/\"},{\"@type\":\"ListItem\",\"position\":3,\"name\":\"LUZ PRESEN\u00c7A LED NOITE C\/ TOMADA SCHUCK F\u00caMEA\"}]},{\"@type\":\"WebSite\",\"@id\":\"https:\/\/curiosidadesedicas.com\/loja\/#website\",\"url\":\"https:\/\/curiosidadesedicas.com\/loja\/\",\"name\":\"Curiosidades &amp; Dicas, Lda\",\"description\":\"Apaixonados Por Inova\u00e7\u00e3o\",\"publisher\":{\"@id\":\"https:\/\/curiosidadesedicas.com\/loja\/#organization\"},\"potentialAction\":[{\"@type\":\"SearchAction\",\"target\":{\"@type\":\"EntryPoint\",\"urlTemplate\":\"https:\/\/curiosidadesedicas.com\/loja\/?s={search_term_string}\"},\"query-input\":{\"@type\":\"PropertyValueSpecification\",\"valueRequired\":true,\"valueName\":\"search_term_string\"}}],\"inLanguage\":\"en-US\"},{\"@type\":\"Organization\",\"@id\":\"https:\/\/curiosidadesedicas.com\/loja\/#organization\",\"name\":\"Curiosidades & Dicas\",\"url\":\"https:\/\/curiosidadesedicas.com\/loja\/\",\"logo\":{\"@type\":\"ImageObject\",\"inLanguage\":\"en-US\",\"@id\":\"https:\/\/curiosidadesedicas.com\/loja\/#\/schema\/logo\/image\/\",\"url\":\"https:\/\/curiosidadesedicas.com\/loja\/wp-content\/uploads\/2020\/05\/LogoCuriosidadesSimples.png\",\"contentUrl\":\"https:\/\/curiosidadesedicas.com\/loja\/wp-content\/uploads\/2020\/05\/LogoCuriosidadesSimples.png\",\"width\":3528,\"height\":804,\"caption\":\"Curiosidades & Dicas\"},\"image\":{\"@id\":\"https:\/\/curiosidadesedicas.com\/loja\/#\/schema\/logo\/image\/\"}}]}<\/script>\n<!-- \/ Yoast SEO plugin. -->","yoast_head_json":{"title":"LUZ PRESEN\u00c7A LED NOITE C\/ TOMADA SCHUCK F\u00caMEA - Curiosidades &amp; Dicas, Lda","robots":{"index":"index","follow":"follow","max-snippet":"max-snippet:-1","max-image-preview":"max-image-preview:large","max-video-preview":"max-video-preview:-1"},"canonical":"https:\/\/curiosidadesedicas.com\/loja\/en\/product\/luz-presenca-led-noite-c-tomada-schuck-femea\/","og_locale":"en_US","og_type":"article","og_title":"LUZ PRESEN\u00c7A LED NOITE C\/ TOMADA SCHUCK F\u00caMEA - Curiosidades &amp; Dicas, Lda","og_description":"Liga automaticamente quando escurece e desliga quando fica claro  Mude a cor do LED carregando no bot\u00e3o t\u00e1ctil: verde, azul ou branco  Tens\u00e3o de funcionamento: 230 VAC 50 Hz  Carga m\u00e1x.: 2990 W 13 A  Ilumina\u00e7\u00e3o: 9 x LED aproximadamente 0.06 W (n\u00e3o-substitu\u00edvel)  Cor do LED regul\u00e1vel: branco, verde ou azul  Dispon\u00edvel:\u00a05 a 15 Dias \u00fateis    &nbsp;","og_url":"https:\/\/curiosidadesedicas.com\/loja\/en\/product\/luz-presenca-led-noite-c-tomada-schuck-femea\/","og_site_name":"Curiosidades &amp; Dicas, Lda","article_modified_time":"2021-12-22T11:11:05+00:00","og_image":[{"width":562,"height":533,"url":"https:\/\/curiosidadesedicas.com\/loja\/wp-content\/uploads\/2021\/12\/1-6.png","type":"image\/png"}],"twitter_card":"summary_large_image","twitter_misc":{"Est. reading time":"1 minute"},"schema":{"@context":"https:\/\/schema.org","@graph":[{"@type":"WebPage","@id":"https:\/\/curiosidadesedicas.com\/loja\/produto\/luz-presenca-led-noite-c-tomada-schuck-femea\/","url":"https:\/\/curiosidadesedicas.com\/loja\/produto\/luz-presenca-led-noite-c-tomada-schuck-femea\/","name":"LUZ PRESEN\u00c7A LED NOITE C\/ TOMADA SCHUCK F\u00caMEA - Curiosidades &amp; Dicas, Lda","isPartOf":{"@id":"https:\/\/curiosidadesedicas.com\/loja\/#website"},"primaryImageOfPage":{"@id":"https:\/\/curiosidadesedicas.com\/loja\/produto\/luz-presenca-led-noite-c-tomada-schuck-femea\/#primaryimage"},"image":{"@id":"https:\/\/curiosidadesedicas.com\/loja\/produto\/luz-presenca-led-noite-c-tomada-schuck-femea\/#primaryimage"},"thumbnailUrl":"https:\/\/curiosidadesedicas.com\/loja\/wp-content\/uploads\/2021\/12\/1-6.png","datePublished":"2021-12-22T11:08:10+00:00","dateModified":"2021-12-22T11:11:05+00:00","breadcrumb":{"@id":"https:\/\/curiosidadesedicas.com\/loja\/produto\/luz-presenca-led-noite-c-tomada-schuck-femea\/#breadcrumb"},"inLanguage":"en-US","potentialAction":[{"@type":"ReadAction","target":["https:\/\/curiosidadesedicas.com\/loja\/produto\/luz-presenca-led-noite-c-tomada-schuck-femea\/"]}]},{"@type":"ImageObject","inLanguage":"en-US","@id":"https:\/\/curiosidadesedicas.com\/loja\/produto\/luz-presenca-led-noite-c-tomada-schuck-femea\/#primaryimage","url":"https:\/\/curiosidadesedicas.com\/loja\/wp-content\/uploads\/2021\/12\/1-6.png","contentUrl":"https:\/\/curiosidadesedicas.com\/loja\/wp-content\/uploads\/2021\/12\/1-6.png","width":562,"height":533},{"@type":"BreadcrumbList","@id":"https:\/\/curiosidadesedicas.com\/loja\/produto\/luz-presenca-led-noite-c-tomada-schuck-femea\/#breadcrumb","itemListElement":[{"@type":"ListItem","position":1,"name":"In\u00edcio","item":"https:\/\/curiosidadesedicas.com\/loja\/"},{"@type":"ListItem","position":2,"name":"Produtos","item":"https:\/\/curiosidadesedicas.com\/loja\/produtos\/"},{"@type":"ListItem","position":3,"name":"LUZ PRESEN\u00c7A LED NOITE C\/ TOMADA SCHUCK F\u00caMEA"}]},{"@type":"WebSite","@id":"https:\/\/curiosidadesedicas.com\/loja\/#website","url":"https:\/\/curiosidadesedicas.com\/loja\/","name":"Curiosidades &amp; Dicas, Lda","description":"Apaixonados Por Inova\u00e7\u00e3o","publisher":{"@id":"https:\/\/curiosidadesedicas.com\/loja\/#organization"},"potentialAction":[{"@type":"SearchAction","target":{"@type":"EntryPoint","urlTemplate":"https:\/\/curiosidadesedicas.com\/loja\/?s={search_term_string}"},"query-input":{"@type":"PropertyValueSpecification","valueRequired":true,"valueName":"search_term_string"}}],"inLanguage":"en-US"},{"@type":"Organization","@id":"https:\/\/curiosidadesedicas.com\/loja\/#organization","name":"Curiosidades & Dicas","url":"https:\/\/curiosidadesedicas.com\/loja\/","logo":{"@type":"ImageObject","inLanguage":"en-US","@id":"https:\/\/curiosidadesedicas.com\/loja\/#\/schema\/logo\/image\/","url":"https:\/\/curiosidadesedicas.com\/loja\/wp-content\/uploads\/2020\/05\/LogoCuriosidadesSimples.png","contentUrl":"https:\/\/curiosidadesedicas.com\/loja\/wp-content\/uploads\/2020\/05\/LogoCuriosidadesSimples.png","width":3528,"height":804,"caption":"Curiosidades & Dicas"},"image":{"@id":"https:\/\/curiosidadesedicas.com\/loja\/#\/schema\/logo\/image\/"}}]}},"_links":{"self":[{"href":"https:\/\/curiosidadesedicas.com\/loja\/en\/wp-json\/wp\/v2\/product\/22427","targetHints":{"allow":["GET"]}}],"collection":[{"href":"https:\/\/curiosidadesedicas.com\/loja\/en\/wp-json\/wp\/v2\/product"}],"about":[{"href":"https:\/\/curiosidadesedicas.com\/loja\/en\/wp-json\/wp\/v2\/types\/product"}],"replies":[{"embeddable":true,"href":"https:\/\/curiosidadesedicas.com\/loja\/en\/wp-json\/wp\/v2\/comments?post=22427"}],"wp:featuredmedia":[{"embeddable":true,"href":"https:\/\/curiosidadesedicas.com\/loja\/en\/wp-json\/wp\/v2\/media\/22428"}],"wp:attachment":[{"href":"https:\/\/curiosidadesedicas.com\/loja\/en\/wp-json\/wp\/v2\/media?parent=22427"}],"wp:term":[{"taxonomy":"product_brand","embeddable":true,"href":"https:\/\/curiosidadesedicas.com\/loja\/en\/wp-json\/wp\/v2\/product_brand?post=22427"},{"taxonomy":"product_cat","embeddable":true,"href":"https:\/\/curiosidadesedicas.com\/loja\/en\/wp-json\/wp\/v2\/product_cat?post=22427"},{"taxonomy":"product_tag","embeddable":true,"href":"https:\/\/curiosidadesedicas.com\/loja\/en\/wp-json\/wp\/v2\/product_tag?post=22427"}],"curies":[{"name":"wp","href":"https:\/\/api.w.org\/{rel}","templated":true}]}}