{"id":22301,"date":"2021-12-09T13:07:24","date_gmt":"2021-12-09T13:07:24","guid":{"rendered":"https:\/\/curiosidadesedicas.com\/loja\/?post_type=product&#038;p=22301"},"modified":"2024-04-23T15:01:10","modified_gmt":"2024-04-23T15:01:10","slug":"almofada-de-pescoco-e-costas-60w-40-x-38-cm","status":"publish","type":"product","link":"https:\/\/curiosidadesedicas.com\/loja\/en\/product\/almofada-de-pescoco-e-costas-60w-40-x-38-cm\/","title":{"rendered":"ALMOFADA DE PESCO\u00c7O E COSTAS 60W 40 X 38 CM"},"content":{"rendered":"<p class=\"small_desc\">Ajuda a aliviar dores musculares e articula\u00e7\u00f5es doloridas. A almofada de pesco\u00e7o e costas, tamanho: 40 \u00d7 38 cm. Possui tem 3 n\u00edveis de temperatura, pot\u00eancia: 60W.<\/p>\n<p>Prote\u00e7\u00e3o contra superaquecimento.<\/p>","protected":false},"excerpt":{"rendered":"<p>A almofada de pesco\u00e7o e costas ajuda a aliviar dores musculares e articula\u00e7\u00f5es doloridas.<\/p>\n<ul>\n<li>Indicador luminoso LED<\/li>\n<li>Dimens\u00f5es: 40 x 38 cm<\/li>\n<li>1 controlador<\/li>\n<li>Prote\u00e7\u00e3o contra superaquecimento<\/li>\n<li>3 n\u00edveis de temperatura<\/li>\n<li>Material: Tapete de PVC verde com forro polar azul lav\u00e1vel<\/li>\n<li>Pot\u00eancia: 60W<\/li>\n<li>Tens\u00e3o: 220V-240V \/ 50Hz<\/li>\n<\/ul>","protected":false},"featured_media":22302,"comment_status":"open","ping_status":"closed","template":"","meta":{"_glsr_average":0,"_glsr_ranking":0,"_glsr_reviews":0},"product_brand":[],"product_cat":[357,363,359,358,368,480],"product_tag":[],"class_list":{"0":"post-22301","1":"product","2":"type-product","3":"status-publish","4":"has-post-thumbnail","6":"product_cat-bem-estar","7":"product_cat-almofadas","8":"product_cat-relax","9":"product_cat-saude-e-higiene","10":"product_cat-aquecimento","11":"product_cat-pessoal","13":"first","14":"outofstock","15":"taxable","16":"shipping-taxable","17":"purchasable","18":"product-type-simple"},"yoast_head":"<!-- This site is optimized with the Yoast SEO plugin v26.8 - https:\/\/yoast.com\/product\/yoast-seo-wordpress\/ -->\n<title>ALMOFADA DE PESCO\u00c7O E COSTAS 60W 40 X 38 CM - Curiosidades &amp; Dicas, Lda<\/title>\n<meta name=\"robots\" content=\"index, follow, max-snippet:-1, max-image-preview:large, max-video-preview:-1\" \/>\n<link rel=\"canonical\" href=\"https:\/\/curiosidadesedicas.com\/loja\/en\/product\/almofada-de-pescoco-e-costas-60w-40-x-38-cm\/\" \/>\n<meta property=\"og:locale\" content=\"en_US\" \/>\n<meta property=\"og:type\" content=\"article\" \/>\n<meta property=\"og:title\" content=\"ALMOFADA DE PESCO\u00c7O E COSTAS 60W 40 X 38 CM - Curiosidades &amp; Dicas, Lda\" \/>\n<meta property=\"og:description\" content=\"A almofada de pesco\u00e7o e costas ajuda a aliviar dores musculares e articula\u00e7\u00f5es doloridas.   Indicador luminoso LED  Dimens\u00f5es: 40 x 38 cm  1 controlador  Prote\u00e7\u00e3o contra superaquecimento  3 n\u00edveis de temperatura  Material: Tapete de PVC verde com forro polar azul lav\u00e1vel  Pot\u00eancia: 60W  Tens\u00e3o: 220V-240V \/ 50Hz\" \/>\n<meta property=\"og:url\" content=\"https:\/\/curiosidadesedicas.com\/loja\/en\/product\/almofada-de-pescoco-e-costas-60w-40-x-38-cm\/\" \/>\n<meta property=\"og:site_name\" content=\"Curiosidades &amp; Dicas, Lda\" \/>\n<meta property=\"article:modified_time\" content=\"2024-04-23T15:01:10+00:00\" \/>\n<meta property=\"og:image\" content=\"https:\/\/curiosidadesedicas.com\/loja\/wp-content\/uploads\/2021\/12\/th-eb200-almohadilla-de-cuello-y-espalda-40x38-cm-3-temperaturas-60w-thulos-th-eb200-almohadilla-de-cuello-y-espalda-tamano-40x31-1.jpg\" \/>\n\t<meta property=\"og:image:width\" content=\"800\" \/>\n\t<meta property=\"og:image:height\" content=\"800\" \/>\n\t<meta property=\"og:image:type\" content=\"image\/jpeg\" \/>\n<meta name=\"twitter:card\" content=\"summary_large_image\" \/>\n<meta name=\"twitter:label1\" content=\"Est. reading time\" \/>\n\t<meta name=\"twitter:data1\" content=\"1 minute\" \/>\n<script type=\"application\/ld+json\" class=\"yoast-schema-graph\">{\"@context\":\"https:\/\/schema.org\",\"@graph\":[{\"@type\":\"WebPage\",\"@id\":\"https:\/\/curiosidadesedicas.com\/loja\/produto\/almofada-de-pescoco-e-costas-60w-40-x-38-cm\/\",\"url\":\"https:\/\/curiosidadesedicas.com\/loja\/produto\/almofada-de-pescoco-e-costas-60w-40-x-38-cm\/\",\"name\":\"ALMOFADA DE PESCO\u00c7O E COSTAS 60W 40 X 38 CM - Curiosidades &amp; Dicas, Lda\",\"isPartOf\":{\"@id\":\"https:\/\/curiosidadesedicas.com\/loja\/#website\"},\"primaryImageOfPage\":{\"@id\":\"https:\/\/curiosidadesedicas.com\/loja\/produto\/almofada-de-pescoco-e-costas-60w-40-x-38-cm\/#primaryimage\"},\"image\":{\"@id\":\"https:\/\/curiosidadesedicas.com\/loja\/produto\/almofada-de-pescoco-e-costas-60w-40-x-38-cm\/#primaryimage\"},\"thumbnailUrl\":\"https:\/\/curiosidadesedicas.com\/loja\/wp-content\/uploads\/2021\/12\/th-eb200-almohadilla-de-cuello-y-espalda-40x38-cm-3-temperaturas-60w-thulos-th-eb200-almohadilla-de-cuello-y-espalda-tamano-40x31-1.jpg\",\"datePublished\":\"2021-12-09T13:07:24+00:00\",\"dateModified\":\"2024-04-23T15:01:10+00:00\",\"breadcrumb\":{\"@id\":\"https:\/\/curiosidadesedicas.com\/loja\/produto\/almofada-de-pescoco-e-costas-60w-40-x-38-cm\/#breadcrumb\"},\"inLanguage\":\"en-US\",\"potentialAction\":[{\"@type\":\"ReadAction\",\"target\":[\"https:\/\/curiosidadesedicas.com\/loja\/produto\/almofada-de-pescoco-e-costas-60w-40-x-38-cm\/\"]}]},{\"@type\":\"ImageObject\",\"inLanguage\":\"en-US\",\"@id\":\"https:\/\/curiosidadesedicas.com\/loja\/produto\/almofada-de-pescoco-e-costas-60w-40-x-38-cm\/#primaryimage\",\"url\":\"https:\/\/curiosidadesedicas.com\/loja\/wp-content\/uploads\/2021\/12\/th-eb200-almohadilla-de-cuello-y-espalda-40x38-cm-3-temperaturas-60w-thulos-th-eb200-almohadilla-de-cuello-y-espalda-tamano-40x31-1.jpg\",\"contentUrl\":\"https:\/\/curiosidadesedicas.com\/loja\/wp-content\/uploads\/2021\/12\/th-eb200-almohadilla-de-cuello-y-espalda-40x38-cm-3-temperaturas-60w-thulos-th-eb200-almohadilla-de-cuello-y-espalda-tamano-40x31-1.jpg\",\"width\":800,\"height\":800},{\"@type\":\"BreadcrumbList\",\"@id\":\"https:\/\/curiosidadesedicas.com\/loja\/produto\/almofada-de-pescoco-e-costas-60w-40-x-38-cm\/#breadcrumb\",\"itemListElement\":[{\"@type\":\"ListItem\",\"position\":1,\"name\":\"In\u00edcio\",\"item\":\"https:\/\/curiosidadesedicas.com\/loja\/\"},{\"@type\":\"ListItem\",\"position\":2,\"name\":\"Produtos\",\"item\":\"https:\/\/curiosidadesedicas.com\/loja\/produtos\/\"},{\"@type\":\"ListItem\",\"position\":3,\"name\":\"ALMOFADA DE PESCO\u00c7O E COSTAS 60W 40 X 38 CM\"}]},{\"@type\":\"WebSite\",\"@id\":\"https:\/\/curiosidadesedicas.com\/loja\/#website\",\"url\":\"https:\/\/curiosidadesedicas.com\/loja\/\",\"name\":\"Curiosidades &amp; Dicas, Lda\",\"description\":\"Apaixonados Por Inova\u00e7\u00e3o\",\"publisher\":{\"@id\":\"https:\/\/curiosidadesedicas.com\/loja\/#organization\"},\"potentialAction\":[{\"@type\":\"SearchAction\",\"target\":{\"@type\":\"EntryPoint\",\"urlTemplate\":\"https:\/\/curiosidadesedicas.com\/loja\/?s={search_term_string}\"},\"query-input\":{\"@type\":\"PropertyValueSpecification\",\"valueRequired\":true,\"valueName\":\"search_term_string\"}}],\"inLanguage\":\"en-US\"},{\"@type\":\"Organization\",\"@id\":\"https:\/\/curiosidadesedicas.com\/loja\/#organization\",\"name\":\"Curiosidades & Dicas\",\"url\":\"https:\/\/curiosidadesedicas.com\/loja\/\",\"logo\":{\"@type\":\"ImageObject\",\"inLanguage\":\"en-US\",\"@id\":\"https:\/\/curiosidadesedicas.com\/loja\/#\/schema\/logo\/image\/\",\"url\":\"https:\/\/curiosidadesedicas.com\/loja\/wp-content\/uploads\/2020\/05\/LogoCuriosidadesSimples.png\",\"contentUrl\":\"https:\/\/curiosidadesedicas.com\/loja\/wp-content\/uploads\/2020\/05\/LogoCuriosidadesSimples.png\",\"width\":3528,\"height\":804,\"caption\":\"Curiosidades & Dicas\"},\"image\":{\"@id\":\"https:\/\/curiosidadesedicas.com\/loja\/#\/schema\/logo\/image\/\"}}]}<\/script>\n<!-- \/ Yoast SEO plugin. -->","yoast_head_json":{"title":"ALMOFADA DE PESCO\u00c7O E COSTAS 60W 40 X 38 CM - Curiosidades &amp; Dicas, Lda","robots":{"index":"index","follow":"follow","max-snippet":"max-snippet:-1","max-image-preview":"max-image-preview:large","max-video-preview":"max-video-preview:-1"},"canonical":"https:\/\/curiosidadesedicas.com\/loja\/en\/product\/almofada-de-pescoco-e-costas-60w-40-x-38-cm\/","og_locale":"en_US","og_type":"article","og_title":"ALMOFADA DE PESCO\u00c7O E COSTAS 60W 40 X 38 CM - Curiosidades &amp; Dicas, Lda","og_description":"A almofada de pesco\u00e7o e costas ajuda a aliviar dores musculares e articula\u00e7\u00f5es doloridas.   Indicador luminoso LED  Dimens\u00f5es: 40 x 38 cm  1 controlador  Prote\u00e7\u00e3o contra superaquecimento  3 n\u00edveis de temperatura  Material: Tapete de PVC verde com forro polar azul lav\u00e1vel  Pot\u00eancia: 60W  Tens\u00e3o: 220V-240V \/ 50Hz","og_url":"https:\/\/curiosidadesedicas.com\/loja\/en\/product\/almofada-de-pescoco-e-costas-60w-40-x-38-cm\/","og_site_name":"Curiosidades &amp; Dicas, Lda","article_modified_time":"2024-04-23T15:01:10+00:00","og_image":[{"width":800,"height":800,"url":"https:\/\/curiosidadesedicas.com\/loja\/wp-content\/uploads\/2021\/12\/th-eb200-almohadilla-de-cuello-y-espalda-40x38-cm-3-temperaturas-60w-thulos-th-eb200-almohadilla-de-cuello-y-espalda-tamano-40x31-1.jpg","type":"image\/jpeg"}],"twitter_card":"summary_large_image","twitter_misc":{"Est. reading time":"1 minute"},"schema":{"@context":"https:\/\/schema.org","@graph":[{"@type":"WebPage","@id":"https:\/\/curiosidadesedicas.com\/loja\/produto\/almofada-de-pescoco-e-costas-60w-40-x-38-cm\/","url":"https:\/\/curiosidadesedicas.com\/loja\/produto\/almofada-de-pescoco-e-costas-60w-40-x-38-cm\/","name":"ALMOFADA DE PESCO\u00c7O E COSTAS 60W 40 X 38 CM - Curiosidades &amp; Dicas, Lda","isPartOf":{"@id":"https:\/\/curiosidadesedicas.com\/loja\/#website"},"primaryImageOfPage":{"@id":"https:\/\/curiosidadesedicas.com\/loja\/produto\/almofada-de-pescoco-e-costas-60w-40-x-38-cm\/#primaryimage"},"image":{"@id":"https:\/\/curiosidadesedicas.com\/loja\/produto\/almofada-de-pescoco-e-costas-60w-40-x-38-cm\/#primaryimage"},"thumbnailUrl":"https:\/\/curiosidadesedicas.com\/loja\/wp-content\/uploads\/2021\/12\/th-eb200-almohadilla-de-cuello-y-espalda-40x38-cm-3-temperaturas-60w-thulos-th-eb200-almohadilla-de-cuello-y-espalda-tamano-40x31-1.jpg","datePublished":"2021-12-09T13:07:24+00:00","dateModified":"2024-04-23T15:01:10+00:00","breadcrumb":{"@id":"https:\/\/curiosidadesedicas.com\/loja\/produto\/almofada-de-pescoco-e-costas-60w-40-x-38-cm\/#breadcrumb"},"inLanguage":"en-US","potentialAction":[{"@type":"ReadAction","target":["https:\/\/curiosidadesedicas.com\/loja\/produto\/almofada-de-pescoco-e-costas-60w-40-x-38-cm\/"]}]},{"@type":"ImageObject","inLanguage":"en-US","@id":"https:\/\/curiosidadesedicas.com\/loja\/produto\/almofada-de-pescoco-e-costas-60w-40-x-38-cm\/#primaryimage","url":"https:\/\/curiosidadesedicas.com\/loja\/wp-content\/uploads\/2021\/12\/th-eb200-almohadilla-de-cuello-y-espalda-40x38-cm-3-temperaturas-60w-thulos-th-eb200-almohadilla-de-cuello-y-espalda-tamano-40x31-1.jpg","contentUrl":"https:\/\/curiosidadesedicas.com\/loja\/wp-content\/uploads\/2021\/12\/th-eb200-almohadilla-de-cuello-y-espalda-40x38-cm-3-temperaturas-60w-thulos-th-eb200-almohadilla-de-cuello-y-espalda-tamano-40x31-1.jpg","width":800,"height":800},{"@type":"BreadcrumbList","@id":"https:\/\/curiosidadesedicas.com\/loja\/produto\/almofada-de-pescoco-e-costas-60w-40-x-38-cm\/#breadcrumb","itemListElement":[{"@type":"ListItem","position":1,"name":"In\u00edcio","item":"https:\/\/curiosidadesedicas.com\/loja\/"},{"@type":"ListItem","position":2,"name":"Produtos","item":"https:\/\/curiosidadesedicas.com\/loja\/produtos\/"},{"@type":"ListItem","position":3,"name":"ALMOFADA DE PESCO\u00c7O E COSTAS 60W 40 X 38 CM"}]},{"@type":"WebSite","@id":"https:\/\/curiosidadesedicas.com\/loja\/#website","url":"https:\/\/curiosidadesedicas.com\/loja\/","name":"Curiosidades &amp; Dicas, Lda","description":"Apaixonados Por Inova\u00e7\u00e3o","publisher":{"@id":"https:\/\/curiosidadesedicas.com\/loja\/#organization"},"potentialAction":[{"@type":"SearchAction","target":{"@type":"EntryPoint","urlTemplate":"https:\/\/curiosidadesedicas.com\/loja\/?s={search_term_string}"},"query-input":{"@type":"PropertyValueSpecification","valueRequired":true,"valueName":"search_term_string"}}],"inLanguage":"en-US"},{"@type":"Organization","@id":"https:\/\/curiosidadesedicas.com\/loja\/#organization","name":"Curiosidades & Dicas","url":"https:\/\/curiosidadesedicas.com\/loja\/","logo":{"@type":"ImageObject","inLanguage":"en-US","@id":"https:\/\/curiosidadesedicas.com\/loja\/#\/schema\/logo\/image\/","url":"https:\/\/curiosidadesedicas.com\/loja\/wp-content\/uploads\/2020\/05\/LogoCuriosidadesSimples.png","contentUrl":"https:\/\/curiosidadesedicas.com\/loja\/wp-content\/uploads\/2020\/05\/LogoCuriosidadesSimples.png","width":3528,"height":804,"caption":"Curiosidades & Dicas"},"image":{"@id":"https:\/\/curiosidadesedicas.com\/loja\/#\/schema\/logo\/image\/"}}]}},"_links":{"self":[{"href":"https:\/\/curiosidadesedicas.com\/loja\/en\/wp-json\/wp\/v2\/product\/22301","targetHints":{"allow":["GET"]}}],"collection":[{"href":"https:\/\/curiosidadesedicas.com\/loja\/en\/wp-json\/wp\/v2\/product"}],"about":[{"href":"https:\/\/curiosidadesedicas.com\/loja\/en\/wp-json\/wp\/v2\/types\/product"}],"replies":[{"embeddable":true,"href":"https:\/\/curiosidadesedicas.com\/loja\/en\/wp-json\/wp\/v2\/comments?post=22301"}],"wp:featuredmedia":[{"embeddable":true,"href":"https:\/\/curiosidadesedicas.com\/loja\/en\/wp-json\/wp\/v2\/media\/22302"}],"wp:attachment":[{"href":"https:\/\/curiosidadesedicas.com\/loja\/en\/wp-json\/wp\/v2\/media?parent=22301"}],"wp:term":[{"taxonomy":"product_brand","embeddable":true,"href":"https:\/\/curiosidadesedicas.com\/loja\/en\/wp-json\/wp\/v2\/product_brand?post=22301"},{"taxonomy":"product_cat","embeddable":true,"href":"https:\/\/curiosidadesedicas.com\/loja\/en\/wp-json\/wp\/v2\/product_cat?post=22301"},{"taxonomy":"product_tag","embeddable":true,"href":"https:\/\/curiosidadesedicas.com\/loja\/en\/wp-json\/wp\/v2\/product_tag?post=22301"}],"curies":[{"name":"wp","href":"https:\/\/api.w.org\/{rel}","templated":true}]}}