{"id":21884,"date":"2021-09-30T12:06:30","date_gmt":"2021-09-30T12:06:30","guid":{"rendered":"https:\/\/curiosidadesedicas.com\/loja\/?post_type=product&#038;p=21884"},"modified":"2025-03-14T09:33:38","modified_gmt":"2025-03-14T09:33:38","slug":"cabide-multiplo-8-em-1","status":"publish","type":"product","link":"https:\/\/curiosidadesedicas.com\/loja\/en\/product\/cabide-multiplo-8-em-1\/","title":{"rendered":"CABIDE M\u00daLTIPLO 8 EM 1"},"content":{"rendered":"<p>O novo e pr\u00e1tico cabide m\u00faltiplo 8 em 1, \u00e9 um c\u00f3modo e vers\u00e1til objeto para pendurar roupa, perfeito para organizar o vestu\u00e1rio e ocupar o m\u00ednimo espa\u00e7o no roupeiro. Gra\u00e7as ao seu design moderno e funcional, o cabide m\u00faltiplo permite v\u00e1rias possibilidades de utiliza\u00e7\u00e3o, adaptando-se, assim, a todas as necessidades. Al\u00e9m disso, as extremidades de cada cabide dobram-se facilmente pressionando a parte superior, o que facilita a tarefa de organizar a roupa sem que esta fique com dobras.<\/p>\n<ul>\n<li>Fabricado em PP<\/li>\n<li>F\u00e1cil de utilizar e arrumar<\/li>\n<li>Gancho para pendurar girat\u00f3rio 360\u00ba<\/li>\n<li>8 cabides unidos entre si<\/li>\n<li>Design dobr\u00e1vel e revers\u00edvel (2 posi\u00e7\u00f5es: horizontal e vertical)<\/li>\n<li>Melhor organiza\u00e7\u00e3o e poupan\u00e7a de espa\u00e7o no arm\u00e1rio<\/li>\n<li>Medidas aprox. (posi\u00e7\u00e3o horizontal): 41 x 23 x 52 cm<\/li>\n<li>Medidas aprox. (posi\u00e7\u00e3o vertical): 10 x 50 x 41 cm<\/li>\n<li>Medidas aprox. (fechado): 17 x 63 x 7 cm<\/li>\n<\/ul>","protected":false},"excerpt":{"rendered":"<p>O novo e pr\u00e1tico\u00a0cabide m\u00faltiplo 8 em, \u00e9 um c\u00f3modo e vers\u00e1til objeto para\u00a0pendurar roupa, perfeito para organizar o vestu\u00e1rio e ocupar o m\u00ednimo espa\u00e7o no roupeiro. Gra\u00e7as ao seu design moderno e funcional, o cabide m\u00faltiplo permite v\u00e1rias possibilidades de utiliza\u00e7\u00e3o, adaptando-se, assim, a todas as necessidades. Al\u00e9m disso, as extremidades de cada cabide dobram-se facilmente pressionando a parte superior, o que facilita a tarefa de organizar a roupa sem que esta fique com dobras.<\/p>\n<ul>\n<li>Fabricado em PP<\/li>\n<li>F\u00e1cil de utilizar e arrumar<\/li>\n<li>Gancho para pendurar girat\u00f3rio 360\u00ba<\/li>\n<li>8 cabides unidos entre si<\/li>\n<li>Design dobr\u00e1vel e revers\u00edvel (2 posi\u00e7\u00f5es: horizontal e vertical)<\/li>\n<li>Melhor organiza\u00e7\u00e3o e poupan\u00e7a de espa\u00e7o no arm\u00e1rio<\/li>\n<li>Medidas aprox. (posi\u00e7\u00e3o horizontal): 41 x 23 x 52 cm<\/li>\n<li>Medidas aprox. (posi\u00e7\u00e3o vertical): 10 x 50 x 41 cm<\/li>\n<li>Medidas aprox. (fechado): 17 x 63 x 7 cm<\/li>\n<\/ul>\n<p>&nbsp;<\/p>\n<p>&nbsp;<\/p>","protected":false},"featured_media":21891,"comment_status":"open","ping_status":"closed","template":"","meta":{"_glsr_average":0,"_glsr_ranking":0,"_glsr_reviews":0},"product_brand":[],"product_cat":[365,421],"product_tag":[],"class_list":{"0":"post-21884","1":"product","2":"type-product","3":"status-publish","4":"has-post-thumbnail","6":"product_cat-para-o-lar","7":"product_cat-arrumacao","9":"first","10":"instock","11":"taxable","12":"shipping-taxable","13":"purchasable","14":"product-type-simple"},"yoast_head":"<!-- This site is optimized with the Yoast SEO plugin v26.8 - https:\/\/yoast.com\/product\/yoast-seo-wordpress\/ -->\n<title>CABIDE M\u00daLTIPLO 8 EM 1 - Curiosidades &amp; Dicas, Lda<\/title>\n<meta name=\"robots\" content=\"index, follow, max-snippet:-1, max-image-preview:large, max-video-preview:-1\" \/>\n<link rel=\"canonical\" href=\"https:\/\/curiosidadesedicas.com\/loja\/en\/product\/cabide-multiplo-8-em-1\/\" \/>\n<meta property=\"og:locale\" content=\"en_US\" \/>\n<meta property=\"og:type\" content=\"article\" \/>\n<meta property=\"og:title\" content=\"CABIDE M\u00daLTIPLO 8 EM 1 - Curiosidades &amp; Dicas, Lda\" \/>\n<meta property=\"og:description\" content=\"O novo e pr\u00e1tico\u00a0cabide m\u00faltiplo 8 em, \u00e9 um c\u00f3modo e vers\u00e1til objeto para\u00a0pendurar roupa, perfeito para organizar o vestu\u00e1rio e ocupar o m\u00ednimo espa\u00e7o no roupeiro. Gra\u00e7as ao seu design moderno e funcional, o cabide m\u00faltiplo permite v\u00e1rias possibilidades de utiliza\u00e7\u00e3o, adaptando-se, assim, a todas as necessidades. Al\u00e9m disso, as extremidades de cada cabide dobram-se facilmente pressionando a parte superior, o que facilita a tarefa de organizar a roupa sem que esta fique com dobras.   Fabricado em PP  F\u00e1cil de utilizar e arrumar  Gancho para pendurar girat\u00f3rio 360\u00ba  8 cabides unidos entre si  Design dobr\u00e1vel e revers\u00edvel (2 posi\u00e7\u00f5es: horizontal e vertical)  Melhor organiza\u00e7\u00e3o e poupan\u00e7a de espa\u00e7o no arm\u00e1rio  Medidas aprox. (posi\u00e7\u00e3o horizontal): 41 x 23 x 52 cm  Medidas aprox. (posi\u00e7\u00e3o vertical): 10 x 50 x 41 cm  Medidas aprox. (fechado): 17 x 63 x 7 cm  &nbsp;  &nbsp;\" \/>\n<meta property=\"og:url\" content=\"https:\/\/curiosidadesedicas.com\/loja\/en\/product\/cabide-multiplo-8-em-1\/\" \/>\n<meta property=\"og:site_name\" content=\"Curiosidades &amp; Dicas, Lda\" \/>\n<meta property=\"article:modified_time\" content=\"2025-03-14T09:33:38+00:00\" \/>\n<meta property=\"og:image\" content=\"https:\/\/curiosidadesedicas.com\/loja\/wp-content\/uploads\/2021\/09\/cabide-multiplo-8-em-1-innovagoods.jpg\" \/>\n\t<meta property=\"og:image:width\" content=\"600\" \/>\n\t<meta property=\"og:image:height\" content=\"600\" \/>\n\t<meta property=\"og:image:type\" content=\"image\/jpeg\" \/>\n<meta name=\"twitter:card\" content=\"summary_large_image\" \/>\n<meta name=\"twitter:label1\" content=\"Est. reading time\" \/>\n\t<meta name=\"twitter:data1\" content=\"1 minute\" \/>\n<script type=\"application\/ld+json\" class=\"yoast-schema-graph\">{\"@context\":\"https:\/\/schema.org\",\"@graph\":[{\"@type\":\"WebPage\",\"@id\":\"https:\/\/curiosidadesedicas.com\/loja\/produto\/cabide-multiplo-8-em-1\/\",\"url\":\"https:\/\/curiosidadesedicas.com\/loja\/produto\/cabide-multiplo-8-em-1\/\",\"name\":\"CABIDE M\u00daLTIPLO 8 EM 1 - Curiosidades &amp; Dicas, Lda\",\"isPartOf\":{\"@id\":\"https:\/\/curiosidadesedicas.com\/loja\/#website\"},\"primaryImageOfPage\":{\"@id\":\"https:\/\/curiosidadesedicas.com\/loja\/produto\/cabide-multiplo-8-em-1\/#primaryimage\"},\"image\":{\"@id\":\"https:\/\/curiosidadesedicas.com\/loja\/produto\/cabide-multiplo-8-em-1\/#primaryimage\"},\"thumbnailUrl\":\"https:\/\/curiosidadesedicas.com\/loja\/wp-content\/uploads\/2021\/09\/cabide-multiplo-8-em-1-innovagoods.jpg\",\"datePublished\":\"2021-09-30T12:06:30+00:00\",\"dateModified\":\"2025-03-14T09:33:38+00:00\",\"breadcrumb\":{\"@id\":\"https:\/\/curiosidadesedicas.com\/loja\/produto\/cabide-multiplo-8-em-1\/#breadcrumb\"},\"inLanguage\":\"en-US\",\"potentialAction\":[{\"@type\":\"ReadAction\",\"target\":[\"https:\/\/curiosidadesedicas.com\/loja\/produto\/cabide-multiplo-8-em-1\/\"]}]},{\"@type\":\"ImageObject\",\"inLanguage\":\"en-US\",\"@id\":\"https:\/\/curiosidadesedicas.com\/loja\/produto\/cabide-multiplo-8-em-1\/#primaryimage\",\"url\":\"https:\/\/curiosidadesedicas.com\/loja\/wp-content\/uploads\/2021\/09\/cabide-multiplo-8-em-1-innovagoods.jpg\",\"contentUrl\":\"https:\/\/curiosidadesedicas.com\/loja\/wp-content\/uploads\/2021\/09\/cabide-multiplo-8-em-1-innovagoods.jpg\",\"width\":600,\"height\":600},{\"@type\":\"BreadcrumbList\",\"@id\":\"https:\/\/curiosidadesedicas.com\/loja\/produto\/cabide-multiplo-8-em-1\/#breadcrumb\",\"itemListElement\":[{\"@type\":\"ListItem\",\"position\":1,\"name\":\"In\u00edcio\",\"item\":\"https:\/\/curiosidadesedicas.com\/loja\/\"},{\"@type\":\"ListItem\",\"position\":2,\"name\":\"Produtos\",\"item\":\"https:\/\/curiosidadesedicas.com\/loja\/produtos\/\"},{\"@type\":\"ListItem\",\"position\":3,\"name\":\"CABIDE M\u00daLTIPLO 8 EM 1\"}]},{\"@type\":\"WebSite\",\"@id\":\"https:\/\/curiosidadesedicas.com\/loja\/#website\",\"url\":\"https:\/\/curiosidadesedicas.com\/loja\/\",\"name\":\"Curiosidades &amp; Dicas, Lda\",\"description\":\"Apaixonados Por Inova\u00e7\u00e3o\",\"publisher\":{\"@id\":\"https:\/\/curiosidadesedicas.com\/loja\/#organization\"},\"potentialAction\":[{\"@type\":\"SearchAction\",\"target\":{\"@type\":\"EntryPoint\",\"urlTemplate\":\"https:\/\/curiosidadesedicas.com\/loja\/?s={search_term_string}\"},\"query-input\":{\"@type\":\"PropertyValueSpecification\",\"valueRequired\":true,\"valueName\":\"search_term_string\"}}],\"inLanguage\":\"en-US\"},{\"@type\":\"Organization\",\"@id\":\"https:\/\/curiosidadesedicas.com\/loja\/#organization\",\"name\":\"Curiosidades & Dicas\",\"url\":\"https:\/\/curiosidadesedicas.com\/loja\/\",\"logo\":{\"@type\":\"ImageObject\",\"inLanguage\":\"en-US\",\"@id\":\"https:\/\/curiosidadesedicas.com\/loja\/#\/schema\/logo\/image\/\",\"url\":\"https:\/\/curiosidadesedicas.com\/loja\/wp-content\/uploads\/2020\/05\/LogoCuriosidadesSimples.png\",\"contentUrl\":\"https:\/\/curiosidadesedicas.com\/loja\/wp-content\/uploads\/2020\/05\/LogoCuriosidadesSimples.png\",\"width\":3528,\"height\":804,\"caption\":\"Curiosidades & Dicas\"},\"image\":{\"@id\":\"https:\/\/curiosidadesedicas.com\/loja\/#\/schema\/logo\/image\/\"}}]}<\/script>\n<!-- \/ Yoast SEO plugin. -->","yoast_head_json":{"title":"CABIDE M\u00daLTIPLO 8 EM 1 - Curiosidades &amp; Dicas, Lda","robots":{"index":"index","follow":"follow","max-snippet":"max-snippet:-1","max-image-preview":"max-image-preview:large","max-video-preview":"max-video-preview:-1"},"canonical":"https:\/\/curiosidadesedicas.com\/loja\/en\/product\/cabide-multiplo-8-em-1\/","og_locale":"en_US","og_type":"article","og_title":"CABIDE M\u00daLTIPLO 8 EM 1 - Curiosidades &amp; Dicas, Lda","og_description":"O novo e pr\u00e1tico\u00a0cabide m\u00faltiplo 8 em, \u00e9 um c\u00f3modo e vers\u00e1til objeto para\u00a0pendurar roupa, perfeito para organizar o vestu\u00e1rio e ocupar o m\u00ednimo espa\u00e7o no roupeiro. Gra\u00e7as ao seu design moderno e funcional, o cabide m\u00faltiplo permite v\u00e1rias possibilidades de utiliza\u00e7\u00e3o, adaptando-se, assim, a todas as necessidades. Al\u00e9m disso, as extremidades de cada cabide dobram-se facilmente pressionando a parte superior, o que facilita a tarefa de organizar a roupa sem que esta fique com dobras.   Fabricado em PP  F\u00e1cil de utilizar e arrumar  Gancho para pendurar girat\u00f3rio 360\u00ba  8 cabides unidos entre si  Design dobr\u00e1vel e revers\u00edvel (2 posi\u00e7\u00f5es: horizontal e vertical)  Melhor organiza\u00e7\u00e3o e poupan\u00e7a de espa\u00e7o no arm\u00e1rio  Medidas aprox. (posi\u00e7\u00e3o horizontal): 41 x 23 x 52 cm  Medidas aprox. (posi\u00e7\u00e3o vertical): 10 x 50 x 41 cm  Medidas aprox. (fechado): 17 x 63 x 7 cm  &nbsp;  &nbsp;","og_url":"https:\/\/curiosidadesedicas.com\/loja\/en\/product\/cabide-multiplo-8-em-1\/","og_site_name":"Curiosidades &amp; Dicas, Lda","article_modified_time":"2025-03-14T09:33:38+00:00","og_image":[{"width":600,"height":600,"url":"https:\/\/curiosidadesedicas.com\/loja\/wp-content\/uploads\/2021\/09\/cabide-multiplo-8-em-1-innovagoods.jpg","type":"image\/jpeg"}],"twitter_card":"summary_large_image","twitter_misc":{"Est. reading time":"1 minute"},"schema":{"@context":"https:\/\/schema.org","@graph":[{"@type":"WebPage","@id":"https:\/\/curiosidadesedicas.com\/loja\/produto\/cabide-multiplo-8-em-1\/","url":"https:\/\/curiosidadesedicas.com\/loja\/produto\/cabide-multiplo-8-em-1\/","name":"CABIDE M\u00daLTIPLO 8 EM 1 - Curiosidades &amp; Dicas, Lda","isPartOf":{"@id":"https:\/\/curiosidadesedicas.com\/loja\/#website"},"primaryImageOfPage":{"@id":"https:\/\/curiosidadesedicas.com\/loja\/produto\/cabide-multiplo-8-em-1\/#primaryimage"},"image":{"@id":"https:\/\/curiosidadesedicas.com\/loja\/produto\/cabide-multiplo-8-em-1\/#primaryimage"},"thumbnailUrl":"https:\/\/curiosidadesedicas.com\/loja\/wp-content\/uploads\/2021\/09\/cabide-multiplo-8-em-1-innovagoods.jpg","datePublished":"2021-09-30T12:06:30+00:00","dateModified":"2025-03-14T09:33:38+00:00","breadcrumb":{"@id":"https:\/\/curiosidadesedicas.com\/loja\/produto\/cabide-multiplo-8-em-1\/#breadcrumb"},"inLanguage":"en-US","potentialAction":[{"@type":"ReadAction","target":["https:\/\/curiosidadesedicas.com\/loja\/produto\/cabide-multiplo-8-em-1\/"]}]},{"@type":"ImageObject","inLanguage":"en-US","@id":"https:\/\/curiosidadesedicas.com\/loja\/produto\/cabide-multiplo-8-em-1\/#primaryimage","url":"https:\/\/curiosidadesedicas.com\/loja\/wp-content\/uploads\/2021\/09\/cabide-multiplo-8-em-1-innovagoods.jpg","contentUrl":"https:\/\/curiosidadesedicas.com\/loja\/wp-content\/uploads\/2021\/09\/cabide-multiplo-8-em-1-innovagoods.jpg","width":600,"height":600},{"@type":"BreadcrumbList","@id":"https:\/\/curiosidadesedicas.com\/loja\/produto\/cabide-multiplo-8-em-1\/#breadcrumb","itemListElement":[{"@type":"ListItem","position":1,"name":"In\u00edcio","item":"https:\/\/curiosidadesedicas.com\/loja\/"},{"@type":"ListItem","position":2,"name":"Produtos","item":"https:\/\/curiosidadesedicas.com\/loja\/produtos\/"},{"@type":"ListItem","position":3,"name":"CABIDE M\u00daLTIPLO 8 EM 1"}]},{"@type":"WebSite","@id":"https:\/\/curiosidadesedicas.com\/loja\/#website","url":"https:\/\/curiosidadesedicas.com\/loja\/","name":"Curiosidades &amp; Dicas, Lda","description":"Apaixonados Por Inova\u00e7\u00e3o","publisher":{"@id":"https:\/\/curiosidadesedicas.com\/loja\/#organization"},"potentialAction":[{"@type":"SearchAction","target":{"@type":"EntryPoint","urlTemplate":"https:\/\/curiosidadesedicas.com\/loja\/?s={search_term_string}"},"query-input":{"@type":"PropertyValueSpecification","valueRequired":true,"valueName":"search_term_string"}}],"inLanguage":"en-US"},{"@type":"Organization","@id":"https:\/\/curiosidadesedicas.com\/loja\/#organization","name":"Curiosidades & Dicas","url":"https:\/\/curiosidadesedicas.com\/loja\/","logo":{"@type":"ImageObject","inLanguage":"en-US","@id":"https:\/\/curiosidadesedicas.com\/loja\/#\/schema\/logo\/image\/","url":"https:\/\/curiosidadesedicas.com\/loja\/wp-content\/uploads\/2020\/05\/LogoCuriosidadesSimples.png","contentUrl":"https:\/\/curiosidadesedicas.com\/loja\/wp-content\/uploads\/2020\/05\/LogoCuriosidadesSimples.png","width":3528,"height":804,"caption":"Curiosidades & Dicas"},"image":{"@id":"https:\/\/curiosidadesedicas.com\/loja\/#\/schema\/logo\/image\/"}}]}},"_links":{"self":[{"href":"https:\/\/curiosidadesedicas.com\/loja\/en\/wp-json\/wp\/v2\/product\/21884","targetHints":{"allow":["GET"]}}],"collection":[{"href":"https:\/\/curiosidadesedicas.com\/loja\/en\/wp-json\/wp\/v2\/product"}],"about":[{"href":"https:\/\/curiosidadesedicas.com\/loja\/en\/wp-json\/wp\/v2\/types\/product"}],"replies":[{"embeddable":true,"href":"https:\/\/curiosidadesedicas.com\/loja\/en\/wp-json\/wp\/v2\/comments?post=21884"}],"wp:featuredmedia":[{"embeddable":true,"href":"https:\/\/curiosidadesedicas.com\/loja\/en\/wp-json\/wp\/v2\/media\/21891"}],"wp:attachment":[{"href":"https:\/\/curiosidadesedicas.com\/loja\/en\/wp-json\/wp\/v2\/media?parent=21884"}],"wp:term":[{"taxonomy":"product_brand","embeddable":true,"href":"https:\/\/curiosidadesedicas.com\/loja\/en\/wp-json\/wp\/v2\/product_brand?post=21884"},{"taxonomy":"product_cat","embeddable":true,"href":"https:\/\/curiosidadesedicas.com\/loja\/en\/wp-json\/wp\/v2\/product_cat?post=21884"},{"taxonomy":"product_tag","embeddable":true,"href":"https:\/\/curiosidadesedicas.com\/loja\/en\/wp-json\/wp\/v2\/product_tag?post=21884"}],"curies":[{"name":"wp","href":"https:\/\/api.w.org\/{rel}","templated":true}]}}