{"id":21803,"date":"2021-08-16T12:04:17","date_gmt":"2021-08-16T12:04:17","guid":{"rendered":"https:\/\/curiosidadesedicas.com\/loja\/?post_type=product&#038;p=21803"},"modified":"2021-08-16T12:08:53","modified_gmt":"2021-08-16T12:08:53","slug":"altavoz-bluetooth-c-espeto-e-luz-led-rgbw-ip44-p-smartphone","status":"publish","type":"product","link":"https:\/\/curiosidadesedicas.com\/loja\/en\/product\/altavoz-bluetooth-c-espeto-e-luz-led-rgbw-ip44-p-smartphone\/","title":{"rendered":"ALTAVOZ BLUETOOTH C\/ ESPETO E LUZ LED RGBW IP44 P\/ SMARTPHONE"},"content":{"rendered":"<table class=\"c-product-deco__table\">\n<tbody class=\"c-product-deco__table__tbody\">\n<tr class=\"row c-product-deco__table__row\">\n<td class=\"c-product-deco__table__label\">POT\u00caNCIA:<\/td>\n<td class=\"c-product-deco__table__value\">5 W<\/td>\n<\/tr>\n<tr class=\"row c-product-deco__table__row\">\n<td class=\"c-product-deco__table__label\">INTENSIDADE:<\/td>\n<td class=\"c-product-deco__table__value\">15-20mA<\/td>\n<\/tr>\n<tr class=\"row c-product-deco__table__row\">\n<td class=\"c-product-deco__table__label\">COR DA LUZ:<\/td>\n<td class=\"c-product-deco__table__value\">RGBW<\/td>\n<\/tr>\n<tr class=\"row c-product-deco__table__row\">\n<td class=\"c-product-deco__table__label\">USO:<\/td>\n<td class=\"c-product-deco__table__value\">Exterior<\/td>\n<\/tr>\n<tr class=\"row c-product-deco__table__row\">\n<td class=\"c-product-deco__table__label\">PROTE\u00c7\u00c3O IP:<\/td>\n<td class=\"c-product-deco__table__value\">IP44<\/td>\n<\/tr>\n<tr class=\"row c-product-deco__table__row\">\n<td class=\"c-product-deco__table__label\">MATERIAL:<\/td>\n<td class=\"c-product-deco__table__value\">PC \u2013 ABS<\/td>\n<\/tr>\n<tr class=\"row c-product-deco__table__row\">\n<td class=\"c-product-deco__table__label\">DIMENS\u00d5ES:<\/td>\n<td class=\"c-product-deco__table__value\">155x 235 mm<\/td>\n<\/tr>\n<tr class=\"row c-product-deco__table__row\">\n<td class=\"c-product-deco__table__label\">DI\u00c2METRO:<\/td>\n<td class=\"c-product-deco__table__value\">15.5 cm<\/td>\n<\/tr>\n<tr class=\"row c-product-deco__table__row\">\n<td class=\"c-product-deco__table__label\">DIST\u00c2NCIA DE DETE\u00c7\u00c3O:<\/td>\n<td class=\"c-product-deco__table__value\">10 m<\/td>\n<\/tr>\n<tr class=\"row c-product-deco__table__row\">\n<td class=\"c-product-deco__table__label\">BATERIA:<\/td>\n<td class=\"c-product-deco__table__value\">Li-ion 3.7V \/\/ 1000 mA<\/td>\n<\/tr>\n<tr class=\"row c-product-deco__table__row\">\n<td class=\"c-product-deco__table__label\">AUTONOMIA:<\/td>\n<td class=\"c-product-deco__table__value\">4 Horas<\/td>\n<\/tr>\n<tr class=\"row c-product-deco__table__row\">\n<td class=\"c-product-deco__table__label\">TEMPO DE CARGA:<\/td>\n<td class=\"c-product-deco__table__value\">60-90 minutos<\/td>\n<\/tr>\n<tr class=\"row c-product-deco__table__row\">\n<td class=\"c-product-deco__table__label\">INCLU\u00cdDO:<\/td>\n<td class=\"c-product-deco__table__value\">Micro USB<\/td>\n<\/tr>\n<tr class=\"row c-product-deco__table__row\">\n<td class=\"c-product-deco__table__label\">BLUETOOTH<\/td>\n<td class=\"c-product-deco__table__value\">Sim<\/td>\n<\/tr>\n<tr class=\"row c-product-deco__table__row\">\n<td class=\"c-product-deco__table__label\">GARANTIA:<\/td>\n<td class=\"c-product-deco__table__value\">2 Anos<\/td>\n<\/tr>\n<tr class=\"row c-product-deco__table__row\">\n<td class=\"c-product-deco__table__label\">CERTIFICADOS:<\/td>\n<td class=\"c-product-deco__table__value\">CE &amp; RoHS,FCC<\/td>\n<\/tr>\n<\/tbody>\n<\/table>","protected":false},"excerpt":{"rendered":"<p align=\"justify\"><strong>Gra\u00e7as \u00e0 Altavoz Bluetooth com Espeto para exterior e Luz LED RGBW IP44 para Smartphone<\/strong>\u00a0poder\u00e1 desfrutar da tua m\u00fasica favorita enquanto est\u00e1s no jardim. Desfruta da tua m\u00fasica sem parar gra\u00e7as \u00e0 sua\u00a0<strong>bateria com autonomia de 4 horas<\/strong>\u00a0( a 50% de som ), para que desfrutes de alta qualidade de \u00e1udio enquanto est\u00e1s no exterior da tua casa.<\/p>\n<p align=\"justify\">Disp\u00f5e de um espeto que te permitir\u00e1 espet\u00e1-lo na terra ou no jardim, ou bem us\u00e1-lo sem o espeto em qualquer tipo de superf\u00edcie. Serve, al\u00e9m disso, como elemento de decora\u00e7\u00e3o, gra\u00e7as \u00e0 sua fun\u00e7\u00e3o de\u00a0<strong>ilumina\u00e7\u00e3o na parte superior,<\/strong>\u00a0enquanto se reproduzem as tuas can\u00e7\u00f5es favoritas.<\/p>\n<p align=\"justify\"><strong>Gra\u00e7as \u00e0 sua conex\u00e3o mediante Bluetooth ao teu dispositivo m\u00f3vel,\u00a0<\/strong>poder\u00e1s controlar a m\u00fasica\u00a0<strong>a uma dist\u00e2ncia de 10 metros.<\/strong><\/p>\n<p align=\"justify\"><em>* O Altavoz Bluetooth pode-se controlar atrav\u00e9s de um s\u00f3 dispositivo em simult\u00e2neo.<\/em><\/p>\n<p align=\"justify\"><img loading=\"lazy\" decoding=\"async\" class=\"alignnone wp-image-21806 size-large\" src=\"https:\/\/curiosidadesedicas.com\/loja\/wp-content\/uploads\/2021\/08\/baliza-bluetooth-led-solar-con-pincho-ip65-9-1024x1024.jpg\" alt=\"\" width=\"780\" height=\"780\" srcset=\"https:\/\/curiosidadesedicas.com\/loja\/wp-content\/uploads\/2021\/08\/baliza-bluetooth-led-solar-con-pincho-ip65-9-1024x1024.jpg 1024w, https:\/\/curiosidadesedicas.com\/loja\/wp-content\/uploads\/2021\/08\/baliza-bluetooth-led-solar-con-pincho-ip65-9-300x300.jpg 300w, https:\/\/curiosidadesedicas.com\/loja\/wp-content\/uploads\/2021\/08\/baliza-bluetooth-led-solar-con-pincho-ip65-9-150x150.jpg 150w, https:\/\/curiosidadesedicas.com\/loja\/wp-content\/uploads\/2021\/08\/baliza-bluetooth-led-solar-con-pincho-ip65-9-768x768.jpg 768w, https:\/\/curiosidadesedicas.com\/loja\/wp-content\/uploads\/2021\/08\/baliza-bluetooth-led-solar-con-pincho-ip65-9-200x200.jpg 200w, https:\/\/curiosidadesedicas.com\/loja\/wp-content\/uploads\/2021\/08\/baliza-bluetooth-led-solar-con-pincho-ip65-9-600x600.jpg 600w, https:\/\/curiosidadesedicas.com\/loja\/wp-content\/uploads\/2021\/08\/baliza-bluetooth-led-solar-con-pincho-ip65-9-100x100.jpg 100w, https:\/\/curiosidadesedicas.com\/loja\/wp-content\/uploads\/2021\/08\/baliza-bluetooth-led-solar-con-pincho-ip65-9.jpg 1500w\" sizes=\"auto, (max-width: 780px) 100vw, 780px\" \/><\/p>","protected":false},"featured_media":21804,"comment_status":"open","ping_status":"closed","template":"","meta":{"_glsr_average":0,"_glsr_ranking":0,"_glsr_reviews":0},"product_brand":[],"product_cat":[350,355,345,399,453,376,377],"product_tag":[],"class_list":{"0":"post-21803","1":"product","2":"type-product","3":"status-publish","4":"has-post-thumbnail","6":"product_cat-gadgets","7":"product_cat-p-jardins","8":"product_cat-gadgets-led","9":"product_cat-luz-led","10":"product_cat-presentes-criativos","11":"product_cat-som-e-imagem","12":"product_cat-colunas","14":"first","15":"instock","16":"taxable","17":"shipping-taxable","18":"purchasable","19":"product-type-simple"},"yoast_head":"<!-- This site is optimized with the Yoast SEO plugin v26.8 - https:\/\/yoast.com\/product\/yoast-seo-wordpress\/ -->\n<title>ALTAVOZ BLUETOOTH C\/ ESPETO E LUZ LED RGBW IP44 P\/ SMARTPHONE - Curiosidades &amp; Dicas, Lda<\/title>\n<meta name=\"robots\" content=\"index, follow, max-snippet:-1, max-image-preview:large, max-video-preview:-1\" \/>\n<link rel=\"canonical\" href=\"https:\/\/curiosidadesedicas.com\/loja\/en\/product\/altavoz-bluetooth-c-espeto-e-luz-led-rgbw-ip44-p-smartphone\/\" \/>\n<meta property=\"og:locale\" content=\"en_US\" \/>\n<meta property=\"og:type\" content=\"article\" \/>\n<meta property=\"og:title\" content=\"ALTAVOZ BLUETOOTH C\/ ESPETO E LUZ LED RGBW IP44 P\/ SMARTPHONE - Curiosidades &amp; Dicas, Lda\" \/>\n<meta property=\"og:description\" content=\"Gra\u00e7as \u00e0 Altavoz Bluetooth com Espeto para exterior e Luz LED RGBW IP44 para Smartphone\u00a0poder\u00e1 desfrutar da tua m\u00fasica favorita enquanto est\u00e1s no jardim. Desfruta da tua m\u00fasica sem parar gra\u00e7as \u00e0 sua\u00a0bateria com autonomia de 4 horas\u00a0( a 50% de som ), para que desfrutes de alta qualidade de \u00e1udio enquanto est\u00e1s no exterior da tua casa. Disp\u00f5e de um espeto que te permitir\u00e1 espet\u00e1-lo na terra ou no jardim, ou bem us\u00e1-lo sem o espeto em qualquer tipo de superf\u00edcie. Serve, al\u00e9m disso, como elemento de decora\u00e7\u00e3o, gra\u00e7as \u00e0 sua fun\u00e7\u00e3o de\u00a0ilumina\u00e7\u00e3o na parte superior,\u00a0enquanto se reproduzem as tuas can\u00e7\u00f5es favoritas. Gra\u00e7as \u00e0 sua conex\u00e3o mediante Bluetooth ao teu dispositivo m\u00f3vel,\u00a0poder\u00e1s controlar a m\u00fasica\u00a0a uma dist\u00e2ncia de 10 metros. * O Altavoz Bluetooth pode-se controlar atrav\u00e9s de um s\u00f3 dispositivo em simult\u00e2neo.\" \/>\n<meta property=\"og:url\" content=\"https:\/\/curiosidadesedicas.com\/loja\/en\/product\/altavoz-bluetooth-c-espeto-e-luz-led-rgbw-ip44-p-smartphone\/\" \/>\n<meta property=\"og:site_name\" content=\"Curiosidades &amp; Dicas, Lda\" \/>\n<meta property=\"article:modified_time\" content=\"2021-08-16T12:08:53+00:00\" \/>\n<meta property=\"og:image\" content=\"https:\/\/curiosidadesedicas.com\/loja\/wp-content\/uploads\/2021\/08\/baliza-bluetooth-led-solar-con-pincho-ip65-7.jpg\" \/>\n\t<meta property=\"og:image:width\" content=\"1500\" \/>\n\t<meta property=\"og:image:height\" content=\"1500\" \/>\n\t<meta property=\"og:image:type\" content=\"image\/jpeg\" \/>\n<meta name=\"twitter:card\" content=\"summary_large_image\" \/>\n<meta name=\"twitter:label1\" content=\"Est. reading time\" \/>\n\t<meta name=\"twitter:data1\" content=\"1 minute\" \/>\n<script type=\"application\/ld+json\" class=\"yoast-schema-graph\">{\"@context\":\"https:\/\/schema.org\",\"@graph\":[{\"@type\":\"WebPage\",\"@id\":\"https:\/\/curiosidadesedicas.com\/loja\/produto\/altavoz-bluetooth-c-espeto-e-luz-led-rgbw-ip44-p-smartphone\/\",\"url\":\"https:\/\/curiosidadesedicas.com\/loja\/produto\/altavoz-bluetooth-c-espeto-e-luz-led-rgbw-ip44-p-smartphone\/\",\"name\":\"ALTAVOZ BLUETOOTH C\/ ESPETO E LUZ LED RGBW IP44 P\/ SMARTPHONE - Curiosidades &amp; Dicas, Lda\",\"isPartOf\":{\"@id\":\"https:\/\/curiosidadesedicas.com\/loja\/#website\"},\"primaryImageOfPage\":{\"@id\":\"https:\/\/curiosidadesedicas.com\/loja\/produto\/altavoz-bluetooth-c-espeto-e-luz-led-rgbw-ip44-p-smartphone\/#primaryimage\"},\"image\":{\"@id\":\"https:\/\/curiosidadesedicas.com\/loja\/produto\/altavoz-bluetooth-c-espeto-e-luz-led-rgbw-ip44-p-smartphone\/#primaryimage\"},\"thumbnailUrl\":\"https:\/\/curiosidadesedicas.com\/loja\/wp-content\/uploads\/2021\/08\/baliza-bluetooth-led-solar-con-pincho-ip65-7.jpg\",\"datePublished\":\"2021-08-16T12:04:17+00:00\",\"dateModified\":\"2021-08-16T12:08:53+00:00\",\"breadcrumb\":{\"@id\":\"https:\/\/curiosidadesedicas.com\/loja\/produto\/altavoz-bluetooth-c-espeto-e-luz-led-rgbw-ip44-p-smartphone\/#breadcrumb\"},\"inLanguage\":\"en-US\",\"potentialAction\":[{\"@type\":\"ReadAction\",\"target\":[\"https:\/\/curiosidadesedicas.com\/loja\/produto\/altavoz-bluetooth-c-espeto-e-luz-led-rgbw-ip44-p-smartphone\/\"]}]},{\"@type\":\"ImageObject\",\"inLanguage\":\"en-US\",\"@id\":\"https:\/\/curiosidadesedicas.com\/loja\/produto\/altavoz-bluetooth-c-espeto-e-luz-led-rgbw-ip44-p-smartphone\/#primaryimage\",\"url\":\"https:\/\/curiosidadesedicas.com\/loja\/wp-content\/uploads\/2021\/08\/baliza-bluetooth-led-solar-con-pincho-ip65-7.jpg\",\"contentUrl\":\"https:\/\/curiosidadesedicas.com\/loja\/wp-content\/uploads\/2021\/08\/baliza-bluetooth-led-solar-con-pincho-ip65-7.jpg\",\"width\":1500,\"height\":1500},{\"@type\":\"BreadcrumbList\",\"@id\":\"https:\/\/curiosidadesedicas.com\/loja\/produto\/altavoz-bluetooth-c-espeto-e-luz-led-rgbw-ip44-p-smartphone\/#breadcrumb\",\"itemListElement\":[{\"@type\":\"ListItem\",\"position\":1,\"name\":\"In\u00edcio\",\"item\":\"https:\/\/curiosidadesedicas.com\/loja\/\"},{\"@type\":\"ListItem\",\"position\":2,\"name\":\"Produtos\",\"item\":\"https:\/\/curiosidadesedicas.com\/loja\/produtos\/\"},{\"@type\":\"ListItem\",\"position\":3,\"name\":\"ALTAVOZ BLUETOOTH C\/ ESPETO E LUZ LED RGBW IP44 P\/ SMARTPHONE\"}]},{\"@type\":\"WebSite\",\"@id\":\"https:\/\/curiosidadesedicas.com\/loja\/#website\",\"url\":\"https:\/\/curiosidadesedicas.com\/loja\/\",\"name\":\"Curiosidades &amp; Dicas, Lda\",\"description\":\"Apaixonados Por Inova\u00e7\u00e3o\",\"publisher\":{\"@id\":\"https:\/\/curiosidadesedicas.com\/loja\/#organization\"},\"potentialAction\":[{\"@type\":\"SearchAction\",\"target\":{\"@type\":\"EntryPoint\",\"urlTemplate\":\"https:\/\/curiosidadesedicas.com\/loja\/?s={search_term_string}\"},\"query-input\":{\"@type\":\"PropertyValueSpecification\",\"valueRequired\":true,\"valueName\":\"search_term_string\"}}],\"inLanguage\":\"en-US\"},{\"@type\":\"Organization\",\"@id\":\"https:\/\/curiosidadesedicas.com\/loja\/#organization\",\"name\":\"Curiosidades & Dicas\",\"url\":\"https:\/\/curiosidadesedicas.com\/loja\/\",\"logo\":{\"@type\":\"ImageObject\",\"inLanguage\":\"en-US\",\"@id\":\"https:\/\/curiosidadesedicas.com\/loja\/#\/schema\/logo\/image\/\",\"url\":\"https:\/\/curiosidadesedicas.com\/loja\/wp-content\/uploads\/2020\/05\/LogoCuriosidadesSimples.png\",\"contentUrl\":\"https:\/\/curiosidadesedicas.com\/loja\/wp-content\/uploads\/2020\/05\/LogoCuriosidadesSimples.png\",\"width\":3528,\"height\":804,\"caption\":\"Curiosidades & Dicas\"},\"image\":{\"@id\":\"https:\/\/curiosidadesedicas.com\/loja\/#\/schema\/logo\/image\/\"}}]}<\/script>\n<!-- \/ Yoast SEO plugin. -->","yoast_head_json":{"title":"ALTAVOZ BLUETOOTH C\/ ESPETO E LUZ LED RGBW IP44 P\/ SMARTPHONE - Curiosidades &amp; Dicas, Lda","robots":{"index":"index","follow":"follow","max-snippet":"max-snippet:-1","max-image-preview":"max-image-preview:large","max-video-preview":"max-video-preview:-1"},"canonical":"https:\/\/curiosidadesedicas.com\/loja\/en\/product\/altavoz-bluetooth-c-espeto-e-luz-led-rgbw-ip44-p-smartphone\/","og_locale":"en_US","og_type":"article","og_title":"ALTAVOZ BLUETOOTH C\/ ESPETO E LUZ LED RGBW IP44 P\/ SMARTPHONE - Curiosidades &amp; Dicas, Lda","og_description":"Gra\u00e7as \u00e0 Altavoz Bluetooth com Espeto para exterior e Luz LED RGBW IP44 para Smartphone\u00a0poder\u00e1 desfrutar da tua m\u00fasica favorita enquanto est\u00e1s no jardim. Desfruta da tua m\u00fasica sem parar gra\u00e7as \u00e0 sua\u00a0bateria com autonomia de 4 horas\u00a0( a 50% de som ), para que desfrutes de alta qualidade de \u00e1udio enquanto est\u00e1s no exterior da tua casa. Disp\u00f5e de um espeto que te permitir\u00e1 espet\u00e1-lo na terra ou no jardim, ou bem us\u00e1-lo sem o espeto em qualquer tipo de superf\u00edcie. Serve, al\u00e9m disso, como elemento de decora\u00e7\u00e3o, gra\u00e7as \u00e0 sua fun\u00e7\u00e3o de\u00a0ilumina\u00e7\u00e3o na parte superior,\u00a0enquanto se reproduzem as tuas can\u00e7\u00f5es favoritas. Gra\u00e7as \u00e0 sua conex\u00e3o mediante Bluetooth ao teu dispositivo m\u00f3vel,\u00a0poder\u00e1s controlar a m\u00fasica\u00a0a uma dist\u00e2ncia de 10 metros. * O Altavoz Bluetooth pode-se controlar atrav\u00e9s de um s\u00f3 dispositivo em simult\u00e2neo.","og_url":"https:\/\/curiosidadesedicas.com\/loja\/en\/product\/altavoz-bluetooth-c-espeto-e-luz-led-rgbw-ip44-p-smartphone\/","og_site_name":"Curiosidades &amp; Dicas, Lda","article_modified_time":"2021-08-16T12:08:53+00:00","og_image":[{"width":1500,"height":1500,"url":"https:\/\/curiosidadesedicas.com\/loja\/wp-content\/uploads\/2021\/08\/baliza-bluetooth-led-solar-con-pincho-ip65-7.jpg","type":"image\/jpeg"}],"twitter_card":"summary_large_image","twitter_misc":{"Est. reading time":"1 minute"},"schema":{"@context":"https:\/\/schema.org","@graph":[{"@type":"WebPage","@id":"https:\/\/curiosidadesedicas.com\/loja\/produto\/altavoz-bluetooth-c-espeto-e-luz-led-rgbw-ip44-p-smartphone\/","url":"https:\/\/curiosidadesedicas.com\/loja\/produto\/altavoz-bluetooth-c-espeto-e-luz-led-rgbw-ip44-p-smartphone\/","name":"ALTAVOZ BLUETOOTH C\/ ESPETO E LUZ LED RGBW IP44 P\/ SMARTPHONE - Curiosidades &amp; Dicas, Lda","isPartOf":{"@id":"https:\/\/curiosidadesedicas.com\/loja\/#website"},"primaryImageOfPage":{"@id":"https:\/\/curiosidadesedicas.com\/loja\/produto\/altavoz-bluetooth-c-espeto-e-luz-led-rgbw-ip44-p-smartphone\/#primaryimage"},"image":{"@id":"https:\/\/curiosidadesedicas.com\/loja\/produto\/altavoz-bluetooth-c-espeto-e-luz-led-rgbw-ip44-p-smartphone\/#primaryimage"},"thumbnailUrl":"https:\/\/curiosidadesedicas.com\/loja\/wp-content\/uploads\/2021\/08\/baliza-bluetooth-led-solar-con-pincho-ip65-7.jpg","datePublished":"2021-08-16T12:04:17+00:00","dateModified":"2021-08-16T12:08:53+00:00","breadcrumb":{"@id":"https:\/\/curiosidadesedicas.com\/loja\/produto\/altavoz-bluetooth-c-espeto-e-luz-led-rgbw-ip44-p-smartphone\/#breadcrumb"},"inLanguage":"en-US","potentialAction":[{"@type":"ReadAction","target":["https:\/\/curiosidadesedicas.com\/loja\/produto\/altavoz-bluetooth-c-espeto-e-luz-led-rgbw-ip44-p-smartphone\/"]}]},{"@type":"ImageObject","inLanguage":"en-US","@id":"https:\/\/curiosidadesedicas.com\/loja\/produto\/altavoz-bluetooth-c-espeto-e-luz-led-rgbw-ip44-p-smartphone\/#primaryimage","url":"https:\/\/curiosidadesedicas.com\/loja\/wp-content\/uploads\/2021\/08\/baliza-bluetooth-led-solar-con-pincho-ip65-7.jpg","contentUrl":"https:\/\/curiosidadesedicas.com\/loja\/wp-content\/uploads\/2021\/08\/baliza-bluetooth-led-solar-con-pincho-ip65-7.jpg","width":1500,"height":1500},{"@type":"BreadcrumbList","@id":"https:\/\/curiosidadesedicas.com\/loja\/produto\/altavoz-bluetooth-c-espeto-e-luz-led-rgbw-ip44-p-smartphone\/#breadcrumb","itemListElement":[{"@type":"ListItem","position":1,"name":"In\u00edcio","item":"https:\/\/curiosidadesedicas.com\/loja\/"},{"@type":"ListItem","position":2,"name":"Produtos","item":"https:\/\/curiosidadesedicas.com\/loja\/produtos\/"},{"@type":"ListItem","position":3,"name":"ALTAVOZ BLUETOOTH C\/ ESPETO E LUZ LED RGBW IP44 P\/ SMARTPHONE"}]},{"@type":"WebSite","@id":"https:\/\/curiosidadesedicas.com\/loja\/#website","url":"https:\/\/curiosidadesedicas.com\/loja\/","name":"Curiosidades &amp; Dicas, Lda","description":"Apaixonados Por Inova\u00e7\u00e3o","publisher":{"@id":"https:\/\/curiosidadesedicas.com\/loja\/#organization"},"potentialAction":[{"@type":"SearchAction","target":{"@type":"EntryPoint","urlTemplate":"https:\/\/curiosidadesedicas.com\/loja\/?s={search_term_string}"},"query-input":{"@type":"PropertyValueSpecification","valueRequired":true,"valueName":"search_term_string"}}],"inLanguage":"en-US"},{"@type":"Organization","@id":"https:\/\/curiosidadesedicas.com\/loja\/#organization","name":"Curiosidades & Dicas","url":"https:\/\/curiosidadesedicas.com\/loja\/","logo":{"@type":"ImageObject","inLanguage":"en-US","@id":"https:\/\/curiosidadesedicas.com\/loja\/#\/schema\/logo\/image\/","url":"https:\/\/curiosidadesedicas.com\/loja\/wp-content\/uploads\/2020\/05\/LogoCuriosidadesSimples.png","contentUrl":"https:\/\/curiosidadesedicas.com\/loja\/wp-content\/uploads\/2020\/05\/LogoCuriosidadesSimples.png","width":3528,"height":804,"caption":"Curiosidades & Dicas"},"image":{"@id":"https:\/\/curiosidadesedicas.com\/loja\/#\/schema\/logo\/image\/"}}]}},"_links":{"self":[{"href":"https:\/\/curiosidadesedicas.com\/loja\/en\/wp-json\/wp\/v2\/product\/21803","targetHints":{"allow":["GET"]}}],"collection":[{"href":"https:\/\/curiosidadesedicas.com\/loja\/en\/wp-json\/wp\/v2\/product"}],"about":[{"href":"https:\/\/curiosidadesedicas.com\/loja\/en\/wp-json\/wp\/v2\/types\/product"}],"replies":[{"embeddable":true,"href":"https:\/\/curiosidadesedicas.com\/loja\/en\/wp-json\/wp\/v2\/comments?post=21803"}],"wp:featuredmedia":[{"embeddable":true,"href":"https:\/\/curiosidadesedicas.com\/loja\/en\/wp-json\/wp\/v2\/media\/21804"}],"wp:attachment":[{"href":"https:\/\/curiosidadesedicas.com\/loja\/en\/wp-json\/wp\/v2\/media?parent=21803"}],"wp:term":[{"taxonomy":"product_brand","embeddable":true,"href":"https:\/\/curiosidadesedicas.com\/loja\/en\/wp-json\/wp\/v2\/product_brand?post=21803"},{"taxonomy":"product_cat","embeddable":true,"href":"https:\/\/curiosidadesedicas.com\/loja\/en\/wp-json\/wp\/v2\/product_cat?post=21803"},{"taxonomy":"product_tag","embeddable":true,"href":"https:\/\/curiosidadesedicas.com\/loja\/en\/wp-json\/wp\/v2\/product_tag?post=21803"}],"curies":[{"name":"wp","href":"https:\/\/api.w.org\/{rel}","templated":true}]}}