{"id":21795,"date":"2021-08-16T11:54:05","date_gmt":"2021-08-16T11:54:05","guid":{"rendered":"https:\/\/curiosidadesedicas.com\/loja\/?post_type=product&#038;p=21795"},"modified":"2021-08-16T12:18:13","modified_gmt":"2021-08-16T12:18:13","slug":"altavoz-bluetooth-flutuante-p-piscina-com-luz-led-rgbw-ip67-impermeavel-p-smartphone","status":"publish","type":"product","link":"https:\/\/curiosidadesedicas.com\/loja\/en\/product\/altavoz-bluetooth-flutuante-p-piscina-com-luz-led-rgbw-ip67-impermeavel-p-smartphone\/","title":{"rendered":"ALTAVOZ BLUETOOTH FLUTUANTE P\/ PISCINA COM LUZ LED RGBW IP67 IMPERME\u00c1VEL P\/ SMARTPHONE"},"content":{"rendered":"<table class=\"c-product-table\">\n<tbody class=\"c-product-table__tbody\">\n<tr class=\"row c-product-table__row\">\n<td class=\"c-product-table__cell\">Pot\u00eancia:<\/td>\n<td class=\"c-product-table__cell c-product-table__cell--value\">5 W<\/td>\n<\/tr>\n<tr class=\"row c-product-table__row\">\n<td class=\"c-product-table__cell\">Intensidade:<\/td>\n<td class=\"c-product-table__cell c-product-table__cell--value\">15-20mA<\/td>\n<\/tr>\n<tr class=\"row c-product-table__row\">\n<td class=\"c-product-table__cell\">Cor da luz:<\/td>\n<td class=\"c-product-table__cell c-product-table__cell--value\">RGBW<\/td>\n<\/tr>\n<tr class=\"row c-product-table__row\">\n<td class=\"c-product-table__cell\">Uso:<\/td>\n<td class=\"c-product-table__cell c-product-table__cell--value\">Exterior<\/td>\n<\/tr>\n<tr class=\"row c-product-table__row\">\n<td class=\"c-product-table__cell\">Prote\u00e7\u00e3o IP:<\/td>\n<td class=\"c-product-table__cell c-product-table__cell--value\">IP67<\/td>\n<\/tr>\n<tr class=\"row c-product-table__row\">\n<td class=\"c-product-table__cell\">Material:<\/td>\n<td class=\"c-product-table__cell c-product-table__cell--value\">PC \u2013 ABS<\/td>\n<\/tr>\n<tr class=\"row c-product-table__row\">\n<td class=\"c-product-table__cell\">Dimens\u00f5es:<\/td>\n<td class=\"c-product-table__cell c-product-table__cell--value\">155\u00d755 mm<\/td>\n<\/tr>\n<tr class=\"row c-product-table__row\">\n<td class=\"c-product-table__cell\">Dist\u00e2ncia de Dete\u00e7\u00e3o:<\/td>\n<td class=\"c-product-table__cell c-product-table__cell--value\">10 m<\/td>\n<\/tr>\n<tr class=\"row c-product-table__row\">\n<td class=\"c-product-table__cell\">Bateria:<\/td>\n<td class=\"c-product-table__cell c-product-table__cell--value\">1000 mAh<\/td>\n<\/tr>\n<tr class=\"row c-product-table__row\">\n<td class=\"c-product-table__cell\">Autonomia:<\/td>\n<td class=\"c-product-table__cell c-product-table__cell--value\">4 Horas<\/td>\n<\/tr>\n<tr class=\"row c-product-table__row\">\n<td class=\"c-product-table__cell\">Tempo de Carga:<\/td>\n<td class=\"c-product-table__cell c-product-table__cell--value\">60-90 minutos<\/td>\n<\/tr>\n<tr class=\"row c-product-table__row\">\n<td class=\"c-product-table__cell\">Inclu\u00eddo:<\/td>\n<td class=\"c-product-table__cell c-product-table__cell--value\">Micro USB<\/td>\n<\/tr>\n<tr class=\"row c-product-table__row\">\n<td class=\"c-product-table__cell\">Bluetooth<\/td>\n<td class=\"c-product-table__cell c-product-table__cell--value\">Si<\/td>\n<\/tr>\n<tr class=\"row c-product-table__row\">\n<td class=\"c-product-table__cell\">Garantia:<\/td>\n<td class=\"c-product-table__cell c-product-table__cell--value\">2 Anos<\/td>\n<\/tr>\n<tr class=\"row c-product-table__row\">\n<td class=\"c-product-table__cell\">Certificados:<\/td>\n<td class=\"c-product-table__cell c-product-table__cell--value\">CE &amp; RoHS,FCC<\/td>\n<\/tr>\n<\/tbody>\n<\/table>","protected":false},"excerpt":{"rendered":"<p align=\"justify\">Gra\u00e7as\u00a0ao<strong>\u00a0Altavoz Bluetooth Flutuante para piscina com Luz LED RGBW IP67 Imperme\u00e1vel para Smartphone<\/strong>\u00a0pode apreciar a sua m\u00fasica favorita enquanto mergulha na \u00e1gua. Desfruta da tua m\u00fasica sem parar gra\u00e7as \u00e0 sua bateria com autonomia de 4 horas ( a 50% de som ), para que possa desfrutar de \u00e1udio de alta qualidade enquanto mergulha..<\/p>\n<p align=\"justify\">Est\u00e1 especialmente desenhado para resistir \u00e1gua e inclusive flutuar enquanto desfrutas de um banho. Serve, al\u00e9m disso, como elemento de decora\u00e7\u00e3o, gra\u00e7as \u00e1 sua fun\u00e7\u00e3o de ilumina\u00e7\u00e3o na parte superior, enquanto se reproduzem as tuas can\u00e7\u00f5es favoritas.<\/p>\n<p align=\"justify\">Gra\u00e7as \u00e0 sua conex\u00e3o mediante\u00a0<strong>Bluetooth\u00a0<\/strong>ao teu dispositivo m\u00f3vel, poder\u00e1s controlar a m\u00fasica a uma dist\u00e2ncia de\u00a0<strong>10 metros<\/strong>.<\/p>\n<p align=\"justify\"><em>*\u00a0O\u00a0Altavoz Bluetooth Flutuante\u00a0pode-se controlar atrav\u00e9s de\u00a01 s\u00f3 dispositivo ao mesmo tempo.<\/em><\/p>\n<p align=\"justify\"><img loading=\"lazy\" decoding=\"async\" class=\"alignnone wp-image-21799 size-full\" src=\"https:\/\/curiosidadesedicas.com\/loja\/wp-content\/uploads\/2021\/08\/baliza-bluetooth-led-solar-con-pincho-ip65-3.jpg\" alt=\"\" width=\"850\" height=\"850\" srcset=\"https:\/\/curiosidadesedicas.com\/loja\/wp-content\/uploads\/2021\/08\/baliza-bluetooth-led-solar-con-pincho-ip65-3.jpg 850w, https:\/\/curiosidadesedicas.com\/loja\/wp-content\/uploads\/2021\/08\/baliza-bluetooth-led-solar-con-pincho-ip65-3-300x300.jpg 300w, https:\/\/curiosidadesedicas.com\/loja\/wp-content\/uploads\/2021\/08\/baliza-bluetooth-led-solar-con-pincho-ip65-3-150x150.jpg 150w, https:\/\/curiosidadesedicas.com\/loja\/wp-content\/uploads\/2021\/08\/baliza-bluetooth-led-solar-con-pincho-ip65-3-768x768.jpg 768w, https:\/\/curiosidadesedicas.com\/loja\/wp-content\/uploads\/2021\/08\/baliza-bluetooth-led-solar-con-pincho-ip65-3-200x200.jpg 200w, https:\/\/curiosidadesedicas.com\/loja\/wp-content\/uploads\/2021\/08\/baliza-bluetooth-led-solar-con-pincho-ip65-3-600x600.jpg 600w, https:\/\/curiosidadesedicas.com\/loja\/wp-content\/uploads\/2021\/08\/baliza-bluetooth-led-solar-con-pincho-ip65-3-100x100.jpg 100w\" sizes=\"auto, (max-width: 850px) 100vw, 850px\" \/><\/p>","protected":false},"featured_media":21796,"comment_status":"open","ping_status":"closed","template":"","meta":{"_glsr_average":0,"_glsr_ranking":0,"_glsr_reviews":0},"product_brand":[],"product_cat":[350,356,345,399,453,376,377],"product_tag":[],"class_list":{"0":"post-21795","1":"product","2":"type-product","3":"status-publish","4":"has-post-thumbnail","6":"product_cat-gadgets","7":"product_cat-p-praia-e-piscina","8":"product_cat-gadgets-led","9":"product_cat-luz-led","10":"product_cat-presentes-criativos","11":"product_cat-som-e-imagem","12":"product_cat-colunas","14":"first","15":"instock","16":"taxable","17":"shipping-taxable","18":"purchasable","19":"product-type-simple"},"yoast_head":"<!-- This site is optimized with the Yoast SEO plugin v26.8 - https:\/\/yoast.com\/product\/yoast-seo-wordpress\/ -->\n<title>ALTAVOZ BLUETOOTH FLUTUANTE P\/ PISCINA COM LUZ LED RGBW IP67 IMPERME\u00c1VEL P\/ SMARTPHONE - Curiosidades &amp; Dicas, Lda<\/title>\n<meta name=\"robots\" content=\"index, follow, max-snippet:-1, max-image-preview:large, max-video-preview:-1\" \/>\n<link rel=\"canonical\" href=\"https:\/\/curiosidadesedicas.com\/loja\/en\/product\/altavoz-bluetooth-flutuante-p-piscina-com-luz-led-rgbw-ip67-impermeavel-p-smartphone\/\" \/>\n<meta property=\"og:locale\" content=\"en_US\" \/>\n<meta property=\"og:type\" content=\"article\" \/>\n<meta property=\"og:title\" content=\"ALTAVOZ BLUETOOTH FLUTUANTE P\/ PISCINA COM LUZ LED RGBW IP67 IMPERME\u00c1VEL P\/ SMARTPHONE - Curiosidades &amp; Dicas, Lda\" \/>\n<meta property=\"og:description\" content=\"Gra\u00e7as\u00a0ao\u00a0Altavoz Bluetooth Flutuante para piscina com Luz LED RGBW IP67 Imperme\u00e1vel para Smartphone\u00a0pode apreciar a sua m\u00fasica favorita enquanto mergulha na \u00e1gua. Desfruta da tua m\u00fasica sem parar gra\u00e7as \u00e0 sua bateria com autonomia de 4 horas ( a 50% de som ), para que possa desfrutar de \u00e1udio de alta qualidade enquanto mergulha.. Est\u00e1 especialmente desenhado para resistir \u00e1gua e inclusive flutuar enquanto desfrutas de um banho. Serve, al\u00e9m disso, como elemento de decora\u00e7\u00e3o, gra\u00e7as \u00e1 sua fun\u00e7\u00e3o de ilumina\u00e7\u00e3o na parte superior, enquanto se reproduzem as tuas can\u00e7\u00f5es favoritas. Gra\u00e7as \u00e0 sua conex\u00e3o mediante\u00a0Bluetooth\u00a0ao teu dispositivo m\u00f3vel, poder\u00e1s controlar a m\u00fasica a uma dist\u00e2ncia de\u00a010 metros. *\u00a0O\u00a0Altavoz Bluetooth Flutuante\u00a0pode-se controlar atrav\u00e9s de\u00a01 s\u00f3 dispositivo ao mesmo tempo.\" \/>\n<meta property=\"og:url\" content=\"https:\/\/curiosidadesedicas.com\/loja\/en\/product\/altavoz-bluetooth-flutuante-p-piscina-com-luz-led-rgbw-ip67-impermeavel-p-smartphone\/\" \/>\n<meta property=\"og:site_name\" content=\"Curiosidades &amp; Dicas, Lda\" \/>\n<meta property=\"article:modified_time\" content=\"2021-08-16T12:18:13+00:00\" \/>\n<meta property=\"og:image\" content=\"https:\/\/curiosidadesedicas.com\/loja\/wp-content\/uploads\/2021\/08\/baliza-bluetooth-led-solar-con-pincho-ip65.jpg\" \/>\n\t<meta property=\"og:image:width\" content=\"1500\" \/>\n\t<meta property=\"og:image:height\" content=\"1500\" \/>\n\t<meta property=\"og:image:type\" content=\"image\/jpeg\" \/>\n<meta name=\"twitter:card\" content=\"summary_large_image\" \/>\n<meta name=\"twitter:label1\" content=\"Est. reading time\" \/>\n\t<meta name=\"twitter:data1\" content=\"1 minute\" \/>\n<script type=\"application\/ld+json\" class=\"yoast-schema-graph\">{\"@context\":\"https:\/\/schema.org\",\"@graph\":[{\"@type\":\"WebPage\",\"@id\":\"https:\/\/curiosidadesedicas.com\/loja\/produto\/altavoz-bluetooth-flutuante-p-piscina-com-luz-led-rgbw-ip67-impermeavel-p-smartphone\/\",\"url\":\"https:\/\/curiosidadesedicas.com\/loja\/produto\/altavoz-bluetooth-flutuante-p-piscina-com-luz-led-rgbw-ip67-impermeavel-p-smartphone\/\",\"name\":\"ALTAVOZ BLUETOOTH FLUTUANTE P\/ PISCINA COM LUZ LED RGBW IP67 IMPERME\u00c1VEL P\/ SMARTPHONE - Curiosidades &amp; Dicas, Lda\",\"isPartOf\":{\"@id\":\"https:\/\/curiosidadesedicas.com\/loja\/#website\"},\"primaryImageOfPage\":{\"@id\":\"https:\/\/curiosidadesedicas.com\/loja\/produto\/altavoz-bluetooth-flutuante-p-piscina-com-luz-led-rgbw-ip67-impermeavel-p-smartphone\/#primaryimage\"},\"image\":{\"@id\":\"https:\/\/curiosidadesedicas.com\/loja\/produto\/altavoz-bluetooth-flutuante-p-piscina-com-luz-led-rgbw-ip67-impermeavel-p-smartphone\/#primaryimage\"},\"thumbnailUrl\":\"https:\/\/curiosidadesedicas.com\/loja\/wp-content\/uploads\/2021\/08\/baliza-bluetooth-led-solar-con-pincho-ip65.jpg\",\"datePublished\":\"2021-08-16T11:54:05+00:00\",\"dateModified\":\"2021-08-16T12:18:13+00:00\",\"breadcrumb\":{\"@id\":\"https:\/\/curiosidadesedicas.com\/loja\/produto\/altavoz-bluetooth-flutuante-p-piscina-com-luz-led-rgbw-ip67-impermeavel-p-smartphone\/#breadcrumb\"},\"inLanguage\":\"en-US\",\"potentialAction\":[{\"@type\":\"ReadAction\",\"target\":[\"https:\/\/curiosidadesedicas.com\/loja\/produto\/altavoz-bluetooth-flutuante-p-piscina-com-luz-led-rgbw-ip67-impermeavel-p-smartphone\/\"]}]},{\"@type\":\"ImageObject\",\"inLanguage\":\"en-US\",\"@id\":\"https:\/\/curiosidadesedicas.com\/loja\/produto\/altavoz-bluetooth-flutuante-p-piscina-com-luz-led-rgbw-ip67-impermeavel-p-smartphone\/#primaryimage\",\"url\":\"https:\/\/curiosidadesedicas.com\/loja\/wp-content\/uploads\/2021\/08\/baliza-bluetooth-led-solar-con-pincho-ip65.jpg\",\"contentUrl\":\"https:\/\/curiosidadesedicas.com\/loja\/wp-content\/uploads\/2021\/08\/baliza-bluetooth-led-solar-con-pincho-ip65.jpg\",\"width\":1500,\"height\":1500},{\"@type\":\"BreadcrumbList\",\"@id\":\"https:\/\/curiosidadesedicas.com\/loja\/produto\/altavoz-bluetooth-flutuante-p-piscina-com-luz-led-rgbw-ip67-impermeavel-p-smartphone\/#breadcrumb\",\"itemListElement\":[{\"@type\":\"ListItem\",\"position\":1,\"name\":\"In\u00edcio\",\"item\":\"https:\/\/curiosidadesedicas.com\/loja\/\"},{\"@type\":\"ListItem\",\"position\":2,\"name\":\"Produtos\",\"item\":\"https:\/\/curiosidadesedicas.com\/loja\/produtos\/\"},{\"@type\":\"ListItem\",\"position\":3,\"name\":\"ALTAVOZ BLUETOOTH FLUTUANTE P\/ PISCINA COM LUZ LED RGBW IP67 IMPERME\u00c1VEL P\/ SMARTPHONE\"}]},{\"@type\":\"WebSite\",\"@id\":\"https:\/\/curiosidadesedicas.com\/loja\/#website\",\"url\":\"https:\/\/curiosidadesedicas.com\/loja\/\",\"name\":\"Curiosidades &amp; Dicas, Lda\",\"description\":\"Apaixonados Por Inova\u00e7\u00e3o\",\"publisher\":{\"@id\":\"https:\/\/curiosidadesedicas.com\/loja\/#organization\"},\"potentialAction\":[{\"@type\":\"SearchAction\",\"target\":{\"@type\":\"EntryPoint\",\"urlTemplate\":\"https:\/\/curiosidadesedicas.com\/loja\/?s={search_term_string}\"},\"query-input\":{\"@type\":\"PropertyValueSpecification\",\"valueRequired\":true,\"valueName\":\"search_term_string\"}}],\"inLanguage\":\"en-US\"},{\"@type\":\"Organization\",\"@id\":\"https:\/\/curiosidadesedicas.com\/loja\/#organization\",\"name\":\"Curiosidades & Dicas\",\"url\":\"https:\/\/curiosidadesedicas.com\/loja\/\",\"logo\":{\"@type\":\"ImageObject\",\"inLanguage\":\"en-US\",\"@id\":\"https:\/\/curiosidadesedicas.com\/loja\/#\/schema\/logo\/image\/\",\"url\":\"https:\/\/curiosidadesedicas.com\/loja\/wp-content\/uploads\/2020\/05\/LogoCuriosidadesSimples.png\",\"contentUrl\":\"https:\/\/curiosidadesedicas.com\/loja\/wp-content\/uploads\/2020\/05\/LogoCuriosidadesSimples.png\",\"width\":3528,\"height\":804,\"caption\":\"Curiosidades & Dicas\"},\"image\":{\"@id\":\"https:\/\/curiosidadesedicas.com\/loja\/#\/schema\/logo\/image\/\"}}]}<\/script>\n<!-- \/ Yoast SEO plugin. -->","yoast_head_json":{"title":"ALTAVOZ BLUETOOTH FLUTUANTE P\/ PISCINA COM LUZ LED RGBW IP67 IMPERME\u00c1VEL P\/ SMARTPHONE - Curiosidades &amp; Dicas, Lda","robots":{"index":"index","follow":"follow","max-snippet":"max-snippet:-1","max-image-preview":"max-image-preview:large","max-video-preview":"max-video-preview:-1"},"canonical":"https:\/\/curiosidadesedicas.com\/loja\/en\/product\/altavoz-bluetooth-flutuante-p-piscina-com-luz-led-rgbw-ip67-impermeavel-p-smartphone\/","og_locale":"en_US","og_type":"article","og_title":"ALTAVOZ BLUETOOTH FLUTUANTE P\/ PISCINA COM LUZ LED RGBW IP67 IMPERME\u00c1VEL P\/ SMARTPHONE - Curiosidades &amp; Dicas, Lda","og_description":"Gra\u00e7as\u00a0ao\u00a0Altavoz Bluetooth Flutuante para piscina com Luz LED RGBW IP67 Imperme\u00e1vel para Smartphone\u00a0pode apreciar a sua m\u00fasica favorita enquanto mergulha na \u00e1gua. Desfruta da tua m\u00fasica sem parar gra\u00e7as \u00e0 sua bateria com autonomia de 4 horas ( a 50% de som ), para que possa desfrutar de \u00e1udio de alta qualidade enquanto mergulha.. Est\u00e1 especialmente desenhado para resistir \u00e1gua e inclusive flutuar enquanto desfrutas de um banho. Serve, al\u00e9m disso, como elemento de decora\u00e7\u00e3o, gra\u00e7as \u00e1 sua fun\u00e7\u00e3o de ilumina\u00e7\u00e3o na parte superior, enquanto se reproduzem as tuas can\u00e7\u00f5es favoritas. Gra\u00e7as \u00e0 sua conex\u00e3o mediante\u00a0Bluetooth\u00a0ao teu dispositivo m\u00f3vel, poder\u00e1s controlar a m\u00fasica a uma dist\u00e2ncia de\u00a010 metros. *\u00a0O\u00a0Altavoz Bluetooth Flutuante\u00a0pode-se controlar atrav\u00e9s de\u00a01 s\u00f3 dispositivo ao mesmo tempo.","og_url":"https:\/\/curiosidadesedicas.com\/loja\/en\/product\/altavoz-bluetooth-flutuante-p-piscina-com-luz-led-rgbw-ip67-impermeavel-p-smartphone\/","og_site_name":"Curiosidades &amp; Dicas, Lda","article_modified_time":"2021-08-16T12:18:13+00:00","og_image":[{"width":1500,"height":1500,"url":"https:\/\/curiosidadesedicas.com\/loja\/wp-content\/uploads\/2021\/08\/baliza-bluetooth-led-solar-con-pincho-ip65.jpg","type":"image\/jpeg"}],"twitter_card":"summary_large_image","twitter_misc":{"Est. reading time":"1 minute"},"schema":{"@context":"https:\/\/schema.org","@graph":[{"@type":"WebPage","@id":"https:\/\/curiosidadesedicas.com\/loja\/produto\/altavoz-bluetooth-flutuante-p-piscina-com-luz-led-rgbw-ip67-impermeavel-p-smartphone\/","url":"https:\/\/curiosidadesedicas.com\/loja\/produto\/altavoz-bluetooth-flutuante-p-piscina-com-luz-led-rgbw-ip67-impermeavel-p-smartphone\/","name":"ALTAVOZ BLUETOOTH FLUTUANTE P\/ PISCINA COM LUZ LED RGBW IP67 IMPERME\u00c1VEL P\/ SMARTPHONE - Curiosidades &amp; Dicas, Lda","isPartOf":{"@id":"https:\/\/curiosidadesedicas.com\/loja\/#website"},"primaryImageOfPage":{"@id":"https:\/\/curiosidadesedicas.com\/loja\/produto\/altavoz-bluetooth-flutuante-p-piscina-com-luz-led-rgbw-ip67-impermeavel-p-smartphone\/#primaryimage"},"image":{"@id":"https:\/\/curiosidadesedicas.com\/loja\/produto\/altavoz-bluetooth-flutuante-p-piscina-com-luz-led-rgbw-ip67-impermeavel-p-smartphone\/#primaryimage"},"thumbnailUrl":"https:\/\/curiosidadesedicas.com\/loja\/wp-content\/uploads\/2021\/08\/baliza-bluetooth-led-solar-con-pincho-ip65.jpg","datePublished":"2021-08-16T11:54:05+00:00","dateModified":"2021-08-16T12:18:13+00:00","breadcrumb":{"@id":"https:\/\/curiosidadesedicas.com\/loja\/produto\/altavoz-bluetooth-flutuante-p-piscina-com-luz-led-rgbw-ip67-impermeavel-p-smartphone\/#breadcrumb"},"inLanguage":"en-US","potentialAction":[{"@type":"ReadAction","target":["https:\/\/curiosidadesedicas.com\/loja\/produto\/altavoz-bluetooth-flutuante-p-piscina-com-luz-led-rgbw-ip67-impermeavel-p-smartphone\/"]}]},{"@type":"ImageObject","inLanguage":"en-US","@id":"https:\/\/curiosidadesedicas.com\/loja\/produto\/altavoz-bluetooth-flutuante-p-piscina-com-luz-led-rgbw-ip67-impermeavel-p-smartphone\/#primaryimage","url":"https:\/\/curiosidadesedicas.com\/loja\/wp-content\/uploads\/2021\/08\/baliza-bluetooth-led-solar-con-pincho-ip65.jpg","contentUrl":"https:\/\/curiosidadesedicas.com\/loja\/wp-content\/uploads\/2021\/08\/baliza-bluetooth-led-solar-con-pincho-ip65.jpg","width":1500,"height":1500},{"@type":"BreadcrumbList","@id":"https:\/\/curiosidadesedicas.com\/loja\/produto\/altavoz-bluetooth-flutuante-p-piscina-com-luz-led-rgbw-ip67-impermeavel-p-smartphone\/#breadcrumb","itemListElement":[{"@type":"ListItem","position":1,"name":"In\u00edcio","item":"https:\/\/curiosidadesedicas.com\/loja\/"},{"@type":"ListItem","position":2,"name":"Produtos","item":"https:\/\/curiosidadesedicas.com\/loja\/produtos\/"},{"@type":"ListItem","position":3,"name":"ALTAVOZ BLUETOOTH FLUTUANTE P\/ PISCINA COM LUZ LED RGBW IP67 IMPERME\u00c1VEL P\/ SMARTPHONE"}]},{"@type":"WebSite","@id":"https:\/\/curiosidadesedicas.com\/loja\/#website","url":"https:\/\/curiosidadesedicas.com\/loja\/","name":"Curiosidades &amp; Dicas, Lda","description":"Apaixonados Por Inova\u00e7\u00e3o","publisher":{"@id":"https:\/\/curiosidadesedicas.com\/loja\/#organization"},"potentialAction":[{"@type":"SearchAction","target":{"@type":"EntryPoint","urlTemplate":"https:\/\/curiosidadesedicas.com\/loja\/?s={search_term_string}"},"query-input":{"@type":"PropertyValueSpecification","valueRequired":true,"valueName":"search_term_string"}}],"inLanguage":"en-US"},{"@type":"Organization","@id":"https:\/\/curiosidadesedicas.com\/loja\/#organization","name":"Curiosidades & Dicas","url":"https:\/\/curiosidadesedicas.com\/loja\/","logo":{"@type":"ImageObject","inLanguage":"en-US","@id":"https:\/\/curiosidadesedicas.com\/loja\/#\/schema\/logo\/image\/","url":"https:\/\/curiosidadesedicas.com\/loja\/wp-content\/uploads\/2020\/05\/LogoCuriosidadesSimples.png","contentUrl":"https:\/\/curiosidadesedicas.com\/loja\/wp-content\/uploads\/2020\/05\/LogoCuriosidadesSimples.png","width":3528,"height":804,"caption":"Curiosidades & Dicas"},"image":{"@id":"https:\/\/curiosidadesedicas.com\/loja\/#\/schema\/logo\/image\/"}}]}},"_links":{"self":[{"href":"https:\/\/curiosidadesedicas.com\/loja\/en\/wp-json\/wp\/v2\/product\/21795","targetHints":{"allow":["GET"]}}],"collection":[{"href":"https:\/\/curiosidadesedicas.com\/loja\/en\/wp-json\/wp\/v2\/product"}],"about":[{"href":"https:\/\/curiosidadesedicas.com\/loja\/en\/wp-json\/wp\/v2\/types\/product"}],"replies":[{"embeddable":true,"href":"https:\/\/curiosidadesedicas.com\/loja\/en\/wp-json\/wp\/v2\/comments?post=21795"}],"wp:featuredmedia":[{"embeddable":true,"href":"https:\/\/curiosidadesedicas.com\/loja\/en\/wp-json\/wp\/v2\/media\/21796"}],"wp:attachment":[{"href":"https:\/\/curiosidadesedicas.com\/loja\/en\/wp-json\/wp\/v2\/media?parent=21795"}],"wp:term":[{"taxonomy":"product_brand","embeddable":true,"href":"https:\/\/curiosidadesedicas.com\/loja\/en\/wp-json\/wp\/v2\/product_brand?post=21795"},{"taxonomy":"product_cat","embeddable":true,"href":"https:\/\/curiosidadesedicas.com\/loja\/en\/wp-json\/wp\/v2\/product_cat?post=21795"},{"taxonomy":"product_tag","embeddable":true,"href":"https:\/\/curiosidadesedicas.com\/loja\/en\/wp-json\/wp\/v2\/product_tag?post=21795"}],"curies":[{"name":"wp","href":"https:\/\/api.w.org\/{rel}","templated":true}]}}