{"id":21570,"date":"2021-06-21T13:18:26","date_gmt":"2021-06-21T13:18:26","guid":{"rendered":"https:\/\/curiosidadesedicas.com\/loja\/?post_type=product&#038;p=21570"},"modified":"2025-04-24T12:14:44","modified_gmt":"2025-04-24T12:14:44","slug":"mosquiteira-c-moldura-extensivel-50-x-75-142-cm","status":"publish","type":"product","link":"https:\/\/curiosidadesedicas.com\/loja\/en\/product\/mosquiteira-c-moldura-extensivel-50-x-75-142-cm\/","title":{"rendered":"MOSQUITEIRA C\/ MOLDURA EXTENS\u00cdVEL 50 X 75-142 CM"},"content":{"rendered":"<p>Uma mosquiteira com moldura extens\u00edvel nas medidas 50 x 75 at\u00e9 142cm. Estrutura nas cores preto e branco. Ideal para janelas e persianas ate 142cm largura. Montagem em 15 segundos. \u00d3tima transpar\u00eancia!<\/p>\n<ul>\n<li>Perfil de alum\u00ednio<\/li>\n<li>Malha de fibra de vidro de alta qualidade para \u00f3tima transpar\u00eancia\n<div>\n<div dir=\"ltr\" data-smartmail=\"gmail_signature\" data-lt-sig=\"1\">\n<div dir=\"ltr\">\n<div dir=\"ltr\">\n<div dir=\"ltr\">\n<div dir=\"ltr\">\n<div dir=\"ltr\">\n<div dir=\"ltr\"><\/div>\n<\/div>\n<\/div>\n<\/div>\n<\/div>\n<\/div>\n<\/div>\n<\/div>\n<\/li>\n<\/ul>\n<p>Ideal para proteger os nossos bichinhos:<\/p>\n<p><img loading=\"lazy\" decoding=\"async\" class=\"alignnone wp-image-26001 size-full\" src=\"https:\/\/curiosidadesedicas.com\/loja\/wp-content\/uploads\/2021\/06\/Mosquiteira-animais.gif\" alt=\"\" width=\"600\" height=\"600\" \/><\/p>\n<p>&nbsp;<\/p>\n<p>Pode ser usada na horizontal ou na vertical. Veja aqui fotos enviadas por clientes na horizontal:<\/p>\n<p><img loading=\"lazy\" decoding=\"async\" class=\"alignnone wp-image-26002 size-full\" src=\"https:\/\/curiosidadesedicas.com\/loja\/wp-content\/uploads\/2021\/06\/Mosquiteiras-HORIZONTAL.gif\" alt=\"\" width=\"600\" height=\"600\" \/><\/p>\n<p>&nbsp;<\/p>\n<p>Mosquiteira extens\u00edvel na vertical:<\/p>\n<p><img loading=\"lazy\" decoding=\"async\" class=\"alignnone wp-image-26003 size-full\" src=\"https:\/\/curiosidadesedicas.com\/loja\/wp-content\/uploads\/2021\/06\/Mosquiteiras-VERTICAL.gif\" alt=\"\" width=\"600\" height=\"600\" \/><\/p>","protected":false},"excerpt":{"rendered":"<ul>\n<li>Medidas: 50 x 75 at\u00e9 142 cm<\/li>\n<li>Cor da estrutura: branco e preto<\/li>\n<li>Super resistentes e pr\u00e1ticas<\/li>\n<li>Perfil de alum\u00ednio<\/li>\n<li>Malha de fibra de vidro de alta qualidade para \u00f3tima transpar\u00eancia<\/li>\n<li>Pode ser usada na horizontal ou na vertical<\/li>\n<li>Servem de barreira para os animais<\/li>\n<li>\n<div>Se tiver persiana ou estores e as janelas forem de correr, consegue usar a mosquiteira na horizontal e na vertical<\/div>\n<\/li>\n<li>\n<div>Se tiver s\u00f3 persiana e as janelas forem de abrir, as janelas n\u00e3o podem medir mais do que 142cm de largura. Se medir igual ou menos, fica bem<\/div>\n<\/li>\n<li>\n<div>Caso n\u00e3o tenha persiana, mas as janelas forem de abrir, pode usar a mosquiteira ao alto, desde que a janela n\u00e3o tenha mais do que 142cm<\/div>\n<\/li>\n<li>\n<div>Se tiver portadas com janelas de correr, pode usar ao alto, desde que a janela n\u00e3o me\u00e7a mais do que 142cm<\/div>\n<\/li>\n<li>\n<div>\n<p>Se tiver portadas e janelas de abrir, a mosquiteira n\u00e3o serve<\/p>\n<p>Caso pretenda um modelo maior pode ver dispon\u00edvel <a href=\"https:\/\/curiosidadesedicas.com\/loja\/en\/product\/mosquiteira-c-moldura-extensivel-75x100-193cm\/\" target=\"_blank\" rel=\"noopener\"><strong>aqui<\/strong><\/a><\/p>\n<\/div>\n<\/li>\n<\/ul>\n<p>https:\/\/www.youtube.com\/watch?v=CEy0AfRchco<\/p>","protected":false},"featured_media":26041,"comment_status":"open","ping_status":"closed","template":"","meta":{"_glsr_average":0,"_glsr_ranking":0,"_glsr_reviews":0},"product_brand":[],"product_cat":[387,389],"product_tag":[],"class_list":{"0":"post-21570","1":"product","2":"type-product","3":"status-publish","4":"has-post-thumbnail","6":"product_cat-anti-insetos","7":"product_cat-naturais","9":"first","10":"instock","11":"taxable","12":"shipping-taxable","13":"purchasable","14":"product-type-simple"},"yoast_head":"<!-- This site is optimized with the Yoast SEO plugin v26.8 - https:\/\/yoast.com\/product\/yoast-seo-wordpress\/ -->\n<title>MOSQUITEIRA C\/ MOLDURA EXTENS\u00cdVEL 50 X 75-142 CM - Curiosidades &amp; Dicas, Lda<\/title>\n<meta name=\"robots\" content=\"index, follow, max-snippet:-1, max-image-preview:large, max-video-preview:-1\" \/>\n<link rel=\"canonical\" href=\"https:\/\/curiosidadesedicas.com\/loja\/en\/product\/mosquiteira-c-moldura-extensivel-50-x-75-142-cm\/\" \/>\n<meta property=\"og:locale\" content=\"en_US\" \/>\n<meta property=\"og:type\" content=\"article\" \/>\n<meta property=\"og:title\" content=\"MOSQUITEIRA C\/ MOLDURA EXTENS\u00cdVEL 50 X 75-142 CM - Curiosidades &amp; Dicas, Lda\" \/>\n<meta property=\"og:description\" content=\"Medidas: 50 x 75 at\u00e9 142 cm  Cor da estrutura: branco e preto  Super resistentes e pr\u00e1ticas  Perfil de alum\u00ednio  Malha de fibra de vidro de alta qualidade para \u00f3tima transpar\u00eancia  Pode ser usada na horizontal ou na vertical  Servem de barreira para os animais   Se tiver persiana ou estores e as janelas forem de correr, consegue usar a mosquiteira na horizontal e na vertical   Se tiver s\u00f3 persiana e as janelas forem de abrir, as janelas n\u00e3o podem medir mais do que 142cm de largura. Se medir igual ou menos, fica bem   Caso n\u00e3o tenha persiana, mas as janelas forem de abrir, pode usar a mosquiteira ao alto, desde que a janela n\u00e3o tenha mais do que 142cm   Se tiver portadas com janelas de correr, pode usar ao alto, desde que a janela n\u00e3o me\u00e7a mais do que 142cm     Se tiver portadas e janelas de abrir, a mosquiteira n\u00e3o serve  Caso pretenda um modelo maior pode ver dispon\u00edvel aqui    https:\/\/www.youtube.com\/watch?v=CEy0AfRchco\" \/>\n<meta property=\"og:url\" content=\"https:\/\/curiosidadesedicas.com\/loja\/en\/product\/mosquiteira-c-moldura-extensivel-50-x-75-142-cm\/\" \/>\n<meta property=\"og:site_name\" content=\"Curiosidades &amp; Dicas, Lda\" \/>\n<meta property=\"article:modified_time\" content=\"2025-04-24T12:14:44+00:00\" \/>\n<meta property=\"og:image\" content=\"https:\/\/curiosidadesedicas.com\/loja\/wp-content\/uploads\/2021\/06\/esquema-horizontal-vertical-1024x837.png\" \/>\n\t<meta property=\"og:image:width\" content=\"1024\" \/>\n\t<meta property=\"og:image:height\" content=\"837\" \/>\n\t<meta property=\"og:image:type\" content=\"image\/png\" \/>\n<meta name=\"twitter:card\" content=\"summary_large_image\" \/>\n<meta name=\"twitter:label1\" content=\"Est. reading time\" \/>\n\t<meta name=\"twitter:data1\" content=\"2 minutes\" \/>\n<script type=\"application\/ld+json\" class=\"yoast-schema-graph\">{\"@context\":\"https:\/\/schema.org\",\"@graph\":[{\"@type\":\"WebPage\",\"@id\":\"https:\/\/curiosidadesedicas.com\/loja\/produto\/mosquiteira-c-moldura-extensivel-50-x-75-142-cm\/\",\"url\":\"https:\/\/curiosidadesedicas.com\/loja\/produto\/mosquiteira-c-moldura-extensivel-50-x-75-142-cm\/\",\"name\":\"MOSQUITEIRA C\/ MOLDURA EXTENS\u00cdVEL 50 X 75-142 CM - Curiosidades &amp; Dicas, Lda\",\"isPartOf\":{\"@id\":\"https:\/\/curiosidadesedicas.com\/loja\/#website\"},\"primaryImageOfPage\":{\"@id\":\"https:\/\/curiosidadesedicas.com\/loja\/produto\/mosquiteira-c-moldura-extensivel-50-x-75-142-cm\/#primaryimage\"},\"image\":{\"@id\":\"https:\/\/curiosidadesedicas.com\/loja\/produto\/mosquiteira-c-moldura-extensivel-50-x-75-142-cm\/#primaryimage\"},\"thumbnailUrl\":\"https:\/\/curiosidadesedicas.com\/loja\/wp-content\/uploads\/2021\/06\/esquema-horizontal-vertical.png\",\"datePublished\":\"2021-06-21T13:18:26+00:00\",\"dateModified\":\"2025-04-24T12:14:44+00:00\",\"breadcrumb\":{\"@id\":\"https:\/\/curiosidadesedicas.com\/loja\/produto\/mosquiteira-c-moldura-extensivel-50-x-75-142-cm\/#breadcrumb\"},\"inLanguage\":\"en-US\",\"potentialAction\":[{\"@type\":\"ReadAction\",\"target\":[\"https:\/\/curiosidadesedicas.com\/loja\/produto\/mosquiteira-c-moldura-extensivel-50-x-75-142-cm\/\"]}]},{\"@type\":\"ImageObject\",\"inLanguage\":\"en-US\",\"@id\":\"https:\/\/curiosidadesedicas.com\/loja\/produto\/mosquiteira-c-moldura-extensivel-50-x-75-142-cm\/#primaryimage\",\"url\":\"https:\/\/curiosidadesedicas.com\/loja\/wp-content\/uploads\/2021\/06\/esquema-horizontal-vertical.png\",\"contentUrl\":\"https:\/\/curiosidadesedicas.com\/loja\/wp-content\/uploads\/2021\/06\/esquema-horizontal-vertical.png\",\"width\":2449,\"height\":2001},{\"@type\":\"BreadcrumbList\",\"@id\":\"https:\/\/curiosidadesedicas.com\/loja\/produto\/mosquiteira-c-moldura-extensivel-50-x-75-142-cm\/#breadcrumb\",\"itemListElement\":[{\"@type\":\"ListItem\",\"position\":1,\"name\":\"In\u00edcio\",\"item\":\"https:\/\/curiosidadesedicas.com\/loja\/\"},{\"@type\":\"ListItem\",\"position\":2,\"name\":\"Produtos\",\"item\":\"https:\/\/curiosidadesedicas.com\/loja\/produtos\/\"},{\"@type\":\"ListItem\",\"position\":3,\"name\":\"MOSQUITEIRA C\/ MOLDURA EXTENS\u00cdVEL 50 X 75-142 CM\"}]},{\"@type\":\"WebSite\",\"@id\":\"https:\/\/curiosidadesedicas.com\/loja\/#website\",\"url\":\"https:\/\/curiosidadesedicas.com\/loja\/\",\"name\":\"Curiosidades &amp; Dicas, Lda\",\"description\":\"Apaixonados Por Inova\u00e7\u00e3o\",\"publisher\":{\"@id\":\"https:\/\/curiosidadesedicas.com\/loja\/#organization\"},\"potentialAction\":[{\"@type\":\"SearchAction\",\"target\":{\"@type\":\"EntryPoint\",\"urlTemplate\":\"https:\/\/curiosidadesedicas.com\/loja\/?s={search_term_string}\"},\"query-input\":{\"@type\":\"PropertyValueSpecification\",\"valueRequired\":true,\"valueName\":\"search_term_string\"}}],\"inLanguage\":\"en-US\"},{\"@type\":\"Organization\",\"@id\":\"https:\/\/curiosidadesedicas.com\/loja\/#organization\",\"name\":\"Curiosidades & Dicas\",\"url\":\"https:\/\/curiosidadesedicas.com\/loja\/\",\"logo\":{\"@type\":\"ImageObject\",\"inLanguage\":\"en-US\",\"@id\":\"https:\/\/curiosidadesedicas.com\/loja\/#\/schema\/logo\/image\/\",\"url\":\"https:\/\/curiosidadesedicas.com\/loja\/wp-content\/uploads\/2020\/05\/LogoCuriosidadesSimples.png\",\"contentUrl\":\"https:\/\/curiosidadesedicas.com\/loja\/wp-content\/uploads\/2020\/05\/LogoCuriosidadesSimples.png\",\"width\":3528,\"height\":804,\"caption\":\"Curiosidades & Dicas\"},\"image\":{\"@id\":\"https:\/\/curiosidadesedicas.com\/loja\/#\/schema\/logo\/image\/\"}}]}<\/script>\n<!-- \/ Yoast SEO plugin. -->","yoast_head_json":{"title":"MOSQUITEIRA C\/ MOLDURA EXTENS\u00cdVEL 50 X 75-142 CM - Curiosidades &amp; Dicas, Lda","robots":{"index":"index","follow":"follow","max-snippet":"max-snippet:-1","max-image-preview":"max-image-preview:large","max-video-preview":"max-video-preview:-1"},"canonical":"https:\/\/curiosidadesedicas.com\/loja\/en\/product\/mosquiteira-c-moldura-extensivel-50-x-75-142-cm\/","og_locale":"en_US","og_type":"article","og_title":"MOSQUITEIRA C\/ MOLDURA EXTENS\u00cdVEL 50 X 75-142 CM - Curiosidades &amp; Dicas, Lda","og_description":"Medidas: 50 x 75 at\u00e9 142 cm  Cor da estrutura: branco e preto  Super resistentes e pr\u00e1ticas  Perfil de alum\u00ednio  Malha de fibra de vidro de alta qualidade para \u00f3tima transpar\u00eancia  Pode ser usada na horizontal ou na vertical  Servem de barreira para os animais   Se tiver persiana ou estores e as janelas forem de correr, consegue usar a mosquiteira na horizontal e na vertical   Se tiver s\u00f3 persiana e as janelas forem de abrir, as janelas n\u00e3o podem medir mais do que 142cm de largura. Se medir igual ou menos, fica bem   Caso n\u00e3o tenha persiana, mas as janelas forem de abrir, pode usar a mosquiteira ao alto, desde que a janela n\u00e3o tenha mais do que 142cm   Se tiver portadas com janelas de correr, pode usar ao alto, desde que a janela n\u00e3o me\u00e7a mais do que 142cm     Se tiver portadas e janelas de abrir, a mosquiteira n\u00e3o serve  Caso pretenda um modelo maior pode ver dispon\u00edvel aqui    https:\/\/www.youtube.com\/watch?v=CEy0AfRchco","og_url":"https:\/\/curiosidadesedicas.com\/loja\/en\/product\/mosquiteira-c-moldura-extensivel-50-x-75-142-cm\/","og_site_name":"Curiosidades &amp; Dicas, Lda","article_modified_time":"2025-04-24T12:14:44+00:00","og_image":[{"width":1024,"height":837,"url":"https:\/\/curiosidadesedicas.com\/loja\/wp-content\/uploads\/2021\/06\/esquema-horizontal-vertical-1024x837.png","type":"image\/png"}],"twitter_card":"summary_large_image","twitter_misc":{"Est. reading time":"2 minutes"},"schema":{"@context":"https:\/\/schema.org","@graph":[{"@type":"WebPage","@id":"https:\/\/curiosidadesedicas.com\/loja\/produto\/mosquiteira-c-moldura-extensivel-50-x-75-142-cm\/","url":"https:\/\/curiosidadesedicas.com\/loja\/produto\/mosquiteira-c-moldura-extensivel-50-x-75-142-cm\/","name":"MOSQUITEIRA C\/ MOLDURA EXTENS\u00cdVEL 50 X 75-142 CM - Curiosidades &amp; Dicas, Lda","isPartOf":{"@id":"https:\/\/curiosidadesedicas.com\/loja\/#website"},"primaryImageOfPage":{"@id":"https:\/\/curiosidadesedicas.com\/loja\/produto\/mosquiteira-c-moldura-extensivel-50-x-75-142-cm\/#primaryimage"},"image":{"@id":"https:\/\/curiosidadesedicas.com\/loja\/produto\/mosquiteira-c-moldura-extensivel-50-x-75-142-cm\/#primaryimage"},"thumbnailUrl":"https:\/\/curiosidadesedicas.com\/loja\/wp-content\/uploads\/2021\/06\/esquema-horizontal-vertical.png","datePublished":"2021-06-21T13:18:26+00:00","dateModified":"2025-04-24T12:14:44+00:00","breadcrumb":{"@id":"https:\/\/curiosidadesedicas.com\/loja\/produto\/mosquiteira-c-moldura-extensivel-50-x-75-142-cm\/#breadcrumb"},"inLanguage":"en-US","potentialAction":[{"@type":"ReadAction","target":["https:\/\/curiosidadesedicas.com\/loja\/produto\/mosquiteira-c-moldura-extensivel-50-x-75-142-cm\/"]}]},{"@type":"ImageObject","inLanguage":"en-US","@id":"https:\/\/curiosidadesedicas.com\/loja\/produto\/mosquiteira-c-moldura-extensivel-50-x-75-142-cm\/#primaryimage","url":"https:\/\/curiosidadesedicas.com\/loja\/wp-content\/uploads\/2021\/06\/esquema-horizontal-vertical.png","contentUrl":"https:\/\/curiosidadesedicas.com\/loja\/wp-content\/uploads\/2021\/06\/esquema-horizontal-vertical.png","width":2449,"height":2001},{"@type":"BreadcrumbList","@id":"https:\/\/curiosidadesedicas.com\/loja\/produto\/mosquiteira-c-moldura-extensivel-50-x-75-142-cm\/#breadcrumb","itemListElement":[{"@type":"ListItem","position":1,"name":"In\u00edcio","item":"https:\/\/curiosidadesedicas.com\/loja\/"},{"@type":"ListItem","position":2,"name":"Produtos","item":"https:\/\/curiosidadesedicas.com\/loja\/produtos\/"},{"@type":"ListItem","position":3,"name":"MOSQUITEIRA C\/ MOLDURA EXTENS\u00cdVEL 50 X 75-142 CM"}]},{"@type":"WebSite","@id":"https:\/\/curiosidadesedicas.com\/loja\/#website","url":"https:\/\/curiosidadesedicas.com\/loja\/","name":"Curiosidades &amp; Dicas, Lda","description":"Apaixonados Por Inova\u00e7\u00e3o","publisher":{"@id":"https:\/\/curiosidadesedicas.com\/loja\/#organization"},"potentialAction":[{"@type":"SearchAction","target":{"@type":"EntryPoint","urlTemplate":"https:\/\/curiosidadesedicas.com\/loja\/?s={search_term_string}"},"query-input":{"@type":"PropertyValueSpecification","valueRequired":true,"valueName":"search_term_string"}}],"inLanguage":"en-US"},{"@type":"Organization","@id":"https:\/\/curiosidadesedicas.com\/loja\/#organization","name":"Curiosidades & Dicas","url":"https:\/\/curiosidadesedicas.com\/loja\/","logo":{"@type":"ImageObject","inLanguage":"en-US","@id":"https:\/\/curiosidadesedicas.com\/loja\/#\/schema\/logo\/image\/","url":"https:\/\/curiosidadesedicas.com\/loja\/wp-content\/uploads\/2020\/05\/LogoCuriosidadesSimples.png","contentUrl":"https:\/\/curiosidadesedicas.com\/loja\/wp-content\/uploads\/2020\/05\/LogoCuriosidadesSimples.png","width":3528,"height":804,"caption":"Curiosidades & Dicas"},"image":{"@id":"https:\/\/curiosidadesedicas.com\/loja\/#\/schema\/logo\/image\/"}}]}},"_links":{"self":[{"href":"https:\/\/curiosidadesedicas.com\/loja\/en\/wp-json\/wp\/v2\/product\/21570","targetHints":{"allow":["GET"]}}],"collection":[{"href":"https:\/\/curiosidadesedicas.com\/loja\/en\/wp-json\/wp\/v2\/product"}],"about":[{"href":"https:\/\/curiosidadesedicas.com\/loja\/en\/wp-json\/wp\/v2\/types\/product"}],"replies":[{"embeddable":true,"href":"https:\/\/curiosidadesedicas.com\/loja\/en\/wp-json\/wp\/v2\/comments?post=21570"}],"wp:featuredmedia":[{"embeddable":true,"href":"https:\/\/curiosidadesedicas.com\/loja\/en\/wp-json\/wp\/v2\/media\/26041"}],"wp:attachment":[{"href":"https:\/\/curiosidadesedicas.com\/loja\/en\/wp-json\/wp\/v2\/media?parent=21570"}],"wp:term":[{"taxonomy":"product_brand","embeddable":true,"href":"https:\/\/curiosidadesedicas.com\/loja\/en\/wp-json\/wp\/v2\/product_brand?post=21570"},{"taxonomy":"product_cat","embeddable":true,"href":"https:\/\/curiosidadesedicas.com\/loja\/en\/wp-json\/wp\/v2\/product_cat?post=21570"},{"taxonomy":"product_tag","embeddable":true,"href":"https:\/\/curiosidadesedicas.com\/loja\/en\/wp-json\/wp\/v2\/product_tag?post=21570"}],"curies":[{"name":"wp","href":"https:\/\/api.w.org\/{rel}","templated":true}]}}