{"id":21468,"date":"2021-06-09T15:29:35","date_gmt":"2021-06-09T15:29:35","guid":{"rendered":"https:\/\/curiosidadesedicas.com\/loja\/?post_type=product&#038;p=21468"},"modified":"2025-03-14T09:35:21","modified_gmt":"2025-03-14T09:35:21","slug":"ventoinha-de-chao-o20-120w-kool-breeze","status":"publish","type":"product","link":"https:\/\/curiosidadesedicas.com\/loja\/en\/product\/ventoinha-de-chao-o20-120w-kool-breeze\/","title":{"rendered":"VENTOINHA DE CH\u00c3O 50CM 120W KOOL BREEZE"},"content":{"rendered":"<p>Ventoinha de ch\u00e3o com 50cm de di\u00e2metro. Motor de alto desempenho com 120W de pot\u00eancia e 3 velocidades. Feito de metal dur\u00e1vel. N\u00e3o requer montagem.<\/p>","protected":false},"excerpt":{"rendered":"<ul>\n<li style=\"list-style-type: none;\">\n<ul>\n<li>Feito de metal dur\u00e1vel.<\/li>\n<li>Motor 120W de alto desempenho.<\/li>\n<li>3 velocidades.<\/li>\n<li>Di\u00e2metro: 50cm.<\/li>\n<li>Cabe\u00e7a de inclina\u00e7\u00e3o ajust\u00e1vel.<\/li>\n<li>Pronto para usar.\u00a0Nenhuma montagem necess\u00e1ria.<\/li>\n<li>Grade de prote\u00e7\u00e3o.<\/li>\n<li>Dimens\u00f5es: 615 x 190 x 590mm.<\/li>\n<li>Cabo de 1,7 m.<\/li>\n<li>Peso bruto l\u00edquido: 6,2 Kg &#8211; 5,3 Kg.<\/li>\n<li>Tens\u00e3o: 220V &#8211; 50Hz.<\/li>\n<\/ul>\n<ul>\n<li>Dimens\u00f5es: 615x215x590mm.<\/li>\n<\/ul>\n<\/li>\n<\/ul>\n<p>&nbsp;<\/p>","protected":false},"featured_media":21470,"comment_status":"open","ping_status":"closed","template":"","meta":{"_glsr_average":0,"_glsr_ranking":0,"_glsr_reviews":0},"product_brand":[],"product_cat":[474,365,369],"product_tag":[],"class_list":{"0":"post-21468","1":"product","2":"type-product","3":"status-publish","4":"has-post-thumbnail","6":"product_cat-ventilacao","7":"product_cat-para-o-lar","8":"product_cat-ventoinhas","10":"first","11":"instock","12":"taxable","13":"shipping-taxable","14":"purchasable","15":"product-type-simple"},"yoast_head":"<!-- This site is optimized with the Yoast SEO plugin v26.8 - https:\/\/yoast.com\/product\/yoast-seo-wordpress\/ -->\n<title>VENTOINHA DE CH\u00c3O 50CM 120W KOOL BREEZE - Curiosidades &amp; Dicas, Lda<\/title>\n<meta name=\"robots\" content=\"index, follow, max-snippet:-1, max-image-preview:large, max-video-preview:-1\" \/>\n<link rel=\"canonical\" href=\"https:\/\/curiosidadesedicas.com\/loja\/en\/product\/ventoinha-de-chao-o20-120w-kool-breeze\/\" \/>\n<meta property=\"og:locale\" content=\"en_US\" \/>\n<meta property=\"og:type\" content=\"article\" \/>\n<meta property=\"og:title\" content=\"VENTOINHA DE CH\u00c3O 50CM 120W KOOL BREEZE - Curiosidades &amp; Dicas, Lda\" \/>\n<meta property=\"og:description\" content=\"Feito de metal dur\u00e1vel.  Motor 120W de alto desempenho.  3 velocidades.  Di\u00e2metro: 50cm.  Cabe\u00e7a de inclina\u00e7\u00e3o ajust\u00e1vel.  Pronto para usar.\u00a0Nenhuma montagem necess\u00e1ria.  Grade de prote\u00e7\u00e3o.  Dimens\u00f5es: 615 x 190 x 590mm.  Cabo de 1,7 m.  Peso bruto l\u00edquido: 6,2 Kg - 5,3 Kg.  Tens\u00e3o: 220V - 50Hz.    Dimens\u00f5es: 615x215x590mm.    &nbsp;\" \/>\n<meta property=\"og:url\" content=\"https:\/\/curiosidadesedicas.com\/loja\/en\/product\/ventoinha-de-chao-o20-120w-kool-breeze\/\" \/>\n<meta property=\"og:site_name\" content=\"Curiosidades &amp; Dicas, Lda\" \/>\n<meta property=\"article:modified_time\" content=\"2025-03-14T09:35:21+00:00\" \/>\n<meta property=\"og:image\" content=\"https:\/\/curiosidadesedicas.com\/loja\/wp-content\/uploads\/2021\/06\/th-kb05-ventilador-de-suelo-de-20-120w-3-velocidades-kool-breeze-by-thulos-th-kb05-ventilador-de-suelo-de-20-de-diametro-motor-d.jpg\" \/>\n\t<meta property=\"og:image:width\" content=\"800\" \/>\n\t<meta property=\"og:image:height\" content=\"800\" \/>\n\t<meta property=\"og:image:type\" content=\"image\/jpeg\" \/>\n<meta name=\"twitter:card\" content=\"summary_large_image\" \/>\n<meta name=\"twitter:label1\" content=\"Est. reading time\" \/>\n\t<meta name=\"twitter:data1\" content=\"1 minute\" \/>\n<script type=\"application\/ld+json\" class=\"yoast-schema-graph\">{\"@context\":\"https:\/\/schema.org\",\"@graph\":[{\"@type\":\"WebPage\",\"@id\":\"https:\/\/curiosidadesedicas.com\/loja\/produto\/ventoinha-de-chao-o20-120w-kool-breeze\/\",\"url\":\"https:\/\/curiosidadesedicas.com\/loja\/produto\/ventoinha-de-chao-o20-120w-kool-breeze\/\",\"name\":\"VENTOINHA DE CH\u00c3O 50CM 120W KOOL BREEZE - Curiosidades &amp; Dicas, Lda\",\"isPartOf\":{\"@id\":\"https:\/\/curiosidadesedicas.com\/loja\/#website\"},\"primaryImageOfPage\":{\"@id\":\"https:\/\/curiosidadesedicas.com\/loja\/produto\/ventoinha-de-chao-o20-120w-kool-breeze\/#primaryimage\"},\"image\":{\"@id\":\"https:\/\/curiosidadesedicas.com\/loja\/produto\/ventoinha-de-chao-o20-120w-kool-breeze\/#primaryimage\"},\"thumbnailUrl\":\"https:\/\/curiosidadesedicas.com\/loja\/wp-content\/uploads\/2021\/06\/th-kb05-ventilador-de-suelo-de-20-120w-3-velocidades-kool-breeze-by-thulos-th-kb05-ventilador-de-suelo-de-20-de-diametro-motor-d.jpg\",\"datePublished\":\"2021-06-09T15:29:35+00:00\",\"dateModified\":\"2025-03-14T09:35:21+00:00\",\"breadcrumb\":{\"@id\":\"https:\/\/curiosidadesedicas.com\/loja\/produto\/ventoinha-de-chao-o20-120w-kool-breeze\/#breadcrumb\"},\"inLanguage\":\"en-US\",\"potentialAction\":[{\"@type\":\"ReadAction\",\"target\":[\"https:\/\/curiosidadesedicas.com\/loja\/produto\/ventoinha-de-chao-o20-120w-kool-breeze\/\"]}]},{\"@type\":\"ImageObject\",\"inLanguage\":\"en-US\",\"@id\":\"https:\/\/curiosidadesedicas.com\/loja\/produto\/ventoinha-de-chao-o20-120w-kool-breeze\/#primaryimage\",\"url\":\"https:\/\/curiosidadesedicas.com\/loja\/wp-content\/uploads\/2021\/06\/th-kb05-ventilador-de-suelo-de-20-120w-3-velocidades-kool-breeze-by-thulos-th-kb05-ventilador-de-suelo-de-20-de-diametro-motor-d.jpg\",\"contentUrl\":\"https:\/\/curiosidadesedicas.com\/loja\/wp-content\/uploads\/2021\/06\/th-kb05-ventilador-de-suelo-de-20-120w-3-velocidades-kool-breeze-by-thulos-th-kb05-ventilador-de-suelo-de-20-de-diametro-motor-d.jpg\",\"width\":800,\"height\":800},{\"@type\":\"BreadcrumbList\",\"@id\":\"https:\/\/curiosidadesedicas.com\/loja\/produto\/ventoinha-de-chao-o20-120w-kool-breeze\/#breadcrumb\",\"itemListElement\":[{\"@type\":\"ListItem\",\"position\":1,\"name\":\"In\u00edcio\",\"item\":\"https:\/\/curiosidadesedicas.com\/loja\/\"},{\"@type\":\"ListItem\",\"position\":2,\"name\":\"Produtos\",\"item\":\"https:\/\/curiosidadesedicas.com\/loja\/produtos\/\"},{\"@type\":\"ListItem\",\"position\":3,\"name\":\"VENTOINHA DE CH\u00c3O 50CM 120W KOOL BREEZE\"}]},{\"@type\":\"WebSite\",\"@id\":\"https:\/\/curiosidadesedicas.com\/loja\/#website\",\"url\":\"https:\/\/curiosidadesedicas.com\/loja\/\",\"name\":\"Curiosidades &amp; Dicas, Lda\",\"description\":\"Apaixonados Por Inova\u00e7\u00e3o\",\"publisher\":{\"@id\":\"https:\/\/curiosidadesedicas.com\/loja\/#organization\"},\"potentialAction\":[{\"@type\":\"SearchAction\",\"target\":{\"@type\":\"EntryPoint\",\"urlTemplate\":\"https:\/\/curiosidadesedicas.com\/loja\/?s={search_term_string}\"},\"query-input\":{\"@type\":\"PropertyValueSpecification\",\"valueRequired\":true,\"valueName\":\"search_term_string\"}}],\"inLanguage\":\"en-US\"},{\"@type\":\"Organization\",\"@id\":\"https:\/\/curiosidadesedicas.com\/loja\/#organization\",\"name\":\"Curiosidades & Dicas\",\"url\":\"https:\/\/curiosidadesedicas.com\/loja\/\",\"logo\":{\"@type\":\"ImageObject\",\"inLanguage\":\"en-US\",\"@id\":\"https:\/\/curiosidadesedicas.com\/loja\/#\/schema\/logo\/image\/\",\"url\":\"https:\/\/curiosidadesedicas.com\/loja\/wp-content\/uploads\/2020\/05\/LogoCuriosidadesSimples.png\",\"contentUrl\":\"https:\/\/curiosidadesedicas.com\/loja\/wp-content\/uploads\/2020\/05\/LogoCuriosidadesSimples.png\",\"width\":3528,\"height\":804,\"caption\":\"Curiosidades & Dicas\"},\"image\":{\"@id\":\"https:\/\/curiosidadesedicas.com\/loja\/#\/schema\/logo\/image\/\"}}]}<\/script>\n<!-- \/ Yoast SEO plugin. -->","yoast_head_json":{"title":"VENTOINHA DE CH\u00c3O 50CM 120W KOOL BREEZE - Curiosidades &amp; Dicas, Lda","robots":{"index":"index","follow":"follow","max-snippet":"max-snippet:-1","max-image-preview":"max-image-preview:large","max-video-preview":"max-video-preview:-1"},"canonical":"https:\/\/curiosidadesedicas.com\/loja\/en\/product\/ventoinha-de-chao-o20-120w-kool-breeze\/","og_locale":"en_US","og_type":"article","og_title":"VENTOINHA DE CH\u00c3O 50CM 120W KOOL BREEZE - Curiosidades &amp; Dicas, Lda","og_description":"Feito de metal dur\u00e1vel.  Motor 120W de alto desempenho.  3 velocidades.  Di\u00e2metro: 50cm.  Cabe\u00e7a de inclina\u00e7\u00e3o ajust\u00e1vel.  Pronto para usar.\u00a0Nenhuma montagem necess\u00e1ria.  Grade de prote\u00e7\u00e3o.  Dimens\u00f5es: 615 x 190 x 590mm.  Cabo de 1,7 m.  Peso bruto l\u00edquido: 6,2 Kg - 5,3 Kg.  Tens\u00e3o: 220V - 50Hz.    Dimens\u00f5es: 615x215x590mm.    &nbsp;","og_url":"https:\/\/curiosidadesedicas.com\/loja\/en\/product\/ventoinha-de-chao-o20-120w-kool-breeze\/","og_site_name":"Curiosidades &amp; Dicas, Lda","article_modified_time":"2025-03-14T09:35:21+00:00","og_image":[{"width":800,"height":800,"url":"https:\/\/curiosidadesedicas.com\/loja\/wp-content\/uploads\/2021\/06\/th-kb05-ventilador-de-suelo-de-20-120w-3-velocidades-kool-breeze-by-thulos-th-kb05-ventilador-de-suelo-de-20-de-diametro-motor-d.jpg","type":"image\/jpeg"}],"twitter_card":"summary_large_image","twitter_misc":{"Est. reading time":"1 minute"},"schema":{"@context":"https:\/\/schema.org","@graph":[{"@type":"WebPage","@id":"https:\/\/curiosidadesedicas.com\/loja\/produto\/ventoinha-de-chao-o20-120w-kool-breeze\/","url":"https:\/\/curiosidadesedicas.com\/loja\/produto\/ventoinha-de-chao-o20-120w-kool-breeze\/","name":"VENTOINHA DE CH\u00c3O 50CM 120W KOOL BREEZE - Curiosidades &amp; Dicas, Lda","isPartOf":{"@id":"https:\/\/curiosidadesedicas.com\/loja\/#website"},"primaryImageOfPage":{"@id":"https:\/\/curiosidadesedicas.com\/loja\/produto\/ventoinha-de-chao-o20-120w-kool-breeze\/#primaryimage"},"image":{"@id":"https:\/\/curiosidadesedicas.com\/loja\/produto\/ventoinha-de-chao-o20-120w-kool-breeze\/#primaryimage"},"thumbnailUrl":"https:\/\/curiosidadesedicas.com\/loja\/wp-content\/uploads\/2021\/06\/th-kb05-ventilador-de-suelo-de-20-120w-3-velocidades-kool-breeze-by-thulos-th-kb05-ventilador-de-suelo-de-20-de-diametro-motor-d.jpg","datePublished":"2021-06-09T15:29:35+00:00","dateModified":"2025-03-14T09:35:21+00:00","breadcrumb":{"@id":"https:\/\/curiosidadesedicas.com\/loja\/produto\/ventoinha-de-chao-o20-120w-kool-breeze\/#breadcrumb"},"inLanguage":"en-US","potentialAction":[{"@type":"ReadAction","target":["https:\/\/curiosidadesedicas.com\/loja\/produto\/ventoinha-de-chao-o20-120w-kool-breeze\/"]}]},{"@type":"ImageObject","inLanguage":"en-US","@id":"https:\/\/curiosidadesedicas.com\/loja\/produto\/ventoinha-de-chao-o20-120w-kool-breeze\/#primaryimage","url":"https:\/\/curiosidadesedicas.com\/loja\/wp-content\/uploads\/2021\/06\/th-kb05-ventilador-de-suelo-de-20-120w-3-velocidades-kool-breeze-by-thulos-th-kb05-ventilador-de-suelo-de-20-de-diametro-motor-d.jpg","contentUrl":"https:\/\/curiosidadesedicas.com\/loja\/wp-content\/uploads\/2021\/06\/th-kb05-ventilador-de-suelo-de-20-120w-3-velocidades-kool-breeze-by-thulos-th-kb05-ventilador-de-suelo-de-20-de-diametro-motor-d.jpg","width":800,"height":800},{"@type":"BreadcrumbList","@id":"https:\/\/curiosidadesedicas.com\/loja\/produto\/ventoinha-de-chao-o20-120w-kool-breeze\/#breadcrumb","itemListElement":[{"@type":"ListItem","position":1,"name":"In\u00edcio","item":"https:\/\/curiosidadesedicas.com\/loja\/"},{"@type":"ListItem","position":2,"name":"Produtos","item":"https:\/\/curiosidadesedicas.com\/loja\/produtos\/"},{"@type":"ListItem","position":3,"name":"VENTOINHA DE CH\u00c3O 50CM 120W KOOL BREEZE"}]},{"@type":"WebSite","@id":"https:\/\/curiosidadesedicas.com\/loja\/#website","url":"https:\/\/curiosidadesedicas.com\/loja\/","name":"Curiosidades &amp; Dicas, Lda","description":"Apaixonados Por Inova\u00e7\u00e3o","publisher":{"@id":"https:\/\/curiosidadesedicas.com\/loja\/#organization"},"potentialAction":[{"@type":"SearchAction","target":{"@type":"EntryPoint","urlTemplate":"https:\/\/curiosidadesedicas.com\/loja\/?s={search_term_string}"},"query-input":{"@type":"PropertyValueSpecification","valueRequired":true,"valueName":"search_term_string"}}],"inLanguage":"en-US"},{"@type":"Organization","@id":"https:\/\/curiosidadesedicas.com\/loja\/#organization","name":"Curiosidades & Dicas","url":"https:\/\/curiosidadesedicas.com\/loja\/","logo":{"@type":"ImageObject","inLanguage":"en-US","@id":"https:\/\/curiosidadesedicas.com\/loja\/#\/schema\/logo\/image\/","url":"https:\/\/curiosidadesedicas.com\/loja\/wp-content\/uploads\/2020\/05\/LogoCuriosidadesSimples.png","contentUrl":"https:\/\/curiosidadesedicas.com\/loja\/wp-content\/uploads\/2020\/05\/LogoCuriosidadesSimples.png","width":3528,"height":804,"caption":"Curiosidades & Dicas"},"image":{"@id":"https:\/\/curiosidadesedicas.com\/loja\/#\/schema\/logo\/image\/"}}]}},"_links":{"self":[{"href":"https:\/\/curiosidadesedicas.com\/loja\/en\/wp-json\/wp\/v2\/product\/21468","targetHints":{"allow":["GET"]}}],"collection":[{"href":"https:\/\/curiosidadesedicas.com\/loja\/en\/wp-json\/wp\/v2\/product"}],"about":[{"href":"https:\/\/curiosidadesedicas.com\/loja\/en\/wp-json\/wp\/v2\/types\/product"}],"replies":[{"embeddable":true,"href":"https:\/\/curiosidadesedicas.com\/loja\/en\/wp-json\/wp\/v2\/comments?post=21468"}],"wp:featuredmedia":[{"embeddable":true,"href":"https:\/\/curiosidadesedicas.com\/loja\/en\/wp-json\/wp\/v2\/media\/21470"}],"wp:attachment":[{"href":"https:\/\/curiosidadesedicas.com\/loja\/en\/wp-json\/wp\/v2\/media?parent=21468"}],"wp:term":[{"taxonomy":"product_brand","embeddable":true,"href":"https:\/\/curiosidadesedicas.com\/loja\/en\/wp-json\/wp\/v2\/product_brand?post=21468"},{"taxonomy":"product_cat","embeddable":true,"href":"https:\/\/curiosidadesedicas.com\/loja\/en\/wp-json\/wp\/v2\/product_cat?post=21468"},{"taxonomy":"product_tag","embeddable":true,"href":"https:\/\/curiosidadesedicas.com\/loja\/en\/wp-json\/wp\/v2\/product_tag?post=21468"}],"curies":[{"name":"wp","href":"https:\/\/api.w.org\/{rel}","templated":true}]}}