{"id":21377,"date":"2021-06-01T18:05:41","date_gmt":"2021-06-01T18:05:41","guid":{"rendered":"https:\/\/curiosidadesedicas.com\/loja\/?post_type=product&#038;p=21377"},"modified":"2021-06-01T18:11:21","modified_gmt":"2021-06-01T18:11:21","slug":"candeeiro-de-mesa-led-elva-4-7w","status":"publish","type":"product","link":"https:\/\/curiosidadesedicas.com\/loja\/en\/product\/candeeiro-de-mesa-led-elva-4-7w\/","title":{"rendered":"CANDEEIRO DE MESA LED ELVA 4.7W"},"content":{"rendered":"<table class=\"woocommerce-product-attributes shop_attributes\">\n<tbody>\n<tr class=\"woocommerce-product-attributes-item woocommerce-product-attributes-item--attribute_pot%c3%aancia\">\n<th class=\"woocommerce-product-attributes-item__label\">POT\u00caNCIA:<\/th>\n<td class=\"woocommerce-product-attributes-item__value\">4.7 W<\/td>\n<\/tr>\n<tr class=\"woocommerce-product-attributes-item woocommerce-product-attributes-item--attribute_pot%c3%aancia-m%c3%a1xima\">\n<th class=\"woocommerce-product-attributes-item__label\">POT\u00caNCIA M\u00c1XIMA<\/th>\n<td class=\"woocommerce-product-attributes-item__value\">6.2 W<\/td>\n<\/tr>\n<tr class=\"woocommerce-product-attributes-item woocommerce-product-attributes-item--attribute_factor-de-pot%c3%aancia-fp\">\n<th class=\"woocommerce-product-attributes-item__label\">FACTOR DE POT\u00caNCIA (FP):<\/th>\n<td class=\"woocommerce-product-attributes-item__value\">0.80<\/td>\n<\/tr>\n<tr class=\"woocommerce-product-attributes-item woocommerce-product-attributes-item--attribute_alimenta%c3%a7%c3%a3o\">\n<th class=\"woocommerce-product-attributes-item__label\">ALIMENTA\u00c7\u00c3O:<\/th>\n<td class=\"woocommerce-product-attributes-item__value\">220-240V AC<\/td>\n<\/tr>\n<tr class=\"woocommerce-product-attributes-item woocommerce-product-attributes-item--attribute_multivoltagem\">\n<th class=\"woocommerce-product-attributes-item__label\">MULTIVOLTAGEM:<\/th>\n<td class=\"woocommerce-product-attributes-item__value\">100-240V AC<\/td>\n<\/tr>\n<tr class=\"woocommerce-product-attributes-item woocommerce-product-attributes-item--attribute_frequ%c3%aancia\">\n<th class=\"woocommerce-product-attributes-item__label\">FREQU\u00caNCIA:<\/th>\n<td class=\"woocommerce-product-attributes-item__value\">50-60 Hz<\/td>\n<\/tr>\n<tr class=\"woocommerce-product-attributes-item woocommerce-product-attributes-item--attribute_classe-isolamento-el%c3%a9trico\">\n<th class=\"woocommerce-product-attributes-item__label\">CLASSE ISOLAMENTO EL\u00c9TRICO:<\/th>\n<td class=\"woocommerce-product-attributes-item__value\">II<\/td>\n<\/tr>\n<tr class=\"woocommerce-product-attributes-item woocommerce-product-attributes-item--attribute_pontos-de-luz\">\n<th class=\"woocommerce-product-attributes-item__label\">PONTOS DE LUZ:<\/th>\n<td class=\"woocommerce-product-attributes-item__value\">1<\/td>\n<\/tr>\n<tr class=\"woocommerce-product-attributes-item woocommerce-product-attributes-item--attribute_fonte-luminosa\">\n<th class=\"woocommerce-product-attributes-item__label\">FONTE LUMINOSA:<\/th>\n<td class=\"woocommerce-product-attributes-item__value\">LED<\/td>\n<\/tr>\n<tr class=\"woocommerce-product-attributes-item woocommerce-product-attributes-item--attribute_quantidade-de-leds\">\n<th class=\"woocommerce-product-attributes-item__label\">QUANTIDADE DE LEDS:<\/th>\n<td class=\"woocommerce-product-attributes-item__value\">1<\/td>\n<\/tr>\n<tr class=\"woocommerce-product-attributes-item woocommerce-product-attributes-item--attribute_cor-da-luz\">\n<th class=\"woocommerce-product-attributes-item__label\">COR DA LUZ:<\/th>\n<td class=\"woocommerce-product-attributes-item__value\">Branco Quente<\/td>\n<\/tr>\n<tr class=\"woocommerce-product-attributes-item woocommerce-product-attributes-item--attribute_temperatura-da-cor\">\n<th class=\"woocommerce-product-attributes-item__label\">TEMPERATURA DA COR:<\/th>\n<td class=\"woocommerce-product-attributes-item__value\">3000 K<\/td>\n<\/tr>\n<tr class=\"woocommerce-product-attributes-item woocommerce-product-attributes-item--attribute_cri\">\n<th class=\"woocommerce-product-attributes-item__label\">CRI:<\/th>\n<td class=\"woocommerce-product-attributes-item__value\">80<\/td>\n<\/tr>\n<tr class=\"woocommerce-product-attributes-item woocommerce-product-attributes-item--attribute_luminosidade\">\n<th class=\"woocommerce-product-attributes-item__label\">LUMINOSIDADE:<\/th>\n<td class=\"woocommerce-product-attributes-item__value\">301 lm<\/td>\n<\/tr>\n<tr class=\"woocommerce-product-attributes-item woocommerce-product-attributes-item--attribute_rendimento-led\">\n<th class=\"woocommerce-product-attributes-item__label\">RENDIMENTO LED:<\/th>\n<td class=\"woocommerce-product-attributes-item__value\">49 lm\/W<\/td>\n<\/tr>\n<tr class=\"woocommerce-product-attributes-item woocommerce-product-attributes-item--attribute_classe-energ%c3%a9tica\">\n<th class=\"woocommerce-product-attributes-item__label\">CLASSE ENERG\u00c9TICA:<\/th>\n<td class=\"woocommerce-product-attributes-item__value\">A++<\/td>\n<\/tr>\n<tr class=\"woocommerce-product-attributes-item woocommerce-product-attributes-item--attribute_%c3%a1ngulo-de-abertura\">\n<th class=\"woocommerce-product-attributes-item__label\">\u00c1NGULO DE ABERTURA:<\/th>\n<td class=\"woocommerce-product-attributes-item__value\">\u00b190\u00ba \/\/ \u00b1180\u00ba<\/td>\n<\/tr>\n<tr class=\"woocommerce-product-attributes-item woocommerce-product-attributes-item--attribute_uso\">\n<th class=\"woocommerce-product-attributes-item__label\">USO:<\/th>\n<td class=\"woocommerce-product-attributes-item__value\">Interior<\/td>\n<\/tr>\n<tr class=\"woocommerce-product-attributes-item woocommerce-product-attributes-item--attribute_prote%c3%a7%c3%a3o-ip\">\n<th class=\"woocommerce-product-attributes-item__label\">PROTE\u00c7\u00c3O IP:<\/th>\n<td class=\"woocommerce-product-attributes-item__value\">IP20<\/td>\n<\/tr>\n<tr class=\"woocommerce-product-attributes-item woocommerce-product-attributes-item--attribute_factor-de-deslumbramento\">\n<th class=\"woocommerce-product-attributes-item__label\">FACTOR DE DESLUMBRAMENTO:<\/th>\n<td class=\"woocommerce-product-attributes-item__value\">URG 19.8<\/td>\n<\/tr>\n<tr class=\"woocommerce-product-attributes-item woocommerce-product-attributes-item--attribute_risco-fotobiol%c3%b3gico\">\n<th class=\"woocommerce-product-attributes-item__label\">RISCO FOTOBIOL\u00d3GICO:<\/th>\n<td class=\"woocommerce-product-attributes-item__value\">RG1<\/td>\n<\/tr>\n<tr class=\"woocommerce-product-attributes-item woocommerce-product-attributes-item--attribute_material\">\n<th class=\"woocommerce-product-attributes-item__label\">MATERIAL:<\/th>\n<td class=\"woocommerce-product-attributes-item__value\">Metal<\/td>\n<\/tr>\n<tr class=\"woocommerce-product-attributes-item woocommerce-product-attributes-item--attribute_dimens%c3%b5es\">\n<th class=\"woocommerce-product-attributes-item__label\">DIMENS\u00d5ES:<\/th>\n<td class=\"woocommerce-product-attributes-item__value\">550x360x65 mm<\/td>\n<\/tr>\n<tr class=\"woocommerce-product-attributes-item woocommerce-product-attributes-item--attribute_garantia\">\n<th class=\"woocommerce-product-attributes-item__label\">GARANTIA:<\/th>\n<td class=\"woocommerce-product-attributes-item__value\">3 Anos<\/td>\n<\/tr>\n<tr class=\"woocommerce-product-attributes-item woocommerce-product-attributes-item--attribute_certificados\">\n<th class=\"woocommerce-product-attributes-item__label\">CERTIFICADOS:<\/th>\n<td class=\"woocommerce-product-attributes-item__value\">CE &amp; RoHS<\/td>\n<\/tr>\n<\/tbody>\n<\/table>","protected":false},"excerpt":{"rendered":"<p align=\"justify\">O\u00a0<strong>Candeeiro de Mesa LED Elva 4.7W LEDS-C4 10-1523-21-21\u00a0<\/strong>\u00e9 fabricado pela prestigiada marca<strong>\u00a0LEDS-C4<\/strong>\u00a0, uma empresa espanhola de alta tecnologia especializada em ilumina\u00e7\u00e3o. Foi fundada em 1963 e come\u00e7ou a trabalhar com tecnologia LED desde 2008, dominando este campo e conquistando grande confian\u00e7a e respeito na ind\u00fastria de LED.<\/p>\n<p align=\"justify\"><strong>Combina um design moderno e simples com acabamentos de primeira qualidade baseados na geometria b\u00e1sica.<\/strong>\u00a0Este tipo de l\u00e2mpadas multifuncionais busca harmonias e integra\u00e7\u00e3o no espa\u00e7o.<\/p>\n<h2 align=\"justify\">Caracter\u00edsticas do Candeeiro de Mesa LED Elva 4.7W LEDS-C4 10-1523-21-21<\/h2>\n<p align=\"justify\">O\u00a0<strong>Candeeiro de Mesa LED Elva 4.7W LEDS-C4 10-1523-21-21 tem um design simples que d\u00e1 um toque moderno ao local.<\/strong>\u00a0Al\u00e9m disso, incorpora tecnologia LED que emite uma luz branca suave. \u00c9 amplamente utilizado em ambientes t\u00e3o variados como escrit\u00f3rios, quartos, escrit\u00f3rios, etc.<\/p>\n<p><a href=\"https:\/\/amaroled.com\/categoria-produto\/iluminacao-interior\/candeeiros-led-de-mesa\/\"><strong><em>Carregue aqui e confira toda a gama de candeeiros LED de mesa na AmaroLED, a nossa loja de Ilumina\u00e7\u00e3o LED!<\/em><\/strong><\/a><\/p>\n<p>&nbsp;<\/p>","protected":false},"featured_media":21379,"comment_status":"open","ping_status":"closed","template":"","meta":{"_glsr_average":0,"_glsr_ranking":0,"_glsr_reviews":0},"product_brand":[],"product_cat":[420,345,346],"product_tag":[],"class_list":{"0":"post-21377","1":"product","2":"type-product","3":"status-publish","4":"has-post-thumbnail","6":"product_cat-p-trabalho","7":"product_cat-gadgets-led","8":"product_cat-candeeiros-led","10":"first","11":"instock","12":"taxable","13":"shipping-taxable","14":"purchasable","15":"product-type-simple"},"yoast_head":"<!-- This site is optimized with the Yoast SEO plugin v26.8 - https:\/\/yoast.com\/product\/yoast-seo-wordpress\/ -->\n<title>CANDEEIRO DE MESA LED ELVA 4.7W - Curiosidades &amp; Dicas, Lda<\/title>\n<meta name=\"robots\" content=\"index, follow, max-snippet:-1, max-image-preview:large, max-video-preview:-1\" \/>\n<link rel=\"canonical\" href=\"https:\/\/curiosidadesedicas.com\/loja\/en\/product\/candeeiro-de-mesa-led-elva-4-7w\/\" \/>\n<meta property=\"og:locale\" content=\"en_US\" \/>\n<meta property=\"og:type\" content=\"article\" \/>\n<meta property=\"og:title\" content=\"CANDEEIRO DE MESA LED ELVA 4.7W - Curiosidades &amp; Dicas, Lda\" \/>\n<meta property=\"og:description\" content=\"O\u00a0Candeeiro de Mesa LED Elva 4.7W LEDS-C4 10-1523-21-21\u00a0\u00e9 fabricado pela prestigiada marca\u00a0LEDS-C4\u00a0, uma empresa espanhola de alta tecnologia especializada em ilumina\u00e7\u00e3o. Foi fundada em 1963 e come\u00e7ou a trabalhar com tecnologia LED desde 2008, dominando este campo e conquistando grande confian\u00e7a e respeito na ind\u00fastria de LED. Combina um design moderno e simples com acabamentos de primeira qualidade baseados na geometria b\u00e1sica.\u00a0Este tipo de l\u00e2mpadas multifuncionais busca harmonias e integra\u00e7\u00e3o no espa\u00e7o.  Caracter\u00edsticas do Candeeiro de Mesa LED Elva 4.7W LEDS-C4 10-1523-21-21 O\u00a0Candeeiro de Mesa LED Elva 4.7W LEDS-C4 10-1523-21-21 tem um design simples que d\u00e1 um toque moderno ao local.\u00a0Al\u00e9m disso, incorpora tecnologia LED que emite uma luz branca suave. \u00c9 amplamente utilizado em ambientes t\u00e3o variados como escrit\u00f3rios, quartos, escrit\u00f3rios, etc. Carregue aqui e confira toda a gama de candeeiros LED de mesa na AmaroLED, a nossa loja de Ilumina\u00e7\u00e3o LED!  &nbsp;\" \/>\n<meta property=\"og:url\" content=\"https:\/\/curiosidadesedicas.com\/loja\/en\/product\/candeeiro-de-mesa-led-elva-4-7w\/\" \/>\n<meta property=\"og:site_name\" content=\"Curiosidades &amp; Dicas, Lda\" \/>\n<meta property=\"article:modified_time\" content=\"2021-06-01T18:11:21+00:00\" \/>\n<meta property=\"og:image\" content=\"https:\/\/curiosidadesedicas.com\/loja\/wp-content\/uploads\/2021\/06\/lampara-de-mesa-led-elva-7w-leds-c4-10-1523-21-21.jpg\" \/>\n\t<meta property=\"og:image:width\" content=\"1500\" \/>\n\t<meta property=\"og:image:height\" content=\"1500\" \/>\n\t<meta property=\"og:image:type\" content=\"image\/jpeg\" \/>\n<meta name=\"twitter:card\" content=\"summary_large_image\" \/>\n<meta name=\"twitter:label1\" content=\"Est. reading time\" \/>\n\t<meta name=\"twitter:data1\" content=\"1 minute\" \/>\n<script type=\"application\/ld+json\" class=\"yoast-schema-graph\">{\"@context\":\"https:\/\/schema.org\",\"@graph\":[{\"@type\":\"WebPage\",\"@id\":\"https:\/\/curiosidadesedicas.com\/loja\/produto\/candeeiro-de-mesa-led-elva-4-7w\/\",\"url\":\"https:\/\/curiosidadesedicas.com\/loja\/produto\/candeeiro-de-mesa-led-elva-4-7w\/\",\"name\":\"CANDEEIRO DE MESA LED ELVA 4.7W - Curiosidades &amp; Dicas, Lda\",\"isPartOf\":{\"@id\":\"https:\/\/curiosidadesedicas.com\/loja\/#website\"},\"primaryImageOfPage\":{\"@id\":\"https:\/\/curiosidadesedicas.com\/loja\/produto\/candeeiro-de-mesa-led-elva-4-7w\/#primaryimage\"},\"image\":{\"@id\":\"https:\/\/curiosidadesedicas.com\/loja\/produto\/candeeiro-de-mesa-led-elva-4-7w\/#primaryimage\"},\"thumbnailUrl\":\"https:\/\/curiosidadesedicas.com\/loja\/wp-content\/uploads\/2021\/06\/lampara-de-mesa-led-elva-7w-leds-c4-10-1523-21-21.jpg\",\"datePublished\":\"2021-06-01T18:05:41+00:00\",\"dateModified\":\"2021-06-01T18:11:21+00:00\",\"breadcrumb\":{\"@id\":\"https:\/\/curiosidadesedicas.com\/loja\/produto\/candeeiro-de-mesa-led-elva-4-7w\/#breadcrumb\"},\"inLanguage\":\"en-US\",\"potentialAction\":[{\"@type\":\"ReadAction\",\"target\":[\"https:\/\/curiosidadesedicas.com\/loja\/produto\/candeeiro-de-mesa-led-elva-4-7w\/\"]}]},{\"@type\":\"ImageObject\",\"inLanguage\":\"en-US\",\"@id\":\"https:\/\/curiosidadesedicas.com\/loja\/produto\/candeeiro-de-mesa-led-elva-4-7w\/#primaryimage\",\"url\":\"https:\/\/curiosidadesedicas.com\/loja\/wp-content\/uploads\/2021\/06\/lampara-de-mesa-led-elva-7w-leds-c4-10-1523-21-21.jpg\",\"contentUrl\":\"https:\/\/curiosidadesedicas.com\/loja\/wp-content\/uploads\/2021\/06\/lampara-de-mesa-led-elva-7w-leds-c4-10-1523-21-21.jpg\",\"width\":1500,\"height\":1500},{\"@type\":\"BreadcrumbList\",\"@id\":\"https:\/\/curiosidadesedicas.com\/loja\/produto\/candeeiro-de-mesa-led-elva-4-7w\/#breadcrumb\",\"itemListElement\":[{\"@type\":\"ListItem\",\"position\":1,\"name\":\"In\u00edcio\",\"item\":\"https:\/\/curiosidadesedicas.com\/loja\/\"},{\"@type\":\"ListItem\",\"position\":2,\"name\":\"Produtos\",\"item\":\"https:\/\/curiosidadesedicas.com\/loja\/produtos\/\"},{\"@type\":\"ListItem\",\"position\":3,\"name\":\"CANDEEIRO DE MESA LED ELVA 4.7W\"}]},{\"@type\":\"WebSite\",\"@id\":\"https:\/\/curiosidadesedicas.com\/loja\/#website\",\"url\":\"https:\/\/curiosidadesedicas.com\/loja\/\",\"name\":\"Curiosidades &amp; Dicas, Lda\",\"description\":\"Apaixonados Por Inova\u00e7\u00e3o\",\"publisher\":{\"@id\":\"https:\/\/curiosidadesedicas.com\/loja\/#organization\"},\"potentialAction\":[{\"@type\":\"SearchAction\",\"target\":{\"@type\":\"EntryPoint\",\"urlTemplate\":\"https:\/\/curiosidadesedicas.com\/loja\/?s={search_term_string}\"},\"query-input\":{\"@type\":\"PropertyValueSpecification\",\"valueRequired\":true,\"valueName\":\"search_term_string\"}}],\"inLanguage\":\"en-US\"},{\"@type\":\"Organization\",\"@id\":\"https:\/\/curiosidadesedicas.com\/loja\/#organization\",\"name\":\"Curiosidades & Dicas\",\"url\":\"https:\/\/curiosidadesedicas.com\/loja\/\",\"logo\":{\"@type\":\"ImageObject\",\"inLanguage\":\"en-US\",\"@id\":\"https:\/\/curiosidadesedicas.com\/loja\/#\/schema\/logo\/image\/\",\"url\":\"https:\/\/curiosidadesedicas.com\/loja\/wp-content\/uploads\/2020\/05\/LogoCuriosidadesSimples.png\",\"contentUrl\":\"https:\/\/curiosidadesedicas.com\/loja\/wp-content\/uploads\/2020\/05\/LogoCuriosidadesSimples.png\",\"width\":3528,\"height\":804,\"caption\":\"Curiosidades & Dicas\"},\"image\":{\"@id\":\"https:\/\/curiosidadesedicas.com\/loja\/#\/schema\/logo\/image\/\"}}]}<\/script>\n<!-- \/ Yoast SEO plugin. -->","yoast_head_json":{"title":"CANDEEIRO DE MESA LED ELVA 4.7W - Curiosidades &amp; Dicas, Lda","robots":{"index":"index","follow":"follow","max-snippet":"max-snippet:-1","max-image-preview":"max-image-preview:large","max-video-preview":"max-video-preview:-1"},"canonical":"https:\/\/curiosidadesedicas.com\/loja\/en\/product\/candeeiro-de-mesa-led-elva-4-7w\/","og_locale":"en_US","og_type":"article","og_title":"CANDEEIRO DE MESA LED ELVA 4.7W - Curiosidades &amp; Dicas, Lda","og_description":"O\u00a0Candeeiro de Mesa LED Elva 4.7W LEDS-C4 10-1523-21-21\u00a0\u00e9 fabricado pela prestigiada marca\u00a0LEDS-C4\u00a0, uma empresa espanhola de alta tecnologia especializada em ilumina\u00e7\u00e3o. Foi fundada em 1963 e come\u00e7ou a trabalhar com tecnologia LED desde 2008, dominando este campo e conquistando grande confian\u00e7a e respeito na ind\u00fastria de LED. Combina um design moderno e simples com acabamentos de primeira qualidade baseados na geometria b\u00e1sica.\u00a0Este tipo de l\u00e2mpadas multifuncionais busca harmonias e integra\u00e7\u00e3o no espa\u00e7o.  Caracter\u00edsticas do Candeeiro de Mesa LED Elva 4.7W LEDS-C4 10-1523-21-21 O\u00a0Candeeiro de Mesa LED Elva 4.7W LEDS-C4 10-1523-21-21 tem um design simples que d\u00e1 um toque moderno ao local.\u00a0Al\u00e9m disso, incorpora tecnologia LED que emite uma luz branca suave. \u00c9 amplamente utilizado em ambientes t\u00e3o variados como escrit\u00f3rios, quartos, escrit\u00f3rios, etc. Carregue aqui e confira toda a gama de candeeiros LED de mesa na AmaroLED, a nossa loja de Ilumina\u00e7\u00e3o LED!  &nbsp;","og_url":"https:\/\/curiosidadesedicas.com\/loja\/en\/product\/candeeiro-de-mesa-led-elva-4-7w\/","og_site_name":"Curiosidades &amp; Dicas, Lda","article_modified_time":"2021-06-01T18:11:21+00:00","og_image":[{"width":1500,"height":1500,"url":"https:\/\/curiosidadesedicas.com\/loja\/wp-content\/uploads\/2021\/06\/lampara-de-mesa-led-elva-7w-leds-c4-10-1523-21-21.jpg","type":"image\/jpeg"}],"twitter_card":"summary_large_image","twitter_misc":{"Est. reading time":"1 minute"},"schema":{"@context":"https:\/\/schema.org","@graph":[{"@type":"WebPage","@id":"https:\/\/curiosidadesedicas.com\/loja\/produto\/candeeiro-de-mesa-led-elva-4-7w\/","url":"https:\/\/curiosidadesedicas.com\/loja\/produto\/candeeiro-de-mesa-led-elva-4-7w\/","name":"CANDEEIRO DE MESA LED ELVA 4.7W - Curiosidades &amp; Dicas, Lda","isPartOf":{"@id":"https:\/\/curiosidadesedicas.com\/loja\/#website"},"primaryImageOfPage":{"@id":"https:\/\/curiosidadesedicas.com\/loja\/produto\/candeeiro-de-mesa-led-elva-4-7w\/#primaryimage"},"image":{"@id":"https:\/\/curiosidadesedicas.com\/loja\/produto\/candeeiro-de-mesa-led-elva-4-7w\/#primaryimage"},"thumbnailUrl":"https:\/\/curiosidadesedicas.com\/loja\/wp-content\/uploads\/2021\/06\/lampara-de-mesa-led-elva-7w-leds-c4-10-1523-21-21.jpg","datePublished":"2021-06-01T18:05:41+00:00","dateModified":"2021-06-01T18:11:21+00:00","breadcrumb":{"@id":"https:\/\/curiosidadesedicas.com\/loja\/produto\/candeeiro-de-mesa-led-elva-4-7w\/#breadcrumb"},"inLanguage":"en-US","potentialAction":[{"@type":"ReadAction","target":["https:\/\/curiosidadesedicas.com\/loja\/produto\/candeeiro-de-mesa-led-elva-4-7w\/"]}]},{"@type":"ImageObject","inLanguage":"en-US","@id":"https:\/\/curiosidadesedicas.com\/loja\/produto\/candeeiro-de-mesa-led-elva-4-7w\/#primaryimage","url":"https:\/\/curiosidadesedicas.com\/loja\/wp-content\/uploads\/2021\/06\/lampara-de-mesa-led-elva-7w-leds-c4-10-1523-21-21.jpg","contentUrl":"https:\/\/curiosidadesedicas.com\/loja\/wp-content\/uploads\/2021\/06\/lampara-de-mesa-led-elva-7w-leds-c4-10-1523-21-21.jpg","width":1500,"height":1500},{"@type":"BreadcrumbList","@id":"https:\/\/curiosidadesedicas.com\/loja\/produto\/candeeiro-de-mesa-led-elva-4-7w\/#breadcrumb","itemListElement":[{"@type":"ListItem","position":1,"name":"In\u00edcio","item":"https:\/\/curiosidadesedicas.com\/loja\/"},{"@type":"ListItem","position":2,"name":"Produtos","item":"https:\/\/curiosidadesedicas.com\/loja\/produtos\/"},{"@type":"ListItem","position":3,"name":"CANDEEIRO DE MESA LED ELVA 4.7W"}]},{"@type":"WebSite","@id":"https:\/\/curiosidadesedicas.com\/loja\/#website","url":"https:\/\/curiosidadesedicas.com\/loja\/","name":"Curiosidades &amp; Dicas, Lda","description":"Apaixonados Por Inova\u00e7\u00e3o","publisher":{"@id":"https:\/\/curiosidadesedicas.com\/loja\/#organization"},"potentialAction":[{"@type":"SearchAction","target":{"@type":"EntryPoint","urlTemplate":"https:\/\/curiosidadesedicas.com\/loja\/?s={search_term_string}"},"query-input":{"@type":"PropertyValueSpecification","valueRequired":true,"valueName":"search_term_string"}}],"inLanguage":"en-US"},{"@type":"Organization","@id":"https:\/\/curiosidadesedicas.com\/loja\/#organization","name":"Curiosidades & Dicas","url":"https:\/\/curiosidadesedicas.com\/loja\/","logo":{"@type":"ImageObject","inLanguage":"en-US","@id":"https:\/\/curiosidadesedicas.com\/loja\/#\/schema\/logo\/image\/","url":"https:\/\/curiosidadesedicas.com\/loja\/wp-content\/uploads\/2020\/05\/LogoCuriosidadesSimples.png","contentUrl":"https:\/\/curiosidadesedicas.com\/loja\/wp-content\/uploads\/2020\/05\/LogoCuriosidadesSimples.png","width":3528,"height":804,"caption":"Curiosidades & Dicas"},"image":{"@id":"https:\/\/curiosidadesedicas.com\/loja\/#\/schema\/logo\/image\/"}}]}},"_links":{"self":[{"href":"https:\/\/curiosidadesedicas.com\/loja\/en\/wp-json\/wp\/v2\/product\/21377","targetHints":{"allow":["GET"]}}],"collection":[{"href":"https:\/\/curiosidadesedicas.com\/loja\/en\/wp-json\/wp\/v2\/product"}],"about":[{"href":"https:\/\/curiosidadesedicas.com\/loja\/en\/wp-json\/wp\/v2\/types\/product"}],"replies":[{"embeddable":true,"href":"https:\/\/curiosidadesedicas.com\/loja\/en\/wp-json\/wp\/v2\/comments?post=21377"}],"wp:featuredmedia":[{"embeddable":true,"href":"https:\/\/curiosidadesedicas.com\/loja\/en\/wp-json\/wp\/v2\/media\/21379"}],"wp:attachment":[{"href":"https:\/\/curiosidadesedicas.com\/loja\/en\/wp-json\/wp\/v2\/media?parent=21377"}],"wp:term":[{"taxonomy":"product_brand","embeddable":true,"href":"https:\/\/curiosidadesedicas.com\/loja\/en\/wp-json\/wp\/v2\/product_brand?post=21377"},{"taxonomy":"product_cat","embeddable":true,"href":"https:\/\/curiosidadesedicas.com\/loja\/en\/wp-json\/wp\/v2\/product_cat?post=21377"},{"taxonomy":"product_tag","embeddable":true,"href":"https:\/\/curiosidadesedicas.com\/loja\/en\/wp-json\/wp\/v2\/product_tag?post=21377"}],"curies":[{"name":"wp","href":"https:\/\/api.w.org\/{rel}","templated":true}]}}