{"id":21337,"date":"2021-06-01T17:28:23","date_gmt":"2021-06-01T17:28:23","guid":{"rendered":"https:\/\/curiosidadesedicas.com\/loja\/?post_type=product&#038;p=21337"},"modified":"2021-06-01T17:43:39","modified_gmt":"2021-06-01T17:43:39","slug":"candeeiro-de-escritorio-led-flexivel-6w","status":"publish","type":"product","link":"https:\/\/curiosidadesedicas.com\/loja\/en\/product\/candeeiro-de-escritorio-led-flexivel-6w\/","title":{"rendered":"CANDEEIRO DE ESCRIT\u00d3RIO LED FLEX\u00cdVEL 6W"},"content":{"rendered":"<table class=\"woocommerce-product-attributes shop_attributes\">\n<tbody>\n<tr class=\"woocommerce-product-attributes-item woocommerce-product-attributes-item--attribute_pot%c3%aancia\">\n<th class=\"woocommerce-product-attributes-item__label\">POT\u00caNCIA:<\/th>\n<td class=\"woocommerce-product-attributes-item__value\">0.09 ~ 6.25 W<\/td>\n<\/tr>\n<tr class=\"woocommerce-product-attributes-item woocommerce-product-attributes-item--attribute_alimenta%c3%a7%c3%a3o\">\n<th class=\"woocommerce-product-attributes-item__label\">ALIMENTA\u00c7\u00c3O:<\/th>\n<td class=\"woocommerce-product-attributes-item__value\">3.7 V<\/td>\n<\/tr>\n<tr class=\"woocommerce-product-attributes-item woocommerce-product-attributes-item--attribute_entrada\">\n<th class=\"woocommerce-product-attributes-item__label\">ENTRADA:<\/th>\n<td class=\"woocommerce-product-attributes-item__value\">5V 1A DC<\/td>\n<\/tr>\n<tr class=\"woocommerce-product-attributes-item woocommerce-product-attributes-item--attribute_intensidade\">\n<th class=\"woocommerce-product-attributes-item__label\">INTENSIDADE:<\/th>\n<td class=\"woocommerce-product-attributes-item__value\">2000 mA<\/td>\n<\/tr>\n<tr class=\"woocommerce-product-attributes-item woocommerce-product-attributes-item--attribute_regulavel\">\n<th class=\"woocommerce-product-attributes-item__label\">REGULAVEL:<\/th>\n<td class=\"woocommerce-product-attributes-item__value\">Sim<\/td>\n<\/tr>\n<tr class=\"woocommerce-product-attributes-item woocommerce-product-attributes-item--attribute_pontos-de-luz\">\n<th class=\"woocommerce-product-attributes-item__label\">PONTOS DE LUZ:<\/th>\n<td class=\"woocommerce-product-attributes-item__value\">1<\/td>\n<\/tr>\n<tr class=\"woocommerce-product-attributes-item woocommerce-product-attributes-item--attribute_luminosidade\">\n<th class=\"woocommerce-product-attributes-item__label\">LUMINOSIDADE:<\/th>\n<td class=\"woocommerce-product-attributes-item__value\">625 lm<\/td>\n<\/tr>\n<tr class=\"woocommerce-product-attributes-item woocommerce-product-attributes-item--attribute_efici%c3%aancia-luminosa\">\n<th class=\"woocommerce-product-attributes-item__label\">EFICI\u00caNCIA LUMINOSA:<\/th>\n<td class=\"woocommerce-product-attributes-item__value\">100 lm\/W<\/td>\n<\/tr>\n<tr class=\"woocommerce-product-attributes-item woocommerce-product-attributes-item--attribute_uso\">\n<th class=\"woocommerce-product-attributes-item__label\">USO:<\/th>\n<td class=\"woocommerce-product-attributes-item__value\">Interior<\/td>\n<\/tr>\n<tr class=\"woocommerce-product-attributes-item woocommerce-product-attributes-item--attribute_%c3%a1ngulo-de-abertura\">\n<th class=\"woocommerce-product-attributes-item__label\">\u00c1NGULO DE ABERTURA:<\/th>\n<td class=\"woocommerce-product-attributes-item__value\">180\u00ba<\/td>\n<\/tr>\n<tr class=\"woocommerce-product-attributes-item woocommerce-product-attributes-item--attribute_material\">\n<th class=\"woocommerce-product-attributes-item__label\">MATERIAL:<\/th>\n<td class=\"woocommerce-product-attributes-item__value\">ABS<\/td>\n<\/tr>\n<tr class=\"woocommerce-product-attributes-item woocommerce-product-attributes-item--attribute_dimens%c3%b5es\">\n<th class=\"woocommerce-product-attributes-item__label\">DIMENS\u00d5ES:<\/th>\n<td class=\"woocommerce-product-attributes-item__value\">560 x 65 x 20 mm<\/td>\n<\/tr>\n<tr class=\"woocommerce-product-attributes-item woocommerce-product-attributes-item--attribute_temp-de-trabalho\">\n<th class=\"woocommerce-product-attributes-item__label\">TEMP. DE TRABALHO:<\/th>\n<td class=\"woocommerce-product-attributes-item__value\">-20\u00ba ~ +50\u00ba<\/td>\n<\/tr>\n<tr class=\"woocommerce-product-attributes-item woocommerce-product-attributes-item--attribute_funciona-com-bateria\">\n<th class=\"woocommerce-product-attributes-item__label\">FUNCIONA COM BATERIA:<\/th>\n<td class=\"woocommerce-product-attributes-item__value\">Sim<\/td>\n<\/tr>\n<tr class=\"woocommerce-product-attributes-item woocommerce-product-attributes-item--attribute_bateria\">\n<th class=\"woocommerce-product-attributes-item__label\">BATERIA:<\/th>\n<td class=\"woocommerce-product-attributes-item__value\">Li-Polymer<\/td>\n<\/tr>\n<tr class=\"woocommerce-product-attributes-item woocommerce-product-attributes-item--attribute_autonom%c3%ada\">\n<th class=\"woocommerce-product-attributes-item__label\">AUTONOM\u00cdA:<\/th>\n<td class=\"woocommerce-product-attributes-item__value\">3 ~ 40 h<\/td>\n<\/tr>\n<tr class=\"woocommerce-product-attributes-item woocommerce-product-attributes-item--attribute_tempo-de-carga\">\n<th class=\"woocommerce-product-attributes-item__label\">TEMPO DE CARGA:<\/th>\n<td class=\"woocommerce-product-attributes-item__value\">2~3 Horas<\/td>\n<\/tr>\n<tr class=\"woocommerce-product-attributes-item woocommerce-product-attributes-item--attribute_vida-%c3%batil\">\n<th class=\"woocommerce-product-attributes-item__label\">VIDA \u00daTIL:<\/th>\n<td class=\"woocommerce-product-attributes-item__value\">50.000 Horas<\/td>\n<\/tr>\n<tr class=\"woocommerce-product-attributes-item woocommerce-product-attributes-item--attribute_garantia\">\n<th class=\"woocommerce-product-attributes-item__label\">GARANTIA:<\/th>\n<td class=\"woocommerce-product-attributes-item__value\">2 A\u00f1os<\/td>\n<\/tr>\n<tr class=\"woocommerce-product-attributes-item woocommerce-product-attributes-item--attribute_certificados\">\n<th class=\"woocommerce-product-attributes-item__label\">CERTIFICADOS:<\/th>\n<td class=\"woocommerce-product-attributes-item__value\">CE &amp; RoHS<\/td>\n<\/tr>\n<tr class=\"woocommerce-product-attributes-item woocommerce-product-attributes-item--attribute_pa_cor\">\n<th class=\"woocommerce-product-attributes-item__label\">Cor<\/th>\n<td class=\"woocommerce-product-attributes-item__value\">Dourado, Ouro Rosa<\/td>\n<\/tr>\n<\/tbody>\n<\/table>","protected":false},"excerpt":{"rendered":"<p align=\"justify\">O\u00a0<strong>Candeeiro de Escrit\u00f3rio LED Flex\u00edvel 6W<\/strong>\u00a0de pot\u00eancia, dispon\u00edvel em quatro cores:\u00a0<strong>preto, ouro rosa, ouro e prata<\/strong>\u00a0. Voc\u00ea pode escolher a temperatura de cor desejada, pois ela tem\u00a0<strong>3 modos de luz:<\/strong>\u00a0Frio (5400K), Neutro (4200K) e Quente (3100K).<\/p>\n<p align=\"justify\">O corpo tem uma\u00a0<strong>inclina\u00e7\u00e3o vertical ajust\u00e1vel de 25 \u00b0 a 180 \u00b0<\/strong>\u00a0. Ele pode ser conectado \u00e0 rede ou a qualquer dispositivo via conex\u00e3o USB (cabo USB 5V \/ 1A inclu\u00eddo). Tem<strong>\u00a0<\/strong><strong>difusor antirreflexo,<\/strong>\u00a0possui\u00a0<strong>2 bot\u00f5es touch (liga-desliga e mudan\u00e7a de temperatura de cor)<\/strong>\u00a0e sua luz pode ser\u00a0<strong>regulada em 6 intensidades diferentes por meio de um controle de toque.<\/strong>\u00a0Al\u00e9m disso, no bot\u00e3o de mudan\u00e7a de temperatura de cor existe um\u00a0<strong>indicador LED que nos informa sobre o<\/strong>\u00a0estado da bateria do aparelho: azul (quando faltam 10-20 minutos e, portanto, precisa ser carregado) e vermelho (quando est\u00e1 carregando )<\/p>\n<p align=\"justify\">Tem autonomia entre\u00a0<strong>3 e 40 horas<\/strong>\u00a0(dependendo da intensidade da luz) e tem mem\u00f3ria, pois ao ser ligado recupera sempre o \u00faltimo estado em que foi utilizado. Com um design leve, moderno e muito exclusivo, este candeeiro de secret\u00e1ria \u00e9 ideal para escrit\u00f3rios, quartos, escrit\u00f3rios, etc.<\/p>\n<p><a href=\"https:\/\/amaroled.com\/categoria-produto\/iluminacao-interior\/candeeiros-led-de-mesa\/\"><strong><em>Carregue aqui e confira toda a gama de candeeiros LED de mesa na AmaroLED, a nossa loja de Ilumina\u00e7\u00e3o LED!<\/em><\/strong><\/a><\/p>\n<p>&nbsp;<\/p>","protected":false},"featured_media":21342,"comment_status":"open","ping_status":"closed","template":"","meta":{"_glsr_average":0,"_glsr_ranking":0,"_glsr_reviews":0},"product_brand":[],"product_cat":[420,345,346],"product_tag":[],"class_list":{"0":"post-21337","1":"product","2":"type-product","3":"status-publish","4":"has-post-thumbnail","6":"product_cat-p-trabalho","7":"product_cat-gadgets-led","8":"product_cat-candeeiros-led","10":"first","11":"instock","12":"taxable","13":"shipping-taxable","14":"purchasable","15":"product-type-variable"},"yoast_head":"<!-- This site is optimized with the Yoast SEO plugin v26.8 - https:\/\/yoast.com\/product\/yoast-seo-wordpress\/ -->\n<title>CANDEEIRO DE ESCRIT\u00d3RIO LED FLEX\u00cdVEL 6W - Curiosidades &amp; Dicas, Lda<\/title>\n<meta name=\"robots\" content=\"index, follow, max-snippet:-1, max-image-preview:large, max-video-preview:-1\" \/>\n<link rel=\"canonical\" href=\"https:\/\/curiosidadesedicas.com\/loja\/en\/product\/candeeiro-de-escritorio-led-flexivel-6w\/\" \/>\n<meta property=\"og:locale\" content=\"en_US\" \/>\n<meta property=\"og:type\" content=\"article\" \/>\n<meta property=\"og:title\" content=\"CANDEEIRO DE ESCRIT\u00d3RIO LED FLEX\u00cdVEL 6W - Curiosidades &amp; Dicas, Lda\" \/>\n<meta property=\"og:description\" content=\"O\u00a0Candeeiro de Escrit\u00f3rio LED Flex\u00edvel 6W\u00a0de pot\u00eancia, dispon\u00edvel em quatro cores:\u00a0preto, ouro rosa, ouro e prata\u00a0. Voc\u00ea pode escolher a temperatura de cor desejada, pois ela tem\u00a03 modos de luz:\u00a0Frio (5400K), Neutro (4200K) e Quente (3100K). O corpo tem uma\u00a0inclina\u00e7\u00e3o vertical ajust\u00e1vel de 25 \u00b0 a 180 \u00b0\u00a0. Ele pode ser conectado \u00e0 rede ou a qualquer dispositivo via conex\u00e3o USB (cabo USB 5V \/ 1A inclu\u00eddo). Tem\u00a0difusor antirreflexo,\u00a0possui\u00a02 bot\u00f5es touch (liga-desliga e mudan\u00e7a de temperatura de cor)\u00a0e sua luz pode ser\u00a0regulada em 6 intensidades diferentes por meio de um controle de toque.\u00a0Al\u00e9m disso, no bot\u00e3o de mudan\u00e7a de temperatura de cor existe um\u00a0indicador LED que nos informa sobre o\u00a0estado da bateria do aparelho: azul (quando faltam 10-20 minutos e, portanto, precisa ser carregado) e vermelho (quando est\u00e1 carregando ) Tem autonomia entre\u00a03 e 40 horas\u00a0(dependendo da intensidade da luz) e tem mem\u00f3ria, pois ao ser ligado recupera sempre o \u00faltimo estado em que foi utilizado. Com um design leve, moderno e muito exclusivo, este candeeiro de secret\u00e1ria \u00e9 ideal para escrit\u00f3rios, quartos, escrit\u00f3rios, etc. Carregue aqui e confira toda a gama de candeeiros LED de mesa na AmaroLED, a nossa loja de Ilumina\u00e7\u00e3o LED!  &nbsp;\" \/>\n<meta property=\"og:url\" content=\"https:\/\/curiosidadesedicas.com\/loja\/en\/product\/candeeiro-de-escritorio-led-flexivel-6w\/\" \/>\n<meta property=\"og:site_name\" content=\"Curiosidades &amp; Dicas, Lda\" \/>\n<meta property=\"article:modified_time\" content=\"2021-06-01T17:43:39+00:00\" \/>\n<meta property=\"og:image\" content=\"https:\/\/curiosidadesedicas.com\/loja\/wp-content\/uploads\/2021\/06\/flexo-flexible-.jpg\" \/>\n\t<meta property=\"og:image:width\" content=\"850\" \/>\n\t<meta property=\"og:image:height\" content=\"850\" \/>\n\t<meta property=\"og:image:type\" content=\"image\/jpeg\" \/>\n<meta name=\"twitter:card\" content=\"summary_large_image\" \/>\n<meta name=\"twitter:label1\" content=\"Est. reading time\" \/>\n\t<meta name=\"twitter:data1\" content=\"1 minute\" \/>\n<script type=\"application\/ld+json\" class=\"yoast-schema-graph\">{\"@context\":\"https:\/\/schema.org\",\"@graph\":[{\"@type\":\"WebPage\",\"@id\":\"https:\/\/curiosidadesedicas.com\/loja\/produto\/candeeiro-de-escritorio-led-flexivel-6w\/\",\"url\":\"https:\/\/curiosidadesedicas.com\/loja\/produto\/candeeiro-de-escritorio-led-flexivel-6w\/\",\"name\":\"CANDEEIRO DE ESCRIT\u00d3RIO LED FLEX\u00cdVEL 6W - Curiosidades &amp; Dicas, Lda\",\"isPartOf\":{\"@id\":\"https:\/\/curiosidadesedicas.com\/loja\/#website\"},\"primaryImageOfPage\":{\"@id\":\"https:\/\/curiosidadesedicas.com\/loja\/produto\/candeeiro-de-escritorio-led-flexivel-6w\/#primaryimage\"},\"image\":{\"@id\":\"https:\/\/curiosidadesedicas.com\/loja\/produto\/candeeiro-de-escritorio-led-flexivel-6w\/#primaryimage\"},\"thumbnailUrl\":\"https:\/\/curiosidadesedicas.com\/loja\/wp-content\/uploads\/2021\/06\/flexo-flexible-.jpg\",\"datePublished\":\"2021-06-01T17:28:23+00:00\",\"dateModified\":\"2021-06-01T17:43:39+00:00\",\"breadcrumb\":{\"@id\":\"https:\/\/curiosidadesedicas.com\/loja\/produto\/candeeiro-de-escritorio-led-flexivel-6w\/#breadcrumb\"},\"inLanguage\":\"en-US\",\"potentialAction\":[{\"@type\":\"ReadAction\",\"target\":[\"https:\/\/curiosidadesedicas.com\/loja\/produto\/candeeiro-de-escritorio-led-flexivel-6w\/\"]}]},{\"@type\":\"ImageObject\",\"inLanguage\":\"en-US\",\"@id\":\"https:\/\/curiosidadesedicas.com\/loja\/produto\/candeeiro-de-escritorio-led-flexivel-6w\/#primaryimage\",\"url\":\"https:\/\/curiosidadesedicas.com\/loja\/wp-content\/uploads\/2021\/06\/flexo-flexible-.jpg\",\"contentUrl\":\"https:\/\/curiosidadesedicas.com\/loja\/wp-content\/uploads\/2021\/06\/flexo-flexible-.jpg\",\"width\":850,\"height\":850},{\"@type\":\"BreadcrumbList\",\"@id\":\"https:\/\/curiosidadesedicas.com\/loja\/produto\/candeeiro-de-escritorio-led-flexivel-6w\/#breadcrumb\",\"itemListElement\":[{\"@type\":\"ListItem\",\"position\":1,\"name\":\"In\u00edcio\",\"item\":\"https:\/\/curiosidadesedicas.com\/loja\/\"},{\"@type\":\"ListItem\",\"position\":2,\"name\":\"Produtos\",\"item\":\"https:\/\/curiosidadesedicas.com\/loja\/produtos\/\"},{\"@type\":\"ListItem\",\"position\":3,\"name\":\"CANDEEIRO DE ESCRIT\u00d3RIO LED FLEX\u00cdVEL 6W\"}]},{\"@type\":\"WebSite\",\"@id\":\"https:\/\/curiosidadesedicas.com\/loja\/#website\",\"url\":\"https:\/\/curiosidadesedicas.com\/loja\/\",\"name\":\"Curiosidades &amp; Dicas, Lda\",\"description\":\"Apaixonados Por Inova\u00e7\u00e3o\",\"publisher\":{\"@id\":\"https:\/\/curiosidadesedicas.com\/loja\/#organization\"},\"potentialAction\":[{\"@type\":\"SearchAction\",\"target\":{\"@type\":\"EntryPoint\",\"urlTemplate\":\"https:\/\/curiosidadesedicas.com\/loja\/?s={search_term_string}\"},\"query-input\":{\"@type\":\"PropertyValueSpecification\",\"valueRequired\":true,\"valueName\":\"search_term_string\"}}],\"inLanguage\":\"en-US\"},{\"@type\":\"Organization\",\"@id\":\"https:\/\/curiosidadesedicas.com\/loja\/#organization\",\"name\":\"Curiosidades & Dicas\",\"url\":\"https:\/\/curiosidadesedicas.com\/loja\/\",\"logo\":{\"@type\":\"ImageObject\",\"inLanguage\":\"en-US\",\"@id\":\"https:\/\/curiosidadesedicas.com\/loja\/#\/schema\/logo\/image\/\",\"url\":\"https:\/\/curiosidadesedicas.com\/loja\/wp-content\/uploads\/2020\/05\/LogoCuriosidadesSimples.png\",\"contentUrl\":\"https:\/\/curiosidadesedicas.com\/loja\/wp-content\/uploads\/2020\/05\/LogoCuriosidadesSimples.png\",\"width\":3528,\"height\":804,\"caption\":\"Curiosidades & Dicas\"},\"image\":{\"@id\":\"https:\/\/curiosidadesedicas.com\/loja\/#\/schema\/logo\/image\/\"}}]}<\/script>\n<!-- \/ Yoast SEO plugin. -->","yoast_head_json":{"title":"CANDEEIRO DE ESCRIT\u00d3RIO LED FLEX\u00cdVEL 6W - Curiosidades &amp; Dicas, Lda","robots":{"index":"index","follow":"follow","max-snippet":"max-snippet:-1","max-image-preview":"max-image-preview:large","max-video-preview":"max-video-preview:-1"},"canonical":"https:\/\/curiosidadesedicas.com\/loja\/en\/product\/candeeiro-de-escritorio-led-flexivel-6w\/","og_locale":"en_US","og_type":"article","og_title":"CANDEEIRO DE ESCRIT\u00d3RIO LED FLEX\u00cdVEL 6W - Curiosidades &amp; Dicas, Lda","og_description":"O\u00a0Candeeiro de Escrit\u00f3rio LED Flex\u00edvel 6W\u00a0de pot\u00eancia, dispon\u00edvel em quatro cores:\u00a0preto, ouro rosa, ouro e prata\u00a0. Voc\u00ea pode escolher a temperatura de cor desejada, pois ela tem\u00a03 modos de luz:\u00a0Frio (5400K), Neutro (4200K) e Quente (3100K). O corpo tem uma\u00a0inclina\u00e7\u00e3o vertical ajust\u00e1vel de 25 \u00b0 a 180 \u00b0\u00a0. Ele pode ser conectado \u00e0 rede ou a qualquer dispositivo via conex\u00e3o USB (cabo USB 5V \/ 1A inclu\u00eddo). Tem\u00a0difusor antirreflexo,\u00a0possui\u00a02 bot\u00f5es touch (liga-desliga e mudan\u00e7a de temperatura de cor)\u00a0e sua luz pode ser\u00a0regulada em 6 intensidades diferentes por meio de um controle de toque.\u00a0Al\u00e9m disso, no bot\u00e3o de mudan\u00e7a de temperatura de cor existe um\u00a0indicador LED que nos informa sobre o\u00a0estado da bateria do aparelho: azul (quando faltam 10-20 minutos e, portanto, precisa ser carregado) e vermelho (quando est\u00e1 carregando ) Tem autonomia entre\u00a03 e 40 horas\u00a0(dependendo da intensidade da luz) e tem mem\u00f3ria, pois ao ser ligado recupera sempre o \u00faltimo estado em que foi utilizado. Com um design leve, moderno e muito exclusivo, este candeeiro de secret\u00e1ria \u00e9 ideal para escrit\u00f3rios, quartos, escrit\u00f3rios, etc. Carregue aqui e confira toda a gama de candeeiros LED de mesa na AmaroLED, a nossa loja de Ilumina\u00e7\u00e3o LED!  &nbsp;","og_url":"https:\/\/curiosidadesedicas.com\/loja\/en\/product\/candeeiro-de-escritorio-led-flexivel-6w\/","og_site_name":"Curiosidades &amp; Dicas, Lda","article_modified_time":"2021-06-01T17:43:39+00:00","og_image":[{"width":850,"height":850,"url":"https:\/\/curiosidadesedicas.com\/loja\/wp-content\/uploads\/2021\/06\/flexo-flexible-.jpg","type":"image\/jpeg"}],"twitter_card":"summary_large_image","twitter_misc":{"Est. reading time":"1 minute"},"schema":{"@context":"https:\/\/schema.org","@graph":[{"@type":"WebPage","@id":"https:\/\/curiosidadesedicas.com\/loja\/produto\/candeeiro-de-escritorio-led-flexivel-6w\/","url":"https:\/\/curiosidadesedicas.com\/loja\/produto\/candeeiro-de-escritorio-led-flexivel-6w\/","name":"CANDEEIRO DE ESCRIT\u00d3RIO LED FLEX\u00cdVEL 6W - Curiosidades &amp; Dicas, Lda","isPartOf":{"@id":"https:\/\/curiosidadesedicas.com\/loja\/#website"},"primaryImageOfPage":{"@id":"https:\/\/curiosidadesedicas.com\/loja\/produto\/candeeiro-de-escritorio-led-flexivel-6w\/#primaryimage"},"image":{"@id":"https:\/\/curiosidadesedicas.com\/loja\/produto\/candeeiro-de-escritorio-led-flexivel-6w\/#primaryimage"},"thumbnailUrl":"https:\/\/curiosidadesedicas.com\/loja\/wp-content\/uploads\/2021\/06\/flexo-flexible-.jpg","datePublished":"2021-06-01T17:28:23+00:00","dateModified":"2021-06-01T17:43:39+00:00","breadcrumb":{"@id":"https:\/\/curiosidadesedicas.com\/loja\/produto\/candeeiro-de-escritorio-led-flexivel-6w\/#breadcrumb"},"inLanguage":"en-US","potentialAction":[{"@type":"ReadAction","target":["https:\/\/curiosidadesedicas.com\/loja\/produto\/candeeiro-de-escritorio-led-flexivel-6w\/"]}]},{"@type":"ImageObject","inLanguage":"en-US","@id":"https:\/\/curiosidadesedicas.com\/loja\/produto\/candeeiro-de-escritorio-led-flexivel-6w\/#primaryimage","url":"https:\/\/curiosidadesedicas.com\/loja\/wp-content\/uploads\/2021\/06\/flexo-flexible-.jpg","contentUrl":"https:\/\/curiosidadesedicas.com\/loja\/wp-content\/uploads\/2021\/06\/flexo-flexible-.jpg","width":850,"height":850},{"@type":"BreadcrumbList","@id":"https:\/\/curiosidadesedicas.com\/loja\/produto\/candeeiro-de-escritorio-led-flexivel-6w\/#breadcrumb","itemListElement":[{"@type":"ListItem","position":1,"name":"In\u00edcio","item":"https:\/\/curiosidadesedicas.com\/loja\/"},{"@type":"ListItem","position":2,"name":"Produtos","item":"https:\/\/curiosidadesedicas.com\/loja\/produtos\/"},{"@type":"ListItem","position":3,"name":"CANDEEIRO DE ESCRIT\u00d3RIO LED FLEX\u00cdVEL 6W"}]},{"@type":"WebSite","@id":"https:\/\/curiosidadesedicas.com\/loja\/#website","url":"https:\/\/curiosidadesedicas.com\/loja\/","name":"Curiosidades &amp; Dicas, Lda","description":"Apaixonados Por Inova\u00e7\u00e3o","publisher":{"@id":"https:\/\/curiosidadesedicas.com\/loja\/#organization"},"potentialAction":[{"@type":"SearchAction","target":{"@type":"EntryPoint","urlTemplate":"https:\/\/curiosidadesedicas.com\/loja\/?s={search_term_string}"},"query-input":{"@type":"PropertyValueSpecification","valueRequired":true,"valueName":"search_term_string"}}],"inLanguage":"en-US"},{"@type":"Organization","@id":"https:\/\/curiosidadesedicas.com\/loja\/#organization","name":"Curiosidades & Dicas","url":"https:\/\/curiosidadesedicas.com\/loja\/","logo":{"@type":"ImageObject","inLanguage":"en-US","@id":"https:\/\/curiosidadesedicas.com\/loja\/#\/schema\/logo\/image\/","url":"https:\/\/curiosidadesedicas.com\/loja\/wp-content\/uploads\/2020\/05\/LogoCuriosidadesSimples.png","contentUrl":"https:\/\/curiosidadesedicas.com\/loja\/wp-content\/uploads\/2020\/05\/LogoCuriosidadesSimples.png","width":3528,"height":804,"caption":"Curiosidades & Dicas"},"image":{"@id":"https:\/\/curiosidadesedicas.com\/loja\/#\/schema\/logo\/image\/"}}]}},"_links":{"self":[{"href":"https:\/\/curiosidadesedicas.com\/loja\/en\/wp-json\/wp\/v2\/product\/21337","targetHints":{"allow":["GET"]}}],"collection":[{"href":"https:\/\/curiosidadesedicas.com\/loja\/en\/wp-json\/wp\/v2\/product"}],"about":[{"href":"https:\/\/curiosidadesedicas.com\/loja\/en\/wp-json\/wp\/v2\/types\/product"}],"replies":[{"embeddable":true,"href":"https:\/\/curiosidadesedicas.com\/loja\/en\/wp-json\/wp\/v2\/comments?post=21337"}],"wp:featuredmedia":[{"embeddable":true,"href":"https:\/\/curiosidadesedicas.com\/loja\/en\/wp-json\/wp\/v2\/media\/21342"}],"wp:attachment":[{"href":"https:\/\/curiosidadesedicas.com\/loja\/en\/wp-json\/wp\/v2\/media?parent=21337"}],"wp:term":[{"taxonomy":"product_brand","embeddable":true,"href":"https:\/\/curiosidadesedicas.com\/loja\/en\/wp-json\/wp\/v2\/product_brand?post=21337"},{"taxonomy":"product_cat","embeddable":true,"href":"https:\/\/curiosidadesedicas.com\/loja\/en\/wp-json\/wp\/v2\/product_cat?post=21337"},{"taxonomy":"product_tag","embeddable":true,"href":"https:\/\/curiosidadesedicas.com\/loja\/en\/wp-json\/wp\/v2\/product_tag?post=21337"}],"curies":[{"name":"wp","href":"https:\/\/api.w.org\/{rel}","templated":true}]}}