{"id":21288,"date":"2021-05-31T19:52:28","date_gmt":"2021-05-31T19:52:28","guid":{"rendered":"https:\/\/curiosidadesedicas.com\/loja\/?post_type=product&#038;p=21288"},"modified":"2021-05-31T19:57:10","modified_gmt":"2021-05-31T19:57:10","slug":"candeeiro-de-escritorio-led-cooper-8w-regulavel","status":"publish","type":"product","link":"https:\/\/curiosidadesedicas.com\/loja\/en\/product\/candeeiro-de-escritorio-led-cooper-8w-regulavel\/","title":{"rendered":"CANDEEIRO DE ESCRIT\u00d3RIO LED COOPER 8W REGUL\u00c1VEL"},"content":{"rendered":"<table class=\"woocommerce-product-attributes shop_attributes\">\n<tbody>\n<tr class=\"woocommerce-product-attributes-item woocommerce-product-attributes-item--attribute_pot%c3%aancia\">\n<th class=\"woocommerce-product-attributes-item__label\">POT\u00caNCIA:<\/th>\n<td class=\"woocommerce-product-attributes-item__value\">8 W<\/td>\n<\/tr>\n<tr class=\"woocommerce-product-attributes-item woocommerce-product-attributes-item--attribute_alimenta%c3%a7%c3%a3o\">\n<th class=\"woocommerce-product-attributes-item__label\">ALIMENTA\u00c7\u00c3O:<\/th>\n<td class=\"woocommerce-product-attributes-item__value\">85-265V AC<\/td>\n<\/tr>\n<tr class=\"woocommerce-product-attributes-item woocommerce-product-attributes-item--attribute_frequ%c3%aancia\">\n<th class=\"woocommerce-product-attributes-item__label\">FREQU\u00caNCIA:<\/th>\n<td class=\"woocommerce-product-attributes-item__value\">50-60 Hz<\/td>\n<\/tr>\n<tr class=\"woocommerce-product-attributes-item woocommerce-product-attributes-item--attribute_classe-isolamento-el%c3%a9trico\">\n<th class=\"woocommerce-product-attributes-item__label\">CLASSE ISOLAMENTO EL\u00c9TRICO:<\/th>\n<td class=\"woocommerce-product-attributes-item__value\">I<\/td>\n<\/tr>\n<tr class=\"woocommerce-product-attributes-item woocommerce-product-attributes-item--attribute_regulavel\">\n<th class=\"woocommerce-product-attributes-item__label\">REGULAVEL:<\/th>\n<td class=\"woocommerce-product-attributes-item__value\">Sim<\/td>\n<\/tr>\n<tr class=\"woocommerce-product-attributes-item woocommerce-product-attributes-item--attribute_temperatura-da-cor\">\n<th class=\"woocommerce-product-attributes-item__label\">TEMPERATURA DA COR:<\/th>\n<td class=\"woocommerce-product-attributes-item__value\">3000K<\/td>\n<\/tr>\n<tr class=\"woocommerce-product-attributes-item woocommerce-product-attributes-item--attribute_cri\">\n<th class=\"woocommerce-product-attributes-item__label\">CRI:<\/th>\n<td class=\"woocommerce-product-attributes-item__value\">85<\/td>\n<\/tr>\n<tr class=\"woocommerce-product-attributes-item woocommerce-product-attributes-item--attribute_luminosidade\">\n<th class=\"woocommerce-product-attributes-item__label\">LUMINOSIDADE:<\/th>\n<td class=\"woocommerce-product-attributes-item__value\">400 lm<\/td>\n<\/tr>\n<tr class=\"woocommerce-product-attributes-item woocommerce-product-attributes-item--attribute_rendimento-led\">\n<th class=\"woocommerce-product-attributes-item__label\">RENDIMENTO LED:<\/th>\n<td class=\"woocommerce-product-attributes-item__value\">50 lm\/W<\/td>\n<\/tr>\n<tr class=\"woocommerce-product-attributes-item woocommerce-product-attributes-item--attribute_classe-energ%c3%a9tica\">\n<th class=\"woocommerce-product-attributes-item__label\">CLASSE ENERG\u00c9TICA:<\/th>\n<td class=\"woocommerce-product-attributes-item__value\">A+<\/td>\n<\/tr>\n<tr class=\"woocommerce-product-attributes-item woocommerce-product-attributes-item--attribute_%c3%a1ngulo-de-abertura\">\n<th class=\"woocommerce-product-attributes-item__label\">\u00c1NGULO DE ABERTURA:<\/th>\n<td class=\"woocommerce-product-attributes-item__value\">360\u00ba<\/td>\n<\/tr>\n<tr class=\"woocommerce-product-attributes-item woocommerce-product-attributes-item--attribute_uso\">\n<th class=\"woocommerce-product-attributes-item__label\">USO:<\/th>\n<td class=\"woocommerce-product-attributes-item__value\">Interior<\/td>\n<\/tr>\n<tr class=\"woocommerce-product-attributes-item woocommerce-product-attributes-item--attribute_prote%c3%a7%c3%a3o-ip\">\n<th class=\"woocommerce-product-attributes-item__label\">PROTE\u00c7\u00c3O IP:<\/th>\n<td class=\"woocommerce-product-attributes-item__value\">IP20<\/td>\n<\/tr>\n<tr class=\"woocommerce-product-attributes-item woocommerce-product-attributes-item--attribute_factor-de-deslumbramento\">\n<th class=\"woocommerce-product-attributes-item__label\">FACTOR DE DESLUMBRAMENTO:<\/th>\n<td class=\"woocommerce-product-attributes-item__value\">UGR 19<\/td>\n<\/tr>\n<tr class=\"woocommerce-product-attributes-item woocommerce-product-attributes-item--attribute_dimens%c3%b5es\">\n<th class=\"woocommerce-product-attributes-item__label\">DIMENS\u00d5ES:<\/th>\n<td class=\"woocommerce-product-attributes-item__value\">355x170x1350 mm<\/td>\n<\/tr>\n<tr class=\"woocommerce-product-attributes-item woocommerce-product-attributes-item--attribute_material\">\n<th class=\"woocommerce-product-attributes-item__label\">MATERIAL:<\/th>\n<td class=\"woocommerce-product-attributes-item__value\">Alum\u00ednio<\/td>\n<\/tr>\n<tr class=\"woocommerce-product-attributes-item woocommerce-product-attributes-item--attribute_t%c2%aa-ambiente-trabalho\">\n<th class=\"woocommerce-product-attributes-item__label\">T\u00aa AMBIENTE TRABALHO:<\/th>\n<td class=\"woocommerce-product-attributes-item__value\">-20\u00b0C ~ +40\u00b0C<\/td>\n<\/tr>\n<tr class=\"woocommerce-product-attributes-item woocommerce-product-attributes-item--attribute_garantia\">\n<th class=\"woocommerce-product-attributes-item__label\">GARANTIA:<\/th>\n<td class=\"woocommerce-product-attributes-item__value\">2 Anos<\/td>\n<\/tr>\n<tr class=\"woocommerce-product-attributes-item woocommerce-product-attributes-item--attribute_certificados\">\n<th class=\"woocommerce-product-attributes-item__label\">CERTIFICADOS:<\/th>\n<td class=\"woocommerce-product-attributes-item__value\">CE &amp; RoHS<\/td>\n<\/tr>\n<tr class=\"woocommerce-product-attributes-item woocommerce-product-attributes-item--attribute_factor-de-pot%c3%aancia-fp\">\n<th class=\"woocommerce-product-attributes-item__label\">FACTOR DE POT\u00caNCIA (FP):<\/th>\n<td class=\"woocommerce-product-attributes-item__value\">0.7<\/td>\n<\/tr>\n<tr class=\"woocommerce-product-attributes-item woocommerce-product-attributes-item--attribute_multivoltagem\">\n<th class=\"woocommerce-product-attributes-item__label\">MULTIVOLTAGEM:<\/th>\n<td class=\"woocommerce-product-attributes-item__value\">100-240V AC<\/td>\n<\/tr>\n<tr class=\"woocommerce-product-attributes-item woocommerce-product-attributes-item--attribute_quantidade-de-leds\">\n<th class=\"woocommerce-product-attributes-item__label\">QUANTIDADE DE LEDS:<\/th>\n<td class=\"woocommerce-product-attributes-item__value\">42<\/td>\n<\/tr>\n<tr class=\"woocommerce-product-attributes-item woocommerce-product-attributes-item--attribute_pa_cor\">\n<th class=\"woocommerce-product-attributes-item__label\">Cor<\/th>\n<td class=\"woocommerce-product-attributes-item__value\">Aluminio, Preto<\/td>\n<\/tr>\n<\/tbody>\n<\/table>","protected":false},"excerpt":{"rendered":"<p align=\"justify\"><strong>O Candeeiro de Escrit\u00f3rio LED Cooper de 8W de pot\u00eancia e desenho futurista com aspecto tecnol\u00f3gico, conta com 3 modos para o ajuste de brilho e al\u00e9m disso, tem uma cabe\u00e7a girat\u00f3ria que permite o enfoque multi-direccional.<\/strong><\/p>\n<p align=\"justify\"><strong>O corpo deste flexo \u00e9 articulado e fl\u00e9xivel<\/strong>\u00a0permitindo deste modo adaptar-se da melhor maneira poss\u00edvel \u00e1s condi\u00e7\u00f5es de uso assim como variar o \u00e2ngulo de abertura da lumin\u00e1ria.<\/p>\n<p align=\"justify\">Poderemos utilizar o Candeeiro de Escrit\u00f3rio LED Cooper\u00a0em multitude de espa\u00e7os tais como dormit\u00f3rios, salas, escrit\u00f3rios, etc.<\/p>\n<p><a href=\"https:\/\/amaroled.com\/categoria-produto\/iluminacao-interior\/candeeiros-led-de-mesa\/\"><strong><em>Carregue aqui e confira toda a gama de candeeiros LED de mesa na AmaroLED, a nossa loja de Ilumina\u00e7\u00e3o LED!<\/em><\/strong><\/a><\/p>\n<p>&nbsp;<\/p>","protected":false},"featured_media":21301,"comment_status":"open","ping_status":"closed","template":"","meta":{"_glsr_average":0,"_glsr_ranking":0,"_glsr_reviews":0},"product_brand":[],"product_cat":[420,345,346],"product_tag":[],"class_list":{"0":"post-21288","1":"product","2":"type-product","3":"status-publish","4":"has-post-thumbnail","6":"product_cat-p-trabalho","7":"product_cat-gadgets-led","8":"product_cat-candeeiros-led","10":"first","11":"instock","12":"taxable","13":"shipping-taxable","14":"purchasable","15":"product-type-variable"},"yoast_head":"<!-- This site is optimized with the Yoast SEO plugin v26.8 - https:\/\/yoast.com\/product\/yoast-seo-wordpress\/ -->\n<title>CANDEEIRO DE ESCRIT\u00d3RIO LED COOPER 8W REGUL\u00c1VEL - Curiosidades &amp; Dicas, Lda<\/title>\n<meta name=\"robots\" content=\"index, follow, max-snippet:-1, max-image-preview:large, max-video-preview:-1\" \/>\n<link rel=\"canonical\" href=\"https:\/\/curiosidadesedicas.com\/loja\/en\/product\/candeeiro-de-escritorio-led-cooper-8w-regulavel\/\" \/>\n<meta property=\"og:locale\" content=\"en_US\" \/>\n<meta property=\"og:type\" content=\"article\" \/>\n<meta property=\"og:title\" content=\"CANDEEIRO DE ESCRIT\u00d3RIO LED COOPER 8W REGUL\u00c1VEL - Curiosidades &amp; Dicas, Lda\" \/>\n<meta property=\"og:description\" content=\"O Candeeiro de Escrit\u00f3rio LED Cooper de 8W de pot\u00eancia e desenho futurista com aspecto tecnol\u00f3gico, conta com 3 modos para o ajuste de brilho e al\u00e9m disso, tem uma cabe\u00e7a girat\u00f3ria que permite o enfoque multi-direccional. O corpo deste flexo \u00e9 articulado e fl\u00e9xivel\u00a0permitindo deste modo adaptar-se da melhor maneira poss\u00edvel \u00e1s condi\u00e7\u00f5es de uso assim como variar o \u00e2ngulo de abertura da lumin\u00e1ria. Poderemos utilizar o Candeeiro de Escrit\u00f3rio LED Cooper\u00a0em multitude de espa\u00e7os tais como dormit\u00f3rios, salas, escrit\u00f3rios, etc. Carregue aqui e confira toda a gama de candeeiros LED de mesa na AmaroLED, a nossa loja de Ilumina\u00e7\u00e3o LED!  &nbsp;\" \/>\n<meta property=\"og:url\" content=\"https:\/\/curiosidadesedicas.com\/loja\/en\/product\/candeeiro-de-escritorio-led-cooper-8w-regulavel\/\" \/>\n<meta property=\"og:site_name\" content=\"Curiosidades &amp; Dicas, Lda\" \/>\n<meta property=\"article:modified_time\" content=\"2021-05-31T19:57:10+00:00\" \/>\n<meta property=\"og:image\" content=\"https:\/\/curiosidadesedicas.com\/loja\/wp-content\/uploads\/2021\/05\/flexo-led-boga-5w-regulable-con-cargador-inalambrico-y-usb-7-1.jpg\" \/>\n\t<meta property=\"og:image:width\" content=\"1500\" \/>\n\t<meta property=\"og:image:height\" content=\"1500\" \/>\n\t<meta property=\"og:image:type\" content=\"image\/jpeg\" \/>\n<meta name=\"twitter:card\" content=\"summary_large_image\" \/>\n<meta name=\"twitter:label1\" content=\"Est. reading time\" \/>\n\t<meta name=\"twitter:data1\" content=\"1 minute\" \/>\n<script type=\"application\/ld+json\" class=\"yoast-schema-graph\">{\"@context\":\"https:\/\/schema.org\",\"@graph\":[{\"@type\":\"WebPage\",\"@id\":\"https:\/\/curiosidadesedicas.com\/loja\/produto\/candeeiro-de-escritorio-led-cooper-8w-regulavel\/\",\"url\":\"https:\/\/curiosidadesedicas.com\/loja\/produto\/candeeiro-de-escritorio-led-cooper-8w-regulavel\/\",\"name\":\"CANDEEIRO DE ESCRIT\u00d3RIO LED COOPER 8W REGUL\u00c1VEL - Curiosidades &amp; Dicas, Lda\",\"isPartOf\":{\"@id\":\"https:\/\/curiosidadesedicas.com\/loja\/#website\"},\"primaryImageOfPage\":{\"@id\":\"https:\/\/curiosidadesedicas.com\/loja\/produto\/candeeiro-de-escritorio-led-cooper-8w-regulavel\/#primaryimage\"},\"image\":{\"@id\":\"https:\/\/curiosidadesedicas.com\/loja\/produto\/candeeiro-de-escritorio-led-cooper-8w-regulavel\/#primaryimage\"},\"thumbnailUrl\":\"https:\/\/curiosidadesedicas.com\/loja\/wp-content\/uploads\/2021\/05\/flexo-led-boga-5w-regulable-con-cargador-inalambrico-y-usb-7-1.jpg\",\"datePublished\":\"2021-05-31T19:52:28+00:00\",\"dateModified\":\"2021-05-31T19:57:10+00:00\",\"breadcrumb\":{\"@id\":\"https:\/\/curiosidadesedicas.com\/loja\/produto\/candeeiro-de-escritorio-led-cooper-8w-regulavel\/#breadcrumb\"},\"inLanguage\":\"en-US\",\"potentialAction\":[{\"@type\":\"ReadAction\",\"target\":[\"https:\/\/curiosidadesedicas.com\/loja\/produto\/candeeiro-de-escritorio-led-cooper-8w-regulavel\/\"]}]},{\"@type\":\"ImageObject\",\"inLanguage\":\"en-US\",\"@id\":\"https:\/\/curiosidadesedicas.com\/loja\/produto\/candeeiro-de-escritorio-led-cooper-8w-regulavel\/#primaryimage\",\"url\":\"https:\/\/curiosidadesedicas.com\/loja\/wp-content\/uploads\/2021\/05\/flexo-led-boga-5w-regulable-con-cargador-inalambrico-y-usb-7-1.jpg\",\"contentUrl\":\"https:\/\/curiosidadesedicas.com\/loja\/wp-content\/uploads\/2021\/05\/flexo-led-boga-5w-regulable-con-cargador-inalambrico-y-usb-7-1.jpg\",\"width\":1500,\"height\":1500},{\"@type\":\"BreadcrumbList\",\"@id\":\"https:\/\/curiosidadesedicas.com\/loja\/produto\/candeeiro-de-escritorio-led-cooper-8w-regulavel\/#breadcrumb\",\"itemListElement\":[{\"@type\":\"ListItem\",\"position\":1,\"name\":\"In\u00edcio\",\"item\":\"https:\/\/curiosidadesedicas.com\/loja\/\"},{\"@type\":\"ListItem\",\"position\":2,\"name\":\"Produtos\",\"item\":\"https:\/\/curiosidadesedicas.com\/loja\/produtos\/\"},{\"@type\":\"ListItem\",\"position\":3,\"name\":\"CANDEEIRO DE ESCRIT\u00d3RIO LED COOPER 8W REGUL\u00c1VEL\"}]},{\"@type\":\"WebSite\",\"@id\":\"https:\/\/curiosidadesedicas.com\/loja\/#website\",\"url\":\"https:\/\/curiosidadesedicas.com\/loja\/\",\"name\":\"Curiosidades &amp; Dicas, Lda\",\"description\":\"Apaixonados Por Inova\u00e7\u00e3o\",\"publisher\":{\"@id\":\"https:\/\/curiosidadesedicas.com\/loja\/#organization\"},\"potentialAction\":[{\"@type\":\"SearchAction\",\"target\":{\"@type\":\"EntryPoint\",\"urlTemplate\":\"https:\/\/curiosidadesedicas.com\/loja\/?s={search_term_string}\"},\"query-input\":{\"@type\":\"PropertyValueSpecification\",\"valueRequired\":true,\"valueName\":\"search_term_string\"}}],\"inLanguage\":\"en-US\"},{\"@type\":\"Organization\",\"@id\":\"https:\/\/curiosidadesedicas.com\/loja\/#organization\",\"name\":\"Curiosidades & Dicas\",\"url\":\"https:\/\/curiosidadesedicas.com\/loja\/\",\"logo\":{\"@type\":\"ImageObject\",\"inLanguage\":\"en-US\",\"@id\":\"https:\/\/curiosidadesedicas.com\/loja\/#\/schema\/logo\/image\/\",\"url\":\"https:\/\/curiosidadesedicas.com\/loja\/wp-content\/uploads\/2020\/05\/LogoCuriosidadesSimples.png\",\"contentUrl\":\"https:\/\/curiosidadesedicas.com\/loja\/wp-content\/uploads\/2020\/05\/LogoCuriosidadesSimples.png\",\"width\":3528,\"height\":804,\"caption\":\"Curiosidades & Dicas\"},\"image\":{\"@id\":\"https:\/\/curiosidadesedicas.com\/loja\/#\/schema\/logo\/image\/\"}}]}<\/script>\n<!-- \/ Yoast SEO plugin. -->","yoast_head_json":{"title":"CANDEEIRO DE ESCRIT\u00d3RIO LED COOPER 8W REGUL\u00c1VEL - Curiosidades &amp; Dicas, Lda","robots":{"index":"index","follow":"follow","max-snippet":"max-snippet:-1","max-image-preview":"max-image-preview:large","max-video-preview":"max-video-preview:-1"},"canonical":"https:\/\/curiosidadesedicas.com\/loja\/en\/product\/candeeiro-de-escritorio-led-cooper-8w-regulavel\/","og_locale":"en_US","og_type":"article","og_title":"CANDEEIRO DE ESCRIT\u00d3RIO LED COOPER 8W REGUL\u00c1VEL - Curiosidades &amp; Dicas, Lda","og_description":"O Candeeiro de Escrit\u00f3rio LED Cooper de 8W de pot\u00eancia e desenho futurista com aspecto tecnol\u00f3gico, conta com 3 modos para o ajuste de brilho e al\u00e9m disso, tem uma cabe\u00e7a girat\u00f3ria que permite o enfoque multi-direccional. O corpo deste flexo \u00e9 articulado e fl\u00e9xivel\u00a0permitindo deste modo adaptar-se da melhor maneira poss\u00edvel \u00e1s condi\u00e7\u00f5es de uso assim como variar o \u00e2ngulo de abertura da lumin\u00e1ria. Poderemos utilizar o Candeeiro de Escrit\u00f3rio LED Cooper\u00a0em multitude de espa\u00e7os tais como dormit\u00f3rios, salas, escrit\u00f3rios, etc. Carregue aqui e confira toda a gama de candeeiros LED de mesa na AmaroLED, a nossa loja de Ilumina\u00e7\u00e3o LED!  &nbsp;","og_url":"https:\/\/curiosidadesedicas.com\/loja\/en\/product\/candeeiro-de-escritorio-led-cooper-8w-regulavel\/","og_site_name":"Curiosidades &amp; Dicas, Lda","article_modified_time":"2021-05-31T19:57:10+00:00","og_image":[{"width":1500,"height":1500,"url":"https:\/\/curiosidadesedicas.com\/loja\/wp-content\/uploads\/2021\/05\/flexo-led-boga-5w-regulable-con-cargador-inalambrico-y-usb-7-1.jpg","type":"image\/jpeg"}],"twitter_card":"summary_large_image","twitter_misc":{"Est. reading time":"1 minute"},"schema":{"@context":"https:\/\/schema.org","@graph":[{"@type":"WebPage","@id":"https:\/\/curiosidadesedicas.com\/loja\/produto\/candeeiro-de-escritorio-led-cooper-8w-regulavel\/","url":"https:\/\/curiosidadesedicas.com\/loja\/produto\/candeeiro-de-escritorio-led-cooper-8w-regulavel\/","name":"CANDEEIRO DE ESCRIT\u00d3RIO LED COOPER 8W REGUL\u00c1VEL - Curiosidades &amp; Dicas, Lda","isPartOf":{"@id":"https:\/\/curiosidadesedicas.com\/loja\/#website"},"primaryImageOfPage":{"@id":"https:\/\/curiosidadesedicas.com\/loja\/produto\/candeeiro-de-escritorio-led-cooper-8w-regulavel\/#primaryimage"},"image":{"@id":"https:\/\/curiosidadesedicas.com\/loja\/produto\/candeeiro-de-escritorio-led-cooper-8w-regulavel\/#primaryimage"},"thumbnailUrl":"https:\/\/curiosidadesedicas.com\/loja\/wp-content\/uploads\/2021\/05\/flexo-led-boga-5w-regulable-con-cargador-inalambrico-y-usb-7-1.jpg","datePublished":"2021-05-31T19:52:28+00:00","dateModified":"2021-05-31T19:57:10+00:00","breadcrumb":{"@id":"https:\/\/curiosidadesedicas.com\/loja\/produto\/candeeiro-de-escritorio-led-cooper-8w-regulavel\/#breadcrumb"},"inLanguage":"en-US","potentialAction":[{"@type":"ReadAction","target":["https:\/\/curiosidadesedicas.com\/loja\/produto\/candeeiro-de-escritorio-led-cooper-8w-regulavel\/"]}]},{"@type":"ImageObject","inLanguage":"en-US","@id":"https:\/\/curiosidadesedicas.com\/loja\/produto\/candeeiro-de-escritorio-led-cooper-8w-regulavel\/#primaryimage","url":"https:\/\/curiosidadesedicas.com\/loja\/wp-content\/uploads\/2021\/05\/flexo-led-boga-5w-regulable-con-cargador-inalambrico-y-usb-7-1.jpg","contentUrl":"https:\/\/curiosidadesedicas.com\/loja\/wp-content\/uploads\/2021\/05\/flexo-led-boga-5w-regulable-con-cargador-inalambrico-y-usb-7-1.jpg","width":1500,"height":1500},{"@type":"BreadcrumbList","@id":"https:\/\/curiosidadesedicas.com\/loja\/produto\/candeeiro-de-escritorio-led-cooper-8w-regulavel\/#breadcrumb","itemListElement":[{"@type":"ListItem","position":1,"name":"In\u00edcio","item":"https:\/\/curiosidadesedicas.com\/loja\/"},{"@type":"ListItem","position":2,"name":"Produtos","item":"https:\/\/curiosidadesedicas.com\/loja\/produtos\/"},{"@type":"ListItem","position":3,"name":"CANDEEIRO DE ESCRIT\u00d3RIO LED COOPER 8W REGUL\u00c1VEL"}]},{"@type":"WebSite","@id":"https:\/\/curiosidadesedicas.com\/loja\/#website","url":"https:\/\/curiosidadesedicas.com\/loja\/","name":"Curiosidades &amp; Dicas, Lda","description":"Apaixonados Por Inova\u00e7\u00e3o","publisher":{"@id":"https:\/\/curiosidadesedicas.com\/loja\/#organization"},"potentialAction":[{"@type":"SearchAction","target":{"@type":"EntryPoint","urlTemplate":"https:\/\/curiosidadesedicas.com\/loja\/?s={search_term_string}"},"query-input":{"@type":"PropertyValueSpecification","valueRequired":true,"valueName":"search_term_string"}}],"inLanguage":"en-US"},{"@type":"Organization","@id":"https:\/\/curiosidadesedicas.com\/loja\/#organization","name":"Curiosidades & Dicas","url":"https:\/\/curiosidadesedicas.com\/loja\/","logo":{"@type":"ImageObject","inLanguage":"en-US","@id":"https:\/\/curiosidadesedicas.com\/loja\/#\/schema\/logo\/image\/","url":"https:\/\/curiosidadesedicas.com\/loja\/wp-content\/uploads\/2020\/05\/LogoCuriosidadesSimples.png","contentUrl":"https:\/\/curiosidadesedicas.com\/loja\/wp-content\/uploads\/2020\/05\/LogoCuriosidadesSimples.png","width":3528,"height":804,"caption":"Curiosidades & Dicas"},"image":{"@id":"https:\/\/curiosidadesedicas.com\/loja\/#\/schema\/logo\/image\/"}}]}},"_links":{"self":[{"href":"https:\/\/curiosidadesedicas.com\/loja\/en\/wp-json\/wp\/v2\/product\/21288","targetHints":{"allow":["GET"]}}],"collection":[{"href":"https:\/\/curiosidadesedicas.com\/loja\/en\/wp-json\/wp\/v2\/product"}],"about":[{"href":"https:\/\/curiosidadesedicas.com\/loja\/en\/wp-json\/wp\/v2\/types\/product"}],"replies":[{"embeddable":true,"href":"https:\/\/curiosidadesedicas.com\/loja\/en\/wp-json\/wp\/v2\/comments?post=21288"}],"wp:featuredmedia":[{"embeddable":true,"href":"https:\/\/curiosidadesedicas.com\/loja\/en\/wp-json\/wp\/v2\/media\/21301"}],"wp:attachment":[{"href":"https:\/\/curiosidadesedicas.com\/loja\/en\/wp-json\/wp\/v2\/media?parent=21288"}],"wp:term":[{"taxonomy":"product_brand","embeddable":true,"href":"https:\/\/curiosidadesedicas.com\/loja\/en\/wp-json\/wp\/v2\/product_brand?post=21288"},{"taxonomy":"product_cat","embeddable":true,"href":"https:\/\/curiosidadesedicas.com\/loja\/en\/wp-json\/wp\/v2\/product_cat?post=21288"},{"taxonomy":"product_tag","embeddable":true,"href":"https:\/\/curiosidadesedicas.com\/loja\/en\/wp-json\/wp\/v2\/product_tag?post=21288"}],"curies":[{"name":"wp","href":"https:\/\/api.w.org\/{rel}","templated":true}]}}