{"id":21232,"date":"2021-05-31T18:32:11","date_gmt":"2021-05-31T18:32:11","guid":{"rendered":"https:\/\/curiosidadesedicas.com\/loja\/?post_type=product&#038;p=21232"},"modified":"2021-05-31T19:47:25","modified_gmt":"2021-05-31T19:47:25","slug":"candeeiro-de-escritorio-led-multifuncao-dobravel-1-8w-com-bateria","status":"publish","type":"product","link":"https:\/\/curiosidadesedicas.com\/loja\/en\/product\/candeeiro-de-escritorio-led-multifuncao-dobravel-1-8w-com-bateria\/","title":{"rendered":"CANDEEIRO DE ESCRIT\u00d3RIO LED MULTIFUN\u00c7\u00c3O DOBR\u00c1VEL 1.8W COM BATERIA"},"content":{"rendered":"<p>Este\u00a0candeeiro de escrit\u00f3rio\u00a0permite um uso muito din\u00e2mico, gra\u00e7as \u00e1 sua bateria de 3.7V\/1000 mA e \u00e1 sua facilidade para ser transportado, j\u00e1 que pode ser dobr\u00e1vel em t\u00e3o s\u00f3 2 passos.\u00a0<strong>Conta com um calend\u00e1rio digital (dia e m\u00eas), rel\u00f3gio, alarme com repeti\u00e7\u00e3o e fun\u00e7\u00e3o snooze, e um term\u00f3metro (temperatura em \u00baC).<\/strong> Inclui cabo USB, pilha CR2025\/3V para o calend\u00e1rio e um gancho de parede.<\/p>","protected":false},"excerpt":{"rendered":"<p align=\"justify\"><strong>O Candeeiro de Escrit\u00f3rio LED Multifun\u00e7\u00e3o Dobr\u00e1vel de 1.8W de pot\u00eancia,<\/strong>\u00a0luz branco frio (5500K) e duas gradua\u00e7\u00f5es de luminosidade.<\/p>\n<p align=\"justify\">Este\u00a0candeeiro de escrit\u00f3rio\u00a0permite um uso muito din\u00e2mico, gra\u00e7as \u00e1 sua bateria de 3.7V\/1000 mA e \u00e1 sua facilidade para ser transportado, j\u00e1 que pode ser dobr\u00e1vel em t\u00e3o s\u00f3 2 passos.\u00a0<strong>Conta com um calend\u00e1rio digital (dia e m\u00eas), rel\u00f3gio, alarme com repeti\u00e7\u00e3o e fun\u00e7\u00e3o snooze, e um term\u00f3metro (temperatura em \u00baC).<\/strong> Inclui cabo USB, pilha CR2025\/3V para o calend\u00e1rio e um gancho de parede.<\/p>\n<p align=\"justify\"><a href=\"https:\/\/amaroled.com\/categoria-produto\/iluminacao-interior\/candeeiros-led-de-mesa\/\"><strong><em>Carregue aqui e confira toda a gama de candeeiros LED de mesa na AmaroLED, a nossa loja de Ilumina\u00e7\u00e3o LED!<\/em><\/strong><\/a><\/p>","protected":false},"featured_media":21236,"comment_status":"open","ping_status":"closed","template":"","meta":{"_glsr_average":0,"_glsr_ranking":0,"_glsr_reviews":0},"product_brand":[],"product_cat":[420,345,346],"product_tag":[],"class_list":{"0":"post-21232","1":"product","2":"type-product","3":"status-publish","4":"has-post-thumbnail","6":"product_cat-p-trabalho","7":"product_cat-gadgets-led","8":"product_cat-candeeiros-led","10":"first","11":"instock","12":"taxable","13":"shipping-taxable","14":"purchasable","15":"product-type-simple"},"yoast_head":"<!-- This site is optimized with the Yoast SEO plugin v26.8 - https:\/\/yoast.com\/product\/yoast-seo-wordpress\/ -->\n<title>CANDEEIRO DE ESCRIT\u00d3RIO LED MULTIFUN\u00c7\u00c3O DOBR\u00c1VEL 1.8W COM BATERIA - Curiosidades &amp; Dicas, Lda<\/title>\n<meta name=\"robots\" content=\"index, follow, max-snippet:-1, max-image-preview:large, max-video-preview:-1\" \/>\n<link rel=\"canonical\" href=\"https:\/\/curiosidadesedicas.com\/loja\/en\/product\/candeeiro-de-escritorio-led-multifuncao-dobravel-1-8w-com-bateria\/\" \/>\n<meta property=\"og:locale\" content=\"en_US\" \/>\n<meta property=\"og:type\" content=\"article\" \/>\n<meta property=\"og:title\" content=\"CANDEEIRO DE ESCRIT\u00d3RIO LED MULTIFUN\u00c7\u00c3O DOBR\u00c1VEL 1.8W COM BATERIA - Curiosidades &amp; Dicas, Lda\" \/>\n<meta property=\"og:description\" content=\"O Candeeiro de Escrit\u00f3rio LED Multifun\u00e7\u00e3o Dobr\u00e1vel de 1.8W de pot\u00eancia,\u00a0luz branco frio (5500K) e duas gradua\u00e7\u00f5es de luminosidade. Este\u00a0candeeiro de escrit\u00f3rio\u00a0permite um uso muito din\u00e2mico, gra\u00e7as \u00e1 sua bateria de 3.7V\/1000 mA e \u00e1 sua facilidade para ser transportado, j\u00e1 que pode ser dobr\u00e1vel em t\u00e3o s\u00f3 2 passos.\u00a0Conta com um calend\u00e1rio digital (dia e m\u00eas), rel\u00f3gio, alarme com repeti\u00e7\u00e3o e fun\u00e7\u00e3o snooze, e um term\u00f3metro (temperatura em \u00baC). Inclui cabo USB, pilha CR2025\/3V para o calend\u00e1rio e um gancho de parede. Carregue aqui e confira toda a gama de candeeiros LED de mesa na AmaroLED, a nossa loja de Ilumina\u00e7\u00e3o LED!\" \/>\n<meta property=\"og:url\" content=\"https:\/\/curiosidadesedicas.com\/loja\/en\/product\/candeeiro-de-escritorio-led-multifuncao-dobravel-1-8w-com-bateria\/\" \/>\n<meta property=\"og:site_name\" content=\"Curiosidades &amp; Dicas, Lda\" \/>\n<meta property=\"article:modified_time\" content=\"2021-05-31T19:47:25+00:00\" \/>\n<meta property=\"og:image\" content=\"https:\/\/curiosidadesedicas.com\/loja\/wp-content\/uploads\/2021\/05\/flexo-led-multifuncao-dobravel-18w.jpg\" \/>\n\t<meta property=\"og:image:width\" content=\"850\" \/>\n\t<meta property=\"og:image:height\" content=\"850\" \/>\n\t<meta property=\"og:image:type\" content=\"image\/jpeg\" \/>\n<meta name=\"twitter:card\" content=\"summary_large_image\" \/>\n<meta name=\"twitter:label1\" content=\"Est. reading time\" \/>\n\t<meta name=\"twitter:data1\" content=\"1 minute\" \/>\n<script type=\"application\/ld+json\" class=\"yoast-schema-graph\">{\"@context\":\"https:\/\/schema.org\",\"@graph\":[{\"@type\":\"WebPage\",\"@id\":\"https:\/\/curiosidadesedicas.com\/loja\/produto\/candeeiro-de-escritorio-led-multifuncao-dobravel-1-8w-com-bateria\/\",\"url\":\"https:\/\/curiosidadesedicas.com\/loja\/produto\/candeeiro-de-escritorio-led-multifuncao-dobravel-1-8w-com-bateria\/\",\"name\":\"CANDEEIRO DE ESCRIT\u00d3RIO LED MULTIFUN\u00c7\u00c3O DOBR\u00c1VEL 1.8W COM BATERIA - Curiosidades &amp; Dicas, Lda\",\"isPartOf\":{\"@id\":\"https:\/\/curiosidadesedicas.com\/loja\/#website\"},\"primaryImageOfPage\":{\"@id\":\"https:\/\/curiosidadesedicas.com\/loja\/produto\/candeeiro-de-escritorio-led-multifuncao-dobravel-1-8w-com-bateria\/#primaryimage\"},\"image\":{\"@id\":\"https:\/\/curiosidadesedicas.com\/loja\/produto\/candeeiro-de-escritorio-led-multifuncao-dobravel-1-8w-com-bateria\/#primaryimage\"},\"thumbnailUrl\":\"https:\/\/curiosidadesedicas.com\/loja\/wp-content\/uploads\/2021\/05\/flexo-led-multifuncao-dobravel-18w.jpg\",\"datePublished\":\"2021-05-31T18:32:11+00:00\",\"dateModified\":\"2021-05-31T19:47:25+00:00\",\"breadcrumb\":{\"@id\":\"https:\/\/curiosidadesedicas.com\/loja\/produto\/candeeiro-de-escritorio-led-multifuncao-dobravel-1-8w-com-bateria\/#breadcrumb\"},\"inLanguage\":\"en-US\",\"potentialAction\":[{\"@type\":\"ReadAction\",\"target\":[\"https:\/\/curiosidadesedicas.com\/loja\/produto\/candeeiro-de-escritorio-led-multifuncao-dobravel-1-8w-com-bateria\/\"]}]},{\"@type\":\"ImageObject\",\"inLanguage\":\"en-US\",\"@id\":\"https:\/\/curiosidadesedicas.com\/loja\/produto\/candeeiro-de-escritorio-led-multifuncao-dobravel-1-8w-com-bateria\/#primaryimage\",\"url\":\"https:\/\/curiosidadesedicas.com\/loja\/wp-content\/uploads\/2021\/05\/flexo-led-multifuncao-dobravel-18w.jpg\",\"contentUrl\":\"https:\/\/curiosidadesedicas.com\/loja\/wp-content\/uploads\/2021\/05\/flexo-led-multifuncao-dobravel-18w.jpg\",\"width\":850,\"height\":850},{\"@type\":\"BreadcrumbList\",\"@id\":\"https:\/\/curiosidadesedicas.com\/loja\/produto\/candeeiro-de-escritorio-led-multifuncao-dobravel-1-8w-com-bateria\/#breadcrumb\",\"itemListElement\":[{\"@type\":\"ListItem\",\"position\":1,\"name\":\"In\u00edcio\",\"item\":\"https:\/\/curiosidadesedicas.com\/loja\/\"},{\"@type\":\"ListItem\",\"position\":2,\"name\":\"Produtos\",\"item\":\"https:\/\/curiosidadesedicas.com\/loja\/produtos\/\"},{\"@type\":\"ListItem\",\"position\":3,\"name\":\"CANDEEIRO DE ESCRIT\u00d3RIO LED MULTIFUN\u00c7\u00c3O DOBR\u00c1VEL 1.8W COM BATERIA\"}]},{\"@type\":\"WebSite\",\"@id\":\"https:\/\/curiosidadesedicas.com\/loja\/#website\",\"url\":\"https:\/\/curiosidadesedicas.com\/loja\/\",\"name\":\"Curiosidades &amp; Dicas, Lda\",\"description\":\"Apaixonados Por Inova\u00e7\u00e3o\",\"publisher\":{\"@id\":\"https:\/\/curiosidadesedicas.com\/loja\/#organization\"},\"potentialAction\":[{\"@type\":\"SearchAction\",\"target\":{\"@type\":\"EntryPoint\",\"urlTemplate\":\"https:\/\/curiosidadesedicas.com\/loja\/?s={search_term_string}\"},\"query-input\":{\"@type\":\"PropertyValueSpecification\",\"valueRequired\":true,\"valueName\":\"search_term_string\"}}],\"inLanguage\":\"en-US\"},{\"@type\":\"Organization\",\"@id\":\"https:\/\/curiosidadesedicas.com\/loja\/#organization\",\"name\":\"Curiosidades & Dicas\",\"url\":\"https:\/\/curiosidadesedicas.com\/loja\/\",\"logo\":{\"@type\":\"ImageObject\",\"inLanguage\":\"en-US\",\"@id\":\"https:\/\/curiosidadesedicas.com\/loja\/#\/schema\/logo\/image\/\",\"url\":\"https:\/\/curiosidadesedicas.com\/loja\/wp-content\/uploads\/2020\/05\/LogoCuriosidadesSimples.png\",\"contentUrl\":\"https:\/\/curiosidadesedicas.com\/loja\/wp-content\/uploads\/2020\/05\/LogoCuriosidadesSimples.png\",\"width\":3528,\"height\":804,\"caption\":\"Curiosidades & Dicas\"},\"image\":{\"@id\":\"https:\/\/curiosidadesedicas.com\/loja\/#\/schema\/logo\/image\/\"}}]}<\/script>\n<!-- \/ Yoast SEO plugin. -->","yoast_head_json":{"title":"CANDEEIRO DE ESCRIT\u00d3RIO LED MULTIFUN\u00c7\u00c3O DOBR\u00c1VEL 1.8W COM BATERIA - Curiosidades &amp; Dicas, Lda","robots":{"index":"index","follow":"follow","max-snippet":"max-snippet:-1","max-image-preview":"max-image-preview:large","max-video-preview":"max-video-preview:-1"},"canonical":"https:\/\/curiosidadesedicas.com\/loja\/en\/product\/candeeiro-de-escritorio-led-multifuncao-dobravel-1-8w-com-bateria\/","og_locale":"en_US","og_type":"article","og_title":"CANDEEIRO DE ESCRIT\u00d3RIO LED MULTIFUN\u00c7\u00c3O DOBR\u00c1VEL 1.8W COM BATERIA - Curiosidades &amp; Dicas, Lda","og_description":"O Candeeiro de Escrit\u00f3rio LED Multifun\u00e7\u00e3o Dobr\u00e1vel de 1.8W de pot\u00eancia,\u00a0luz branco frio (5500K) e duas gradua\u00e7\u00f5es de luminosidade. Este\u00a0candeeiro de escrit\u00f3rio\u00a0permite um uso muito din\u00e2mico, gra\u00e7as \u00e1 sua bateria de 3.7V\/1000 mA e \u00e1 sua facilidade para ser transportado, j\u00e1 que pode ser dobr\u00e1vel em t\u00e3o s\u00f3 2 passos.\u00a0Conta com um calend\u00e1rio digital (dia e m\u00eas), rel\u00f3gio, alarme com repeti\u00e7\u00e3o e fun\u00e7\u00e3o snooze, e um term\u00f3metro (temperatura em \u00baC). Inclui cabo USB, pilha CR2025\/3V para o calend\u00e1rio e um gancho de parede. Carregue aqui e confira toda a gama de candeeiros LED de mesa na AmaroLED, a nossa loja de Ilumina\u00e7\u00e3o LED!","og_url":"https:\/\/curiosidadesedicas.com\/loja\/en\/product\/candeeiro-de-escritorio-led-multifuncao-dobravel-1-8w-com-bateria\/","og_site_name":"Curiosidades &amp; Dicas, Lda","article_modified_time":"2021-05-31T19:47:25+00:00","og_image":[{"width":850,"height":850,"url":"https:\/\/curiosidadesedicas.com\/loja\/wp-content\/uploads\/2021\/05\/flexo-led-multifuncao-dobravel-18w.jpg","type":"image\/jpeg"}],"twitter_card":"summary_large_image","twitter_misc":{"Est. reading time":"1 minute"},"schema":{"@context":"https:\/\/schema.org","@graph":[{"@type":"WebPage","@id":"https:\/\/curiosidadesedicas.com\/loja\/produto\/candeeiro-de-escritorio-led-multifuncao-dobravel-1-8w-com-bateria\/","url":"https:\/\/curiosidadesedicas.com\/loja\/produto\/candeeiro-de-escritorio-led-multifuncao-dobravel-1-8w-com-bateria\/","name":"CANDEEIRO DE ESCRIT\u00d3RIO LED MULTIFUN\u00c7\u00c3O DOBR\u00c1VEL 1.8W COM BATERIA - Curiosidades &amp; Dicas, Lda","isPartOf":{"@id":"https:\/\/curiosidadesedicas.com\/loja\/#website"},"primaryImageOfPage":{"@id":"https:\/\/curiosidadesedicas.com\/loja\/produto\/candeeiro-de-escritorio-led-multifuncao-dobravel-1-8w-com-bateria\/#primaryimage"},"image":{"@id":"https:\/\/curiosidadesedicas.com\/loja\/produto\/candeeiro-de-escritorio-led-multifuncao-dobravel-1-8w-com-bateria\/#primaryimage"},"thumbnailUrl":"https:\/\/curiosidadesedicas.com\/loja\/wp-content\/uploads\/2021\/05\/flexo-led-multifuncao-dobravel-18w.jpg","datePublished":"2021-05-31T18:32:11+00:00","dateModified":"2021-05-31T19:47:25+00:00","breadcrumb":{"@id":"https:\/\/curiosidadesedicas.com\/loja\/produto\/candeeiro-de-escritorio-led-multifuncao-dobravel-1-8w-com-bateria\/#breadcrumb"},"inLanguage":"en-US","potentialAction":[{"@type":"ReadAction","target":["https:\/\/curiosidadesedicas.com\/loja\/produto\/candeeiro-de-escritorio-led-multifuncao-dobravel-1-8w-com-bateria\/"]}]},{"@type":"ImageObject","inLanguage":"en-US","@id":"https:\/\/curiosidadesedicas.com\/loja\/produto\/candeeiro-de-escritorio-led-multifuncao-dobravel-1-8w-com-bateria\/#primaryimage","url":"https:\/\/curiosidadesedicas.com\/loja\/wp-content\/uploads\/2021\/05\/flexo-led-multifuncao-dobravel-18w.jpg","contentUrl":"https:\/\/curiosidadesedicas.com\/loja\/wp-content\/uploads\/2021\/05\/flexo-led-multifuncao-dobravel-18w.jpg","width":850,"height":850},{"@type":"BreadcrumbList","@id":"https:\/\/curiosidadesedicas.com\/loja\/produto\/candeeiro-de-escritorio-led-multifuncao-dobravel-1-8w-com-bateria\/#breadcrumb","itemListElement":[{"@type":"ListItem","position":1,"name":"In\u00edcio","item":"https:\/\/curiosidadesedicas.com\/loja\/"},{"@type":"ListItem","position":2,"name":"Produtos","item":"https:\/\/curiosidadesedicas.com\/loja\/produtos\/"},{"@type":"ListItem","position":3,"name":"CANDEEIRO DE ESCRIT\u00d3RIO LED MULTIFUN\u00c7\u00c3O DOBR\u00c1VEL 1.8W COM BATERIA"}]},{"@type":"WebSite","@id":"https:\/\/curiosidadesedicas.com\/loja\/#website","url":"https:\/\/curiosidadesedicas.com\/loja\/","name":"Curiosidades &amp; Dicas, Lda","description":"Apaixonados Por Inova\u00e7\u00e3o","publisher":{"@id":"https:\/\/curiosidadesedicas.com\/loja\/#organization"},"potentialAction":[{"@type":"SearchAction","target":{"@type":"EntryPoint","urlTemplate":"https:\/\/curiosidadesedicas.com\/loja\/?s={search_term_string}"},"query-input":{"@type":"PropertyValueSpecification","valueRequired":true,"valueName":"search_term_string"}}],"inLanguage":"en-US"},{"@type":"Organization","@id":"https:\/\/curiosidadesedicas.com\/loja\/#organization","name":"Curiosidades & Dicas","url":"https:\/\/curiosidadesedicas.com\/loja\/","logo":{"@type":"ImageObject","inLanguage":"en-US","@id":"https:\/\/curiosidadesedicas.com\/loja\/#\/schema\/logo\/image\/","url":"https:\/\/curiosidadesedicas.com\/loja\/wp-content\/uploads\/2020\/05\/LogoCuriosidadesSimples.png","contentUrl":"https:\/\/curiosidadesedicas.com\/loja\/wp-content\/uploads\/2020\/05\/LogoCuriosidadesSimples.png","width":3528,"height":804,"caption":"Curiosidades & Dicas"},"image":{"@id":"https:\/\/curiosidadesedicas.com\/loja\/#\/schema\/logo\/image\/"}}]}},"_links":{"self":[{"href":"https:\/\/curiosidadesedicas.com\/loja\/en\/wp-json\/wp\/v2\/product\/21232","targetHints":{"allow":["GET"]}}],"collection":[{"href":"https:\/\/curiosidadesedicas.com\/loja\/en\/wp-json\/wp\/v2\/product"}],"about":[{"href":"https:\/\/curiosidadesedicas.com\/loja\/en\/wp-json\/wp\/v2\/types\/product"}],"replies":[{"embeddable":true,"href":"https:\/\/curiosidadesedicas.com\/loja\/en\/wp-json\/wp\/v2\/comments?post=21232"}],"wp:featuredmedia":[{"embeddable":true,"href":"https:\/\/curiosidadesedicas.com\/loja\/en\/wp-json\/wp\/v2\/media\/21236"}],"wp:attachment":[{"href":"https:\/\/curiosidadesedicas.com\/loja\/en\/wp-json\/wp\/v2\/media?parent=21232"}],"wp:term":[{"taxonomy":"product_brand","embeddable":true,"href":"https:\/\/curiosidadesedicas.com\/loja\/en\/wp-json\/wp\/v2\/product_brand?post=21232"},{"taxonomy":"product_cat","embeddable":true,"href":"https:\/\/curiosidadesedicas.com\/loja\/en\/wp-json\/wp\/v2\/product_cat?post=21232"},{"taxonomy":"product_tag","embeddable":true,"href":"https:\/\/curiosidadesedicas.com\/loja\/en\/wp-json\/wp\/v2\/product_tag?post=21232"}],"curies":[{"name":"wp","href":"https:\/\/api.w.org\/{rel}","templated":true}]}}