{"id":20974,"date":"2021-03-29T13:05:22","date_gmt":"2021-03-29T13:05:22","guid":{"rendered":"https:\/\/curiosidadesedicas.com\/loja\/?post_type=product&#038;p=20974"},"modified":"2021-03-29T13:27:58","modified_gmt":"2021-03-29T13:27:58","slug":"candeeiro-estudio-dimavel-12w-rgb-26cm-10-c-tripe","status":"publish","type":"product","link":"https:\/\/curiosidadesedicas.com\/loja\/en\/product\/candeeiro-estudio-dimavel-12w-rgb-26cm-10-c-tripe\/","title":{"rendered":"CANDEEIRO EST\u00daDIO DIM\u00c1VEL 12W RGB 26CM 10&#8243; C\/TRIP\u00c9"},"content":{"rendered":"<p>Ideal como candeeiro de secret\u00e1ria ou para as suas redes sociais. Melhore seus shows ao vivo, fotos e v\u00eddeos.<\/p>\n<p>Inclui suporte m\u00f3vel, trip\u00e9 e controle de fun\u00e7\u00f5es com conex\u00e3o USB.<\/p>\n<p>&nbsp;<\/p>","protected":false},"excerpt":{"rendered":"<p>Ideal como candeeiro de secret\u00e1ria ou para as suas redes sociais. Melhore seus shows ao vivo, fotos e v\u00eddeos.<\/p>\n<ul>\n<li>Material: ABS<\/li>\n<li>Dimens\u00f5es: 25,3 * 27 cm, 10 &#8220;<\/li>\n<li>Pot\u00eancia: 12W<\/li>\n<li>Tens\u00e3o: DC5V \/ 2A<\/li>\n<li>N\u00famero de l\u00e2mpadas: 168<\/li>\n<li>L\u00famens: 450<\/li>\n<li>Temperatura de cor: 3000k &#8211; 6500k + RGB<\/li>\n<li>Quadro de luz girat\u00f3rio 360\u00ba<\/li>\n<li>Conex\u00e3o USB<\/li>\n<li>V\u00e1rios modos, cor ajust\u00e1vel, luz est\u00e1tica ou din\u00e2mica<\/li>\n<li>ACESS\u00d3RIOS:\n<ul>\n<li>Controle de fun\u00e7\u00e3o com fio<\/li>\n<li>Suporte m\u00f3vel<\/li>\n<li>Trip\u00e9 para anel de luz<\/li>\n<\/ul>\n<\/li>\n<\/ul>","protected":false},"featured_media":20990,"comment_status":"open","ping_status":"closed","template":"","meta":{"_glsr_average":0,"_glsr_ranking":0,"_glsr_reviews":0},"product_brand":[],"product_cat":[350,352,345,399,453],"product_tag":[],"class_list":{"0":"post-20974","1":"product","2":"type-product","3":"status-publish","4":"has-post-thumbnail","6":"product_cat-gadgets","7":"product_cat-p-telemoveis","8":"product_cat-gadgets-led","9":"product_cat-luz-led","10":"product_cat-presentes-criativos","12":"first","13":"instock","14":"taxable","15":"shipping-taxable","16":"purchasable","17":"product-type-simple"},"yoast_head":"<!-- This site is optimized with the Yoast SEO plugin v26.8 - https:\/\/yoast.com\/product\/yoast-seo-wordpress\/ -->\n<title>CANDEEIRO EST\u00daDIO DIM\u00c1VEL 12W RGB 26CM 10&quot; C\/TRIP\u00c9 - Curiosidades &amp; Dicas, Lda<\/title>\n<meta name=\"robots\" content=\"index, follow, max-snippet:-1, max-image-preview:large, max-video-preview:-1\" \/>\n<link rel=\"canonical\" href=\"https:\/\/curiosidadesedicas.com\/loja\/en\/product\/candeeiro-estudio-dimavel-12w-rgb-26cm-10-c-tripe\/\" \/>\n<meta property=\"og:locale\" content=\"en_US\" \/>\n<meta property=\"og:type\" content=\"article\" \/>\n<meta property=\"og:title\" content=\"CANDEEIRO EST\u00daDIO DIM\u00c1VEL 12W RGB 26CM 10&quot; C\/TRIP\u00c9 - Curiosidades &amp; Dicas, Lda\" \/>\n<meta property=\"og:description\" content=\"Ideal como candeeiro de secret\u00e1ria ou para as suas redes sociais. Melhore seus shows ao vivo, fotos e v\u00eddeos.   Material: ABS  Dimens\u00f5es: 25,3 * 27 cm, 10 &quot;  Pot\u00eancia: 12W  Tens\u00e3o: DC5V \/ 2A  N\u00famero de l\u00e2mpadas: 168  L\u00famens: 450  Temperatura de cor: 3000k - 6500k + RGB  Quadro de luz girat\u00f3rio 360\u00ba  Conex\u00e3o USB  V\u00e1rios modos, cor ajust\u00e1vel, luz est\u00e1tica ou din\u00e2mica  ACESS\u00d3RIOS:   Controle de fun\u00e7\u00e3o com fio  Suporte m\u00f3vel  Trip\u00e9 para anel de luz\" \/>\n<meta property=\"og:url\" content=\"https:\/\/curiosidadesedicas.com\/loja\/en\/product\/candeeiro-estudio-dimavel-12w-rgb-26cm-10-c-tripe\/\" \/>\n<meta property=\"og:site_name\" content=\"Curiosidades &amp; Dicas, Lda\" \/>\n<meta property=\"article:modified_time\" content=\"2021-03-29T13:27:58+00:00\" \/>\n<meta property=\"og:image\" content=\"https:\/\/curiosidadesedicas.com\/loja\/wp-content\/uploads\/2021\/03\/mb-rl27-anillo-de-luz-led-rgb-10-26-cm-con-soporte-para-movil-y-tripode-mobile-mb-rl27-anillo-de-luz-led-de-26cm-10-ideal-como-l.jpg\" \/>\n\t<meta property=\"og:image:width\" content=\"800\" \/>\n\t<meta property=\"og:image:height\" content=\"800\" \/>\n\t<meta property=\"og:image:type\" content=\"image\/jpeg\" \/>\n<meta name=\"twitter:card\" content=\"summary_large_image\" \/>\n<meta name=\"twitter:label1\" content=\"Est. reading time\" \/>\n\t<meta name=\"twitter:data1\" content=\"1 minute\" \/>\n<script type=\"application\/ld+json\" class=\"yoast-schema-graph\">{\"@context\":\"https:\/\/schema.org\",\"@graph\":[{\"@type\":\"WebPage\",\"@id\":\"https:\/\/curiosidadesedicas.com\/loja\/produto\/candeeiro-estudio-dimavel-12w-rgb-26cm-10-c-tripe\/\",\"url\":\"https:\/\/curiosidadesedicas.com\/loja\/produto\/candeeiro-estudio-dimavel-12w-rgb-26cm-10-c-tripe\/\",\"name\":\"CANDEEIRO EST\u00daDIO DIM\u00c1VEL 12W RGB 26CM 10\\\" C\/TRIP\u00c9 - Curiosidades &amp; Dicas, Lda\",\"isPartOf\":{\"@id\":\"https:\/\/curiosidadesedicas.com\/loja\/#website\"},\"primaryImageOfPage\":{\"@id\":\"https:\/\/curiosidadesedicas.com\/loja\/produto\/candeeiro-estudio-dimavel-12w-rgb-26cm-10-c-tripe\/#primaryimage\"},\"image\":{\"@id\":\"https:\/\/curiosidadesedicas.com\/loja\/produto\/candeeiro-estudio-dimavel-12w-rgb-26cm-10-c-tripe\/#primaryimage\"},\"thumbnailUrl\":\"https:\/\/curiosidadesedicas.com\/loja\/wp-content\/uploads\/2021\/03\/mb-rl27-anillo-de-luz-led-rgb-10-26-cm-con-soporte-para-movil-y-tripode-mobile-mb-rl27-anillo-de-luz-led-de-26cm-10-ideal-como-l.jpg\",\"datePublished\":\"2021-03-29T13:05:22+00:00\",\"dateModified\":\"2021-03-29T13:27:58+00:00\",\"breadcrumb\":{\"@id\":\"https:\/\/curiosidadesedicas.com\/loja\/produto\/candeeiro-estudio-dimavel-12w-rgb-26cm-10-c-tripe\/#breadcrumb\"},\"inLanguage\":\"en-US\",\"potentialAction\":[{\"@type\":\"ReadAction\",\"target\":[\"https:\/\/curiosidadesedicas.com\/loja\/produto\/candeeiro-estudio-dimavel-12w-rgb-26cm-10-c-tripe\/\"]}]},{\"@type\":\"ImageObject\",\"inLanguage\":\"en-US\",\"@id\":\"https:\/\/curiosidadesedicas.com\/loja\/produto\/candeeiro-estudio-dimavel-12w-rgb-26cm-10-c-tripe\/#primaryimage\",\"url\":\"https:\/\/curiosidadesedicas.com\/loja\/wp-content\/uploads\/2021\/03\/mb-rl27-anillo-de-luz-led-rgb-10-26-cm-con-soporte-para-movil-y-tripode-mobile-mb-rl27-anillo-de-luz-led-de-26cm-10-ideal-como-l.jpg\",\"contentUrl\":\"https:\/\/curiosidadesedicas.com\/loja\/wp-content\/uploads\/2021\/03\/mb-rl27-anillo-de-luz-led-rgb-10-26-cm-con-soporte-para-movil-y-tripode-mobile-mb-rl27-anillo-de-luz-led-de-26cm-10-ideal-como-l.jpg\",\"width\":800,\"height\":800},{\"@type\":\"BreadcrumbList\",\"@id\":\"https:\/\/curiosidadesedicas.com\/loja\/produto\/candeeiro-estudio-dimavel-12w-rgb-26cm-10-c-tripe\/#breadcrumb\",\"itemListElement\":[{\"@type\":\"ListItem\",\"position\":1,\"name\":\"In\u00edcio\",\"item\":\"https:\/\/curiosidadesedicas.com\/loja\/\"},{\"@type\":\"ListItem\",\"position\":2,\"name\":\"Produtos\",\"item\":\"https:\/\/curiosidadesedicas.com\/loja\/produtos\/\"},{\"@type\":\"ListItem\",\"position\":3,\"name\":\"CANDEEIRO EST\u00daDIO DIM\u00c1VEL 12W RGB 26CM 10&#8243; C\/TRIP\u00c9\"}]},{\"@type\":\"WebSite\",\"@id\":\"https:\/\/curiosidadesedicas.com\/loja\/#website\",\"url\":\"https:\/\/curiosidadesedicas.com\/loja\/\",\"name\":\"Curiosidades &amp; Dicas, Lda\",\"description\":\"Apaixonados Por Inova\u00e7\u00e3o\",\"publisher\":{\"@id\":\"https:\/\/curiosidadesedicas.com\/loja\/#organization\"},\"potentialAction\":[{\"@type\":\"SearchAction\",\"target\":{\"@type\":\"EntryPoint\",\"urlTemplate\":\"https:\/\/curiosidadesedicas.com\/loja\/?s={search_term_string}\"},\"query-input\":{\"@type\":\"PropertyValueSpecification\",\"valueRequired\":true,\"valueName\":\"search_term_string\"}}],\"inLanguage\":\"en-US\"},{\"@type\":\"Organization\",\"@id\":\"https:\/\/curiosidadesedicas.com\/loja\/#organization\",\"name\":\"Curiosidades & Dicas\",\"url\":\"https:\/\/curiosidadesedicas.com\/loja\/\",\"logo\":{\"@type\":\"ImageObject\",\"inLanguage\":\"en-US\",\"@id\":\"https:\/\/curiosidadesedicas.com\/loja\/#\/schema\/logo\/image\/\",\"url\":\"https:\/\/curiosidadesedicas.com\/loja\/wp-content\/uploads\/2020\/05\/LogoCuriosidadesSimples.png\",\"contentUrl\":\"https:\/\/curiosidadesedicas.com\/loja\/wp-content\/uploads\/2020\/05\/LogoCuriosidadesSimples.png\",\"width\":3528,\"height\":804,\"caption\":\"Curiosidades & Dicas\"},\"image\":{\"@id\":\"https:\/\/curiosidadesedicas.com\/loja\/#\/schema\/logo\/image\/\"}}]}<\/script>\n<!-- \/ Yoast SEO plugin. -->","yoast_head_json":{"title":"CANDEEIRO EST\u00daDIO DIM\u00c1VEL 12W RGB 26CM 10\" C\/TRIP\u00c9 - Curiosidades &amp; Dicas, Lda","robots":{"index":"index","follow":"follow","max-snippet":"max-snippet:-1","max-image-preview":"max-image-preview:large","max-video-preview":"max-video-preview:-1"},"canonical":"https:\/\/curiosidadesedicas.com\/loja\/en\/product\/candeeiro-estudio-dimavel-12w-rgb-26cm-10-c-tripe\/","og_locale":"en_US","og_type":"article","og_title":"CANDEEIRO EST\u00daDIO DIM\u00c1VEL 12W RGB 26CM 10\" C\/TRIP\u00c9 - Curiosidades &amp; Dicas, Lda","og_description":"Ideal como candeeiro de secret\u00e1ria ou para as suas redes sociais. Melhore seus shows ao vivo, fotos e v\u00eddeos.   Material: ABS  Dimens\u00f5es: 25,3 * 27 cm, 10 \"  Pot\u00eancia: 12W  Tens\u00e3o: DC5V \/ 2A  N\u00famero de l\u00e2mpadas: 168  L\u00famens: 450  Temperatura de cor: 3000k - 6500k + RGB  Quadro de luz girat\u00f3rio 360\u00ba  Conex\u00e3o USB  V\u00e1rios modos, cor ajust\u00e1vel, luz est\u00e1tica ou din\u00e2mica  ACESS\u00d3RIOS:   Controle de fun\u00e7\u00e3o com fio  Suporte m\u00f3vel  Trip\u00e9 para anel de luz","og_url":"https:\/\/curiosidadesedicas.com\/loja\/en\/product\/candeeiro-estudio-dimavel-12w-rgb-26cm-10-c-tripe\/","og_site_name":"Curiosidades &amp; Dicas, Lda","article_modified_time":"2021-03-29T13:27:58+00:00","og_image":[{"width":800,"height":800,"url":"https:\/\/curiosidadesedicas.com\/loja\/wp-content\/uploads\/2021\/03\/mb-rl27-anillo-de-luz-led-rgb-10-26-cm-con-soporte-para-movil-y-tripode-mobile-mb-rl27-anillo-de-luz-led-de-26cm-10-ideal-como-l.jpg","type":"image\/jpeg"}],"twitter_card":"summary_large_image","twitter_misc":{"Est. reading time":"1 minute"},"schema":{"@context":"https:\/\/schema.org","@graph":[{"@type":"WebPage","@id":"https:\/\/curiosidadesedicas.com\/loja\/produto\/candeeiro-estudio-dimavel-12w-rgb-26cm-10-c-tripe\/","url":"https:\/\/curiosidadesedicas.com\/loja\/produto\/candeeiro-estudio-dimavel-12w-rgb-26cm-10-c-tripe\/","name":"CANDEEIRO EST\u00daDIO DIM\u00c1VEL 12W RGB 26CM 10\" C\/TRIP\u00c9 - Curiosidades &amp; Dicas, Lda","isPartOf":{"@id":"https:\/\/curiosidadesedicas.com\/loja\/#website"},"primaryImageOfPage":{"@id":"https:\/\/curiosidadesedicas.com\/loja\/produto\/candeeiro-estudio-dimavel-12w-rgb-26cm-10-c-tripe\/#primaryimage"},"image":{"@id":"https:\/\/curiosidadesedicas.com\/loja\/produto\/candeeiro-estudio-dimavel-12w-rgb-26cm-10-c-tripe\/#primaryimage"},"thumbnailUrl":"https:\/\/curiosidadesedicas.com\/loja\/wp-content\/uploads\/2021\/03\/mb-rl27-anillo-de-luz-led-rgb-10-26-cm-con-soporte-para-movil-y-tripode-mobile-mb-rl27-anillo-de-luz-led-de-26cm-10-ideal-como-l.jpg","datePublished":"2021-03-29T13:05:22+00:00","dateModified":"2021-03-29T13:27:58+00:00","breadcrumb":{"@id":"https:\/\/curiosidadesedicas.com\/loja\/produto\/candeeiro-estudio-dimavel-12w-rgb-26cm-10-c-tripe\/#breadcrumb"},"inLanguage":"en-US","potentialAction":[{"@type":"ReadAction","target":["https:\/\/curiosidadesedicas.com\/loja\/produto\/candeeiro-estudio-dimavel-12w-rgb-26cm-10-c-tripe\/"]}]},{"@type":"ImageObject","inLanguage":"en-US","@id":"https:\/\/curiosidadesedicas.com\/loja\/produto\/candeeiro-estudio-dimavel-12w-rgb-26cm-10-c-tripe\/#primaryimage","url":"https:\/\/curiosidadesedicas.com\/loja\/wp-content\/uploads\/2021\/03\/mb-rl27-anillo-de-luz-led-rgb-10-26-cm-con-soporte-para-movil-y-tripode-mobile-mb-rl27-anillo-de-luz-led-de-26cm-10-ideal-como-l.jpg","contentUrl":"https:\/\/curiosidadesedicas.com\/loja\/wp-content\/uploads\/2021\/03\/mb-rl27-anillo-de-luz-led-rgb-10-26-cm-con-soporte-para-movil-y-tripode-mobile-mb-rl27-anillo-de-luz-led-de-26cm-10-ideal-como-l.jpg","width":800,"height":800},{"@type":"BreadcrumbList","@id":"https:\/\/curiosidadesedicas.com\/loja\/produto\/candeeiro-estudio-dimavel-12w-rgb-26cm-10-c-tripe\/#breadcrumb","itemListElement":[{"@type":"ListItem","position":1,"name":"In\u00edcio","item":"https:\/\/curiosidadesedicas.com\/loja\/"},{"@type":"ListItem","position":2,"name":"Produtos","item":"https:\/\/curiosidadesedicas.com\/loja\/produtos\/"},{"@type":"ListItem","position":3,"name":"CANDEEIRO EST\u00daDIO DIM\u00c1VEL 12W RGB 26CM 10&#8243; C\/TRIP\u00c9"}]},{"@type":"WebSite","@id":"https:\/\/curiosidadesedicas.com\/loja\/#website","url":"https:\/\/curiosidadesedicas.com\/loja\/","name":"Curiosidades &amp; Dicas, Lda","description":"Apaixonados Por Inova\u00e7\u00e3o","publisher":{"@id":"https:\/\/curiosidadesedicas.com\/loja\/#organization"},"potentialAction":[{"@type":"SearchAction","target":{"@type":"EntryPoint","urlTemplate":"https:\/\/curiosidadesedicas.com\/loja\/?s={search_term_string}"},"query-input":{"@type":"PropertyValueSpecification","valueRequired":true,"valueName":"search_term_string"}}],"inLanguage":"en-US"},{"@type":"Organization","@id":"https:\/\/curiosidadesedicas.com\/loja\/#organization","name":"Curiosidades & Dicas","url":"https:\/\/curiosidadesedicas.com\/loja\/","logo":{"@type":"ImageObject","inLanguage":"en-US","@id":"https:\/\/curiosidadesedicas.com\/loja\/#\/schema\/logo\/image\/","url":"https:\/\/curiosidadesedicas.com\/loja\/wp-content\/uploads\/2020\/05\/LogoCuriosidadesSimples.png","contentUrl":"https:\/\/curiosidadesedicas.com\/loja\/wp-content\/uploads\/2020\/05\/LogoCuriosidadesSimples.png","width":3528,"height":804,"caption":"Curiosidades & Dicas"},"image":{"@id":"https:\/\/curiosidadesedicas.com\/loja\/#\/schema\/logo\/image\/"}}]}},"_links":{"self":[{"href":"https:\/\/curiosidadesedicas.com\/loja\/en\/wp-json\/wp\/v2\/product\/20974","targetHints":{"allow":["GET"]}}],"collection":[{"href":"https:\/\/curiosidadesedicas.com\/loja\/en\/wp-json\/wp\/v2\/product"}],"about":[{"href":"https:\/\/curiosidadesedicas.com\/loja\/en\/wp-json\/wp\/v2\/types\/product"}],"replies":[{"embeddable":true,"href":"https:\/\/curiosidadesedicas.com\/loja\/en\/wp-json\/wp\/v2\/comments?post=20974"}],"wp:featuredmedia":[{"embeddable":true,"href":"https:\/\/curiosidadesedicas.com\/loja\/en\/wp-json\/wp\/v2\/media\/20990"}],"wp:attachment":[{"href":"https:\/\/curiosidadesedicas.com\/loja\/en\/wp-json\/wp\/v2\/media?parent=20974"}],"wp:term":[{"taxonomy":"product_brand","embeddable":true,"href":"https:\/\/curiosidadesedicas.com\/loja\/en\/wp-json\/wp\/v2\/product_brand?post=20974"},{"taxonomy":"product_cat","embeddable":true,"href":"https:\/\/curiosidadesedicas.com\/loja\/en\/wp-json\/wp\/v2\/product_cat?post=20974"},{"taxonomy":"product_tag","embeddable":true,"href":"https:\/\/curiosidadesedicas.com\/loja\/en\/wp-json\/wp\/v2\/product_tag?post=20974"}],"curies":[{"name":"wp","href":"https:\/\/api.w.org\/{rel}","templated":true}]}}