{"id":19680,"date":"2020-11-24T15:35:52","date_gmt":"2020-11-24T15:35:52","guid":{"rendered":"https:\/\/curiosidadesedicas.com\/loja\/?post_type=product&#038;p=19680"},"modified":"2021-11-11T13:36:01","modified_gmt":"2021-11-11T13:36:01","slug":"grinalda-led-estalactite","status":"publish","type":"product","link":"https:\/\/curiosidadesedicas.com\/loja\/en\/product\/grinalda-led-estalactite\/","title":{"rendered":"GRINALDA LED ESTALACTITE"},"content":{"rendered":"<p>A grinalda com forma de estalactite, e com sua fun\u00e7\u00e3o de efeito de congela\u00e7\u00e3o s\u00e3o ideias para criar um ambiente diferente e especial.<\/p>\n<p>&nbsp;<\/p>\n<p>&nbsp;<\/p>","protected":false},"excerpt":{"rendered":"<p>A grinalda com forma de estalactite, e com sua fun\u00e7\u00e3o de efeito de congela\u00e7\u00e3o s\u00e3o ideias para criar um ambiente diferente e especial.<\/p>\n<ul>\n<li>Medida: 2,5 m (2 x 18 cm &#8211; 2 x 28 cm &#8211; 2 x 42 cm)<\/li>\n<li>Prote\u00e7\u00e3o: IP44 (Interior &#8211; exterior)<\/li>\n<li>6 tiras<\/li>\n<li>Cor: Branco frio<\/li>\n<\/ul>","protected":false},"featured_media":19682,"comment_status":"open","ping_status":"closed","template":"","meta":{"_glsr_average":0,"_glsr_ranking":0,"_glsr_reviews":0},"product_brand":[],"product_cat":[345,348,399,454,447],"product_tag":[],"class_list":{"0":"post-19680","1":"product","2":"type-product","3":"status-publish","4":"has-post-thumbnail","6":"product_cat-gadgets-led","7":"product_cat-decoracao-led","8":"product_cat-luz-led","9":"product_cat-natal","10":"product_cat-grinaldas","12":"first","13":"instock","14":"taxable","15":"shipping-taxable","16":"purchasable","17":"product-type-simple"},"yoast_head":"<!-- This site is optimized with the Yoast SEO plugin v26.8 - https:\/\/yoast.com\/product\/yoast-seo-wordpress\/ -->\n<title>GRINALDA LED ESTALACTITE - Curiosidades &amp; Dicas, Lda<\/title>\n<meta name=\"robots\" content=\"index, follow, max-snippet:-1, max-image-preview:large, max-video-preview:-1\" \/>\n<link rel=\"canonical\" href=\"https:\/\/curiosidadesedicas.com\/loja\/en\/product\/grinalda-led-estalactite\/\" \/>\n<meta property=\"og:locale\" content=\"en_US\" \/>\n<meta property=\"og:type\" content=\"article\" \/>\n<meta property=\"og:title\" content=\"GRINALDA LED ESTALACTITE - Curiosidades &amp; Dicas, Lda\" \/>\n<meta property=\"og:description\" content=\"A grinalda com forma de estalactite, e com sua fun\u00e7\u00e3o de efeito de congela\u00e7\u00e3o s\u00e3o ideias para criar um ambiente diferente e especial.   Medida: 2,5 m (2 x 18 cm - 2 x 28 cm - 2 x 42 cm)  Prote\u00e7\u00e3o: IP44 (Interior - exterior)  6 tiras  Cor: Branco frio\" \/>\n<meta property=\"og:url\" content=\"https:\/\/curiosidadesedicas.com\/loja\/en\/product\/grinalda-led-estalactite\/\" \/>\n<meta property=\"og:site_name\" content=\"Curiosidades &amp; Dicas, Lda\" \/>\n<meta property=\"article:modified_time\" content=\"2021-11-11T13:36:01+00:00\" \/>\n<meta property=\"og:image\" content=\"https:\/\/curiosidadesedicas.com\/loja\/wp-content\/uploads\/2020\/11\/71163.png\" \/>\n\t<meta property=\"og:image:width\" content=\"731\" \/>\n\t<meta property=\"og:image:height\" content=\"511\" \/>\n\t<meta property=\"og:image:type\" content=\"image\/png\" \/>\n<meta name=\"twitter:card\" content=\"summary_large_image\" \/>\n<script type=\"application\/ld+json\" class=\"yoast-schema-graph\">{\"@context\":\"https:\/\/schema.org\",\"@graph\":[{\"@type\":\"WebPage\",\"@id\":\"https:\/\/curiosidadesedicas.com\/loja\/produto\/grinalda-led-estalactite\/\",\"url\":\"https:\/\/curiosidadesedicas.com\/loja\/produto\/grinalda-led-estalactite\/\",\"name\":\"GRINALDA LED ESTALACTITE - Curiosidades &amp; Dicas, Lda\",\"isPartOf\":{\"@id\":\"https:\/\/curiosidadesedicas.com\/loja\/#website\"},\"primaryImageOfPage\":{\"@id\":\"https:\/\/curiosidadesedicas.com\/loja\/produto\/grinalda-led-estalactite\/#primaryimage\"},\"image\":{\"@id\":\"https:\/\/curiosidadesedicas.com\/loja\/produto\/grinalda-led-estalactite\/#primaryimage\"},\"thumbnailUrl\":\"https:\/\/curiosidadesedicas.com\/loja\/wp-content\/uploads\/2020\/11\/71163.png\",\"datePublished\":\"2020-11-24T15:35:52+00:00\",\"dateModified\":\"2021-11-11T13:36:01+00:00\",\"breadcrumb\":{\"@id\":\"https:\/\/curiosidadesedicas.com\/loja\/produto\/grinalda-led-estalactite\/#breadcrumb\"},\"inLanguage\":\"en-US\",\"potentialAction\":[{\"@type\":\"ReadAction\",\"target\":[\"https:\/\/curiosidadesedicas.com\/loja\/produto\/grinalda-led-estalactite\/\"]}]},{\"@type\":\"ImageObject\",\"inLanguage\":\"en-US\",\"@id\":\"https:\/\/curiosidadesedicas.com\/loja\/produto\/grinalda-led-estalactite\/#primaryimage\",\"url\":\"https:\/\/curiosidadesedicas.com\/loja\/wp-content\/uploads\/2020\/11\/71163.png\",\"contentUrl\":\"https:\/\/curiosidadesedicas.com\/loja\/wp-content\/uploads\/2020\/11\/71163.png\",\"width\":731,\"height\":511},{\"@type\":\"BreadcrumbList\",\"@id\":\"https:\/\/curiosidadesedicas.com\/loja\/produto\/grinalda-led-estalactite\/#breadcrumb\",\"itemListElement\":[{\"@type\":\"ListItem\",\"position\":1,\"name\":\"In\u00edcio\",\"item\":\"https:\/\/curiosidadesedicas.com\/loja\/\"},{\"@type\":\"ListItem\",\"position\":2,\"name\":\"Produtos\",\"item\":\"https:\/\/curiosidadesedicas.com\/loja\/produtos\/\"},{\"@type\":\"ListItem\",\"position\":3,\"name\":\"GRINALDA LED ESTALACTITE\"}]},{\"@type\":\"WebSite\",\"@id\":\"https:\/\/curiosidadesedicas.com\/loja\/#website\",\"url\":\"https:\/\/curiosidadesedicas.com\/loja\/\",\"name\":\"Curiosidades &amp; Dicas, Lda\",\"description\":\"Apaixonados Por Inova\u00e7\u00e3o\",\"publisher\":{\"@id\":\"https:\/\/curiosidadesedicas.com\/loja\/#organization\"},\"potentialAction\":[{\"@type\":\"SearchAction\",\"target\":{\"@type\":\"EntryPoint\",\"urlTemplate\":\"https:\/\/curiosidadesedicas.com\/loja\/?s={search_term_string}\"},\"query-input\":{\"@type\":\"PropertyValueSpecification\",\"valueRequired\":true,\"valueName\":\"search_term_string\"}}],\"inLanguage\":\"en-US\"},{\"@type\":\"Organization\",\"@id\":\"https:\/\/curiosidadesedicas.com\/loja\/#organization\",\"name\":\"Curiosidades & Dicas\",\"url\":\"https:\/\/curiosidadesedicas.com\/loja\/\",\"logo\":{\"@type\":\"ImageObject\",\"inLanguage\":\"en-US\",\"@id\":\"https:\/\/curiosidadesedicas.com\/loja\/#\/schema\/logo\/image\/\",\"url\":\"https:\/\/curiosidadesedicas.com\/loja\/wp-content\/uploads\/2020\/05\/LogoCuriosidadesSimples.png\",\"contentUrl\":\"https:\/\/curiosidadesedicas.com\/loja\/wp-content\/uploads\/2020\/05\/LogoCuriosidadesSimples.png\",\"width\":3528,\"height\":804,\"caption\":\"Curiosidades & Dicas\"},\"image\":{\"@id\":\"https:\/\/curiosidadesedicas.com\/loja\/#\/schema\/logo\/image\/\"}}]}<\/script>\n<!-- \/ Yoast SEO plugin. -->","yoast_head_json":{"title":"GRINALDA LED ESTALACTITE - Curiosidades &amp; Dicas, Lda","robots":{"index":"index","follow":"follow","max-snippet":"max-snippet:-1","max-image-preview":"max-image-preview:large","max-video-preview":"max-video-preview:-1"},"canonical":"https:\/\/curiosidadesedicas.com\/loja\/en\/product\/grinalda-led-estalactite\/","og_locale":"en_US","og_type":"article","og_title":"GRINALDA LED ESTALACTITE - Curiosidades &amp; Dicas, Lda","og_description":"A grinalda com forma de estalactite, e com sua fun\u00e7\u00e3o de efeito de congela\u00e7\u00e3o s\u00e3o ideias para criar um ambiente diferente e especial.   Medida: 2,5 m (2 x 18 cm - 2 x 28 cm - 2 x 42 cm)  Prote\u00e7\u00e3o: IP44 (Interior - exterior)  6 tiras  Cor: Branco frio","og_url":"https:\/\/curiosidadesedicas.com\/loja\/en\/product\/grinalda-led-estalactite\/","og_site_name":"Curiosidades &amp; Dicas, Lda","article_modified_time":"2021-11-11T13:36:01+00:00","og_image":[{"width":731,"height":511,"url":"https:\/\/curiosidadesedicas.com\/loja\/wp-content\/uploads\/2020\/11\/71163.png","type":"image\/png"}],"twitter_card":"summary_large_image","schema":{"@context":"https:\/\/schema.org","@graph":[{"@type":"WebPage","@id":"https:\/\/curiosidadesedicas.com\/loja\/produto\/grinalda-led-estalactite\/","url":"https:\/\/curiosidadesedicas.com\/loja\/produto\/grinalda-led-estalactite\/","name":"GRINALDA LED ESTALACTITE - Curiosidades &amp; Dicas, Lda","isPartOf":{"@id":"https:\/\/curiosidadesedicas.com\/loja\/#website"},"primaryImageOfPage":{"@id":"https:\/\/curiosidadesedicas.com\/loja\/produto\/grinalda-led-estalactite\/#primaryimage"},"image":{"@id":"https:\/\/curiosidadesedicas.com\/loja\/produto\/grinalda-led-estalactite\/#primaryimage"},"thumbnailUrl":"https:\/\/curiosidadesedicas.com\/loja\/wp-content\/uploads\/2020\/11\/71163.png","datePublished":"2020-11-24T15:35:52+00:00","dateModified":"2021-11-11T13:36:01+00:00","breadcrumb":{"@id":"https:\/\/curiosidadesedicas.com\/loja\/produto\/grinalda-led-estalactite\/#breadcrumb"},"inLanguage":"en-US","potentialAction":[{"@type":"ReadAction","target":["https:\/\/curiosidadesedicas.com\/loja\/produto\/grinalda-led-estalactite\/"]}]},{"@type":"ImageObject","inLanguage":"en-US","@id":"https:\/\/curiosidadesedicas.com\/loja\/produto\/grinalda-led-estalactite\/#primaryimage","url":"https:\/\/curiosidadesedicas.com\/loja\/wp-content\/uploads\/2020\/11\/71163.png","contentUrl":"https:\/\/curiosidadesedicas.com\/loja\/wp-content\/uploads\/2020\/11\/71163.png","width":731,"height":511},{"@type":"BreadcrumbList","@id":"https:\/\/curiosidadesedicas.com\/loja\/produto\/grinalda-led-estalactite\/#breadcrumb","itemListElement":[{"@type":"ListItem","position":1,"name":"In\u00edcio","item":"https:\/\/curiosidadesedicas.com\/loja\/"},{"@type":"ListItem","position":2,"name":"Produtos","item":"https:\/\/curiosidadesedicas.com\/loja\/produtos\/"},{"@type":"ListItem","position":3,"name":"GRINALDA LED ESTALACTITE"}]},{"@type":"WebSite","@id":"https:\/\/curiosidadesedicas.com\/loja\/#website","url":"https:\/\/curiosidadesedicas.com\/loja\/","name":"Curiosidades &amp; Dicas, Lda","description":"Apaixonados Por Inova\u00e7\u00e3o","publisher":{"@id":"https:\/\/curiosidadesedicas.com\/loja\/#organization"},"potentialAction":[{"@type":"SearchAction","target":{"@type":"EntryPoint","urlTemplate":"https:\/\/curiosidadesedicas.com\/loja\/?s={search_term_string}"},"query-input":{"@type":"PropertyValueSpecification","valueRequired":true,"valueName":"search_term_string"}}],"inLanguage":"en-US"},{"@type":"Organization","@id":"https:\/\/curiosidadesedicas.com\/loja\/#organization","name":"Curiosidades & Dicas","url":"https:\/\/curiosidadesedicas.com\/loja\/","logo":{"@type":"ImageObject","inLanguage":"en-US","@id":"https:\/\/curiosidadesedicas.com\/loja\/#\/schema\/logo\/image\/","url":"https:\/\/curiosidadesedicas.com\/loja\/wp-content\/uploads\/2020\/05\/LogoCuriosidadesSimples.png","contentUrl":"https:\/\/curiosidadesedicas.com\/loja\/wp-content\/uploads\/2020\/05\/LogoCuriosidadesSimples.png","width":3528,"height":804,"caption":"Curiosidades & Dicas"},"image":{"@id":"https:\/\/curiosidadesedicas.com\/loja\/#\/schema\/logo\/image\/"}}]}},"_links":{"self":[{"href":"https:\/\/curiosidadesedicas.com\/loja\/en\/wp-json\/wp\/v2\/product\/19680","targetHints":{"allow":["GET"]}}],"collection":[{"href":"https:\/\/curiosidadesedicas.com\/loja\/en\/wp-json\/wp\/v2\/product"}],"about":[{"href":"https:\/\/curiosidadesedicas.com\/loja\/en\/wp-json\/wp\/v2\/types\/product"}],"replies":[{"embeddable":true,"href":"https:\/\/curiosidadesedicas.com\/loja\/en\/wp-json\/wp\/v2\/comments?post=19680"}],"wp:featuredmedia":[{"embeddable":true,"href":"https:\/\/curiosidadesedicas.com\/loja\/en\/wp-json\/wp\/v2\/media\/19682"}],"wp:attachment":[{"href":"https:\/\/curiosidadesedicas.com\/loja\/en\/wp-json\/wp\/v2\/media?parent=19680"}],"wp:term":[{"taxonomy":"product_brand","embeddable":true,"href":"https:\/\/curiosidadesedicas.com\/loja\/en\/wp-json\/wp\/v2\/product_brand?post=19680"},{"taxonomy":"product_cat","embeddable":true,"href":"https:\/\/curiosidadesedicas.com\/loja\/en\/wp-json\/wp\/v2\/product_cat?post=19680"},{"taxonomy":"product_tag","embeddable":true,"href":"https:\/\/curiosidadesedicas.com\/loja\/en\/wp-json\/wp\/v2\/product_tag?post=19680"}],"curies":[{"name":"wp","href":"https:\/\/api.w.org\/{rel}","templated":true}]}}