{"id":18923,"date":"2020-11-11T12:07:20","date_gmt":"2020-11-11T12:07:20","guid":{"rendered":"https:\/\/curiosidadesedicas.com\/loja\/?post_type=product&#038;p=18923"},"modified":"2025-03-14T15:42:55","modified_gmt":"2025-03-14T15:42:55","slug":"garrafa-c-deposito-de-agua-e-comida-para-animais-2-em-1","status":"publish","type":"product","link":"https:\/\/curiosidadesedicas.com\/loja\/en\/product\/garrafa-c-deposito-de-agua-e-comida-para-animais-2-em-1\/","title":{"rendered":"GARRAFA C\/DEP\u00d3SITO DE \u00c1GUA E COMIDA PARA ANIMAIS 2 EM 1"},"content":{"rendered":"<p><strong>Garrafa com dep\u00f3sito de \u00e1gua e comida para animais de estima\u00e7\u00e3o 2 EM 1<\/strong>, um recipiente original e pr\u00e1tico para \u00e1gua e comida em forma de garrafa, muito \u00fatil para dar \u00e1gua e comida aos animais de estima\u00e7\u00e3o facilmente em qualquer altura e local. O seu interior est\u00e1 dividido em duas partes separadas, uma para \u00e1gua e a outra para alimentos. Al\u00e9m disso, as duas tampas s\u00e3o utilizadas como tigelas para servir \u00e1gua e comida ao animal. Pode ser facilmente desmontado e limpo e a sua veda\u00e7\u00e3o de silicone evita fugas e derrames. Gra\u00e7as ao seu design port\u00e1til inovador com um cord\u00e3o pendurado, pode ser transportado confortavelmente numa mochila, saco ou no pulso durante caminhadas, passeios, viagens.<\/p>","protected":false},"excerpt":{"rendered":"<ul>\n<li>Material: PP<\/li>\n<li>Livre de BPA<\/li>\n<li>Design original e port\u00e1til<\/li>\n<li>Dep\u00f3sito de \u00e1gua: 300 ml<\/li>\n<li>Dep\u00f3sito de comida: 200 ml<\/li>\n<li>Tampa-bebedouro<\/li>\n<li>Tampa-comedouro<\/li>\n<li>Selagem de silicone anti-vazamento<\/li>\n<li>Cord\u00e3o para pendurar<\/li>\n<li>F\u00e1cil de transportar e de guardar<\/li>\n<li>Leve e male\u00e1vel<\/li>\n<li>Utiliza\u00e7\u00e3o c\u00f3moda e simples<\/li>\n<li>F\u00e1cil de desmontar e limpar<\/li>\n<li>Ideal para passeios, excurs\u00f5es, viagens<\/li>\n<li>Medidas aprox.: 8,5 x 20,8 x 8,5 cm<\/li>\n<\/ul>\n<p>&nbsp;<\/p>","protected":false},"featured_media":18935,"comment_status":"open","ping_status":"closed","template":"","meta":{"_glsr_average":0,"_glsr_ranking":0,"_glsr_reviews":0},"product_brand":[],"product_cat":[350,354],"product_tag":[],"class_list":{"0":"post-18923","1":"product","2":"type-product","3":"status-publish","4":"has-post-thumbnail","6":"product_cat-gadgets","7":"product_cat-p-animais","9":"first","10":"instock","11":"taxable","12":"shipping-taxable","13":"purchasable","14":"product-type-simple"},"yoast_head":"<!-- This site is optimized with the Yoast SEO plugin v26.8 - https:\/\/yoast.com\/product\/yoast-seo-wordpress\/ -->\n<title>GARRAFA C\/DEP\u00d3SITO DE \u00c1GUA E COMIDA PARA ANIMAIS 2 EM 1 - Curiosidades &amp; Dicas, Lda<\/title>\n<meta name=\"robots\" content=\"index, follow, max-snippet:-1, max-image-preview:large, max-video-preview:-1\" \/>\n<link rel=\"canonical\" href=\"https:\/\/curiosidadesedicas.com\/loja\/en\/product\/garrafa-c-deposito-de-agua-e-comida-para-animais-2-em-1\/\" \/>\n<meta property=\"og:locale\" content=\"en_US\" \/>\n<meta property=\"og:type\" content=\"article\" \/>\n<meta property=\"og:title\" content=\"GARRAFA C\/DEP\u00d3SITO DE \u00c1GUA E COMIDA PARA ANIMAIS 2 EM 1 - Curiosidades &amp; Dicas, Lda\" \/>\n<meta property=\"og:description\" content=\"Material: PP  Livre de BPA  Design original e port\u00e1til  Dep\u00f3sito de \u00e1gua: 300 ml  Dep\u00f3sito de comida: 200 ml  Tampa-bebedouro  Tampa-comedouro  Selagem de silicone anti-vazamento  Cord\u00e3o para pendurar  F\u00e1cil de transportar e de guardar  Leve e male\u00e1vel  Utiliza\u00e7\u00e3o c\u00f3moda e simples  F\u00e1cil de desmontar e limpar  Ideal para passeios, excurs\u00f5es, viagens  Medidas aprox.: 8,5 x 20,8 x 8,5 cm  &nbsp;\" \/>\n<meta property=\"og:url\" content=\"https:\/\/curiosidadesedicas.com\/loja\/en\/product\/garrafa-c-deposito-de-agua-e-comida-para-animais-2-em-1\/\" \/>\n<meta property=\"og:site_name\" content=\"Curiosidades &amp; Dicas, Lda\" \/>\n<meta property=\"article:modified_time\" content=\"2025-03-14T15:42:55+00:00\" \/>\n<meta property=\"og:image\" content=\"https:\/\/curiosidadesedicas.com\/loja\/wp-content\/uploads\/2020\/11\/garrafa-com-deposito-de-agua-e-comida-para-animais-de-estimac-o-2-em-1-pettap-innovagoods_135351.jpg\" \/>\n\t<meta property=\"og:image:width\" content=\"600\" \/>\n\t<meta property=\"og:image:height\" content=\"600\" \/>\n\t<meta property=\"og:image:type\" content=\"image\/jpeg\" \/>\n<meta name=\"twitter:card\" content=\"summary_large_image\" \/>\n<meta name=\"twitter:label1\" content=\"Est. reading time\" \/>\n\t<meta name=\"twitter:data1\" content=\"1 minute\" \/>\n<script type=\"application\/ld+json\" class=\"yoast-schema-graph\">{\"@context\":\"https:\/\/schema.org\",\"@graph\":[{\"@type\":\"WebPage\",\"@id\":\"https:\/\/curiosidadesedicas.com\/loja\/produto\/garrafa-c-deposito-de-agua-e-comida-para-animais-2-em-1\/\",\"url\":\"https:\/\/curiosidadesedicas.com\/loja\/produto\/garrafa-c-deposito-de-agua-e-comida-para-animais-2-em-1\/\",\"name\":\"GARRAFA C\/DEP\u00d3SITO DE \u00c1GUA E COMIDA PARA ANIMAIS 2 EM 1 - Curiosidades &amp; Dicas, Lda\",\"isPartOf\":{\"@id\":\"https:\/\/curiosidadesedicas.com\/loja\/#website\"},\"primaryImageOfPage\":{\"@id\":\"https:\/\/curiosidadesedicas.com\/loja\/produto\/garrafa-c-deposito-de-agua-e-comida-para-animais-2-em-1\/#primaryimage\"},\"image\":{\"@id\":\"https:\/\/curiosidadesedicas.com\/loja\/produto\/garrafa-c-deposito-de-agua-e-comida-para-animais-2-em-1\/#primaryimage\"},\"thumbnailUrl\":\"https:\/\/curiosidadesedicas.com\/loja\/wp-content\/uploads\/2020\/11\/garrafa-com-deposito-de-agua-e-comida-para-animais-de-estimac-o-2-em-1-pettap-innovagoods_135351.jpg\",\"datePublished\":\"2020-11-11T12:07:20+00:00\",\"dateModified\":\"2025-03-14T15:42:55+00:00\",\"breadcrumb\":{\"@id\":\"https:\/\/curiosidadesedicas.com\/loja\/produto\/garrafa-c-deposito-de-agua-e-comida-para-animais-2-em-1\/#breadcrumb\"},\"inLanguage\":\"en-US\",\"potentialAction\":[{\"@type\":\"ReadAction\",\"target\":[\"https:\/\/curiosidadesedicas.com\/loja\/produto\/garrafa-c-deposito-de-agua-e-comida-para-animais-2-em-1\/\"]}]},{\"@type\":\"ImageObject\",\"inLanguage\":\"en-US\",\"@id\":\"https:\/\/curiosidadesedicas.com\/loja\/produto\/garrafa-c-deposito-de-agua-e-comida-para-animais-2-em-1\/#primaryimage\",\"url\":\"https:\/\/curiosidadesedicas.com\/loja\/wp-content\/uploads\/2020\/11\/garrafa-com-deposito-de-agua-e-comida-para-animais-de-estimac-o-2-em-1-pettap-innovagoods_135351.jpg\",\"contentUrl\":\"https:\/\/curiosidadesedicas.com\/loja\/wp-content\/uploads\/2020\/11\/garrafa-com-deposito-de-agua-e-comida-para-animais-de-estimac-o-2-em-1-pettap-innovagoods_135351.jpg\",\"width\":600,\"height\":600},{\"@type\":\"BreadcrumbList\",\"@id\":\"https:\/\/curiosidadesedicas.com\/loja\/produto\/garrafa-c-deposito-de-agua-e-comida-para-animais-2-em-1\/#breadcrumb\",\"itemListElement\":[{\"@type\":\"ListItem\",\"position\":1,\"name\":\"In\u00edcio\",\"item\":\"https:\/\/curiosidadesedicas.com\/loja\/\"},{\"@type\":\"ListItem\",\"position\":2,\"name\":\"Produtos\",\"item\":\"https:\/\/curiosidadesedicas.com\/loja\/produtos\/\"},{\"@type\":\"ListItem\",\"position\":3,\"name\":\"GARRAFA C\/DEP\u00d3SITO DE \u00c1GUA E COMIDA PARA ANIMAIS 2 EM 1\"}]},{\"@type\":\"WebSite\",\"@id\":\"https:\/\/curiosidadesedicas.com\/loja\/#website\",\"url\":\"https:\/\/curiosidadesedicas.com\/loja\/\",\"name\":\"Curiosidades &amp; Dicas, Lda\",\"description\":\"Apaixonados Por Inova\u00e7\u00e3o\",\"publisher\":{\"@id\":\"https:\/\/curiosidadesedicas.com\/loja\/#organization\"},\"potentialAction\":[{\"@type\":\"SearchAction\",\"target\":{\"@type\":\"EntryPoint\",\"urlTemplate\":\"https:\/\/curiosidadesedicas.com\/loja\/?s={search_term_string}\"},\"query-input\":{\"@type\":\"PropertyValueSpecification\",\"valueRequired\":true,\"valueName\":\"search_term_string\"}}],\"inLanguage\":\"en-US\"},{\"@type\":\"Organization\",\"@id\":\"https:\/\/curiosidadesedicas.com\/loja\/#organization\",\"name\":\"Curiosidades & Dicas\",\"url\":\"https:\/\/curiosidadesedicas.com\/loja\/\",\"logo\":{\"@type\":\"ImageObject\",\"inLanguage\":\"en-US\",\"@id\":\"https:\/\/curiosidadesedicas.com\/loja\/#\/schema\/logo\/image\/\",\"url\":\"https:\/\/curiosidadesedicas.com\/loja\/wp-content\/uploads\/2020\/05\/LogoCuriosidadesSimples.png\",\"contentUrl\":\"https:\/\/curiosidadesedicas.com\/loja\/wp-content\/uploads\/2020\/05\/LogoCuriosidadesSimples.png\",\"width\":3528,\"height\":804,\"caption\":\"Curiosidades & Dicas\"},\"image\":{\"@id\":\"https:\/\/curiosidadesedicas.com\/loja\/#\/schema\/logo\/image\/\"}}]}<\/script>\n<!-- \/ Yoast SEO plugin. -->","yoast_head_json":{"title":"GARRAFA C\/DEP\u00d3SITO DE \u00c1GUA E COMIDA PARA ANIMAIS 2 EM 1 - Curiosidades &amp; Dicas, Lda","robots":{"index":"index","follow":"follow","max-snippet":"max-snippet:-1","max-image-preview":"max-image-preview:large","max-video-preview":"max-video-preview:-1"},"canonical":"https:\/\/curiosidadesedicas.com\/loja\/en\/product\/garrafa-c-deposito-de-agua-e-comida-para-animais-2-em-1\/","og_locale":"en_US","og_type":"article","og_title":"GARRAFA C\/DEP\u00d3SITO DE \u00c1GUA E COMIDA PARA ANIMAIS 2 EM 1 - Curiosidades &amp; Dicas, Lda","og_description":"Material: PP  Livre de BPA  Design original e port\u00e1til  Dep\u00f3sito de \u00e1gua: 300 ml  Dep\u00f3sito de comida: 200 ml  Tampa-bebedouro  Tampa-comedouro  Selagem de silicone anti-vazamento  Cord\u00e3o para pendurar  F\u00e1cil de transportar e de guardar  Leve e male\u00e1vel  Utiliza\u00e7\u00e3o c\u00f3moda e simples  F\u00e1cil de desmontar e limpar  Ideal para passeios, excurs\u00f5es, viagens  Medidas aprox.: 8,5 x 20,8 x 8,5 cm  &nbsp;","og_url":"https:\/\/curiosidadesedicas.com\/loja\/en\/product\/garrafa-c-deposito-de-agua-e-comida-para-animais-2-em-1\/","og_site_name":"Curiosidades &amp; Dicas, Lda","article_modified_time":"2025-03-14T15:42:55+00:00","og_image":[{"width":600,"height":600,"url":"https:\/\/curiosidadesedicas.com\/loja\/wp-content\/uploads\/2020\/11\/garrafa-com-deposito-de-agua-e-comida-para-animais-de-estimac-o-2-em-1-pettap-innovagoods_135351.jpg","type":"image\/jpeg"}],"twitter_card":"summary_large_image","twitter_misc":{"Est. reading time":"1 minute"},"schema":{"@context":"https:\/\/schema.org","@graph":[{"@type":"WebPage","@id":"https:\/\/curiosidadesedicas.com\/loja\/produto\/garrafa-c-deposito-de-agua-e-comida-para-animais-2-em-1\/","url":"https:\/\/curiosidadesedicas.com\/loja\/produto\/garrafa-c-deposito-de-agua-e-comida-para-animais-2-em-1\/","name":"GARRAFA C\/DEP\u00d3SITO DE \u00c1GUA E COMIDA PARA ANIMAIS 2 EM 1 - Curiosidades &amp; Dicas, Lda","isPartOf":{"@id":"https:\/\/curiosidadesedicas.com\/loja\/#website"},"primaryImageOfPage":{"@id":"https:\/\/curiosidadesedicas.com\/loja\/produto\/garrafa-c-deposito-de-agua-e-comida-para-animais-2-em-1\/#primaryimage"},"image":{"@id":"https:\/\/curiosidadesedicas.com\/loja\/produto\/garrafa-c-deposito-de-agua-e-comida-para-animais-2-em-1\/#primaryimage"},"thumbnailUrl":"https:\/\/curiosidadesedicas.com\/loja\/wp-content\/uploads\/2020\/11\/garrafa-com-deposito-de-agua-e-comida-para-animais-de-estimac-o-2-em-1-pettap-innovagoods_135351.jpg","datePublished":"2020-11-11T12:07:20+00:00","dateModified":"2025-03-14T15:42:55+00:00","breadcrumb":{"@id":"https:\/\/curiosidadesedicas.com\/loja\/produto\/garrafa-c-deposito-de-agua-e-comida-para-animais-2-em-1\/#breadcrumb"},"inLanguage":"en-US","potentialAction":[{"@type":"ReadAction","target":["https:\/\/curiosidadesedicas.com\/loja\/produto\/garrafa-c-deposito-de-agua-e-comida-para-animais-2-em-1\/"]}]},{"@type":"ImageObject","inLanguage":"en-US","@id":"https:\/\/curiosidadesedicas.com\/loja\/produto\/garrafa-c-deposito-de-agua-e-comida-para-animais-2-em-1\/#primaryimage","url":"https:\/\/curiosidadesedicas.com\/loja\/wp-content\/uploads\/2020\/11\/garrafa-com-deposito-de-agua-e-comida-para-animais-de-estimac-o-2-em-1-pettap-innovagoods_135351.jpg","contentUrl":"https:\/\/curiosidadesedicas.com\/loja\/wp-content\/uploads\/2020\/11\/garrafa-com-deposito-de-agua-e-comida-para-animais-de-estimac-o-2-em-1-pettap-innovagoods_135351.jpg","width":600,"height":600},{"@type":"BreadcrumbList","@id":"https:\/\/curiosidadesedicas.com\/loja\/produto\/garrafa-c-deposito-de-agua-e-comida-para-animais-2-em-1\/#breadcrumb","itemListElement":[{"@type":"ListItem","position":1,"name":"In\u00edcio","item":"https:\/\/curiosidadesedicas.com\/loja\/"},{"@type":"ListItem","position":2,"name":"Produtos","item":"https:\/\/curiosidadesedicas.com\/loja\/produtos\/"},{"@type":"ListItem","position":3,"name":"GARRAFA C\/DEP\u00d3SITO DE \u00c1GUA E COMIDA PARA ANIMAIS 2 EM 1"}]},{"@type":"WebSite","@id":"https:\/\/curiosidadesedicas.com\/loja\/#website","url":"https:\/\/curiosidadesedicas.com\/loja\/","name":"Curiosidades &amp; Dicas, Lda","description":"Apaixonados Por Inova\u00e7\u00e3o","publisher":{"@id":"https:\/\/curiosidadesedicas.com\/loja\/#organization"},"potentialAction":[{"@type":"SearchAction","target":{"@type":"EntryPoint","urlTemplate":"https:\/\/curiosidadesedicas.com\/loja\/?s={search_term_string}"},"query-input":{"@type":"PropertyValueSpecification","valueRequired":true,"valueName":"search_term_string"}}],"inLanguage":"en-US"},{"@type":"Organization","@id":"https:\/\/curiosidadesedicas.com\/loja\/#organization","name":"Curiosidades & Dicas","url":"https:\/\/curiosidadesedicas.com\/loja\/","logo":{"@type":"ImageObject","inLanguage":"en-US","@id":"https:\/\/curiosidadesedicas.com\/loja\/#\/schema\/logo\/image\/","url":"https:\/\/curiosidadesedicas.com\/loja\/wp-content\/uploads\/2020\/05\/LogoCuriosidadesSimples.png","contentUrl":"https:\/\/curiosidadesedicas.com\/loja\/wp-content\/uploads\/2020\/05\/LogoCuriosidadesSimples.png","width":3528,"height":804,"caption":"Curiosidades & Dicas"},"image":{"@id":"https:\/\/curiosidadesedicas.com\/loja\/#\/schema\/logo\/image\/"}}]}},"_links":{"self":[{"href":"https:\/\/curiosidadesedicas.com\/loja\/en\/wp-json\/wp\/v2\/product\/18923","targetHints":{"allow":["GET"]}}],"collection":[{"href":"https:\/\/curiosidadesedicas.com\/loja\/en\/wp-json\/wp\/v2\/product"}],"about":[{"href":"https:\/\/curiosidadesedicas.com\/loja\/en\/wp-json\/wp\/v2\/types\/product"}],"replies":[{"embeddable":true,"href":"https:\/\/curiosidadesedicas.com\/loja\/en\/wp-json\/wp\/v2\/comments?post=18923"}],"wp:featuredmedia":[{"embeddable":true,"href":"https:\/\/curiosidadesedicas.com\/loja\/en\/wp-json\/wp\/v2\/media\/18935"}],"wp:attachment":[{"href":"https:\/\/curiosidadesedicas.com\/loja\/en\/wp-json\/wp\/v2\/media?parent=18923"}],"wp:term":[{"taxonomy":"product_brand","embeddable":true,"href":"https:\/\/curiosidadesedicas.com\/loja\/en\/wp-json\/wp\/v2\/product_brand?post=18923"},{"taxonomy":"product_cat","embeddable":true,"href":"https:\/\/curiosidadesedicas.com\/loja\/en\/wp-json\/wp\/v2\/product_cat?post=18923"},{"taxonomy":"product_tag","embeddable":true,"href":"https:\/\/curiosidadesedicas.com\/loja\/en\/wp-json\/wp\/v2\/product_tag?post=18923"}],"curies":[{"name":"wp","href":"https:\/\/api.w.org\/{rel}","templated":true}]}}