{"id":18537,"date":"2020-09-28T09:21:31","date_gmt":"2020-09-28T09:21:31","guid":{"rendered":"https:\/\/curiosidadesedicas.com\/loja\/?post_type=product&#038;p=18537"},"modified":"2025-03-14T15:44:36","modified_gmt":"2025-03-14T15:44:36","slug":"gorro-c-auscultadores-bluetooth","status":"publish","type":"product","link":"https:\/\/curiosidadesedicas.com\/loja\/en\/product\/gorro-c-auscultadores-bluetooth\/","title":{"rendered":"GORRO C\/ AUSCULTADORES BLUETOOTH"},"content":{"rendered":"<p>Proteja a cabe\u00e7a e as orelhas do frio ao ritmo da m\u00fasica com Gorro c\/ Auscultadores Bluetooth.<\/p>","protected":false},"excerpt":{"rendered":"<ul>\n<li>Traz auriculares e microfone incorporados<\/li>\n<li>Funciona por Bluetooth<\/li>\n<li>Compat\u00edvel com a maioria dos modelos de telem\u00f3vel<\/li>\n<li>Dist\u00e2ncia de transmiss\u00e3o: at\u00e9 10 metros<\/li>\n<li>Dist\u00e2ncia de capta\u00e7\u00e3o do microfone: at\u00e9 1 metro<\/li>\n<li>Tempo de carga: 2 horas<\/li>\n<li>Dura\u00e7\u00e3o da carga em stand by: at\u00e9 60 horas<\/li>\n<li>Dura\u00e7\u00e3o da carga em uso cont\u00ednuo: 3 horas e meia aproximadamente<\/li>\n<li>Acompanha cabo USB<\/li>\n<\/ul>","protected":false},"featured_media":18541,"comment_status":"open","ping_status":"closed","template":"","meta":{"_glsr_average":0,"_glsr_ranking":0,"_glsr_reviews":0},"product_brand":[],"product_cat":[368,480,350,352,376,426],"product_tag":[],"class_list":{"0":"post-18537","1":"product","2":"type-product","3":"status-publish","4":"has-post-thumbnail","6":"product_cat-aquecimento","7":"product_cat-pessoal","8":"product_cat-gadgets","9":"product_cat-p-telemoveis","10":"product_cat-som-e-imagem","11":"product_cat-auscultadores","13":"first","14":"instock","15":"taxable","16":"shipping-taxable","17":"purchasable","18":"product-type-variable"},"yoast_head":"<!-- This site is optimized with the Yoast SEO plugin v26.8 - https:\/\/yoast.com\/product\/yoast-seo-wordpress\/ -->\n<title>GORRO C\/ AUSCULTADORES BLUETOOTH - Curiosidades &amp; Dicas, Lda<\/title>\n<meta name=\"robots\" content=\"index, follow, max-snippet:-1, max-image-preview:large, max-video-preview:-1\" \/>\n<link rel=\"canonical\" href=\"https:\/\/curiosidadesedicas.com\/loja\/en\/product\/gorro-c-auscultadores-bluetooth\/\" \/>\n<meta property=\"og:locale\" content=\"en_US\" \/>\n<meta property=\"og:type\" content=\"article\" \/>\n<meta property=\"og:title\" content=\"GORRO C\/ AUSCULTADORES BLUETOOTH - Curiosidades &amp; Dicas, Lda\" \/>\n<meta property=\"og:description\" content=\"Traz auriculares e microfone incorporados  Funciona por Bluetooth  Compat\u00edvel com a maioria dos modelos de telem\u00f3vel  Dist\u00e2ncia de transmiss\u00e3o: at\u00e9 10 metros  Dist\u00e2ncia de capta\u00e7\u00e3o do microfone: at\u00e9 1 metro  Tempo de carga: 2 horas  Dura\u00e7\u00e3o da carga em stand by: at\u00e9 60 horas  Dura\u00e7\u00e3o da carga em uso cont\u00ednuo: 3 horas e meia aproximadamente  Acompanha cabo USB\" \/>\n<meta property=\"og:url\" content=\"https:\/\/curiosidadesedicas.com\/loja\/en\/product\/gorro-c-auscultadores-bluetooth\/\" \/>\n<meta property=\"og:site_name\" content=\"Curiosidades &amp; Dicas, Lda\" \/>\n<meta property=\"article:modified_time\" content=\"2025-03-14T15:44:36+00:00\" \/>\n<meta property=\"og:image\" content=\"https:\/\/curiosidadesedicas.com\/loja\/wp-content\/uploads\/2020\/09\/Screenshot-2020-09-28T101746.175.png\" \/>\n\t<meta property=\"og:image:width\" content=\"501\" \/>\n\t<meta property=\"og:image:height\" content=\"498\" \/>\n\t<meta property=\"og:image:type\" content=\"image\/png\" \/>\n<meta name=\"twitter:card\" content=\"summary_large_image\" \/>\n<script type=\"application\/ld+json\" class=\"yoast-schema-graph\">{\"@context\":\"https:\/\/schema.org\",\"@graph\":[{\"@type\":\"WebPage\",\"@id\":\"https:\/\/curiosidadesedicas.com\/loja\/produto\/gorro-c-auscultadores-bluetooth\/\",\"url\":\"https:\/\/curiosidadesedicas.com\/loja\/produto\/gorro-c-auscultadores-bluetooth\/\",\"name\":\"GORRO C\/ AUSCULTADORES BLUETOOTH - Curiosidades &amp; Dicas, Lda\",\"isPartOf\":{\"@id\":\"https:\/\/curiosidadesedicas.com\/loja\/#website\"},\"primaryImageOfPage\":{\"@id\":\"https:\/\/curiosidadesedicas.com\/loja\/produto\/gorro-c-auscultadores-bluetooth\/#primaryimage\"},\"image\":{\"@id\":\"https:\/\/curiosidadesedicas.com\/loja\/produto\/gorro-c-auscultadores-bluetooth\/#primaryimage\"},\"thumbnailUrl\":\"https:\/\/curiosidadesedicas.com\/loja\/wp-content\/uploads\/2020\/09\/Screenshot-2020-09-28T101746.175.png\",\"datePublished\":\"2020-09-28T09:21:31+00:00\",\"dateModified\":\"2025-03-14T15:44:36+00:00\",\"breadcrumb\":{\"@id\":\"https:\/\/curiosidadesedicas.com\/loja\/produto\/gorro-c-auscultadores-bluetooth\/#breadcrumb\"},\"inLanguage\":\"en-US\",\"potentialAction\":[{\"@type\":\"ReadAction\",\"target\":[\"https:\/\/curiosidadesedicas.com\/loja\/produto\/gorro-c-auscultadores-bluetooth\/\"]}]},{\"@type\":\"ImageObject\",\"inLanguage\":\"en-US\",\"@id\":\"https:\/\/curiosidadesedicas.com\/loja\/produto\/gorro-c-auscultadores-bluetooth\/#primaryimage\",\"url\":\"https:\/\/curiosidadesedicas.com\/loja\/wp-content\/uploads\/2020\/09\/Screenshot-2020-09-28T101746.175.png\",\"contentUrl\":\"https:\/\/curiosidadesedicas.com\/loja\/wp-content\/uploads\/2020\/09\/Screenshot-2020-09-28T101746.175.png\",\"width\":501,\"height\":498},{\"@type\":\"BreadcrumbList\",\"@id\":\"https:\/\/curiosidadesedicas.com\/loja\/produto\/gorro-c-auscultadores-bluetooth\/#breadcrumb\",\"itemListElement\":[{\"@type\":\"ListItem\",\"position\":1,\"name\":\"In\u00edcio\",\"item\":\"https:\/\/curiosidadesedicas.com\/loja\/\"},{\"@type\":\"ListItem\",\"position\":2,\"name\":\"Produtos\",\"item\":\"https:\/\/curiosidadesedicas.com\/loja\/produtos\/\"},{\"@type\":\"ListItem\",\"position\":3,\"name\":\"GORRO C\/ AUSCULTADORES BLUETOOTH\"}]},{\"@type\":\"WebSite\",\"@id\":\"https:\/\/curiosidadesedicas.com\/loja\/#website\",\"url\":\"https:\/\/curiosidadesedicas.com\/loja\/\",\"name\":\"Curiosidades &amp; Dicas, Lda\",\"description\":\"Apaixonados Por Inova\u00e7\u00e3o\",\"publisher\":{\"@id\":\"https:\/\/curiosidadesedicas.com\/loja\/#organization\"},\"potentialAction\":[{\"@type\":\"SearchAction\",\"target\":{\"@type\":\"EntryPoint\",\"urlTemplate\":\"https:\/\/curiosidadesedicas.com\/loja\/?s={search_term_string}\"},\"query-input\":{\"@type\":\"PropertyValueSpecification\",\"valueRequired\":true,\"valueName\":\"search_term_string\"}}],\"inLanguage\":\"en-US\"},{\"@type\":\"Organization\",\"@id\":\"https:\/\/curiosidadesedicas.com\/loja\/#organization\",\"name\":\"Curiosidades & Dicas\",\"url\":\"https:\/\/curiosidadesedicas.com\/loja\/\",\"logo\":{\"@type\":\"ImageObject\",\"inLanguage\":\"en-US\",\"@id\":\"https:\/\/curiosidadesedicas.com\/loja\/#\/schema\/logo\/image\/\",\"url\":\"https:\/\/curiosidadesedicas.com\/loja\/wp-content\/uploads\/2020\/05\/LogoCuriosidadesSimples.png\",\"contentUrl\":\"https:\/\/curiosidadesedicas.com\/loja\/wp-content\/uploads\/2020\/05\/LogoCuriosidadesSimples.png\",\"width\":3528,\"height\":804,\"caption\":\"Curiosidades & Dicas\"},\"image\":{\"@id\":\"https:\/\/curiosidadesedicas.com\/loja\/#\/schema\/logo\/image\/\"}}]}<\/script>\n<!-- \/ Yoast SEO plugin. -->","yoast_head_json":{"title":"GORRO C\/ AUSCULTADORES BLUETOOTH - Curiosidades &amp; Dicas, Lda","robots":{"index":"index","follow":"follow","max-snippet":"max-snippet:-1","max-image-preview":"max-image-preview:large","max-video-preview":"max-video-preview:-1"},"canonical":"https:\/\/curiosidadesedicas.com\/loja\/en\/product\/gorro-c-auscultadores-bluetooth\/","og_locale":"en_US","og_type":"article","og_title":"GORRO C\/ AUSCULTADORES BLUETOOTH - Curiosidades &amp; Dicas, Lda","og_description":"Traz auriculares e microfone incorporados  Funciona por Bluetooth  Compat\u00edvel com a maioria dos modelos de telem\u00f3vel  Dist\u00e2ncia de transmiss\u00e3o: at\u00e9 10 metros  Dist\u00e2ncia de capta\u00e7\u00e3o do microfone: at\u00e9 1 metro  Tempo de carga: 2 horas  Dura\u00e7\u00e3o da carga em stand by: at\u00e9 60 horas  Dura\u00e7\u00e3o da carga em uso cont\u00ednuo: 3 horas e meia aproximadamente  Acompanha cabo USB","og_url":"https:\/\/curiosidadesedicas.com\/loja\/en\/product\/gorro-c-auscultadores-bluetooth\/","og_site_name":"Curiosidades &amp; Dicas, Lda","article_modified_time":"2025-03-14T15:44:36+00:00","og_image":[{"width":501,"height":498,"url":"https:\/\/curiosidadesedicas.com\/loja\/wp-content\/uploads\/2020\/09\/Screenshot-2020-09-28T101746.175.png","type":"image\/png"}],"twitter_card":"summary_large_image","schema":{"@context":"https:\/\/schema.org","@graph":[{"@type":"WebPage","@id":"https:\/\/curiosidadesedicas.com\/loja\/produto\/gorro-c-auscultadores-bluetooth\/","url":"https:\/\/curiosidadesedicas.com\/loja\/produto\/gorro-c-auscultadores-bluetooth\/","name":"GORRO C\/ AUSCULTADORES BLUETOOTH - Curiosidades &amp; Dicas, Lda","isPartOf":{"@id":"https:\/\/curiosidadesedicas.com\/loja\/#website"},"primaryImageOfPage":{"@id":"https:\/\/curiosidadesedicas.com\/loja\/produto\/gorro-c-auscultadores-bluetooth\/#primaryimage"},"image":{"@id":"https:\/\/curiosidadesedicas.com\/loja\/produto\/gorro-c-auscultadores-bluetooth\/#primaryimage"},"thumbnailUrl":"https:\/\/curiosidadesedicas.com\/loja\/wp-content\/uploads\/2020\/09\/Screenshot-2020-09-28T101746.175.png","datePublished":"2020-09-28T09:21:31+00:00","dateModified":"2025-03-14T15:44:36+00:00","breadcrumb":{"@id":"https:\/\/curiosidadesedicas.com\/loja\/produto\/gorro-c-auscultadores-bluetooth\/#breadcrumb"},"inLanguage":"en-US","potentialAction":[{"@type":"ReadAction","target":["https:\/\/curiosidadesedicas.com\/loja\/produto\/gorro-c-auscultadores-bluetooth\/"]}]},{"@type":"ImageObject","inLanguage":"en-US","@id":"https:\/\/curiosidadesedicas.com\/loja\/produto\/gorro-c-auscultadores-bluetooth\/#primaryimage","url":"https:\/\/curiosidadesedicas.com\/loja\/wp-content\/uploads\/2020\/09\/Screenshot-2020-09-28T101746.175.png","contentUrl":"https:\/\/curiosidadesedicas.com\/loja\/wp-content\/uploads\/2020\/09\/Screenshot-2020-09-28T101746.175.png","width":501,"height":498},{"@type":"BreadcrumbList","@id":"https:\/\/curiosidadesedicas.com\/loja\/produto\/gorro-c-auscultadores-bluetooth\/#breadcrumb","itemListElement":[{"@type":"ListItem","position":1,"name":"In\u00edcio","item":"https:\/\/curiosidadesedicas.com\/loja\/"},{"@type":"ListItem","position":2,"name":"Produtos","item":"https:\/\/curiosidadesedicas.com\/loja\/produtos\/"},{"@type":"ListItem","position":3,"name":"GORRO C\/ AUSCULTADORES BLUETOOTH"}]},{"@type":"WebSite","@id":"https:\/\/curiosidadesedicas.com\/loja\/#website","url":"https:\/\/curiosidadesedicas.com\/loja\/","name":"Curiosidades &amp; Dicas, Lda","description":"Apaixonados Por Inova\u00e7\u00e3o","publisher":{"@id":"https:\/\/curiosidadesedicas.com\/loja\/#organization"},"potentialAction":[{"@type":"SearchAction","target":{"@type":"EntryPoint","urlTemplate":"https:\/\/curiosidadesedicas.com\/loja\/?s={search_term_string}"},"query-input":{"@type":"PropertyValueSpecification","valueRequired":true,"valueName":"search_term_string"}}],"inLanguage":"en-US"},{"@type":"Organization","@id":"https:\/\/curiosidadesedicas.com\/loja\/#organization","name":"Curiosidades & Dicas","url":"https:\/\/curiosidadesedicas.com\/loja\/","logo":{"@type":"ImageObject","inLanguage":"en-US","@id":"https:\/\/curiosidadesedicas.com\/loja\/#\/schema\/logo\/image\/","url":"https:\/\/curiosidadesedicas.com\/loja\/wp-content\/uploads\/2020\/05\/LogoCuriosidadesSimples.png","contentUrl":"https:\/\/curiosidadesedicas.com\/loja\/wp-content\/uploads\/2020\/05\/LogoCuriosidadesSimples.png","width":3528,"height":804,"caption":"Curiosidades & Dicas"},"image":{"@id":"https:\/\/curiosidadesedicas.com\/loja\/#\/schema\/logo\/image\/"}}]}},"_links":{"self":[{"href":"https:\/\/curiosidadesedicas.com\/loja\/en\/wp-json\/wp\/v2\/product\/18537","targetHints":{"allow":["GET"]}}],"collection":[{"href":"https:\/\/curiosidadesedicas.com\/loja\/en\/wp-json\/wp\/v2\/product"}],"about":[{"href":"https:\/\/curiosidadesedicas.com\/loja\/en\/wp-json\/wp\/v2\/types\/product"}],"replies":[{"embeddable":true,"href":"https:\/\/curiosidadesedicas.com\/loja\/en\/wp-json\/wp\/v2\/comments?post=18537"}],"wp:featuredmedia":[{"embeddable":true,"href":"https:\/\/curiosidadesedicas.com\/loja\/en\/wp-json\/wp\/v2\/media\/18541"}],"wp:attachment":[{"href":"https:\/\/curiosidadesedicas.com\/loja\/en\/wp-json\/wp\/v2\/media?parent=18537"}],"wp:term":[{"taxonomy":"product_brand","embeddable":true,"href":"https:\/\/curiosidadesedicas.com\/loja\/en\/wp-json\/wp\/v2\/product_brand?post=18537"},{"taxonomy":"product_cat","embeddable":true,"href":"https:\/\/curiosidadesedicas.com\/loja\/en\/wp-json\/wp\/v2\/product_cat?post=18537"},{"taxonomy":"product_tag","embeddable":true,"href":"https:\/\/curiosidadesedicas.com\/loja\/en\/wp-json\/wp\/v2\/product_tag?post=18537"}],"curies":[{"name":"wp","href":"https:\/\/api.w.org\/{rel}","templated":true}]}}