{"id":17208,"date":"2020-07-08T19:53:40","date_gmt":"2020-07-08T19:53:40","guid":{"rendered":"https:\/\/curiosidadesedicas.com\/loja\/?post_type=product&#038;p=17208"},"modified":"2025-03-18T15:42:09","modified_gmt":"2025-03-18T15:42:09","slug":"auriculares-sem-fios-c-carga-magnetica-ebeats","status":"publish","type":"product","link":"https:\/\/curiosidadesedicas.com\/loja\/en\/product\/auriculares-sem-fios-c-carga-magnetica-ebeats\/","title":{"rendered":"AURICULARES SEM FIOS C\/ CARGA MAGN\u00c9TICA EBEATS"},"content":{"rendered":"<p>Um conjunto de auriculares sem fios com carga magn\u00e9tica e um estojo de carga, ideais para ouvir m\u00fasica confortavelmente em qualquer lugar, mesmo durante a pr\u00e1tica desportiva, ao proporcionarem total liberdade de movimentos. T\u00eam tamb\u00e9m um bot\u00e3o de controlo de fun\u00e7\u00f5es inteligente. O seu design discreto e elegante faz com que sejam muito vers\u00e1teis e pr\u00e1ticos.<\/p>\n<p>&nbsp;<\/p>","protected":false},"excerpt":{"rendered":"<ul>\n<li>Material: ABS<\/li>\n<li>Design moderno e ergon\u00f3mico<\/li>\n<li>Tipo:\n<ul>\n<li>Sem Fios<\/li>\n<li>In-Ear<\/li>\n<\/ul>\n<\/li>\n<li>Carga magn\u00e9tica<\/li>\n<li>Bot\u00e3o de controlo inteligente<\/li>\n<li>6 adaptadores para ajustar ao ouvido (3 pares)<\/li>\n<li>Pega de silicone para praticar desporto<\/li>\n<li>Bluetooth 5.0<\/li>\n<li>Estojo-base de carga:\n<ul>\n<li>250 mAh<\/li>\n<li>LED indicador de carga<\/li>\n<\/ul>\n<\/li>\n<li>Tempo de carga aprox.: 1,5 h<\/li>\n<li>Autonomia aprox.: 2,5 h<\/li>\n<li>Frequ\u00eancia (Hz): 20 Hz-20 KHz<\/li>\n<li>Bateria dos auriculares: 30 mAh<\/li>\n<li>Fun\u00e7\u00e3o m\u00e3os livres<\/li>\n<li>Microfone incorporado<\/li>\n<li>Tamanho Reduzido Compacto<\/li>\n<li>Inclui: Cabo USB para Micro USB<\/li>\n<li>Medidas aprox.: 8,5 x 4 x 3 cm<\/li>\n<\/ul>","protected":false},"featured_media":17210,"comment_status":"open","ping_status":"closed","template":"","meta":{"_glsr_average":0,"_glsr_ranking":0,"_glsr_reviews":0},"product_brand":[],"product_cat":[350,422,352,376,426],"product_tag":[],"class_list":{"0":"post-17208","1":"product","2":"type-product","3":"status-publish","4":"has-post-thumbnail","6":"product_cat-gadgets","7":"product_cat-p-portatil","8":"product_cat-p-telemoveis","9":"product_cat-som-e-imagem","10":"product_cat-auscultadores","12":"first","13":"instock","14":"taxable","15":"shipping-taxable","16":"purchasable","17":"product-type-simple"},"yoast_head":"<!-- This site is optimized with the Yoast SEO plugin v26.8 - https:\/\/yoast.com\/product\/yoast-seo-wordpress\/ -->\n<title>AURICULARES SEM FIOS C\/ CARGA MAGN\u00c9TICA EBEATS - Curiosidades &amp; Dicas, Lda<\/title>\n<meta name=\"robots\" content=\"index, follow, max-snippet:-1, max-image-preview:large, max-video-preview:-1\" \/>\n<link rel=\"canonical\" href=\"https:\/\/curiosidadesedicas.com\/loja\/en\/product\/auriculares-sem-fios-c-carga-magnetica-ebeats\/\" \/>\n<meta property=\"og:locale\" content=\"en_US\" \/>\n<meta property=\"og:type\" content=\"article\" \/>\n<meta property=\"og:title\" content=\"AURICULARES SEM FIOS C\/ CARGA MAGN\u00c9TICA EBEATS - Curiosidades &amp; Dicas, Lda\" \/>\n<meta property=\"og:description\" content=\"Material: ABS  Design moderno e ergon\u00f3mico  Tipo:   Sem Fios  In-Ear    Carga magn\u00e9tica  Bot\u00e3o de controlo inteligente  6 adaptadores para ajustar ao ouvido (3 pares)  Pega de silicone para praticar desporto  Bluetooth 5.0  Estojo-base de carga:   250 mAh  LED indicador de carga    Tempo de carga aprox.: 1,5 h  Autonomia aprox.: 2,5 h  Frequ\u00eancia (Hz): 20 Hz-20 KHz  Bateria dos auriculares: 30 mAh  Fun\u00e7\u00e3o m\u00e3os livres  Microfone incorporado  Tamanho Reduzido Compacto  Inclui: Cabo USB para Micro USB  Medidas aprox.: 8,5 x 4 x 3 cm\" \/>\n<meta property=\"og:url\" content=\"https:\/\/curiosidadesedicas.com\/loja\/en\/product\/auriculares-sem-fios-c-carga-magnetica-ebeats\/\" \/>\n<meta property=\"og:site_name\" content=\"Curiosidades &amp; Dicas, Lda\" \/>\n<meta property=\"article:modified_time\" content=\"2025-03-18T15:42:09+00:00\" \/>\n<meta property=\"og:image\" content=\"https:\/\/curiosidadesedicas.com\/loja\/wp-content\/uploads\/2020\/07\/auriculares-sem-fios-com-carga-magnetica-ebeats-innovagoods_122464.jpg\" \/>\n\t<meta property=\"og:image:width\" content=\"600\" \/>\n\t<meta property=\"og:image:height\" content=\"600\" \/>\n\t<meta property=\"og:image:type\" content=\"image\/jpeg\" \/>\n<meta name=\"twitter:card\" content=\"summary_large_image\" \/>\n<meta name=\"twitter:label1\" content=\"Est. reading time\" \/>\n\t<meta name=\"twitter:data1\" content=\"1 minute\" \/>\n<script type=\"application\/ld+json\" class=\"yoast-schema-graph\">{\"@context\":\"https:\/\/schema.org\",\"@graph\":[{\"@type\":\"WebPage\",\"@id\":\"https:\/\/curiosidadesedicas.com\/loja\/produto\/auriculares-sem-fios-c-carga-magnetica-ebeats\/\",\"url\":\"https:\/\/curiosidadesedicas.com\/loja\/produto\/auriculares-sem-fios-c-carga-magnetica-ebeats\/\",\"name\":\"AURICULARES SEM FIOS C\/ CARGA MAGN\u00c9TICA EBEATS - Curiosidades &amp; Dicas, Lda\",\"isPartOf\":{\"@id\":\"https:\/\/curiosidadesedicas.com\/loja\/#website\"},\"primaryImageOfPage\":{\"@id\":\"https:\/\/curiosidadesedicas.com\/loja\/produto\/auriculares-sem-fios-c-carga-magnetica-ebeats\/#primaryimage\"},\"image\":{\"@id\":\"https:\/\/curiosidadesedicas.com\/loja\/produto\/auriculares-sem-fios-c-carga-magnetica-ebeats\/#primaryimage\"},\"thumbnailUrl\":\"https:\/\/curiosidadesedicas.com\/loja\/wp-content\/uploads\/2020\/07\/auriculares-sem-fios-com-carga-magnetica-ebeats-innovagoods_122464.jpg\",\"datePublished\":\"2020-07-08T19:53:40+00:00\",\"dateModified\":\"2025-03-18T15:42:09+00:00\",\"breadcrumb\":{\"@id\":\"https:\/\/curiosidadesedicas.com\/loja\/produto\/auriculares-sem-fios-c-carga-magnetica-ebeats\/#breadcrumb\"},\"inLanguage\":\"en-US\",\"potentialAction\":[{\"@type\":\"ReadAction\",\"target\":[\"https:\/\/curiosidadesedicas.com\/loja\/produto\/auriculares-sem-fios-c-carga-magnetica-ebeats\/\"]}]},{\"@type\":\"ImageObject\",\"inLanguage\":\"en-US\",\"@id\":\"https:\/\/curiosidadesedicas.com\/loja\/produto\/auriculares-sem-fios-c-carga-magnetica-ebeats\/#primaryimage\",\"url\":\"https:\/\/curiosidadesedicas.com\/loja\/wp-content\/uploads\/2020\/07\/auriculares-sem-fios-com-carga-magnetica-ebeats-innovagoods_122464.jpg\",\"contentUrl\":\"https:\/\/curiosidadesedicas.com\/loja\/wp-content\/uploads\/2020\/07\/auriculares-sem-fios-com-carga-magnetica-ebeats-innovagoods_122464.jpg\",\"width\":600,\"height\":600},{\"@type\":\"BreadcrumbList\",\"@id\":\"https:\/\/curiosidadesedicas.com\/loja\/produto\/auriculares-sem-fios-c-carga-magnetica-ebeats\/#breadcrumb\",\"itemListElement\":[{\"@type\":\"ListItem\",\"position\":1,\"name\":\"In\u00edcio\",\"item\":\"https:\/\/curiosidadesedicas.com\/loja\/\"},{\"@type\":\"ListItem\",\"position\":2,\"name\":\"Produtos\",\"item\":\"https:\/\/curiosidadesedicas.com\/loja\/produtos\/\"},{\"@type\":\"ListItem\",\"position\":3,\"name\":\"AURICULARES SEM FIOS C\/ CARGA MAGN\u00c9TICA EBEATS\"}]},{\"@type\":\"WebSite\",\"@id\":\"https:\/\/curiosidadesedicas.com\/loja\/#website\",\"url\":\"https:\/\/curiosidadesedicas.com\/loja\/\",\"name\":\"Curiosidades &amp; Dicas, Lda\",\"description\":\"Apaixonados Por Inova\u00e7\u00e3o\",\"publisher\":{\"@id\":\"https:\/\/curiosidadesedicas.com\/loja\/#organization\"},\"potentialAction\":[{\"@type\":\"SearchAction\",\"target\":{\"@type\":\"EntryPoint\",\"urlTemplate\":\"https:\/\/curiosidadesedicas.com\/loja\/?s={search_term_string}\"},\"query-input\":{\"@type\":\"PropertyValueSpecification\",\"valueRequired\":true,\"valueName\":\"search_term_string\"}}],\"inLanguage\":\"en-US\"},{\"@type\":\"Organization\",\"@id\":\"https:\/\/curiosidadesedicas.com\/loja\/#organization\",\"name\":\"Curiosidades & Dicas\",\"url\":\"https:\/\/curiosidadesedicas.com\/loja\/\",\"logo\":{\"@type\":\"ImageObject\",\"inLanguage\":\"en-US\",\"@id\":\"https:\/\/curiosidadesedicas.com\/loja\/#\/schema\/logo\/image\/\",\"url\":\"https:\/\/curiosidadesedicas.com\/loja\/wp-content\/uploads\/2020\/05\/LogoCuriosidadesSimples.png\",\"contentUrl\":\"https:\/\/curiosidadesedicas.com\/loja\/wp-content\/uploads\/2020\/05\/LogoCuriosidadesSimples.png\",\"width\":3528,\"height\":804,\"caption\":\"Curiosidades & Dicas\"},\"image\":{\"@id\":\"https:\/\/curiosidadesedicas.com\/loja\/#\/schema\/logo\/image\/\"}}]}<\/script>\n<!-- \/ Yoast SEO plugin. -->","yoast_head_json":{"title":"AURICULARES SEM FIOS C\/ CARGA MAGN\u00c9TICA EBEATS - Curiosidades &amp; Dicas, Lda","robots":{"index":"index","follow":"follow","max-snippet":"max-snippet:-1","max-image-preview":"max-image-preview:large","max-video-preview":"max-video-preview:-1"},"canonical":"https:\/\/curiosidadesedicas.com\/loja\/en\/product\/auriculares-sem-fios-c-carga-magnetica-ebeats\/","og_locale":"en_US","og_type":"article","og_title":"AURICULARES SEM FIOS C\/ CARGA MAGN\u00c9TICA EBEATS - Curiosidades &amp; Dicas, Lda","og_description":"Material: ABS  Design moderno e ergon\u00f3mico  Tipo:   Sem Fios  In-Ear    Carga magn\u00e9tica  Bot\u00e3o de controlo inteligente  6 adaptadores para ajustar ao ouvido (3 pares)  Pega de silicone para praticar desporto  Bluetooth 5.0  Estojo-base de carga:   250 mAh  LED indicador de carga    Tempo de carga aprox.: 1,5 h  Autonomia aprox.: 2,5 h  Frequ\u00eancia (Hz): 20 Hz-20 KHz  Bateria dos auriculares: 30 mAh  Fun\u00e7\u00e3o m\u00e3os livres  Microfone incorporado  Tamanho Reduzido Compacto  Inclui: Cabo USB para Micro USB  Medidas aprox.: 8,5 x 4 x 3 cm","og_url":"https:\/\/curiosidadesedicas.com\/loja\/en\/product\/auriculares-sem-fios-c-carga-magnetica-ebeats\/","og_site_name":"Curiosidades &amp; Dicas, Lda","article_modified_time":"2025-03-18T15:42:09+00:00","og_image":[{"width":600,"height":600,"url":"https:\/\/curiosidadesedicas.com\/loja\/wp-content\/uploads\/2020\/07\/auriculares-sem-fios-com-carga-magnetica-ebeats-innovagoods_122464.jpg","type":"image\/jpeg"}],"twitter_card":"summary_large_image","twitter_misc":{"Est. reading time":"1 minute"},"schema":{"@context":"https:\/\/schema.org","@graph":[{"@type":"WebPage","@id":"https:\/\/curiosidadesedicas.com\/loja\/produto\/auriculares-sem-fios-c-carga-magnetica-ebeats\/","url":"https:\/\/curiosidadesedicas.com\/loja\/produto\/auriculares-sem-fios-c-carga-magnetica-ebeats\/","name":"AURICULARES SEM FIOS C\/ CARGA MAGN\u00c9TICA EBEATS - Curiosidades &amp; Dicas, Lda","isPartOf":{"@id":"https:\/\/curiosidadesedicas.com\/loja\/#website"},"primaryImageOfPage":{"@id":"https:\/\/curiosidadesedicas.com\/loja\/produto\/auriculares-sem-fios-c-carga-magnetica-ebeats\/#primaryimage"},"image":{"@id":"https:\/\/curiosidadesedicas.com\/loja\/produto\/auriculares-sem-fios-c-carga-magnetica-ebeats\/#primaryimage"},"thumbnailUrl":"https:\/\/curiosidadesedicas.com\/loja\/wp-content\/uploads\/2020\/07\/auriculares-sem-fios-com-carga-magnetica-ebeats-innovagoods_122464.jpg","datePublished":"2020-07-08T19:53:40+00:00","dateModified":"2025-03-18T15:42:09+00:00","breadcrumb":{"@id":"https:\/\/curiosidadesedicas.com\/loja\/produto\/auriculares-sem-fios-c-carga-magnetica-ebeats\/#breadcrumb"},"inLanguage":"en-US","potentialAction":[{"@type":"ReadAction","target":["https:\/\/curiosidadesedicas.com\/loja\/produto\/auriculares-sem-fios-c-carga-magnetica-ebeats\/"]}]},{"@type":"ImageObject","inLanguage":"en-US","@id":"https:\/\/curiosidadesedicas.com\/loja\/produto\/auriculares-sem-fios-c-carga-magnetica-ebeats\/#primaryimage","url":"https:\/\/curiosidadesedicas.com\/loja\/wp-content\/uploads\/2020\/07\/auriculares-sem-fios-com-carga-magnetica-ebeats-innovagoods_122464.jpg","contentUrl":"https:\/\/curiosidadesedicas.com\/loja\/wp-content\/uploads\/2020\/07\/auriculares-sem-fios-com-carga-magnetica-ebeats-innovagoods_122464.jpg","width":600,"height":600},{"@type":"BreadcrumbList","@id":"https:\/\/curiosidadesedicas.com\/loja\/produto\/auriculares-sem-fios-c-carga-magnetica-ebeats\/#breadcrumb","itemListElement":[{"@type":"ListItem","position":1,"name":"In\u00edcio","item":"https:\/\/curiosidadesedicas.com\/loja\/"},{"@type":"ListItem","position":2,"name":"Produtos","item":"https:\/\/curiosidadesedicas.com\/loja\/produtos\/"},{"@type":"ListItem","position":3,"name":"AURICULARES SEM FIOS C\/ CARGA MAGN\u00c9TICA EBEATS"}]},{"@type":"WebSite","@id":"https:\/\/curiosidadesedicas.com\/loja\/#website","url":"https:\/\/curiosidadesedicas.com\/loja\/","name":"Curiosidades &amp; Dicas, Lda","description":"Apaixonados Por Inova\u00e7\u00e3o","publisher":{"@id":"https:\/\/curiosidadesedicas.com\/loja\/#organization"},"potentialAction":[{"@type":"SearchAction","target":{"@type":"EntryPoint","urlTemplate":"https:\/\/curiosidadesedicas.com\/loja\/?s={search_term_string}"},"query-input":{"@type":"PropertyValueSpecification","valueRequired":true,"valueName":"search_term_string"}}],"inLanguage":"en-US"},{"@type":"Organization","@id":"https:\/\/curiosidadesedicas.com\/loja\/#organization","name":"Curiosidades & Dicas","url":"https:\/\/curiosidadesedicas.com\/loja\/","logo":{"@type":"ImageObject","inLanguage":"en-US","@id":"https:\/\/curiosidadesedicas.com\/loja\/#\/schema\/logo\/image\/","url":"https:\/\/curiosidadesedicas.com\/loja\/wp-content\/uploads\/2020\/05\/LogoCuriosidadesSimples.png","contentUrl":"https:\/\/curiosidadesedicas.com\/loja\/wp-content\/uploads\/2020\/05\/LogoCuriosidadesSimples.png","width":3528,"height":804,"caption":"Curiosidades & Dicas"},"image":{"@id":"https:\/\/curiosidadesedicas.com\/loja\/#\/schema\/logo\/image\/"}}]}},"_links":{"self":[{"href":"https:\/\/curiosidadesedicas.com\/loja\/en\/wp-json\/wp\/v2\/product\/17208","targetHints":{"allow":["GET"]}}],"collection":[{"href":"https:\/\/curiosidadesedicas.com\/loja\/en\/wp-json\/wp\/v2\/product"}],"about":[{"href":"https:\/\/curiosidadesedicas.com\/loja\/en\/wp-json\/wp\/v2\/types\/product"}],"replies":[{"embeddable":true,"href":"https:\/\/curiosidadesedicas.com\/loja\/en\/wp-json\/wp\/v2\/comments?post=17208"}],"wp:featuredmedia":[{"embeddable":true,"href":"https:\/\/curiosidadesedicas.com\/loja\/en\/wp-json\/wp\/v2\/media\/17210"}],"wp:attachment":[{"href":"https:\/\/curiosidadesedicas.com\/loja\/en\/wp-json\/wp\/v2\/media?parent=17208"}],"wp:term":[{"taxonomy":"product_brand","embeddable":true,"href":"https:\/\/curiosidadesedicas.com\/loja\/en\/wp-json\/wp\/v2\/product_brand?post=17208"},{"taxonomy":"product_cat","embeddable":true,"href":"https:\/\/curiosidadesedicas.com\/loja\/en\/wp-json\/wp\/v2\/product_cat?post=17208"},{"taxonomy":"product_tag","embeddable":true,"href":"https:\/\/curiosidadesedicas.com\/loja\/en\/wp-json\/wp\/v2\/product_tag?post=17208"}],"curies":[{"name":"wp","href":"https:\/\/api.w.org\/{rel}","templated":true}]}}