{"id":16627,"date":"2020-06-30T16:48:36","date_gmt":"2020-06-30T16:48:36","guid":{"rendered":"https:\/\/curiosidadesedicas.com\/loja\/?post_type=product&#038;p=16627"},"modified":"2025-03-18T15:51:15","modified_gmt":"2025-03-18T15:51:15","slug":"liquidificadora-cecotec-extremetitanium-950-ml","status":"publish","type":"product","link":"https:\/\/curiosidadesedicas.com\/loja\/en\/product\/liquidificadora-cecotec-extremetitanium-950-ml\/","title":{"rendered":"LIQUIDIFICADORA CECOTEC EXTREMETITANIUM 950 ML"},"content":{"rendered":"<ul>\n<li>Velocidade:\n<ul>\n<li>Ajust\u00e1vel<\/li>\n<li>3 n\u00edveis<\/li>\n<li>19000 rpm<\/li>\n<\/ul>\n<\/li>\n<li>Livre de BPA<\/li>\n<li>As partes n\u00e3o el\u00e9tricas s\u00e3o aptas para a m\u00e1quina de lavar lou\u00e7a<\/li>\n<li>Voltagem: 220 &#8211; 240 V<\/li>\n<li>Frequ\u00eancia: 50 &#8211; 60 Hz<\/li>\n<\/ul>","protected":false},"excerpt":{"rendered":"<ul class=\"a-vertical a-spacing-none\">\n<li>Cor: Preto<\/li>\n<li>Material:\n<ul>\n<li>A\u00e7o inoxid\u00e1vel<\/li>\n<li>Tit\u00e2nio<\/li>\n<\/ul>\n<\/li>\n<li>Capacidade da jarra: 950 ml<\/li>\n<li>Capacidade do dep\u00f3sito de polpa: 2 L<\/li>\n<li>Pot\u00eancia: 1300 W<\/li>\n<\/ul>","protected":false},"featured_media":16628,"comment_status":"open","ping_status":"closed","template":"","meta":{"_glsr_average":0,"_glsr_ranking":0,"_glsr_reviews":0},"product_brand":[],"product_cat":[365,366],"product_tag":[],"class_list":{"0":"post-16627","1":"product","2":"type-product","3":"status-publish","4":"has-post-thumbnail","6":"product_cat-para-o-lar","7":"product_cat-cozinha","9":"first","10":"instock","11":"taxable","12":"shipping-taxable","13":"purchasable","14":"product-type-simple"},"yoast_head":"<!-- This site is optimized with the Yoast SEO plugin v26.8 - https:\/\/yoast.com\/product\/yoast-seo-wordpress\/ -->\n<title>LIQUIDIFICADORA CECOTEC EXTREMETITANIUM 950 ML - Curiosidades &amp; Dicas, Lda<\/title>\n<meta name=\"robots\" content=\"index, follow, max-snippet:-1, max-image-preview:large, max-video-preview:-1\" \/>\n<link rel=\"canonical\" href=\"https:\/\/curiosidadesedicas.com\/loja\/en\/product\/liquidificadora-cecotec-extremetitanium-950-ml\/\" \/>\n<meta property=\"og:locale\" content=\"en_US\" \/>\n<meta property=\"og:type\" content=\"article\" \/>\n<meta property=\"og:title\" content=\"LIQUIDIFICADORA CECOTEC EXTREMETITANIUM 950 ML - Curiosidades &amp; Dicas, Lda\" \/>\n<meta property=\"og:description\" content=\"Cor: Preto  Material:   A\u00e7o inoxid\u00e1vel  Tit\u00e2nio    Capacidade da jarra: 950 ml  Capacidade do dep\u00f3sito de polpa: 2 L  Pot\u00eancia: 1300 W\" \/>\n<meta property=\"og:url\" content=\"https:\/\/curiosidadesedicas.com\/loja\/en\/product\/liquidificadora-cecotec-extremetitanium-950-ml\/\" \/>\n<meta property=\"og:site_name\" content=\"Curiosidades &amp; Dicas, Lda\" \/>\n<meta property=\"article:modified_time\" content=\"2025-03-18T15:51:15+00:00\" \/>\n<meta property=\"og:image\" content=\"https:\/\/curiosidadesedicas.com\/loja\/wp-content\/uploads\/2020\/06\/liquidificadora-cecotec-extremetitanium-19000-xxl-1300w-950-ml-preto_99995.jpg\" \/>\n\t<meta property=\"og:image:width\" content=\"600\" \/>\n\t<meta property=\"og:image:height\" content=\"600\" \/>\n\t<meta property=\"og:image:type\" content=\"image\/jpeg\" \/>\n<meta name=\"twitter:card\" content=\"summary_large_image\" \/>\n<meta name=\"twitter:label1\" content=\"Est. reading time\" \/>\n\t<meta name=\"twitter:data1\" content=\"1 minute\" \/>\n<script type=\"application\/ld+json\" class=\"yoast-schema-graph\">{\"@context\":\"https:\/\/schema.org\",\"@graph\":[{\"@type\":\"WebPage\",\"@id\":\"https:\/\/curiosidadesedicas.com\/loja\/produto\/liquidificadora-cecotec-extremetitanium-950-ml\/\",\"url\":\"https:\/\/curiosidadesedicas.com\/loja\/produto\/liquidificadora-cecotec-extremetitanium-950-ml\/\",\"name\":\"LIQUIDIFICADORA CECOTEC EXTREMETITANIUM 950 ML - Curiosidades &amp; Dicas, Lda\",\"isPartOf\":{\"@id\":\"https:\/\/curiosidadesedicas.com\/loja\/#website\"},\"primaryImageOfPage\":{\"@id\":\"https:\/\/curiosidadesedicas.com\/loja\/produto\/liquidificadora-cecotec-extremetitanium-950-ml\/#primaryimage\"},\"image\":{\"@id\":\"https:\/\/curiosidadesedicas.com\/loja\/produto\/liquidificadora-cecotec-extremetitanium-950-ml\/#primaryimage\"},\"thumbnailUrl\":\"https:\/\/curiosidadesedicas.com\/loja\/wp-content\/uploads\/2020\/06\/liquidificadora-cecotec-extremetitanium-19000-xxl-1300w-950-ml-preto_99995.jpg\",\"datePublished\":\"2020-06-30T16:48:36+00:00\",\"dateModified\":\"2025-03-18T15:51:15+00:00\",\"breadcrumb\":{\"@id\":\"https:\/\/curiosidadesedicas.com\/loja\/produto\/liquidificadora-cecotec-extremetitanium-950-ml\/#breadcrumb\"},\"inLanguage\":\"en-US\",\"potentialAction\":[{\"@type\":\"ReadAction\",\"target\":[\"https:\/\/curiosidadesedicas.com\/loja\/produto\/liquidificadora-cecotec-extremetitanium-950-ml\/\"]}]},{\"@type\":\"ImageObject\",\"inLanguage\":\"en-US\",\"@id\":\"https:\/\/curiosidadesedicas.com\/loja\/produto\/liquidificadora-cecotec-extremetitanium-950-ml\/#primaryimage\",\"url\":\"https:\/\/curiosidadesedicas.com\/loja\/wp-content\/uploads\/2020\/06\/liquidificadora-cecotec-extremetitanium-19000-xxl-1300w-950-ml-preto_99995.jpg\",\"contentUrl\":\"https:\/\/curiosidadesedicas.com\/loja\/wp-content\/uploads\/2020\/06\/liquidificadora-cecotec-extremetitanium-19000-xxl-1300w-950-ml-preto_99995.jpg\",\"width\":600,\"height\":600},{\"@type\":\"BreadcrumbList\",\"@id\":\"https:\/\/curiosidadesedicas.com\/loja\/produto\/liquidificadora-cecotec-extremetitanium-950-ml\/#breadcrumb\",\"itemListElement\":[{\"@type\":\"ListItem\",\"position\":1,\"name\":\"In\u00edcio\",\"item\":\"https:\/\/curiosidadesedicas.com\/loja\/\"},{\"@type\":\"ListItem\",\"position\":2,\"name\":\"Produtos\",\"item\":\"https:\/\/curiosidadesedicas.com\/loja\/produtos\/\"},{\"@type\":\"ListItem\",\"position\":3,\"name\":\"LIQUIDIFICADORA CECOTEC EXTREMETITANIUM 950 ML\"}]},{\"@type\":\"WebSite\",\"@id\":\"https:\/\/curiosidadesedicas.com\/loja\/#website\",\"url\":\"https:\/\/curiosidadesedicas.com\/loja\/\",\"name\":\"Curiosidades &amp; Dicas, Lda\",\"description\":\"Apaixonados Por Inova\u00e7\u00e3o\",\"publisher\":{\"@id\":\"https:\/\/curiosidadesedicas.com\/loja\/#organization\"},\"potentialAction\":[{\"@type\":\"SearchAction\",\"target\":{\"@type\":\"EntryPoint\",\"urlTemplate\":\"https:\/\/curiosidadesedicas.com\/loja\/?s={search_term_string}\"},\"query-input\":{\"@type\":\"PropertyValueSpecification\",\"valueRequired\":true,\"valueName\":\"search_term_string\"}}],\"inLanguage\":\"en-US\"},{\"@type\":\"Organization\",\"@id\":\"https:\/\/curiosidadesedicas.com\/loja\/#organization\",\"name\":\"Curiosidades & Dicas\",\"url\":\"https:\/\/curiosidadesedicas.com\/loja\/\",\"logo\":{\"@type\":\"ImageObject\",\"inLanguage\":\"en-US\",\"@id\":\"https:\/\/curiosidadesedicas.com\/loja\/#\/schema\/logo\/image\/\",\"url\":\"https:\/\/curiosidadesedicas.com\/loja\/wp-content\/uploads\/2020\/05\/LogoCuriosidadesSimples.png\",\"contentUrl\":\"https:\/\/curiosidadesedicas.com\/loja\/wp-content\/uploads\/2020\/05\/LogoCuriosidadesSimples.png\",\"width\":3528,\"height\":804,\"caption\":\"Curiosidades & Dicas\"},\"image\":{\"@id\":\"https:\/\/curiosidadesedicas.com\/loja\/#\/schema\/logo\/image\/\"}}]}<\/script>\n<!-- \/ Yoast SEO plugin. -->","yoast_head_json":{"title":"LIQUIDIFICADORA CECOTEC EXTREMETITANIUM 950 ML - Curiosidades &amp; Dicas, Lda","robots":{"index":"index","follow":"follow","max-snippet":"max-snippet:-1","max-image-preview":"max-image-preview:large","max-video-preview":"max-video-preview:-1"},"canonical":"https:\/\/curiosidadesedicas.com\/loja\/en\/product\/liquidificadora-cecotec-extremetitanium-950-ml\/","og_locale":"en_US","og_type":"article","og_title":"LIQUIDIFICADORA CECOTEC EXTREMETITANIUM 950 ML - Curiosidades &amp; Dicas, Lda","og_description":"Cor: Preto  Material:   A\u00e7o inoxid\u00e1vel  Tit\u00e2nio    Capacidade da jarra: 950 ml  Capacidade do dep\u00f3sito de polpa: 2 L  Pot\u00eancia: 1300 W","og_url":"https:\/\/curiosidadesedicas.com\/loja\/en\/product\/liquidificadora-cecotec-extremetitanium-950-ml\/","og_site_name":"Curiosidades &amp; Dicas, Lda","article_modified_time":"2025-03-18T15:51:15+00:00","og_image":[{"width":600,"height":600,"url":"https:\/\/curiosidadesedicas.com\/loja\/wp-content\/uploads\/2020\/06\/liquidificadora-cecotec-extremetitanium-19000-xxl-1300w-950-ml-preto_99995.jpg","type":"image\/jpeg"}],"twitter_card":"summary_large_image","twitter_misc":{"Est. reading time":"1 minute"},"schema":{"@context":"https:\/\/schema.org","@graph":[{"@type":"WebPage","@id":"https:\/\/curiosidadesedicas.com\/loja\/produto\/liquidificadora-cecotec-extremetitanium-950-ml\/","url":"https:\/\/curiosidadesedicas.com\/loja\/produto\/liquidificadora-cecotec-extremetitanium-950-ml\/","name":"LIQUIDIFICADORA CECOTEC EXTREMETITANIUM 950 ML - Curiosidades &amp; Dicas, Lda","isPartOf":{"@id":"https:\/\/curiosidadesedicas.com\/loja\/#website"},"primaryImageOfPage":{"@id":"https:\/\/curiosidadesedicas.com\/loja\/produto\/liquidificadora-cecotec-extremetitanium-950-ml\/#primaryimage"},"image":{"@id":"https:\/\/curiosidadesedicas.com\/loja\/produto\/liquidificadora-cecotec-extremetitanium-950-ml\/#primaryimage"},"thumbnailUrl":"https:\/\/curiosidadesedicas.com\/loja\/wp-content\/uploads\/2020\/06\/liquidificadora-cecotec-extremetitanium-19000-xxl-1300w-950-ml-preto_99995.jpg","datePublished":"2020-06-30T16:48:36+00:00","dateModified":"2025-03-18T15:51:15+00:00","breadcrumb":{"@id":"https:\/\/curiosidadesedicas.com\/loja\/produto\/liquidificadora-cecotec-extremetitanium-950-ml\/#breadcrumb"},"inLanguage":"en-US","potentialAction":[{"@type":"ReadAction","target":["https:\/\/curiosidadesedicas.com\/loja\/produto\/liquidificadora-cecotec-extremetitanium-950-ml\/"]}]},{"@type":"ImageObject","inLanguage":"en-US","@id":"https:\/\/curiosidadesedicas.com\/loja\/produto\/liquidificadora-cecotec-extremetitanium-950-ml\/#primaryimage","url":"https:\/\/curiosidadesedicas.com\/loja\/wp-content\/uploads\/2020\/06\/liquidificadora-cecotec-extremetitanium-19000-xxl-1300w-950-ml-preto_99995.jpg","contentUrl":"https:\/\/curiosidadesedicas.com\/loja\/wp-content\/uploads\/2020\/06\/liquidificadora-cecotec-extremetitanium-19000-xxl-1300w-950-ml-preto_99995.jpg","width":600,"height":600},{"@type":"BreadcrumbList","@id":"https:\/\/curiosidadesedicas.com\/loja\/produto\/liquidificadora-cecotec-extremetitanium-950-ml\/#breadcrumb","itemListElement":[{"@type":"ListItem","position":1,"name":"In\u00edcio","item":"https:\/\/curiosidadesedicas.com\/loja\/"},{"@type":"ListItem","position":2,"name":"Produtos","item":"https:\/\/curiosidadesedicas.com\/loja\/produtos\/"},{"@type":"ListItem","position":3,"name":"LIQUIDIFICADORA CECOTEC EXTREMETITANIUM 950 ML"}]},{"@type":"WebSite","@id":"https:\/\/curiosidadesedicas.com\/loja\/#website","url":"https:\/\/curiosidadesedicas.com\/loja\/","name":"Curiosidades &amp; Dicas, Lda","description":"Apaixonados Por Inova\u00e7\u00e3o","publisher":{"@id":"https:\/\/curiosidadesedicas.com\/loja\/#organization"},"potentialAction":[{"@type":"SearchAction","target":{"@type":"EntryPoint","urlTemplate":"https:\/\/curiosidadesedicas.com\/loja\/?s={search_term_string}"},"query-input":{"@type":"PropertyValueSpecification","valueRequired":true,"valueName":"search_term_string"}}],"inLanguage":"en-US"},{"@type":"Organization","@id":"https:\/\/curiosidadesedicas.com\/loja\/#organization","name":"Curiosidades & Dicas","url":"https:\/\/curiosidadesedicas.com\/loja\/","logo":{"@type":"ImageObject","inLanguage":"en-US","@id":"https:\/\/curiosidadesedicas.com\/loja\/#\/schema\/logo\/image\/","url":"https:\/\/curiosidadesedicas.com\/loja\/wp-content\/uploads\/2020\/05\/LogoCuriosidadesSimples.png","contentUrl":"https:\/\/curiosidadesedicas.com\/loja\/wp-content\/uploads\/2020\/05\/LogoCuriosidadesSimples.png","width":3528,"height":804,"caption":"Curiosidades & Dicas"},"image":{"@id":"https:\/\/curiosidadesedicas.com\/loja\/#\/schema\/logo\/image\/"}}]}},"_links":{"self":[{"href":"https:\/\/curiosidadesedicas.com\/loja\/en\/wp-json\/wp\/v2\/product\/16627","targetHints":{"allow":["GET"]}}],"collection":[{"href":"https:\/\/curiosidadesedicas.com\/loja\/en\/wp-json\/wp\/v2\/product"}],"about":[{"href":"https:\/\/curiosidadesedicas.com\/loja\/en\/wp-json\/wp\/v2\/types\/product"}],"replies":[{"embeddable":true,"href":"https:\/\/curiosidadesedicas.com\/loja\/en\/wp-json\/wp\/v2\/comments?post=16627"}],"wp:featuredmedia":[{"embeddable":true,"href":"https:\/\/curiosidadesedicas.com\/loja\/en\/wp-json\/wp\/v2\/media\/16628"}],"wp:attachment":[{"href":"https:\/\/curiosidadesedicas.com\/loja\/en\/wp-json\/wp\/v2\/media?parent=16627"}],"wp:term":[{"taxonomy":"product_brand","embeddable":true,"href":"https:\/\/curiosidadesedicas.com\/loja\/en\/wp-json\/wp\/v2\/product_brand?post=16627"},{"taxonomy":"product_cat","embeddable":true,"href":"https:\/\/curiosidadesedicas.com\/loja\/en\/wp-json\/wp\/v2\/product_cat?post=16627"},{"taxonomy":"product_tag","embeddable":true,"href":"https:\/\/curiosidadesedicas.com\/loja\/en\/wp-json\/wp\/v2\/product_tag?post=16627"}],"curies":[{"name":"wp","href":"https:\/\/api.w.org\/{rel}","templated":true}]}}