{"id":15977,"date":"2020-06-25T08:44:33","date_gmt":"2020-06-25T08:44:33","guid":{"rendered":"https:\/\/curiosidadesedicas.com\/loja\/?post_type=product&#038;p=15977"},"modified":"2020-06-25T08:49:33","modified_gmt":"2020-06-25T08:49:33","slug":"tomada-eletrica-inteligente-wi-fi-2200w-c-app-nedis","status":"publish","type":"product","link":"https:\/\/curiosidadesedicas.com\/loja\/en\/product\/tomada-eletrica-inteligente-wi-fi-2200w-c-app-nedis\/","title":{"rendered":"TOMADA EL\u00c9TRICA INTELIGENTE WI-FI 2200W C\/ APP NEDIS"},"content":{"rendered":"<p class=\"prod-detail-name\">Tomada El\u00e9ctrica Inteligente Wi-Fi 2200W c\/ APP &#8211; NEDIS.<\/p>","protected":false},"excerpt":{"rendered":"<ul>\n<li>F\u00e1cil de instalar por conex\u00e3o direta \u00e0 sua rede Wi-Fi<\/li>\n<li>Pode ser usado como um produto independente ou facilmente conectado a outros produtos Nedis\u00ae SmartLife<\/li>\n<li>Permite controlo remoto e automatizado atrav\u00e9s de programa\u00e7\u00e3o e emparelhamento de dispositivos<\/li>\n<li>Suporta controle de voz em combina\u00e7\u00e3o com Amazon Alexa ou Google Home<\/li>\n<li>Tens\u00e3o de entrada: 230 VAC 50 Hz<\/li>\n<li>Faixa de frequ\u00eancia: 2412 &#8211; 2484 MHz<\/li>\n<li>App dispon\u00edvel para: Android e iOS<\/li>\n<\/ul>","protected":false},"featured_media":15981,"comment_status":"open","ping_status":"closed","template":"","meta":{"_glsr_average":0,"_glsr_ranking":0,"_glsr_reviews":0},"product_brand":[],"product_cat":[390],"product_tag":[],"class_list":{"0":"post-15977","1":"product","2":"type-product","3":"status-publish","4":"has-post-thumbnail","6":"product_cat-poupanca-de-energia","8":"first","9":"instock","10":"taxable","11":"shipping-taxable","12":"purchasable","13":"product-type-simple"},"yoast_head":"<!-- This site is optimized with the Yoast SEO plugin v26.8 - https:\/\/yoast.com\/product\/yoast-seo-wordpress\/ -->\n<title>TOMADA EL\u00c9TRICA INTELIGENTE WI-FI 2200W C\/ APP NEDIS - Curiosidades &amp; Dicas, Lda<\/title>\n<meta name=\"robots\" content=\"index, follow, max-snippet:-1, max-image-preview:large, max-video-preview:-1\" \/>\n<link rel=\"canonical\" href=\"https:\/\/curiosidadesedicas.com\/loja\/en\/product\/tomada-eletrica-inteligente-wi-fi-2200w-c-app-nedis\/\" \/>\n<meta property=\"og:locale\" content=\"en_US\" \/>\n<meta property=\"og:type\" content=\"article\" \/>\n<meta property=\"og:title\" content=\"TOMADA EL\u00c9TRICA INTELIGENTE WI-FI 2200W C\/ APP NEDIS - Curiosidades &amp; Dicas, Lda\" \/>\n<meta property=\"og:description\" content=\"F\u00e1cil de instalar por conex\u00e3o direta \u00e0 sua rede Wi-Fi  Pode ser usado como um produto independente ou facilmente conectado a outros produtos Nedis\u00ae SmartLife  Permite controlo remoto e automatizado atrav\u00e9s de programa\u00e7\u00e3o e emparelhamento de dispositivos  Suporta controle de voz em combina\u00e7\u00e3o com Amazon Alexa ou Google Home  Tens\u00e3o de entrada: 230 VAC 50 Hz  Faixa de frequ\u00eancia: 2412 - 2484 MHz  App dispon\u00edvel para: Android e iOS\" \/>\n<meta property=\"og:url\" content=\"https:\/\/curiosidadesedicas.com\/loja\/en\/product\/tomada-eletrica-inteligente-wi-fi-2200w-c-app-nedis\/\" \/>\n<meta property=\"og:site_name\" content=\"Curiosidades &amp; Dicas, Lda\" \/>\n<meta property=\"article:modified_time\" content=\"2020-06-25T08:49:33+00:00\" \/>\n<meta property=\"og:image\" content=\"https:\/\/curiosidadesedicas.com\/loja\/wp-content\/uploads\/2020\/06\/Screenshot-50.png\" \/>\n\t<meta property=\"og:image:width\" content=\"550\" \/>\n\t<meta property=\"og:image:height\" content=\"585\" \/>\n\t<meta property=\"og:image:type\" content=\"image\/png\" \/>\n<meta name=\"twitter:card\" content=\"summary_large_image\" \/>\n<script type=\"application\/ld+json\" class=\"yoast-schema-graph\">{\"@context\":\"https:\/\/schema.org\",\"@graph\":[{\"@type\":\"WebPage\",\"@id\":\"https:\/\/curiosidadesedicas.com\/loja\/produto\/tomada-eletrica-inteligente-wi-fi-2200w-c-app-nedis\/\",\"url\":\"https:\/\/curiosidadesedicas.com\/loja\/produto\/tomada-eletrica-inteligente-wi-fi-2200w-c-app-nedis\/\",\"name\":\"TOMADA EL\u00c9TRICA INTELIGENTE WI-FI 2200W C\/ APP NEDIS - Curiosidades &amp; Dicas, Lda\",\"isPartOf\":{\"@id\":\"https:\/\/curiosidadesedicas.com\/loja\/#website\"},\"primaryImageOfPage\":{\"@id\":\"https:\/\/curiosidadesedicas.com\/loja\/produto\/tomada-eletrica-inteligente-wi-fi-2200w-c-app-nedis\/#primaryimage\"},\"image\":{\"@id\":\"https:\/\/curiosidadesedicas.com\/loja\/produto\/tomada-eletrica-inteligente-wi-fi-2200w-c-app-nedis\/#primaryimage\"},\"thumbnailUrl\":\"https:\/\/curiosidadesedicas.com\/loja\/wp-content\/uploads\/2020\/06\/Screenshot-50.png\",\"datePublished\":\"2020-06-25T08:44:33+00:00\",\"dateModified\":\"2020-06-25T08:49:33+00:00\",\"breadcrumb\":{\"@id\":\"https:\/\/curiosidadesedicas.com\/loja\/produto\/tomada-eletrica-inteligente-wi-fi-2200w-c-app-nedis\/#breadcrumb\"},\"inLanguage\":\"en-US\",\"potentialAction\":[{\"@type\":\"ReadAction\",\"target\":[\"https:\/\/curiosidadesedicas.com\/loja\/produto\/tomada-eletrica-inteligente-wi-fi-2200w-c-app-nedis\/\"]}]},{\"@type\":\"ImageObject\",\"inLanguage\":\"en-US\",\"@id\":\"https:\/\/curiosidadesedicas.com\/loja\/produto\/tomada-eletrica-inteligente-wi-fi-2200w-c-app-nedis\/#primaryimage\",\"url\":\"https:\/\/curiosidadesedicas.com\/loja\/wp-content\/uploads\/2020\/06\/Screenshot-50.png\",\"contentUrl\":\"https:\/\/curiosidadesedicas.com\/loja\/wp-content\/uploads\/2020\/06\/Screenshot-50.png\",\"width\":550,\"height\":585},{\"@type\":\"BreadcrumbList\",\"@id\":\"https:\/\/curiosidadesedicas.com\/loja\/produto\/tomada-eletrica-inteligente-wi-fi-2200w-c-app-nedis\/#breadcrumb\",\"itemListElement\":[{\"@type\":\"ListItem\",\"position\":1,\"name\":\"In\u00edcio\",\"item\":\"https:\/\/curiosidadesedicas.com\/loja\/\"},{\"@type\":\"ListItem\",\"position\":2,\"name\":\"Produtos\",\"item\":\"https:\/\/curiosidadesedicas.com\/loja\/produtos\/\"},{\"@type\":\"ListItem\",\"position\":3,\"name\":\"TOMADA EL\u00c9TRICA INTELIGENTE WI-FI 2200W C\/ APP NEDIS\"}]},{\"@type\":\"WebSite\",\"@id\":\"https:\/\/curiosidadesedicas.com\/loja\/#website\",\"url\":\"https:\/\/curiosidadesedicas.com\/loja\/\",\"name\":\"Curiosidades &amp; Dicas, Lda\",\"description\":\"Apaixonados Por Inova\u00e7\u00e3o\",\"publisher\":{\"@id\":\"https:\/\/curiosidadesedicas.com\/loja\/#organization\"},\"potentialAction\":[{\"@type\":\"SearchAction\",\"target\":{\"@type\":\"EntryPoint\",\"urlTemplate\":\"https:\/\/curiosidadesedicas.com\/loja\/?s={search_term_string}\"},\"query-input\":{\"@type\":\"PropertyValueSpecification\",\"valueRequired\":true,\"valueName\":\"search_term_string\"}}],\"inLanguage\":\"en-US\"},{\"@type\":\"Organization\",\"@id\":\"https:\/\/curiosidadesedicas.com\/loja\/#organization\",\"name\":\"Curiosidades & Dicas\",\"url\":\"https:\/\/curiosidadesedicas.com\/loja\/\",\"logo\":{\"@type\":\"ImageObject\",\"inLanguage\":\"en-US\",\"@id\":\"https:\/\/curiosidadesedicas.com\/loja\/#\/schema\/logo\/image\/\",\"url\":\"https:\/\/curiosidadesedicas.com\/loja\/wp-content\/uploads\/2020\/05\/LogoCuriosidadesSimples.png\",\"contentUrl\":\"https:\/\/curiosidadesedicas.com\/loja\/wp-content\/uploads\/2020\/05\/LogoCuriosidadesSimples.png\",\"width\":3528,\"height\":804,\"caption\":\"Curiosidades & Dicas\"},\"image\":{\"@id\":\"https:\/\/curiosidadesedicas.com\/loja\/#\/schema\/logo\/image\/\"}}]}<\/script>\n<!-- \/ Yoast SEO plugin. -->","yoast_head_json":{"title":"TOMADA EL\u00c9TRICA INTELIGENTE WI-FI 2200W C\/ APP NEDIS - Curiosidades &amp; Dicas, Lda","robots":{"index":"index","follow":"follow","max-snippet":"max-snippet:-1","max-image-preview":"max-image-preview:large","max-video-preview":"max-video-preview:-1"},"canonical":"https:\/\/curiosidadesedicas.com\/loja\/en\/product\/tomada-eletrica-inteligente-wi-fi-2200w-c-app-nedis\/","og_locale":"en_US","og_type":"article","og_title":"TOMADA EL\u00c9TRICA INTELIGENTE WI-FI 2200W C\/ APP NEDIS - Curiosidades &amp; Dicas, Lda","og_description":"F\u00e1cil de instalar por conex\u00e3o direta \u00e0 sua rede Wi-Fi  Pode ser usado como um produto independente ou facilmente conectado a outros produtos Nedis\u00ae SmartLife  Permite controlo remoto e automatizado atrav\u00e9s de programa\u00e7\u00e3o e emparelhamento de dispositivos  Suporta controle de voz em combina\u00e7\u00e3o com Amazon Alexa ou Google Home  Tens\u00e3o de entrada: 230 VAC 50 Hz  Faixa de frequ\u00eancia: 2412 - 2484 MHz  App dispon\u00edvel para: Android e iOS","og_url":"https:\/\/curiosidadesedicas.com\/loja\/en\/product\/tomada-eletrica-inteligente-wi-fi-2200w-c-app-nedis\/","og_site_name":"Curiosidades &amp; Dicas, Lda","article_modified_time":"2020-06-25T08:49:33+00:00","og_image":[{"width":550,"height":585,"url":"https:\/\/curiosidadesedicas.com\/loja\/wp-content\/uploads\/2020\/06\/Screenshot-50.png","type":"image\/png"}],"twitter_card":"summary_large_image","schema":{"@context":"https:\/\/schema.org","@graph":[{"@type":"WebPage","@id":"https:\/\/curiosidadesedicas.com\/loja\/produto\/tomada-eletrica-inteligente-wi-fi-2200w-c-app-nedis\/","url":"https:\/\/curiosidadesedicas.com\/loja\/produto\/tomada-eletrica-inteligente-wi-fi-2200w-c-app-nedis\/","name":"TOMADA EL\u00c9TRICA INTELIGENTE WI-FI 2200W C\/ APP NEDIS - Curiosidades &amp; Dicas, Lda","isPartOf":{"@id":"https:\/\/curiosidadesedicas.com\/loja\/#website"},"primaryImageOfPage":{"@id":"https:\/\/curiosidadesedicas.com\/loja\/produto\/tomada-eletrica-inteligente-wi-fi-2200w-c-app-nedis\/#primaryimage"},"image":{"@id":"https:\/\/curiosidadesedicas.com\/loja\/produto\/tomada-eletrica-inteligente-wi-fi-2200w-c-app-nedis\/#primaryimage"},"thumbnailUrl":"https:\/\/curiosidadesedicas.com\/loja\/wp-content\/uploads\/2020\/06\/Screenshot-50.png","datePublished":"2020-06-25T08:44:33+00:00","dateModified":"2020-06-25T08:49:33+00:00","breadcrumb":{"@id":"https:\/\/curiosidadesedicas.com\/loja\/produto\/tomada-eletrica-inteligente-wi-fi-2200w-c-app-nedis\/#breadcrumb"},"inLanguage":"en-US","potentialAction":[{"@type":"ReadAction","target":["https:\/\/curiosidadesedicas.com\/loja\/produto\/tomada-eletrica-inteligente-wi-fi-2200w-c-app-nedis\/"]}]},{"@type":"ImageObject","inLanguage":"en-US","@id":"https:\/\/curiosidadesedicas.com\/loja\/produto\/tomada-eletrica-inteligente-wi-fi-2200w-c-app-nedis\/#primaryimage","url":"https:\/\/curiosidadesedicas.com\/loja\/wp-content\/uploads\/2020\/06\/Screenshot-50.png","contentUrl":"https:\/\/curiosidadesedicas.com\/loja\/wp-content\/uploads\/2020\/06\/Screenshot-50.png","width":550,"height":585},{"@type":"BreadcrumbList","@id":"https:\/\/curiosidadesedicas.com\/loja\/produto\/tomada-eletrica-inteligente-wi-fi-2200w-c-app-nedis\/#breadcrumb","itemListElement":[{"@type":"ListItem","position":1,"name":"In\u00edcio","item":"https:\/\/curiosidadesedicas.com\/loja\/"},{"@type":"ListItem","position":2,"name":"Produtos","item":"https:\/\/curiosidadesedicas.com\/loja\/produtos\/"},{"@type":"ListItem","position":3,"name":"TOMADA EL\u00c9TRICA INTELIGENTE WI-FI 2200W C\/ APP NEDIS"}]},{"@type":"WebSite","@id":"https:\/\/curiosidadesedicas.com\/loja\/#website","url":"https:\/\/curiosidadesedicas.com\/loja\/","name":"Curiosidades &amp; Dicas, Lda","description":"Apaixonados Por Inova\u00e7\u00e3o","publisher":{"@id":"https:\/\/curiosidadesedicas.com\/loja\/#organization"},"potentialAction":[{"@type":"SearchAction","target":{"@type":"EntryPoint","urlTemplate":"https:\/\/curiosidadesedicas.com\/loja\/?s={search_term_string}"},"query-input":{"@type":"PropertyValueSpecification","valueRequired":true,"valueName":"search_term_string"}}],"inLanguage":"en-US"},{"@type":"Organization","@id":"https:\/\/curiosidadesedicas.com\/loja\/#organization","name":"Curiosidades & Dicas","url":"https:\/\/curiosidadesedicas.com\/loja\/","logo":{"@type":"ImageObject","inLanguage":"en-US","@id":"https:\/\/curiosidadesedicas.com\/loja\/#\/schema\/logo\/image\/","url":"https:\/\/curiosidadesedicas.com\/loja\/wp-content\/uploads\/2020\/05\/LogoCuriosidadesSimples.png","contentUrl":"https:\/\/curiosidadesedicas.com\/loja\/wp-content\/uploads\/2020\/05\/LogoCuriosidadesSimples.png","width":3528,"height":804,"caption":"Curiosidades & Dicas"},"image":{"@id":"https:\/\/curiosidadesedicas.com\/loja\/#\/schema\/logo\/image\/"}}]}},"_links":{"self":[{"href":"https:\/\/curiosidadesedicas.com\/loja\/en\/wp-json\/wp\/v2\/product\/15977","targetHints":{"allow":["GET"]}}],"collection":[{"href":"https:\/\/curiosidadesedicas.com\/loja\/en\/wp-json\/wp\/v2\/product"}],"about":[{"href":"https:\/\/curiosidadesedicas.com\/loja\/en\/wp-json\/wp\/v2\/types\/product"}],"replies":[{"embeddable":true,"href":"https:\/\/curiosidadesedicas.com\/loja\/en\/wp-json\/wp\/v2\/comments?post=15977"}],"wp:featuredmedia":[{"embeddable":true,"href":"https:\/\/curiosidadesedicas.com\/loja\/en\/wp-json\/wp\/v2\/media\/15981"}],"wp:attachment":[{"href":"https:\/\/curiosidadesedicas.com\/loja\/en\/wp-json\/wp\/v2\/media?parent=15977"}],"wp:term":[{"taxonomy":"product_brand","embeddable":true,"href":"https:\/\/curiosidadesedicas.com\/loja\/en\/wp-json\/wp\/v2\/product_brand?post=15977"},{"taxonomy":"product_cat","embeddable":true,"href":"https:\/\/curiosidadesedicas.com\/loja\/en\/wp-json\/wp\/v2\/product_cat?post=15977"},{"taxonomy":"product_tag","embeddable":true,"href":"https:\/\/curiosidadesedicas.com\/loja\/en\/wp-json\/wp\/v2\/product_tag?post=15977"}],"curies":[{"name":"wp","href":"https:\/\/api.w.org\/{rel}","templated":true}]}}