{"id":15810,"date":"2020-06-23T17:33:35","date_gmt":"2020-06-23T17:33:35","guid":{"rendered":"https:\/\/curiosidadesedicas.com\/loja\/?post_type=product&#038;p=15810"},"modified":"2020-06-23T17:36:38","modified_gmt":"2020-06-23T17:36:38","slug":"pulseira-led-p-pratica-desportiva-ksix-4-preto-neopreno","status":"publish","type":"product","link":"https:\/\/curiosidadesedicas.com\/loja\/en\/product\/pulseira-led-p-pratica-desportiva-ksix-4-preto-neopreno\/","title":{"rendered":"PULSEIRA LED P\/ PR\u00c1TICA DESPORTIVA KSIX 4&#8243; PRETO NEOPRENO"},"content":{"rendered":"<p><b>A Pulseira LED para pr\u00e1tica desportiva KSIX 4&#8243; Preto Neopreno <\/b>\u00e9 excelente para pr\u00e1ticas desportivas! Compat\u00edvel com Smartphone 4&#8243;, \u00e9 ajust\u00e1vel e tem fecho de correr.<\/p>","protected":false},"excerpt":{"rendered":"<ul>\n<li>Cor: Preto<\/li>\n<li>Ilumina\u00e7\u00e3o: LED<\/li>\n<li>Material: Neopreno<\/li>\n<li>Tipo: Ajust\u00e1vel<\/li>\n<li>Tipo de fecho: Fecho de correr<\/li>\n<li>Compat\u00edvel: Smartphone 4&#8243;<\/li>\n<li>Inclui: Janela frontal transparente que mant\u00e9m as fun\u00e7\u00f5es t\u00e1teis<\/li>\n<li>Medidas aprox.: 12,4 x 6,8 x 1,2 cm<\/li>\n<\/ul>","protected":false},"featured_media":15811,"comment_status":"open","ping_status":"closed","template":"","meta":{"_glsr_average":0,"_glsr_ranking":0,"_glsr_reviews":0},"product_brand":[],"product_cat":[357,361,345,349],"product_tag":[],"class_list":{"0":"post-15810","1":"product","2":"type-product","3":"status-publish","4":"has-post-thumbnail","6":"product_cat-bem-estar","7":"product_cat-desporto","8":"product_cat-gadgets-led","9":"product_cat-lanternas-led","11":"first","12":"instock","13":"taxable","14":"shipping-taxable","15":"purchasable","16":"product-type-simple"},"yoast_head":"<!-- This site is optimized with the Yoast SEO plugin v26.8 - https:\/\/yoast.com\/product\/yoast-seo-wordpress\/ -->\n<title>PULSEIRA LED P\/ PR\u00c1TICA DESPORTIVA KSIX 4&quot; PRETO NEOPRENO - Curiosidades &amp; Dicas, Lda<\/title>\n<meta name=\"robots\" content=\"index, follow, max-snippet:-1, max-image-preview:large, max-video-preview:-1\" \/>\n<link rel=\"canonical\" href=\"https:\/\/curiosidadesedicas.com\/loja\/en\/product\/pulseira-led-p-pratica-desportiva-ksix-4-preto-neopreno\/\" \/>\n<meta property=\"og:locale\" content=\"en_US\" \/>\n<meta property=\"og:type\" content=\"article\" \/>\n<meta property=\"og:title\" content=\"PULSEIRA LED P\/ PR\u00c1TICA DESPORTIVA KSIX 4&quot; PRETO NEOPRENO - Curiosidades &amp; Dicas, Lda\" \/>\n<meta property=\"og:description\" content=\"Cor: Preto  Ilumina\u00e7\u00e3o: LED  Material: Neopreno  Tipo: Ajust\u00e1vel  Tipo de fecho: Fecho de correr  Compat\u00edvel: Smartphone 4&quot;  Inclui: Janela frontal transparente que mant\u00e9m as fun\u00e7\u00f5es t\u00e1teis  Medidas aprox.: 12,4 x 6,8 x 1,2 cm\" \/>\n<meta property=\"og:url\" content=\"https:\/\/curiosidadesedicas.com\/loja\/en\/product\/pulseira-led-p-pratica-desportiva-ksix-4-preto-neopreno\/\" \/>\n<meta property=\"og:site_name\" content=\"Curiosidades &amp; Dicas, Lda\" \/>\n<meta property=\"article:modified_time\" content=\"2020-06-23T17:36:38+00:00\" \/>\n<meta property=\"og:image\" content=\"https:\/\/curiosidadesedicas.com\/loja\/wp-content\/uploads\/2020\/06\/pulseira-led-para-pratica-desportiva-4-preto-neopreno_99293-1.jpg\" \/>\n\t<meta property=\"og:image:width\" content=\"600\" \/>\n\t<meta property=\"og:image:height\" content=\"600\" \/>\n\t<meta property=\"og:image:type\" content=\"image\/jpeg\" \/>\n<meta name=\"twitter:card\" content=\"summary_large_image\" \/>\n<script type=\"application\/ld+json\" class=\"yoast-schema-graph\">{\"@context\":\"https:\/\/schema.org\",\"@graph\":[{\"@type\":\"WebPage\",\"@id\":\"https:\/\/curiosidadesedicas.com\/loja\/produto\/pulseira-led-p-pratica-desportiva-ksix-4-preto-neopreno\/\",\"url\":\"https:\/\/curiosidadesedicas.com\/loja\/produto\/pulseira-led-p-pratica-desportiva-ksix-4-preto-neopreno\/\",\"name\":\"PULSEIRA LED P\/ PR\u00c1TICA DESPORTIVA KSIX 4\\\" PRETO NEOPRENO - Curiosidades &amp; Dicas, Lda\",\"isPartOf\":{\"@id\":\"https:\/\/curiosidadesedicas.com\/loja\/#website\"},\"primaryImageOfPage\":{\"@id\":\"https:\/\/curiosidadesedicas.com\/loja\/produto\/pulseira-led-p-pratica-desportiva-ksix-4-preto-neopreno\/#primaryimage\"},\"image\":{\"@id\":\"https:\/\/curiosidadesedicas.com\/loja\/produto\/pulseira-led-p-pratica-desportiva-ksix-4-preto-neopreno\/#primaryimage\"},\"thumbnailUrl\":\"https:\/\/curiosidadesedicas.com\/loja\/wp-content\/uploads\/2020\/06\/pulseira-led-para-pratica-desportiva-4-preto-neopreno_99293-1.jpg\",\"datePublished\":\"2020-06-23T17:33:35+00:00\",\"dateModified\":\"2020-06-23T17:36:38+00:00\",\"breadcrumb\":{\"@id\":\"https:\/\/curiosidadesedicas.com\/loja\/produto\/pulseira-led-p-pratica-desportiva-ksix-4-preto-neopreno\/#breadcrumb\"},\"inLanguage\":\"en-US\",\"potentialAction\":[{\"@type\":\"ReadAction\",\"target\":[\"https:\/\/curiosidadesedicas.com\/loja\/produto\/pulseira-led-p-pratica-desportiva-ksix-4-preto-neopreno\/\"]}]},{\"@type\":\"ImageObject\",\"inLanguage\":\"en-US\",\"@id\":\"https:\/\/curiosidadesedicas.com\/loja\/produto\/pulseira-led-p-pratica-desportiva-ksix-4-preto-neopreno\/#primaryimage\",\"url\":\"https:\/\/curiosidadesedicas.com\/loja\/wp-content\/uploads\/2020\/06\/pulseira-led-para-pratica-desportiva-4-preto-neopreno_99293-1.jpg\",\"contentUrl\":\"https:\/\/curiosidadesedicas.com\/loja\/wp-content\/uploads\/2020\/06\/pulseira-led-para-pratica-desportiva-4-preto-neopreno_99293-1.jpg\",\"width\":600,\"height\":600},{\"@type\":\"BreadcrumbList\",\"@id\":\"https:\/\/curiosidadesedicas.com\/loja\/produto\/pulseira-led-p-pratica-desportiva-ksix-4-preto-neopreno\/#breadcrumb\",\"itemListElement\":[{\"@type\":\"ListItem\",\"position\":1,\"name\":\"In\u00edcio\",\"item\":\"https:\/\/curiosidadesedicas.com\/loja\/\"},{\"@type\":\"ListItem\",\"position\":2,\"name\":\"Produtos\",\"item\":\"https:\/\/curiosidadesedicas.com\/loja\/produtos\/\"},{\"@type\":\"ListItem\",\"position\":3,\"name\":\"PULSEIRA LED P\/ PR\u00c1TICA DESPORTIVA KSIX 4&#8243; PRETO NEOPRENO\"}]},{\"@type\":\"WebSite\",\"@id\":\"https:\/\/curiosidadesedicas.com\/loja\/#website\",\"url\":\"https:\/\/curiosidadesedicas.com\/loja\/\",\"name\":\"Curiosidades &amp; Dicas, Lda\",\"description\":\"Apaixonados Por Inova\u00e7\u00e3o\",\"publisher\":{\"@id\":\"https:\/\/curiosidadesedicas.com\/loja\/#organization\"},\"potentialAction\":[{\"@type\":\"SearchAction\",\"target\":{\"@type\":\"EntryPoint\",\"urlTemplate\":\"https:\/\/curiosidadesedicas.com\/loja\/?s={search_term_string}\"},\"query-input\":{\"@type\":\"PropertyValueSpecification\",\"valueRequired\":true,\"valueName\":\"search_term_string\"}}],\"inLanguage\":\"en-US\"},{\"@type\":\"Organization\",\"@id\":\"https:\/\/curiosidadesedicas.com\/loja\/#organization\",\"name\":\"Curiosidades & Dicas\",\"url\":\"https:\/\/curiosidadesedicas.com\/loja\/\",\"logo\":{\"@type\":\"ImageObject\",\"inLanguage\":\"en-US\",\"@id\":\"https:\/\/curiosidadesedicas.com\/loja\/#\/schema\/logo\/image\/\",\"url\":\"https:\/\/curiosidadesedicas.com\/loja\/wp-content\/uploads\/2020\/05\/LogoCuriosidadesSimples.png\",\"contentUrl\":\"https:\/\/curiosidadesedicas.com\/loja\/wp-content\/uploads\/2020\/05\/LogoCuriosidadesSimples.png\",\"width\":3528,\"height\":804,\"caption\":\"Curiosidades & Dicas\"},\"image\":{\"@id\":\"https:\/\/curiosidadesedicas.com\/loja\/#\/schema\/logo\/image\/\"}}]}<\/script>\n<!-- \/ Yoast SEO plugin. -->","yoast_head_json":{"title":"PULSEIRA LED P\/ PR\u00c1TICA DESPORTIVA KSIX 4\" PRETO NEOPRENO - Curiosidades &amp; Dicas, Lda","robots":{"index":"index","follow":"follow","max-snippet":"max-snippet:-1","max-image-preview":"max-image-preview:large","max-video-preview":"max-video-preview:-1"},"canonical":"https:\/\/curiosidadesedicas.com\/loja\/en\/product\/pulseira-led-p-pratica-desportiva-ksix-4-preto-neopreno\/","og_locale":"en_US","og_type":"article","og_title":"PULSEIRA LED P\/ PR\u00c1TICA DESPORTIVA KSIX 4\" PRETO NEOPRENO - Curiosidades &amp; Dicas, Lda","og_description":"Cor: Preto  Ilumina\u00e7\u00e3o: LED  Material: Neopreno  Tipo: Ajust\u00e1vel  Tipo de fecho: Fecho de correr  Compat\u00edvel: Smartphone 4\"  Inclui: Janela frontal transparente que mant\u00e9m as fun\u00e7\u00f5es t\u00e1teis  Medidas aprox.: 12,4 x 6,8 x 1,2 cm","og_url":"https:\/\/curiosidadesedicas.com\/loja\/en\/product\/pulseira-led-p-pratica-desportiva-ksix-4-preto-neopreno\/","og_site_name":"Curiosidades &amp; Dicas, Lda","article_modified_time":"2020-06-23T17:36:38+00:00","og_image":[{"width":600,"height":600,"url":"https:\/\/curiosidadesedicas.com\/loja\/wp-content\/uploads\/2020\/06\/pulseira-led-para-pratica-desportiva-4-preto-neopreno_99293-1.jpg","type":"image\/jpeg"}],"twitter_card":"summary_large_image","schema":{"@context":"https:\/\/schema.org","@graph":[{"@type":"WebPage","@id":"https:\/\/curiosidadesedicas.com\/loja\/produto\/pulseira-led-p-pratica-desportiva-ksix-4-preto-neopreno\/","url":"https:\/\/curiosidadesedicas.com\/loja\/produto\/pulseira-led-p-pratica-desportiva-ksix-4-preto-neopreno\/","name":"PULSEIRA LED P\/ PR\u00c1TICA DESPORTIVA KSIX 4\" PRETO NEOPRENO - Curiosidades &amp; Dicas, Lda","isPartOf":{"@id":"https:\/\/curiosidadesedicas.com\/loja\/#website"},"primaryImageOfPage":{"@id":"https:\/\/curiosidadesedicas.com\/loja\/produto\/pulseira-led-p-pratica-desportiva-ksix-4-preto-neopreno\/#primaryimage"},"image":{"@id":"https:\/\/curiosidadesedicas.com\/loja\/produto\/pulseira-led-p-pratica-desportiva-ksix-4-preto-neopreno\/#primaryimage"},"thumbnailUrl":"https:\/\/curiosidadesedicas.com\/loja\/wp-content\/uploads\/2020\/06\/pulseira-led-para-pratica-desportiva-4-preto-neopreno_99293-1.jpg","datePublished":"2020-06-23T17:33:35+00:00","dateModified":"2020-06-23T17:36:38+00:00","breadcrumb":{"@id":"https:\/\/curiosidadesedicas.com\/loja\/produto\/pulseira-led-p-pratica-desportiva-ksix-4-preto-neopreno\/#breadcrumb"},"inLanguage":"en-US","potentialAction":[{"@type":"ReadAction","target":["https:\/\/curiosidadesedicas.com\/loja\/produto\/pulseira-led-p-pratica-desportiva-ksix-4-preto-neopreno\/"]}]},{"@type":"ImageObject","inLanguage":"en-US","@id":"https:\/\/curiosidadesedicas.com\/loja\/produto\/pulseira-led-p-pratica-desportiva-ksix-4-preto-neopreno\/#primaryimage","url":"https:\/\/curiosidadesedicas.com\/loja\/wp-content\/uploads\/2020\/06\/pulseira-led-para-pratica-desportiva-4-preto-neopreno_99293-1.jpg","contentUrl":"https:\/\/curiosidadesedicas.com\/loja\/wp-content\/uploads\/2020\/06\/pulseira-led-para-pratica-desportiva-4-preto-neopreno_99293-1.jpg","width":600,"height":600},{"@type":"BreadcrumbList","@id":"https:\/\/curiosidadesedicas.com\/loja\/produto\/pulseira-led-p-pratica-desportiva-ksix-4-preto-neopreno\/#breadcrumb","itemListElement":[{"@type":"ListItem","position":1,"name":"In\u00edcio","item":"https:\/\/curiosidadesedicas.com\/loja\/"},{"@type":"ListItem","position":2,"name":"Produtos","item":"https:\/\/curiosidadesedicas.com\/loja\/produtos\/"},{"@type":"ListItem","position":3,"name":"PULSEIRA LED P\/ PR\u00c1TICA DESPORTIVA KSIX 4&#8243; PRETO NEOPRENO"}]},{"@type":"WebSite","@id":"https:\/\/curiosidadesedicas.com\/loja\/#website","url":"https:\/\/curiosidadesedicas.com\/loja\/","name":"Curiosidades &amp; Dicas, Lda","description":"Apaixonados Por Inova\u00e7\u00e3o","publisher":{"@id":"https:\/\/curiosidadesedicas.com\/loja\/#organization"},"potentialAction":[{"@type":"SearchAction","target":{"@type":"EntryPoint","urlTemplate":"https:\/\/curiosidadesedicas.com\/loja\/?s={search_term_string}"},"query-input":{"@type":"PropertyValueSpecification","valueRequired":true,"valueName":"search_term_string"}}],"inLanguage":"en-US"},{"@type":"Organization","@id":"https:\/\/curiosidadesedicas.com\/loja\/#organization","name":"Curiosidades & Dicas","url":"https:\/\/curiosidadesedicas.com\/loja\/","logo":{"@type":"ImageObject","inLanguage":"en-US","@id":"https:\/\/curiosidadesedicas.com\/loja\/#\/schema\/logo\/image\/","url":"https:\/\/curiosidadesedicas.com\/loja\/wp-content\/uploads\/2020\/05\/LogoCuriosidadesSimples.png","contentUrl":"https:\/\/curiosidadesedicas.com\/loja\/wp-content\/uploads\/2020\/05\/LogoCuriosidadesSimples.png","width":3528,"height":804,"caption":"Curiosidades & Dicas"},"image":{"@id":"https:\/\/curiosidadesedicas.com\/loja\/#\/schema\/logo\/image\/"}}]}},"_links":{"self":[{"href":"https:\/\/curiosidadesedicas.com\/loja\/en\/wp-json\/wp\/v2\/product\/15810","targetHints":{"allow":["GET"]}}],"collection":[{"href":"https:\/\/curiosidadesedicas.com\/loja\/en\/wp-json\/wp\/v2\/product"}],"about":[{"href":"https:\/\/curiosidadesedicas.com\/loja\/en\/wp-json\/wp\/v2\/types\/product"}],"replies":[{"embeddable":true,"href":"https:\/\/curiosidadesedicas.com\/loja\/en\/wp-json\/wp\/v2\/comments?post=15810"}],"wp:featuredmedia":[{"embeddable":true,"href":"https:\/\/curiosidadesedicas.com\/loja\/en\/wp-json\/wp\/v2\/media\/15811"}],"wp:attachment":[{"href":"https:\/\/curiosidadesedicas.com\/loja\/en\/wp-json\/wp\/v2\/media?parent=15810"}],"wp:term":[{"taxonomy":"product_brand","embeddable":true,"href":"https:\/\/curiosidadesedicas.com\/loja\/en\/wp-json\/wp\/v2\/product_brand?post=15810"},{"taxonomy":"product_cat","embeddable":true,"href":"https:\/\/curiosidadesedicas.com\/loja\/en\/wp-json\/wp\/v2\/product_cat?post=15810"},{"taxonomy":"product_tag","embeddable":true,"href":"https:\/\/curiosidadesedicas.com\/loja\/en\/wp-json\/wp\/v2\/product_tag?post=15810"}],"curies":[{"name":"wp","href":"https:\/\/api.w.org\/{rel}","templated":true}]}}