{"id":15461,"date":"2020-06-22T12:59:31","date_gmt":"2020-06-22T12:59:31","guid":{"rendered":"https:\/\/curiosidadesedicas.com\/loja\/?post_type=product&#038;p=15461"},"modified":"2025-03-20T10:43:34","modified_gmt":"2025-03-20T10:43:34","slug":"tocha-led-c-altifalante-bluetooth","status":"publish","type":"product","link":"https:\/\/curiosidadesedicas.com\/loja\/en\/product\/tocha-led-c-altifalante-bluetooth\/","title":{"rendered":"TOCHA LED C\/ COLUNA BLUETOOTH"},"content":{"rendered":"<p>Esta ilumina\u00e7\u00e3o LED \u00e9 muito moderna e vers\u00e1til, podendo ser utilizada em interiores ou em jardins e outros ambientes de exterior. Gra\u00e7as ao seu design original, a tocha \u00e9 perfeita para ambientar festas e eventos especiais. Al\u00e9m disso, a sua luz t\u00e9nue cria um ambiente relaxante e acolhedor.<\/p>","protected":false},"excerpt":{"rendered":"<ul>\n<li>Fabricada em ABS<\/li>\n<li>96 LED (luz quente com efeito chama)<\/li>\n<li>Design moderno e vers\u00e1til<\/li>\n<li>P\u00e9 de l\u00e2mpada para colocar em interiores como luz auxiliar<\/li>\n<li>Estaca para colocar em jardins e utilizar como luz exterior<\/li>\n<li>Frequ\u00eancia de luz apropriada para o olho humano (evita o cansa\u00e7o ocular e relaxa a vista)<\/li>\n<li>Coluna (3 W)<\/li>\n<li>Bluetooth 4.2 (alcance\u00a0aprox.: 10 m)<\/li>\n<li>Bateria recarreg\u00e1vel (5 V, 1800 mAh)<\/li>\n<li>Inclui cabo USB\u00a0de carga<\/li>\n<li>Tempo de carga aprox.: 4-6 h<\/li>\n<li>Autonomia aprox.: 3-4 h<\/li>\n<li>Indicada para interiores e exteriores<\/li>\n<li>Resistente \u00e0 \u00e1gua (IPX4)<\/li>\n<li>Di\u00e2metro x altura\u00a0aprox. (com p\u00e9 de l\u00e2mpada):\u00a010 x 26 cm<\/li>\n<li>Di\u00e2metro x altura\u00a0aprox. (com estaca para o jardim):\u00a010\u00a0x\u00a070\u00a0cm<\/li>\n<\/ul>","protected":false},"featured_media":15462,"comment_status":"open","ping_status":"closed","template":"","meta":{"_glsr_average":0,"_glsr_ranking":0,"_glsr_reviews":0},"product_brand":[],"product_cat":[345,376,377],"product_tag":[],"class_list":{"0":"post-15461","1":"product","2":"type-product","3":"status-publish","4":"has-post-thumbnail","6":"product_cat-gadgets-led","7":"product_cat-som-e-imagem","8":"product_cat-colunas","10":"first","11":"instock","12":"taxable","13":"shipping-taxable","14":"purchasable","15":"product-type-simple"},"yoast_head":"<!-- This site is optimized with the Yoast SEO plugin v26.8 - https:\/\/yoast.com\/product\/yoast-seo-wordpress\/ -->\n<title>TOCHA LED C\/ COLUNA BLUETOOTH - Curiosidades &amp; Dicas, Lda<\/title>\n<meta name=\"robots\" content=\"index, follow, max-snippet:-1, max-image-preview:large, max-video-preview:-1\" \/>\n<link rel=\"canonical\" href=\"https:\/\/curiosidadesedicas.com\/loja\/en\/product\/tocha-led-c-altifalante-bluetooth\/\" \/>\n<meta property=\"og:locale\" content=\"en_US\" \/>\n<meta property=\"og:type\" content=\"article\" \/>\n<meta property=\"og:title\" content=\"TOCHA LED C\/ COLUNA BLUETOOTH - Curiosidades &amp; Dicas, Lda\" \/>\n<meta property=\"og:description\" content=\"Fabricada em ABS  96 LED (luz quente com efeito chama)  Design moderno e vers\u00e1til  P\u00e9 de l\u00e2mpada para colocar em interiores como luz auxiliar  Estaca para colocar em jardins e utilizar como luz exterior  Frequ\u00eancia de luz apropriada para o olho humano (evita o cansa\u00e7o ocular e relaxa a vista)  Coluna (3 W)  Bluetooth 4.2 (alcance\u00a0aprox.: 10 m)  Bateria recarreg\u00e1vel (5 V, 1800 mAh)  Inclui cabo USB\u00a0de carga  Tempo de carga aprox.: 4-6 h  Autonomia aprox.: 3-4 h  Indicada para interiores e exteriores  Resistente \u00e0 \u00e1gua (IPX4)  Di\u00e2metro x altura\u00a0aprox. (com p\u00e9 de l\u00e2mpada):\u00a010 x 26 cm  Di\u00e2metro x altura\u00a0aprox. (com estaca para o jardim):\u00a010\u00a0x\u00a070\u00a0cm\" \/>\n<meta property=\"og:url\" content=\"https:\/\/curiosidadesedicas.com\/loja\/en\/product\/tocha-led-c-altifalante-bluetooth\/\" \/>\n<meta property=\"og:site_name\" content=\"Curiosidades &amp; Dicas, Lda\" \/>\n<meta property=\"article:modified_time\" content=\"2025-03-20T10:43:34+00:00\" \/>\n<meta property=\"og:image\" content=\"https:\/\/curiosidadesedicas.com\/loja\/wp-content\/uploads\/2020\/06\/tocha-led-com-altifalante-bluetooth-innovagoods.jpg\" \/>\n\t<meta property=\"og:image:width\" content=\"600\" \/>\n\t<meta property=\"og:image:height\" content=\"600\" \/>\n\t<meta property=\"og:image:type\" content=\"image\/jpeg\" \/>\n<meta name=\"twitter:card\" content=\"summary_large_image\" \/>\n<meta name=\"twitter:label1\" content=\"Est. reading time\" \/>\n\t<meta name=\"twitter:data1\" content=\"1 minute\" \/>\n<script type=\"application\/ld+json\" class=\"yoast-schema-graph\">{\"@context\":\"https:\/\/schema.org\",\"@graph\":[{\"@type\":\"WebPage\",\"@id\":\"https:\/\/curiosidadesedicas.com\/loja\/produto\/tocha-led-c-altifalante-bluetooth\/\",\"url\":\"https:\/\/curiosidadesedicas.com\/loja\/produto\/tocha-led-c-altifalante-bluetooth\/\",\"name\":\"TOCHA LED C\/ COLUNA BLUETOOTH - Curiosidades &amp; Dicas, Lda\",\"isPartOf\":{\"@id\":\"https:\/\/curiosidadesedicas.com\/loja\/#website\"},\"primaryImageOfPage\":{\"@id\":\"https:\/\/curiosidadesedicas.com\/loja\/produto\/tocha-led-c-altifalante-bluetooth\/#primaryimage\"},\"image\":{\"@id\":\"https:\/\/curiosidadesedicas.com\/loja\/produto\/tocha-led-c-altifalante-bluetooth\/#primaryimage\"},\"thumbnailUrl\":\"https:\/\/curiosidadesedicas.com\/loja\/wp-content\/uploads\/2020\/06\/tocha-led-com-altifalante-bluetooth-innovagoods.jpg\",\"datePublished\":\"2020-06-22T12:59:31+00:00\",\"dateModified\":\"2025-03-20T10:43:34+00:00\",\"breadcrumb\":{\"@id\":\"https:\/\/curiosidadesedicas.com\/loja\/produto\/tocha-led-c-altifalante-bluetooth\/#breadcrumb\"},\"inLanguage\":\"en-US\",\"potentialAction\":[{\"@type\":\"ReadAction\",\"target\":[\"https:\/\/curiosidadesedicas.com\/loja\/produto\/tocha-led-c-altifalante-bluetooth\/\"]}]},{\"@type\":\"ImageObject\",\"inLanguage\":\"en-US\",\"@id\":\"https:\/\/curiosidadesedicas.com\/loja\/produto\/tocha-led-c-altifalante-bluetooth\/#primaryimage\",\"url\":\"https:\/\/curiosidadesedicas.com\/loja\/wp-content\/uploads\/2020\/06\/tocha-led-com-altifalante-bluetooth-innovagoods.jpg\",\"contentUrl\":\"https:\/\/curiosidadesedicas.com\/loja\/wp-content\/uploads\/2020\/06\/tocha-led-com-altifalante-bluetooth-innovagoods.jpg\",\"width\":600,\"height\":600},{\"@type\":\"BreadcrumbList\",\"@id\":\"https:\/\/curiosidadesedicas.com\/loja\/produto\/tocha-led-c-altifalante-bluetooth\/#breadcrumb\",\"itemListElement\":[{\"@type\":\"ListItem\",\"position\":1,\"name\":\"In\u00edcio\",\"item\":\"https:\/\/curiosidadesedicas.com\/loja\/\"},{\"@type\":\"ListItem\",\"position\":2,\"name\":\"Produtos\",\"item\":\"https:\/\/curiosidadesedicas.com\/loja\/produtos\/\"},{\"@type\":\"ListItem\",\"position\":3,\"name\":\"TOCHA LED C\/ COLUNA BLUETOOTH\"}]},{\"@type\":\"WebSite\",\"@id\":\"https:\/\/curiosidadesedicas.com\/loja\/#website\",\"url\":\"https:\/\/curiosidadesedicas.com\/loja\/\",\"name\":\"Curiosidades &amp; Dicas, Lda\",\"description\":\"Apaixonados Por Inova\u00e7\u00e3o\",\"publisher\":{\"@id\":\"https:\/\/curiosidadesedicas.com\/loja\/#organization\"},\"potentialAction\":[{\"@type\":\"SearchAction\",\"target\":{\"@type\":\"EntryPoint\",\"urlTemplate\":\"https:\/\/curiosidadesedicas.com\/loja\/?s={search_term_string}\"},\"query-input\":{\"@type\":\"PropertyValueSpecification\",\"valueRequired\":true,\"valueName\":\"search_term_string\"}}],\"inLanguage\":\"en-US\"},{\"@type\":\"Organization\",\"@id\":\"https:\/\/curiosidadesedicas.com\/loja\/#organization\",\"name\":\"Curiosidades & Dicas\",\"url\":\"https:\/\/curiosidadesedicas.com\/loja\/\",\"logo\":{\"@type\":\"ImageObject\",\"inLanguage\":\"en-US\",\"@id\":\"https:\/\/curiosidadesedicas.com\/loja\/#\/schema\/logo\/image\/\",\"url\":\"https:\/\/curiosidadesedicas.com\/loja\/wp-content\/uploads\/2020\/05\/LogoCuriosidadesSimples.png\",\"contentUrl\":\"https:\/\/curiosidadesedicas.com\/loja\/wp-content\/uploads\/2020\/05\/LogoCuriosidadesSimples.png\",\"width\":3528,\"height\":804,\"caption\":\"Curiosidades & Dicas\"},\"image\":{\"@id\":\"https:\/\/curiosidadesedicas.com\/loja\/#\/schema\/logo\/image\/\"}}]}<\/script>\n<!-- \/ Yoast SEO plugin. -->","yoast_head_json":{"title":"TOCHA LED C\/ COLUNA BLUETOOTH - Curiosidades &amp; Dicas, Lda","robots":{"index":"index","follow":"follow","max-snippet":"max-snippet:-1","max-image-preview":"max-image-preview:large","max-video-preview":"max-video-preview:-1"},"canonical":"https:\/\/curiosidadesedicas.com\/loja\/en\/product\/tocha-led-c-altifalante-bluetooth\/","og_locale":"en_US","og_type":"article","og_title":"TOCHA LED C\/ COLUNA BLUETOOTH - Curiosidades &amp; Dicas, Lda","og_description":"Fabricada em ABS  96 LED (luz quente com efeito chama)  Design moderno e vers\u00e1til  P\u00e9 de l\u00e2mpada para colocar em interiores como luz auxiliar  Estaca para colocar em jardins e utilizar como luz exterior  Frequ\u00eancia de luz apropriada para o olho humano (evita o cansa\u00e7o ocular e relaxa a vista)  Coluna (3 W)  Bluetooth 4.2 (alcance\u00a0aprox.: 10 m)  Bateria recarreg\u00e1vel (5 V, 1800 mAh)  Inclui cabo USB\u00a0de carga  Tempo de carga aprox.: 4-6 h  Autonomia aprox.: 3-4 h  Indicada para interiores e exteriores  Resistente \u00e0 \u00e1gua (IPX4)  Di\u00e2metro x altura\u00a0aprox. (com p\u00e9 de l\u00e2mpada):\u00a010 x 26 cm  Di\u00e2metro x altura\u00a0aprox. (com estaca para o jardim):\u00a010\u00a0x\u00a070\u00a0cm","og_url":"https:\/\/curiosidadesedicas.com\/loja\/en\/product\/tocha-led-c-altifalante-bluetooth\/","og_site_name":"Curiosidades &amp; Dicas, Lda","article_modified_time":"2025-03-20T10:43:34+00:00","og_image":[{"width":600,"height":600,"url":"https:\/\/curiosidadesedicas.com\/loja\/wp-content\/uploads\/2020\/06\/tocha-led-com-altifalante-bluetooth-innovagoods.jpg","type":"image\/jpeg"}],"twitter_card":"summary_large_image","twitter_misc":{"Est. reading time":"1 minute"},"schema":{"@context":"https:\/\/schema.org","@graph":[{"@type":"WebPage","@id":"https:\/\/curiosidadesedicas.com\/loja\/produto\/tocha-led-c-altifalante-bluetooth\/","url":"https:\/\/curiosidadesedicas.com\/loja\/produto\/tocha-led-c-altifalante-bluetooth\/","name":"TOCHA LED C\/ COLUNA BLUETOOTH - Curiosidades &amp; Dicas, Lda","isPartOf":{"@id":"https:\/\/curiosidadesedicas.com\/loja\/#website"},"primaryImageOfPage":{"@id":"https:\/\/curiosidadesedicas.com\/loja\/produto\/tocha-led-c-altifalante-bluetooth\/#primaryimage"},"image":{"@id":"https:\/\/curiosidadesedicas.com\/loja\/produto\/tocha-led-c-altifalante-bluetooth\/#primaryimage"},"thumbnailUrl":"https:\/\/curiosidadesedicas.com\/loja\/wp-content\/uploads\/2020\/06\/tocha-led-com-altifalante-bluetooth-innovagoods.jpg","datePublished":"2020-06-22T12:59:31+00:00","dateModified":"2025-03-20T10:43:34+00:00","breadcrumb":{"@id":"https:\/\/curiosidadesedicas.com\/loja\/produto\/tocha-led-c-altifalante-bluetooth\/#breadcrumb"},"inLanguage":"en-US","potentialAction":[{"@type":"ReadAction","target":["https:\/\/curiosidadesedicas.com\/loja\/produto\/tocha-led-c-altifalante-bluetooth\/"]}]},{"@type":"ImageObject","inLanguage":"en-US","@id":"https:\/\/curiosidadesedicas.com\/loja\/produto\/tocha-led-c-altifalante-bluetooth\/#primaryimage","url":"https:\/\/curiosidadesedicas.com\/loja\/wp-content\/uploads\/2020\/06\/tocha-led-com-altifalante-bluetooth-innovagoods.jpg","contentUrl":"https:\/\/curiosidadesedicas.com\/loja\/wp-content\/uploads\/2020\/06\/tocha-led-com-altifalante-bluetooth-innovagoods.jpg","width":600,"height":600},{"@type":"BreadcrumbList","@id":"https:\/\/curiosidadesedicas.com\/loja\/produto\/tocha-led-c-altifalante-bluetooth\/#breadcrumb","itemListElement":[{"@type":"ListItem","position":1,"name":"In\u00edcio","item":"https:\/\/curiosidadesedicas.com\/loja\/"},{"@type":"ListItem","position":2,"name":"Produtos","item":"https:\/\/curiosidadesedicas.com\/loja\/produtos\/"},{"@type":"ListItem","position":3,"name":"TOCHA LED C\/ COLUNA BLUETOOTH"}]},{"@type":"WebSite","@id":"https:\/\/curiosidadesedicas.com\/loja\/#website","url":"https:\/\/curiosidadesedicas.com\/loja\/","name":"Curiosidades &amp; Dicas, Lda","description":"Apaixonados Por Inova\u00e7\u00e3o","publisher":{"@id":"https:\/\/curiosidadesedicas.com\/loja\/#organization"},"potentialAction":[{"@type":"SearchAction","target":{"@type":"EntryPoint","urlTemplate":"https:\/\/curiosidadesedicas.com\/loja\/?s={search_term_string}"},"query-input":{"@type":"PropertyValueSpecification","valueRequired":true,"valueName":"search_term_string"}}],"inLanguage":"en-US"},{"@type":"Organization","@id":"https:\/\/curiosidadesedicas.com\/loja\/#organization","name":"Curiosidades & Dicas","url":"https:\/\/curiosidadesedicas.com\/loja\/","logo":{"@type":"ImageObject","inLanguage":"en-US","@id":"https:\/\/curiosidadesedicas.com\/loja\/#\/schema\/logo\/image\/","url":"https:\/\/curiosidadesedicas.com\/loja\/wp-content\/uploads\/2020\/05\/LogoCuriosidadesSimples.png","contentUrl":"https:\/\/curiosidadesedicas.com\/loja\/wp-content\/uploads\/2020\/05\/LogoCuriosidadesSimples.png","width":3528,"height":804,"caption":"Curiosidades & Dicas"},"image":{"@id":"https:\/\/curiosidadesedicas.com\/loja\/#\/schema\/logo\/image\/"}}]}},"_links":{"self":[{"href":"https:\/\/curiosidadesedicas.com\/loja\/en\/wp-json\/wp\/v2\/product\/15461","targetHints":{"allow":["GET"]}}],"collection":[{"href":"https:\/\/curiosidadesedicas.com\/loja\/en\/wp-json\/wp\/v2\/product"}],"about":[{"href":"https:\/\/curiosidadesedicas.com\/loja\/en\/wp-json\/wp\/v2\/types\/product"}],"replies":[{"embeddable":true,"href":"https:\/\/curiosidadesedicas.com\/loja\/en\/wp-json\/wp\/v2\/comments?post=15461"}],"wp:featuredmedia":[{"embeddable":true,"href":"https:\/\/curiosidadesedicas.com\/loja\/en\/wp-json\/wp\/v2\/media\/15462"}],"wp:attachment":[{"href":"https:\/\/curiosidadesedicas.com\/loja\/en\/wp-json\/wp\/v2\/media?parent=15461"}],"wp:term":[{"taxonomy":"product_brand","embeddable":true,"href":"https:\/\/curiosidadesedicas.com\/loja\/en\/wp-json\/wp\/v2\/product_brand?post=15461"},{"taxonomy":"product_cat","embeddable":true,"href":"https:\/\/curiosidadesedicas.com\/loja\/en\/wp-json\/wp\/v2\/product_cat?post=15461"},{"taxonomy":"product_tag","embeddable":true,"href":"https:\/\/curiosidadesedicas.com\/loja\/en\/wp-json\/wp\/v2\/product_tag?post=15461"}],"curies":[{"name":"wp","href":"https:\/\/api.w.org\/{rel}","templated":true}]}}