{"id":15273,"date":"2020-06-19T15:30:55","date_gmt":"2020-06-19T15:30:55","guid":{"rendered":"https:\/\/curiosidadesedicas.com\/loja\/?post_type=product&#038;p=15273"},"modified":"2025-03-20T10:45:08","modified_gmt":"2025-03-20T10:45:08","slug":"mochila-mala-antirroubo-2-em-1","status":"publish","type":"product","link":"https:\/\/curiosidadesedicas.com\/loja\/en\/product\/mochila-mala-antirroubo-2-em-1\/","title":{"rendered":"MOCHILA-MALA ANTIRROUBO 2 EM 1"},"content":{"rendered":"<p>Uma mochila-mala ideal para levar para o escrit\u00f3rio com total conforto e seguran\u00e7a, devido ao inovador design antirroubo, adaptado a dispositivos tecnol\u00f3gicos. A dupla utiliza\u00e7\u00e3o como mochila ou como mala \u00e9 muito \u00fatil e adapta-se \u00e0s diferentes necessidades do utilizador. Destaca-se pela excelente qualidade, resist\u00eancia e durabilidade dos materiais utilizados e pelo cuidado colocado em cada detalhe, oferecendo um acabamento elegante e profissional.<\/p>","protected":false},"excerpt":{"rendered":"<ul>\n<li>Material: Poli\u00e9ster<\/li>\n<li>Tecido refor\u00e7ado de dupla camada<\/li>\n<li>Forro Interior de Qualidade<\/li>\n<li>Contorno refor\u00e7ado com espuma de alta densidade<\/li>\n<li>Design anti-roubo moderno e funcional<\/li>\n<li>Estilo urbano perfeito para andar na cidade<\/li>\n<li>Resistente \u00e0 \u00e1gua e \u00e0 prova de cortes<\/li>\n<li>Porta USB de carregamento com cabo USB inclu\u00eddo<\/li>\n<li>Fecho exterior oculto para evitar roubos<\/li>\n<li>Bolso lateral exterior sem fecho \u00e9clair<\/li>\n<li>3 fixadores de borracha para canetas<\/li>\n<li>Dois bolsos interiores com fecho \u00e9clair<\/li>\n<li>Bolso interior aberto<\/li>\n<li>Compartimento de port\u00e1til com el\u00e1sticos de fixa\u00e7\u00e3o (at\u00e9 15,6&#8243;)<\/li>\n<li>Compartimento de tablet com el\u00e1sticos de fixa\u00e7\u00e3o (at\u00e9 11&#8243;)<\/li>\n<li>1 pega superior e 1 pega lateral para transportar \u00e0 m\u00e3o (modo saco ou maleta)<\/li>\n<li>Duas al\u00e7as traseiras ajust\u00e1veis para utilizar como mochila<\/li>\n<li>Compartimento traseiro para guardar as al\u00e7as e fixa\u00e7\u00e3o na pega de mala<\/li>\n<li>Medidas aprox.: 33 x 45 x 10 cm<\/li>\n<\/ul>","protected":false},"featured_media":15274,"comment_status":"open","ping_status":"closed","template":"","meta":{"_glsr_average":0,"_glsr_ranking":0,"_glsr_reviews":0},"product_brand":[],"product_cat":[350,405,408],"product_tag":[],"class_list":{"0":"post-15273","1":"product","2":"type-product","3":"status-publish","4":"has-post-thumbnail","6":"product_cat-gadgets","7":"product_cat-mochilas-e-carteiras","8":"product_cat-p-viagens","10":"first","11":"instock","12":"taxable","13":"shipping-taxable","14":"purchasable","15":"product-type-simple"},"yoast_head":"<!-- This site is optimized with the Yoast SEO plugin v26.8 - https:\/\/yoast.com\/product\/yoast-seo-wordpress\/ -->\n<title>MOCHILA-MALA ANTIRROUBO 2 EM 1 - Curiosidades &amp; Dicas, Lda<\/title>\n<meta name=\"robots\" content=\"index, follow, max-snippet:-1, max-image-preview:large, max-video-preview:-1\" \/>\n<link rel=\"canonical\" href=\"https:\/\/curiosidadesedicas.com\/loja\/en\/product\/mochila-mala-antirroubo-2-em-1\/\" \/>\n<meta property=\"og:locale\" content=\"en_US\" \/>\n<meta property=\"og:type\" content=\"article\" \/>\n<meta property=\"og:title\" content=\"MOCHILA-MALA ANTIRROUBO 2 EM 1 - Curiosidades &amp; Dicas, Lda\" \/>\n<meta property=\"og:description\" content=\"Material: Poli\u00e9ster  Tecido refor\u00e7ado de dupla camada  Forro Interior de Qualidade  Contorno refor\u00e7ado com espuma de alta densidade  Design anti-roubo moderno e funcional  Estilo urbano perfeito para andar na cidade  Resistente \u00e0 \u00e1gua e \u00e0 prova de cortes  Porta USB de carregamento com cabo USB inclu\u00eddo  Fecho exterior oculto para evitar roubos  Bolso lateral exterior sem fecho \u00e9clair  3 fixadores de borracha para canetas  Dois bolsos interiores com fecho \u00e9clair  Bolso interior aberto  Compartimento de port\u00e1til com el\u00e1sticos de fixa\u00e7\u00e3o (at\u00e9 15,6&quot;)  Compartimento de tablet com el\u00e1sticos de fixa\u00e7\u00e3o (at\u00e9 11&quot;)  1 pega superior e 1 pega lateral para transportar \u00e0 m\u00e3o (modo saco ou maleta)  Duas al\u00e7as traseiras ajust\u00e1veis para utilizar como mochila  Compartimento traseiro para guardar as al\u00e7as e fixa\u00e7\u00e3o na pega de mala  Medidas aprox.: 33 x 45 x 10 cm\" \/>\n<meta property=\"og:url\" content=\"https:\/\/curiosidadesedicas.com\/loja\/en\/product\/mochila-mala-antirroubo-2-em-1\/\" \/>\n<meta property=\"og:site_name\" content=\"Curiosidades &amp; Dicas, Lda\" \/>\n<meta property=\"article:modified_time\" content=\"2025-03-20T10:45:08+00:00\" \/>\n<meta property=\"og:image\" content=\"https:\/\/curiosidadesedicas.com\/loja\/wp-content\/uploads\/2020\/06\/mochila-mala-antirroubo-2-em-1-brifty-innovagoods_122810.jpg\" \/>\n\t<meta property=\"og:image:width\" content=\"600\" \/>\n\t<meta property=\"og:image:height\" content=\"600\" \/>\n\t<meta property=\"og:image:type\" content=\"image\/jpeg\" \/>\n<meta name=\"twitter:card\" content=\"summary_large_image\" \/>\n<meta name=\"twitter:label1\" content=\"Est. reading time\" \/>\n\t<meta name=\"twitter:data1\" content=\"1 minute\" \/>\n<script type=\"application\/ld+json\" class=\"yoast-schema-graph\">{\"@context\":\"https:\/\/schema.org\",\"@graph\":[{\"@type\":\"WebPage\",\"@id\":\"https:\/\/curiosidadesedicas.com\/loja\/produto\/mochila-mala-antirroubo-2-em-1\/\",\"url\":\"https:\/\/curiosidadesedicas.com\/loja\/produto\/mochila-mala-antirroubo-2-em-1\/\",\"name\":\"MOCHILA-MALA ANTIRROUBO 2 EM 1 - Curiosidades &amp; Dicas, Lda\",\"isPartOf\":{\"@id\":\"https:\/\/curiosidadesedicas.com\/loja\/#website\"},\"primaryImageOfPage\":{\"@id\":\"https:\/\/curiosidadesedicas.com\/loja\/produto\/mochila-mala-antirroubo-2-em-1\/#primaryimage\"},\"image\":{\"@id\":\"https:\/\/curiosidadesedicas.com\/loja\/produto\/mochila-mala-antirroubo-2-em-1\/#primaryimage\"},\"thumbnailUrl\":\"https:\/\/curiosidadesedicas.com\/loja\/wp-content\/uploads\/2020\/06\/mochila-mala-antirroubo-2-em-1-brifty-innovagoods_122810.jpg\",\"datePublished\":\"2020-06-19T15:30:55+00:00\",\"dateModified\":\"2025-03-20T10:45:08+00:00\",\"breadcrumb\":{\"@id\":\"https:\/\/curiosidadesedicas.com\/loja\/produto\/mochila-mala-antirroubo-2-em-1\/#breadcrumb\"},\"inLanguage\":\"en-US\",\"potentialAction\":[{\"@type\":\"ReadAction\",\"target\":[\"https:\/\/curiosidadesedicas.com\/loja\/produto\/mochila-mala-antirroubo-2-em-1\/\"]}]},{\"@type\":\"ImageObject\",\"inLanguage\":\"en-US\",\"@id\":\"https:\/\/curiosidadesedicas.com\/loja\/produto\/mochila-mala-antirroubo-2-em-1\/#primaryimage\",\"url\":\"https:\/\/curiosidadesedicas.com\/loja\/wp-content\/uploads\/2020\/06\/mochila-mala-antirroubo-2-em-1-brifty-innovagoods_122810.jpg\",\"contentUrl\":\"https:\/\/curiosidadesedicas.com\/loja\/wp-content\/uploads\/2020\/06\/mochila-mala-antirroubo-2-em-1-brifty-innovagoods_122810.jpg\",\"width\":600,\"height\":600},{\"@type\":\"BreadcrumbList\",\"@id\":\"https:\/\/curiosidadesedicas.com\/loja\/produto\/mochila-mala-antirroubo-2-em-1\/#breadcrumb\",\"itemListElement\":[{\"@type\":\"ListItem\",\"position\":1,\"name\":\"In\u00edcio\",\"item\":\"https:\/\/curiosidadesedicas.com\/loja\/\"},{\"@type\":\"ListItem\",\"position\":2,\"name\":\"Produtos\",\"item\":\"https:\/\/curiosidadesedicas.com\/loja\/produtos\/\"},{\"@type\":\"ListItem\",\"position\":3,\"name\":\"MOCHILA-MALA ANTIRROUBO 2 EM 1\"}]},{\"@type\":\"WebSite\",\"@id\":\"https:\/\/curiosidadesedicas.com\/loja\/#website\",\"url\":\"https:\/\/curiosidadesedicas.com\/loja\/\",\"name\":\"Curiosidades &amp; Dicas, Lda\",\"description\":\"Apaixonados Por Inova\u00e7\u00e3o\",\"publisher\":{\"@id\":\"https:\/\/curiosidadesedicas.com\/loja\/#organization\"},\"potentialAction\":[{\"@type\":\"SearchAction\",\"target\":{\"@type\":\"EntryPoint\",\"urlTemplate\":\"https:\/\/curiosidadesedicas.com\/loja\/?s={search_term_string}\"},\"query-input\":{\"@type\":\"PropertyValueSpecification\",\"valueRequired\":true,\"valueName\":\"search_term_string\"}}],\"inLanguage\":\"en-US\"},{\"@type\":\"Organization\",\"@id\":\"https:\/\/curiosidadesedicas.com\/loja\/#organization\",\"name\":\"Curiosidades & Dicas\",\"url\":\"https:\/\/curiosidadesedicas.com\/loja\/\",\"logo\":{\"@type\":\"ImageObject\",\"inLanguage\":\"en-US\",\"@id\":\"https:\/\/curiosidadesedicas.com\/loja\/#\/schema\/logo\/image\/\",\"url\":\"https:\/\/curiosidadesedicas.com\/loja\/wp-content\/uploads\/2020\/05\/LogoCuriosidadesSimples.png\",\"contentUrl\":\"https:\/\/curiosidadesedicas.com\/loja\/wp-content\/uploads\/2020\/05\/LogoCuriosidadesSimples.png\",\"width\":3528,\"height\":804,\"caption\":\"Curiosidades & Dicas\"},\"image\":{\"@id\":\"https:\/\/curiosidadesedicas.com\/loja\/#\/schema\/logo\/image\/\"}}]}<\/script>\n<!-- \/ Yoast SEO plugin. -->","yoast_head_json":{"title":"MOCHILA-MALA ANTIRROUBO 2 EM 1 - Curiosidades &amp; Dicas, Lda","robots":{"index":"index","follow":"follow","max-snippet":"max-snippet:-1","max-image-preview":"max-image-preview:large","max-video-preview":"max-video-preview:-1"},"canonical":"https:\/\/curiosidadesedicas.com\/loja\/en\/product\/mochila-mala-antirroubo-2-em-1\/","og_locale":"en_US","og_type":"article","og_title":"MOCHILA-MALA ANTIRROUBO 2 EM 1 - Curiosidades &amp; Dicas, Lda","og_description":"Material: Poli\u00e9ster  Tecido refor\u00e7ado de dupla camada  Forro Interior de Qualidade  Contorno refor\u00e7ado com espuma de alta densidade  Design anti-roubo moderno e funcional  Estilo urbano perfeito para andar na cidade  Resistente \u00e0 \u00e1gua e \u00e0 prova de cortes  Porta USB de carregamento com cabo USB inclu\u00eddo  Fecho exterior oculto para evitar roubos  Bolso lateral exterior sem fecho \u00e9clair  3 fixadores de borracha para canetas  Dois bolsos interiores com fecho \u00e9clair  Bolso interior aberto  Compartimento de port\u00e1til com el\u00e1sticos de fixa\u00e7\u00e3o (at\u00e9 15,6\")  Compartimento de tablet com el\u00e1sticos de fixa\u00e7\u00e3o (at\u00e9 11\")  1 pega superior e 1 pega lateral para transportar \u00e0 m\u00e3o (modo saco ou maleta)  Duas al\u00e7as traseiras ajust\u00e1veis para utilizar como mochila  Compartimento traseiro para guardar as al\u00e7as e fixa\u00e7\u00e3o na pega de mala  Medidas aprox.: 33 x 45 x 10 cm","og_url":"https:\/\/curiosidadesedicas.com\/loja\/en\/product\/mochila-mala-antirroubo-2-em-1\/","og_site_name":"Curiosidades &amp; Dicas, Lda","article_modified_time":"2025-03-20T10:45:08+00:00","og_image":[{"width":600,"height":600,"url":"https:\/\/curiosidadesedicas.com\/loja\/wp-content\/uploads\/2020\/06\/mochila-mala-antirroubo-2-em-1-brifty-innovagoods_122810.jpg","type":"image\/jpeg"}],"twitter_card":"summary_large_image","twitter_misc":{"Est. reading time":"1 minute"},"schema":{"@context":"https:\/\/schema.org","@graph":[{"@type":"WebPage","@id":"https:\/\/curiosidadesedicas.com\/loja\/produto\/mochila-mala-antirroubo-2-em-1\/","url":"https:\/\/curiosidadesedicas.com\/loja\/produto\/mochila-mala-antirroubo-2-em-1\/","name":"MOCHILA-MALA ANTIRROUBO 2 EM 1 - Curiosidades &amp; Dicas, Lda","isPartOf":{"@id":"https:\/\/curiosidadesedicas.com\/loja\/#website"},"primaryImageOfPage":{"@id":"https:\/\/curiosidadesedicas.com\/loja\/produto\/mochila-mala-antirroubo-2-em-1\/#primaryimage"},"image":{"@id":"https:\/\/curiosidadesedicas.com\/loja\/produto\/mochila-mala-antirroubo-2-em-1\/#primaryimage"},"thumbnailUrl":"https:\/\/curiosidadesedicas.com\/loja\/wp-content\/uploads\/2020\/06\/mochila-mala-antirroubo-2-em-1-brifty-innovagoods_122810.jpg","datePublished":"2020-06-19T15:30:55+00:00","dateModified":"2025-03-20T10:45:08+00:00","breadcrumb":{"@id":"https:\/\/curiosidadesedicas.com\/loja\/produto\/mochila-mala-antirroubo-2-em-1\/#breadcrumb"},"inLanguage":"en-US","potentialAction":[{"@type":"ReadAction","target":["https:\/\/curiosidadesedicas.com\/loja\/produto\/mochila-mala-antirroubo-2-em-1\/"]}]},{"@type":"ImageObject","inLanguage":"en-US","@id":"https:\/\/curiosidadesedicas.com\/loja\/produto\/mochila-mala-antirroubo-2-em-1\/#primaryimage","url":"https:\/\/curiosidadesedicas.com\/loja\/wp-content\/uploads\/2020\/06\/mochila-mala-antirroubo-2-em-1-brifty-innovagoods_122810.jpg","contentUrl":"https:\/\/curiosidadesedicas.com\/loja\/wp-content\/uploads\/2020\/06\/mochila-mala-antirroubo-2-em-1-brifty-innovagoods_122810.jpg","width":600,"height":600},{"@type":"BreadcrumbList","@id":"https:\/\/curiosidadesedicas.com\/loja\/produto\/mochila-mala-antirroubo-2-em-1\/#breadcrumb","itemListElement":[{"@type":"ListItem","position":1,"name":"In\u00edcio","item":"https:\/\/curiosidadesedicas.com\/loja\/"},{"@type":"ListItem","position":2,"name":"Produtos","item":"https:\/\/curiosidadesedicas.com\/loja\/produtos\/"},{"@type":"ListItem","position":3,"name":"MOCHILA-MALA ANTIRROUBO 2 EM 1"}]},{"@type":"WebSite","@id":"https:\/\/curiosidadesedicas.com\/loja\/#website","url":"https:\/\/curiosidadesedicas.com\/loja\/","name":"Curiosidades &amp; Dicas, Lda","description":"Apaixonados Por Inova\u00e7\u00e3o","publisher":{"@id":"https:\/\/curiosidadesedicas.com\/loja\/#organization"},"potentialAction":[{"@type":"SearchAction","target":{"@type":"EntryPoint","urlTemplate":"https:\/\/curiosidadesedicas.com\/loja\/?s={search_term_string}"},"query-input":{"@type":"PropertyValueSpecification","valueRequired":true,"valueName":"search_term_string"}}],"inLanguage":"en-US"},{"@type":"Organization","@id":"https:\/\/curiosidadesedicas.com\/loja\/#organization","name":"Curiosidades & Dicas","url":"https:\/\/curiosidadesedicas.com\/loja\/","logo":{"@type":"ImageObject","inLanguage":"en-US","@id":"https:\/\/curiosidadesedicas.com\/loja\/#\/schema\/logo\/image\/","url":"https:\/\/curiosidadesedicas.com\/loja\/wp-content\/uploads\/2020\/05\/LogoCuriosidadesSimples.png","contentUrl":"https:\/\/curiosidadesedicas.com\/loja\/wp-content\/uploads\/2020\/05\/LogoCuriosidadesSimples.png","width":3528,"height":804,"caption":"Curiosidades & Dicas"},"image":{"@id":"https:\/\/curiosidadesedicas.com\/loja\/#\/schema\/logo\/image\/"}}]}},"_links":{"self":[{"href":"https:\/\/curiosidadesedicas.com\/loja\/en\/wp-json\/wp\/v2\/product\/15273","targetHints":{"allow":["GET"]}}],"collection":[{"href":"https:\/\/curiosidadesedicas.com\/loja\/en\/wp-json\/wp\/v2\/product"}],"about":[{"href":"https:\/\/curiosidadesedicas.com\/loja\/en\/wp-json\/wp\/v2\/types\/product"}],"replies":[{"embeddable":true,"href":"https:\/\/curiosidadesedicas.com\/loja\/en\/wp-json\/wp\/v2\/comments?post=15273"}],"wp:featuredmedia":[{"embeddable":true,"href":"https:\/\/curiosidadesedicas.com\/loja\/en\/wp-json\/wp\/v2\/media\/15274"}],"wp:attachment":[{"href":"https:\/\/curiosidadesedicas.com\/loja\/en\/wp-json\/wp\/v2\/media?parent=15273"}],"wp:term":[{"taxonomy":"product_brand","embeddable":true,"href":"https:\/\/curiosidadesedicas.com\/loja\/en\/wp-json\/wp\/v2\/product_brand?post=15273"},{"taxonomy":"product_cat","embeddable":true,"href":"https:\/\/curiosidadesedicas.com\/loja\/en\/wp-json\/wp\/v2\/product_cat?post=15273"},{"taxonomy":"product_tag","embeddable":true,"href":"https:\/\/curiosidadesedicas.com\/loja\/en\/wp-json\/wp\/v2\/product_tag?post=15273"}],"curies":[{"name":"wp","href":"https:\/\/api.w.org\/{rel}","templated":true}]}}