{"id":15234,"date":"2020-06-19T14:16:58","date_gmt":"2020-06-19T14:16:58","guid":{"rendered":"https:\/\/curiosidadesedicas.com\/loja\/?post_type=product&#038;p=15234"},"modified":"2025-03-20T10:45:34","modified_gmt":"2025-03-20T10:45:34","slug":"almofada-cervical-massajadora-newor","status":"publish","type":"product","link":"https:\/\/curiosidadesedicas.com\/loja\/en\/product\/almofada-cervical-massajadora-newor\/","title":{"rendered":"ALMOFADA CERVICAL MASSAJADORA NEWOR"},"content":{"rendered":"<p>Um m\u00e9todo simples e eficaz para proporcionar uma agrad\u00e1vel sensa\u00e7\u00e3o de bem-estar e relaxamento na zona cervical. Esta c\u00f3moda e confort\u00e1vel\u00a0<strong>almofada massajadora\u00a0<\/strong>foi concebida especificamente para aliviar o stresse e as dores cervicais e articulares e melhorar a circula\u00e7\u00e3o sangu\u00ednea. Tamb\u00e9m pode ser utilizada noutras partes do corpo, como ombros, pernas, bra\u00e7os, etc.<\/p>\n<p><img decoding=\"async\" src=\"https:\/\/www.bigbuy.eu\/2199358-product_card_zoom\/almofada-cervical-massajadora-newor-innovagoods_57280.jpg\" \/><\/p>","protected":false},"excerpt":{"rendered":"<ul>\n<li>Material:\n<ul>\n<li>Elastano<\/li>\n<li>Forro Polar<\/li>\n<\/ul>\n<\/li>\n<li>Cor: Cinzento<\/li>\n<li>Design moderno: Ergon\u00f3mico<\/li>\n<li>Tipo: El\u00e9trico<\/li>\n<li>Massajador corporal: Perfeito para uma massagem relaxante e reparadora<\/li>\n<li>Fun\u00e7\u00e3o massajadora: Massagem por vibra\u00e7\u00e3o<\/li>\n<li>2 n\u00edveis de intensidade: Intensidade regul\u00e1vel<\/li>\n<li>Ajust\u00e1vel: Apoio est\u00e1vel<\/li>\n<li>Caracter\u00edsticas: Suave, de tato agrad\u00e1vel<\/li>\n<li>Propriedades: Anti-stress<\/li>\n<li>Efeitos ben\u00e9ficos: Al\u00edvio, descanso, relaxamento e bem-estar<\/li>\n<li>Vers\u00e1til e adapt\u00e1vel: M\u00faltiplas posi\u00e7\u00f5es<\/li>\n<li>Utiliza\u00e7\u00e3o principal: Zona cervical<\/li>\n<li>Original e port\u00e1til: Sem cabos<\/li>\n<li>F\u00e1cil de utilizar: Utiliza\u00e7\u00e3o c\u00f3moda e simples<\/li>\n<li>Leve e male\u00e1vel: F\u00e1cil de transportar e de guardar<\/li>\n<li>N\u00famero de pilhas: 2<\/li>\n<li>Tipo de pilha: AA<\/li>\n<li>Pilhas inclu\u00eddas: N\u00e3o<\/li>\n<li>Medidas aprox.: 80 x 11 cm<\/li>\n<\/ul>","protected":false},"featured_media":15235,"comment_status":"open","ping_status":"closed","template":"","meta":{"_glsr_average":0,"_glsr_ranking":0,"_glsr_reviews":0},"product_brand":[],"product_cat":[357,363,359],"product_tag":[],"class_list":{"0":"post-15234","1":"product","2":"type-product","3":"status-publish","4":"has-post-thumbnail","6":"product_cat-bem-estar","7":"product_cat-almofadas","8":"product_cat-relax","10":"first","11":"instock","12":"taxable","13":"shipping-taxable","14":"purchasable","15":"product-type-simple"},"yoast_head":"<!-- This site is optimized with the Yoast SEO plugin v26.8 - https:\/\/yoast.com\/product\/yoast-seo-wordpress\/ -->\n<title>ALMOFADA CERVICAL MASSAJADORA NEWOR - Curiosidades &amp; Dicas, Lda<\/title>\n<meta name=\"robots\" content=\"index, follow, max-snippet:-1, max-image-preview:large, max-video-preview:-1\" \/>\n<link rel=\"canonical\" href=\"https:\/\/curiosidadesedicas.com\/loja\/en\/product\/almofada-cervical-massajadora-newor\/\" \/>\n<meta property=\"og:locale\" content=\"en_US\" \/>\n<meta property=\"og:type\" content=\"article\" \/>\n<meta property=\"og:title\" content=\"ALMOFADA CERVICAL MASSAJADORA NEWOR - Curiosidades &amp; Dicas, Lda\" \/>\n<meta property=\"og:description\" content=\"Material:   Elastano  Forro Polar    Cor: Cinzento  Design moderno: Ergon\u00f3mico  Tipo: El\u00e9trico  Massajador corporal: Perfeito para uma massagem relaxante e reparadora  Fun\u00e7\u00e3o massajadora: Massagem por vibra\u00e7\u00e3o  2 n\u00edveis de intensidade: Intensidade regul\u00e1vel  Ajust\u00e1vel: Apoio est\u00e1vel  Caracter\u00edsticas: Suave, de tato agrad\u00e1vel  Propriedades: Anti-stress  Efeitos ben\u00e9ficos: Al\u00edvio, descanso, relaxamento e bem-estar  Vers\u00e1til e adapt\u00e1vel: M\u00faltiplas posi\u00e7\u00f5es  Utiliza\u00e7\u00e3o principal: Zona cervical  Original e port\u00e1til: Sem cabos  F\u00e1cil de utilizar: Utiliza\u00e7\u00e3o c\u00f3moda e simples  Leve e male\u00e1vel: F\u00e1cil de transportar e de guardar  N\u00famero de pilhas: 2  Tipo de pilha: AA  Pilhas inclu\u00eddas: N\u00e3o  Medidas aprox.: 80 x 11 cm\" \/>\n<meta property=\"og:url\" content=\"https:\/\/curiosidadesedicas.com\/loja\/en\/product\/almofada-cervical-massajadora-newor\/\" \/>\n<meta property=\"og:site_name\" content=\"Curiosidades &amp; Dicas, Lda\" \/>\n<meta property=\"article:modified_time\" content=\"2025-03-20T10:45:34+00:00\" \/>\n<meta property=\"og:image\" content=\"https:\/\/curiosidadesedicas.com\/loja\/wp-content\/uploads\/2020\/06\/almofada-cervical-massajadora-innovagoods.jpg\" \/>\n\t<meta property=\"og:image:width\" content=\"600\" \/>\n\t<meta property=\"og:image:height\" content=\"600\" \/>\n\t<meta property=\"og:image:type\" content=\"image\/jpeg\" \/>\n<meta name=\"twitter:card\" content=\"summary_large_image\" \/>\n<meta name=\"twitter:label1\" content=\"Est. reading time\" \/>\n\t<meta name=\"twitter:data1\" content=\"1 minute\" \/>\n<script type=\"application\/ld+json\" class=\"yoast-schema-graph\">{\"@context\":\"https:\/\/schema.org\",\"@graph\":[{\"@type\":\"WebPage\",\"@id\":\"https:\/\/curiosidadesedicas.com\/loja\/produto\/almofada-cervical-massajadora-newor\/\",\"url\":\"https:\/\/curiosidadesedicas.com\/loja\/produto\/almofada-cervical-massajadora-newor\/\",\"name\":\"ALMOFADA CERVICAL MASSAJADORA NEWOR - Curiosidades &amp; Dicas, Lda\",\"isPartOf\":{\"@id\":\"https:\/\/curiosidadesedicas.com\/loja\/#website\"},\"primaryImageOfPage\":{\"@id\":\"https:\/\/curiosidadesedicas.com\/loja\/produto\/almofada-cervical-massajadora-newor\/#primaryimage\"},\"image\":{\"@id\":\"https:\/\/curiosidadesedicas.com\/loja\/produto\/almofada-cervical-massajadora-newor\/#primaryimage\"},\"thumbnailUrl\":\"https:\/\/curiosidadesedicas.com\/loja\/wp-content\/uploads\/2020\/06\/almofada-cervical-massajadora-innovagoods.jpg\",\"datePublished\":\"2020-06-19T14:16:58+00:00\",\"dateModified\":\"2025-03-20T10:45:34+00:00\",\"breadcrumb\":{\"@id\":\"https:\/\/curiosidadesedicas.com\/loja\/produto\/almofada-cervical-massajadora-newor\/#breadcrumb\"},\"inLanguage\":\"en-US\",\"potentialAction\":[{\"@type\":\"ReadAction\",\"target\":[\"https:\/\/curiosidadesedicas.com\/loja\/produto\/almofada-cervical-massajadora-newor\/\"]}]},{\"@type\":\"ImageObject\",\"inLanguage\":\"en-US\",\"@id\":\"https:\/\/curiosidadesedicas.com\/loja\/produto\/almofada-cervical-massajadora-newor\/#primaryimage\",\"url\":\"https:\/\/curiosidadesedicas.com\/loja\/wp-content\/uploads\/2020\/06\/almofada-cervical-massajadora-innovagoods.jpg\",\"contentUrl\":\"https:\/\/curiosidadesedicas.com\/loja\/wp-content\/uploads\/2020\/06\/almofada-cervical-massajadora-innovagoods.jpg\",\"width\":600,\"height\":600},{\"@type\":\"BreadcrumbList\",\"@id\":\"https:\/\/curiosidadesedicas.com\/loja\/produto\/almofada-cervical-massajadora-newor\/#breadcrumb\",\"itemListElement\":[{\"@type\":\"ListItem\",\"position\":1,\"name\":\"In\u00edcio\",\"item\":\"https:\/\/curiosidadesedicas.com\/loja\/\"},{\"@type\":\"ListItem\",\"position\":2,\"name\":\"Produtos\",\"item\":\"https:\/\/curiosidadesedicas.com\/loja\/produtos\/\"},{\"@type\":\"ListItem\",\"position\":3,\"name\":\"ALMOFADA CERVICAL MASSAJADORA NEWOR\"}]},{\"@type\":\"WebSite\",\"@id\":\"https:\/\/curiosidadesedicas.com\/loja\/#website\",\"url\":\"https:\/\/curiosidadesedicas.com\/loja\/\",\"name\":\"Curiosidades &amp; Dicas, Lda\",\"description\":\"Apaixonados Por Inova\u00e7\u00e3o\",\"publisher\":{\"@id\":\"https:\/\/curiosidadesedicas.com\/loja\/#organization\"},\"potentialAction\":[{\"@type\":\"SearchAction\",\"target\":{\"@type\":\"EntryPoint\",\"urlTemplate\":\"https:\/\/curiosidadesedicas.com\/loja\/?s={search_term_string}\"},\"query-input\":{\"@type\":\"PropertyValueSpecification\",\"valueRequired\":true,\"valueName\":\"search_term_string\"}}],\"inLanguage\":\"en-US\"},{\"@type\":\"Organization\",\"@id\":\"https:\/\/curiosidadesedicas.com\/loja\/#organization\",\"name\":\"Curiosidades & Dicas\",\"url\":\"https:\/\/curiosidadesedicas.com\/loja\/\",\"logo\":{\"@type\":\"ImageObject\",\"inLanguage\":\"en-US\",\"@id\":\"https:\/\/curiosidadesedicas.com\/loja\/#\/schema\/logo\/image\/\",\"url\":\"https:\/\/curiosidadesedicas.com\/loja\/wp-content\/uploads\/2020\/05\/LogoCuriosidadesSimples.png\",\"contentUrl\":\"https:\/\/curiosidadesedicas.com\/loja\/wp-content\/uploads\/2020\/05\/LogoCuriosidadesSimples.png\",\"width\":3528,\"height\":804,\"caption\":\"Curiosidades & Dicas\"},\"image\":{\"@id\":\"https:\/\/curiosidadesedicas.com\/loja\/#\/schema\/logo\/image\/\"}}]}<\/script>\n<!-- \/ Yoast SEO plugin. -->","yoast_head_json":{"title":"ALMOFADA CERVICAL MASSAJADORA NEWOR - Curiosidades &amp; Dicas, Lda","robots":{"index":"index","follow":"follow","max-snippet":"max-snippet:-1","max-image-preview":"max-image-preview:large","max-video-preview":"max-video-preview:-1"},"canonical":"https:\/\/curiosidadesedicas.com\/loja\/en\/product\/almofada-cervical-massajadora-newor\/","og_locale":"en_US","og_type":"article","og_title":"ALMOFADA CERVICAL MASSAJADORA NEWOR - Curiosidades &amp; Dicas, Lda","og_description":"Material:   Elastano  Forro Polar    Cor: Cinzento  Design moderno: Ergon\u00f3mico  Tipo: El\u00e9trico  Massajador corporal: Perfeito para uma massagem relaxante e reparadora  Fun\u00e7\u00e3o massajadora: Massagem por vibra\u00e7\u00e3o  2 n\u00edveis de intensidade: Intensidade regul\u00e1vel  Ajust\u00e1vel: Apoio est\u00e1vel  Caracter\u00edsticas: Suave, de tato agrad\u00e1vel  Propriedades: Anti-stress  Efeitos ben\u00e9ficos: Al\u00edvio, descanso, relaxamento e bem-estar  Vers\u00e1til e adapt\u00e1vel: M\u00faltiplas posi\u00e7\u00f5es  Utiliza\u00e7\u00e3o principal: Zona cervical  Original e port\u00e1til: Sem cabos  F\u00e1cil de utilizar: Utiliza\u00e7\u00e3o c\u00f3moda e simples  Leve e male\u00e1vel: F\u00e1cil de transportar e de guardar  N\u00famero de pilhas: 2  Tipo de pilha: AA  Pilhas inclu\u00eddas: N\u00e3o  Medidas aprox.: 80 x 11 cm","og_url":"https:\/\/curiosidadesedicas.com\/loja\/en\/product\/almofada-cervical-massajadora-newor\/","og_site_name":"Curiosidades &amp; Dicas, Lda","article_modified_time":"2025-03-20T10:45:34+00:00","og_image":[{"width":600,"height":600,"url":"https:\/\/curiosidadesedicas.com\/loja\/wp-content\/uploads\/2020\/06\/almofada-cervical-massajadora-innovagoods.jpg","type":"image\/jpeg"}],"twitter_card":"summary_large_image","twitter_misc":{"Est. reading time":"1 minute"},"schema":{"@context":"https:\/\/schema.org","@graph":[{"@type":"WebPage","@id":"https:\/\/curiosidadesedicas.com\/loja\/produto\/almofada-cervical-massajadora-newor\/","url":"https:\/\/curiosidadesedicas.com\/loja\/produto\/almofada-cervical-massajadora-newor\/","name":"ALMOFADA CERVICAL MASSAJADORA NEWOR - Curiosidades &amp; Dicas, Lda","isPartOf":{"@id":"https:\/\/curiosidadesedicas.com\/loja\/#website"},"primaryImageOfPage":{"@id":"https:\/\/curiosidadesedicas.com\/loja\/produto\/almofada-cervical-massajadora-newor\/#primaryimage"},"image":{"@id":"https:\/\/curiosidadesedicas.com\/loja\/produto\/almofada-cervical-massajadora-newor\/#primaryimage"},"thumbnailUrl":"https:\/\/curiosidadesedicas.com\/loja\/wp-content\/uploads\/2020\/06\/almofada-cervical-massajadora-innovagoods.jpg","datePublished":"2020-06-19T14:16:58+00:00","dateModified":"2025-03-20T10:45:34+00:00","breadcrumb":{"@id":"https:\/\/curiosidadesedicas.com\/loja\/produto\/almofada-cervical-massajadora-newor\/#breadcrumb"},"inLanguage":"en-US","potentialAction":[{"@type":"ReadAction","target":["https:\/\/curiosidadesedicas.com\/loja\/produto\/almofada-cervical-massajadora-newor\/"]}]},{"@type":"ImageObject","inLanguage":"en-US","@id":"https:\/\/curiosidadesedicas.com\/loja\/produto\/almofada-cervical-massajadora-newor\/#primaryimage","url":"https:\/\/curiosidadesedicas.com\/loja\/wp-content\/uploads\/2020\/06\/almofada-cervical-massajadora-innovagoods.jpg","contentUrl":"https:\/\/curiosidadesedicas.com\/loja\/wp-content\/uploads\/2020\/06\/almofada-cervical-massajadora-innovagoods.jpg","width":600,"height":600},{"@type":"BreadcrumbList","@id":"https:\/\/curiosidadesedicas.com\/loja\/produto\/almofada-cervical-massajadora-newor\/#breadcrumb","itemListElement":[{"@type":"ListItem","position":1,"name":"In\u00edcio","item":"https:\/\/curiosidadesedicas.com\/loja\/"},{"@type":"ListItem","position":2,"name":"Produtos","item":"https:\/\/curiosidadesedicas.com\/loja\/produtos\/"},{"@type":"ListItem","position":3,"name":"ALMOFADA CERVICAL MASSAJADORA NEWOR"}]},{"@type":"WebSite","@id":"https:\/\/curiosidadesedicas.com\/loja\/#website","url":"https:\/\/curiosidadesedicas.com\/loja\/","name":"Curiosidades &amp; Dicas, Lda","description":"Apaixonados Por Inova\u00e7\u00e3o","publisher":{"@id":"https:\/\/curiosidadesedicas.com\/loja\/#organization"},"potentialAction":[{"@type":"SearchAction","target":{"@type":"EntryPoint","urlTemplate":"https:\/\/curiosidadesedicas.com\/loja\/?s={search_term_string}"},"query-input":{"@type":"PropertyValueSpecification","valueRequired":true,"valueName":"search_term_string"}}],"inLanguage":"en-US"},{"@type":"Organization","@id":"https:\/\/curiosidadesedicas.com\/loja\/#organization","name":"Curiosidades & Dicas","url":"https:\/\/curiosidadesedicas.com\/loja\/","logo":{"@type":"ImageObject","inLanguage":"en-US","@id":"https:\/\/curiosidadesedicas.com\/loja\/#\/schema\/logo\/image\/","url":"https:\/\/curiosidadesedicas.com\/loja\/wp-content\/uploads\/2020\/05\/LogoCuriosidadesSimples.png","contentUrl":"https:\/\/curiosidadesedicas.com\/loja\/wp-content\/uploads\/2020\/05\/LogoCuriosidadesSimples.png","width":3528,"height":804,"caption":"Curiosidades & Dicas"},"image":{"@id":"https:\/\/curiosidadesedicas.com\/loja\/#\/schema\/logo\/image\/"}}]}},"_links":{"self":[{"href":"https:\/\/curiosidadesedicas.com\/loja\/en\/wp-json\/wp\/v2\/product\/15234","targetHints":{"allow":["GET"]}}],"collection":[{"href":"https:\/\/curiosidadesedicas.com\/loja\/en\/wp-json\/wp\/v2\/product"}],"about":[{"href":"https:\/\/curiosidadesedicas.com\/loja\/en\/wp-json\/wp\/v2\/types\/product"}],"replies":[{"embeddable":true,"href":"https:\/\/curiosidadesedicas.com\/loja\/en\/wp-json\/wp\/v2\/comments?post=15234"}],"wp:featuredmedia":[{"embeddable":true,"href":"https:\/\/curiosidadesedicas.com\/loja\/en\/wp-json\/wp\/v2\/media\/15235"}],"wp:attachment":[{"href":"https:\/\/curiosidadesedicas.com\/loja\/en\/wp-json\/wp\/v2\/media?parent=15234"}],"wp:term":[{"taxonomy":"product_brand","embeddable":true,"href":"https:\/\/curiosidadesedicas.com\/loja\/en\/wp-json\/wp\/v2\/product_brand?post=15234"},{"taxonomy":"product_cat","embeddable":true,"href":"https:\/\/curiosidadesedicas.com\/loja\/en\/wp-json\/wp\/v2\/product_cat?post=15234"},{"taxonomy":"product_tag","embeddable":true,"href":"https:\/\/curiosidadesedicas.com\/loja\/en\/wp-json\/wp\/v2\/product_tag?post=15234"}],"curies":[{"name":"wp","href":"https:\/\/api.w.org\/{rel}","templated":true}]}}