{"id":15228,"date":"2020-06-19T13:37:44","date_gmt":"2020-06-19T13:37:44","guid":{"rendered":"https:\/\/curiosidadesedicas.com\/loja\/?post_type=product&#038;p=15228"},"modified":"2025-03-20T10:45:39","modified_gmt":"2025-03-20T10:45:39","slug":"palmilhas-elevadoras-de-gel-de-silicone","status":"publish","type":"product","link":"https:\/\/curiosidadesedicas.com\/loja\/en\/product\/palmilhas-elevadoras-de-gel-de-silicone\/","title":{"rendered":"PALMILHAS ELEVADORAS DE GEL DE SILICONE"},"content":{"rendered":"<p>Umas palmilhas elevadoras de grande elasticidade, que permitem aumentar facilmente a altura por v\u00e1rios cent\u00edmetros. Gra\u00e7as \u00e0 sua textura de gel de silicone e ao seu design ergon\u00f3mico, proporcionam um apoio, uma sensa\u00e7\u00e3o de relaxamento e um conforto ao andar totais. Al\u00e9m disso, s\u00e3o muito higi\u00e9nicas e ecol\u00f3gicas, podendo ser lavadas e reutilizadas as vezes que desejar ou considerar necess\u00e1rio.<\/p>","protected":false},"excerpt":{"rendered":"<ul>\n<li>Material:\n<ul>\n<li>gel de silicone<\/li>\n<li>TPE<\/li>\n<\/ul>\n<\/li>\n<li>Design moderno e ergon\u00f3mico<\/li>\n<li>Aumento de 2,5 cm de altura<\/li>\n<li>Unissexo<\/li>\n<li>Tamanho \u00fanico<\/li>\n<li>F\u00e1cil limpeza: Lav\u00e1vel<\/li>\n<li>Reutiliz\u00e1vel, transpir\u00e1vel e anti-odores<\/li>\n<li>Antideslizante, suave e duradouro<\/li>\n<li>El\u00e1stico, flex\u00edvel e adapt\u00e1vel<\/li>\n<li>M\u00e1ximo apoio<\/li>\n<li>Efeitos ben\u00e9ficos: al\u00edvio, descanso, relaxamento e bem-estar<\/li>\n<li>Inclui: 2 uds<\/li>\n<li>Medidas aprox.: 11 x 6 x 7 cm<\/li>\n<\/ul>\n<p>&nbsp;<\/p>","protected":false},"featured_media":15229,"comment_status":"open","ping_status":"closed","template":"","meta":{"_glsr_average":0,"_glsr_ranking":0,"_glsr_reviews":0},"product_brand":[],"product_cat":[357,358],"product_tag":[],"class_list":{"0":"post-15228","1":"product","2":"type-product","3":"status-publish","4":"has-post-thumbnail","6":"product_cat-bem-estar","7":"product_cat-saude-e-higiene","9":"first","10":"instock","11":"taxable","12":"shipping-taxable","13":"purchasable","14":"product-type-simple"},"yoast_head":"<!-- This site is optimized with the Yoast SEO plugin v26.8 - https:\/\/yoast.com\/product\/yoast-seo-wordpress\/ -->\n<title>PALMILHAS ELEVADORAS DE GEL DE SILICONE - Curiosidades &amp; Dicas, Lda<\/title>\n<meta name=\"robots\" content=\"index, follow, max-snippet:-1, max-image-preview:large, max-video-preview:-1\" \/>\n<link rel=\"canonical\" href=\"https:\/\/curiosidadesedicas.com\/loja\/en\/product\/palmilhas-elevadoras-de-gel-de-silicone\/\" \/>\n<meta property=\"og:locale\" content=\"en_US\" \/>\n<meta property=\"og:type\" content=\"article\" \/>\n<meta property=\"og:title\" content=\"PALMILHAS ELEVADORAS DE GEL DE SILICONE - Curiosidades &amp; Dicas, Lda\" \/>\n<meta property=\"og:description\" content=\"Material:   gel de silicone  TPE    Design moderno e ergon\u00f3mico  Aumento de 2,5 cm de altura  Unissexo  Tamanho \u00fanico  F\u00e1cil limpeza: Lav\u00e1vel  Reutiliz\u00e1vel, transpir\u00e1vel e anti-odores  Antideslizante, suave e duradouro  El\u00e1stico, flex\u00edvel e adapt\u00e1vel  M\u00e1ximo apoio  Efeitos ben\u00e9ficos: al\u00edvio, descanso, relaxamento e bem-estar  Inclui: 2 uds  Medidas aprox.: 11 x 6 x 7 cm  &nbsp;\" \/>\n<meta property=\"og:url\" content=\"https:\/\/curiosidadesedicas.com\/loja\/en\/product\/palmilhas-elevadoras-de-gel-de-silicone\/\" \/>\n<meta property=\"og:site_name\" content=\"Curiosidades &amp; Dicas, Lda\" \/>\n<meta property=\"article:modified_time\" content=\"2025-03-20T10:45:39+00:00\" \/>\n<meta property=\"og:image\" content=\"https:\/\/curiosidadesedicas.com\/loja\/wp-content\/uploads\/2020\/06\/palmilhas-elevadoras-de-gel-de-silicone-elivate-innovagoods_119459.jpg\" \/>\n\t<meta property=\"og:image:width\" content=\"600\" \/>\n\t<meta property=\"og:image:height\" content=\"600\" \/>\n\t<meta property=\"og:image:type\" content=\"image\/jpeg\" \/>\n<meta name=\"twitter:card\" content=\"summary_large_image\" \/>\n<meta name=\"twitter:label1\" content=\"Est. reading time\" \/>\n\t<meta name=\"twitter:data1\" content=\"1 minute\" \/>\n<script type=\"application\/ld+json\" class=\"yoast-schema-graph\">{\"@context\":\"https:\/\/schema.org\",\"@graph\":[{\"@type\":\"WebPage\",\"@id\":\"https:\/\/curiosidadesedicas.com\/loja\/produto\/palmilhas-elevadoras-de-gel-de-silicone\/\",\"url\":\"https:\/\/curiosidadesedicas.com\/loja\/produto\/palmilhas-elevadoras-de-gel-de-silicone\/\",\"name\":\"PALMILHAS ELEVADORAS DE GEL DE SILICONE - Curiosidades &amp; Dicas, Lda\",\"isPartOf\":{\"@id\":\"https:\/\/curiosidadesedicas.com\/loja\/#website\"},\"primaryImageOfPage\":{\"@id\":\"https:\/\/curiosidadesedicas.com\/loja\/produto\/palmilhas-elevadoras-de-gel-de-silicone\/#primaryimage\"},\"image\":{\"@id\":\"https:\/\/curiosidadesedicas.com\/loja\/produto\/palmilhas-elevadoras-de-gel-de-silicone\/#primaryimage\"},\"thumbnailUrl\":\"https:\/\/curiosidadesedicas.com\/loja\/wp-content\/uploads\/2020\/06\/palmilhas-elevadoras-de-gel-de-silicone-elivate-innovagoods_119459.jpg\",\"datePublished\":\"2020-06-19T13:37:44+00:00\",\"dateModified\":\"2025-03-20T10:45:39+00:00\",\"breadcrumb\":{\"@id\":\"https:\/\/curiosidadesedicas.com\/loja\/produto\/palmilhas-elevadoras-de-gel-de-silicone\/#breadcrumb\"},\"inLanguage\":\"en-US\",\"potentialAction\":[{\"@type\":\"ReadAction\",\"target\":[\"https:\/\/curiosidadesedicas.com\/loja\/produto\/palmilhas-elevadoras-de-gel-de-silicone\/\"]}]},{\"@type\":\"ImageObject\",\"inLanguage\":\"en-US\",\"@id\":\"https:\/\/curiosidadesedicas.com\/loja\/produto\/palmilhas-elevadoras-de-gel-de-silicone\/#primaryimage\",\"url\":\"https:\/\/curiosidadesedicas.com\/loja\/wp-content\/uploads\/2020\/06\/palmilhas-elevadoras-de-gel-de-silicone-elivate-innovagoods_119459.jpg\",\"contentUrl\":\"https:\/\/curiosidadesedicas.com\/loja\/wp-content\/uploads\/2020\/06\/palmilhas-elevadoras-de-gel-de-silicone-elivate-innovagoods_119459.jpg\",\"width\":600,\"height\":600},{\"@type\":\"BreadcrumbList\",\"@id\":\"https:\/\/curiosidadesedicas.com\/loja\/produto\/palmilhas-elevadoras-de-gel-de-silicone\/#breadcrumb\",\"itemListElement\":[{\"@type\":\"ListItem\",\"position\":1,\"name\":\"In\u00edcio\",\"item\":\"https:\/\/curiosidadesedicas.com\/loja\/\"},{\"@type\":\"ListItem\",\"position\":2,\"name\":\"Produtos\",\"item\":\"https:\/\/curiosidadesedicas.com\/loja\/produtos\/\"},{\"@type\":\"ListItem\",\"position\":3,\"name\":\"PALMILHAS ELEVADORAS DE GEL DE SILICONE\"}]},{\"@type\":\"WebSite\",\"@id\":\"https:\/\/curiosidadesedicas.com\/loja\/#website\",\"url\":\"https:\/\/curiosidadesedicas.com\/loja\/\",\"name\":\"Curiosidades &amp; Dicas, Lda\",\"description\":\"Apaixonados Por Inova\u00e7\u00e3o\",\"publisher\":{\"@id\":\"https:\/\/curiosidadesedicas.com\/loja\/#organization\"},\"potentialAction\":[{\"@type\":\"SearchAction\",\"target\":{\"@type\":\"EntryPoint\",\"urlTemplate\":\"https:\/\/curiosidadesedicas.com\/loja\/?s={search_term_string}\"},\"query-input\":{\"@type\":\"PropertyValueSpecification\",\"valueRequired\":true,\"valueName\":\"search_term_string\"}}],\"inLanguage\":\"en-US\"},{\"@type\":\"Organization\",\"@id\":\"https:\/\/curiosidadesedicas.com\/loja\/#organization\",\"name\":\"Curiosidades & Dicas\",\"url\":\"https:\/\/curiosidadesedicas.com\/loja\/\",\"logo\":{\"@type\":\"ImageObject\",\"inLanguage\":\"en-US\",\"@id\":\"https:\/\/curiosidadesedicas.com\/loja\/#\/schema\/logo\/image\/\",\"url\":\"https:\/\/curiosidadesedicas.com\/loja\/wp-content\/uploads\/2020\/05\/LogoCuriosidadesSimples.png\",\"contentUrl\":\"https:\/\/curiosidadesedicas.com\/loja\/wp-content\/uploads\/2020\/05\/LogoCuriosidadesSimples.png\",\"width\":3528,\"height\":804,\"caption\":\"Curiosidades & Dicas\"},\"image\":{\"@id\":\"https:\/\/curiosidadesedicas.com\/loja\/#\/schema\/logo\/image\/\"}}]}<\/script>\n<!-- \/ Yoast SEO plugin. -->","yoast_head_json":{"title":"PALMILHAS ELEVADORAS DE GEL DE SILICONE - Curiosidades &amp; Dicas, Lda","robots":{"index":"index","follow":"follow","max-snippet":"max-snippet:-1","max-image-preview":"max-image-preview:large","max-video-preview":"max-video-preview:-1"},"canonical":"https:\/\/curiosidadesedicas.com\/loja\/en\/product\/palmilhas-elevadoras-de-gel-de-silicone\/","og_locale":"en_US","og_type":"article","og_title":"PALMILHAS ELEVADORAS DE GEL DE SILICONE - Curiosidades &amp; Dicas, Lda","og_description":"Material:   gel de silicone  TPE    Design moderno e ergon\u00f3mico  Aumento de 2,5 cm de altura  Unissexo  Tamanho \u00fanico  F\u00e1cil limpeza: Lav\u00e1vel  Reutiliz\u00e1vel, transpir\u00e1vel e anti-odores  Antideslizante, suave e duradouro  El\u00e1stico, flex\u00edvel e adapt\u00e1vel  M\u00e1ximo apoio  Efeitos ben\u00e9ficos: al\u00edvio, descanso, relaxamento e bem-estar  Inclui: 2 uds  Medidas aprox.: 11 x 6 x 7 cm  &nbsp;","og_url":"https:\/\/curiosidadesedicas.com\/loja\/en\/product\/palmilhas-elevadoras-de-gel-de-silicone\/","og_site_name":"Curiosidades &amp; Dicas, Lda","article_modified_time":"2025-03-20T10:45:39+00:00","og_image":[{"width":600,"height":600,"url":"https:\/\/curiosidadesedicas.com\/loja\/wp-content\/uploads\/2020\/06\/palmilhas-elevadoras-de-gel-de-silicone-elivate-innovagoods_119459.jpg","type":"image\/jpeg"}],"twitter_card":"summary_large_image","twitter_misc":{"Est. reading time":"1 minute"},"schema":{"@context":"https:\/\/schema.org","@graph":[{"@type":"WebPage","@id":"https:\/\/curiosidadesedicas.com\/loja\/produto\/palmilhas-elevadoras-de-gel-de-silicone\/","url":"https:\/\/curiosidadesedicas.com\/loja\/produto\/palmilhas-elevadoras-de-gel-de-silicone\/","name":"PALMILHAS ELEVADORAS DE GEL DE SILICONE - Curiosidades &amp; Dicas, Lda","isPartOf":{"@id":"https:\/\/curiosidadesedicas.com\/loja\/#website"},"primaryImageOfPage":{"@id":"https:\/\/curiosidadesedicas.com\/loja\/produto\/palmilhas-elevadoras-de-gel-de-silicone\/#primaryimage"},"image":{"@id":"https:\/\/curiosidadesedicas.com\/loja\/produto\/palmilhas-elevadoras-de-gel-de-silicone\/#primaryimage"},"thumbnailUrl":"https:\/\/curiosidadesedicas.com\/loja\/wp-content\/uploads\/2020\/06\/palmilhas-elevadoras-de-gel-de-silicone-elivate-innovagoods_119459.jpg","datePublished":"2020-06-19T13:37:44+00:00","dateModified":"2025-03-20T10:45:39+00:00","breadcrumb":{"@id":"https:\/\/curiosidadesedicas.com\/loja\/produto\/palmilhas-elevadoras-de-gel-de-silicone\/#breadcrumb"},"inLanguage":"en-US","potentialAction":[{"@type":"ReadAction","target":["https:\/\/curiosidadesedicas.com\/loja\/produto\/palmilhas-elevadoras-de-gel-de-silicone\/"]}]},{"@type":"ImageObject","inLanguage":"en-US","@id":"https:\/\/curiosidadesedicas.com\/loja\/produto\/palmilhas-elevadoras-de-gel-de-silicone\/#primaryimage","url":"https:\/\/curiosidadesedicas.com\/loja\/wp-content\/uploads\/2020\/06\/palmilhas-elevadoras-de-gel-de-silicone-elivate-innovagoods_119459.jpg","contentUrl":"https:\/\/curiosidadesedicas.com\/loja\/wp-content\/uploads\/2020\/06\/palmilhas-elevadoras-de-gel-de-silicone-elivate-innovagoods_119459.jpg","width":600,"height":600},{"@type":"BreadcrumbList","@id":"https:\/\/curiosidadesedicas.com\/loja\/produto\/palmilhas-elevadoras-de-gel-de-silicone\/#breadcrumb","itemListElement":[{"@type":"ListItem","position":1,"name":"In\u00edcio","item":"https:\/\/curiosidadesedicas.com\/loja\/"},{"@type":"ListItem","position":2,"name":"Produtos","item":"https:\/\/curiosidadesedicas.com\/loja\/produtos\/"},{"@type":"ListItem","position":3,"name":"PALMILHAS ELEVADORAS DE GEL DE SILICONE"}]},{"@type":"WebSite","@id":"https:\/\/curiosidadesedicas.com\/loja\/#website","url":"https:\/\/curiosidadesedicas.com\/loja\/","name":"Curiosidades &amp; Dicas, Lda","description":"Apaixonados Por Inova\u00e7\u00e3o","publisher":{"@id":"https:\/\/curiosidadesedicas.com\/loja\/#organization"},"potentialAction":[{"@type":"SearchAction","target":{"@type":"EntryPoint","urlTemplate":"https:\/\/curiosidadesedicas.com\/loja\/?s={search_term_string}"},"query-input":{"@type":"PropertyValueSpecification","valueRequired":true,"valueName":"search_term_string"}}],"inLanguage":"en-US"},{"@type":"Organization","@id":"https:\/\/curiosidadesedicas.com\/loja\/#organization","name":"Curiosidades & Dicas","url":"https:\/\/curiosidadesedicas.com\/loja\/","logo":{"@type":"ImageObject","inLanguage":"en-US","@id":"https:\/\/curiosidadesedicas.com\/loja\/#\/schema\/logo\/image\/","url":"https:\/\/curiosidadesedicas.com\/loja\/wp-content\/uploads\/2020\/05\/LogoCuriosidadesSimples.png","contentUrl":"https:\/\/curiosidadesedicas.com\/loja\/wp-content\/uploads\/2020\/05\/LogoCuriosidadesSimples.png","width":3528,"height":804,"caption":"Curiosidades & Dicas"},"image":{"@id":"https:\/\/curiosidadesedicas.com\/loja\/#\/schema\/logo\/image\/"}}]}},"_links":{"self":[{"href":"https:\/\/curiosidadesedicas.com\/loja\/en\/wp-json\/wp\/v2\/product\/15228","targetHints":{"allow":["GET"]}}],"collection":[{"href":"https:\/\/curiosidadesedicas.com\/loja\/en\/wp-json\/wp\/v2\/product"}],"about":[{"href":"https:\/\/curiosidadesedicas.com\/loja\/en\/wp-json\/wp\/v2\/types\/product"}],"replies":[{"embeddable":true,"href":"https:\/\/curiosidadesedicas.com\/loja\/en\/wp-json\/wp\/v2\/comments?post=15228"}],"wp:featuredmedia":[{"embeddable":true,"href":"https:\/\/curiosidadesedicas.com\/loja\/en\/wp-json\/wp\/v2\/media\/15229"}],"wp:attachment":[{"href":"https:\/\/curiosidadesedicas.com\/loja\/en\/wp-json\/wp\/v2\/media?parent=15228"}],"wp:term":[{"taxonomy":"product_brand","embeddable":true,"href":"https:\/\/curiosidadesedicas.com\/loja\/en\/wp-json\/wp\/v2\/product_brand?post=15228"},{"taxonomy":"product_cat","embeddable":true,"href":"https:\/\/curiosidadesedicas.com\/loja\/en\/wp-json\/wp\/v2\/product_cat?post=15228"},{"taxonomy":"product_tag","embeddable":true,"href":"https:\/\/curiosidadesedicas.com\/loja\/en\/wp-json\/wp\/v2\/product_tag?post=15228"}],"curies":[{"name":"wp","href":"https:\/\/api.w.org\/{rel}","templated":true}]}}