{"id":15032,"date":"2020-06-19T08:29:58","date_gmt":"2020-06-19T08:29:58","guid":{"rendered":"https:\/\/curiosidadesedicas.com\/loja\/?post_type=product&#038;p=15032"},"modified":"2020-06-19T09:09:28","modified_gmt":"2020-06-19T09:09:28","slug":"mesa-p-portatil-180o","status":"publish","type":"product","link":"https:\/\/curiosidadesedicas.com\/loja\/en\/product\/mesa-p-portatil-180o\/","title":{"rendered":"MESA P\/ PORT\u00c1TIL 180\u00ba"},"content":{"rendered":"<p class=\"small_desc\">Mesa para port\u00e1til adapt\u00e1vel \u00e0 cama, sof\u00e1, mesa, ch\u00e3o.<\/p>","protected":false},"excerpt":{"rendered":"<ul>\n<li>Dobr\u00e1vel<\/li>\n<li>Ajust\u00e1vel at\u00e9 180\u00ba<\/li>\n<li>Material: alum\u00ednio forte<\/li>\n<li>Juntas m\u00f3veis com bloqueio autom\u00e1tico com rota\u00e7\u00e3o de 360\u00b0<\/li>\n<li>Regula\u00e7\u00e3o de \u00e2ngulos m\u00faltiplos e p\u00e9s antiderrapantes<\/li>\n<li>3 bot\u00f5es em cada bra\u00e7o dobr\u00e1vel, podem ser ajustados conforme necess\u00e1rio<\/li>\n<li>\u00c9 flex\u00edvel e conveniente<\/li>\n<li>Dimens\u00e3o do painel: 42\u00d726 cm<\/li>\n<li>Peso: 1.200 kg<\/li>\n<li>Dimens\u00f5es: 54,8 \u00d7 26,3 \u00d7 4,8 cm<\/li>\n<\/ul>","protected":false},"featured_media":15033,"comment_status":"open","ping_status":"closed","template":"","meta":{"_glsr_average":0,"_glsr_ranking":0,"_glsr_reviews":0},"product_brand":[],"product_cat":[350,422],"product_tag":[],"class_list":{"0":"post-15032","1":"product","2":"type-product","3":"status-publish","4":"has-post-thumbnail","6":"product_cat-gadgets","7":"product_cat-p-portatil","9":"first","10":"instock","11":"taxable","12":"shipping-taxable","13":"purchasable","14":"product-type-simple"},"yoast_head":"<!-- This site is optimized with the Yoast SEO plugin v26.8 - https:\/\/yoast.com\/product\/yoast-seo-wordpress\/ -->\n<title>MESA P\/ PORT\u00c1TIL 180\u00ba - Curiosidades &amp; Dicas, Lda<\/title>\n<meta name=\"robots\" content=\"index, follow, max-snippet:-1, max-image-preview:large, max-video-preview:-1\" \/>\n<link rel=\"canonical\" href=\"https:\/\/curiosidadesedicas.com\/loja\/en\/product\/mesa-p-portatil-180o\/\" \/>\n<meta property=\"og:locale\" content=\"en_US\" \/>\n<meta property=\"og:type\" content=\"article\" \/>\n<meta property=\"og:title\" content=\"MESA P\/ PORT\u00c1TIL 180\u00ba - Curiosidades &amp; Dicas, Lda\" \/>\n<meta property=\"og:description\" content=\"Dobr\u00e1vel  Ajust\u00e1vel at\u00e9 180\u00ba  Material: alum\u00ednio forte  Juntas m\u00f3veis com bloqueio autom\u00e1tico com rota\u00e7\u00e3o de 360\u00b0  Regula\u00e7\u00e3o de \u00e2ngulos m\u00faltiplos e p\u00e9s antiderrapantes  3 bot\u00f5es em cada bra\u00e7o dobr\u00e1vel, podem ser ajustados conforme necess\u00e1rio  \u00c9 flex\u00edvel e conveniente  Dimens\u00e3o do painel: 42\u00d726 cm  Peso: 1.200 kg  Dimens\u00f5es: 54,8 \u00d7 26,3 \u00d7 4,8 cm\" \/>\n<meta property=\"og:url\" content=\"https:\/\/curiosidadesedicas.com\/loja\/en\/product\/mesa-p-portatil-180o\/\" \/>\n<meta property=\"og:site_name\" content=\"Curiosidades &amp; Dicas, Lda\" \/>\n<meta property=\"article:modified_time\" content=\"2020-06-19T09:09:28+00:00\" \/>\n<meta property=\"og:image\" content=\"https:\/\/curiosidadesedicas.com\/loja\/wp-content\/uploads\/2020\/06\/BN1038-4.jpg\" \/>\n\t<meta property=\"og:image:width\" content=\"1500\" \/>\n\t<meta property=\"og:image:height\" content=\"1500\" \/>\n\t<meta property=\"og:image:type\" content=\"image\/jpeg\" \/>\n<meta name=\"twitter:card\" content=\"summary_large_image\" \/>\n<script type=\"application\/ld+json\" class=\"yoast-schema-graph\">{\"@context\":\"https:\/\/schema.org\",\"@graph\":[{\"@type\":\"WebPage\",\"@id\":\"https:\/\/curiosidadesedicas.com\/loja\/produto\/mesa-p-portatil-180o\/\",\"url\":\"https:\/\/curiosidadesedicas.com\/loja\/produto\/mesa-p-portatil-180o\/\",\"name\":\"MESA P\/ PORT\u00c1TIL 180\u00ba - Curiosidades &amp; Dicas, Lda\",\"isPartOf\":{\"@id\":\"https:\/\/curiosidadesedicas.com\/loja\/#website\"},\"primaryImageOfPage\":{\"@id\":\"https:\/\/curiosidadesedicas.com\/loja\/produto\/mesa-p-portatil-180o\/#primaryimage\"},\"image\":{\"@id\":\"https:\/\/curiosidadesedicas.com\/loja\/produto\/mesa-p-portatil-180o\/#primaryimage\"},\"thumbnailUrl\":\"https:\/\/curiosidadesedicas.com\/loja\/wp-content\/uploads\/2020\/06\/BN1038-4.jpg\",\"datePublished\":\"2020-06-19T08:29:58+00:00\",\"dateModified\":\"2020-06-19T09:09:28+00:00\",\"breadcrumb\":{\"@id\":\"https:\/\/curiosidadesedicas.com\/loja\/produto\/mesa-p-portatil-180o\/#breadcrumb\"},\"inLanguage\":\"en-US\",\"potentialAction\":[{\"@type\":\"ReadAction\",\"target\":[\"https:\/\/curiosidadesedicas.com\/loja\/produto\/mesa-p-portatil-180o\/\"]}]},{\"@type\":\"ImageObject\",\"inLanguage\":\"en-US\",\"@id\":\"https:\/\/curiosidadesedicas.com\/loja\/produto\/mesa-p-portatil-180o\/#primaryimage\",\"url\":\"https:\/\/curiosidadesedicas.com\/loja\/wp-content\/uploads\/2020\/06\/BN1038-4.jpg\",\"contentUrl\":\"https:\/\/curiosidadesedicas.com\/loja\/wp-content\/uploads\/2020\/06\/BN1038-4.jpg\",\"width\":1500,\"height\":1500},{\"@type\":\"BreadcrumbList\",\"@id\":\"https:\/\/curiosidadesedicas.com\/loja\/produto\/mesa-p-portatil-180o\/#breadcrumb\",\"itemListElement\":[{\"@type\":\"ListItem\",\"position\":1,\"name\":\"In\u00edcio\",\"item\":\"https:\/\/curiosidadesedicas.com\/loja\/\"},{\"@type\":\"ListItem\",\"position\":2,\"name\":\"Produtos\",\"item\":\"https:\/\/curiosidadesedicas.com\/loja\/produtos\/\"},{\"@type\":\"ListItem\",\"position\":3,\"name\":\"MESA P\/ PORT\u00c1TIL 180\u00ba\"}]},{\"@type\":\"WebSite\",\"@id\":\"https:\/\/curiosidadesedicas.com\/loja\/#website\",\"url\":\"https:\/\/curiosidadesedicas.com\/loja\/\",\"name\":\"Curiosidades &amp; Dicas, Lda\",\"description\":\"Apaixonados Por Inova\u00e7\u00e3o\",\"publisher\":{\"@id\":\"https:\/\/curiosidadesedicas.com\/loja\/#organization\"},\"potentialAction\":[{\"@type\":\"SearchAction\",\"target\":{\"@type\":\"EntryPoint\",\"urlTemplate\":\"https:\/\/curiosidadesedicas.com\/loja\/?s={search_term_string}\"},\"query-input\":{\"@type\":\"PropertyValueSpecification\",\"valueRequired\":true,\"valueName\":\"search_term_string\"}}],\"inLanguage\":\"en-US\"},{\"@type\":\"Organization\",\"@id\":\"https:\/\/curiosidadesedicas.com\/loja\/#organization\",\"name\":\"Curiosidades & Dicas\",\"url\":\"https:\/\/curiosidadesedicas.com\/loja\/\",\"logo\":{\"@type\":\"ImageObject\",\"inLanguage\":\"en-US\",\"@id\":\"https:\/\/curiosidadesedicas.com\/loja\/#\/schema\/logo\/image\/\",\"url\":\"https:\/\/curiosidadesedicas.com\/loja\/wp-content\/uploads\/2020\/05\/LogoCuriosidadesSimples.png\",\"contentUrl\":\"https:\/\/curiosidadesedicas.com\/loja\/wp-content\/uploads\/2020\/05\/LogoCuriosidadesSimples.png\",\"width\":3528,\"height\":804,\"caption\":\"Curiosidades & Dicas\"},\"image\":{\"@id\":\"https:\/\/curiosidadesedicas.com\/loja\/#\/schema\/logo\/image\/\"}}]}<\/script>\n<!-- \/ Yoast SEO plugin. -->","yoast_head_json":{"title":"MESA P\/ PORT\u00c1TIL 180\u00ba - Curiosidades &amp; Dicas, Lda","robots":{"index":"index","follow":"follow","max-snippet":"max-snippet:-1","max-image-preview":"max-image-preview:large","max-video-preview":"max-video-preview:-1"},"canonical":"https:\/\/curiosidadesedicas.com\/loja\/en\/product\/mesa-p-portatil-180o\/","og_locale":"en_US","og_type":"article","og_title":"MESA P\/ PORT\u00c1TIL 180\u00ba - Curiosidades &amp; Dicas, Lda","og_description":"Dobr\u00e1vel  Ajust\u00e1vel at\u00e9 180\u00ba  Material: alum\u00ednio forte  Juntas m\u00f3veis com bloqueio autom\u00e1tico com rota\u00e7\u00e3o de 360\u00b0  Regula\u00e7\u00e3o de \u00e2ngulos m\u00faltiplos e p\u00e9s antiderrapantes  3 bot\u00f5es em cada bra\u00e7o dobr\u00e1vel, podem ser ajustados conforme necess\u00e1rio  \u00c9 flex\u00edvel e conveniente  Dimens\u00e3o do painel: 42\u00d726 cm  Peso: 1.200 kg  Dimens\u00f5es: 54,8 \u00d7 26,3 \u00d7 4,8 cm","og_url":"https:\/\/curiosidadesedicas.com\/loja\/en\/product\/mesa-p-portatil-180o\/","og_site_name":"Curiosidades &amp; Dicas, Lda","article_modified_time":"2020-06-19T09:09:28+00:00","og_image":[{"width":1500,"height":1500,"url":"https:\/\/curiosidadesedicas.com\/loja\/wp-content\/uploads\/2020\/06\/BN1038-4.jpg","type":"image\/jpeg"}],"twitter_card":"summary_large_image","schema":{"@context":"https:\/\/schema.org","@graph":[{"@type":"WebPage","@id":"https:\/\/curiosidadesedicas.com\/loja\/produto\/mesa-p-portatil-180o\/","url":"https:\/\/curiosidadesedicas.com\/loja\/produto\/mesa-p-portatil-180o\/","name":"MESA P\/ PORT\u00c1TIL 180\u00ba - Curiosidades &amp; Dicas, Lda","isPartOf":{"@id":"https:\/\/curiosidadesedicas.com\/loja\/#website"},"primaryImageOfPage":{"@id":"https:\/\/curiosidadesedicas.com\/loja\/produto\/mesa-p-portatil-180o\/#primaryimage"},"image":{"@id":"https:\/\/curiosidadesedicas.com\/loja\/produto\/mesa-p-portatil-180o\/#primaryimage"},"thumbnailUrl":"https:\/\/curiosidadesedicas.com\/loja\/wp-content\/uploads\/2020\/06\/BN1038-4.jpg","datePublished":"2020-06-19T08:29:58+00:00","dateModified":"2020-06-19T09:09:28+00:00","breadcrumb":{"@id":"https:\/\/curiosidadesedicas.com\/loja\/produto\/mesa-p-portatil-180o\/#breadcrumb"},"inLanguage":"en-US","potentialAction":[{"@type":"ReadAction","target":["https:\/\/curiosidadesedicas.com\/loja\/produto\/mesa-p-portatil-180o\/"]}]},{"@type":"ImageObject","inLanguage":"en-US","@id":"https:\/\/curiosidadesedicas.com\/loja\/produto\/mesa-p-portatil-180o\/#primaryimage","url":"https:\/\/curiosidadesedicas.com\/loja\/wp-content\/uploads\/2020\/06\/BN1038-4.jpg","contentUrl":"https:\/\/curiosidadesedicas.com\/loja\/wp-content\/uploads\/2020\/06\/BN1038-4.jpg","width":1500,"height":1500},{"@type":"BreadcrumbList","@id":"https:\/\/curiosidadesedicas.com\/loja\/produto\/mesa-p-portatil-180o\/#breadcrumb","itemListElement":[{"@type":"ListItem","position":1,"name":"In\u00edcio","item":"https:\/\/curiosidadesedicas.com\/loja\/"},{"@type":"ListItem","position":2,"name":"Produtos","item":"https:\/\/curiosidadesedicas.com\/loja\/produtos\/"},{"@type":"ListItem","position":3,"name":"MESA P\/ PORT\u00c1TIL 180\u00ba"}]},{"@type":"WebSite","@id":"https:\/\/curiosidadesedicas.com\/loja\/#website","url":"https:\/\/curiosidadesedicas.com\/loja\/","name":"Curiosidades &amp; Dicas, Lda","description":"Apaixonados Por Inova\u00e7\u00e3o","publisher":{"@id":"https:\/\/curiosidadesedicas.com\/loja\/#organization"},"potentialAction":[{"@type":"SearchAction","target":{"@type":"EntryPoint","urlTemplate":"https:\/\/curiosidadesedicas.com\/loja\/?s={search_term_string}"},"query-input":{"@type":"PropertyValueSpecification","valueRequired":true,"valueName":"search_term_string"}}],"inLanguage":"en-US"},{"@type":"Organization","@id":"https:\/\/curiosidadesedicas.com\/loja\/#organization","name":"Curiosidades & Dicas","url":"https:\/\/curiosidadesedicas.com\/loja\/","logo":{"@type":"ImageObject","inLanguage":"en-US","@id":"https:\/\/curiosidadesedicas.com\/loja\/#\/schema\/logo\/image\/","url":"https:\/\/curiosidadesedicas.com\/loja\/wp-content\/uploads\/2020\/05\/LogoCuriosidadesSimples.png","contentUrl":"https:\/\/curiosidadesedicas.com\/loja\/wp-content\/uploads\/2020\/05\/LogoCuriosidadesSimples.png","width":3528,"height":804,"caption":"Curiosidades & Dicas"},"image":{"@id":"https:\/\/curiosidadesedicas.com\/loja\/#\/schema\/logo\/image\/"}}]}},"_links":{"self":[{"href":"https:\/\/curiosidadesedicas.com\/loja\/en\/wp-json\/wp\/v2\/product\/15032","targetHints":{"allow":["GET"]}}],"collection":[{"href":"https:\/\/curiosidadesedicas.com\/loja\/en\/wp-json\/wp\/v2\/product"}],"about":[{"href":"https:\/\/curiosidadesedicas.com\/loja\/en\/wp-json\/wp\/v2\/types\/product"}],"replies":[{"embeddable":true,"href":"https:\/\/curiosidadesedicas.com\/loja\/en\/wp-json\/wp\/v2\/comments?post=15032"}],"wp:featuredmedia":[{"embeddable":true,"href":"https:\/\/curiosidadesedicas.com\/loja\/en\/wp-json\/wp\/v2\/media\/15033"}],"wp:attachment":[{"href":"https:\/\/curiosidadesedicas.com\/loja\/en\/wp-json\/wp\/v2\/media?parent=15032"}],"wp:term":[{"taxonomy":"product_brand","embeddable":true,"href":"https:\/\/curiosidadesedicas.com\/loja\/en\/wp-json\/wp\/v2\/product_brand?post=15032"},{"taxonomy":"product_cat","embeddable":true,"href":"https:\/\/curiosidadesedicas.com\/loja\/en\/wp-json\/wp\/v2\/product_cat?post=15032"},{"taxonomy":"product_tag","embeddable":true,"href":"https:\/\/curiosidadesedicas.com\/loja\/en\/wp-json\/wp\/v2\/product_tag?post=15032"}],"curies":[{"name":"wp","href":"https:\/\/api.w.org\/{rel}","templated":true}]}}