{"id":14992,"date":"2020-06-18T10:36:31","date_gmt":"2020-06-18T10:36:31","guid":{"rendered":"https:\/\/curiosidadesedicas.com\/loja\/?post_type=product&#038;p=14992"},"modified":"2020-08-18T09:01:36","modified_gmt":"2020-08-18T09:01:36","slug":"lampada-led-pro-a60-12w","status":"publish","type":"product","link":"https:\/\/curiosidadesedicas.com\/loja\/en\/product\/lampada-led-pro-a60-12w\/","title":{"rendered":"L\u00c2MPADA LED PRO E27 A60 12W"},"content":{"rendered":"<p>L\u00e2mpadas LEDE27\u00a0 A60 Gama Profissional desenvolvidas com corpo em alum\u00ednio e revestimento termopl\u00e1stico de elevada dissipa\u00e7\u00e3o t\u00e9rmica. Difusor em PC com excelente performance \u00f3ptica.<\/p>\n<p>Para mais l\u00e2mpadas LED, consulte a <a href=\"http:\/\/www.amaroled.com\">AmaroLED, a loja online da Curiosidades &amp; Dicas especializada em ilumina\u00e7\u00e3o LED.<\/a><\/p>","protected":false},"excerpt":{"rendered":"<div class=\"row\">\n<div class=\"col-md-12\">\n<div class=\"row\">\n<div class=\"col-md-12\">\n<div class=\"subpage-title\">\n<h5>Caracter\u00edsticas t\u00e9cnicas<\/h5>\n<p>Casquilho: E27<\/p>\n<\/div>\n<ul class=\"project-details-list\">\n<li>\n<div class=\"row\">\n<div class=\"col-xs-6\">\n<h6>Tipo de LED:<\/h6>\n<\/div>\n<div class=\"col-xs-6\">\n<div class=\"project-terms\">SAMSUNG<\/div>\n<\/div>\n<\/div>\n<\/li>\n<li>\n<div class=\"row\">\n<div class=\"col-xs-6\">\n<h6>Tens\u00e3o:<\/h6>\n<\/div>\n<div class=\"col-xs-6\">\n<div class=\"project-terms\">230Vac<\/div>\n<\/div>\n<\/div>\n<\/li>\n<li>\n<div class=\"row\">\n<div class=\"col-xs-6\">\n<h6>Pot\u00eancia:<\/h6>\n<\/div>\n<div class=\"col-xs-6\">\n<div class=\"project-terms\">12W<\/div>\n<\/div>\n<\/div>\n<\/li>\n<li>\n<div class=\"row\">\n<div class=\"col-xs-6\">\n<h6>Temperatura de Cor:<\/h6>\n<\/div>\n<div class=\"col-xs-6\">\n<div class=\"project-terms\">3000K (Branco Quente) e 6000K (Branco Frio)<\/div>\n<\/div>\n<\/div>\n<\/li>\n<li>\n<div class=\"row\">\n<div class=\"col-xs-6\">\n<h6>Fluxo Luminoso:<\/h6>\n<\/div>\n<div class=\"col-xs-6\">\n<div class=\"project-terms\">1.050 Lumens<\/div>\n<\/div>\n<\/div>\n<\/li>\n<li>\n<div class=\"row\">\n<div class=\"col-xs-6\">\n<h6>Flicker:<\/h6>\n<\/div>\n<div class=\"col-xs-6\">\n<div class=\"project-terms\">NO FLICKERING<\/div>\n<\/div>\n<\/div>\n<\/li>\n<li>\n<div class=\"row\">\n<div class=\"col-xs-6\">\n<h6>CRI:<\/h6>\n<\/div>\n<div class=\"col-xs-6\">\n<div class=\"project-terms\">230\u00ba<\/div>\n<\/div>\n<\/div>\n<\/li>\n<li>\n<div class=\"row\">\n<div class=\"col-xs-6\">\n<h6>\u00c2ngulo de Abertura:<\/h6>\n<\/div>\n<div class=\"col-xs-6\">\n<div class=\"project-terms\">&gt;80<\/div>\n<\/div>\n<\/div>\n<\/li>\n<li>\n<div class=\"row\">\n<div class=\"col-xs-6\">\n<h6>P.F.<\/h6>\n<\/div>\n<div class=\"col-xs-6\">\n<div class=\"project-terms\">&gt;0.9<\/div>\n<\/div>\n<\/div>\n<\/li>\n<li>\n<div class=\"row\">\n<div class=\"col-xs-6\">\n<h6>Material:<\/h6>\n<\/div>\n<div class=\"col-xs-6\">\n<div class=\"project-terms\">Alum\u00ednio + PC<\/div>\n<\/div>\n<\/div>\n<\/li>\n<li>\n<div class=\"row\">\n<div class=\"col-xs-6\">\n<h6>Temperatura de Funcionamento:<\/h6>\n<\/div>\n<div class=\"col-xs-6\">\n<div class=\"project-terms\">-20\u00ba~40\u00baC<\/div>\n<\/div>\n<\/div>\n<\/li>\n<li>\n<div class=\"row\">\n<div class=\"col-xs-6\">\n<h6>Tempo M\u00e9dio de Vida \u00datil:<\/h6>\n<\/div>\n<div class=\"col-xs-6\">\n<div class=\"project-terms\">25.000H<\/div>\n<\/div>\n<\/div>\n<\/li>\n<li>\n<div class=\"row\">\n<div class=\"col-xs-6\">\n<h6>Dimens\u00f5es:<\/h6>\n<\/div>\n<div class=\"col-xs-6\">\n<div class=\"project-terms\">\u00d8 60mm x 111mm<\/div>\n<\/div>\n<\/div>\n<\/li>\n<li>\n<div class=\"row\">\n<div class=\"col-xs-6\">\n<h6>Produto Certificado:<\/h6>\n<\/div>\n<div class=\"col-xs-6\">\n<div class=\"project-terms\">CE | RoHS<\/div>\n<\/div>\n<\/div>\n<\/li>\n<\/ul>\n<\/div>\n<\/div>\n<\/div>\n<\/div>","protected":false},"featured_media":14990,"comment_status":"open","ping_status":"closed","template":"","meta":{"_glsr_average":0,"_glsr_ranking":0,"_glsr_reviews":0},"product_brand":[],"product_cat":[345,347],"product_tag":[133],"class_list":{"0":"post-14992","1":"product","2":"type-product","3":"status-publish","4":"has-post-thumbnail","6":"product_cat-gadgets-led","7":"product_cat-lampadas-led","8":"product_tag-ledup","10":"first","11":"instock","12":"taxable","13":"shipping-taxable","14":"purchasable","15":"product-type-variable"},"yoast_head":"<!-- This site is optimized with the Yoast SEO plugin v26.8 - https:\/\/yoast.com\/product\/yoast-seo-wordpress\/ -->\n<title>L\u00c2MPADA LED PRO E27 A60 12W - Curiosidades &amp; Dicas, Lda<\/title>\n<meta name=\"robots\" content=\"index, follow, max-snippet:-1, max-image-preview:large, max-video-preview:-1\" \/>\n<link rel=\"canonical\" href=\"https:\/\/curiosidadesedicas.com\/loja\/en\/product\/lampada-led-pro-a60-12w\/\" \/>\n<meta property=\"og:locale\" content=\"en_US\" \/>\n<meta property=\"og:type\" content=\"article\" \/>\n<meta property=\"og:title\" content=\"L\u00c2MPADA LED PRO E27 A60 12W - Curiosidades &amp; Dicas, Lda\" \/>\n<meta property=\"og:description\" content=\"Caracter\u00edsticas t\u00e9cnicas Casquilho: E27        Tipo de LED:   SAMSUNG       Tens\u00e3o:   230Vac       Pot\u00eancia:   12W       Temperatura de Cor:   3000K (Branco Quente) e 6000K (Branco Frio)       Fluxo Luminoso:   1.050 Lumens       Flicker:   NO FLICKERING       CRI:   230\u00ba       \u00c2ngulo de Abertura:   &gt;80       P.F.   &gt;0.9       Material:   Alum\u00ednio + PC       Temperatura de Funcionamento:   -20\u00ba~40\u00baC       Tempo M\u00e9dio de Vida \u00datil:   25.000H       Dimens\u00f5es:   \u00d8 60mm x 111mm       Produto Certificado:   CE | RoHS\" \/>\n<meta property=\"og:url\" content=\"https:\/\/curiosidadesedicas.com\/loja\/en\/product\/lampada-led-pro-a60-12w\/\" \/>\n<meta property=\"og:site_name\" content=\"Curiosidades &amp; Dicas, Lda\" \/>\n<meta property=\"article:modified_time\" content=\"2020-08-18T09:01:36+00:00\" \/>\n<meta property=\"og:image\" content=\"https:\/\/curiosidadesedicas.com\/loja\/wp-content\/uploads\/2020\/06\/Screenshot_2020-06-18-L\u00e2mpada-LED-PRO-A60-10W-3000K.png\" \/>\n\t<meta property=\"og:image:width\" content=\"490\" \/>\n\t<meta property=\"og:image:height\" content=\"490\" \/>\n\t<meta property=\"og:image:type\" content=\"image\/png\" \/>\n<meta name=\"twitter:card\" content=\"summary_large_image\" \/>\n<script type=\"application\/ld+json\" class=\"yoast-schema-graph\">{\"@context\":\"https:\/\/schema.org\",\"@graph\":[{\"@type\":\"WebPage\",\"@id\":\"https:\/\/curiosidadesedicas.com\/loja\/produto\/lampada-led-pro-a60-12w\/\",\"url\":\"https:\/\/curiosidadesedicas.com\/loja\/produto\/lampada-led-pro-a60-12w\/\",\"name\":\"L\u00c2MPADA LED PRO E27 A60 12W - Curiosidades &amp; Dicas, Lda\",\"isPartOf\":{\"@id\":\"https:\/\/curiosidadesedicas.com\/loja\/#website\"},\"primaryImageOfPage\":{\"@id\":\"https:\/\/curiosidadesedicas.com\/loja\/produto\/lampada-led-pro-a60-12w\/#primaryimage\"},\"image\":{\"@id\":\"https:\/\/curiosidadesedicas.com\/loja\/produto\/lampada-led-pro-a60-12w\/#primaryimage\"},\"thumbnailUrl\":\"https:\/\/curiosidadesedicas.com\/loja\/wp-content\/uploads\/2020\/06\/Screenshot_2020-06-18-L\u00e2mpada-LED-PRO-A60-10W-3000K.png\",\"datePublished\":\"2020-06-18T10:36:31+00:00\",\"dateModified\":\"2020-08-18T09:01:36+00:00\",\"breadcrumb\":{\"@id\":\"https:\/\/curiosidadesedicas.com\/loja\/produto\/lampada-led-pro-a60-12w\/#breadcrumb\"},\"inLanguage\":\"en-US\",\"potentialAction\":[{\"@type\":\"ReadAction\",\"target\":[\"https:\/\/curiosidadesedicas.com\/loja\/produto\/lampada-led-pro-a60-12w\/\"]}]},{\"@type\":\"ImageObject\",\"inLanguage\":\"en-US\",\"@id\":\"https:\/\/curiosidadesedicas.com\/loja\/produto\/lampada-led-pro-a60-12w\/#primaryimage\",\"url\":\"https:\/\/curiosidadesedicas.com\/loja\/wp-content\/uploads\/2020\/06\/Screenshot_2020-06-18-L\u00e2mpada-LED-PRO-A60-10W-3000K.png\",\"contentUrl\":\"https:\/\/curiosidadesedicas.com\/loja\/wp-content\/uploads\/2020\/06\/Screenshot_2020-06-18-L\u00e2mpada-LED-PRO-A60-10W-3000K.png\",\"width\":490,\"height\":490},{\"@type\":\"BreadcrumbList\",\"@id\":\"https:\/\/curiosidadesedicas.com\/loja\/produto\/lampada-led-pro-a60-12w\/#breadcrumb\",\"itemListElement\":[{\"@type\":\"ListItem\",\"position\":1,\"name\":\"In\u00edcio\",\"item\":\"https:\/\/curiosidadesedicas.com\/loja\/\"},{\"@type\":\"ListItem\",\"position\":2,\"name\":\"Produtos\",\"item\":\"https:\/\/curiosidadesedicas.com\/loja\/produtos\/\"},{\"@type\":\"ListItem\",\"position\":3,\"name\":\"L\u00c2MPADA LED PRO E27 A60 12W\"}]},{\"@type\":\"WebSite\",\"@id\":\"https:\/\/curiosidadesedicas.com\/loja\/#website\",\"url\":\"https:\/\/curiosidadesedicas.com\/loja\/\",\"name\":\"Curiosidades &amp; Dicas, Lda\",\"description\":\"Apaixonados Por Inova\u00e7\u00e3o\",\"publisher\":{\"@id\":\"https:\/\/curiosidadesedicas.com\/loja\/#organization\"},\"potentialAction\":[{\"@type\":\"SearchAction\",\"target\":{\"@type\":\"EntryPoint\",\"urlTemplate\":\"https:\/\/curiosidadesedicas.com\/loja\/?s={search_term_string}\"},\"query-input\":{\"@type\":\"PropertyValueSpecification\",\"valueRequired\":true,\"valueName\":\"search_term_string\"}}],\"inLanguage\":\"en-US\"},{\"@type\":\"Organization\",\"@id\":\"https:\/\/curiosidadesedicas.com\/loja\/#organization\",\"name\":\"Curiosidades & Dicas\",\"url\":\"https:\/\/curiosidadesedicas.com\/loja\/\",\"logo\":{\"@type\":\"ImageObject\",\"inLanguage\":\"en-US\",\"@id\":\"https:\/\/curiosidadesedicas.com\/loja\/#\/schema\/logo\/image\/\",\"url\":\"https:\/\/curiosidadesedicas.com\/loja\/wp-content\/uploads\/2020\/05\/LogoCuriosidadesSimples.png\",\"contentUrl\":\"https:\/\/curiosidadesedicas.com\/loja\/wp-content\/uploads\/2020\/05\/LogoCuriosidadesSimples.png\",\"width\":3528,\"height\":804,\"caption\":\"Curiosidades & Dicas\"},\"image\":{\"@id\":\"https:\/\/curiosidadesedicas.com\/loja\/#\/schema\/logo\/image\/\"}}]}<\/script>\n<!-- \/ Yoast SEO plugin. -->","yoast_head_json":{"title":"L\u00c2MPADA LED PRO E27 A60 12W - Curiosidades &amp; Dicas, Lda","robots":{"index":"index","follow":"follow","max-snippet":"max-snippet:-1","max-image-preview":"max-image-preview:large","max-video-preview":"max-video-preview:-1"},"canonical":"https:\/\/curiosidadesedicas.com\/loja\/en\/product\/lampada-led-pro-a60-12w\/","og_locale":"en_US","og_type":"article","og_title":"L\u00c2MPADA LED PRO E27 A60 12W - Curiosidades &amp; Dicas, Lda","og_description":"Caracter\u00edsticas t\u00e9cnicas Casquilho: E27        Tipo de LED:   SAMSUNG       Tens\u00e3o:   230Vac       Pot\u00eancia:   12W       Temperatura de Cor:   3000K (Branco Quente) e 6000K (Branco Frio)       Fluxo Luminoso:   1.050 Lumens       Flicker:   NO FLICKERING       CRI:   230\u00ba       \u00c2ngulo de Abertura:   &gt;80       P.F.   &gt;0.9       Material:   Alum\u00ednio + PC       Temperatura de Funcionamento:   -20\u00ba~40\u00baC       Tempo M\u00e9dio de Vida \u00datil:   25.000H       Dimens\u00f5es:   \u00d8 60mm x 111mm       Produto Certificado:   CE | RoHS","og_url":"https:\/\/curiosidadesedicas.com\/loja\/en\/product\/lampada-led-pro-a60-12w\/","og_site_name":"Curiosidades &amp; Dicas, Lda","article_modified_time":"2020-08-18T09:01:36+00:00","og_image":[{"width":490,"height":490,"url":"https:\/\/curiosidadesedicas.com\/loja\/wp-content\/uploads\/2020\/06\/Screenshot_2020-06-18-L\u00e2mpada-LED-PRO-A60-10W-3000K.png","type":"image\/png"}],"twitter_card":"summary_large_image","schema":{"@context":"https:\/\/schema.org","@graph":[{"@type":"WebPage","@id":"https:\/\/curiosidadesedicas.com\/loja\/produto\/lampada-led-pro-a60-12w\/","url":"https:\/\/curiosidadesedicas.com\/loja\/produto\/lampada-led-pro-a60-12w\/","name":"L\u00c2MPADA LED PRO E27 A60 12W - Curiosidades &amp; Dicas, Lda","isPartOf":{"@id":"https:\/\/curiosidadesedicas.com\/loja\/#website"},"primaryImageOfPage":{"@id":"https:\/\/curiosidadesedicas.com\/loja\/produto\/lampada-led-pro-a60-12w\/#primaryimage"},"image":{"@id":"https:\/\/curiosidadesedicas.com\/loja\/produto\/lampada-led-pro-a60-12w\/#primaryimage"},"thumbnailUrl":"https:\/\/curiosidadesedicas.com\/loja\/wp-content\/uploads\/2020\/06\/Screenshot_2020-06-18-L\u00e2mpada-LED-PRO-A60-10W-3000K.png","datePublished":"2020-06-18T10:36:31+00:00","dateModified":"2020-08-18T09:01:36+00:00","breadcrumb":{"@id":"https:\/\/curiosidadesedicas.com\/loja\/produto\/lampada-led-pro-a60-12w\/#breadcrumb"},"inLanguage":"en-US","potentialAction":[{"@type":"ReadAction","target":["https:\/\/curiosidadesedicas.com\/loja\/produto\/lampada-led-pro-a60-12w\/"]}]},{"@type":"ImageObject","inLanguage":"en-US","@id":"https:\/\/curiosidadesedicas.com\/loja\/produto\/lampada-led-pro-a60-12w\/#primaryimage","url":"https:\/\/curiosidadesedicas.com\/loja\/wp-content\/uploads\/2020\/06\/Screenshot_2020-06-18-L\u00e2mpada-LED-PRO-A60-10W-3000K.png","contentUrl":"https:\/\/curiosidadesedicas.com\/loja\/wp-content\/uploads\/2020\/06\/Screenshot_2020-06-18-L\u00e2mpada-LED-PRO-A60-10W-3000K.png","width":490,"height":490},{"@type":"BreadcrumbList","@id":"https:\/\/curiosidadesedicas.com\/loja\/produto\/lampada-led-pro-a60-12w\/#breadcrumb","itemListElement":[{"@type":"ListItem","position":1,"name":"In\u00edcio","item":"https:\/\/curiosidadesedicas.com\/loja\/"},{"@type":"ListItem","position":2,"name":"Produtos","item":"https:\/\/curiosidadesedicas.com\/loja\/produtos\/"},{"@type":"ListItem","position":3,"name":"L\u00c2MPADA LED PRO E27 A60 12W"}]},{"@type":"WebSite","@id":"https:\/\/curiosidadesedicas.com\/loja\/#website","url":"https:\/\/curiosidadesedicas.com\/loja\/","name":"Curiosidades &amp; Dicas, Lda","description":"Apaixonados Por Inova\u00e7\u00e3o","publisher":{"@id":"https:\/\/curiosidadesedicas.com\/loja\/#organization"},"potentialAction":[{"@type":"SearchAction","target":{"@type":"EntryPoint","urlTemplate":"https:\/\/curiosidadesedicas.com\/loja\/?s={search_term_string}"},"query-input":{"@type":"PropertyValueSpecification","valueRequired":true,"valueName":"search_term_string"}}],"inLanguage":"en-US"},{"@type":"Organization","@id":"https:\/\/curiosidadesedicas.com\/loja\/#organization","name":"Curiosidades & Dicas","url":"https:\/\/curiosidadesedicas.com\/loja\/","logo":{"@type":"ImageObject","inLanguage":"en-US","@id":"https:\/\/curiosidadesedicas.com\/loja\/#\/schema\/logo\/image\/","url":"https:\/\/curiosidadesedicas.com\/loja\/wp-content\/uploads\/2020\/05\/LogoCuriosidadesSimples.png","contentUrl":"https:\/\/curiosidadesedicas.com\/loja\/wp-content\/uploads\/2020\/05\/LogoCuriosidadesSimples.png","width":3528,"height":804,"caption":"Curiosidades & Dicas"},"image":{"@id":"https:\/\/curiosidadesedicas.com\/loja\/#\/schema\/logo\/image\/"}}]}},"_links":{"self":[{"href":"https:\/\/curiosidadesedicas.com\/loja\/en\/wp-json\/wp\/v2\/product\/14992","targetHints":{"allow":["GET"]}}],"collection":[{"href":"https:\/\/curiosidadesedicas.com\/loja\/en\/wp-json\/wp\/v2\/product"}],"about":[{"href":"https:\/\/curiosidadesedicas.com\/loja\/en\/wp-json\/wp\/v2\/types\/product"}],"replies":[{"embeddable":true,"href":"https:\/\/curiosidadesedicas.com\/loja\/en\/wp-json\/wp\/v2\/comments?post=14992"}],"wp:featuredmedia":[{"embeddable":true,"href":"https:\/\/curiosidadesedicas.com\/loja\/en\/wp-json\/wp\/v2\/media\/14990"}],"wp:attachment":[{"href":"https:\/\/curiosidadesedicas.com\/loja\/en\/wp-json\/wp\/v2\/media?parent=14992"}],"wp:term":[{"taxonomy":"product_brand","embeddable":true,"href":"https:\/\/curiosidadesedicas.com\/loja\/en\/wp-json\/wp\/v2\/product_brand?post=14992"},{"taxonomy":"product_cat","embeddable":true,"href":"https:\/\/curiosidadesedicas.com\/loja\/en\/wp-json\/wp\/v2\/product_cat?post=14992"},{"taxonomy":"product_tag","embeddable":true,"href":"https:\/\/curiosidadesedicas.com\/loja\/en\/wp-json\/wp\/v2\/product_tag?post=14992"}],"curies":[{"name":"wp","href":"https:\/\/api.w.org\/{rel}","templated":true}]}}