{"id":14870,"date":"2020-06-18T08:37:50","date_gmt":"2020-06-18T08:37:50","guid":{"rendered":"https:\/\/curiosidadesedicas.com\/loja\/?post_type=product&#038;p=14870"},"modified":"2021-02-03T10:27:33","modified_gmt":"2021-02-03T10:27:33","slug":"caranguejo-musical-c-bolhas-de-sabao-p-banho","status":"publish","type":"product","link":"https:\/\/curiosidadesedicas.com\/loja\/en\/product\/caranguejo-musical-c-bolhas-de-sabao-p-banho\/","title":{"rendered":"CARANGUEJO MUSICAL C\/ BOLHAS DE SAB\u00c3O P\/ BANHO"},"content":{"rendered":"<div class=\"main-data\">\n<div class=\"main-data\">\n<p class=\"small_desc\">Apresentamos-lhe os Caranguejo Musical com Bolhas de Sab\u00e3o para o Banho<\/p>\n<\/div>\n<div class=\"spacer-buy-area\">\n<div id=\"productPrice470\" class=\"product-price\">\n<div class=\"mainprice\">\n<div class=\"PricesalesPrice\"><\/div>\n<\/div>\n<\/div>\n<\/div>\n<\/div>","protected":false},"excerpt":{"rendered":"<div data-block=\"true\" data-editor=\"1l2jb\" data-offset-key=\"e27d5-0-0\">\n<div class=\"_1mf _1mj\" data-offset-key=\"e27d5-0-0\"><span data-offset-key=\"e27d5-0-0\">Apresentamos-lhe os Caranguejo Musical com Bolhas de Sab\u00e3o para o Banho:<\/span><\/div>\n<\/div>\n<div data-block=\"true\" data-editor=\"1l2jb\" data-offset-key=\"7621t-0-0\">\n<div class=\"_1mf _1mj\" data-offset-key=\"7621t-0-0\"><span data-offset-key=\"7621t-0-0\">\u00a0<\/span><\/div>\n<\/div>\n<div data-block=\"true\" data-editor=\"1l2jb\" data-offset-key=\"7e67s-0-0\">\n<ul>\n<li class=\"_1mf _1mj\" data-offset-key=\"7e67s-0-0\"><span data-offset-key=\"7e67s-1-0\">Material: ABS<\/span><\/li>\n<\/ul>\n<\/div>\n<div data-block=\"true\" data-editor=\"1l2jb\" data-offset-key=\"5eufj-0-0\">\n<ul>\n<li class=\"_1mf _1mj _mce_tagged_br\" data-offset-key=\"1q75c-0-0\"><span data-offset-key=\"1q75c-1-0\">F\u00e1cil instala\u00e7\u00e3o: 3 ventosas de fixa\u00e7\u00e3o<\/span><\/li>\n<\/ul>\n<\/div>\n<div data-block=\"true\" data-editor=\"1l2jb\" data-offset-key=\"ff0ki-0-0\">\n<ul>\n<li class=\"_1mf _1mj _mce_tagged_br\" data-offset-key=\"ff0ki-0-0\"><span data-offset-key=\"ff0ki-1-0\">Utiliza\u00e7\u00e3o c\u00f3moda e simples<\/span><\/li>\n<\/ul>\n<\/div>\n<div data-block=\"true\" data-editor=\"1l2jb\" data-offset-key=\"c4svj-0-0\">\n<ul>\n<li class=\"_1mf _1mj _mce_tagged_br\" data-offset-key=\"c4svj-0-0\"><span data-offset-key=\"c4svj-1-0\">Sequ\u00eancia musical com 12 melodias infantis<\/span><\/li>\n<\/ul>\n<\/div>\n<div data-block=\"true\" data-editor=\"1l2jb\" data-offset-key=\"74u5r-0-0\">\n<ul>\n<li class=\"_1mf _1mj _mce_tagged_br\" data-offset-key=\"74u5r-0-0\"><span data-offset-key=\"74u5r-1-0\">Um brinquedo de banho musical, original e divertido<\/span><\/li>\n<\/ul>\n<\/div>\n<div data-block=\"true\" data-editor=\"1l2jb\" data-offset-key=\"8rg1h-0-0\">\n<ul>\n<li class=\"_1mf _1mj _mce_tagged_br\" data-offset-key=\"8rg1h-0-0\"><span data-offset-key=\"8rg1h-1-0\">Gera bolhas de sab\u00e3o automaticamente<\/span><\/li>\n<\/ul>\n<\/div>\n<div data-block=\"true\" data-editor=\"1l2jb\" data-offset-key=\"7judo-0-0\">\n<ul>\n<li class=\"_1mf _1mj _mce_tagged_br\" data-offset-key=\"7judo-0-0\"><span data-offset-key=\"7judo-1-0\">Capta a aten\u00e7\u00e3o das crian\u00e7as para que desfrutem da hora do banho<\/span><\/li>\n<\/ul>\n<\/div>\n<div data-block=\"true\" data-editor=\"1l2jb\" data-offset-key=\"eeea4-0-0\">\n<ul>\n<li class=\"_1mf _1mj _mce_tagged_br\" data-offset-key=\"eeea4-0-0\"><span data-offset-key=\"eeea4-1-0\">Encher com \u00e1gua e sab\u00e3o para fazer bolhas (n\u00e3o inclu\u00eddo)<\/span><\/li>\n<\/ul>\n<\/div>\n<div data-block=\"true\" data-editor=\"1l2jb\" data-offset-key=\"49t6s-0-0\">\n<ul>\n<li class=\"_1mf _1mj _mce_tagged_br\" data-offset-key=\"49t6s-0-0\"><span data-offset-key=\"49t6s-1-0\">Idade recomendada: 3+ Anos<\/span><\/li>\n<\/ul>\n<\/div>\n<div data-block=\"true\" data-editor=\"1l2jb\" data-offset-key=\"4s2s6-0-0\">\n<ul>\n<li class=\"_1mf _1mj _mce_tagged_br\" data-offset-key=\"4s2s6-0-0\"><span data-offset-key=\"4s2s6-1-0\">Funciona com pilhas (2 x AA, n\u00e3o inclu\u00eddas)<\/span><\/li>\n<\/ul>\n<\/div>\n<div data-block=\"true\" data-editor=\"1l2jb\" data-offset-key=\"1cpcf-0-0\">\n<ul>\n<li class=\"_1mf _1mj _mce_tagged_br\" data-offset-key=\"1cpcf-0-0\"><span data-offset-key=\"1cpcf-1-0\">Medidas aprox.: 23 x 16 x 8 cm<\/span><\/li>\n<\/ul>\n<p>https:\/\/youtu.be\/tb07na2EWHY<\/p>\n<\/div>","protected":false},"featured_media":14871,"comment_status":"open","ping_status":"closed","template":"","meta":{"_glsr_average":0,"_glsr_ranking":0,"_glsr_reviews":0},"product_brand":[],"product_cat":[350,353],"product_tag":[],"class_list":{"0":"post-14870","1":"product","2":"type-product","3":"status-publish","4":"has-post-thumbnail","6":"product_cat-gadgets","7":"product_cat-p-criancas","9":"first","10":"outofstock","11":"taxable","12":"shipping-taxable","13":"purchasable","14":"product-type-simple"},"yoast_head":"<!-- This site is optimized with the Yoast SEO plugin v26.8 - https:\/\/yoast.com\/product\/yoast-seo-wordpress\/ -->\n<title>CARANGUEJO MUSICAL C\/ BOLHAS DE SAB\u00c3O P\/ BANHO - Curiosidades &amp; Dicas, Lda<\/title>\n<meta name=\"robots\" content=\"index, follow, max-snippet:-1, max-image-preview:large, max-video-preview:-1\" \/>\n<link rel=\"canonical\" href=\"https:\/\/curiosidadesedicas.com\/loja\/en\/product\/caranguejo-musical-c-bolhas-de-sabao-p-banho\/\" \/>\n<meta property=\"og:locale\" content=\"en_US\" \/>\n<meta property=\"og:type\" content=\"article\" \/>\n<meta property=\"og:title\" content=\"CARANGUEJO MUSICAL C\/ BOLHAS DE SAB\u00c3O P\/ BANHO - Curiosidades &amp; Dicas, Lda\" \/>\n<meta property=\"og:description\" content=\"Apresentamos-lhe os Caranguejo Musical com Bolhas de Sab\u00e3o para o Banho:   \u00a0     Material: ABS      F\u00e1cil instala\u00e7\u00e3o: 3 ventosas de fixa\u00e7\u00e3o      Utiliza\u00e7\u00e3o c\u00f3moda e simples      Sequ\u00eancia musical com 12 melodias infantis      Um brinquedo de banho musical, original e divertido      Gera bolhas de sab\u00e3o automaticamente      Capta a aten\u00e7\u00e3o das crian\u00e7as para que desfrutem da hora do banho      Encher com \u00e1gua e sab\u00e3o para fazer bolhas (n\u00e3o inclu\u00eddo)      Idade recomendada: 3+ Anos      Funciona com pilhas (2 x AA, n\u00e3o inclu\u00eddas)      Medidas aprox.: 23 x 16 x 8 cm  https:\/\/youtu.be\/tb07na2EWHY\" \/>\n<meta property=\"og:url\" content=\"https:\/\/curiosidadesedicas.com\/loja\/en\/product\/caranguejo-musical-c-bolhas-de-sabao-p-banho\/\" \/>\n<meta property=\"og:site_name\" content=\"Curiosidades &amp; Dicas, Lda\" \/>\n<meta property=\"article:modified_time\" content=\"2021-02-03T10:27:33+00:00\" \/>\n<meta property=\"og:image\" content=\"https:\/\/curiosidadesedicas.com\/loja\/wp-content\/uploads\/2020\/06\/caranguejo-musical-com-bolhas-de-sab-o-para-o-banho-crabbly-innovagoods_967261.jpg\" \/>\n\t<meta property=\"og:image:width\" content=\"600\" \/>\n\t<meta property=\"og:image:height\" content=\"600\" \/>\n\t<meta property=\"og:image:type\" content=\"image\/jpeg\" \/>\n<meta name=\"twitter:card\" content=\"summary_large_image\" \/>\n<script type=\"application\/ld+json\" class=\"yoast-schema-graph\">{\"@context\":\"https:\/\/schema.org\",\"@graph\":[{\"@type\":\"WebPage\",\"@id\":\"https:\/\/curiosidadesedicas.com\/loja\/produto\/caranguejo-musical-c-bolhas-de-sabao-p-banho\/\",\"url\":\"https:\/\/curiosidadesedicas.com\/loja\/produto\/caranguejo-musical-c-bolhas-de-sabao-p-banho\/\",\"name\":\"CARANGUEJO MUSICAL C\/ BOLHAS DE SAB\u00c3O P\/ BANHO - Curiosidades &amp; Dicas, Lda\",\"isPartOf\":{\"@id\":\"https:\/\/curiosidadesedicas.com\/loja\/#website\"},\"primaryImageOfPage\":{\"@id\":\"https:\/\/curiosidadesedicas.com\/loja\/produto\/caranguejo-musical-c-bolhas-de-sabao-p-banho\/#primaryimage\"},\"image\":{\"@id\":\"https:\/\/curiosidadesedicas.com\/loja\/produto\/caranguejo-musical-c-bolhas-de-sabao-p-banho\/#primaryimage\"},\"thumbnailUrl\":\"https:\/\/curiosidadesedicas.com\/loja\/wp-content\/uploads\/2020\/06\/caranguejo-musical-com-bolhas-de-sab-o-para-o-banho-crabbly-innovagoods_967261.jpg\",\"datePublished\":\"2020-06-18T08:37:50+00:00\",\"dateModified\":\"2021-02-03T10:27:33+00:00\",\"breadcrumb\":{\"@id\":\"https:\/\/curiosidadesedicas.com\/loja\/produto\/caranguejo-musical-c-bolhas-de-sabao-p-banho\/#breadcrumb\"},\"inLanguage\":\"en-US\",\"potentialAction\":[{\"@type\":\"ReadAction\",\"target\":[\"https:\/\/curiosidadesedicas.com\/loja\/produto\/caranguejo-musical-c-bolhas-de-sabao-p-banho\/\"]}]},{\"@type\":\"ImageObject\",\"inLanguage\":\"en-US\",\"@id\":\"https:\/\/curiosidadesedicas.com\/loja\/produto\/caranguejo-musical-c-bolhas-de-sabao-p-banho\/#primaryimage\",\"url\":\"https:\/\/curiosidadesedicas.com\/loja\/wp-content\/uploads\/2020\/06\/caranguejo-musical-com-bolhas-de-sab-o-para-o-banho-crabbly-innovagoods_967261.jpg\",\"contentUrl\":\"https:\/\/curiosidadesedicas.com\/loja\/wp-content\/uploads\/2020\/06\/caranguejo-musical-com-bolhas-de-sab-o-para-o-banho-crabbly-innovagoods_967261.jpg\",\"width\":600,\"height\":600},{\"@type\":\"BreadcrumbList\",\"@id\":\"https:\/\/curiosidadesedicas.com\/loja\/produto\/caranguejo-musical-c-bolhas-de-sabao-p-banho\/#breadcrumb\",\"itemListElement\":[{\"@type\":\"ListItem\",\"position\":1,\"name\":\"In\u00edcio\",\"item\":\"https:\/\/curiosidadesedicas.com\/loja\/\"},{\"@type\":\"ListItem\",\"position\":2,\"name\":\"Produtos\",\"item\":\"https:\/\/curiosidadesedicas.com\/loja\/produtos\/\"},{\"@type\":\"ListItem\",\"position\":3,\"name\":\"CARANGUEJO MUSICAL C\/ BOLHAS DE SAB\u00c3O P\/ BANHO\"}]},{\"@type\":\"WebSite\",\"@id\":\"https:\/\/curiosidadesedicas.com\/loja\/#website\",\"url\":\"https:\/\/curiosidadesedicas.com\/loja\/\",\"name\":\"Curiosidades &amp; Dicas, Lda\",\"description\":\"Apaixonados Por Inova\u00e7\u00e3o\",\"publisher\":{\"@id\":\"https:\/\/curiosidadesedicas.com\/loja\/#organization\"},\"potentialAction\":[{\"@type\":\"SearchAction\",\"target\":{\"@type\":\"EntryPoint\",\"urlTemplate\":\"https:\/\/curiosidadesedicas.com\/loja\/?s={search_term_string}\"},\"query-input\":{\"@type\":\"PropertyValueSpecification\",\"valueRequired\":true,\"valueName\":\"search_term_string\"}}],\"inLanguage\":\"en-US\"},{\"@type\":\"Organization\",\"@id\":\"https:\/\/curiosidadesedicas.com\/loja\/#organization\",\"name\":\"Curiosidades & Dicas\",\"url\":\"https:\/\/curiosidadesedicas.com\/loja\/\",\"logo\":{\"@type\":\"ImageObject\",\"inLanguage\":\"en-US\",\"@id\":\"https:\/\/curiosidadesedicas.com\/loja\/#\/schema\/logo\/image\/\",\"url\":\"https:\/\/curiosidadesedicas.com\/loja\/wp-content\/uploads\/2020\/05\/LogoCuriosidadesSimples.png\",\"contentUrl\":\"https:\/\/curiosidadesedicas.com\/loja\/wp-content\/uploads\/2020\/05\/LogoCuriosidadesSimples.png\",\"width\":3528,\"height\":804,\"caption\":\"Curiosidades & Dicas\"},\"image\":{\"@id\":\"https:\/\/curiosidadesedicas.com\/loja\/#\/schema\/logo\/image\/\"}}]}<\/script>\n<!-- \/ Yoast SEO plugin. -->","yoast_head_json":{"title":"CARANGUEJO MUSICAL C\/ BOLHAS DE SAB\u00c3O P\/ BANHO - Curiosidades &amp; Dicas, Lda","robots":{"index":"index","follow":"follow","max-snippet":"max-snippet:-1","max-image-preview":"max-image-preview:large","max-video-preview":"max-video-preview:-1"},"canonical":"https:\/\/curiosidadesedicas.com\/loja\/en\/product\/caranguejo-musical-c-bolhas-de-sabao-p-banho\/","og_locale":"en_US","og_type":"article","og_title":"CARANGUEJO MUSICAL C\/ BOLHAS DE SAB\u00c3O P\/ BANHO - Curiosidades &amp; Dicas, Lda","og_description":"Apresentamos-lhe os Caranguejo Musical com Bolhas de Sab\u00e3o para o Banho:   \u00a0     Material: ABS      F\u00e1cil instala\u00e7\u00e3o: 3 ventosas de fixa\u00e7\u00e3o      Utiliza\u00e7\u00e3o c\u00f3moda e simples      Sequ\u00eancia musical com 12 melodias infantis      Um brinquedo de banho musical, original e divertido      Gera bolhas de sab\u00e3o automaticamente      Capta a aten\u00e7\u00e3o das crian\u00e7as para que desfrutem da hora do banho      Encher com \u00e1gua e sab\u00e3o para fazer bolhas (n\u00e3o inclu\u00eddo)      Idade recomendada: 3+ Anos      Funciona com pilhas (2 x AA, n\u00e3o inclu\u00eddas)      Medidas aprox.: 23 x 16 x 8 cm  https:\/\/youtu.be\/tb07na2EWHY","og_url":"https:\/\/curiosidadesedicas.com\/loja\/en\/product\/caranguejo-musical-c-bolhas-de-sabao-p-banho\/","og_site_name":"Curiosidades &amp; Dicas, Lda","article_modified_time":"2021-02-03T10:27:33+00:00","og_image":[{"width":600,"height":600,"url":"https:\/\/curiosidadesedicas.com\/loja\/wp-content\/uploads\/2020\/06\/caranguejo-musical-com-bolhas-de-sab-o-para-o-banho-crabbly-innovagoods_967261.jpg","type":"image\/jpeg"}],"twitter_card":"summary_large_image","schema":{"@context":"https:\/\/schema.org","@graph":[{"@type":"WebPage","@id":"https:\/\/curiosidadesedicas.com\/loja\/produto\/caranguejo-musical-c-bolhas-de-sabao-p-banho\/","url":"https:\/\/curiosidadesedicas.com\/loja\/produto\/caranguejo-musical-c-bolhas-de-sabao-p-banho\/","name":"CARANGUEJO MUSICAL C\/ BOLHAS DE SAB\u00c3O P\/ BANHO - Curiosidades &amp; Dicas, Lda","isPartOf":{"@id":"https:\/\/curiosidadesedicas.com\/loja\/#website"},"primaryImageOfPage":{"@id":"https:\/\/curiosidadesedicas.com\/loja\/produto\/caranguejo-musical-c-bolhas-de-sabao-p-banho\/#primaryimage"},"image":{"@id":"https:\/\/curiosidadesedicas.com\/loja\/produto\/caranguejo-musical-c-bolhas-de-sabao-p-banho\/#primaryimage"},"thumbnailUrl":"https:\/\/curiosidadesedicas.com\/loja\/wp-content\/uploads\/2020\/06\/caranguejo-musical-com-bolhas-de-sab-o-para-o-banho-crabbly-innovagoods_967261.jpg","datePublished":"2020-06-18T08:37:50+00:00","dateModified":"2021-02-03T10:27:33+00:00","breadcrumb":{"@id":"https:\/\/curiosidadesedicas.com\/loja\/produto\/caranguejo-musical-c-bolhas-de-sabao-p-banho\/#breadcrumb"},"inLanguage":"en-US","potentialAction":[{"@type":"ReadAction","target":["https:\/\/curiosidadesedicas.com\/loja\/produto\/caranguejo-musical-c-bolhas-de-sabao-p-banho\/"]}]},{"@type":"ImageObject","inLanguage":"en-US","@id":"https:\/\/curiosidadesedicas.com\/loja\/produto\/caranguejo-musical-c-bolhas-de-sabao-p-banho\/#primaryimage","url":"https:\/\/curiosidadesedicas.com\/loja\/wp-content\/uploads\/2020\/06\/caranguejo-musical-com-bolhas-de-sab-o-para-o-banho-crabbly-innovagoods_967261.jpg","contentUrl":"https:\/\/curiosidadesedicas.com\/loja\/wp-content\/uploads\/2020\/06\/caranguejo-musical-com-bolhas-de-sab-o-para-o-banho-crabbly-innovagoods_967261.jpg","width":600,"height":600},{"@type":"BreadcrumbList","@id":"https:\/\/curiosidadesedicas.com\/loja\/produto\/caranguejo-musical-c-bolhas-de-sabao-p-banho\/#breadcrumb","itemListElement":[{"@type":"ListItem","position":1,"name":"In\u00edcio","item":"https:\/\/curiosidadesedicas.com\/loja\/"},{"@type":"ListItem","position":2,"name":"Produtos","item":"https:\/\/curiosidadesedicas.com\/loja\/produtos\/"},{"@type":"ListItem","position":3,"name":"CARANGUEJO MUSICAL C\/ BOLHAS DE SAB\u00c3O P\/ BANHO"}]},{"@type":"WebSite","@id":"https:\/\/curiosidadesedicas.com\/loja\/#website","url":"https:\/\/curiosidadesedicas.com\/loja\/","name":"Curiosidades &amp; Dicas, Lda","description":"Apaixonados Por Inova\u00e7\u00e3o","publisher":{"@id":"https:\/\/curiosidadesedicas.com\/loja\/#organization"},"potentialAction":[{"@type":"SearchAction","target":{"@type":"EntryPoint","urlTemplate":"https:\/\/curiosidadesedicas.com\/loja\/?s={search_term_string}"},"query-input":{"@type":"PropertyValueSpecification","valueRequired":true,"valueName":"search_term_string"}}],"inLanguage":"en-US"},{"@type":"Organization","@id":"https:\/\/curiosidadesedicas.com\/loja\/#organization","name":"Curiosidades & Dicas","url":"https:\/\/curiosidadesedicas.com\/loja\/","logo":{"@type":"ImageObject","inLanguage":"en-US","@id":"https:\/\/curiosidadesedicas.com\/loja\/#\/schema\/logo\/image\/","url":"https:\/\/curiosidadesedicas.com\/loja\/wp-content\/uploads\/2020\/05\/LogoCuriosidadesSimples.png","contentUrl":"https:\/\/curiosidadesedicas.com\/loja\/wp-content\/uploads\/2020\/05\/LogoCuriosidadesSimples.png","width":3528,"height":804,"caption":"Curiosidades & Dicas"},"image":{"@id":"https:\/\/curiosidadesedicas.com\/loja\/#\/schema\/logo\/image\/"}}]}},"_links":{"self":[{"href":"https:\/\/curiosidadesedicas.com\/loja\/en\/wp-json\/wp\/v2\/product\/14870","targetHints":{"allow":["GET"]}}],"collection":[{"href":"https:\/\/curiosidadesedicas.com\/loja\/en\/wp-json\/wp\/v2\/product"}],"about":[{"href":"https:\/\/curiosidadesedicas.com\/loja\/en\/wp-json\/wp\/v2\/types\/product"}],"replies":[{"embeddable":true,"href":"https:\/\/curiosidadesedicas.com\/loja\/en\/wp-json\/wp\/v2\/comments?post=14870"}],"wp:featuredmedia":[{"embeddable":true,"href":"https:\/\/curiosidadesedicas.com\/loja\/en\/wp-json\/wp\/v2\/media\/14871"}],"wp:attachment":[{"href":"https:\/\/curiosidadesedicas.com\/loja\/en\/wp-json\/wp\/v2\/media?parent=14870"}],"wp:term":[{"taxonomy":"product_brand","embeddable":true,"href":"https:\/\/curiosidadesedicas.com\/loja\/en\/wp-json\/wp\/v2\/product_brand?post=14870"},{"taxonomy":"product_cat","embeddable":true,"href":"https:\/\/curiosidadesedicas.com\/loja\/en\/wp-json\/wp\/v2\/product_cat?post=14870"},{"taxonomy":"product_tag","embeddable":true,"href":"https:\/\/curiosidadesedicas.com\/loja\/en\/wp-json\/wp\/v2\/product_tag?post=14870"}],"curies":[{"name":"wp","href":"https:\/\/api.w.org\/{rel}","templated":true}]}}