{"id":14770,"date":"2020-06-17T13:57:44","date_gmt":"2020-06-17T13:57:44","guid":{"rendered":"https:\/\/curiosidadesedicas.com\/loja\/?post_type=product&#038;p=14770"},"modified":"2025-03-20T11:03:21","modified_gmt":"2025-03-20T11:03:21","slug":"suporte-de-telemovel-c-carregador-s-fios-p-automoveis","status":"publish","type":"product","link":"https:\/\/curiosidadesedicas.com\/loja\/en\/product\/suporte-de-telemovel-c-carregador-s-fios-p-automoveis\/","title":{"rendered":"SUPORTE DE TELEM\u00d3VEL C\/ CARREGADOR S\/ FIOS P\/ AUTOM\u00d3VEIS"},"content":{"rendered":"<div class=\"main-data\">\n<p class=\"small_desc\">Um suporte gravitacional para telem\u00f3veis com um carregador sem fios de viagem, com um inovador design multifun\u00e7\u00f5es. O pr\u00f3prio peso do telem\u00f3vel exerce press\u00e3o sobre as fixa\u00e7\u00f5es laterais para se ajustar automaticamente ao seu tamanho. Al\u00e9m disso, os acabamentos em borracha antiderrapante protegem o telem\u00f3vel e favorecem uma fixa\u00e7\u00e3o firme.<\/p>\n<\/div>","protected":false},"excerpt":{"rendered":"<p>Apresentamos-lhe os\u00a0Suporte de Telem\u00f3vel com Carregador sem Fios para Autom\u00f3veis!<\/p>\n<p>Um suporte gravitacional para telem\u00f3veis com um carregador sem fios de viagem, com um inovador design multifun\u00e7\u00f5es. O pr\u00f3prio peso do telem\u00f3vel exerce press\u00e3o sobre as fixa\u00e7\u00f5es laterais para se ajustar automaticamente ao seu tamanho. Al\u00e9m disso, os acabamentos em borracha antiderrapante protegem o telem\u00f3vel e favorecem uma fixa\u00e7\u00e3o firme.<\/p>\n<ul>\n<li>Material:\u00a0ABS Borracha<\/li>\n<li>Design inovador e funcional<\/li>\n<li>Multifun\u00e7\u00e3o:\u00a0Carregador sem Fios<\/li>\n<li>Suporte para Telem\u00f3veis<\/li>\n<li>F\u00e1cil de colocar e de remover<\/li>\n<li>Fixa\u00e7\u00e3o na grelha de ventila\u00e7\u00e3o do autom\u00f3vel<\/li>\n<li>Mola com ponta de seguran\u00e7a para uma fixa\u00e7\u00e3o fi\u00e1vel<\/li>\n<li>Carga r\u00e1pida e segura: 10 W<\/li>\n<li>\u00c2ngulo ajust\u00e1vel: Rota\u00e7\u00e3o 360\u00ba<\/li>\n<li>Posi\u00e7\u00e3o vertical ou inclinada<\/li>\n<li>Apto para dispositivos de 6,5 at\u00e9 8,5\u00a0cm (entre 4&#8243; e 6&#8243;)<\/li>\n<li>Auto-ajust\u00e1vel ao tamanho do smartphone<\/li>\n<li>Orif\u00edcio para conex\u00e3o f\u00e1cil do cabo USB<\/li>\n<li>Interior das fixa\u00e7\u00f5es em borracha para evitar fric\u00e7\u00f5es e ru\u00eddos devido \u00e0 vibra\u00e7\u00e3o<\/li>\n<li>Input: 5 V &#8211; 2 A \/ 9 V &#8211; 1,67 A \/ 15 W<\/li>\n<li>Output: 10 W<\/li>\n<li>Inclui: Cabo USB para Micro USB<\/li>\n<li>Compat\u00edvel com Android e IOS em dispositivos adequados para carga por indu\u00e7\u00e3o.<\/li>\n<li>Medidas aprox.: 9 x 10 x 10 cm<\/li>\n<\/ul>","protected":false},"featured_media":14771,"comment_status":"open","ping_status":"closed","template":"","meta":{"_glsr_average":0,"_glsr_ranking":0,"_glsr_reviews":0},"product_brand":[],"product_cat":[350,351,352],"product_tag":[],"class_list":{"0":"post-14770","1":"product","2":"type-product","3":"status-publish","4":"has-post-thumbnail","6":"product_cat-gadgets","7":"product_cat-p-carro","8":"product_cat-p-telemoveis","10":"first","11":"instock","12":"taxable","13":"shipping-taxable","14":"purchasable","15":"product-type-simple"},"yoast_head":"<!-- This site is optimized with the Yoast SEO plugin v26.8 - https:\/\/yoast.com\/product\/yoast-seo-wordpress\/ -->\n<title>SUPORTE DE TELEM\u00d3VEL C\/ CARREGADOR S\/ FIOS P\/ AUTOM\u00d3VEIS - Curiosidades &amp; Dicas, Lda<\/title>\n<meta name=\"robots\" content=\"index, follow, max-snippet:-1, max-image-preview:large, max-video-preview:-1\" \/>\n<link rel=\"canonical\" href=\"https:\/\/curiosidadesedicas.com\/loja\/en\/product\/suporte-de-telemovel-c-carregador-s-fios-p-automoveis\/\" \/>\n<meta property=\"og:locale\" content=\"en_US\" \/>\n<meta property=\"og:type\" content=\"article\" \/>\n<meta property=\"og:title\" content=\"SUPORTE DE TELEM\u00d3VEL C\/ CARREGADOR S\/ FIOS P\/ AUTOM\u00d3VEIS - Curiosidades &amp; Dicas, Lda\" \/>\n<meta property=\"og:description\" content=\"Apresentamos-lhe os\u00a0Suporte de Telem\u00f3vel com Carregador sem Fios para Autom\u00f3veis!  Um suporte gravitacional para telem\u00f3veis com um carregador sem fios de viagem, com um inovador design multifun\u00e7\u00f5es. O pr\u00f3prio peso do telem\u00f3vel exerce press\u00e3o sobre as fixa\u00e7\u00f5es laterais para se ajustar automaticamente ao seu tamanho. Al\u00e9m disso, os acabamentos em borracha antiderrapante protegem o telem\u00f3vel e favorecem uma fixa\u00e7\u00e3o firme.   Material:\u00a0ABS Borracha  Design inovador e funcional  Multifun\u00e7\u00e3o:\u00a0Carregador sem Fios  Suporte para Telem\u00f3veis  F\u00e1cil de colocar e de remover  Fixa\u00e7\u00e3o na grelha de ventila\u00e7\u00e3o do autom\u00f3vel  Mola com ponta de seguran\u00e7a para uma fixa\u00e7\u00e3o fi\u00e1vel  Carga r\u00e1pida e segura: 10 W  \u00c2ngulo ajust\u00e1vel: Rota\u00e7\u00e3o 360\u00ba  Posi\u00e7\u00e3o vertical ou inclinada  Apto para dispositivos de 6,5 at\u00e9 8,5\u00a0cm (entre 4&quot; e 6&quot;)  Auto-ajust\u00e1vel ao tamanho do smartphone  Orif\u00edcio para conex\u00e3o f\u00e1cil do cabo USB  Interior das fixa\u00e7\u00f5es em borracha para evitar fric\u00e7\u00f5es e ru\u00eddos devido \u00e0 vibra\u00e7\u00e3o  Input: 5 V - 2 A \/ 9 V - 1,67 A \/ 15 W  Output: 10 W  Inclui: Cabo USB para Micro USB  Compat\u00edvel com Android e IOS em dispositivos adequados para carga por indu\u00e7\u00e3o.  Medidas aprox.: 9 x 10 x 10 cm\" \/>\n<meta property=\"og:url\" content=\"https:\/\/curiosidadesedicas.com\/loja\/en\/product\/suporte-de-telemovel-c-carregador-s-fios-p-automoveis\/\" \/>\n<meta property=\"og:site_name\" content=\"Curiosidades &amp; Dicas, Lda\" \/>\n<meta property=\"article:modified_time\" content=\"2025-03-20T11:03:21+00:00\" \/>\n<meta property=\"og:image\" content=\"https:\/\/curiosidadesedicas.com\/loja\/wp-content\/uploads\/2020\/06\/ll.jpg\" \/>\n\t<meta property=\"og:image:width\" content=\"600\" \/>\n\t<meta property=\"og:image:height\" content=\"600\" \/>\n\t<meta property=\"og:image:type\" content=\"image\/jpeg\" \/>\n<meta name=\"twitter:card\" content=\"summary_large_image\" \/>\n<meta name=\"twitter:label1\" content=\"Est. reading time\" \/>\n\t<meta name=\"twitter:data1\" content=\"1 minute\" \/>\n<script type=\"application\/ld+json\" class=\"yoast-schema-graph\">{\"@context\":\"https:\/\/schema.org\",\"@graph\":[{\"@type\":\"WebPage\",\"@id\":\"https:\/\/curiosidadesedicas.com\/loja\/produto\/suporte-de-telemovel-c-carregador-s-fios-p-automoveis\/\",\"url\":\"https:\/\/curiosidadesedicas.com\/loja\/produto\/suporte-de-telemovel-c-carregador-s-fios-p-automoveis\/\",\"name\":\"SUPORTE DE TELEM\u00d3VEL C\/ CARREGADOR S\/ FIOS P\/ AUTOM\u00d3VEIS - Curiosidades &amp; Dicas, Lda\",\"isPartOf\":{\"@id\":\"https:\/\/curiosidadesedicas.com\/loja\/#website\"},\"primaryImageOfPage\":{\"@id\":\"https:\/\/curiosidadesedicas.com\/loja\/produto\/suporte-de-telemovel-c-carregador-s-fios-p-automoveis\/#primaryimage\"},\"image\":{\"@id\":\"https:\/\/curiosidadesedicas.com\/loja\/produto\/suporte-de-telemovel-c-carregador-s-fios-p-automoveis\/#primaryimage\"},\"thumbnailUrl\":\"https:\/\/curiosidadesedicas.com\/loja\/wp-content\/uploads\/2020\/06\/ll.jpg\",\"datePublished\":\"2020-06-17T13:57:44+00:00\",\"dateModified\":\"2025-03-20T11:03:21+00:00\",\"breadcrumb\":{\"@id\":\"https:\/\/curiosidadesedicas.com\/loja\/produto\/suporte-de-telemovel-c-carregador-s-fios-p-automoveis\/#breadcrumb\"},\"inLanguage\":\"en-US\",\"potentialAction\":[{\"@type\":\"ReadAction\",\"target\":[\"https:\/\/curiosidadesedicas.com\/loja\/produto\/suporte-de-telemovel-c-carregador-s-fios-p-automoveis\/\"]}]},{\"@type\":\"ImageObject\",\"inLanguage\":\"en-US\",\"@id\":\"https:\/\/curiosidadesedicas.com\/loja\/produto\/suporte-de-telemovel-c-carregador-s-fios-p-automoveis\/#primaryimage\",\"url\":\"https:\/\/curiosidadesedicas.com\/loja\/wp-content\/uploads\/2020\/06\/ll.jpg\",\"contentUrl\":\"https:\/\/curiosidadesedicas.com\/loja\/wp-content\/uploads\/2020\/06\/ll.jpg\",\"width\":600,\"height\":600},{\"@type\":\"BreadcrumbList\",\"@id\":\"https:\/\/curiosidadesedicas.com\/loja\/produto\/suporte-de-telemovel-c-carregador-s-fios-p-automoveis\/#breadcrumb\",\"itemListElement\":[{\"@type\":\"ListItem\",\"position\":1,\"name\":\"In\u00edcio\",\"item\":\"https:\/\/curiosidadesedicas.com\/loja\/\"},{\"@type\":\"ListItem\",\"position\":2,\"name\":\"Produtos\",\"item\":\"https:\/\/curiosidadesedicas.com\/loja\/produtos\/\"},{\"@type\":\"ListItem\",\"position\":3,\"name\":\"SUPORTE DE TELEM\u00d3VEL C\/ CARREGADOR S\/ FIOS P\/ AUTOM\u00d3VEIS\"}]},{\"@type\":\"WebSite\",\"@id\":\"https:\/\/curiosidadesedicas.com\/loja\/#website\",\"url\":\"https:\/\/curiosidadesedicas.com\/loja\/\",\"name\":\"Curiosidades &amp; Dicas, Lda\",\"description\":\"Apaixonados Por Inova\u00e7\u00e3o\",\"publisher\":{\"@id\":\"https:\/\/curiosidadesedicas.com\/loja\/#organization\"},\"potentialAction\":[{\"@type\":\"SearchAction\",\"target\":{\"@type\":\"EntryPoint\",\"urlTemplate\":\"https:\/\/curiosidadesedicas.com\/loja\/?s={search_term_string}\"},\"query-input\":{\"@type\":\"PropertyValueSpecification\",\"valueRequired\":true,\"valueName\":\"search_term_string\"}}],\"inLanguage\":\"en-US\"},{\"@type\":\"Organization\",\"@id\":\"https:\/\/curiosidadesedicas.com\/loja\/#organization\",\"name\":\"Curiosidades & Dicas\",\"url\":\"https:\/\/curiosidadesedicas.com\/loja\/\",\"logo\":{\"@type\":\"ImageObject\",\"inLanguage\":\"en-US\",\"@id\":\"https:\/\/curiosidadesedicas.com\/loja\/#\/schema\/logo\/image\/\",\"url\":\"https:\/\/curiosidadesedicas.com\/loja\/wp-content\/uploads\/2020\/05\/LogoCuriosidadesSimples.png\",\"contentUrl\":\"https:\/\/curiosidadesedicas.com\/loja\/wp-content\/uploads\/2020\/05\/LogoCuriosidadesSimples.png\",\"width\":3528,\"height\":804,\"caption\":\"Curiosidades & Dicas\"},\"image\":{\"@id\":\"https:\/\/curiosidadesedicas.com\/loja\/#\/schema\/logo\/image\/\"}}]}<\/script>\n<!-- \/ Yoast SEO plugin. -->","yoast_head_json":{"title":"SUPORTE DE TELEM\u00d3VEL C\/ CARREGADOR S\/ FIOS P\/ AUTOM\u00d3VEIS - Curiosidades &amp; Dicas, Lda","robots":{"index":"index","follow":"follow","max-snippet":"max-snippet:-1","max-image-preview":"max-image-preview:large","max-video-preview":"max-video-preview:-1"},"canonical":"https:\/\/curiosidadesedicas.com\/loja\/en\/product\/suporte-de-telemovel-c-carregador-s-fios-p-automoveis\/","og_locale":"en_US","og_type":"article","og_title":"SUPORTE DE TELEM\u00d3VEL C\/ CARREGADOR S\/ FIOS P\/ AUTOM\u00d3VEIS - Curiosidades &amp; Dicas, Lda","og_description":"Apresentamos-lhe os\u00a0Suporte de Telem\u00f3vel com Carregador sem Fios para Autom\u00f3veis!  Um suporte gravitacional para telem\u00f3veis com um carregador sem fios de viagem, com um inovador design multifun\u00e7\u00f5es. O pr\u00f3prio peso do telem\u00f3vel exerce press\u00e3o sobre as fixa\u00e7\u00f5es laterais para se ajustar automaticamente ao seu tamanho. Al\u00e9m disso, os acabamentos em borracha antiderrapante protegem o telem\u00f3vel e favorecem uma fixa\u00e7\u00e3o firme.   Material:\u00a0ABS Borracha  Design inovador e funcional  Multifun\u00e7\u00e3o:\u00a0Carregador sem Fios  Suporte para Telem\u00f3veis  F\u00e1cil de colocar e de remover  Fixa\u00e7\u00e3o na grelha de ventila\u00e7\u00e3o do autom\u00f3vel  Mola com ponta de seguran\u00e7a para uma fixa\u00e7\u00e3o fi\u00e1vel  Carga r\u00e1pida e segura: 10 W  \u00c2ngulo ajust\u00e1vel: Rota\u00e7\u00e3o 360\u00ba  Posi\u00e7\u00e3o vertical ou inclinada  Apto para dispositivos de 6,5 at\u00e9 8,5\u00a0cm (entre 4\" e 6\")  Auto-ajust\u00e1vel ao tamanho do smartphone  Orif\u00edcio para conex\u00e3o f\u00e1cil do cabo USB  Interior das fixa\u00e7\u00f5es em borracha para evitar fric\u00e7\u00f5es e ru\u00eddos devido \u00e0 vibra\u00e7\u00e3o  Input: 5 V - 2 A \/ 9 V - 1,67 A \/ 15 W  Output: 10 W  Inclui: Cabo USB para Micro USB  Compat\u00edvel com Android e IOS em dispositivos adequados para carga por indu\u00e7\u00e3o.  Medidas aprox.: 9 x 10 x 10 cm","og_url":"https:\/\/curiosidadesedicas.com\/loja\/en\/product\/suporte-de-telemovel-c-carregador-s-fios-p-automoveis\/","og_site_name":"Curiosidades &amp; Dicas, Lda","article_modified_time":"2025-03-20T11:03:21+00:00","og_image":[{"width":600,"height":600,"url":"https:\/\/curiosidadesedicas.com\/loja\/wp-content\/uploads\/2020\/06\/ll.jpg","type":"image\/jpeg"}],"twitter_card":"summary_large_image","twitter_misc":{"Est. reading time":"1 minute"},"schema":{"@context":"https:\/\/schema.org","@graph":[{"@type":"WebPage","@id":"https:\/\/curiosidadesedicas.com\/loja\/produto\/suporte-de-telemovel-c-carregador-s-fios-p-automoveis\/","url":"https:\/\/curiosidadesedicas.com\/loja\/produto\/suporte-de-telemovel-c-carregador-s-fios-p-automoveis\/","name":"SUPORTE DE TELEM\u00d3VEL C\/ CARREGADOR S\/ FIOS P\/ AUTOM\u00d3VEIS - Curiosidades &amp; Dicas, Lda","isPartOf":{"@id":"https:\/\/curiosidadesedicas.com\/loja\/#website"},"primaryImageOfPage":{"@id":"https:\/\/curiosidadesedicas.com\/loja\/produto\/suporte-de-telemovel-c-carregador-s-fios-p-automoveis\/#primaryimage"},"image":{"@id":"https:\/\/curiosidadesedicas.com\/loja\/produto\/suporte-de-telemovel-c-carregador-s-fios-p-automoveis\/#primaryimage"},"thumbnailUrl":"https:\/\/curiosidadesedicas.com\/loja\/wp-content\/uploads\/2020\/06\/ll.jpg","datePublished":"2020-06-17T13:57:44+00:00","dateModified":"2025-03-20T11:03:21+00:00","breadcrumb":{"@id":"https:\/\/curiosidadesedicas.com\/loja\/produto\/suporte-de-telemovel-c-carregador-s-fios-p-automoveis\/#breadcrumb"},"inLanguage":"en-US","potentialAction":[{"@type":"ReadAction","target":["https:\/\/curiosidadesedicas.com\/loja\/produto\/suporte-de-telemovel-c-carregador-s-fios-p-automoveis\/"]}]},{"@type":"ImageObject","inLanguage":"en-US","@id":"https:\/\/curiosidadesedicas.com\/loja\/produto\/suporte-de-telemovel-c-carregador-s-fios-p-automoveis\/#primaryimage","url":"https:\/\/curiosidadesedicas.com\/loja\/wp-content\/uploads\/2020\/06\/ll.jpg","contentUrl":"https:\/\/curiosidadesedicas.com\/loja\/wp-content\/uploads\/2020\/06\/ll.jpg","width":600,"height":600},{"@type":"BreadcrumbList","@id":"https:\/\/curiosidadesedicas.com\/loja\/produto\/suporte-de-telemovel-c-carregador-s-fios-p-automoveis\/#breadcrumb","itemListElement":[{"@type":"ListItem","position":1,"name":"In\u00edcio","item":"https:\/\/curiosidadesedicas.com\/loja\/"},{"@type":"ListItem","position":2,"name":"Produtos","item":"https:\/\/curiosidadesedicas.com\/loja\/produtos\/"},{"@type":"ListItem","position":3,"name":"SUPORTE DE TELEM\u00d3VEL C\/ CARREGADOR S\/ FIOS P\/ AUTOM\u00d3VEIS"}]},{"@type":"WebSite","@id":"https:\/\/curiosidadesedicas.com\/loja\/#website","url":"https:\/\/curiosidadesedicas.com\/loja\/","name":"Curiosidades &amp; Dicas, Lda","description":"Apaixonados Por Inova\u00e7\u00e3o","publisher":{"@id":"https:\/\/curiosidadesedicas.com\/loja\/#organization"},"potentialAction":[{"@type":"SearchAction","target":{"@type":"EntryPoint","urlTemplate":"https:\/\/curiosidadesedicas.com\/loja\/?s={search_term_string}"},"query-input":{"@type":"PropertyValueSpecification","valueRequired":true,"valueName":"search_term_string"}}],"inLanguage":"en-US"},{"@type":"Organization","@id":"https:\/\/curiosidadesedicas.com\/loja\/#organization","name":"Curiosidades & Dicas","url":"https:\/\/curiosidadesedicas.com\/loja\/","logo":{"@type":"ImageObject","inLanguage":"en-US","@id":"https:\/\/curiosidadesedicas.com\/loja\/#\/schema\/logo\/image\/","url":"https:\/\/curiosidadesedicas.com\/loja\/wp-content\/uploads\/2020\/05\/LogoCuriosidadesSimples.png","contentUrl":"https:\/\/curiosidadesedicas.com\/loja\/wp-content\/uploads\/2020\/05\/LogoCuriosidadesSimples.png","width":3528,"height":804,"caption":"Curiosidades & Dicas"},"image":{"@id":"https:\/\/curiosidadesedicas.com\/loja\/#\/schema\/logo\/image\/"}}]}},"_links":{"self":[{"href":"https:\/\/curiosidadesedicas.com\/loja\/en\/wp-json\/wp\/v2\/product\/14770","targetHints":{"allow":["GET"]}}],"collection":[{"href":"https:\/\/curiosidadesedicas.com\/loja\/en\/wp-json\/wp\/v2\/product"}],"about":[{"href":"https:\/\/curiosidadesedicas.com\/loja\/en\/wp-json\/wp\/v2\/types\/product"}],"replies":[{"embeddable":true,"href":"https:\/\/curiosidadesedicas.com\/loja\/en\/wp-json\/wp\/v2\/comments?post=14770"}],"wp:featuredmedia":[{"embeddable":true,"href":"https:\/\/curiosidadesedicas.com\/loja\/en\/wp-json\/wp\/v2\/media\/14771"}],"wp:attachment":[{"href":"https:\/\/curiosidadesedicas.com\/loja\/en\/wp-json\/wp\/v2\/media?parent=14770"}],"wp:term":[{"taxonomy":"product_brand","embeddable":true,"href":"https:\/\/curiosidadesedicas.com\/loja\/en\/wp-json\/wp\/v2\/product_brand?post=14770"},{"taxonomy":"product_cat","embeddable":true,"href":"https:\/\/curiosidadesedicas.com\/loja\/en\/wp-json\/wp\/v2\/product_cat?post=14770"},{"taxonomy":"product_tag","embeddable":true,"href":"https:\/\/curiosidadesedicas.com\/loja\/en\/wp-json\/wp\/v2\/product_tag?post=14770"}],"curies":[{"name":"wp","href":"https:\/\/api.w.org\/{rel}","templated":true}]}}