{"id":14403,"date":"2020-06-16T10:56:08","date_gmt":"2020-06-16T10:56:08","guid":{"rendered":"https:\/\/curiosidadesedicas.com\/loja\/?post_type=product&#038;p=14403"},"modified":"2024-06-18T11:17:30","modified_gmt":"2024-06-18T11:17:30","slug":"mosquiteira-p-porta-c-fecho-magnetico-100-x-220cm","status":"publish","type":"product","link":"https:\/\/curiosidadesedicas.com\/loja\/en\/product\/mosquiteira-p-porta-c-fecho-magnetico-100-x-220cm\/","title":{"rendered":"MOSQUITEIRA P\/ PORTA C\/ FECHO MAGN\u00c9TICO 100 x 220CM"},"content":{"rendered":"<p class=\"small_desc\">Uma <strong>cortina anti-insetos<\/strong> perfeita para proteger a casa dos inc\u00f3modos insetos. Um m\u00e9todo simples e eficaz para evitar a presen\u00e7a dos insetos\u00a0com portas e janelas abertas, j\u00e1 que funciona como barreira protetora que impede a entrada em casa\u00a0de moscas, mosquitos, abelhas, etc.<\/p>\n<p><iframe loading=\"lazy\" title=\"As melhores mosquiteiras ANTI-INSETO do mercado\" width=\"780\" height=\"439\" src=\"https:\/\/www.youtube.com\/embed\/sEc8nqZGepY?feature=oembed&#038;enablejsapi=1&#038;origin=https:\/\/curiosidadesedicas.com\" frameborder=\"0\" allow=\"accelerometer; autoplay; clipboard-write; encrypted-media; gyroscope; picture-in-picture; web-share\" referrerpolicy=\"strict-origin-when-cross-origin\" allowfullscreen><\/iframe><\/p>","protected":false},"excerpt":{"rendered":"<div id=\"shop-desc\" class=\"tab-pane active\">\n<div class=\"product-description\">\n<p>Ideal para\u00a0vivendas pr\u00f3ximas da praia, do campo, com jardim, etc. Instala-se facilmente em portas de p\u00e1tios, portas corredi\u00e7as, portas frontais, portas traseiras, portas de balc\u00e3o, tendas, janelas, etc.<\/p>\n<ul>\n<li>Fabricada com malha entrela\u00e7ada e leve<\/li>\n<li>Deixa passar a luz e a claridade<\/li>\n<li>Design moderno e pr\u00e1tico<\/li>\n<li>Fecho magn\u00e9tico<\/li>\n<li>2\u00a0pain\u00e9is com abertura central (os \u00edmanes\u00a0das margens unem as duas partes da cortina)<\/li>\n<li>Largura x altura aprox. de cada painel: 100 x 220 cm<\/li>\n<li>F\u00e1cil e r\u00e1pida coloca\u00e7\u00e3o atrav\u00e9s de velcros adesivos (inclu\u00eddos) ou tachas para uma maior fixa\u00e7\u00e3o (inclu\u00eddas)<\/li>\n<li>Ajust\u00e1vel e adapt\u00e1vel a diferentes alturas, larguras e tipos de porta ou janela<\/li>\n<li><strong><strong>Pode cortar \u00e0 medida da sua porta<\/strong><\/strong><\/li>\n<\/ul>\n<p>Caso pretenda um modelo maior pode verificar <strong><a href=\"https:\/\/curiosidadesedicas.com\/loja\/en\/product\/mosquiteira-p-porta-c-fecho-magnetico-120-x-240cm\/\" target=\"_blank\" rel=\"noopener\">aqui<\/a><br \/>\n<\/strong><\/p>\n<p>https:\/\/www.youtube.com\/watch?v=3UByb4TVufw<\/p>\n<\/div>\n<\/div>","protected":false},"featured_media":14415,"comment_status":"open","ping_status":"closed","template":"","meta":{"_glsr_average":0,"_glsr_ranking":0,"_glsr_reviews":0},"product_brand":[],"product_cat":[387,389],"product_tag":[],"class_list":{"0":"post-14403","1":"product","2":"type-product","3":"status-publish","4":"has-post-thumbnail","6":"product_cat-anti-insetos","7":"product_cat-naturais","9":"first","10":"instock","11":"taxable","12":"shipping-taxable","13":"purchasable","14":"product-type-variable"},"yoast_head":"<!-- This site is optimized with the Yoast SEO plugin v26.8 - https:\/\/yoast.com\/product\/yoast-seo-wordpress\/ -->\n<title>MOSQUITEIRA P\/ PORTA C\/ FECHO MAGN\u00c9TICO 100 x 220CM - Curiosidades &amp; Dicas, Lda<\/title>\n<meta name=\"robots\" content=\"index, follow, max-snippet:-1, max-image-preview:large, max-video-preview:-1\" \/>\n<link rel=\"canonical\" href=\"https:\/\/curiosidadesedicas.com\/loja\/en\/product\/mosquiteira-p-porta-c-fecho-magnetico-100-x-220cm\/\" \/>\n<meta property=\"og:locale\" content=\"en_US\" \/>\n<meta property=\"og:type\" content=\"article\" \/>\n<meta property=\"og:title\" content=\"MOSQUITEIRA P\/ PORTA C\/ FECHO MAGN\u00c9TICO 100 x 220CM - Curiosidades &amp; Dicas, Lda\" \/>\n<meta property=\"og:description\" content=\"Ideal para\u00a0vivendas pr\u00f3ximas da praia, do campo, com jardim, etc. Instala-se facilmente em portas de p\u00e1tios, portas corredi\u00e7as, portas frontais, portas traseiras, portas de balc\u00e3o, tendas, janelas, etc.   Fabricada com malha entrela\u00e7ada e leve  Deixa passar a luz e a claridade  Design moderno e pr\u00e1tico  Fecho magn\u00e9tico  2\u00a0pain\u00e9is com abertura central (os \u00edmanes\u00a0das margens unem as duas partes da cortina)  Largura x altura aprox. de cada painel: 100 x 220 cm  F\u00e1cil e r\u00e1pida coloca\u00e7\u00e3o atrav\u00e9s de velcros adesivos (inclu\u00eddos) ou tachas para uma maior fixa\u00e7\u00e3o (inclu\u00eddas)  Ajust\u00e1vel e adapt\u00e1vel a diferentes alturas, larguras e tipos de porta ou janela  Pode cortar \u00e0 medida da sua porta  Caso pretenda um modelo maior pode verificar aqui   https:\/\/www.youtube.com\/watch?v=3UByb4TVufw\" \/>\n<meta property=\"og:url\" content=\"https:\/\/curiosidadesedicas.com\/loja\/en\/product\/mosquiteira-p-porta-c-fecho-magnetico-100-x-220cm\/\" \/>\n<meta property=\"og:site_name\" content=\"Curiosidades &amp; Dicas, Lda\" \/>\n<meta property=\"article:modified_time\" content=\"2024-06-18T11:17:30+00:00\" \/>\n<meta property=\"og:image\" content=\"https:\/\/curiosidadesedicas.com\/loja\/wp-content\/uploads\/2020\/06\/Xcortina-mosquiteira-innovagoods.jpg\" \/>\n\t<meta property=\"og:image:width\" content=\"600\" \/>\n\t<meta property=\"og:image:height\" content=\"600\" \/>\n\t<meta property=\"og:image:type\" content=\"image\/jpeg\" \/>\n<meta name=\"twitter:card\" content=\"summary_large_image\" \/>\n<script type=\"application\/ld+json\" class=\"yoast-schema-graph\">{\"@context\":\"https:\/\/schema.org\",\"@graph\":[{\"@type\":\"WebPage\",\"@id\":\"https:\/\/curiosidadesedicas.com\/loja\/produto\/mosquiteira-p-porta-c-fecho-magnetico-100-x-220cm\/\",\"url\":\"https:\/\/curiosidadesedicas.com\/loja\/produto\/mosquiteira-p-porta-c-fecho-magnetico-100-x-220cm\/\",\"name\":\"MOSQUITEIRA P\/ PORTA C\/ FECHO MAGN\u00c9TICO 100 x 220CM - Curiosidades &amp; Dicas, Lda\",\"isPartOf\":{\"@id\":\"https:\/\/curiosidadesedicas.com\/loja\/#website\"},\"primaryImageOfPage\":{\"@id\":\"https:\/\/curiosidadesedicas.com\/loja\/produto\/mosquiteira-p-porta-c-fecho-magnetico-100-x-220cm\/#primaryimage\"},\"image\":{\"@id\":\"https:\/\/curiosidadesedicas.com\/loja\/produto\/mosquiteira-p-porta-c-fecho-magnetico-100-x-220cm\/#primaryimage\"},\"thumbnailUrl\":\"https:\/\/curiosidadesedicas.com\/loja\/wp-content\/uploads\/2020\/06\/Xcortina-mosquiteira-innovagoods.jpg\",\"datePublished\":\"2020-06-16T10:56:08+00:00\",\"dateModified\":\"2024-06-18T11:17:30+00:00\",\"breadcrumb\":{\"@id\":\"https:\/\/curiosidadesedicas.com\/loja\/produto\/mosquiteira-p-porta-c-fecho-magnetico-100-x-220cm\/#breadcrumb\"},\"inLanguage\":\"en-US\",\"potentialAction\":[{\"@type\":\"ReadAction\",\"target\":[\"https:\/\/curiosidadesedicas.com\/loja\/produto\/mosquiteira-p-porta-c-fecho-magnetico-100-x-220cm\/\"]}]},{\"@type\":\"ImageObject\",\"inLanguage\":\"en-US\",\"@id\":\"https:\/\/curiosidadesedicas.com\/loja\/produto\/mosquiteira-p-porta-c-fecho-magnetico-100-x-220cm\/#primaryimage\",\"url\":\"https:\/\/curiosidadesedicas.com\/loja\/wp-content\/uploads\/2020\/06\/Xcortina-mosquiteira-innovagoods.jpg\",\"contentUrl\":\"https:\/\/curiosidadesedicas.com\/loja\/wp-content\/uploads\/2020\/06\/Xcortina-mosquiteira-innovagoods.jpg\",\"width\":600,\"height\":600},{\"@type\":\"BreadcrumbList\",\"@id\":\"https:\/\/curiosidadesedicas.com\/loja\/produto\/mosquiteira-p-porta-c-fecho-magnetico-100-x-220cm\/#breadcrumb\",\"itemListElement\":[{\"@type\":\"ListItem\",\"position\":1,\"name\":\"In\u00edcio\",\"item\":\"https:\/\/curiosidadesedicas.com\/loja\/\"},{\"@type\":\"ListItem\",\"position\":2,\"name\":\"Produtos\",\"item\":\"https:\/\/curiosidadesedicas.com\/loja\/produtos\/\"},{\"@type\":\"ListItem\",\"position\":3,\"name\":\"MOSQUITEIRA P\/ PORTA C\/ FECHO MAGN\u00c9TICO 100 x 220CM\"}]},{\"@type\":\"WebSite\",\"@id\":\"https:\/\/curiosidadesedicas.com\/loja\/#website\",\"url\":\"https:\/\/curiosidadesedicas.com\/loja\/\",\"name\":\"Curiosidades &amp; Dicas, Lda\",\"description\":\"Apaixonados Por Inova\u00e7\u00e3o\",\"publisher\":{\"@id\":\"https:\/\/curiosidadesedicas.com\/loja\/#organization\"},\"potentialAction\":[{\"@type\":\"SearchAction\",\"target\":{\"@type\":\"EntryPoint\",\"urlTemplate\":\"https:\/\/curiosidadesedicas.com\/loja\/?s={search_term_string}\"},\"query-input\":{\"@type\":\"PropertyValueSpecification\",\"valueRequired\":true,\"valueName\":\"search_term_string\"}}],\"inLanguage\":\"en-US\"},{\"@type\":\"Organization\",\"@id\":\"https:\/\/curiosidadesedicas.com\/loja\/#organization\",\"name\":\"Curiosidades & Dicas\",\"url\":\"https:\/\/curiosidadesedicas.com\/loja\/\",\"logo\":{\"@type\":\"ImageObject\",\"inLanguage\":\"en-US\",\"@id\":\"https:\/\/curiosidadesedicas.com\/loja\/#\/schema\/logo\/image\/\",\"url\":\"https:\/\/curiosidadesedicas.com\/loja\/wp-content\/uploads\/2020\/05\/LogoCuriosidadesSimples.png\",\"contentUrl\":\"https:\/\/curiosidadesedicas.com\/loja\/wp-content\/uploads\/2020\/05\/LogoCuriosidadesSimples.png\",\"width\":3528,\"height\":804,\"caption\":\"Curiosidades & Dicas\"},\"image\":{\"@id\":\"https:\/\/curiosidadesedicas.com\/loja\/#\/schema\/logo\/image\/\"}}]}<\/script>\n<!-- \/ Yoast SEO plugin. -->","yoast_head_json":{"title":"MOSQUITEIRA P\/ PORTA C\/ FECHO MAGN\u00c9TICO 100 x 220CM - Curiosidades &amp; Dicas, Lda","robots":{"index":"index","follow":"follow","max-snippet":"max-snippet:-1","max-image-preview":"max-image-preview:large","max-video-preview":"max-video-preview:-1"},"canonical":"https:\/\/curiosidadesedicas.com\/loja\/en\/product\/mosquiteira-p-porta-c-fecho-magnetico-100-x-220cm\/","og_locale":"en_US","og_type":"article","og_title":"MOSQUITEIRA P\/ PORTA C\/ FECHO MAGN\u00c9TICO 100 x 220CM - Curiosidades &amp; Dicas, Lda","og_description":"Ideal para\u00a0vivendas pr\u00f3ximas da praia, do campo, com jardim, etc. Instala-se facilmente em portas de p\u00e1tios, portas corredi\u00e7as, portas frontais, portas traseiras, portas de balc\u00e3o, tendas, janelas, etc.   Fabricada com malha entrela\u00e7ada e leve  Deixa passar a luz e a claridade  Design moderno e pr\u00e1tico  Fecho magn\u00e9tico  2\u00a0pain\u00e9is com abertura central (os \u00edmanes\u00a0das margens unem as duas partes da cortina)  Largura x altura aprox. de cada painel: 100 x 220 cm  F\u00e1cil e r\u00e1pida coloca\u00e7\u00e3o atrav\u00e9s de velcros adesivos (inclu\u00eddos) ou tachas para uma maior fixa\u00e7\u00e3o (inclu\u00eddas)  Ajust\u00e1vel e adapt\u00e1vel a diferentes alturas, larguras e tipos de porta ou janela  Pode cortar \u00e0 medida da sua porta  Caso pretenda um modelo maior pode verificar aqui   https:\/\/www.youtube.com\/watch?v=3UByb4TVufw","og_url":"https:\/\/curiosidadesedicas.com\/loja\/en\/product\/mosquiteira-p-porta-c-fecho-magnetico-100-x-220cm\/","og_site_name":"Curiosidades &amp; Dicas, Lda","article_modified_time":"2024-06-18T11:17:30+00:00","og_image":[{"width":600,"height":600,"url":"https:\/\/curiosidadesedicas.com\/loja\/wp-content\/uploads\/2020\/06\/Xcortina-mosquiteira-innovagoods.jpg","type":"image\/jpeg"}],"twitter_card":"summary_large_image","schema":{"@context":"https:\/\/schema.org","@graph":[{"@type":"WebPage","@id":"https:\/\/curiosidadesedicas.com\/loja\/produto\/mosquiteira-p-porta-c-fecho-magnetico-100-x-220cm\/","url":"https:\/\/curiosidadesedicas.com\/loja\/produto\/mosquiteira-p-porta-c-fecho-magnetico-100-x-220cm\/","name":"MOSQUITEIRA P\/ PORTA C\/ FECHO MAGN\u00c9TICO 100 x 220CM - Curiosidades &amp; Dicas, Lda","isPartOf":{"@id":"https:\/\/curiosidadesedicas.com\/loja\/#website"},"primaryImageOfPage":{"@id":"https:\/\/curiosidadesedicas.com\/loja\/produto\/mosquiteira-p-porta-c-fecho-magnetico-100-x-220cm\/#primaryimage"},"image":{"@id":"https:\/\/curiosidadesedicas.com\/loja\/produto\/mosquiteira-p-porta-c-fecho-magnetico-100-x-220cm\/#primaryimage"},"thumbnailUrl":"https:\/\/curiosidadesedicas.com\/loja\/wp-content\/uploads\/2020\/06\/Xcortina-mosquiteira-innovagoods.jpg","datePublished":"2020-06-16T10:56:08+00:00","dateModified":"2024-06-18T11:17:30+00:00","breadcrumb":{"@id":"https:\/\/curiosidadesedicas.com\/loja\/produto\/mosquiteira-p-porta-c-fecho-magnetico-100-x-220cm\/#breadcrumb"},"inLanguage":"en-US","potentialAction":[{"@type":"ReadAction","target":["https:\/\/curiosidadesedicas.com\/loja\/produto\/mosquiteira-p-porta-c-fecho-magnetico-100-x-220cm\/"]}]},{"@type":"ImageObject","inLanguage":"en-US","@id":"https:\/\/curiosidadesedicas.com\/loja\/produto\/mosquiteira-p-porta-c-fecho-magnetico-100-x-220cm\/#primaryimage","url":"https:\/\/curiosidadesedicas.com\/loja\/wp-content\/uploads\/2020\/06\/Xcortina-mosquiteira-innovagoods.jpg","contentUrl":"https:\/\/curiosidadesedicas.com\/loja\/wp-content\/uploads\/2020\/06\/Xcortina-mosquiteira-innovagoods.jpg","width":600,"height":600},{"@type":"BreadcrumbList","@id":"https:\/\/curiosidadesedicas.com\/loja\/produto\/mosquiteira-p-porta-c-fecho-magnetico-100-x-220cm\/#breadcrumb","itemListElement":[{"@type":"ListItem","position":1,"name":"In\u00edcio","item":"https:\/\/curiosidadesedicas.com\/loja\/"},{"@type":"ListItem","position":2,"name":"Produtos","item":"https:\/\/curiosidadesedicas.com\/loja\/produtos\/"},{"@type":"ListItem","position":3,"name":"MOSQUITEIRA P\/ PORTA C\/ FECHO MAGN\u00c9TICO 100 x 220CM"}]},{"@type":"WebSite","@id":"https:\/\/curiosidadesedicas.com\/loja\/#website","url":"https:\/\/curiosidadesedicas.com\/loja\/","name":"Curiosidades &amp; Dicas, Lda","description":"Apaixonados Por Inova\u00e7\u00e3o","publisher":{"@id":"https:\/\/curiosidadesedicas.com\/loja\/#organization"},"potentialAction":[{"@type":"SearchAction","target":{"@type":"EntryPoint","urlTemplate":"https:\/\/curiosidadesedicas.com\/loja\/?s={search_term_string}"},"query-input":{"@type":"PropertyValueSpecification","valueRequired":true,"valueName":"search_term_string"}}],"inLanguage":"en-US"},{"@type":"Organization","@id":"https:\/\/curiosidadesedicas.com\/loja\/#organization","name":"Curiosidades & Dicas","url":"https:\/\/curiosidadesedicas.com\/loja\/","logo":{"@type":"ImageObject","inLanguage":"en-US","@id":"https:\/\/curiosidadesedicas.com\/loja\/#\/schema\/logo\/image\/","url":"https:\/\/curiosidadesedicas.com\/loja\/wp-content\/uploads\/2020\/05\/LogoCuriosidadesSimples.png","contentUrl":"https:\/\/curiosidadesedicas.com\/loja\/wp-content\/uploads\/2020\/05\/LogoCuriosidadesSimples.png","width":3528,"height":804,"caption":"Curiosidades & Dicas"},"image":{"@id":"https:\/\/curiosidadesedicas.com\/loja\/#\/schema\/logo\/image\/"}}]}},"_links":{"self":[{"href":"https:\/\/curiosidadesedicas.com\/loja\/en\/wp-json\/wp\/v2\/product\/14403","targetHints":{"allow":["GET"]}}],"collection":[{"href":"https:\/\/curiosidadesedicas.com\/loja\/en\/wp-json\/wp\/v2\/product"}],"about":[{"href":"https:\/\/curiosidadesedicas.com\/loja\/en\/wp-json\/wp\/v2\/types\/product"}],"replies":[{"embeddable":true,"href":"https:\/\/curiosidadesedicas.com\/loja\/en\/wp-json\/wp\/v2\/comments?post=14403"}],"wp:featuredmedia":[{"embeddable":true,"href":"https:\/\/curiosidadesedicas.com\/loja\/en\/wp-json\/wp\/v2\/media\/14415"}],"wp:attachment":[{"href":"https:\/\/curiosidadesedicas.com\/loja\/en\/wp-json\/wp\/v2\/media?parent=14403"}],"wp:term":[{"taxonomy":"product_brand","embeddable":true,"href":"https:\/\/curiosidadesedicas.com\/loja\/en\/wp-json\/wp\/v2\/product_brand?post=14403"},{"taxonomy":"product_cat","embeddable":true,"href":"https:\/\/curiosidadesedicas.com\/loja\/en\/wp-json\/wp\/v2\/product_cat?post=14403"},{"taxonomy":"product_tag","embeddable":true,"href":"https:\/\/curiosidadesedicas.com\/loja\/en\/wp-json\/wp\/v2\/product_tag?post=14403"}],"curies":[{"name":"wp","href":"https:\/\/api.w.org\/{rel}","templated":true}]}}