{"id":13751,"date":"2020-06-12T15:02:55","date_gmt":"2020-06-12T15:02:55","guid":{"rendered":"https:\/\/curiosidadesedicas.com\/loja\/?post_type=product&#038;p=13751"},"modified":"2025-03-20T11:21:40","modified_gmt":"2025-03-20T11:21:40","slug":"almofada-ergonomica-p-pernas","status":"publish","type":"product","link":"https:\/\/curiosidadesedicas.com\/loja\/en\/product\/almofada-ergonomica-p-pernas\/","title":{"rendered":"ALMOFADA ERGON\u00d3MICA P\/ PERNAS"},"content":{"rendered":"<p>A Almofada Ergon\u00f3mica para Pernas facilita dormir de lado, pois proporciona o alinhamento correto das pernas e da coluna. Feita de espuma ortop\u00e9dica com mem\u00f3ria, reduz a press\u00e3o de um joelho sobre o outro, aliviando as dores na ci\u00e1tica, na lombar e nas articula\u00e7\u00f5es. Tamb\u00e9m melhora o fluxo sangu\u00edneo e reduz o stress.<\/p>","protected":false},"excerpt":{"rendered":"<p>Sente dificuldade em adormecer? Acorda cansado e com dores nas articula\u00e7\u00f5es?\u00a0A Almofada Ergon\u00f3mica para Pernas facilita dormir de lado, pois proporciona o alinhamento correto das pernas e da coluna.<\/p>\n<p>Feita de espuma ortop\u00e9dica com mem\u00f3ria, reduz a press\u00e3o de um joelho sobre o outro, aliviando as dores na ci\u00e1tica, na lombar e nas articula\u00e7\u00f5es. Tamb\u00e9m melhora o fluxo sangu\u00edneo e reduz o stress. A almofada \u00e9 revestida com uma capa que pode ser retirada para lavagem gra\u00e7as ao seu fechamento com z\u00edper.<\/p>\n<p>A Almofada Ergon\u00f3mica para Pernas est\u00e1\u00a0desenhada exclusivamente para se adaptar \u00e0s suas costas, ancas e joelhos, e alinhar a coluna, aliviar a dor enquanto dorme e corrigir problemas posturais.<\/p>\n<p>Quando dormimos de lado, a nossa anca gira e a parte inferior das costas torce-se, pressionando o corpo durante toda a noite.\u00a0 A almofada obt\u00e9m o espa\u00e7o necess\u00e1rio entre as suas pernas para manter a anca e a coluna completamente alinhadas, erradicando assim as dores das costas, das ancas e do joelho, para usufruir de um repouso de qualidade.<\/p>\n<p>Gra\u00e7as ao seu design ergon\u00f3mico curvo, adapta-se naturalmente \u00e0 posi\u00e7\u00e3o das pernas, evitando qualquer postura prejudicial. Al\u00e9m disso, o seu material de espuma \u00e9 fabricado com Memory Foam que, depois de se adaptar ao corpo, memoriza e conserva a forma que voc\u00ea necessita.<\/p>\n<p>A\u00a0Almofada Ergon\u00f3mica para Pernas\u00a0n\u00e3o emite calor, gra\u00e7as ao seu material transpir\u00e1vel.<\/p>","protected":false},"featured_media":22115,"comment_status":"open","ping_status":"closed","template":"","meta":{"_glsr_average":0,"_glsr_ranking":0,"_glsr_reviews":0},"product_brand":[],"product_cat":[357,363,344],"product_tag":[],"class_list":{"0":"post-13751","1":"product","2":"type-product","3":"status-publish","4":"has-post-thumbnail","6":"product_cat-bem-estar","7":"product_cat-almofadas","8":"product_cat-vistos-na-tv","10":"first","11":"outofstock","12":"taxable","13":"shipping-taxable","14":"purchasable","15":"product-type-simple"},"yoast_head":"<!-- This site is optimized with the Yoast SEO plugin v26.8 - https:\/\/yoast.com\/product\/yoast-seo-wordpress\/ -->\n<title>ALMOFADA ERGON\u00d3MICA P\/ PERNAS - Curiosidades &amp; Dicas, Lda<\/title>\n<meta name=\"robots\" content=\"index, follow, max-snippet:-1, max-image-preview:large, max-video-preview:-1\" \/>\n<link rel=\"canonical\" href=\"https:\/\/curiosidadesedicas.com\/loja\/en\/product\/almofada-ergonomica-p-pernas\/\" \/>\n<meta property=\"og:locale\" content=\"en_US\" \/>\n<meta property=\"og:type\" content=\"article\" \/>\n<meta property=\"og:title\" content=\"ALMOFADA ERGON\u00d3MICA P\/ PERNAS - Curiosidades &amp; Dicas, Lda\" \/>\n<meta property=\"og:description\" content=\"Sente dificuldade em adormecer? Acorda cansado e com dores nas articula\u00e7\u00f5es?\u00a0A Almofada Ergon\u00f3mica para Pernas facilita dormir de lado, pois proporciona o alinhamento correto das pernas e da coluna.  Feita de espuma ortop\u00e9dica com mem\u00f3ria, reduz a press\u00e3o de um joelho sobre o outro, aliviando as dores na ci\u00e1tica, na lombar e nas articula\u00e7\u00f5es. Tamb\u00e9m melhora o fluxo sangu\u00edneo e reduz o stress. A almofada \u00e9 revestida com uma capa que pode ser retirada para lavagem gra\u00e7as ao seu fechamento com z\u00edper.  A Almofada Ergon\u00f3mica para Pernas est\u00e1\u00a0desenhada exclusivamente para se adaptar \u00e0s suas costas, ancas e joelhos, e alinhar a coluna, aliviar a dor enquanto dorme e corrigir problemas posturais.  Quando dormimos de lado, a nossa anca gira e a parte inferior das costas torce-se, pressionando o corpo durante toda a noite.\u00a0 A almofada obt\u00e9m o espa\u00e7o necess\u00e1rio entre as suas pernas para manter a anca e a coluna completamente alinhadas, erradicando assim as dores das costas, das ancas e do joelho, para usufruir de um repouso de qualidade.  Gra\u00e7as ao seu design ergon\u00f3mico curvo, adapta-se naturalmente \u00e0 posi\u00e7\u00e3o das pernas, evitando qualquer postura prejudicial. Al\u00e9m disso, o seu material de espuma \u00e9 fabricado com Memory Foam que, depois de se adaptar ao corpo, memoriza e conserva a forma que voc\u00ea necessita.  A\u00a0Almofada Ergon\u00f3mica para Pernas\u00a0n\u00e3o emite calor, gra\u00e7as ao seu material transpir\u00e1vel.\" \/>\n<meta property=\"og:url\" content=\"https:\/\/curiosidadesedicas.com\/loja\/en\/product\/almofada-ergonomica-p-pernas\/\" \/>\n<meta property=\"og:site_name\" content=\"Curiosidades &amp; Dicas, Lda\" \/>\n<meta property=\"article:modified_time\" content=\"2025-03-20T11:21:40+00:00\" \/>\n<meta property=\"og:image\" content=\"https:\/\/curiosidadesedicas.com\/loja\/wp-content\/uploads\/2020\/06\/MARKETPLACE_COVILHA_20201111_0037.jpg\" \/>\n\t<meta property=\"og:image:width\" content=\"1600\" \/>\n\t<meta property=\"og:image:height\" content=\"1067\" \/>\n\t<meta property=\"og:image:type\" content=\"image\/jpeg\" \/>\n<meta name=\"twitter:card\" content=\"summary_large_image\" \/>\n<meta name=\"twitter:label1\" content=\"Est. reading time\" \/>\n\t<meta name=\"twitter:data1\" content=\"1 minute\" \/>\n<script type=\"application\/ld+json\" class=\"yoast-schema-graph\">{\"@context\":\"https:\/\/schema.org\",\"@graph\":[{\"@type\":\"WebPage\",\"@id\":\"https:\/\/curiosidadesedicas.com\/loja\/produto\/almofada-ergonomica-p-pernas\/\",\"url\":\"https:\/\/curiosidadesedicas.com\/loja\/produto\/almofada-ergonomica-p-pernas\/\",\"name\":\"ALMOFADA ERGON\u00d3MICA P\/ PERNAS - Curiosidades &amp; Dicas, Lda\",\"isPartOf\":{\"@id\":\"https:\/\/curiosidadesedicas.com\/loja\/#website\"},\"primaryImageOfPage\":{\"@id\":\"https:\/\/curiosidadesedicas.com\/loja\/produto\/almofada-ergonomica-p-pernas\/#primaryimage\"},\"image\":{\"@id\":\"https:\/\/curiosidadesedicas.com\/loja\/produto\/almofada-ergonomica-p-pernas\/#primaryimage\"},\"thumbnailUrl\":\"https:\/\/curiosidadesedicas.com\/loja\/wp-content\/uploads\/2020\/06\/MARKETPLACE_COVILHA_20201111_0037.jpg\",\"datePublished\":\"2020-06-12T15:02:55+00:00\",\"dateModified\":\"2025-03-20T11:21:40+00:00\",\"breadcrumb\":{\"@id\":\"https:\/\/curiosidadesedicas.com\/loja\/produto\/almofada-ergonomica-p-pernas\/#breadcrumb\"},\"inLanguage\":\"en-US\",\"potentialAction\":[{\"@type\":\"ReadAction\",\"target\":[\"https:\/\/curiosidadesedicas.com\/loja\/produto\/almofada-ergonomica-p-pernas\/\"]}]},{\"@type\":\"ImageObject\",\"inLanguage\":\"en-US\",\"@id\":\"https:\/\/curiosidadesedicas.com\/loja\/produto\/almofada-ergonomica-p-pernas\/#primaryimage\",\"url\":\"https:\/\/curiosidadesedicas.com\/loja\/wp-content\/uploads\/2020\/06\/MARKETPLACE_COVILHA_20201111_0037.jpg\",\"contentUrl\":\"https:\/\/curiosidadesedicas.com\/loja\/wp-content\/uploads\/2020\/06\/MARKETPLACE_COVILHA_20201111_0037.jpg\",\"width\":1600,\"height\":1067},{\"@type\":\"BreadcrumbList\",\"@id\":\"https:\/\/curiosidadesedicas.com\/loja\/produto\/almofada-ergonomica-p-pernas\/#breadcrumb\",\"itemListElement\":[{\"@type\":\"ListItem\",\"position\":1,\"name\":\"In\u00edcio\",\"item\":\"https:\/\/curiosidadesedicas.com\/loja\/\"},{\"@type\":\"ListItem\",\"position\":2,\"name\":\"Produtos\",\"item\":\"https:\/\/curiosidadesedicas.com\/loja\/produtos\/\"},{\"@type\":\"ListItem\",\"position\":3,\"name\":\"ALMOFADA ERGON\u00d3MICA P\/ PERNAS\"}]},{\"@type\":\"WebSite\",\"@id\":\"https:\/\/curiosidadesedicas.com\/loja\/#website\",\"url\":\"https:\/\/curiosidadesedicas.com\/loja\/\",\"name\":\"Curiosidades &amp; Dicas, Lda\",\"description\":\"Apaixonados Por Inova\u00e7\u00e3o\",\"publisher\":{\"@id\":\"https:\/\/curiosidadesedicas.com\/loja\/#organization\"},\"potentialAction\":[{\"@type\":\"SearchAction\",\"target\":{\"@type\":\"EntryPoint\",\"urlTemplate\":\"https:\/\/curiosidadesedicas.com\/loja\/?s={search_term_string}\"},\"query-input\":{\"@type\":\"PropertyValueSpecification\",\"valueRequired\":true,\"valueName\":\"search_term_string\"}}],\"inLanguage\":\"en-US\"},{\"@type\":\"Organization\",\"@id\":\"https:\/\/curiosidadesedicas.com\/loja\/#organization\",\"name\":\"Curiosidades & Dicas\",\"url\":\"https:\/\/curiosidadesedicas.com\/loja\/\",\"logo\":{\"@type\":\"ImageObject\",\"inLanguage\":\"en-US\",\"@id\":\"https:\/\/curiosidadesedicas.com\/loja\/#\/schema\/logo\/image\/\",\"url\":\"https:\/\/curiosidadesedicas.com\/loja\/wp-content\/uploads\/2020\/05\/LogoCuriosidadesSimples.png\",\"contentUrl\":\"https:\/\/curiosidadesedicas.com\/loja\/wp-content\/uploads\/2020\/05\/LogoCuriosidadesSimples.png\",\"width\":3528,\"height\":804,\"caption\":\"Curiosidades & Dicas\"},\"image\":{\"@id\":\"https:\/\/curiosidadesedicas.com\/loja\/#\/schema\/logo\/image\/\"}}]}<\/script>\n<!-- \/ Yoast SEO plugin. -->","yoast_head_json":{"title":"ALMOFADA ERGON\u00d3MICA P\/ PERNAS - Curiosidades &amp; Dicas, Lda","robots":{"index":"index","follow":"follow","max-snippet":"max-snippet:-1","max-image-preview":"max-image-preview:large","max-video-preview":"max-video-preview:-1"},"canonical":"https:\/\/curiosidadesedicas.com\/loja\/en\/product\/almofada-ergonomica-p-pernas\/","og_locale":"en_US","og_type":"article","og_title":"ALMOFADA ERGON\u00d3MICA P\/ PERNAS - Curiosidades &amp; Dicas, Lda","og_description":"Sente dificuldade em adormecer? Acorda cansado e com dores nas articula\u00e7\u00f5es?\u00a0A Almofada Ergon\u00f3mica para Pernas facilita dormir de lado, pois proporciona o alinhamento correto das pernas e da coluna.  Feita de espuma ortop\u00e9dica com mem\u00f3ria, reduz a press\u00e3o de um joelho sobre o outro, aliviando as dores na ci\u00e1tica, na lombar e nas articula\u00e7\u00f5es. Tamb\u00e9m melhora o fluxo sangu\u00edneo e reduz o stress. A almofada \u00e9 revestida com uma capa que pode ser retirada para lavagem gra\u00e7as ao seu fechamento com z\u00edper.  A Almofada Ergon\u00f3mica para Pernas est\u00e1\u00a0desenhada exclusivamente para se adaptar \u00e0s suas costas, ancas e joelhos, e alinhar a coluna, aliviar a dor enquanto dorme e corrigir problemas posturais.  Quando dormimos de lado, a nossa anca gira e a parte inferior das costas torce-se, pressionando o corpo durante toda a noite.\u00a0 A almofada obt\u00e9m o espa\u00e7o necess\u00e1rio entre as suas pernas para manter a anca e a coluna completamente alinhadas, erradicando assim as dores das costas, das ancas e do joelho, para usufruir de um repouso de qualidade.  Gra\u00e7as ao seu design ergon\u00f3mico curvo, adapta-se naturalmente \u00e0 posi\u00e7\u00e3o das pernas, evitando qualquer postura prejudicial. Al\u00e9m disso, o seu material de espuma \u00e9 fabricado com Memory Foam que, depois de se adaptar ao corpo, memoriza e conserva a forma que voc\u00ea necessita.  A\u00a0Almofada Ergon\u00f3mica para Pernas\u00a0n\u00e3o emite calor, gra\u00e7as ao seu material transpir\u00e1vel.","og_url":"https:\/\/curiosidadesedicas.com\/loja\/en\/product\/almofada-ergonomica-p-pernas\/","og_site_name":"Curiosidades &amp; Dicas, Lda","article_modified_time":"2025-03-20T11:21:40+00:00","og_image":[{"width":1600,"height":1067,"url":"https:\/\/curiosidadesedicas.com\/loja\/wp-content\/uploads\/2020\/06\/MARKETPLACE_COVILHA_20201111_0037.jpg","type":"image\/jpeg"}],"twitter_card":"summary_large_image","twitter_misc":{"Est. reading time":"1 minute"},"schema":{"@context":"https:\/\/schema.org","@graph":[{"@type":"WebPage","@id":"https:\/\/curiosidadesedicas.com\/loja\/produto\/almofada-ergonomica-p-pernas\/","url":"https:\/\/curiosidadesedicas.com\/loja\/produto\/almofada-ergonomica-p-pernas\/","name":"ALMOFADA ERGON\u00d3MICA P\/ PERNAS - Curiosidades &amp; Dicas, Lda","isPartOf":{"@id":"https:\/\/curiosidadesedicas.com\/loja\/#website"},"primaryImageOfPage":{"@id":"https:\/\/curiosidadesedicas.com\/loja\/produto\/almofada-ergonomica-p-pernas\/#primaryimage"},"image":{"@id":"https:\/\/curiosidadesedicas.com\/loja\/produto\/almofada-ergonomica-p-pernas\/#primaryimage"},"thumbnailUrl":"https:\/\/curiosidadesedicas.com\/loja\/wp-content\/uploads\/2020\/06\/MARKETPLACE_COVILHA_20201111_0037.jpg","datePublished":"2020-06-12T15:02:55+00:00","dateModified":"2025-03-20T11:21:40+00:00","breadcrumb":{"@id":"https:\/\/curiosidadesedicas.com\/loja\/produto\/almofada-ergonomica-p-pernas\/#breadcrumb"},"inLanguage":"en-US","potentialAction":[{"@type":"ReadAction","target":["https:\/\/curiosidadesedicas.com\/loja\/produto\/almofada-ergonomica-p-pernas\/"]}]},{"@type":"ImageObject","inLanguage":"en-US","@id":"https:\/\/curiosidadesedicas.com\/loja\/produto\/almofada-ergonomica-p-pernas\/#primaryimage","url":"https:\/\/curiosidadesedicas.com\/loja\/wp-content\/uploads\/2020\/06\/MARKETPLACE_COVILHA_20201111_0037.jpg","contentUrl":"https:\/\/curiosidadesedicas.com\/loja\/wp-content\/uploads\/2020\/06\/MARKETPLACE_COVILHA_20201111_0037.jpg","width":1600,"height":1067},{"@type":"BreadcrumbList","@id":"https:\/\/curiosidadesedicas.com\/loja\/produto\/almofada-ergonomica-p-pernas\/#breadcrumb","itemListElement":[{"@type":"ListItem","position":1,"name":"In\u00edcio","item":"https:\/\/curiosidadesedicas.com\/loja\/"},{"@type":"ListItem","position":2,"name":"Produtos","item":"https:\/\/curiosidadesedicas.com\/loja\/produtos\/"},{"@type":"ListItem","position":3,"name":"ALMOFADA ERGON\u00d3MICA P\/ PERNAS"}]},{"@type":"WebSite","@id":"https:\/\/curiosidadesedicas.com\/loja\/#website","url":"https:\/\/curiosidadesedicas.com\/loja\/","name":"Curiosidades &amp; Dicas, Lda","description":"Apaixonados Por Inova\u00e7\u00e3o","publisher":{"@id":"https:\/\/curiosidadesedicas.com\/loja\/#organization"},"potentialAction":[{"@type":"SearchAction","target":{"@type":"EntryPoint","urlTemplate":"https:\/\/curiosidadesedicas.com\/loja\/?s={search_term_string}"},"query-input":{"@type":"PropertyValueSpecification","valueRequired":true,"valueName":"search_term_string"}}],"inLanguage":"en-US"},{"@type":"Organization","@id":"https:\/\/curiosidadesedicas.com\/loja\/#organization","name":"Curiosidades & Dicas","url":"https:\/\/curiosidadesedicas.com\/loja\/","logo":{"@type":"ImageObject","inLanguage":"en-US","@id":"https:\/\/curiosidadesedicas.com\/loja\/#\/schema\/logo\/image\/","url":"https:\/\/curiosidadesedicas.com\/loja\/wp-content\/uploads\/2020\/05\/LogoCuriosidadesSimples.png","contentUrl":"https:\/\/curiosidadesedicas.com\/loja\/wp-content\/uploads\/2020\/05\/LogoCuriosidadesSimples.png","width":3528,"height":804,"caption":"Curiosidades & Dicas"},"image":{"@id":"https:\/\/curiosidadesedicas.com\/loja\/#\/schema\/logo\/image\/"}}]}},"_links":{"self":[{"href":"https:\/\/curiosidadesedicas.com\/loja\/en\/wp-json\/wp\/v2\/product\/13751","targetHints":{"allow":["GET"]}}],"collection":[{"href":"https:\/\/curiosidadesedicas.com\/loja\/en\/wp-json\/wp\/v2\/product"}],"about":[{"href":"https:\/\/curiosidadesedicas.com\/loja\/en\/wp-json\/wp\/v2\/types\/product"}],"replies":[{"embeddable":true,"href":"https:\/\/curiosidadesedicas.com\/loja\/en\/wp-json\/wp\/v2\/comments?post=13751"}],"wp:featuredmedia":[{"embeddable":true,"href":"https:\/\/curiosidadesedicas.com\/loja\/en\/wp-json\/wp\/v2\/media\/22115"}],"wp:attachment":[{"href":"https:\/\/curiosidadesedicas.com\/loja\/en\/wp-json\/wp\/v2\/media?parent=13751"}],"wp:term":[{"taxonomy":"product_brand","embeddable":true,"href":"https:\/\/curiosidadesedicas.com\/loja\/en\/wp-json\/wp\/v2\/product_brand?post=13751"},{"taxonomy":"product_cat","embeddable":true,"href":"https:\/\/curiosidadesedicas.com\/loja\/en\/wp-json\/wp\/v2\/product_cat?post=13751"},{"taxonomy":"product_tag","embeddable":true,"href":"https:\/\/curiosidadesedicas.com\/loja\/en\/wp-json\/wp\/v2\/product_tag?post=13751"}],"curies":[{"name":"wp","href":"https:\/\/api.w.org\/{rel}","templated":true}]}}