{"id":13697,"date":"2020-06-10T11:23:04","date_gmt":"2020-06-10T11:23:04","guid":{"rendered":"https:\/\/curiosidadesedicas.com\/loja\/?post_type=product&#038;p=13697"},"modified":"2021-03-23T19:53:33","modified_gmt":"2021-03-23T19:53:33","slug":"capa-reversivel-p-sofa-color","status":"publish","type":"product","link":"https:\/\/curiosidadesedicas.com\/loja\/en\/product\/capa-reversivel-p-sofa-color\/","title":{"rendered":"CAPA REVERS\u00cdVEL P\/ SOF\u00c1 COLOR"},"content":{"rendered":"<p>Proteja e renove o seu sof\u00e1 com esta moderna e pr\u00e1tica capa revers\u00edvel.<\/p>\n<p><em><strong><a href=\"https:\/\/issuu.com\/curiosidadesedicas\/docs\/catalogo_c_d_capas_sof_s_e_cadeiras\">Clique neste link para aceder o nosso Cat\u00e1logo de Capas para Sof\u00e1s e Cadeiras.<\/a><\/strong><\/em><\/p>","protected":false},"excerpt":{"rendered":"<div id=\"shop-desc\" class=\"tab-pane active\">\n<div class=\"product-description\">\n<ul>\n<li>Pr\u00e1tica e de muito f\u00e1cil coloca\u00e7\u00e3o<\/li>\n<li>Desenhada para proteger o seu sof\u00e1 onde mais precisa<\/li>\n<li>Indispens\u00e1vel para quem tem crian\u00e7as ou animais de estima\u00e7\u00e3o<\/li>\n<li>Lav\u00e1vel<\/li>\n<\/ul>\n<p>https:\/\/youtu.be\/c4xOuElWipw<\/p>\n<p><strong>Instru\u00e7\u00f5es de lavagem:<br \/>\n<\/strong><\/p>\n<p class=\"ww\"><img loading=\"lazy\" decoding=\"async\" title=\"I Temperatura\" src=\"https:\/\/www.capasparasofa.pt\/img\/cms\/i_temperatura.jpg\" alt=\"I Temperatura\" width=\"42\" height=\"42\" \/>\u00a0<img loading=\"lazy\" decoding=\"async\" title=\"I No Lejia\" src=\"https:\/\/www.capasparasofa.pt\/img\/cms\/i_no_lejia.jpg\" alt=\"I No Lejia\" width=\"42\" height=\"42\" \/>\u00a0<img loading=\"lazy\" decoding=\"async\" title=\"I No Plancha\" src=\"https:\/\/www.capasparasofa.pt\/img\/cms\/i_no_plancha.jpg\" alt=\"I No Plancha\" width=\"42\" height=\"42\" \/>\u00a0<img loading=\"lazy\" decoding=\"async\" title=\"I No Secadora\" src=\"https:\/\/www.capasparasofa.pt\/img\/cms\/i_no_secadora.jpg\" alt=\"I No Secadora\" width=\"42\" height=\"42\" \/>\u00a0<img loading=\"lazy\" decoding=\"async\" title=\"I No Lavado Seco\" src=\"https:\/\/www.capasparasofa.pt\/img\/cms\/i_no_lavado_seco.jpg\" alt=\"I No Lavado Seco\" width=\"42\" height=\"42\" \/><\/p>\n<p>100% lav\u00e1vel \u00e0 m\u00e1quina<\/p>\n<p>Lavar separadamente antes de usar cores escuras.<\/p>\n<p><strong>TAMANHOS:<\/strong><\/p>\n<p>Veja <a href=\"https:\/\/curiosidadesedicas.com\/loja\/wp-content\/uploads\/2020\/06\/capas-color-esquema-medidas-editado.pdf\">aqui neste link<\/a> o esquema com todos os tamanhos!<\/p>\n<\/div>\n<\/div>","protected":false},"featured_media":20876,"comment_status":"open","ping_status":"closed","template":"","meta":{"_glsr_average":0,"_glsr_ranking":0,"_glsr_reviews":0},"product_brand":[],"product_cat":[371,471,344],"product_tag":[413],"class_list":{"0":"post-13697","1":"product","2":"type-product","3":"status-publish","4":"has-post-thumbnail","6":"product_cat-capas-protetoras","7":"product_cat-reversiveis-p-sofas-e-carros","8":"product_cat-vistos-na-tv","9":"product_tag-color","11":"first","12":"instock","13":"taxable","14":"shipping-taxable","15":"purchasable","16":"product-type-variable"},"yoast_head":"<!-- This site is optimized with the Yoast SEO plugin v26.8 - https:\/\/yoast.com\/product\/yoast-seo-wordpress\/ -->\n<title>CAPA REVERS\u00cdVEL P\/ SOF\u00c1 COLOR - Curiosidades &amp; Dicas, Lda<\/title>\n<meta name=\"robots\" content=\"index, follow, max-snippet:-1, max-image-preview:large, max-video-preview:-1\" \/>\n<link rel=\"canonical\" href=\"https:\/\/curiosidadesedicas.com\/loja\/en\/product\/capa-reversivel-p-sofa-color\/\" \/>\n<meta property=\"og:locale\" content=\"en_US\" \/>\n<meta property=\"og:type\" content=\"article\" \/>\n<meta property=\"og:title\" content=\"CAPA REVERS\u00cdVEL P\/ SOF\u00c1 COLOR - Curiosidades &amp; Dicas, Lda\" \/>\n<meta property=\"og:description\" content=\"Pr\u00e1tica e de muito f\u00e1cil coloca\u00e7\u00e3o  Desenhada para proteger o seu sof\u00e1 onde mais precisa  Indispens\u00e1vel para quem tem crian\u00e7as ou animais de estima\u00e7\u00e3o  Lav\u00e1vel  https:\/\/youtu.be\/c4xOuElWipw  Instru\u00e7\u00f5es de lavagem:  \u00a0\u00a0\u00a0\u00a0 100% lav\u00e1vel \u00e0 m\u00e1quina  Lavar separadamente antes de usar cores escuras.  TAMANHOS:  Veja aqui neste link o esquema com todos os tamanhos!\" \/>\n<meta property=\"og:url\" content=\"https:\/\/curiosidadesedicas.com\/loja\/en\/product\/capa-reversivel-p-sofa-color\/\" \/>\n<meta property=\"og:site_name\" content=\"Curiosidades &amp; Dicas, Lda\" \/>\n<meta property=\"article:modified_time\" content=\"2021-03-23T19:53:33+00:00\" \/>\n<meta property=\"og:image\" content=\"https:\/\/curiosidadesedicas.com\/loja\/wp-content\/uploads\/2020\/06\/2-a-4-lugares-3.png\" \/>\n\t<meta property=\"og:image:width\" content=\"1920\" \/>\n\t<meta property=\"og:image:height\" content=\"1080\" \/>\n\t<meta property=\"og:image:type\" content=\"image\/png\" \/>\n<meta name=\"twitter:card\" content=\"summary_large_image\" \/>\n<script type=\"application\/ld+json\" class=\"yoast-schema-graph\">{\"@context\":\"https:\/\/schema.org\",\"@graph\":[{\"@type\":\"WebPage\",\"@id\":\"https:\/\/curiosidadesedicas.com\/loja\/produto\/capa-reversivel-p-sofa-color\/\",\"url\":\"https:\/\/curiosidadesedicas.com\/loja\/produto\/capa-reversivel-p-sofa-color\/\",\"name\":\"CAPA REVERS\u00cdVEL P\/ SOF\u00c1 COLOR - Curiosidades &amp; Dicas, Lda\",\"isPartOf\":{\"@id\":\"https:\/\/curiosidadesedicas.com\/loja\/#website\"},\"primaryImageOfPage\":{\"@id\":\"https:\/\/curiosidadesedicas.com\/loja\/produto\/capa-reversivel-p-sofa-color\/#primaryimage\"},\"image\":{\"@id\":\"https:\/\/curiosidadesedicas.com\/loja\/produto\/capa-reversivel-p-sofa-color\/#primaryimage\"},\"thumbnailUrl\":\"https:\/\/curiosidadesedicas.com\/loja\/wp-content\/uploads\/2020\/06\/2-a-4-lugares-3.png\",\"datePublished\":\"2020-06-10T11:23:04+00:00\",\"dateModified\":\"2021-03-23T19:53:33+00:00\",\"breadcrumb\":{\"@id\":\"https:\/\/curiosidadesedicas.com\/loja\/produto\/capa-reversivel-p-sofa-color\/#breadcrumb\"},\"inLanguage\":\"en-US\",\"potentialAction\":[{\"@type\":\"ReadAction\",\"target\":[\"https:\/\/curiosidadesedicas.com\/loja\/produto\/capa-reversivel-p-sofa-color\/\"]}]},{\"@type\":\"ImageObject\",\"inLanguage\":\"en-US\",\"@id\":\"https:\/\/curiosidadesedicas.com\/loja\/produto\/capa-reversivel-p-sofa-color\/#primaryimage\",\"url\":\"https:\/\/curiosidadesedicas.com\/loja\/wp-content\/uploads\/2020\/06\/2-a-4-lugares-3.png\",\"contentUrl\":\"https:\/\/curiosidadesedicas.com\/loja\/wp-content\/uploads\/2020\/06\/2-a-4-lugares-3.png\",\"width\":1920,\"height\":1080},{\"@type\":\"BreadcrumbList\",\"@id\":\"https:\/\/curiosidadesedicas.com\/loja\/produto\/capa-reversivel-p-sofa-color\/#breadcrumb\",\"itemListElement\":[{\"@type\":\"ListItem\",\"position\":1,\"name\":\"In\u00edcio\",\"item\":\"https:\/\/curiosidadesedicas.com\/loja\/\"},{\"@type\":\"ListItem\",\"position\":2,\"name\":\"Produtos\",\"item\":\"https:\/\/curiosidadesedicas.com\/loja\/produtos\/\"},{\"@type\":\"ListItem\",\"position\":3,\"name\":\"CAPA REVERS\u00cdVEL P\/ SOF\u00c1 COLOR\"}]},{\"@type\":\"WebSite\",\"@id\":\"https:\/\/curiosidadesedicas.com\/loja\/#website\",\"url\":\"https:\/\/curiosidadesedicas.com\/loja\/\",\"name\":\"Curiosidades &amp; Dicas, Lda\",\"description\":\"Apaixonados Por Inova\u00e7\u00e3o\",\"publisher\":{\"@id\":\"https:\/\/curiosidadesedicas.com\/loja\/#organization\"},\"potentialAction\":[{\"@type\":\"SearchAction\",\"target\":{\"@type\":\"EntryPoint\",\"urlTemplate\":\"https:\/\/curiosidadesedicas.com\/loja\/?s={search_term_string}\"},\"query-input\":{\"@type\":\"PropertyValueSpecification\",\"valueRequired\":true,\"valueName\":\"search_term_string\"}}],\"inLanguage\":\"en-US\"},{\"@type\":\"Organization\",\"@id\":\"https:\/\/curiosidadesedicas.com\/loja\/#organization\",\"name\":\"Curiosidades & Dicas\",\"url\":\"https:\/\/curiosidadesedicas.com\/loja\/\",\"logo\":{\"@type\":\"ImageObject\",\"inLanguage\":\"en-US\",\"@id\":\"https:\/\/curiosidadesedicas.com\/loja\/#\/schema\/logo\/image\/\",\"url\":\"https:\/\/curiosidadesedicas.com\/loja\/wp-content\/uploads\/2020\/05\/LogoCuriosidadesSimples.png\",\"contentUrl\":\"https:\/\/curiosidadesedicas.com\/loja\/wp-content\/uploads\/2020\/05\/LogoCuriosidadesSimples.png\",\"width\":3528,\"height\":804,\"caption\":\"Curiosidades & Dicas\"},\"image\":{\"@id\":\"https:\/\/curiosidadesedicas.com\/loja\/#\/schema\/logo\/image\/\"}}]}<\/script>\n<!-- \/ Yoast SEO plugin. -->","yoast_head_json":{"title":"CAPA REVERS\u00cdVEL P\/ SOF\u00c1 COLOR - Curiosidades &amp; Dicas, Lda","robots":{"index":"index","follow":"follow","max-snippet":"max-snippet:-1","max-image-preview":"max-image-preview:large","max-video-preview":"max-video-preview:-1"},"canonical":"https:\/\/curiosidadesedicas.com\/loja\/en\/product\/capa-reversivel-p-sofa-color\/","og_locale":"en_US","og_type":"article","og_title":"CAPA REVERS\u00cdVEL P\/ SOF\u00c1 COLOR - Curiosidades &amp; Dicas, Lda","og_description":"Pr\u00e1tica e de muito f\u00e1cil coloca\u00e7\u00e3o  Desenhada para proteger o seu sof\u00e1 onde mais precisa  Indispens\u00e1vel para quem tem crian\u00e7as ou animais de estima\u00e7\u00e3o  Lav\u00e1vel  https:\/\/youtu.be\/c4xOuElWipw  Instru\u00e7\u00f5es de lavagem:  \u00a0\u00a0\u00a0\u00a0 100% lav\u00e1vel \u00e0 m\u00e1quina  Lavar separadamente antes de usar cores escuras.  TAMANHOS:  Veja aqui neste link o esquema com todos os tamanhos!","og_url":"https:\/\/curiosidadesedicas.com\/loja\/en\/product\/capa-reversivel-p-sofa-color\/","og_site_name":"Curiosidades &amp; Dicas, Lda","article_modified_time":"2021-03-23T19:53:33+00:00","og_image":[{"width":1920,"height":1080,"url":"https:\/\/curiosidadesedicas.com\/loja\/wp-content\/uploads\/2020\/06\/2-a-4-lugares-3.png","type":"image\/png"}],"twitter_card":"summary_large_image","schema":{"@context":"https:\/\/schema.org","@graph":[{"@type":"WebPage","@id":"https:\/\/curiosidadesedicas.com\/loja\/produto\/capa-reversivel-p-sofa-color\/","url":"https:\/\/curiosidadesedicas.com\/loja\/produto\/capa-reversivel-p-sofa-color\/","name":"CAPA REVERS\u00cdVEL P\/ SOF\u00c1 COLOR - Curiosidades &amp; Dicas, Lda","isPartOf":{"@id":"https:\/\/curiosidadesedicas.com\/loja\/#website"},"primaryImageOfPage":{"@id":"https:\/\/curiosidadesedicas.com\/loja\/produto\/capa-reversivel-p-sofa-color\/#primaryimage"},"image":{"@id":"https:\/\/curiosidadesedicas.com\/loja\/produto\/capa-reversivel-p-sofa-color\/#primaryimage"},"thumbnailUrl":"https:\/\/curiosidadesedicas.com\/loja\/wp-content\/uploads\/2020\/06\/2-a-4-lugares-3.png","datePublished":"2020-06-10T11:23:04+00:00","dateModified":"2021-03-23T19:53:33+00:00","breadcrumb":{"@id":"https:\/\/curiosidadesedicas.com\/loja\/produto\/capa-reversivel-p-sofa-color\/#breadcrumb"},"inLanguage":"en-US","potentialAction":[{"@type":"ReadAction","target":["https:\/\/curiosidadesedicas.com\/loja\/produto\/capa-reversivel-p-sofa-color\/"]}]},{"@type":"ImageObject","inLanguage":"en-US","@id":"https:\/\/curiosidadesedicas.com\/loja\/produto\/capa-reversivel-p-sofa-color\/#primaryimage","url":"https:\/\/curiosidadesedicas.com\/loja\/wp-content\/uploads\/2020\/06\/2-a-4-lugares-3.png","contentUrl":"https:\/\/curiosidadesedicas.com\/loja\/wp-content\/uploads\/2020\/06\/2-a-4-lugares-3.png","width":1920,"height":1080},{"@type":"BreadcrumbList","@id":"https:\/\/curiosidadesedicas.com\/loja\/produto\/capa-reversivel-p-sofa-color\/#breadcrumb","itemListElement":[{"@type":"ListItem","position":1,"name":"In\u00edcio","item":"https:\/\/curiosidadesedicas.com\/loja\/"},{"@type":"ListItem","position":2,"name":"Produtos","item":"https:\/\/curiosidadesedicas.com\/loja\/produtos\/"},{"@type":"ListItem","position":3,"name":"CAPA REVERS\u00cdVEL P\/ SOF\u00c1 COLOR"}]},{"@type":"WebSite","@id":"https:\/\/curiosidadesedicas.com\/loja\/#website","url":"https:\/\/curiosidadesedicas.com\/loja\/","name":"Curiosidades &amp; Dicas, Lda","description":"Apaixonados Por Inova\u00e7\u00e3o","publisher":{"@id":"https:\/\/curiosidadesedicas.com\/loja\/#organization"},"potentialAction":[{"@type":"SearchAction","target":{"@type":"EntryPoint","urlTemplate":"https:\/\/curiosidadesedicas.com\/loja\/?s={search_term_string}"},"query-input":{"@type":"PropertyValueSpecification","valueRequired":true,"valueName":"search_term_string"}}],"inLanguage":"en-US"},{"@type":"Organization","@id":"https:\/\/curiosidadesedicas.com\/loja\/#organization","name":"Curiosidades & Dicas","url":"https:\/\/curiosidadesedicas.com\/loja\/","logo":{"@type":"ImageObject","inLanguage":"en-US","@id":"https:\/\/curiosidadesedicas.com\/loja\/#\/schema\/logo\/image\/","url":"https:\/\/curiosidadesedicas.com\/loja\/wp-content\/uploads\/2020\/05\/LogoCuriosidadesSimples.png","contentUrl":"https:\/\/curiosidadesedicas.com\/loja\/wp-content\/uploads\/2020\/05\/LogoCuriosidadesSimples.png","width":3528,"height":804,"caption":"Curiosidades & Dicas"},"image":{"@id":"https:\/\/curiosidadesedicas.com\/loja\/#\/schema\/logo\/image\/"}}]}},"_links":{"self":[{"href":"https:\/\/curiosidadesedicas.com\/loja\/en\/wp-json\/wp\/v2\/product\/13697","targetHints":{"allow":["GET"]}}],"collection":[{"href":"https:\/\/curiosidadesedicas.com\/loja\/en\/wp-json\/wp\/v2\/product"}],"about":[{"href":"https:\/\/curiosidadesedicas.com\/loja\/en\/wp-json\/wp\/v2\/types\/product"}],"replies":[{"embeddable":true,"href":"https:\/\/curiosidadesedicas.com\/loja\/en\/wp-json\/wp\/v2\/comments?post=13697"}],"wp:featuredmedia":[{"embeddable":true,"href":"https:\/\/curiosidadesedicas.com\/loja\/en\/wp-json\/wp\/v2\/media\/20876"}],"wp:attachment":[{"href":"https:\/\/curiosidadesedicas.com\/loja\/en\/wp-json\/wp\/v2\/media?parent=13697"}],"wp:term":[{"taxonomy":"product_brand","embeddable":true,"href":"https:\/\/curiosidadesedicas.com\/loja\/en\/wp-json\/wp\/v2\/product_brand?post=13697"},{"taxonomy":"product_cat","embeddable":true,"href":"https:\/\/curiosidadesedicas.com\/loja\/en\/wp-json\/wp\/v2\/product_cat?post=13697"},{"taxonomy":"product_tag","embeddable":true,"href":"https:\/\/curiosidadesedicas.com\/loja\/en\/wp-json\/wp\/v2\/product_tag?post=13697"}],"curies":[{"name":"wp","href":"https:\/\/api.w.org\/{rel}","templated":true}]}}