{"id":13302,"date":"2020-06-02T10:39:00","date_gmt":"2020-06-02T10:39:00","guid":{"rendered":"https:\/\/curiosidadesedicas.com\/loja\/?post_type=product&#038;p=13302"},"modified":"2025-03-20T11:26:56","modified_gmt":"2025-03-20T11:26:56","slug":"torradeira-vision-1260w","status":"publish","type":"product","link":"https:\/\/curiosidadesedicas.com\/loja\/en\/product\/torradeira-vision-1260w\/","title":{"rendered":"TORRADEIRA VISION 1260W"},"content":{"rendered":"<p class=\"productSheet-title\">Torradeira Cecotec Vision 1260 W.<\/p>","protected":false},"excerpt":{"rendered":"<ul>\n<li>Com visores em vidro para controlar a tostagem<\/li>\n<li>Vidro duplo extra\u00edvel para facilitar a limpeza<\/li>\n<li>Acabamentos em a\u00e7o inoxid\u00e1vel<\/li>\n<li>Fenda XL extra larga para fatias de p\u00e3o mais grossas, com capacidade para duas fatias de p\u00e3o<\/li>\n<li>7 n\u00edveis de tostagem<\/li>\n<li>Fun\u00e7\u00f5es pr\u00e9-configuradas:\u00a0\u00a0reaquecer, descongelar e bagel (torrar apenas uma face do p\u00e3o)<\/li>\n<li>Resist\u00eancias de quartzo<\/li>\n<li>Mecanismo para desligar e pop-up autom\u00e1tico<\/li>\n<li>Sistema de auto-centragem para resultados uniformes<\/li>\n<li>Tabuleiro recolhe-migalhas f\u00e1cil de extrair<\/li>\n<li>Base antideslizante e compartimento para guardar o cabo<\/li>\n<li>Inclui suporte para p\u00e3ezinhos<\/li>\n<li>Pot\u00eancia: 1260 W<\/li>\n<li>Tens\u00e3o: 230 V<\/li>\n<li>Frequ\u00eancia: 50 Hz<\/li>\n<li>Medidas aprox.: 39 x 14,5 x 19,5 cm<\/li>\n<\/ul>","protected":false},"featured_media":13306,"comment_status":"open","ping_status":"closed","template":"","meta":{"_glsr_average":0,"_glsr_ranking":0,"_glsr_reviews":0},"product_brand":[],"product_cat":[365,366],"product_tag":[],"class_list":{"0":"post-13302","1":"product","2":"type-product","3":"status-publish","4":"has-post-thumbnail","6":"product_cat-para-o-lar","7":"product_cat-cozinha","9":"first","10":"instock","11":"taxable","12":"shipping-taxable","13":"purchasable","14":"product-type-simple"},"yoast_head":"<!-- This site is optimized with the Yoast SEO plugin v26.8 - https:\/\/yoast.com\/product\/yoast-seo-wordpress\/ -->\n<title>TORRADEIRA VISION 1260W - Curiosidades &amp; Dicas, Lda<\/title>\n<meta name=\"robots\" content=\"index, follow, max-snippet:-1, max-image-preview:large, max-video-preview:-1\" \/>\n<link rel=\"canonical\" href=\"https:\/\/curiosidadesedicas.com\/loja\/en\/product\/torradeira-vision-1260w\/\" \/>\n<meta property=\"og:locale\" content=\"en_US\" \/>\n<meta property=\"og:type\" content=\"article\" \/>\n<meta property=\"og:title\" content=\"TORRADEIRA VISION 1260W - Curiosidades &amp; Dicas, Lda\" \/>\n<meta property=\"og:description\" content=\"Com visores em vidro para controlar a tostagem  Vidro duplo extra\u00edvel para facilitar a limpeza  Acabamentos em a\u00e7o inoxid\u00e1vel  Fenda XL extra larga para fatias de p\u00e3o mais grossas, com capacidade para duas fatias de p\u00e3o  7 n\u00edveis de tostagem  Fun\u00e7\u00f5es pr\u00e9-configuradas:\u00a0\u00a0reaquecer, descongelar e bagel (torrar apenas uma face do p\u00e3o)  Resist\u00eancias de quartzo  Mecanismo para desligar e pop-up autom\u00e1tico  Sistema de auto-centragem para resultados uniformes  Tabuleiro recolhe-migalhas f\u00e1cil de extrair  Base antideslizante e compartimento para guardar o cabo  Inclui suporte para p\u00e3ezinhos  Pot\u00eancia: 1260 W  Tens\u00e3o: 230 V  Frequ\u00eancia: 50 Hz  Medidas aprox.: 39 x 14,5 x 19,5 cm\" \/>\n<meta property=\"og:url\" content=\"https:\/\/curiosidadesedicas.com\/loja\/en\/product\/torradeira-vision-1260w\/\" \/>\n<meta property=\"og:site_name\" content=\"Curiosidades &amp; Dicas, Lda\" \/>\n<meta property=\"article:modified_time\" content=\"2025-03-20T11:26:56+00:00\" \/>\n<meta property=\"og:image\" content=\"https:\/\/curiosidadesedicas.com\/loja\/wp-content\/uploads\/2020\/06\/3torradeira-cecotec-vision-3042-1260-w.jpg\" \/>\n\t<meta property=\"og:image:width\" content=\"600\" \/>\n\t<meta property=\"og:image:height\" content=\"600\" \/>\n\t<meta property=\"og:image:type\" content=\"image\/jpeg\" \/>\n<meta name=\"twitter:card\" content=\"summary_large_image\" \/>\n<meta name=\"twitter:label1\" content=\"Est. reading time\" \/>\n\t<meta name=\"twitter:data1\" content=\"1 minute\" \/>\n<script type=\"application\/ld+json\" class=\"yoast-schema-graph\">{\"@context\":\"https:\/\/schema.org\",\"@graph\":[{\"@type\":\"WebPage\",\"@id\":\"https:\/\/curiosidadesedicas.com\/loja\/produto\/torradeira-vision-1260w\/\",\"url\":\"https:\/\/curiosidadesedicas.com\/loja\/produto\/torradeira-vision-1260w\/\",\"name\":\"TORRADEIRA VISION 1260W - Curiosidades &amp; Dicas, Lda\",\"isPartOf\":{\"@id\":\"https:\/\/curiosidadesedicas.com\/loja\/#website\"},\"primaryImageOfPage\":{\"@id\":\"https:\/\/curiosidadesedicas.com\/loja\/produto\/torradeira-vision-1260w\/#primaryimage\"},\"image\":{\"@id\":\"https:\/\/curiosidadesedicas.com\/loja\/produto\/torradeira-vision-1260w\/#primaryimage\"},\"thumbnailUrl\":\"https:\/\/curiosidadesedicas.com\/loja\/wp-content\/uploads\/2020\/06\/3torradeira-cecotec-vision-3042-1260-w.jpg\",\"datePublished\":\"2020-06-02T10:39:00+00:00\",\"dateModified\":\"2025-03-20T11:26:56+00:00\",\"breadcrumb\":{\"@id\":\"https:\/\/curiosidadesedicas.com\/loja\/produto\/torradeira-vision-1260w\/#breadcrumb\"},\"inLanguage\":\"en-US\",\"potentialAction\":[{\"@type\":\"ReadAction\",\"target\":[\"https:\/\/curiosidadesedicas.com\/loja\/produto\/torradeira-vision-1260w\/\"]}]},{\"@type\":\"ImageObject\",\"inLanguage\":\"en-US\",\"@id\":\"https:\/\/curiosidadesedicas.com\/loja\/produto\/torradeira-vision-1260w\/#primaryimage\",\"url\":\"https:\/\/curiosidadesedicas.com\/loja\/wp-content\/uploads\/2020\/06\/3torradeira-cecotec-vision-3042-1260-w.jpg\",\"contentUrl\":\"https:\/\/curiosidadesedicas.com\/loja\/wp-content\/uploads\/2020\/06\/3torradeira-cecotec-vision-3042-1260-w.jpg\",\"width\":600,\"height\":600},{\"@type\":\"BreadcrumbList\",\"@id\":\"https:\/\/curiosidadesedicas.com\/loja\/produto\/torradeira-vision-1260w\/#breadcrumb\",\"itemListElement\":[{\"@type\":\"ListItem\",\"position\":1,\"name\":\"In\u00edcio\",\"item\":\"https:\/\/curiosidadesedicas.com\/loja\/\"},{\"@type\":\"ListItem\",\"position\":2,\"name\":\"Produtos\",\"item\":\"https:\/\/curiosidadesedicas.com\/loja\/produtos\/\"},{\"@type\":\"ListItem\",\"position\":3,\"name\":\"TORRADEIRA VISION 1260W\"}]},{\"@type\":\"WebSite\",\"@id\":\"https:\/\/curiosidadesedicas.com\/loja\/#website\",\"url\":\"https:\/\/curiosidadesedicas.com\/loja\/\",\"name\":\"Curiosidades &amp; Dicas, Lda\",\"description\":\"Apaixonados Por Inova\u00e7\u00e3o\",\"publisher\":{\"@id\":\"https:\/\/curiosidadesedicas.com\/loja\/#organization\"},\"potentialAction\":[{\"@type\":\"SearchAction\",\"target\":{\"@type\":\"EntryPoint\",\"urlTemplate\":\"https:\/\/curiosidadesedicas.com\/loja\/?s={search_term_string}\"},\"query-input\":{\"@type\":\"PropertyValueSpecification\",\"valueRequired\":true,\"valueName\":\"search_term_string\"}}],\"inLanguage\":\"en-US\"},{\"@type\":\"Organization\",\"@id\":\"https:\/\/curiosidadesedicas.com\/loja\/#organization\",\"name\":\"Curiosidades & Dicas\",\"url\":\"https:\/\/curiosidadesedicas.com\/loja\/\",\"logo\":{\"@type\":\"ImageObject\",\"inLanguage\":\"en-US\",\"@id\":\"https:\/\/curiosidadesedicas.com\/loja\/#\/schema\/logo\/image\/\",\"url\":\"https:\/\/curiosidadesedicas.com\/loja\/wp-content\/uploads\/2020\/05\/LogoCuriosidadesSimples.png\",\"contentUrl\":\"https:\/\/curiosidadesedicas.com\/loja\/wp-content\/uploads\/2020\/05\/LogoCuriosidadesSimples.png\",\"width\":3528,\"height\":804,\"caption\":\"Curiosidades & Dicas\"},\"image\":{\"@id\":\"https:\/\/curiosidadesedicas.com\/loja\/#\/schema\/logo\/image\/\"}}]}<\/script>\n<!-- \/ Yoast SEO plugin. -->","yoast_head_json":{"title":"TORRADEIRA VISION 1260W - Curiosidades &amp; Dicas, Lda","robots":{"index":"index","follow":"follow","max-snippet":"max-snippet:-1","max-image-preview":"max-image-preview:large","max-video-preview":"max-video-preview:-1"},"canonical":"https:\/\/curiosidadesedicas.com\/loja\/en\/product\/torradeira-vision-1260w\/","og_locale":"en_US","og_type":"article","og_title":"TORRADEIRA VISION 1260W - Curiosidades &amp; Dicas, Lda","og_description":"Com visores em vidro para controlar a tostagem  Vidro duplo extra\u00edvel para facilitar a limpeza  Acabamentos em a\u00e7o inoxid\u00e1vel  Fenda XL extra larga para fatias de p\u00e3o mais grossas, com capacidade para duas fatias de p\u00e3o  7 n\u00edveis de tostagem  Fun\u00e7\u00f5es pr\u00e9-configuradas:\u00a0\u00a0reaquecer, descongelar e bagel (torrar apenas uma face do p\u00e3o)  Resist\u00eancias de quartzo  Mecanismo para desligar e pop-up autom\u00e1tico  Sistema de auto-centragem para resultados uniformes  Tabuleiro recolhe-migalhas f\u00e1cil de extrair  Base antideslizante e compartimento para guardar o cabo  Inclui suporte para p\u00e3ezinhos  Pot\u00eancia: 1260 W  Tens\u00e3o: 230 V  Frequ\u00eancia: 50 Hz  Medidas aprox.: 39 x 14,5 x 19,5 cm","og_url":"https:\/\/curiosidadesedicas.com\/loja\/en\/product\/torradeira-vision-1260w\/","og_site_name":"Curiosidades &amp; Dicas, Lda","article_modified_time":"2025-03-20T11:26:56+00:00","og_image":[{"width":600,"height":600,"url":"https:\/\/curiosidadesedicas.com\/loja\/wp-content\/uploads\/2020\/06\/3torradeira-cecotec-vision-3042-1260-w.jpg","type":"image\/jpeg"}],"twitter_card":"summary_large_image","twitter_misc":{"Est. reading time":"1 minute"},"schema":{"@context":"https:\/\/schema.org","@graph":[{"@type":"WebPage","@id":"https:\/\/curiosidadesedicas.com\/loja\/produto\/torradeira-vision-1260w\/","url":"https:\/\/curiosidadesedicas.com\/loja\/produto\/torradeira-vision-1260w\/","name":"TORRADEIRA VISION 1260W - Curiosidades &amp; Dicas, Lda","isPartOf":{"@id":"https:\/\/curiosidadesedicas.com\/loja\/#website"},"primaryImageOfPage":{"@id":"https:\/\/curiosidadesedicas.com\/loja\/produto\/torradeira-vision-1260w\/#primaryimage"},"image":{"@id":"https:\/\/curiosidadesedicas.com\/loja\/produto\/torradeira-vision-1260w\/#primaryimage"},"thumbnailUrl":"https:\/\/curiosidadesedicas.com\/loja\/wp-content\/uploads\/2020\/06\/3torradeira-cecotec-vision-3042-1260-w.jpg","datePublished":"2020-06-02T10:39:00+00:00","dateModified":"2025-03-20T11:26:56+00:00","breadcrumb":{"@id":"https:\/\/curiosidadesedicas.com\/loja\/produto\/torradeira-vision-1260w\/#breadcrumb"},"inLanguage":"en-US","potentialAction":[{"@type":"ReadAction","target":["https:\/\/curiosidadesedicas.com\/loja\/produto\/torradeira-vision-1260w\/"]}]},{"@type":"ImageObject","inLanguage":"en-US","@id":"https:\/\/curiosidadesedicas.com\/loja\/produto\/torradeira-vision-1260w\/#primaryimage","url":"https:\/\/curiosidadesedicas.com\/loja\/wp-content\/uploads\/2020\/06\/3torradeira-cecotec-vision-3042-1260-w.jpg","contentUrl":"https:\/\/curiosidadesedicas.com\/loja\/wp-content\/uploads\/2020\/06\/3torradeira-cecotec-vision-3042-1260-w.jpg","width":600,"height":600},{"@type":"BreadcrumbList","@id":"https:\/\/curiosidadesedicas.com\/loja\/produto\/torradeira-vision-1260w\/#breadcrumb","itemListElement":[{"@type":"ListItem","position":1,"name":"In\u00edcio","item":"https:\/\/curiosidadesedicas.com\/loja\/"},{"@type":"ListItem","position":2,"name":"Produtos","item":"https:\/\/curiosidadesedicas.com\/loja\/produtos\/"},{"@type":"ListItem","position":3,"name":"TORRADEIRA VISION 1260W"}]},{"@type":"WebSite","@id":"https:\/\/curiosidadesedicas.com\/loja\/#website","url":"https:\/\/curiosidadesedicas.com\/loja\/","name":"Curiosidades &amp; Dicas, Lda","description":"Apaixonados Por Inova\u00e7\u00e3o","publisher":{"@id":"https:\/\/curiosidadesedicas.com\/loja\/#organization"},"potentialAction":[{"@type":"SearchAction","target":{"@type":"EntryPoint","urlTemplate":"https:\/\/curiosidadesedicas.com\/loja\/?s={search_term_string}"},"query-input":{"@type":"PropertyValueSpecification","valueRequired":true,"valueName":"search_term_string"}}],"inLanguage":"en-US"},{"@type":"Organization","@id":"https:\/\/curiosidadesedicas.com\/loja\/#organization","name":"Curiosidades & Dicas","url":"https:\/\/curiosidadesedicas.com\/loja\/","logo":{"@type":"ImageObject","inLanguage":"en-US","@id":"https:\/\/curiosidadesedicas.com\/loja\/#\/schema\/logo\/image\/","url":"https:\/\/curiosidadesedicas.com\/loja\/wp-content\/uploads\/2020\/05\/LogoCuriosidadesSimples.png","contentUrl":"https:\/\/curiosidadesedicas.com\/loja\/wp-content\/uploads\/2020\/05\/LogoCuriosidadesSimples.png","width":3528,"height":804,"caption":"Curiosidades & Dicas"},"image":{"@id":"https:\/\/curiosidadesedicas.com\/loja\/#\/schema\/logo\/image\/"}}]}},"_links":{"self":[{"href":"https:\/\/curiosidadesedicas.com\/loja\/en\/wp-json\/wp\/v2\/product\/13302","targetHints":{"allow":["GET"]}}],"collection":[{"href":"https:\/\/curiosidadesedicas.com\/loja\/en\/wp-json\/wp\/v2\/product"}],"about":[{"href":"https:\/\/curiosidadesedicas.com\/loja\/en\/wp-json\/wp\/v2\/types\/product"}],"replies":[{"embeddable":true,"href":"https:\/\/curiosidadesedicas.com\/loja\/en\/wp-json\/wp\/v2\/comments?post=13302"}],"wp:featuredmedia":[{"embeddable":true,"href":"https:\/\/curiosidadesedicas.com\/loja\/en\/wp-json\/wp\/v2\/media\/13306"}],"wp:attachment":[{"href":"https:\/\/curiosidadesedicas.com\/loja\/en\/wp-json\/wp\/v2\/media?parent=13302"}],"wp:term":[{"taxonomy":"product_brand","embeddable":true,"href":"https:\/\/curiosidadesedicas.com\/loja\/en\/wp-json\/wp\/v2\/product_brand?post=13302"},{"taxonomy":"product_cat","embeddable":true,"href":"https:\/\/curiosidadesedicas.com\/loja\/en\/wp-json\/wp\/v2\/product_cat?post=13302"},{"taxonomy":"product_tag","embeddable":true,"href":"https:\/\/curiosidadesedicas.com\/loja\/en\/wp-json\/wp\/v2\/product_tag?post=13302"}],"curies":[{"name":"wp","href":"https:\/\/api.w.org\/{rel}","templated":true}]}}