{"id":13088,"date":"2020-05-30T08:41:08","date_gmt":"2020-05-30T08:41:08","guid":{"rendered":"https:\/\/curiosidadesedicas.com\/loja\/?post_type=product&#038;p=13088"},"modified":"2025-03-20T11:28:40","modified_gmt":"2025-03-20T11:28:40","slug":"caixa-de-comprimidos-eletronica-inteligente","status":"publish","type":"product","link":"https:\/\/curiosidadesedicas.com\/loja\/en\/product\/caixa-de-comprimidos-eletronica-inteligente\/","title":{"rendered":"CAIXA DE COMPRIMIDOS ELETR\u00d3NICA INTELIGENTE"},"content":{"rendered":"<p>Uma caixa de comprimidos inteligente, muito \u00fatil para guardar os medicamentos e relembrar o dono dos respetivos tempos de posologia, permitindo programar at\u00e9 5 alarmes di\u00e1rios com som e vibra\u00e7\u00e3o. Al\u00e9m disso, disp\u00f5e de um pr\u00e1tico formato de bolso e de um fecho de seguran\u00e7a herm\u00e9tico, que evita a entrada de humidade e mant\u00e9m os comprimidos em perfeitas condi\u00e7\u00f5es. Sem d\u00favida, um dispositivo indispens\u00e1vel para os mais esquecidos, especialmente pessoas de idade.<\/p>","protected":false},"excerpt":{"rendered":"<ul>\n<li>Material:\n<ul>\n<li>ABS<\/li>\n<li>PP<\/li>\n<\/ul>\n<\/li>\n<li>Design inovador e funcional<\/li>\n<li>Fun\u00e7\u00e3o tripla: rel\u00f3gio, alarme e cron\u00f3metro<\/li>\n<li>Tamanho Reduzido Compacto<\/li>\n<li>Rel\u00f3gio Digital<\/li>\n<li>At\u00e9 5 alarmes di\u00e1rios program\u00e1veis<\/li>\n<li>Alarme sonoro e de vibra\u00e7\u00e3o<\/li>\n<li>4 Compartimentos<\/li>\n<li>Utiliza\u00e7\u00e3o c\u00f3moda e simples<\/li>\n<li>Leve e male\u00e1vel: F\u00e1cil de transportar e de guardar<\/li>\n<li>Funciona com pilhas (1 x CR2032, inclu\u00eddas)<\/li>\n<li>Medidas aprox.: 6,5 x 2 x 6,5 cm<\/li>\n<\/ul>","protected":false},"featured_media":13098,"comment_status":"open","ping_status":"closed","template":"","meta":{"_glsr_average":0,"_glsr_ranking":0,"_glsr_reviews":0},"product_brand":[],"product_cat":[357,358,362],"product_tag":[],"class_list":{"0":"post-13088","1":"product","2":"type-product","3":"status-publish","4":"has-post-thumbnail","6":"product_cat-bem-estar","7":"product_cat-saude-e-higiene","8":"product_cat-terceira-idade","10":"first","11":"instock","12":"taxable","13":"shipping-taxable","14":"purchasable","15":"product-type-simple"},"yoast_head":"<!-- This site is optimized with the Yoast SEO plugin v26.8 - https:\/\/yoast.com\/product\/yoast-seo-wordpress\/ -->\n<title>CAIXA DE COMPRIMIDOS ELETR\u00d3NICA INTELIGENTE - Curiosidades &amp; Dicas, Lda<\/title>\n<meta name=\"robots\" content=\"index, follow, max-snippet:-1, max-image-preview:large, max-video-preview:-1\" \/>\n<link rel=\"canonical\" href=\"https:\/\/curiosidadesedicas.com\/loja\/en\/product\/caixa-de-comprimidos-eletronica-inteligente\/\" \/>\n<meta property=\"og:locale\" content=\"en_US\" \/>\n<meta property=\"og:type\" content=\"article\" \/>\n<meta property=\"og:title\" content=\"CAIXA DE COMPRIMIDOS ELETR\u00d3NICA INTELIGENTE - Curiosidades &amp; Dicas, Lda\" \/>\n<meta property=\"og:description\" content=\"Material:   ABS  PP    Design inovador e funcional  Fun\u00e7\u00e3o tripla: rel\u00f3gio, alarme e cron\u00f3metro  Tamanho Reduzido Compacto  Rel\u00f3gio Digital  At\u00e9 5 alarmes di\u00e1rios program\u00e1veis  Alarme sonoro e de vibra\u00e7\u00e3o  4 Compartimentos  Utiliza\u00e7\u00e3o c\u00f3moda e simples  Leve e male\u00e1vel: F\u00e1cil de transportar e de guardar  Funciona com pilhas (1 x CR2032, inclu\u00eddas)  Medidas aprox.: 6,5 x 2 x 6,5 cm\" \/>\n<meta property=\"og:url\" content=\"https:\/\/curiosidadesedicas.com\/loja\/en\/product\/caixa-de-comprimidos-eletronica-inteligente\/\" \/>\n<meta property=\"og:site_name\" content=\"Curiosidades &amp; Dicas, Lda\" \/>\n<meta property=\"article:modified_time\" content=\"2025-03-20T11:28:40+00:00\" \/>\n<meta property=\"og:image\" content=\"https:\/\/curiosidadesedicas.com\/loja\/wp-content\/uploads\/2020\/05\/1caixa-de-comprimidos-eletronica-inteligente-pilly-innovagoods_118541.jpg\" \/>\n\t<meta property=\"og:image:width\" content=\"600\" \/>\n\t<meta property=\"og:image:height\" content=\"600\" \/>\n\t<meta property=\"og:image:type\" content=\"image\/jpeg\" \/>\n<meta name=\"twitter:card\" content=\"summary_large_image\" \/>\n<meta name=\"twitter:label1\" content=\"Est. reading time\" \/>\n\t<meta name=\"twitter:data1\" content=\"1 minute\" \/>\n<script type=\"application\/ld+json\" class=\"yoast-schema-graph\">{\"@context\":\"https:\/\/schema.org\",\"@graph\":[{\"@type\":\"WebPage\",\"@id\":\"https:\/\/curiosidadesedicas.com\/loja\/produto\/caixa-de-comprimidos-eletronica-inteligente\/\",\"url\":\"https:\/\/curiosidadesedicas.com\/loja\/produto\/caixa-de-comprimidos-eletronica-inteligente\/\",\"name\":\"CAIXA DE COMPRIMIDOS ELETR\u00d3NICA INTELIGENTE - Curiosidades &amp; Dicas, Lda\",\"isPartOf\":{\"@id\":\"https:\/\/curiosidadesedicas.com\/loja\/#website\"},\"primaryImageOfPage\":{\"@id\":\"https:\/\/curiosidadesedicas.com\/loja\/produto\/caixa-de-comprimidos-eletronica-inteligente\/#primaryimage\"},\"image\":{\"@id\":\"https:\/\/curiosidadesedicas.com\/loja\/produto\/caixa-de-comprimidos-eletronica-inteligente\/#primaryimage\"},\"thumbnailUrl\":\"https:\/\/curiosidadesedicas.com\/loja\/wp-content\/uploads\/2020\/05\/1caixa-de-comprimidos-eletronica-inteligente-pilly-innovagoods_118541.jpg\",\"datePublished\":\"2020-05-30T08:41:08+00:00\",\"dateModified\":\"2025-03-20T11:28:40+00:00\",\"breadcrumb\":{\"@id\":\"https:\/\/curiosidadesedicas.com\/loja\/produto\/caixa-de-comprimidos-eletronica-inteligente\/#breadcrumb\"},\"inLanguage\":\"en-US\",\"potentialAction\":[{\"@type\":\"ReadAction\",\"target\":[\"https:\/\/curiosidadesedicas.com\/loja\/produto\/caixa-de-comprimidos-eletronica-inteligente\/\"]}]},{\"@type\":\"ImageObject\",\"inLanguage\":\"en-US\",\"@id\":\"https:\/\/curiosidadesedicas.com\/loja\/produto\/caixa-de-comprimidos-eletronica-inteligente\/#primaryimage\",\"url\":\"https:\/\/curiosidadesedicas.com\/loja\/wp-content\/uploads\/2020\/05\/1caixa-de-comprimidos-eletronica-inteligente-pilly-innovagoods_118541.jpg\",\"contentUrl\":\"https:\/\/curiosidadesedicas.com\/loja\/wp-content\/uploads\/2020\/05\/1caixa-de-comprimidos-eletronica-inteligente-pilly-innovagoods_118541.jpg\",\"width\":600,\"height\":600},{\"@type\":\"BreadcrumbList\",\"@id\":\"https:\/\/curiosidadesedicas.com\/loja\/produto\/caixa-de-comprimidos-eletronica-inteligente\/#breadcrumb\",\"itemListElement\":[{\"@type\":\"ListItem\",\"position\":1,\"name\":\"In\u00edcio\",\"item\":\"https:\/\/curiosidadesedicas.com\/loja\/\"},{\"@type\":\"ListItem\",\"position\":2,\"name\":\"Produtos\",\"item\":\"https:\/\/curiosidadesedicas.com\/loja\/produtos\/\"},{\"@type\":\"ListItem\",\"position\":3,\"name\":\"CAIXA DE COMPRIMIDOS ELETR\u00d3NICA INTELIGENTE\"}]},{\"@type\":\"WebSite\",\"@id\":\"https:\/\/curiosidadesedicas.com\/loja\/#website\",\"url\":\"https:\/\/curiosidadesedicas.com\/loja\/\",\"name\":\"Curiosidades &amp; Dicas, Lda\",\"description\":\"Apaixonados Por Inova\u00e7\u00e3o\",\"publisher\":{\"@id\":\"https:\/\/curiosidadesedicas.com\/loja\/#organization\"},\"potentialAction\":[{\"@type\":\"SearchAction\",\"target\":{\"@type\":\"EntryPoint\",\"urlTemplate\":\"https:\/\/curiosidadesedicas.com\/loja\/?s={search_term_string}\"},\"query-input\":{\"@type\":\"PropertyValueSpecification\",\"valueRequired\":true,\"valueName\":\"search_term_string\"}}],\"inLanguage\":\"en-US\"},{\"@type\":\"Organization\",\"@id\":\"https:\/\/curiosidadesedicas.com\/loja\/#organization\",\"name\":\"Curiosidades & Dicas\",\"url\":\"https:\/\/curiosidadesedicas.com\/loja\/\",\"logo\":{\"@type\":\"ImageObject\",\"inLanguage\":\"en-US\",\"@id\":\"https:\/\/curiosidadesedicas.com\/loja\/#\/schema\/logo\/image\/\",\"url\":\"https:\/\/curiosidadesedicas.com\/loja\/wp-content\/uploads\/2020\/05\/LogoCuriosidadesSimples.png\",\"contentUrl\":\"https:\/\/curiosidadesedicas.com\/loja\/wp-content\/uploads\/2020\/05\/LogoCuriosidadesSimples.png\",\"width\":3528,\"height\":804,\"caption\":\"Curiosidades & Dicas\"},\"image\":{\"@id\":\"https:\/\/curiosidadesedicas.com\/loja\/#\/schema\/logo\/image\/\"}}]}<\/script>\n<!-- \/ Yoast SEO plugin. -->","yoast_head_json":{"title":"CAIXA DE COMPRIMIDOS ELETR\u00d3NICA INTELIGENTE - Curiosidades &amp; Dicas, Lda","robots":{"index":"index","follow":"follow","max-snippet":"max-snippet:-1","max-image-preview":"max-image-preview:large","max-video-preview":"max-video-preview:-1"},"canonical":"https:\/\/curiosidadesedicas.com\/loja\/en\/product\/caixa-de-comprimidos-eletronica-inteligente\/","og_locale":"en_US","og_type":"article","og_title":"CAIXA DE COMPRIMIDOS ELETR\u00d3NICA INTELIGENTE - Curiosidades &amp; Dicas, Lda","og_description":"Material:   ABS  PP    Design inovador e funcional  Fun\u00e7\u00e3o tripla: rel\u00f3gio, alarme e cron\u00f3metro  Tamanho Reduzido Compacto  Rel\u00f3gio Digital  At\u00e9 5 alarmes di\u00e1rios program\u00e1veis  Alarme sonoro e de vibra\u00e7\u00e3o  4 Compartimentos  Utiliza\u00e7\u00e3o c\u00f3moda e simples  Leve e male\u00e1vel: F\u00e1cil de transportar e de guardar  Funciona com pilhas (1 x CR2032, inclu\u00eddas)  Medidas aprox.: 6,5 x 2 x 6,5 cm","og_url":"https:\/\/curiosidadesedicas.com\/loja\/en\/product\/caixa-de-comprimidos-eletronica-inteligente\/","og_site_name":"Curiosidades &amp; Dicas, Lda","article_modified_time":"2025-03-20T11:28:40+00:00","og_image":[{"width":600,"height":600,"url":"https:\/\/curiosidadesedicas.com\/loja\/wp-content\/uploads\/2020\/05\/1caixa-de-comprimidos-eletronica-inteligente-pilly-innovagoods_118541.jpg","type":"image\/jpeg"}],"twitter_card":"summary_large_image","twitter_misc":{"Est. reading time":"1 minute"},"schema":{"@context":"https:\/\/schema.org","@graph":[{"@type":"WebPage","@id":"https:\/\/curiosidadesedicas.com\/loja\/produto\/caixa-de-comprimidos-eletronica-inteligente\/","url":"https:\/\/curiosidadesedicas.com\/loja\/produto\/caixa-de-comprimidos-eletronica-inteligente\/","name":"CAIXA DE COMPRIMIDOS ELETR\u00d3NICA INTELIGENTE - Curiosidades &amp; Dicas, Lda","isPartOf":{"@id":"https:\/\/curiosidadesedicas.com\/loja\/#website"},"primaryImageOfPage":{"@id":"https:\/\/curiosidadesedicas.com\/loja\/produto\/caixa-de-comprimidos-eletronica-inteligente\/#primaryimage"},"image":{"@id":"https:\/\/curiosidadesedicas.com\/loja\/produto\/caixa-de-comprimidos-eletronica-inteligente\/#primaryimage"},"thumbnailUrl":"https:\/\/curiosidadesedicas.com\/loja\/wp-content\/uploads\/2020\/05\/1caixa-de-comprimidos-eletronica-inteligente-pilly-innovagoods_118541.jpg","datePublished":"2020-05-30T08:41:08+00:00","dateModified":"2025-03-20T11:28:40+00:00","breadcrumb":{"@id":"https:\/\/curiosidadesedicas.com\/loja\/produto\/caixa-de-comprimidos-eletronica-inteligente\/#breadcrumb"},"inLanguage":"en-US","potentialAction":[{"@type":"ReadAction","target":["https:\/\/curiosidadesedicas.com\/loja\/produto\/caixa-de-comprimidos-eletronica-inteligente\/"]}]},{"@type":"ImageObject","inLanguage":"en-US","@id":"https:\/\/curiosidadesedicas.com\/loja\/produto\/caixa-de-comprimidos-eletronica-inteligente\/#primaryimage","url":"https:\/\/curiosidadesedicas.com\/loja\/wp-content\/uploads\/2020\/05\/1caixa-de-comprimidos-eletronica-inteligente-pilly-innovagoods_118541.jpg","contentUrl":"https:\/\/curiosidadesedicas.com\/loja\/wp-content\/uploads\/2020\/05\/1caixa-de-comprimidos-eletronica-inteligente-pilly-innovagoods_118541.jpg","width":600,"height":600},{"@type":"BreadcrumbList","@id":"https:\/\/curiosidadesedicas.com\/loja\/produto\/caixa-de-comprimidos-eletronica-inteligente\/#breadcrumb","itemListElement":[{"@type":"ListItem","position":1,"name":"In\u00edcio","item":"https:\/\/curiosidadesedicas.com\/loja\/"},{"@type":"ListItem","position":2,"name":"Produtos","item":"https:\/\/curiosidadesedicas.com\/loja\/produtos\/"},{"@type":"ListItem","position":3,"name":"CAIXA DE COMPRIMIDOS ELETR\u00d3NICA INTELIGENTE"}]},{"@type":"WebSite","@id":"https:\/\/curiosidadesedicas.com\/loja\/#website","url":"https:\/\/curiosidadesedicas.com\/loja\/","name":"Curiosidades &amp; Dicas, Lda","description":"Apaixonados Por Inova\u00e7\u00e3o","publisher":{"@id":"https:\/\/curiosidadesedicas.com\/loja\/#organization"},"potentialAction":[{"@type":"SearchAction","target":{"@type":"EntryPoint","urlTemplate":"https:\/\/curiosidadesedicas.com\/loja\/?s={search_term_string}"},"query-input":{"@type":"PropertyValueSpecification","valueRequired":true,"valueName":"search_term_string"}}],"inLanguage":"en-US"},{"@type":"Organization","@id":"https:\/\/curiosidadesedicas.com\/loja\/#organization","name":"Curiosidades & Dicas","url":"https:\/\/curiosidadesedicas.com\/loja\/","logo":{"@type":"ImageObject","inLanguage":"en-US","@id":"https:\/\/curiosidadesedicas.com\/loja\/#\/schema\/logo\/image\/","url":"https:\/\/curiosidadesedicas.com\/loja\/wp-content\/uploads\/2020\/05\/LogoCuriosidadesSimples.png","contentUrl":"https:\/\/curiosidadesedicas.com\/loja\/wp-content\/uploads\/2020\/05\/LogoCuriosidadesSimples.png","width":3528,"height":804,"caption":"Curiosidades & Dicas"},"image":{"@id":"https:\/\/curiosidadesedicas.com\/loja\/#\/schema\/logo\/image\/"}}]}},"_links":{"self":[{"href":"https:\/\/curiosidadesedicas.com\/loja\/en\/wp-json\/wp\/v2\/product\/13088","targetHints":{"allow":["GET"]}}],"collection":[{"href":"https:\/\/curiosidadesedicas.com\/loja\/en\/wp-json\/wp\/v2\/product"}],"about":[{"href":"https:\/\/curiosidadesedicas.com\/loja\/en\/wp-json\/wp\/v2\/types\/product"}],"replies":[{"embeddable":true,"href":"https:\/\/curiosidadesedicas.com\/loja\/en\/wp-json\/wp\/v2\/comments?post=13088"}],"wp:featuredmedia":[{"embeddable":true,"href":"https:\/\/curiosidadesedicas.com\/loja\/en\/wp-json\/wp\/v2\/media\/13098"}],"wp:attachment":[{"href":"https:\/\/curiosidadesedicas.com\/loja\/en\/wp-json\/wp\/v2\/media?parent=13088"}],"wp:term":[{"taxonomy":"product_brand","embeddable":true,"href":"https:\/\/curiosidadesedicas.com\/loja\/en\/wp-json\/wp\/v2\/product_brand?post=13088"},{"taxonomy":"product_cat","embeddable":true,"href":"https:\/\/curiosidadesedicas.com\/loja\/en\/wp-json\/wp\/v2\/product_cat?post=13088"},{"taxonomy":"product_tag","embeddable":true,"href":"https:\/\/curiosidadesedicas.com\/loja\/en\/wp-json\/wp\/v2\/product_tag?post=13088"}],"curies":[{"name":"wp","href":"https:\/\/api.w.org\/{rel}","templated":true}]}}