{"id":12805,"date":"2020-05-27T12:33:03","date_gmt":"2020-05-27T12:33:03","guid":{"rendered":"https:\/\/curiosidadesedicas.com\/loja\/?post_type=product&#038;p=12805"},"modified":"2025-03-20T11:30:16","modified_gmt":"2025-03-20T11:30:16","slug":"mochila-resistente-a-agua","status":"publish","type":"product","link":"https:\/\/curiosidadesedicas.com\/loja\/en\/product\/mochila-resistente-a-agua\/","title":{"rendered":"MOCHILA RESISTENTE A \u00c1GUA"},"content":{"rendered":"<div class=\"main-data\">\n<p class=\"small_desc\">Desfrute da praia, piscina ou montanha sem se preocupar que os seus objetos pessoais poder\u00e3o pegar humidade! Esta mochila \u00e9 resistente \u00e0 \u00e1gua!<\/p>\n<\/div>","protected":false},"excerpt":{"rendered":"<ul>\n<li>Composi\u00e7\u00e3o:\n<ul>\n<li>Poli\u00e9ster 1680D<\/li>\n<li>Polipele<\/li>\n<\/ul>\n<\/li>\n<li>Compartimento para port\u00e1til (at\u00e9 15&#8243;)<\/li>\n<li>Compartimento para tablet de (at\u00e9 10&#8243;)<\/li>\n<li>Inclui: Cabo Micro USB para USB<\/li>\n<li>Conex\u00e3o: USB<\/li>\n<li>Comprimento do cabo: 1 m<\/li>\n<li>Medidas aprox.: 30 x 44 x 14 cm<\/li>\n<li>Resistente \u00e0 \u00e1gua<\/li>\n<\/ul>","protected":false},"featured_media":12815,"comment_status":"open","ping_status":"closed","template":"","meta":{"_glsr_average":0,"_glsr_ranking":0,"_glsr_reviews":0},"product_brand":[],"product_cat":[350,405,408],"product_tag":[],"class_list":{"0":"post-12805","1":"product","2":"type-product","3":"status-publish","4":"has-post-thumbnail","6":"product_cat-gadgets","7":"product_cat-mochilas-e-carteiras","8":"product_cat-p-viagens","10":"first","11":"instock","12":"taxable","13":"shipping-taxable","14":"purchasable","15":"product-type-simple"},"yoast_head":"<!-- This site is optimized with the Yoast SEO plugin v26.8 - https:\/\/yoast.com\/product\/yoast-seo-wordpress\/ -->\n<title>MOCHILA RESISTENTE A \u00c1GUA - Curiosidades &amp; Dicas, Lda<\/title>\n<meta name=\"robots\" content=\"index, follow, max-snippet:-1, max-image-preview:large, max-video-preview:-1\" \/>\n<link rel=\"canonical\" href=\"https:\/\/curiosidadesedicas.com\/loja\/en\/product\/mochila-resistente-a-agua\/\" \/>\n<meta property=\"og:locale\" content=\"en_US\" \/>\n<meta property=\"og:type\" content=\"article\" \/>\n<meta property=\"og:title\" content=\"MOCHILA RESISTENTE A \u00c1GUA - Curiosidades &amp; Dicas, Lda\" \/>\n<meta property=\"og:description\" content=\"Composi\u00e7\u00e3o:   Poli\u00e9ster 1680D  Polipele    Compartimento para port\u00e1til (at\u00e9 15&quot;)  Compartimento para tablet de (at\u00e9 10&quot;)  Inclui: Cabo Micro USB para USB  Conex\u00e3o: USB  Comprimento do cabo: 1 m  Medidas aprox.: 30 x 44 x 14 cm  Resistente \u00e0 \u00e1gua\" \/>\n<meta property=\"og:url\" content=\"https:\/\/curiosidadesedicas.com\/loja\/en\/product\/mochila-resistente-a-agua\/\" \/>\n<meta property=\"og:site_name\" content=\"Curiosidades &amp; Dicas, Lda\" \/>\n<meta property=\"article:modified_time\" content=\"2025-03-20T11:30:16+00:00\" \/>\n<meta property=\"og:image\" content=\"https:\/\/curiosidadesedicas.com\/loja\/wp-content\/uploads\/2020\/05\/mochila-resistente-a-agua-145306.jpg\" \/>\n\t<meta property=\"og:image:width\" content=\"600\" \/>\n\t<meta property=\"og:image:height\" content=\"600\" \/>\n\t<meta property=\"og:image:type\" content=\"image\/jpeg\" \/>\n<meta name=\"twitter:card\" content=\"summary_large_image\" \/>\n<meta name=\"twitter:label1\" content=\"Est. reading time\" \/>\n\t<meta name=\"twitter:data1\" content=\"1 minute\" \/>\n<script type=\"application\/ld+json\" class=\"yoast-schema-graph\">{\"@context\":\"https:\/\/schema.org\",\"@graph\":[{\"@type\":\"WebPage\",\"@id\":\"https:\/\/curiosidadesedicas.com\/loja\/produto\/mochila-resistente-a-agua\/\",\"url\":\"https:\/\/curiosidadesedicas.com\/loja\/produto\/mochila-resistente-a-agua\/\",\"name\":\"MOCHILA RESISTENTE A \u00c1GUA - Curiosidades &amp; Dicas, Lda\",\"isPartOf\":{\"@id\":\"https:\/\/curiosidadesedicas.com\/loja\/#website\"},\"primaryImageOfPage\":{\"@id\":\"https:\/\/curiosidadesedicas.com\/loja\/produto\/mochila-resistente-a-agua\/#primaryimage\"},\"image\":{\"@id\":\"https:\/\/curiosidadesedicas.com\/loja\/produto\/mochila-resistente-a-agua\/#primaryimage\"},\"thumbnailUrl\":\"https:\/\/curiosidadesedicas.com\/loja\/wp-content\/uploads\/2020\/05\/mochila-resistente-a-agua-145306.jpg\",\"datePublished\":\"2020-05-27T12:33:03+00:00\",\"dateModified\":\"2025-03-20T11:30:16+00:00\",\"breadcrumb\":{\"@id\":\"https:\/\/curiosidadesedicas.com\/loja\/produto\/mochila-resistente-a-agua\/#breadcrumb\"},\"inLanguage\":\"en-US\",\"potentialAction\":[{\"@type\":\"ReadAction\",\"target\":[\"https:\/\/curiosidadesedicas.com\/loja\/produto\/mochila-resistente-a-agua\/\"]}]},{\"@type\":\"ImageObject\",\"inLanguage\":\"en-US\",\"@id\":\"https:\/\/curiosidadesedicas.com\/loja\/produto\/mochila-resistente-a-agua\/#primaryimage\",\"url\":\"https:\/\/curiosidadesedicas.com\/loja\/wp-content\/uploads\/2020\/05\/mochila-resistente-a-agua-145306.jpg\",\"contentUrl\":\"https:\/\/curiosidadesedicas.com\/loja\/wp-content\/uploads\/2020\/05\/mochila-resistente-a-agua-145306.jpg\",\"width\":600,\"height\":600},{\"@type\":\"BreadcrumbList\",\"@id\":\"https:\/\/curiosidadesedicas.com\/loja\/produto\/mochila-resistente-a-agua\/#breadcrumb\",\"itemListElement\":[{\"@type\":\"ListItem\",\"position\":1,\"name\":\"In\u00edcio\",\"item\":\"https:\/\/curiosidadesedicas.com\/loja\/\"},{\"@type\":\"ListItem\",\"position\":2,\"name\":\"Produtos\",\"item\":\"https:\/\/curiosidadesedicas.com\/loja\/produtos\/\"},{\"@type\":\"ListItem\",\"position\":3,\"name\":\"MOCHILA RESISTENTE A \u00c1GUA\"}]},{\"@type\":\"WebSite\",\"@id\":\"https:\/\/curiosidadesedicas.com\/loja\/#website\",\"url\":\"https:\/\/curiosidadesedicas.com\/loja\/\",\"name\":\"Curiosidades &amp; Dicas, Lda\",\"description\":\"Apaixonados Por Inova\u00e7\u00e3o\",\"publisher\":{\"@id\":\"https:\/\/curiosidadesedicas.com\/loja\/#organization\"},\"potentialAction\":[{\"@type\":\"SearchAction\",\"target\":{\"@type\":\"EntryPoint\",\"urlTemplate\":\"https:\/\/curiosidadesedicas.com\/loja\/?s={search_term_string}\"},\"query-input\":{\"@type\":\"PropertyValueSpecification\",\"valueRequired\":true,\"valueName\":\"search_term_string\"}}],\"inLanguage\":\"en-US\"},{\"@type\":\"Organization\",\"@id\":\"https:\/\/curiosidadesedicas.com\/loja\/#organization\",\"name\":\"Curiosidades & Dicas\",\"url\":\"https:\/\/curiosidadesedicas.com\/loja\/\",\"logo\":{\"@type\":\"ImageObject\",\"inLanguage\":\"en-US\",\"@id\":\"https:\/\/curiosidadesedicas.com\/loja\/#\/schema\/logo\/image\/\",\"url\":\"https:\/\/curiosidadesedicas.com\/loja\/wp-content\/uploads\/2020\/05\/LogoCuriosidadesSimples.png\",\"contentUrl\":\"https:\/\/curiosidadesedicas.com\/loja\/wp-content\/uploads\/2020\/05\/LogoCuriosidadesSimples.png\",\"width\":3528,\"height\":804,\"caption\":\"Curiosidades & Dicas\"},\"image\":{\"@id\":\"https:\/\/curiosidadesedicas.com\/loja\/#\/schema\/logo\/image\/\"}}]}<\/script>\n<!-- \/ Yoast SEO plugin. -->","yoast_head_json":{"title":"MOCHILA RESISTENTE A \u00c1GUA - Curiosidades &amp; Dicas, Lda","robots":{"index":"index","follow":"follow","max-snippet":"max-snippet:-1","max-image-preview":"max-image-preview:large","max-video-preview":"max-video-preview:-1"},"canonical":"https:\/\/curiosidadesedicas.com\/loja\/en\/product\/mochila-resistente-a-agua\/","og_locale":"en_US","og_type":"article","og_title":"MOCHILA RESISTENTE A \u00c1GUA - Curiosidades &amp; Dicas, Lda","og_description":"Composi\u00e7\u00e3o:   Poli\u00e9ster 1680D  Polipele    Compartimento para port\u00e1til (at\u00e9 15\")  Compartimento para tablet de (at\u00e9 10\")  Inclui: Cabo Micro USB para USB  Conex\u00e3o: USB  Comprimento do cabo: 1 m  Medidas aprox.: 30 x 44 x 14 cm  Resistente \u00e0 \u00e1gua","og_url":"https:\/\/curiosidadesedicas.com\/loja\/en\/product\/mochila-resistente-a-agua\/","og_site_name":"Curiosidades &amp; Dicas, Lda","article_modified_time":"2025-03-20T11:30:16+00:00","og_image":[{"width":600,"height":600,"url":"https:\/\/curiosidadesedicas.com\/loja\/wp-content\/uploads\/2020\/05\/mochila-resistente-a-agua-145306.jpg","type":"image\/jpeg"}],"twitter_card":"summary_large_image","twitter_misc":{"Est. reading time":"1 minute"},"schema":{"@context":"https:\/\/schema.org","@graph":[{"@type":"WebPage","@id":"https:\/\/curiosidadesedicas.com\/loja\/produto\/mochila-resistente-a-agua\/","url":"https:\/\/curiosidadesedicas.com\/loja\/produto\/mochila-resistente-a-agua\/","name":"MOCHILA RESISTENTE A \u00c1GUA - Curiosidades &amp; Dicas, Lda","isPartOf":{"@id":"https:\/\/curiosidadesedicas.com\/loja\/#website"},"primaryImageOfPage":{"@id":"https:\/\/curiosidadesedicas.com\/loja\/produto\/mochila-resistente-a-agua\/#primaryimage"},"image":{"@id":"https:\/\/curiosidadesedicas.com\/loja\/produto\/mochila-resistente-a-agua\/#primaryimage"},"thumbnailUrl":"https:\/\/curiosidadesedicas.com\/loja\/wp-content\/uploads\/2020\/05\/mochila-resistente-a-agua-145306.jpg","datePublished":"2020-05-27T12:33:03+00:00","dateModified":"2025-03-20T11:30:16+00:00","breadcrumb":{"@id":"https:\/\/curiosidadesedicas.com\/loja\/produto\/mochila-resistente-a-agua\/#breadcrumb"},"inLanguage":"en-US","potentialAction":[{"@type":"ReadAction","target":["https:\/\/curiosidadesedicas.com\/loja\/produto\/mochila-resistente-a-agua\/"]}]},{"@type":"ImageObject","inLanguage":"en-US","@id":"https:\/\/curiosidadesedicas.com\/loja\/produto\/mochila-resistente-a-agua\/#primaryimage","url":"https:\/\/curiosidadesedicas.com\/loja\/wp-content\/uploads\/2020\/05\/mochila-resistente-a-agua-145306.jpg","contentUrl":"https:\/\/curiosidadesedicas.com\/loja\/wp-content\/uploads\/2020\/05\/mochila-resistente-a-agua-145306.jpg","width":600,"height":600},{"@type":"BreadcrumbList","@id":"https:\/\/curiosidadesedicas.com\/loja\/produto\/mochila-resistente-a-agua\/#breadcrumb","itemListElement":[{"@type":"ListItem","position":1,"name":"In\u00edcio","item":"https:\/\/curiosidadesedicas.com\/loja\/"},{"@type":"ListItem","position":2,"name":"Produtos","item":"https:\/\/curiosidadesedicas.com\/loja\/produtos\/"},{"@type":"ListItem","position":3,"name":"MOCHILA RESISTENTE A \u00c1GUA"}]},{"@type":"WebSite","@id":"https:\/\/curiosidadesedicas.com\/loja\/#website","url":"https:\/\/curiosidadesedicas.com\/loja\/","name":"Curiosidades &amp; Dicas, Lda","description":"Apaixonados Por Inova\u00e7\u00e3o","publisher":{"@id":"https:\/\/curiosidadesedicas.com\/loja\/#organization"},"potentialAction":[{"@type":"SearchAction","target":{"@type":"EntryPoint","urlTemplate":"https:\/\/curiosidadesedicas.com\/loja\/?s={search_term_string}"},"query-input":{"@type":"PropertyValueSpecification","valueRequired":true,"valueName":"search_term_string"}}],"inLanguage":"en-US"},{"@type":"Organization","@id":"https:\/\/curiosidadesedicas.com\/loja\/#organization","name":"Curiosidades & Dicas","url":"https:\/\/curiosidadesedicas.com\/loja\/","logo":{"@type":"ImageObject","inLanguage":"en-US","@id":"https:\/\/curiosidadesedicas.com\/loja\/#\/schema\/logo\/image\/","url":"https:\/\/curiosidadesedicas.com\/loja\/wp-content\/uploads\/2020\/05\/LogoCuriosidadesSimples.png","contentUrl":"https:\/\/curiosidadesedicas.com\/loja\/wp-content\/uploads\/2020\/05\/LogoCuriosidadesSimples.png","width":3528,"height":804,"caption":"Curiosidades & Dicas"},"image":{"@id":"https:\/\/curiosidadesedicas.com\/loja\/#\/schema\/logo\/image\/"}}]}},"_links":{"self":[{"href":"https:\/\/curiosidadesedicas.com\/loja\/en\/wp-json\/wp\/v2\/product\/12805","targetHints":{"allow":["GET"]}}],"collection":[{"href":"https:\/\/curiosidadesedicas.com\/loja\/en\/wp-json\/wp\/v2\/product"}],"about":[{"href":"https:\/\/curiosidadesedicas.com\/loja\/en\/wp-json\/wp\/v2\/types\/product"}],"replies":[{"embeddable":true,"href":"https:\/\/curiosidadesedicas.com\/loja\/en\/wp-json\/wp\/v2\/comments?post=12805"}],"wp:featuredmedia":[{"embeddable":true,"href":"https:\/\/curiosidadesedicas.com\/loja\/en\/wp-json\/wp\/v2\/media\/12815"}],"wp:attachment":[{"href":"https:\/\/curiosidadesedicas.com\/loja\/en\/wp-json\/wp\/v2\/media?parent=12805"}],"wp:term":[{"taxonomy":"product_brand","embeddable":true,"href":"https:\/\/curiosidadesedicas.com\/loja\/en\/wp-json\/wp\/v2\/product_brand?post=12805"},{"taxonomy":"product_cat","embeddable":true,"href":"https:\/\/curiosidadesedicas.com\/loja\/en\/wp-json\/wp\/v2\/product_cat?post=12805"},{"taxonomy":"product_tag","embeddable":true,"href":"https:\/\/curiosidadesedicas.com\/loja\/en\/wp-json\/wp\/v2\/product_tag?post=12805"}],"curies":[{"name":"wp","href":"https:\/\/api.w.org\/{rel}","templated":true}]}}