{"id":12504,"date":"2020-05-22T09:34:54","date_gmt":"2020-05-22T09:34:54","guid":{"rendered":"https:\/\/curiosidadesedicas.com\/loja\/?post_type=product&#038;p=12504"},"modified":"2025-06-25T13:41:51","modified_gmt":"2025-06-25T13:41:51","slug":"radio-despertador-c-efeito-amanhecer","status":"publish","type":"product","link":"https:\/\/curiosidadesedicas.com\/loja\/en\/product\/radio-despertador-c-efeito-amanhecer\/","title":{"rendered":"R\u00c1DIO DESPERTADOR C\/ EFEITO AMANHECER"},"content":{"rendered":"<p>O\u00a0despertador com efeito amanhecer Slockar InnovaGoods\u00a0oferece in\u00fameras possibilidades, pois disp\u00f5e de alta voz Bluetooth e v\u00e1rias op\u00e7\u00f5es de ilumina\u00e7\u00e3o e som para despertar todos os dias criando um ambiente muito especial e agrad\u00e1vel. Gra\u00e7as \u00e0 sua\u00a0simula\u00e7\u00e3o d amanhecer\u00a0e aos seus sons pr\u00e9-definidos, este original\u00a0rel\u00f3gio despertador\u00a0favorece um estado de relaxamento e liga\u00e7\u00e3o \u00e0 natureza para um despertar mais tranquilo e agrad\u00e1vel.<\/p>\n<ul>\n<li>R\u00e1dio rel\u00f3gio despertador com alta voz<\/li>\n<li>Simula\u00e7\u00e3o do amanhecer<\/li>\n<li>Multifuncional, original, vers\u00e1til<\/li>\n<li>Ecr\u00e3 LCD, controlo t\u00e1til<\/li>\n<li>Recarreg\u00e1vel, port\u00e1til: carga USB<\/li>\n<li>Fun\u00e7\u00e3o r\u00e1dio FM<\/li>\n<li>Fun\u00e7\u00e3o alta voz:\u00a05 W,\u00a0Bluetooth 5.0<\/li>\n<li>Fun\u00e7\u00e3o candeeiro: LED RGB, v\u00e1rios modos de ilumina\u00e7\u00e3o<\/li>\n<li>Luz branca\/quente:\u00a012 n\u00edveis de intensidade<\/li>\n<li>Luz de 6 cores, fixa ou sequencial:\u00a0vermelho, verde, azul, violeta, amarelo, turquesa<\/li>\n<li>Fun\u00e7\u00e3o despertar: alarme com r\u00e1dio ou sons pr\u00e9-definidos<\/li>\n<li>12 Sons: 6 sons da natureza, 5 de m\u00fasica cl\u00e1ssica e 1 de apito<\/li>\n<li>Modo poupan\u00e7a de energia opcional (baixo consumo)<\/li>\n<li>Inclui cabo USB para micro USB e instru\u00e7\u00f5es de utiliza\u00e7\u00e3o<\/li>\n<\/ul>\n<p>&nbsp;<\/p>\n<p><img decoding=\"async\" src=\"https:\/\/curiosidadesedicas.com\/loja\/wp-content\/uploads\/2020\/05\/despertador-amanhecer-recarregavel-com-alta-voz-slockar-innovagoods_381683-10.jpg\" \/><\/p>","protected":false},"excerpt":{"rendered":"<p>Este\u00a0despertador amanhecer com alta voz\u00a0possui v\u00e1rios sons e melodias relaxantes para selecionar o tipo de alarme desejado a qualquer momento. A sua luz de amanhecer come\u00e7ar\u00e1 a acender gradualmente 30 minutos antes de soar o alarme, iluminando progressivamente o quarto (efeito amanhecer).<\/p>\n<p>Al\u00e9m disso, este\u00a0r\u00e1dio-despertador com alta voz Bluetooth\u00a0permite ouvir r\u00e1dio ou m\u00fasica do seu telem\u00f3vel ou de outros dispositivos. Tamb\u00e9m \u00e9 muito \u00fatil como candeeiro de mesa multicolor, pois permite selecionar varias cores e tipos de ilumina\u00e7\u00e3o. Disp\u00f5e de luz noturna com temporizador (30, 60 ou 90 minutos) que se apaga lentamente ap\u00f3s o tempo selecionado.<\/p>\n<ul>\n<li>Material: ABS<\/li>\n<li>Cor: Branco<\/li>\n<li>Design moderno: Inovador e funcional<\/li>\n<li>Tipo: Despertador simulador de amanhecer<\/li>\n<li>Multifun\u00e7\u00e3o: Diversas utiliza\u00e7\u00f5es e espa\u00e7os<\/li>\n<li>Ilumina\u00e7\u00e3o: LED RGB<\/li>\n<li>Fluxo luminoso: 400 lm<\/li>\n<li>Temperatura de cor: 6500 K<\/li>\n<li>3 modos de ilumina\u00e7\u00e3o:\n<ul>\n<li>6 cores<\/li>\n<li>Sequ\u00eancia de cores<\/li>\n<li>Luz branca com 12 intensidades<\/li>\n<\/ul>\n<\/li>\n<li>Caracter\u00edsticas: Ecr\u00e3 LCD<\/li>\n<li>Fun\u00e7\u00f5es: Controlo t\u00e1til<\/li>\n<li>Alarme: 12 sons predefinidos<\/li>\n<li>Altifalante: 5 W<\/li>\n<li>Bluetooth: 5.0<\/li>\n<li>Fun\u00e7\u00e3o de r\u00e1dio: Radio FM<\/li>\n<li>Recarreg\u00e1vel: Carga USB<\/li>\n<li>Tipo de bateria: Li-Ion<\/li>\n<li>Capacidade da bateria: 1200 mAh<\/li>\n<li>Inclui: Cabo USB para micro USB<\/li>\n<li>F\u00e1cil de utilizar: Utiliza\u00e7\u00e3o c\u00f3moda e simples<\/li>\n<li>Leve e male\u00e1vel: F\u00e1cil de transportar e de guardar<\/li>\n<li>Baixo consumo: Poupan\u00e7a de Energia<\/li>\n<li>Voltagem de entrada de DC: 5 V \/ 1 A<\/li>\n<li>Medidas aprox.: 16 x 16 x 9 cm<\/li>\n<\/ul>","protected":false},"featured_media":27812,"comment_status":"open","ping_status":"closed","template":"","meta":{"_glsr_average":0,"_glsr_ranking":0,"_glsr_reviews":0},"product_brand":[],"product_cat":[345,348,399],"product_tag":[],"class_list":{"0":"post-12504","1":"product","2":"type-product","3":"status-publish","4":"has-post-thumbnail","6":"product_cat-gadgets-led","7":"product_cat-decoracao-led","8":"product_cat-luz-led","10":"first","11":"outofstock","12":"taxable","13":"shipping-taxable","14":"purchasable","15":"product-type-simple"},"yoast_head":"<!-- This site is optimized with the Yoast SEO plugin v26.8 - https:\/\/yoast.com\/product\/yoast-seo-wordpress\/ -->\n<title>R\u00c1DIO DESPERTADOR C\/ EFEITO AMANHECER - Curiosidades &amp; Dicas, Lda<\/title>\n<meta name=\"robots\" content=\"index, follow, max-snippet:-1, max-image-preview:large, max-video-preview:-1\" \/>\n<link rel=\"canonical\" href=\"https:\/\/curiosidadesedicas.com\/loja\/en\/product\/radio-despertador-c-efeito-amanhecer\/\" \/>\n<meta property=\"og:locale\" content=\"en_US\" \/>\n<meta property=\"og:type\" content=\"article\" \/>\n<meta property=\"og:title\" content=\"R\u00c1DIO DESPERTADOR C\/ EFEITO AMANHECER - Curiosidades &amp; Dicas, Lda\" \/>\n<meta property=\"og:description\" content=\"Este\u00a0despertador amanhecer com alta voz\u00a0possui v\u00e1rios sons e melodias relaxantes para selecionar o tipo de alarme desejado a qualquer momento. A sua luz de amanhecer come\u00e7ar\u00e1 a acender gradualmente 30 minutos antes de soar o alarme, iluminando progressivamente o quarto (efeito amanhecer).  Al\u00e9m disso, este\u00a0r\u00e1dio-despertador com alta voz Bluetooth\u00a0permite ouvir r\u00e1dio ou m\u00fasica do seu telem\u00f3vel ou de outros dispositivos. Tamb\u00e9m \u00e9 muito \u00fatil como candeeiro de mesa multicolor, pois permite selecionar varias cores e tipos de ilumina\u00e7\u00e3o. Disp\u00f5e de luz noturna com temporizador (30, 60 ou 90 minutos) que se apaga lentamente ap\u00f3s o tempo selecionado.   Material: ABS  Cor: Branco  Design moderno: Inovador e funcional  Tipo: Despertador simulador de amanhecer  Multifun\u00e7\u00e3o: Diversas utiliza\u00e7\u00f5es e espa\u00e7os  Ilumina\u00e7\u00e3o: LED RGB  Fluxo luminoso: 400 lm  Temperatura de cor: 6500 K  3 modos de ilumina\u00e7\u00e3o:   6 cores  Sequ\u00eancia de cores  Luz branca com 12 intensidades    Caracter\u00edsticas: Ecr\u00e3 LCD  Fun\u00e7\u00f5es: Controlo t\u00e1til  Alarme: 12 sons predefinidos  Altifalante: 5 W  Bluetooth: 5.0  Fun\u00e7\u00e3o de r\u00e1dio: Radio FM  Recarreg\u00e1vel: Carga USB  Tipo de bateria: Li-Ion  Capacidade da bateria: 1200 mAh  Inclui: Cabo USB para micro USB  F\u00e1cil de utilizar: Utiliza\u00e7\u00e3o c\u00f3moda e simples  Leve e male\u00e1vel: F\u00e1cil de transportar e de guardar  Baixo consumo: Poupan\u00e7a de Energia  Voltagem de entrada de DC: 5 V \/ 1 A  Medidas aprox.: 16 x 16 x 9 cm\" \/>\n<meta property=\"og:url\" content=\"https:\/\/curiosidadesedicas.com\/loja\/en\/product\/radio-despertador-c-efeito-amanhecer\/\" \/>\n<meta property=\"og:site_name\" content=\"Curiosidades &amp; Dicas, Lda\" \/>\n<meta property=\"article:modified_time\" content=\"2025-06-25T13:41:51+00:00\" \/>\n<meta property=\"og:image\" content=\"https:\/\/curiosidadesedicas.com\/loja\/wp-content\/uploads\/2020\/05\/despertador-amanhecer-recarregavel-com-alta-voz-slockar-innovagoods_381683.jpg\" \/>\n\t<meta property=\"og:image:width\" content=\"600\" \/>\n\t<meta property=\"og:image:height\" content=\"600\" \/>\n\t<meta property=\"og:image:type\" content=\"image\/jpeg\" \/>\n<meta name=\"twitter:card\" content=\"summary_large_image\" \/>\n<meta name=\"twitter:label1\" content=\"Est. reading time\" \/>\n\t<meta name=\"twitter:data1\" content=\"2 minutes\" \/>\n<script type=\"application\/ld+json\" class=\"yoast-schema-graph\">{\"@context\":\"https:\/\/schema.org\",\"@graph\":[{\"@type\":\"WebPage\",\"@id\":\"https:\/\/curiosidadesedicas.com\/loja\/produto\/radio-despertador-c-efeito-amanhecer\/\",\"url\":\"https:\/\/curiosidadesedicas.com\/loja\/produto\/radio-despertador-c-efeito-amanhecer\/\",\"name\":\"R\u00c1DIO DESPERTADOR C\/ EFEITO AMANHECER - Curiosidades &amp; Dicas, Lda\",\"isPartOf\":{\"@id\":\"https:\/\/curiosidadesedicas.com\/loja\/#website\"},\"primaryImageOfPage\":{\"@id\":\"https:\/\/curiosidadesedicas.com\/loja\/produto\/radio-despertador-c-efeito-amanhecer\/#primaryimage\"},\"image\":{\"@id\":\"https:\/\/curiosidadesedicas.com\/loja\/produto\/radio-despertador-c-efeito-amanhecer\/#primaryimage\"},\"thumbnailUrl\":\"https:\/\/curiosidadesedicas.com\/loja\/wp-content\/uploads\/2020\/05\/despertador-amanhecer-recarregavel-com-alta-voz-slockar-innovagoods_381683.jpg\",\"datePublished\":\"2020-05-22T09:34:54+00:00\",\"dateModified\":\"2025-06-25T13:41:51+00:00\",\"breadcrumb\":{\"@id\":\"https:\/\/curiosidadesedicas.com\/loja\/produto\/radio-despertador-c-efeito-amanhecer\/#breadcrumb\"},\"inLanguage\":\"en-US\",\"potentialAction\":[{\"@type\":\"ReadAction\",\"target\":[\"https:\/\/curiosidadesedicas.com\/loja\/produto\/radio-despertador-c-efeito-amanhecer\/\"]}]},{\"@type\":\"ImageObject\",\"inLanguage\":\"en-US\",\"@id\":\"https:\/\/curiosidadesedicas.com\/loja\/produto\/radio-despertador-c-efeito-amanhecer\/#primaryimage\",\"url\":\"https:\/\/curiosidadesedicas.com\/loja\/wp-content\/uploads\/2020\/05\/despertador-amanhecer-recarregavel-com-alta-voz-slockar-innovagoods_381683.jpg\",\"contentUrl\":\"https:\/\/curiosidadesedicas.com\/loja\/wp-content\/uploads\/2020\/05\/despertador-amanhecer-recarregavel-com-alta-voz-slockar-innovagoods_381683.jpg\",\"width\":600,\"height\":600},{\"@type\":\"BreadcrumbList\",\"@id\":\"https:\/\/curiosidadesedicas.com\/loja\/produto\/radio-despertador-c-efeito-amanhecer\/#breadcrumb\",\"itemListElement\":[{\"@type\":\"ListItem\",\"position\":1,\"name\":\"In\u00edcio\",\"item\":\"https:\/\/curiosidadesedicas.com\/loja\/\"},{\"@type\":\"ListItem\",\"position\":2,\"name\":\"Produtos\",\"item\":\"https:\/\/curiosidadesedicas.com\/loja\/produtos\/\"},{\"@type\":\"ListItem\",\"position\":3,\"name\":\"R\u00c1DIO DESPERTADOR C\/ EFEITO AMANHECER\"}]},{\"@type\":\"WebSite\",\"@id\":\"https:\/\/curiosidadesedicas.com\/loja\/#website\",\"url\":\"https:\/\/curiosidadesedicas.com\/loja\/\",\"name\":\"Curiosidades &amp; Dicas, Lda\",\"description\":\"Apaixonados Por Inova\u00e7\u00e3o\",\"publisher\":{\"@id\":\"https:\/\/curiosidadesedicas.com\/loja\/#organization\"},\"potentialAction\":[{\"@type\":\"SearchAction\",\"target\":{\"@type\":\"EntryPoint\",\"urlTemplate\":\"https:\/\/curiosidadesedicas.com\/loja\/?s={search_term_string}\"},\"query-input\":{\"@type\":\"PropertyValueSpecification\",\"valueRequired\":true,\"valueName\":\"search_term_string\"}}],\"inLanguage\":\"en-US\"},{\"@type\":\"Organization\",\"@id\":\"https:\/\/curiosidadesedicas.com\/loja\/#organization\",\"name\":\"Curiosidades & Dicas\",\"url\":\"https:\/\/curiosidadesedicas.com\/loja\/\",\"logo\":{\"@type\":\"ImageObject\",\"inLanguage\":\"en-US\",\"@id\":\"https:\/\/curiosidadesedicas.com\/loja\/#\/schema\/logo\/image\/\",\"url\":\"https:\/\/curiosidadesedicas.com\/loja\/wp-content\/uploads\/2020\/05\/LogoCuriosidadesSimples.png\",\"contentUrl\":\"https:\/\/curiosidadesedicas.com\/loja\/wp-content\/uploads\/2020\/05\/LogoCuriosidadesSimples.png\",\"width\":3528,\"height\":804,\"caption\":\"Curiosidades & Dicas\"},\"image\":{\"@id\":\"https:\/\/curiosidadesedicas.com\/loja\/#\/schema\/logo\/image\/\"}}]}<\/script>\n<!-- \/ Yoast SEO plugin. -->","yoast_head_json":{"title":"R\u00c1DIO DESPERTADOR C\/ EFEITO AMANHECER - Curiosidades &amp; Dicas, Lda","robots":{"index":"index","follow":"follow","max-snippet":"max-snippet:-1","max-image-preview":"max-image-preview:large","max-video-preview":"max-video-preview:-1"},"canonical":"https:\/\/curiosidadesedicas.com\/loja\/en\/product\/radio-despertador-c-efeito-amanhecer\/","og_locale":"en_US","og_type":"article","og_title":"R\u00c1DIO DESPERTADOR C\/ EFEITO AMANHECER - Curiosidades &amp; Dicas, Lda","og_description":"Este\u00a0despertador amanhecer com alta voz\u00a0possui v\u00e1rios sons e melodias relaxantes para selecionar o tipo de alarme desejado a qualquer momento. A sua luz de amanhecer come\u00e7ar\u00e1 a acender gradualmente 30 minutos antes de soar o alarme, iluminando progressivamente o quarto (efeito amanhecer).  Al\u00e9m disso, este\u00a0r\u00e1dio-despertador com alta voz Bluetooth\u00a0permite ouvir r\u00e1dio ou m\u00fasica do seu telem\u00f3vel ou de outros dispositivos. Tamb\u00e9m \u00e9 muito \u00fatil como candeeiro de mesa multicolor, pois permite selecionar varias cores e tipos de ilumina\u00e7\u00e3o. Disp\u00f5e de luz noturna com temporizador (30, 60 ou 90 minutos) que se apaga lentamente ap\u00f3s o tempo selecionado.   Material: ABS  Cor: Branco  Design moderno: Inovador e funcional  Tipo: Despertador simulador de amanhecer  Multifun\u00e7\u00e3o: Diversas utiliza\u00e7\u00f5es e espa\u00e7os  Ilumina\u00e7\u00e3o: LED RGB  Fluxo luminoso: 400 lm  Temperatura de cor: 6500 K  3 modos de ilumina\u00e7\u00e3o:   6 cores  Sequ\u00eancia de cores  Luz branca com 12 intensidades    Caracter\u00edsticas: Ecr\u00e3 LCD  Fun\u00e7\u00f5es: Controlo t\u00e1til  Alarme: 12 sons predefinidos  Altifalante: 5 W  Bluetooth: 5.0  Fun\u00e7\u00e3o de r\u00e1dio: Radio FM  Recarreg\u00e1vel: Carga USB  Tipo de bateria: Li-Ion  Capacidade da bateria: 1200 mAh  Inclui: Cabo USB para micro USB  F\u00e1cil de utilizar: Utiliza\u00e7\u00e3o c\u00f3moda e simples  Leve e male\u00e1vel: F\u00e1cil de transportar e de guardar  Baixo consumo: Poupan\u00e7a de Energia  Voltagem de entrada de DC: 5 V \/ 1 A  Medidas aprox.: 16 x 16 x 9 cm","og_url":"https:\/\/curiosidadesedicas.com\/loja\/en\/product\/radio-despertador-c-efeito-amanhecer\/","og_site_name":"Curiosidades &amp; Dicas, Lda","article_modified_time":"2025-06-25T13:41:51+00:00","og_image":[{"width":600,"height":600,"url":"https:\/\/curiosidadesedicas.com\/loja\/wp-content\/uploads\/2020\/05\/despertador-amanhecer-recarregavel-com-alta-voz-slockar-innovagoods_381683.jpg","type":"image\/jpeg"}],"twitter_card":"summary_large_image","twitter_misc":{"Est. reading time":"2 minutes"},"schema":{"@context":"https:\/\/schema.org","@graph":[{"@type":"WebPage","@id":"https:\/\/curiosidadesedicas.com\/loja\/produto\/radio-despertador-c-efeito-amanhecer\/","url":"https:\/\/curiosidadesedicas.com\/loja\/produto\/radio-despertador-c-efeito-amanhecer\/","name":"R\u00c1DIO DESPERTADOR C\/ EFEITO AMANHECER - Curiosidades &amp; Dicas, Lda","isPartOf":{"@id":"https:\/\/curiosidadesedicas.com\/loja\/#website"},"primaryImageOfPage":{"@id":"https:\/\/curiosidadesedicas.com\/loja\/produto\/radio-despertador-c-efeito-amanhecer\/#primaryimage"},"image":{"@id":"https:\/\/curiosidadesedicas.com\/loja\/produto\/radio-despertador-c-efeito-amanhecer\/#primaryimage"},"thumbnailUrl":"https:\/\/curiosidadesedicas.com\/loja\/wp-content\/uploads\/2020\/05\/despertador-amanhecer-recarregavel-com-alta-voz-slockar-innovagoods_381683.jpg","datePublished":"2020-05-22T09:34:54+00:00","dateModified":"2025-06-25T13:41:51+00:00","breadcrumb":{"@id":"https:\/\/curiosidadesedicas.com\/loja\/produto\/radio-despertador-c-efeito-amanhecer\/#breadcrumb"},"inLanguage":"en-US","potentialAction":[{"@type":"ReadAction","target":["https:\/\/curiosidadesedicas.com\/loja\/produto\/radio-despertador-c-efeito-amanhecer\/"]}]},{"@type":"ImageObject","inLanguage":"en-US","@id":"https:\/\/curiosidadesedicas.com\/loja\/produto\/radio-despertador-c-efeito-amanhecer\/#primaryimage","url":"https:\/\/curiosidadesedicas.com\/loja\/wp-content\/uploads\/2020\/05\/despertador-amanhecer-recarregavel-com-alta-voz-slockar-innovagoods_381683.jpg","contentUrl":"https:\/\/curiosidadesedicas.com\/loja\/wp-content\/uploads\/2020\/05\/despertador-amanhecer-recarregavel-com-alta-voz-slockar-innovagoods_381683.jpg","width":600,"height":600},{"@type":"BreadcrumbList","@id":"https:\/\/curiosidadesedicas.com\/loja\/produto\/radio-despertador-c-efeito-amanhecer\/#breadcrumb","itemListElement":[{"@type":"ListItem","position":1,"name":"In\u00edcio","item":"https:\/\/curiosidadesedicas.com\/loja\/"},{"@type":"ListItem","position":2,"name":"Produtos","item":"https:\/\/curiosidadesedicas.com\/loja\/produtos\/"},{"@type":"ListItem","position":3,"name":"R\u00c1DIO DESPERTADOR C\/ EFEITO AMANHECER"}]},{"@type":"WebSite","@id":"https:\/\/curiosidadesedicas.com\/loja\/#website","url":"https:\/\/curiosidadesedicas.com\/loja\/","name":"Curiosidades &amp; Dicas, Lda","description":"Apaixonados Por Inova\u00e7\u00e3o","publisher":{"@id":"https:\/\/curiosidadesedicas.com\/loja\/#organization"},"potentialAction":[{"@type":"SearchAction","target":{"@type":"EntryPoint","urlTemplate":"https:\/\/curiosidadesedicas.com\/loja\/?s={search_term_string}"},"query-input":{"@type":"PropertyValueSpecification","valueRequired":true,"valueName":"search_term_string"}}],"inLanguage":"en-US"},{"@type":"Organization","@id":"https:\/\/curiosidadesedicas.com\/loja\/#organization","name":"Curiosidades & Dicas","url":"https:\/\/curiosidadesedicas.com\/loja\/","logo":{"@type":"ImageObject","inLanguage":"en-US","@id":"https:\/\/curiosidadesedicas.com\/loja\/#\/schema\/logo\/image\/","url":"https:\/\/curiosidadesedicas.com\/loja\/wp-content\/uploads\/2020\/05\/LogoCuriosidadesSimples.png","contentUrl":"https:\/\/curiosidadesedicas.com\/loja\/wp-content\/uploads\/2020\/05\/LogoCuriosidadesSimples.png","width":3528,"height":804,"caption":"Curiosidades & Dicas"},"image":{"@id":"https:\/\/curiosidadesedicas.com\/loja\/#\/schema\/logo\/image\/"}}]}},"_links":{"self":[{"href":"https:\/\/curiosidadesedicas.com\/loja\/en\/wp-json\/wp\/v2\/product\/12504","targetHints":{"allow":["GET"]}}],"collection":[{"href":"https:\/\/curiosidadesedicas.com\/loja\/en\/wp-json\/wp\/v2\/product"}],"about":[{"href":"https:\/\/curiosidadesedicas.com\/loja\/en\/wp-json\/wp\/v2\/types\/product"}],"replies":[{"embeddable":true,"href":"https:\/\/curiosidadesedicas.com\/loja\/en\/wp-json\/wp\/v2\/comments?post=12504"}],"wp:featuredmedia":[{"embeddable":true,"href":"https:\/\/curiosidadesedicas.com\/loja\/en\/wp-json\/wp\/v2\/media\/27812"}],"wp:attachment":[{"href":"https:\/\/curiosidadesedicas.com\/loja\/en\/wp-json\/wp\/v2\/media?parent=12504"}],"wp:term":[{"taxonomy":"product_brand","embeddable":true,"href":"https:\/\/curiosidadesedicas.com\/loja\/en\/wp-json\/wp\/v2\/product_brand?post=12504"},{"taxonomy":"product_cat","embeddable":true,"href":"https:\/\/curiosidadesedicas.com\/loja\/en\/wp-json\/wp\/v2\/product_cat?post=12504"},{"taxonomy":"product_tag","embeddable":true,"href":"https:\/\/curiosidadesedicas.com\/loja\/en\/wp-json\/wp\/v2\/product_tag?post=12504"}],"curies":[{"name":"wp","href":"https:\/\/api.w.org\/{rel}","templated":true}]}}