{"id":12409,"date":"2020-05-21T09:45:27","date_gmt":"2020-05-21T09:45:27","guid":{"rendered":"https:\/\/curiosidadesedicas.com\/loja\/?post_type=product&#038;p=12409"},"modified":"2025-05-30T10:36:11","modified_gmt":"2025-05-30T10:36:11","slug":"mini-temporizador-mecanico-24h","status":"publish","type":"product","link":"https:\/\/curiosidadesedicas.com\/loja\/en\/product\/mini-temporizador-mecanico-24h\/","title":{"rendered":"MINI-TEMPORIZADOR MEC\u00c1NICO 24H"},"content":{"rendered":"<p class=\"small_desc\">Al\u00e9m de proporcionar mais conforto, por controlar o liga\/desliga dos aparelhos electr\u00f3nicos, os temporizadores s\u00e3o uma \u00f3tima ferramenta para quem busca economia, j\u00e1 que o circuito programado ir\u00e1 entrar em funcionamento apenas quando for necess\u00e1rio, sendo automaticamente desligado, de acordo com o ajuste feito no aparelho.<\/p>","protected":false},"excerpt":{"rendered":"<div id=\"shop-desc\" class=\"tab-pane active\">\n<div class=\"product-description\">\n<p>Temporizadores s\u00e3o ideais para quem precisa programar equipamentos eletr\u00f4nicos para ligar ou desligar, tais como: ilumina\u00e7\u00e3o, aparelhos de som, TVs, l\u00e2mpadas, vitrines, ventiladores, ar condicionado, dentre outros. Em outras palavras, um temporizador \u00e9 um dispositivo capaz de medir o tempo, que pode ser usado para controlar um evento ou processo.<\/p>\n<p>Funciona como um sistema que, preestabelecido por uma configura\u00e7\u00e3o pr\u00e9via, ir\u00e1 ligar ou desligar um circuito de energia. Muito utilizado para configurar hor\u00e1rios de irriga\u00e7\u00e3o de jardins, controlar o funcionamento de lumin\u00e1rias, vitrines, espa\u00e7os de lazer, centrais de aquecimento ou refrigera\u00e7\u00e3o, sistemas para piscinas e infinitas outras utilidades: sua necessidade \u00e9 o limite.<\/p>\n<ul>\n<li>F\u00e1cil instala\u00e7\u00e3o<\/li>\n<li>Para ligar\/desligar aparelhos el\u00e9tricos<\/li>\n<li>Tempo program\u00e1vel por 30 minutos<\/li>\n<li>48 programas poss\u00edveis em 24 horas<\/li>\n<li>Conex\u00e3o manual<\/li>\n<li>Alimenta\u00e7\u00e3o: 230 VAC 50 Hz<\/li>\n<li>Pot\u00eancia m\u00e1x.: 3680 W \/ 16 A<\/li>\n<li>Dimens\u00f5es: 106 x 58 x 68 mm<\/li>\n<li>Peso: 100g<\/li>\n<\/ul>\n<p>https:\/\/youtu.be\/P5xCUrUnRY0?list=PLOzL7coFjl9jsa2UIk9TdMdoulUquxemH<\/p>\n<\/div>\n<\/div>","protected":false},"featured_media":12410,"comment_status":"open","ping_status":"closed","template":"","meta":{"_glsr_average":0,"_glsr_ranking":0,"_glsr_reviews":0},"product_brand":[],"product_cat":[390],"product_tag":[],"class_list":{"0":"post-12409","1":"product","2":"type-product","3":"status-publish","4":"has-post-thumbnail","6":"product_cat-poupanca-de-energia","8":"first","9":"instock","10":"taxable","11":"shipping-taxable","12":"purchasable","13":"product-type-simple"},"yoast_head":"<!-- This site is optimized with the Yoast SEO plugin v26.8 - https:\/\/yoast.com\/product\/yoast-seo-wordpress\/ -->\n<title>MINI-TEMPORIZADOR MEC\u00c1NICO 24H - Curiosidades &amp; Dicas, Lda<\/title>\n<meta name=\"robots\" content=\"index, follow, max-snippet:-1, max-image-preview:large, max-video-preview:-1\" \/>\n<link rel=\"canonical\" href=\"https:\/\/curiosidadesedicas.com\/loja\/en\/product\/mini-temporizador-mecanico-24h\/\" \/>\n<meta property=\"og:locale\" content=\"en_US\" \/>\n<meta property=\"og:type\" content=\"article\" \/>\n<meta property=\"og:title\" content=\"MINI-TEMPORIZADOR MEC\u00c1NICO 24H - Curiosidades &amp; Dicas, Lda\" \/>\n<meta property=\"og:description\" content=\"Temporizadores s\u00e3o ideais para quem precisa programar equipamentos eletr\u00f4nicos para ligar ou desligar, tais como: ilumina\u00e7\u00e3o, aparelhos de som, TVs, l\u00e2mpadas, vitrines, ventiladores, ar condicionado, dentre outros. Em outras palavras, um temporizador \u00e9 um dispositivo capaz de medir o tempo, que pode ser usado para controlar um evento ou processo.  Funciona como um sistema que, preestabelecido por uma configura\u00e7\u00e3o pr\u00e9via, ir\u00e1 ligar ou desligar um circuito de energia. Muito utilizado para configurar hor\u00e1rios de irriga\u00e7\u00e3o de jardins, controlar o funcionamento de lumin\u00e1rias, vitrines, espa\u00e7os de lazer, centrais de aquecimento ou refrigera\u00e7\u00e3o, sistemas para piscinas e infinitas outras utilidades: sua necessidade \u00e9 o limite.   F\u00e1cil instala\u00e7\u00e3o  Para ligar\/desligar aparelhos el\u00e9tricos  Tempo program\u00e1vel por 30 minutos  48 programas poss\u00edveis em 24 horas  Conex\u00e3o manual  Alimenta\u00e7\u00e3o: 230 VAC 50 Hz  Pot\u00eancia m\u00e1x.: 3680 W \/ 16 A  Dimens\u00f5es: 106 x 58 x 68 mm  Peso: 100g  https:\/\/youtu.be\/P5xCUrUnRY0?list=PLOzL7coFjl9jsa2UIk9TdMdoulUquxemH\" \/>\n<meta property=\"og:url\" content=\"https:\/\/curiosidadesedicas.com\/loja\/en\/product\/mini-temporizador-mecanico-24h\/\" \/>\n<meta property=\"og:site_name\" content=\"Curiosidades &amp; Dicas, Lda\" \/>\n<meta property=\"article:modified_time\" content=\"2025-05-30T10:36:11+00:00\" \/>\n<meta property=\"og:image\" content=\"https:\/\/curiosidadesedicas.com\/loja\/wp-content\/uploads\/2020\/05\/aigostar-programador-temporizador-24h.jpg\" \/>\n\t<meta property=\"og:image:width\" content=\"450\" \/>\n\t<meta property=\"og:image:height\" content=\"450\" \/>\n\t<meta property=\"og:image:type\" content=\"image\/jpeg\" \/>\n<meta name=\"twitter:card\" content=\"summary_large_image\" \/>\n<meta name=\"twitter:label1\" content=\"Est. reading time\" \/>\n\t<meta name=\"twitter:data1\" content=\"1 minute\" \/>\n<script type=\"application\/ld+json\" class=\"yoast-schema-graph\">{\"@context\":\"https:\/\/schema.org\",\"@graph\":[{\"@type\":\"WebPage\",\"@id\":\"https:\/\/curiosidadesedicas.com\/loja\/produto\/mini-temporizador-mecanico-24h\/\",\"url\":\"https:\/\/curiosidadesedicas.com\/loja\/produto\/mini-temporizador-mecanico-24h\/\",\"name\":\"MINI-TEMPORIZADOR MEC\u00c1NICO 24H - Curiosidades &amp; Dicas, Lda\",\"isPartOf\":{\"@id\":\"https:\/\/curiosidadesedicas.com\/loja\/#website\"},\"primaryImageOfPage\":{\"@id\":\"https:\/\/curiosidadesedicas.com\/loja\/produto\/mini-temporizador-mecanico-24h\/#primaryimage\"},\"image\":{\"@id\":\"https:\/\/curiosidadesedicas.com\/loja\/produto\/mini-temporizador-mecanico-24h\/#primaryimage\"},\"thumbnailUrl\":\"https:\/\/curiosidadesedicas.com\/loja\/wp-content\/uploads\/2020\/05\/aigostar-programador-temporizador-24h.jpg\",\"datePublished\":\"2020-05-21T09:45:27+00:00\",\"dateModified\":\"2025-05-30T10:36:11+00:00\",\"breadcrumb\":{\"@id\":\"https:\/\/curiosidadesedicas.com\/loja\/produto\/mini-temporizador-mecanico-24h\/#breadcrumb\"},\"inLanguage\":\"en-US\",\"potentialAction\":[{\"@type\":\"ReadAction\",\"target\":[\"https:\/\/curiosidadesedicas.com\/loja\/produto\/mini-temporizador-mecanico-24h\/\"]}]},{\"@type\":\"ImageObject\",\"inLanguage\":\"en-US\",\"@id\":\"https:\/\/curiosidadesedicas.com\/loja\/produto\/mini-temporizador-mecanico-24h\/#primaryimage\",\"url\":\"https:\/\/curiosidadesedicas.com\/loja\/wp-content\/uploads\/2020\/05\/aigostar-programador-temporizador-24h.jpg\",\"contentUrl\":\"https:\/\/curiosidadesedicas.com\/loja\/wp-content\/uploads\/2020\/05\/aigostar-programador-temporizador-24h.jpg\",\"width\":450,\"height\":450},{\"@type\":\"BreadcrumbList\",\"@id\":\"https:\/\/curiosidadesedicas.com\/loja\/produto\/mini-temporizador-mecanico-24h\/#breadcrumb\",\"itemListElement\":[{\"@type\":\"ListItem\",\"position\":1,\"name\":\"In\u00edcio\",\"item\":\"https:\/\/curiosidadesedicas.com\/loja\/\"},{\"@type\":\"ListItem\",\"position\":2,\"name\":\"Produtos\",\"item\":\"https:\/\/curiosidadesedicas.com\/loja\/produtos\/\"},{\"@type\":\"ListItem\",\"position\":3,\"name\":\"MINI-TEMPORIZADOR MEC\u00c1NICO 24H\"}]},{\"@type\":\"WebSite\",\"@id\":\"https:\/\/curiosidadesedicas.com\/loja\/#website\",\"url\":\"https:\/\/curiosidadesedicas.com\/loja\/\",\"name\":\"Curiosidades &amp; Dicas, Lda\",\"description\":\"Apaixonados Por Inova\u00e7\u00e3o\",\"publisher\":{\"@id\":\"https:\/\/curiosidadesedicas.com\/loja\/#organization\"},\"potentialAction\":[{\"@type\":\"SearchAction\",\"target\":{\"@type\":\"EntryPoint\",\"urlTemplate\":\"https:\/\/curiosidadesedicas.com\/loja\/?s={search_term_string}\"},\"query-input\":{\"@type\":\"PropertyValueSpecification\",\"valueRequired\":true,\"valueName\":\"search_term_string\"}}],\"inLanguage\":\"en-US\"},{\"@type\":\"Organization\",\"@id\":\"https:\/\/curiosidadesedicas.com\/loja\/#organization\",\"name\":\"Curiosidades & Dicas\",\"url\":\"https:\/\/curiosidadesedicas.com\/loja\/\",\"logo\":{\"@type\":\"ImageObject\",\"inLanguage\":\"en-US\",\"@id\":\"https:\/\/curiosidadesedicas.com\/loja\/#\/schema\/logo\/image\/\",\"url\":\"https:\/\/curiosidadesedicas.com\/loja\/wp-content\/uploads\/2020\/05\/LogoCuriosidadesSimples.png\",\"contentUrl\":\"https:\/\/curiosidadesedicas.com\/loja\/wp-content\/uploads\/2020\/05\/LogoCuriosidadesSimples.png\",\"width\":3528,\"height\":804,\"caption\":\"Curiosidades & Dicas\"},\"image\":{\"@id\":\"https:\/\/curiosidadesedicas.com\/loja\/#\/schema\/logo\/image\/\"}}]}<\/script>\n<!-- \/ Yoast SEO plugin. -->","yoast_head_json":{"title":"MINI-TEMPORIZADOR MEC\u00c1NICO 24H - Curiosidades &amp; Dicas, Lda","robots":{"index":"index","follow":"follow","max-snippet":"max-snippet:-1","max-image-preview":"max-image-preview:large","max-video-preview":"max-video-preview:-1"},"canonical":"https:\/\/curiosidadesedicas.com\/loja\/en\/product\/mini-temporizador-mecanico-24h\/","og_locale":"en_US","og_type":"article","og_title":"MINI-TEMPORIZADOR MEC\u00c1NICO 24H - Curiosidades &amp; Dicas, Lda","og_description":"Temporizadores s\u00e3o ideais para quem precisa programar equipamentos eletr\u00f4nicos para ligar ou desligar, tais como: ilumina\u00e7\u00e3o, aparelhos de som, TVs, l\u00e2mpadas, vitrines, ventiladores, ar condicionado, dentre outros. Em outras palavras, um temporizador \u00e9 um dispositivo capaz de medir o tempo, que pode ser usado para controlar um evento ou processo.  Funciona como um sistema que, preestabelecido por uma configura\u00e7\u00e3o pr\u00e9via, ir\u00e1 ligar ou desligar um circuito de energia. Muito utilizado para configurar hor\u00e1rios de irriga\u00e7\u00e3o de jardins, controlar o funcionamento de lumin\u00e1rias, vitrines, espa\u00e7os de lazer, centrais de aquecimento ou refrigera\u00e7\u00e3o, sistemas para piscinas e infinitas outras utilidades: sua necessidade \u00e9 o limite.   F\u00e1cil instala\u00e7\u00e3o  Para ligar\/desligar aparelhos el\u00e9tricos  Tempo program\u00e1vel por 30 minutos  48 programas poss\u00edveis em 24 horas  Conex\u00e3o manual  Alimenta\u00e7\u00e3o: 230 VAC 50 Hz  Pot\u00eancia m\u00e1x.: 3680 W \/ 16 A  Dimens\u00f5es: 106 x 58 x 68 mm  Peso: 100g  https:\/\/youtu.be\/P5xCUrUnRY0?list=PLOzL7coFjl9jsa2UIk9TdMdoulUquxemH","og_url":"https:\/\/curiosidadesedicas.com\/loja\/en\/product\/mini-temporizador-mecanico-24h\/","og_site_name":"Curiosidades &amp; Dicas, Lda","article_modified_time":"2025-05-30T10:36:11+00:00","og_image":[{"width":450,"height":450,"url":"https:\/\/curiosidadesedicas.com\/loja\/wp-content\/uploads\/2020\/05\/aigostar-programador-temporizador-24h.jpg","type":"image\/jpeg"}],"twitter_card":"summary_large_image","twitter_misc":{"Est. reading time":"1 minute"},"schema":{"@context":"https:\/\/schema.org","@graph":[{"@type":"WebPage","@id":"https:\/\/curiosidadesedicas.com\/loja\/produto\/mini-temporizador-mecanico-24h\/","url":"https:\/\/curiosidadesedicas.com\/loja\/produto\/mini-temporizador-mecanico-24h\/","name":"MINI-TEMPORIZADOR MEC\u00c1NICO 24H - Curiosidades &amp; Dicas, Lda","isPartOf":{"@id":"https:\/\/curiosidadesedicas.com\/loja\/#website"},"primaryImageOfPage":{"@id":"https:\/\/curiosidadesedicas.com\/loja\/produto\/mini-temporizador-mecanico-24h\/#primaryimage"},"image":{"@id":"https:\/\/curiosidadesedicas.com\/loja\/produto\/mini-temporizador-mecanico-24h\/#primaryimage"},"thumbnailUrl":"https:\/\/curiosidadesedicas.com\/loja\/wp-content\/uploads\/2020\/05\/aigostar-programador-temporizador-24h.jpg","datePublished":"2020-05-21T09:45:27+00:00","dateModified":"2025-05-30T10:36:11+00:00","breadcrumb":{"@id":"https:\/\/curiosidadesedicas.com\/loja\/produto\/mini-temporizador-mecanico-24h\/#breadcrumb"},"inLanguage":"en-US","potentialAction":[{"@type":"ReadAction","target":["https:\/\/curiosidadesedicas.com\/loja\/produto\/mini-temporizador-mecanico-24h\/"]}]},{"@type":"ImageObject","inLanguage":"en-US","@id":"https:\/\/curiosidadesedicas.com\/loja\/produto\/mini-temporizador-mecanico-24h\/#primaryimage","url":"https:\/\/curiosidadesedicas.com\/loja\/wp-content\/uploads\/2020\/05\/aigostar-programador-temporizador-24h.jpg","contentUrl":"https:\/\/curiosidadesedicas.com\/loja\/wp-content\/uploads\/2020\/05\/aigostar-programador-temporizador-24h.jpg","width":450,"height":450},{"@type":"BreadcrumbList","@id":"https:\/\/curiosidadesedicas.com\/loja\/produto\/mini-temporizador-mecanico-24h\/#breadcrumb","itemListElement":[{"@type":"ListItem","position":1,"name":"In\u00edcio","item":"https:\/\/curiosidadesedicas.com\/loja\/"},{"@type":"ListItem","position":2,"name":"Produtos","item":"https:\/\/curiosidadesedicas.com\/loja\/produtos\/"},{"@type":"ListItem","position":3,"name":"MINI-TEMPORIZADOR MEC\u00c1NICO 24H"}]},{"@type":"WebSite","@id":"https:\/\/curiosidadesedicas.com\/loja\/#website","url":"https:\/\/curiosidadesedicas.com\/loja\/","name":"Curiosidades &amp; Dicas, Lda","description":"Apaixonados Por Inova\u00e7\u00e3o","publisher":{"@id":"https:\/\/curiosidadesedicas.com\/loja\/#organization"},"potentialAction":[{"@type":"SearchAction","target":{"@type":"EntryPoint","urlTemplate":"https:\/\/curiosidadesedicas.com\/loja\/?s={search_term_string}"},"query-input":{"@type":"PropertyValueSpecification","valueRequired":true,"valueName":"search_term_string"}}],"inLanguage":"en-US"},{"@type":"Organization","@id":"https:\/\/curiosidadesedicas.com\/loja\/#organization","name":"Curiosidades & Dicas","url":"https:\/\/curiosidadesedicas.com\/loja\/","logo":{"@type":"ImageObject","inLanguage":"en-US","@id":"https:\/\/curiosidadesedicas.com\/loja\/#\/schema\/logo\/image\/","url":"https:\/\/curiosidadesedicas.com\/loja\/wp-content\/uploads\/2020\/05\/LogoCuriosidadesSimples.png","contentUrl":"https:\/\/curiosidadesedicas.com\/loja\/wp-content\/uploads\/2020\/05\/LogoCuriosidadesSimples.png","width":3528,"height":804,"caption":"Curiosidades & Dicas"},"image":{"@id":"https:\/\/curiosidadesedicas.com\/loja\/#\/schema\/logo\/image\/"}}]}},"_links":{"self":[{"href":"https:\/\/curiosidadesedicas.com\/loja\/en\/wp-json\/wp\/v2\/product\/12409","targetHints":{"allow":["GET"]}}],"collection":[{"href":"https:\/\/curiosidadesedicas.com\/loja\/en\/wp-json\/wp\/v2\/product"}],"about":[{"href":"https:\/\/curiosidadesedicas.com\/loja\/en\/wp-json\/wp\/v2\/types\/product"}],"replies":[{"embeddable":true,"href":"https:\/\/curiosidadesedicas.com\/loja\/en\/wp-json\/wp\/v2\/comments?post=12409"}],"wp:featuredmedia":[{"embeddable":true,"href":"https:\/\/curiosidadesedicas.com\/loja\/en\/wp-json\/wp\/v2\/media\/12410"}],"wp:attachment":[{"href":"https:\/\/curiosidadesedicas.com\/loja\/en\/wp-json\/wp\/v2\/media?parent=12409"}],"wp:term":[{"taxonomy":"product_brand","embeddable":true,"href":"https:\/\/curiosidadesedicas.com\/loja\/en\/wp-json\/wp\/v2\/product_brand?post=12409"},{"taxonomy":"product_cat","embeddable":true,"href":"https:\/\/curiosidadesedicas.com\/loja\/en\/wp-json\/wp\/v2\/product_cat?post=12409"},{"taxonomy":"product_tag","embeddable":true,"href":"https:\/\/curiosidadesedicas.com\/loja\/en\/wp-json\/wp\/v2\/product_tag?post=12409"}],"curies":[{"name":"wp","href":"https:\/\/api.w.org\/{rel}","templated":true}]}}