{"id":12315,"date":"2020-05-19T11:49:59","date_gmt":"2020-05-19T11:49:59","guid":{"rendered":"https:\/\/curiosidadesedicas.com\/loja\/?post_type=product&#038;p=12315"},"modified":"2025-03-10T16:20:28","modified_gmt":"2025-03-10T16:20:28","slug":"almofada-viscoelastica","status":"publish","type":"product","link":"https:\/\/curiosidadesedicas.com\/loja\/en\/product\/almofada-viscoelastica\/","title":{"rendered":"ALMOFADA VISCOEL\u00c1STICA"},"content":{"rendered":"<p>Alivia a press\u00e3o sangu\u00ednea, alivia as dores de cabe\u00e7a, regula a temperatura do cr\u00e2nio, melhora a oxigena\u00e7\u00e3o sangu\u00ednea no cr\u00e2nio, elimina a transpira\u00e7\u00e3o e odores, 100% higi\u00e9nica e alivia a press\u00e3o e tens\u00e3o muscular no pesco\u00e7o.<\/p>\n<ul>\n<li>Adapta-se \u00e0 forma do corpo e proporciona uma agrad\u00e1vel sensa\u00e7\u00e3o de flutuar<\/li>\n<li>Reduz a tens\u00e3o e reparte os pontos de press\u00e3o no corpo de uma forma equilibrada<\/li>\n<li>Assegura um \u00f3timo suporte anat\u00f3mico em qualquer postura<\/li>\n<li>Melhora a circula\u00e7\u00e3o sangu\u00ednea e reduz os problemas de cervical, nas costas<\/li>\n<li>Proporciona um descanso reparador<\/li>\n<\/ul>","protected":false},"excerpt":{"rendered":"<p><strong>Confira todas as vantagens da almofada viscoel\u00e1stica:<\/strong><\/p>\n<ul>\n<li>Produto natural e ecol\u00f3gico<\/li>\n<li>Qualidades terap\u00eauticas<\/li>\n<li>Confort\u00e1vel e ergon\u00f3mica<\/li>\n<li>Autoventilada<\/li>\n<li>Silenciosa<\/li>\n<li>Indeform\u00e1vel<\/li>\n<li>Anti-al\u00e9rgica<\/li>\n<li>Higi\u00e9nica<\/li>\n<li>At\u00e9rmica<\/li>\n<li>Dimens\u00f5es: 0,60 x 0,45cm<\/li>\n<li>Dispon\u00edvel nas alturas m\u00e9dia-baixa e m\u00e9dia-alta<\/li>\n<\/ul>\n<p>https:\/\/youtu.be\/oo7UWmLZ2ko<\/p>","protected":false},"featured_media":13687,"comment_status":"open","ping_status":"closed","template":"","meta":{"_glsr_average":0,"_glsr_ranking":0,"_glsr_reviews":0},"product_brand":[],"product_cat":[357,363],"product_tag":[],"class_list":{"0":"post-12315","1":"product","2":"type-product","3":"status-publish","4":"has-post-thumbnail","6":"product_cat-bem-estar","7":"product_cat-almofadas","9":"first","10":"instock","11":"taxable","12":"shipping-taxable","13":"purchasable","14":"product-type-variable"},"yoast_head":"<!-- This site is optimized with the Yoast SEO plugin v26.8 - https:\/\/yoast.com\/product\/yoast-seo-wordpress\/ -->\n<title>ALMOFADA VISCOEL\u00c1STICA - Curiosidades &amp; Dicas, Lda<\/title>\n<meta name=\"robots\" content=\"index, follow, max-snippet:-1, max-image-preview:large, max-video-preview:-1\" \/>\n<link rel=\"canonical\" href=\"https:\/\/curiosidadesedicas.com\/loja\/en\/product\/almofada-viscoelastica\/\" \/>\n<meta property=\"og:locale\" content=\"en_US\" \/>\n<meta property=\"og:type\" content=\"article\" \/>\n<meta property=\"og:title\" content=\"ALMOFADA VISCOEL\u00c1STICA - Curiosidades &amp; Dicas, Lda\" \/>\n<meta property=\"og:description\" content=\"Confira todas as vantagens da almofada viscoel\u00e1stica:   Produto natural e ecol\u00f3gico  Qualidades terap\u00eauticas  Confort\u00e1vel e ergon\u00f3mica  Autoventilada  Silenciosa  Indeform\u00e1vel  Anti-al\u00e9rgica  Higi\u00e9nica  At\u00e9rmica  Dimens\u00f5es: 0,60 x 0,45cm  Dispon\u00edvel nas alturas m\u00e9dia-baixa e m\u00e9dia-alta  https:\/\/youtu.be\/oo7UWmLZ2ko\" \/>\n<meta property=\"og:url\" content=\"https:\/\/curiosidadesedicas.com\/loja\/en\/product\/almofada-viscoelastica\/\" \/>\n<meta property=\"og:site_name\" content=\"Curiosidades &amp; Dicas, Lda\" \/>\n<meta property=\"article:modified_time\" content=\"2025-03-10T16:20:28+00:00\" \/>\n<meta property=\"og:image\" content=\"https:\/\/curiosidadesedicas.com\/loja\/wp-content\/uploads\/2020\/06\/alm5.png\" \/>\n\t<meta property=\"og:image:width\" content=\"900\" \/>\n\t<meta property=\"og:image:height\" content=\"765\" \/>\n\t<meta property=\"og:image:type\" content=\"image\/png\" \/>\n<meta name=\"twitter:card\" content=\"summary_large_image\" \/>\n<meta name=\"twitter:label1\" content=\"Est. reading time\" \/>\n\t<meta name=\"twitter:data1\" content=\"1 minute\" \/>\n<script type=\"application\/ld+json\" class=\"yoast-schema-graph\">{\"@context\":\"https:\/\/schema.org\",\"@graph\":[{\"@type\":\"WebPage\",\"@id\":\"https:\/\/curiosidadesedicas.com\/loja\/produto\/almofada-viscoelastica\/\",\"url\":\"https:\/\/curiosidadesedicas.com\/loja\/produto\/almofada-viscoelastica\/\",\"name\":\"ALMOFADA VISCOEL\u00c1STICA - Curiosidades &amp; Dicas, Lda\",\"isPartOf\":{\"@id\":\"https:\/\/curiosidadesedicas.com\/loja\/#website\"},\"primaryImageOfPage\":{\"@id\":\"https:\/\/curiosidadesedicas.com\/loja\/produto\/almofada-viscoelastica\/#primaryimage\"},\"image\":{\"@id\":\"https:\/\/curiosidadesedicas.com\/loja\/produto\/almofada-viscoelastica\/#primaryimage\"},\"thumbnailUrl\":\"https:\/\/curiosidadesedicas.com\/loja\/wp-content\/uploads\/2020\/06\/alm5.png\",\"datePublished\":\"2020-05-19T11:49:59+00:00\",\"dateModified\":\"2025-03-10T16:20:28+00:00\",\"breadcrumb\":{\"@id\":\"https:\/\/curiosidadesedicas.com\/loja\/produto\/almofada-viscoelastica\/#breadcrumb\"},\"inLanguage\":\"en-US\",\"potentialAction\":[{\"@type\":\"ReadAction\",\"target\":[\"https:\/\/curiosidadesedicas.com\/loja\/produto\/almofada-viscoelastica\/\"]}]},{\"@type\":\"ImageObject\",\"inLanguage\":\"en-US\",\"@id\":\"https:\/\/curiosidadesedicas.com\/loja\/produto\/almofada-viscoelastica\/#primaryimage\",\"url\":\"https:\/\/curiosidadesedicas.com\/loja\/wp-content\/uploads\/2020\/06\/alm5.png\",\"contentUrl\":\"https:\/\/curiosidadesedicas.com\/loja\/wp-content\/uploads\/2020\/06\/alm5.png\",\"width\":900,\"height\":765},{\"@type\":\"BreadcrumbList\",\"@id\":\"https:\/\/curiosidadesedicas.com\/loja\/produto\/almofada-viscoelastica\/#breadcrumb\",\"itemListElement\":[{\"@type\":\"ListItem\",\"position\":1,\"name\":\"In\u00edcio\",\"item\":\"https:\/\/curiosidadesedicas.com\/loja\/\"},{\"@type\":\"ListItem\",\"position\":2,\"name\":\"Produtos\",\"item\":\"https:\/\/curiosidadesedicas.com\/loja\/produtos\/\"},{\"@type\":\"ListItem\",\"position\":3,\"name\":\"ALMOFADA VISCOEL\u00c1STICA\"}]},{\"@type\":\"WebSite\",\"@id\":\"https:\/\/curiosidadesedicas.com\/loja\/#website\",\"url\":\"https:\/\/curiosidadesedicas.com\/loja\/\",\"name\":\"Curiosidades &amp; Dicas, Lda\",\"description\":\"Apaixonados Por Inova\u00e7\u00e3o\",\"publisher\":{\"@id\":\"https:\/\/curiosidadesedicas.com\/loja\/#organization\"},\"potentialAction\":[{\"@type\":\"SearchAction\",\"target\":{\"@type\":\"EntryPoint\",\"urlTemplate\":\"https:\/\/curiosidadesedicas.com\/loja\/?s={search_term_string}\"},\"query-input\":{\"@type\":\"PropertyValueSpecification\",\"valueRequired\":true,\"valueName\":\"search_term_string\"}}],\"inLanguage\":\"en-US\"},{\"@type\":\"Organization\",\"@id\":\"https:\/\/curiosidadesedicas.com\/loja\/#organization\",\"name\":\"Curiosidades & Dicas\",\"url\":\"https:\/\/curiosidadesedicas.com\/loja\/\",\"logo\":{\"@type\":\"ImageObject\",\"inLanguage\":\"en-US\",\"@id\":\"https:\/\/curiosidadesedicas.com\/loja\/#\/schema\/logo\/image\/\",\"url\":\"https:\/\/curiosidadesedicas.com\/loja\/wp-content\/uploads\/2020\/05\/LogoCuriosidadesSimples.png\",\"contentUrl\":\"https:\/\/curiosidadesedicas.com\/loja\/wp-content\/uploads\/2020\/05\/LogoCuriosidadesSimples.png\",\"width\":3528,\"height\":804,\"caption\":\"Curiosidades & Dicas\"},\"image\":{\"@id\":\"https:\/\/curiosidadesedicas.com\/loja\/#\/schema\/logo\/image\/\"}}]}<\/script>\n<!-- \/ Yoast SEO plugin. -->","yoast_head_json":{"title":"ALMOFADA VISCOEL\u00c1STICA - Curiosidades &amp; Dicas, Lda","robots":{"index":"index","follow":"follow","max-snippet":"max-snippet:-1","max-image-preview":"max-image-preview:large","max-video-preview":"max-video-preview:-1"},"canonical":"https:\/\/curiosidadesedicas.com\/loja\/en\/product\/almofada-viscoelastica\/","og_locale":"en_US","og_type":"article","og_title":"ALMOFADA VISCOEL\u00c1STICA - Curiosidades &amp; Dicas, Lda","og_description":"Confira todas as vantagens da almofada viscoel\u00e1stica:   Produto natural e ecol\u00f3gico  Qualidades terap\u00eauticas  Confort\u00e1vel e ergon\u00f3mica  Autoventilada  Silenciosa  Indeform\u00e1vel  Anti-al\u00e9rgica  Higi\u00e9nica  At\u00e9rmica  Dimens\u00f5es: 0,60 x 0,45cm  Dispon\u00edvel nas alturas m\u00e9dia-baixa e m\u00e9dia-alta  https:\/\/youtu.be\/oo7UWmLZ2ko","og_url":"https:\/\/curiosidadesedicas.com\/loja\/en\/product\/almofada-viscoelastica\/","og_site_name":"Curiosidades &amp; Dicas, Lda","article_modified_time":"2025-03-10T16:20:28+00:00","og_image":[{"width":900,"height":765,"url":"https:\/\/curiosidadesedicas.com\/loja\/wp-content\/uploads\/2020\/06\/alm5.png","type":"image\/png"}],"twitter_card":"summary_large_image","twitter_misc":{"Est. reading time":"1 minute"},"schema":{"@context":"https:\/\/schema.org","@graph":[{"@type":"WebPage","@id":"https:\/\/curiosidadesedicas.com\/loja\/produto\/almofada-viscoelastica\/","url":"https:\/\/curiosidadesedicas.com\/loja\/produto\/almofada-viscoelastica\/","name":"ALMOFADA VISCOEL\u00c1STICA - Curiosidades &amp; Dicas, Lda","isPartOf":{"@id":"https:\/\/curiosidadesedicas.com\/loja\/#website"},"primaryImageOfPage":{"@id":"https:\/\/curiosidadesedicas.com\/loja\/produto\/almofada-viscoelastica\/#primaryimage"},"image":{"@id":"https:\/\/curiosidadesedicas.com\/loja\/produto\/almofada-viscoelastica\/#primaryimage"},"thumbnailUrl":"https:\/\/curiosidadesedicas.com\/loja\/wp-content\/uploads\/2020\/06\/alm5.png","datePublished":"2020-05-19T11:49:59+00:00","dateModified":"2025-03-10T16:20:28+00:00","breadcrumb":{"@id":"https:\/\/curiosidadesedicas.com\/loja\/produto\/almofada-viscoelastica\/#breadcrumb"},"inLanguage":"en-US","potentialAction":[{"@type":"ReadAction","target":["https:\/\/curiosidadesedicas.com\/loja\/produto\/almofada-viscoelastica\/"]}]},{"@type":"ImageObject","inLanguage":"en-US","@id":"https:\/\/curiosidadesedicas.com\/loja\/produto\/almofada-viscoelastica\/#primaryimage","url":"https:\/\/curiosidadesedicas.com\/loja\/wp-content\/uploads\/2020\/06\/alm5.png","contentUrl":"https:\/\/curiosidadesedicas.com\/loja\/wp-content\/uploads\/2020\/06\/alm5.png","width":900,"height":765},{"@type":"BreadcrumbList","@id":"https:\/\/curiosidadesedicas.com\/loja\/produto\/almofada-viscoelastica\/#breadcrumb","itemListElement":[{"@type":"ListItem","position":1,"name":"In\u00edcio","item":"https:\/\/curiosidadesedicas.com\/loja\/"},{"@type":"ListItem","position":2,"name":"Produtos","item":"https:\/\/curiosidadesedicas.com\/loja\/produtos\/"},{"@type":"ListItem","position":3,"name":"ALMOFADA VISCOEL\u00c1STICA"}]},{"@type":"WebSite","@id":"https:\/\/curiosidadesedicas.com\/loja\/#website","url":"https:\/\/curiosidadesedicas.com\/loja\/","name":"Curiosidades &amp; Dicas, Lda","description":"Apaixonados Por Inova\u00e7\u00e3o","publisher":{"@id":"https:\/\/curiosidadesedicas.com\/loja\/#organization"},"potentialAction":[{"@type":"SearchAction","target":{"@type":"EntryPoint","urlTemplate":"https:\/\/curiosidadesedicas.com\/loja\/?s={search_term_string}"},"query-input":{"@type":"PropertyValueSpecification","valueRequired":true,"valueName":"search_term_string"}}],"inLanguage":"en-US"},{"@type":"Organization","@id":"https:\/\/curiosidadesedicas.com\/loja\/#organization","name":"Curiosidades & Dicas","url":"https:\/\/curiosidadesedicas.com\/loja\/","logo":{"@type":"ImageObject","inLanguage":"en-US","@id":"https:\/\/curiosidadesedicas.com\/loja\/#\/schema\/logo\/image\/","url":"https:\/\/curiosidadesedicas.com\/loja\/wp-content\/uploads\/2020\/05\/LogoCuriosidadesSimples.png","contentUrl":"https:\/\/curiosidadesedicas.com\/loja\/wp-content\/uploads\/2020\/05\/LogoCuriosidadesSimples.png","width":3528,"height":804,"caption":"Curiosidades & Dicas"},"image":{"@id":"https:\/\/curiosidadesedicas.com\/loja\/#\/schema\/logo\/image\/"}}]}},"_links":{"self":[{"href":"https:\/\/curiosidadesedicas.com\/loja\/en\/wp-json\/wp\/v2\/product\/12315","targetHints":{"allow":["GET"]}}],"collection":[{"href":"https:\/\/curiosidadesedicas.com\/loja\/en\/wp-json\/wp\/v2\/product"}],"about":[{"href":"https:\/\/curiosidadesedicas.com\/loja\/en\/wp-json\/wp\/v2\/types\/product"}],"replies":[{"embeddable":true,"href":"https:\/\/curiosidadesedicas.com\/loja\/en\/wp-json\/wp\/v2\/comments?post=12315"}],"wp:featuredmedia":[{"embeddable":true,"href":"https:\/\/curiosidadesedicas.com\/loja\/en\/wp-json\/wp\/v2\/media\/13687"}],"wp:attachment":[{"href":"https:\/\/curiosidadesedicas.com\/loja\/en\/wp-json\/wp\/v2\/media?parent=12315"}],"wp:term":[{"taxonomy":"product_brand","embeddable":true,"href":"https:\/\/curiosidadesedicas.com\/loja\/en\/wp-json\/wp\/v2\/product_brand?post=12315"},{"taxonomy":"product_cat","embeddable":true,"href":"https:\/\/curiosidadesedicas.com\/loja\/en\/wp-json\/wp\/v2\/product_cat?post=12315"},{"taxonomy":"product_tag","embeddable":true,"href":"https:\/\/curiosidadesedicas.com\/loja\/en\/wp-json\/wp\/v2\/product_tag?post=12315"}],"curies":[{"name":"wp","href":"https:\/\/api.w.org\/{rel}","templated":true}]}}