{"id":12191,"date":"2020-05-19T09:37:00","date_gmt":"2020-05-19T09:37:00","guid":{"rendered":"https:\/\/curiosidadesedicas.com\/loja\/?post_type=product&#038;p=12191"},"modified":"2024-04-23T14:49:24","modified_gmt":"2024-04-23T14:49:24","slug":"recarga-p-difusor-mikado-citronela","status":"publish","type":"product","link":"https:\/\/curiosidadesedicas.com\/loja\/en\/product\/recarga-p-difusor-mikado-citronela\/","title":{"rendered":"RECARGA P\/ DIFUSOR MIKADO CITRONELA"},"content":{"rendered":"<p class=\"small_desc\">As recargas para os Difusores Mikado Citronela incluem uma garrafa com 200 ml do aroma e um conjunto de hastes para substituir as anteriores. Isso mant\u00e9m o aroma da sua casa t\u00e3o fresco quanto no primeiro dia.<\/p>","protected":false},"excerpt":{"rendered":"<ul>\n<li>Aroma duradouro<\/li>\n<li>Testado sob os mais rigorosos controles de qualidade e seguran\u00e7a<\/li>\n<li>200 ml<\/li>\n<\/ul>\n<p>Abra a garrafa e despeje o conte\u00fado no seu Difusor Mikado. Em seguida, troque as hastes pelas novas que incluem a substitui\u00e7\u00e3o e descarte as anteriores. Para obter um perfume mais intenso, voc\u00ea pode girar as hastes a cada 3 ou 4 dias.<\/p>\n<p><img decoding=\"async\" title=\"Screenshot 2019 08 19 RECAMBIO MIKADO SYS 200ml PALOS CITRONELA\" src=\"http:\/\/www.dicasdepoupanca.pt\/plugins\/system\/contentoptimizer\/19062cc7f382c7857569519f6b56608fb57e9e9d_906x906.png\" alt=\"Screenshot 2019 08 19 RECAMBIO MIKADO SYS 200ml PALOS CITRONELA\" \/><\/p>\n<p><strong>Caracter\u00edsticas do aroma<\/strong><\/p>\n<p>Citronela: Usado para repelir insetos. Traz a sensa\u00e7\u00e3o de limpeza. Aroma refrescante.<\/p>","protected":false},"featured_media":12157,"comment_status":"open","ping_status":"closed","template":"","meta":{"_glsr_average":0,"_glsr_ranking":0,"_glsr_reviews":0},"product_brand":[],"product_cat":[381,387,475],"product_tag":[],"class_list":{"0":"post-12191","1":"product","2":"type-product","3":"status-publish","4":"has-post-thumbnail","6":"product_cat-ambientadores","7":"product_cat-anti-insetos","8":"product_cat-repelentes","10":"first","11":"outofstock","12":"taxable","13":"shipping-taxable","14":"purchasable","15":"product-type-simple"},"yoast_head":"<!-- This site is optimized with the Yoast SEO plugin v26.8 - https:\/\/yoast.com\/product\/yoast-seo-wordpress\/ -->\n<title>RECARGA P\/ DIFUSOR MIKADO CITRONELA - Curiosidades &amp; Dicas, Lda<\/title>\n<meta name=\"robots\" content=\"index, follow, max-snippet:-1, max-image-preview:large, max-video-preview:-1\" \/>\n<link rel=\"canonical\" href=\"https:\/\/curiosidadesedicas.com\/loja\/en\/product\/recarga-p-difusor-mikado-citronela\/\" \/>\n<meta property=\"og:locale\" content=\"en_US\" \/>\n<meta property=\"og:type\" content=\"article\" \/>\n<meta property=\"og:title\" content=\"RECARGA P\/ DIFUSOR MIKADO CITRONELA - Curiosidades &amp; Dicas, Lda\" \/>\n<meta property=\"og:description\" content=\"Aroma duradouro  Testado sob os mais rigorosos controles de qualidade e seguran\u00e7a  200 ml  Abra a garrafa e despeje o conte\u00fado no seu Difusor Mikado. Em seguida, troque as hastes pelas novas que incluem a substitui\u00e7\u00e3o e descarte as anteriores. Para obter um perfume mais intenso, voc\u00ea pode girar as hastes a cada 3 ou 4 dias.    Caracter\u00edsticas do aroma  Citronela: Usado para repelir insetos. Traz a sensa\u00e7\u00e3o de limpeza. Aroma refrescante.\" \/>\n<meta property=\"og:url\" content=\"https:\/\/curiosidadesedicas.com\/loja\/en\/product\/recarga-p-difusor-mikado-citronela\/\" \/>\n<meta property=\"og:site_name\" content=\"Curiosidades &amp; Dicas, Lda\" \/>\n<meta property=\"article:modified_time\" content=\"2024-04-23T14:49:24+00:00\" \/>\n<meta property=\"og:image\" content=\"https:\/\/curiosidadesedicas.com\/loja\/wp-content\/uploads\/2020\/05\/screenshot_2019-08-19-recambio-mikado-sys-200ml-palos-citronela.png\" \/>\n\t<meta property=\"og:image:width\" content=\"906\" \/>\n\t<meta property=\"og:image:height\" content=\"906\" \/>\n\t<meta property=\"og:image:type\" content=\"image\/png\" \/>\n<meta name=\"twitter:card\" content=\"summary_large_image\" \/>\n<script type=\"application\/ld+json\" class=\"yoast-schema-graph\">{\"@context\":\"https:\/\/schema.org\",\"@graph\":[{\"@type\":\"WebPage\",\"@id\":\"https:\/\/curiosidadesedicas.com\/loja\/produto\/recarga-p-difusor-mikado-citronela\/\",\"url\":\"https:\/\/curiosidadesedicas.com\/loja\/produto\/recarga-p-difusor-mikado-citronela\/\",\"name\":\"RECARGA P\/ DIFUSOR MIKADO CITRONELA - Curiosidades &amp; Dicas, Lda\",\"isPartOf\":{\"@id\":\"https:\/\/curiosidadesedicas.com\/loja\/#website\"},\"primaryImageOfPage\":{\"@id\":\"https:\/\/curiosidadesedicas.com\/loja\/produto\/recarga-p-difusor-mikado-citronela\/#primaryimage\"},\"image\":{\"@id\":\"https:\/\/curiosidadesedicas.com\/loja\/produto\/recarga-p-difusor-mikado-citronela\/#primaryimage\"},\"thumbnailUrl\":\"https:\/\/curiosidadesedicas.com\/loja\/wp-content\/uploads\/2020\/05\/screenshot_2019-08-19-recambio-mikado-sys-200ml-palos-citronela.png\",\"datePublished\":\"2020-05-19T09:37:00+00:00\",\"dateModified\":\"2024-04-23T14:49:24+00:00\",\"breadcrumb\":{\"@id\":\"https:\/\/curiosidadesedicas.com\/loja\/produto\/recarga-p-difusor-mikado-citronela\/#breadcrumb\"},\"inLanguage\":\"en-US\",\"potentialAction\":[{\"@type\":\"ReadAction\",\"target\":[\"https:\/\/curiosidadesedicas.com\/loja\/produto\/recarga-p-difusor-mikado-citronela\/\"]}]},{\"@type\":\"ImageObject\",\"inLanguage\":\"en-US\",\"@id\":\"https:\/\/curiosidadesedicas.com\/loja\/produto\/recarga-p-difusor-mikado-citronela\/#primaryimage\",\"url\":\"https:\/\/curiosidadesedicas.com\/loja\/wp-content\/uploads\/2020\/05\/screenshot_2019-08-19-recambio-mikado-sys-200ml-palos-citronela.png\",\"contentUrl\":\"https:\/\/curiosidadesedicas.com\/loja\/wp-content\/uploads\/2020\/05\/screenshot_2019-08-19-recambio-mikado-sys-200ml-palos-citronela.png\",\"width\":906,\"height\":906},{\"@type\":\"BreadcrumbList\",\"@id\":\"https:\/\/curiosidadesedicas.com\/loja\/produto\/recarga-p-difusor-mikado-citronela\/#breadcrumb\",\"itemListElement\":[{\"@type\":\"ListItem\",\"position\":1,\"name\":\"In\u00edcio\",\"item\":\"https:\/\/curiosidadesedicas.com\/loja\/\"},{\"@type\":\"ListItem\",\"position\":2,\"name\":\"Produtos\",\"item\":\"https:\/\/curiosidadesedicas.com\/loja\/produtos\/\"},{\"@type\":\"ListItem\",\"position\":3,\"name\":\"RECARGA P\/ DIFUSOR MIKADO CITRONELA\"}]},{\"@type\":\"WebSite\",\"@id\":\"https:\/\/curiosidadesedicas.com\/loja\/#website\",\"url\":\"https:\/\/curiosidadesedicas.com\/loja\/\",\"name\":\"Curiosidades &amp; Dicas, Lda\",\"description\":\"Apaixonados Por Inova\u00e7\u00e3o\",\"publisher\":{\"@id\":\"https:\/\/curiosidadesedicas.com\/loja\/#organization\"},\"potentialAction\":[{\"@type\":\"SearchAction\",\"target\":{\"@type\":\"EntryPoint\",\"urlTemplate\":\"https:\/\/curiosidadesedicas.com\/loja\/?s={search_term_string}\"},\"query-input\":{\"@type\":\"PropertyValueSpecification\",\"valueRequired\":true,\"valueName\":\"search_term_string\"}}],\"inLanguage\":\"en-US\"},{\"@type\":\"Organization\",\"@id\":\"https:\/\/curiosidadesedicas.com\/loja\/#organization\",\"name\":\"Curiosidades & Dicas\",\"url\":\"https:\/\/curiosidadesedicas.com\/loja\/\",\"logo\":{\"@type\":\"ImageObject\",\"inLanguage\":\"en-US\",\"@id\":\"https:\/\/curiosidadesedicas.com\/loja\/#\/schema\/logo\/image\/\",\"url\":\"https:\/\/curiosidadesedicas.com\/loja\/wp-content\/uploads\/2020\/05\/LogoCuriosidadesSimples.png\",\"contentUrl\":\"https:\/\/curiosidadesedicas.com\/loja\/wp-content\/uploads\/2020\/05\/LogoCuriosidadesSimples.png\",\"width\":3528,\"height\":804,\"caption\":\"Curiosidades & Dicas\"},\"image\":{\"@id\":\"https:\/\/curiosidadesedicas.com\/loja\/#\/schema\/logo\/image\/\"}}]}<\/script>\n<!-- \/ Yoast SEO plugin. -->","yoast_head_json":{"title":"RECARGA P\/ DIFUSOR MIKADO CITRONELA - Curiosidades &amp; Dicas, Lda","robots":{"index":"index","follow":"follow","max-snippet":"max-snippet:-1","max-image-preview":"max-image-preview:large","max-video-preview":"max-video-preview:-1"},"canonical":"https:\/\/curiosidadesedicas.com\/loja\/en\/product\/recarga-p-difusor-mikado-citronela\/","og_locale":"en_US","og_type":"article","og_title":"RECARGA P\/ DIFUSOR MIKADO CITRONELA - Curiosidades &amp; Dicas, Lda","og_description":"Aroma duradouro  Testado sob os mais rigorosos controles de qualidade e seguran\u00e7a  200 ml  Abra a garrafa e despeje o conte\u00fado no seu Difusor Mikado. Em seguida, troque as hastes pelas novas que incluem a substitui\u00e7\u00e3o e descarte as anteriores. Para obter um perfume mais intenso, voc\u00ea pode girar as hastes a cada 3 ou 4 dias.    Caracter\u00edsticas do aroma  Citronela: Usado para repelir insetos. Traz a sensa\u00e7\u00e3o de limpeza. Aroma refrescante.","og_url":"https:\/\/curiosidadesedicas.com\/loja\/en\/product\/recarga-p-difusor-mikado-citronela\/","og_site_name":"Curiosidades &amp; Dicas, Lda","article_modified_time":"2024-04-23T14:49:24+00:00","og_image":[{"width":906,"height":906,"url":"https:\/\/curiosidadesedicas.com\/loja\/wp-content\/uploads\/2020\/05\/screenshot_2019-08-19-recambio-mikado-sys-200ml-palos-citronela.png","type":"image\/png"}],"twitter_card":"summary_large_image","schema":{"@context":"https:\/\/schema.org","@graph":[{"@type":"WebPage","@id":"https:\/\/curiosidadesedicas.com\/loja\/produto\/recarga-p-difusor-mikado-citronela\/","url":"https:\/\/curiosidadesedicas.com\/loja\/produto\/recarga-p-difusor-mikado-citronela\/","name":"RECARGA P\/ DIFUSOR MIKADO CITRONELA - Curiosidades &amp; Dicas, Lda","isPartOf":{"@id":"https:\/\/curiosidadesedicas.com\/loja\/#website"},"primaryImageOfPage":{"@id":"https:\/\/curiosidadesedicas.com\/loja\/produto\/recarga-p-difusor-mikado-citronela\/#primaryimage"},"image":{"@id":"https:\/\/curiosidadesedicas.com\/loja\/produto\/recarga-p-difusor-mikado-citronela\/#primaryimage"},"thumbnailUrl":"https:\/\/curiosidadesedicas.com\/loja\/wp-content\/uploads\/2020\/05\/screenshot_2019-08-19-recambio-mikado-sys-200ml-palos-citronela.png","datePublished":"2020-05-19T09:37:00+00:00","dateModified":"2024-04-23T14:49:24+00:00","breadcrumb":{"@id":"https:\/\/curiosidadesedicas.com\/loja\/produto\/recarga-p-difusor-mikado-citronela\/#breadcrumb"},"inLanguage":"en-US","potentialAction":[{"@type":"ReadAction","target":["https:\/\/curiosidadesedicas.com\/loja\/produto\/recarga-p-difusor-mikado-citronela\/"]}]},{"@type":"ImageObject","inLanguage":"en-US","@id":"https:\/\/curiosidadesedicas.com\/loja\/produto\/recarga-p-difusor-mikado-citronela\/#primaryimage","url":"https:\/\/curiosidadesedicas.com\/loja\/wp-content\/uploads\/2020\/05\/screenshot_2019-08-19-recambio-mikado-sys-200ml-palos-citronela.png","contentUrl":"https:\/\/curiosidadesedicas.com\/loja\/wp-content\/uploads\/2020\/05\/screenshot_2019-08-19-recambio-mikado-sys-200ml-palos-citronela.png","width":906,"height":906},{"@type":"BreadcrumbList","@id":"https:\/\/curiosidadesedicas.com\/loja\/produto\/recarga-p-difusor-mikado-citronela\/#breadcrumb","itemListElement":[{"@type":"ListItem","position":1,"name":"In\u00edcio","item":"https:\/\/curiosidadesedicas.com\/loja\/"},{"@type":"ListItem","position":2,"name":"Produtos","item":"https:\/\/curiosidadesedicas.com\/loja\/produtos\/"},{"@type":"ListItem","position":3,"name":"RECARGA P\/ DIFUSOR MIKADO CITRONELA"}]},{"@type":"WebSite","@id":"https:\/\/curiosidadesedicas.com\/loja\/#website","url":"https:\/\/curiosidadesedicas.com\/loja\/","name":"Curiosidades &amp; Dicas, Lda","description":"Apaixonados Por Inova\u00e7\u00e3o","publisher":{"@id":"https:\/\/curiosidadesedicas.com\/loja\/#organization"},"potentialAction":[{"@type":"SearchAction","target":{"@type":"EntryPoint","urlTemplate":"https:\/\/curiosidadesedicas.com\/loja\/?s={search_term_string}"},"query-input":{"@type":"PropertyValueSpecification","valueRequired":true,"valueName":"search_term_string"}}],"inLanguage":"en-US"},{"@type":"Organization","@id":"https:\/\/curiosidadesedicas.com\/loja\/#organization","name":"Curiosidades & Dicas","url":"https:\/\/curiosidadesedicas.com\/loja\/","logo":{"@type":"ImageObject","inLanguage":"en-US","@id":"https:\/\/curiosidadesedicas.com\/loja\/#\/schema\/logo\/image\/","url":"https:\/\/curiosidadesedicas.com\/loja\/wp-content\/uploads\/2020\/05\/LogoCuriosidadesSimples.png","contentUrl":"https:\/\/curiosidadesedicas.com\/loja\/wp-content\/uploads\/2020\/05\/LogoCuriosidadesSimples.png","width":3528,"height":804,"caption":"Curiosidades & Dicas"},"image":{"@id":"https:\/\/curiosidadesedicas.com\/loja\/#\/schema\/logo\/image\/"}}]}},"_links":{"self":[{"href":"https:\/\/curiosidadesedicas.com\/loja\/en\/wp-json\/wp\/v2\/product\/12191","targetHints":{"allow":["GET"]}}],"collection":[{"href":"https:\/\/curiosidadesedicas.com\/loja\/en\/wp-json\/wp\/v2\/product"}],"about":[{"href":"https:\/\/curiosidadesedicas.com\/loja\/en\/wp-json\/wp\/v2\/types\/product"}],"replies":[{"embeddable":true,"href":"https:\/\/curiosidadesedicas.com\/loja\/en\/wp-json\/wp\/v2\/comments?post=12191"}],"wp:featuredmedia":[{"embeddable":true,"href":"https:\/\/curiosidadesedicas.com\/loja\/en\/wp-json\/wp\/v2\/media\/12157"}],"wp:attachment":[{"href":"https:\/\/curiosidadesedicas.com\/loja\/en\/wp-json\/wp\/v2\/media?parent=12191"}],"wp:term":[{"taxonomy":"product_brand","embeddable":true,"href":"https:\/\/curiosidadesedicas.com\/loja\/en\/wp-json\/wp\/v2\/product_brand?post=12191"},{"taxonomy":"product_cat","embeddable":true,"href":"https:\/\/curiosidadesedicas.com\/loja\/en\/wp-json\/wp\/v2\/product_cat?post=12191"},{"taxonomy":"product_tag","embeddable":true,"href":"https:\/\/curiosidadesedicas.com\/loja\/en\/wp-json\/wp\/v2\/product_tag?post=12191"}],"curies":[{"name":"wp","href":"https:\/\/api.w.org\/{rel}","templated":true}]}}