{"id":12185,"date":"2020-05-19T09:18:57","date_gmt":"2020-05-19T09:18:57","guid":{"rendered":"https:\/\/curiosidadesedicas.com\/loja\/?post_type=product&#038;p=12185"},"modified":"2021-01-25T15:38:36","modified_gmt":"2021-01-25T15:38:36","slug":"suporte-p-chinelos-c-chinelos","status":"publish","type":"product","link":"https:\/\/curiosidadesedicas.com\/loja\/en\/product\/suporte-p-chinelos-c-chinelos\/","title":{"rendered":"SUPORTE P\/ CHINELOS C\/ CHINELOS"},"content":{"rendered":"<p class=\"small_desc\">Este Suporte para Cchinelos \u00e9 a melhor forma de fazer os convidados entender que devem retirar os sapatos \u00e0 entrada da sua casa. Os seus familiares e amigos v\u00e3o perceber a sugest\u00e3o imediatamente!<\/p>","protected":false},"excerpt":{"rendered":"<p>Pendure-o num local vis\u00edvel logo \u00e0 entrada, para que os seus visitantes tirarem as botas ou os sapatos e cal\u00e7arem os chinelos mesmo antes de entrarem em casa. Desta forma, toda a gente ficar\u00e1 mais confort\u00e1vel e o ch\u00e3o livre de riscos e sujidade.<\/p>\n<p>O suporte para chinelos com a mensagem &#8220;welcome&#8221; na parte da frente \u00e9 um acess\u00f3rio absolutamente necess\u00e1rio para a sua casa!<\/p>\n<p>Tem um design original e divertido que vai decorar o interior da sua casa na perfei\u00e7\u00e3o.<\/p>\n<ul>\n<li>Fabricado em feltro.<\/li>\n<li>Medidas: aprox. 29 x 52 x 7 cm.<\/li>\n<li>Composi\u00e7\u00e3o: 100% poli\u00e9ster.<\/li>\n<\/ul>\n<p>Inclui 4 pares de chinelos de feltro em cores sortidas: tamanhos: 38, 40, 43 e 45 (um par de cada tamanho).<\/p>","protected":false},"featured_media":12175,"comment_status":"open","ping_status":"closed","template":"","meta":{"_glsr_average":0,"_glsr_ranking":0,"_glsr_reviews":0},"product_brand":[],"product_cat":[357,358],"product_tag":[],"class_list":{"0":"post-12185","1":"product","2":"type-product","3":"status-publish","4":"has-post-thumbnail","6":"product_cat-bem-estar","7":"product_cat-saude-e-higiene","9":"first","10":"outofstock","11":"taxable","12":"shipping-taxable","13":"purchasable","14":"product-type-simple"},"yoast_head":"<!-- This site is optimized with the Yoast SEO plugin v26.8 - https:\/\/yoast.com\/product\/yoast-seo-wordpress\/ -->\n<title>SUPORTE P\/ CHINELOS C\/ CHINELOS - Curiosidades &amp; Dicas, Lda<\/title>\n<meta name=\"robots\" content=\"index, follow, max-snippet:-1, max-image-preview:large, max-video-preview:-1\" \/>\n<link rel=\"canonical\" href=\"https:\/\/curiosidadesedicas.com\/loja\/en\/product\/suporte-p-chinelos-c-chinelos\/\" \/>\n<meta property=\"og:locale\" content=\"en_US\" \/>\n<meta property=\"og:type\" content=\"article\" \/>\n<meta property=\"og:title\" content=\"SUPORTE P\/ CHINELOS C\/ CHINELOS - Curiosidades &amp; Dicas, Lda\" \/>\n<meta property=\"og:description\" content=\"Pendure-o num local vis\u00edvel logo \u00e0 entrada, para que os seus visitantes tirarem as botas ou os sapatos e cal\u00e7arem os chinelos mesmo antes de entrarem em casa. Desta forma, toda a gente ficar\u00e1 mais confort\u00e1vel e o ch\u00e3o livre de riscos e sujidade.  O suporte para chinelos com a mensagem &quot;welcome&quot; na parte da frente \u00e9 um acess\u00f3rio absolutamente necess\u00e1rio para a sua casa!  Tem um design original e divertido que vai decorar o interior da sua casa na perfei\u00e7\u00e3o.   Fabricado em feltro.  Medidas: aprox. 29 x 52 x 7 cm.  Composi\u00e7\u00e3o: 100% poli\u00e9ster.  Inclui 4 pares de chinelos de feltro em cores sortidas: tamanhos: 38, 40, 43 e 45 (um par de cada tamanho).\" \/>\n<meta property=\"og:url\" content=\"https:\/\/curiosidadesedicas.com\/loja\/en\/product\/suporte-p-chinelos-c-chinelos\/\" \/>\n<meta property=\"og:site_name\" content=\"Curiosidades &amp; Dicas, Lda\" \/>\n<meta property=\"article:modified_time\" content=\"2021-01-25T15:38:36+00:00\" \/>\n<meta property=\"og:image\" content=\"https:\/\/curiosidadesedicas.com\/loja\/wp-content\/uploads\/2020\/05\/suporte-para-chinelos-com-chinelos.jpg\" \/>\n\t<meta property=\"og:image:width\" content=\"600\" \/>\n\t<meta property=\"og:image:height\" content=\"600\" \/>\n\t<meta property=\"og:image:type\" content=\"image\/jpeg\" \/>\n<meta name=\"twitter:card\" content=\"summary_large_image\" \/>\n<script type=\"application\/ld+json\" class=\"yoast-schema-graph\">{\"@context\":\"https:\/\/schema.org\",\"@graph\":[{\"@type\":\"WebPage\",\"@id\":\"https:\/\/curiosidadesedicas.com\/loja\/produto\/suporte-p-chinelos-c-chinelos\/\",\"url\":\"https:\/\/curiosidadesedicas.com\/loja\/produto\/suporte-p-chinelos-c-chinelos\/\",\"name\":\"SUPORTE P\/ CHINELOS C\/ CHINELOS - Curiosidades &amp; Dicas, Lda\",\"isPartOf\":{\"@id\":\"https:\/\/curiosidadesedicas.com\/loja\/#website\"},\"primaryImageOfPage\":{\"@id\":\"https:\/\/curiosidadesedicas.com\/loja\/produto\/suporte-p-chinelos-c-chinelos\/#primaryimage\"},\"image\":{\"@id\":\"https:\/\/curiosidadesedicas.com\/loja\/produto\/suporte-p-chinelos-c-chinelos\/#primaryimage\"},\"thumbnailUrl\":\"https:\/\/curiosidadesedicas.com\/loja\/wp-content\/uploads\/2020\/05\/suporte-para-chinelos-com-chinelos.jpg\",\"datePublished\":\"2020-05-19T09:18:57+00:00\",\"dateModified\":\"2021-01-25T15:38:36+00:00\",\"breadcrumb\":{\"@id\":\"https:\/\/curiosidadesedicas.com\/loja\/produto\/suporte-p-chinelos-c-chinelos\/#breadcrumb\"},\"inLanguage\":\"en-US\",\"potentialAction\":[{\"@type\":\"ReadAction\",\"target\":[\"https:\/\/curiosidadesedicas.com\/loja\/produto\/suporte-p-chinelos-c-chinelos\/\"]}]},{\"@type\":\"ImageObject\",\"inLanguage\":\"en-US\",\"@id\":\"https:\/\/curiosidadesedicas.com\/loja\/produto\/suporte-p-chinelos-c-chinelos\/#primaryimage\",\"url\":\"https:\/\/curiosidadesedicas.com\/loja\/wp-content\/uploads\/2020\/05\/suporte-para-chinelos-com-chinelos.jpg\",\"contentUrl\":\"https:\/\/curiosidadesedicas.com\/loja\/wp-content\/uploads\/2020\/05\/suporte-para-chinelos-com-chinelos.jpg\",\"width\":600,\"height\":600},{\"@type\":\"BreadcrumbList\",\"@id\":\"https:\/\/curiosidadesedicas.com\/loja\/produto\/suporte-p-chinelos-c-chinelos\/#breadcrumb\",\"itemListElement\":[{\"@type\":\"ListItem\",\"position\":1,\"name\":\"In\u00edcio\",\"item\":\"https:\/\/curiosidadesedicas.com\/loja\/\"},{\"@type\":\"ListItem\",\"position\":2,\"name\":\"Produtos\",\"item\":\"https:\/\/curiosidadesedicas.com\/loja\/produtos\/\"},{\"@type\":\"ListItem\",\"position\":3,\"name\":\"SUPORTE P\/ CHINELOS C\/ CHINELOS\"}]},{\"@type\":\"WebSite\",\"@id\":\"https:\/\/curiosidadesedicas.com\/loja\/#website\",\"url\":\"https:\/\/curiosidadesedicas.com\/loja\/\",\"name\":\"Curiosidades &amp; Dicas, Lda\",\"description\":\"Apaixonados Por Inova\u00e7\u00e3o\",\"publisher\":{\"@id\":\"https:\/\/curiosidadesedicas.com\/loja\/#organization\"},\"potentialAction\":[{\"@type\":\"SearchAction\",\"target\":{\"@type\":\"EntryPoint\",\"urlTemplate\":\"https:\/\/curiosidadesedicas.com\/loja\/?s={search_term_string}\"},\"query-input\":{\"@type\":\"PropertyValueSpecification\",\"valueRequired\":true,\"valueName\":\"search_term_string\"}}],\"inLanguage\":\"en-US\"},{\"@type\":\"Organization\",\"@id\":\"https:\/\/curiosidadesedicas.com\/loja\/#organization\",\"name\":\"Curiosidades & Dicas\",\"url\":\"https:\/\/curiosidadesedicas.com\/loja\/\",\"logo\":{\"@type\":\"ImageObject\",\"inLanguage\":\"en-US\",\"@id\":\"https:\/\/curiosidadesedicas.com\/loja\/#\/schema\/logo\/image\/\",\"url\":\"https:\/\/curiosidadesedicas.com\/loja\/wp-content\/uploads\/2020\/05\/LogoCuriosidadesSimples.png\",\"contentUrl\":\"https:\/\/curiosidadesedicas.com\/loja\/wp-content\/uploads\/2020\/05\/LogoCuriosidadesSimples.png\",\"width\":3528,\"height\":804,\"caption\":\"Curiosidades & Dicas\"},\"image\":{\"@id\":\"https:\/\/curiosidadesedicas.com\/loja\/#\/schema\/logo\/image\/\"}}]}<\/script>\n<!-- \/ Yoast SEO plugin. -->","yoast_head_json":{"title":"SUPORTE P\/ CHINELOS C\/ CHINELOS - Curiosidades &amp; Dicas, Lda","robots":{"index":"index","follow":"follow","max-snippet":"max-snippet:-1","max-image-preview":"max-image-preview:large","max-video-preview":"max-video-preview:-1"},"canonical":"https:\/\/curiosidadesedicas.com\/loja\/en\/product\/suporte-p-chinelos-c-chinelos\/","og_locale":"en_US","og_type":"article","og_title":"SUPORTE P\/ CHINELOS C\/ CHINELOS - Curiosidades &amp; Dicas, Lda","og_description":"Pendure-o num local vis\u00edvel logo \u00e0 entrada, para que os seus visitantes tirarem as botas ou os sapatos e cal\u00e7arem os chinelos mesmo antes de entrarem em casa. Desta forma, toda a gente ficar\u00e1 mais confort\u00e1vel e o ch\u00e3o livre de riscos e sujidade.  O suporte para chinelos com a mensagem \"welcome\" na parte da frente \u00e9 um acess\u00f3rio absolutamente necess\u00e1rio para a sua casa!  Tem um design original e divertido que vai decorar o interior da sua casa na perfei\u00e7\u00e3o.   Fabricado em feltro.  Medidas: aprox. 29 x 52 x 7 cm.  Composi\u00e7\u00e3o: 100% poli\u00e9ster.  Inclui 4 pares de chinelos de feltro em cores sortidas: tamanhos: 38, 40, 43 e 45 (um par de cada tamanho).","og_url":"https:\/\/curiosidadesedicas.com\/loja\/en\/product\/suporte-p-chinelos-c-chinelos\/","og_site_name":"Curiosidades &amp; Dicas, Lda","article_modified_time":"2021-01-25T15:38:36+00:00","og_image":[{"width":600,"height":600,"url":"https:\/\/curiosidadesedicas.com\/loja\/wp-content\/uploads\/2020\/05\/suporte-para-chinelos-com-chinelos.jpg","type":"image\/jpeg"}],"twitter_card":"summary_large_image","schema":{"@context":"https:\/\/schema.org","@graph":[{"@type":"WebPage","@id":"https:\/\/curiosidadesedicas.com\/loja\/produto\/suporte-p-chinelos-c-chinelos\/","url":"https:\/\/curiosidadesedicas.com\/loja\/produto\/suporte-p-chinelos-c-chinelos\/","name":"SUPORTE P\/ CHINELOS C\/ CHINELOS - Curiosidades &amp; Dicas, Lda","isPartOf":{"@id":"https:\/\/curiosidadesedicas.com\/loja\/#website"},"primaryImageOfPage":{"@id":"https:\/\/curiosidadesedicas.com\/loja\/produto\/suporte-p-chinelos-c-chinelos\/#primaryimage"},"image":{"@id":"https:\/\/curiosidadesedicas.com\/loja\/produto\/suporte-p-chinelos-c-chinelos\/#primaryimage"},"thumbnailUrl":"https:\/\/curiosidadesedicas.com\/loja\/wp-content\/uploads\/2020\/05\/suporte-para-chinelos-com-chinelos.jpg","datePublished":"2020-05-19T09:18:57+00:00","dateModified":"2021-01-25T15:38:36+00:00","breadcrumb":{"@id":"https:\/\/curiosidadesedicas.com\/loja\/produto\/suporte-p-chinelos-c-chinelos\/#breadcrumb"},"inLanguage":"en-US","potentialAction":[{"@type":"ReadAction","target":["https:\/\/curiosidadesedicas.com\/loja\/produto\/suporte-p-chinelos-c-chinelos\/"]}]},{"@type":"ImageObject","inLanguage":"en-US","@id":"https:\/\/curiosidadesedicas.com\/loja\/produto\/suporte-p-chinelos-c-chinelos\/#primaryimage","url":"https:\/\/curiosidadesedicas.com\/loja\/wp-content\/uploads\/2020\/05\/suporte-para-chinelos-com-chinelos.jpg","contentUrl":"https:\/\/curiosidadesedicas.com\/loja\/wp-content\/uploads\/2020\/05\/suporte-para-chinelos-com-chinelos.jpg","width":600,"height":600},{"@type":"BreadcrumbList","@id":"https:\/\/curiosidadesedicas.com\/loja\/produto\/suporte-p-chinelos-c-chinelos\/#breadcrumb","itemListElement":[{"@type":"ListItem","position":1,"name":"In\u00edcio","item":"https:\/\/curiosidadesedicas.com\/loja\/"},{"@type":"ListItem","position":2,"name":"Produtos","item":"https:\/\/curiosidadesedicas.com\/loja\/produtos\/"},{"@type":"ListItem","position":3,"name":"SUPORTE P\/ CHINELOS C\/ CHINELOS"}]},{"@type":"WebSite","@id":"https:\/\/curiosidadesedicas.com\/loja\/#website","url":"https:\/\/curiosidadesedicas.com\/loja\/","name":"Curiosidades &amp; Dicas, Lda","description":"Apaixonados Por Inova\u00e7\u00e3o","publisher":{"@id":"https:\/\/curiosidadesedicas.com\/loja\/#organization"},"potentialAction":[{"@type":"SearchAction","target":{"@type":"EntryPoint","urlTemplate":"https:\/\/curiosidadesedicas.com\/loja\/?s={search_term_string}"},"query-input":{"@type":"PropertyValueSpecification","valueRequired":true,"valueName":"search_term_string"}}],"inLanguage":"en-US"},{"@type":"Organization","@id":"https:\/\/curiosidadesedicas.com\/loja\/#organization","name":"Curiosidades & Dicas","url":"https:\/\/curiosidadesedicas.com\/loja\/","logo":{"@type":"ImageObject","inLanguage":"en-US","@id":"https:\/\/curiosidadesedicas.com\/loja\/#\/schema\/logo\/image\/","url":"https:\/\/curiosidadesedicas.com\/loja\/wp-content\/uploads\/2020\/05\/LogoCuriosidadesSimples.png","contentUrl":"https:\/\/curiosidadesedicas.com\/loja\/wp-content\/uploads\/2020\/05\/LogoCuriosidadesSimples.png","width":3528,"height":804,"caption":"Curiosidades & Dicas"},"image":{"@id":"https:\/\/curiosidadesedicas.com\/loja\/#\/schema\/logo\/image\/"}}]}},"_links":{"self":[{"href":"https:\/\/curiosidadesedicas.com\/loja\/en\/wp-json\/wp\/v2\/product\/12185","targetHints":{"allow":["GET"]}}],"collection":[{"href":"https:\/\/curiosidadesedicas.com\/loja\/en\/wp-json\/wp\/v2\/product"}],"about":[{"href":"https:\/\/curiosidadesedicas.com\/loja\/en\/wp-json\/wp\/v2\/types\/product"}],"replies":[{"embeddable":true,"href":"https:\/\/curiosidadesedicas.com\/loja\/en\/wp-json\/wp\/v2\/comments?post=12185"}],"wp:featuredmedia":[{"embeddable":true,"href":"https:\/\/curiosidadesedicas.com\/loja\/en\/wp-json\/wp\/v2\/media\/12175"}],"wp:attachment":[{"href":"https:\/\/curiosidadesedicas.com\/loja\/en\/wp-json\/wp\/v2\/media?parent=12185"}],"wp:term":[{"taxonomy":"product_brand","embeddable":true,"href":"https:\/\/curiosidadesedicas.com\/loja\/en\/wp-json\/wp\/v2\/product_brand?post=12185"},{"taxonomy":"product_cat","embeddable":true,"href":"https:\/\/curiosidadesedicas.com\/loja\/en\/wp-json\/wp\/v2\/product_cat?post=12185"},{"taxonomy":"product_tag","embeddable":true,"href":"https:\/\/curiosidadesedicas.com\/loja\/en\/wp-json\/wp\/v2\/product_tag?post=12185"}],"curies":[{"name":"wp","href":"https:\/\/api.w.org\/{rel}","templated":true}]}}