{"id":11902,"date":"2020-05-13T15:41:07","date_gmt":"2020-05-13T15:41:07","guid":{"rendered":"https:\/\/curiosidadesedicas.com\/loja\/?post_type=product&#038;p=11902"},"modified":"2025-03-20T12:24:30","modified_gmt":"2025-03-20T12:24:30","slug":"adesivos-aquecedores-de-pes-pack-c-10","status":"publish","type":"product","link":"https:\/\/curiosidadesedicas.com\/loja\/en\/product\/adesivos-aquecedores-de-pes-pack-c-10\/","title":{"rendered":"ADESIVOS AQUECEDORES DE P\u00c9S PACK 10UN"},"content":{"rendered":"<div class=\"main-data\">\n<div class=\"main-data\">\n<div class=\"main-data\">\n<div class=\"main-data\">\n<div class=\"main-data\">\n<div class=\"main-data\">\n<p class=\"small_desc\">Os Adesivos Aquecedores de P\u00e9s proporcionam facilmente um calor reconfortante, podendo ser utilizados sempre que necess\u00e1rio.<\/p>\n<\/div>\n<\/div>\n<\/div>\n<\/div>\n<\/div>\n<\/div>","protected":false},"excerpt":{"rendered":"<ul>\n<li>Material: N\u00e3o tecido, p\u00f3 de ferro, \u00e1gua, sal, carv\u00e3o ativado e vermiculita<\/li>\n<li>Prontos para utilizar: abrir e agitar<\/li>\n<li>Utiliza\u00e7\u00e3o c\u00f3moda e simples: Ativa\u00e7\u00e3o por contato com o ar<\/li>\n<li>Calor instant\u00e2neo e reconfortante<\/li>\n<li>Efeito de longa dura\u00e7\u00e3o: At\u00e9 10 h<\/li>\n<li>Temperatura max.: 57 \u00b0C<\/li>\n<li>Ideais para colocar dentro das meias ou dos cal\u00e7ados<\/li>\n<li>Inclui: 10 saquinhos com 1 adesivo cada<\/li>\n<li>Medidas aprox.: 9 x 7 cm<\/li>\n<\/ul>","protected":false},"featured_media":11914,"comment_status":"open","ping_status":"closed","template":"","meta":{"_glsr_average":0,"_glsr_ranking":0,"_glsr_reviews":0},"product_brand":[],"product_cat":[357,361,368,480],"product_tag":[],"class_list":{"0":"post-11902","1":"product","2":"type-product","3":"status-publish","4":"has-post-thumbnail","6":"product_cat-bem-estar","7":"product_cat-desporto","8":"product_cat-aquecimento","9":"product_cat-pessoal","11":"first","12":"instock","13":"taxable","14":"shipping-taxable","15":"purchasable","16":"product-type-simple"},"yoast_head":"<!-- This site is optimized with the Yoast SEO plugin v26.8 - https:\/\/yoast.com\/product\/yoast-seo-wordpress\/ -->\n<title>ADESIVOS AQUECEDORES DE P\u00c9S PACK 10UN - Curiosidades &amp; Dicas, Lda<\/title>\n<meta name=\"robots\" content=\"index, follow, max-snippet:-1, max-image-preview:large, max-video-preview:-1\" \/>\n<link rel=\"canonical\" href=\"https:\/\/curiosidadesedicas.com\/loja\/en\/product\/adesivos-aquecedores-de-pes-pack-c-10\/\" \/>\n<meta property=\"og:locale\" content=\"en_US\" \/>\n<meta property=\"og:type\" content=\"article\" \/>\n<meta property=\"og:title\" content=\"ADESIVOS AQUECEDORES DE P\u00c9S PACK 10UN - Curiosidades &amp; Dicas, Lda\" \/>\n<meta property=\"og:description\" content=\"Material: N\u00e3o tecido, p\u00f3 de ferro, \u00e1gua, sal, carv\u00e3o ativado e vermiculita  Prontos para utilizar: abrir e agitar  Utiliza\u00e7\u00e3o c\u00f3moda e simples: Ativa\u00e7\u00e3o por contato com o ar  Calor instant\u00e2neo e reconfortante  Efeito de longa dura\u00e7\u00e3o: At\u00e9 10 h  Temperatura max.: 57 \u00b0C  Ideais para colocar dentro das meias ou dos cal\u00e7ados  Inclui: 10 saquinhos com 1 adesivo cada  Medidas aprox.: 9 x 7 cm\" \/>\n<meta property=\"og:url\" content=\"https:\/\/curiosidadesedicas.com\/loja\/en\/product\/adesivos-aquecedores-de-pes-pack-c-10\/\" \/>\n<meta property=\"og:site_name\" content=\"Curiosidades &amp; Dicas, Lda\" \/>\n<meta property=\"article:modified_time\" content=\"2025-03-20T12:24:30+00:00\" \/>\n<meta property=\"og:image\" content=\"https:\/\/curiosidadesedicas.com\/loja\/wp-content\/uploads\/2020\/05\/adesivos-aquecedores-de-pes-heatic-toe-innovagoods-pack-de-10_118528.jpg\" \/>\n\t<meta property=\"og:image:width\" content=\"600\" \/>\n\t<meta property=\"og:image:height\" content=\"600\" \/>\n\t<meta property=\"og:image:type\" content=\"image\/jpeg\" \/>\n<meta name=\"twitter:card\" content=\"summary_large_image\" \/>\n<meta name=\"twitter:label1\" content=\"Est. reading time\" \/>\n\t<meta name=\"twitter:data1\" content=\"1 minute\" \/>\n<script type=\"application\/ld+json\" class=\"yoast-schema-graph\">{\"@context\":\"https:\/\/schema.org\",\"@graph\":[{\"@type\":\"WebPage\",\"@id\":\"https:\/\/curiosidadesedicas.com\/loja\/produto\/adesivos-aquecedores-de-pes-pack-c-10\/\",\"url\":\"https:\/\/curiosidadesedicas.com\/loja\/produto\/adesivos-aquecedores-de-pes-pack-c-10\/\",\"name\":\"ADESIVOS AQUECEDORES DE P\u00c9S PACK 10UN - Curiosidades &amp; Dicas, Lda\",\"isPartOf\":{\"@id\":\"https:\/\/curiosidadesedicas.com\/loja\/#website\"},\"primaryImageOfPage\":{\"@id\":\"https:\/\/curiosidadesedicas.com\/loja\/produto\/adesivos-aquecedores-de-pes-pack-c-10\/#primaryimage\"},\"image\":{\"@id\":\"https:\/\/curiosidadesedicas.com\/loja\/produto\/adesivos-aquecedores-de-pes-pack-c-10\/#primaryimage\"},\"thumbnailUrl\":\"https:\/\/curiosidadesedicas.com\/loja\/wp-content\/uploads\/2020\/05\/adesivos-aquecedores-de-pes-heatic-toe-innovagoods-pack-de-10_118528.jpg\",\"datePublished\":\"2020-05-13T15:41:07+00:00\",\"dateModified\":\"2025-03-20T12:24:30+00:00\",\"breadcrumb\":{\"@id\":\"https:\/\/curiosidadesedicas.com\/loja\/produto\/adesivos-aquecedores-de-pes-pack-c-10\/#breadcrumb\"},\"inLanguage\":\"en-US\",\"potentialAction\":[{\"@type\":\"ReadAction\",\"target\":[\"https:\/\/curiosidadesedicas.com\/loja\/produto\/adesivos-aquecedores-de-pes-pack-c-10\/\"]}]},{\"@type\":\"ImageObject\",\"inLanguage\":\"en-US\",\"@id\":\"https:\/\/curiosidadesedicas.com\/loja\/produto\/adesivos-aquecedores-de-pes-pack-c-10\/#primaryimage\",\"url\":\"https:\/\/curiosidadesedicas.com\/loja\/wp-content\/uploads\/2020\/05\/adesivos-aquecedores-de-pes-heatic-toe-innovagoods-pack-de-10_118528.jpg\",\"contentUrl\":\"https:\/\/curiosidadesedicas.com\/loja\/wp-content\/uploads\/2020\/05\/adesivos-aquecedores-de-pes-heatic-toe-innovagoods-pack-de-10_118528.jpg\",\"width\":600,\"height\":600},{\"@type\":\"BreadcrumbList\",\"@id\":\"https:\/\/curiosidadesedicas.com\/loja\/produto\/adesivos-aquecedores-de-pes-pack-c-10\/#breadcrumb\",\"itemListElement\":[{\"@type\":\"ListItem\",\"position\":1,\"name\":\"In\u00edcio\",\"item\":\"https:\/\/curiosidadesedicas.com\/loja\/\"},{\"@type\":\"ListItem\",\"position\":2,\"name\":\"Produtos\",\"item\":\"https:\/\/curiosidadesedicas.com\/loja\/produtos\/\"},{\"@type\":\"ListItem\",\"position\":3,\"name\":\"ADESIVOS AQUECEDORES DE P\u00c9S PACK 10UN\"}]},{\"@type\":\"WebSite\",\"@id\":\"https:\/\/curiosidadesedicas.com\/loja\/#website\",\"url\":\"https:\/\/curiosidadesedicas.com\/loja\/\",\"name\":\"Curiosidades &amp; Dicas, Lda\",\"description\":\"Apaixonados Por Inova\u00e7\u00e3o\",\"publisher\":{\"@id\":\"https:\/\/curiosidadesedicas.com\/loja\/#organization\"},\"potentialAction\":[{\"@type\":\"SearchAction\",\"target\":{\"@type\":\"EntryPoint\",\"urlTemplate\":\"https:\/\/curiosidadesedicas.com\/loja\/?s={search_term_string}\"},\"query-input\":{\"@type\":\"PropertyValueSpecification\",\"valueRequired\":true,\"valueName\":\"search_term_string\"}}],\"inLanguage\":\"en-US\"},{\"@type\":\"Organization\",\"@id\":\"https:\/\/curiosidadesedicas.com\/loja\/#organization\",\"name\":\"Curiosidades & Dicas\",\"url\":\"https:\/\/curiosidadesedicas.com\/loja\/\",\"logo\":{\"@type\":\"ImageObject\",\"inLanguage\":\"en-US\",\"@id\":\"https:\/\/curiosidadesedicas.com\/loja\/#\/schema\/logo\/image\/\",\"url\":\"https:\/\/curiosidadesedicas.com\/loja\/wp-content\/uploads\/2020\/05\/LogoCuriosidadesSimples.png\",\"contentUrl\":\"https:\/\/curiosidadesedicas.com\/loja\/wp-content\/uploads\/2020\/05\/LogoCuriosidadesSimples.png\",\"width\":3528,\"height\":804,\"caption\":\"Curiosidades & Dicas\"},\"image\":{\"@id\":\"https:\/\/curiosidadesedicas.com\/loja\/#\/schema\/logo\/image\/\"}}]}<\/script>\n<!-- \/ Yoast SEO plugin. -->","yoast_head_json":{"title":"ADESIVOS AQUECEDORES DE P\u00c9S PACK 10UN - Curiosidades &amp; Dicas, Lda","robots":{"index":"index","follow":"follow","max-snippet":"max-snippet:-1","max-image-preview":"max-image-preview:large","max-video-preview":"max-video-preview:-1"},"canonical":"https:\/\/curiosidadesedicas.com\/loja\/en\/product\/adesivos-aquecedores-de-pes-pack-c-10\/","og_locale":"en_US","og_type":"article","og_title":"ADESIVOS AQUECEDORES DE P\u00c9S PACK 10UN - Curiosidades &amp; Dicas, Lda","og_description":"Material: N\u00e3o tecido, p\u00f3 de ferro, \u00e1gua, sal, carv\u00e3o ativado e vermiculita  Prontos para utilizar: abrir e agitar  Utiliza\u00e7\u00e3o c\u00f3moda e simples: Ativa\u00e7\u00e3o por contato com o ar  Calor instant\u00e2neo e reconfortante  Efeito de longa dura\u00e7\u00e3o: At\u00e9 10 h  Temperatura max.: 57 \u00b0C  Ideais para colocar dentro das meias ou dos cal\u00e7ados  Inclui: 10 saquinhos com 1 adesivo cada  Medidas aprox.: 9 x 7 cm","og_url":"https:\/\/curiosidadesedicas.com\/loja\/en\/product\/adesivos-aquecedores-de-pes-pack-c-10\/","og_site_name":"Curiosidades &amp; Dicas, Lda","article_modified_time":"2025-03-20T12:24:30+00:00","og_image":[{"width":600,"height":600,"url":"https:\/\/curiosidadesedicas.com\/loja\/wp-content\/uploads\/2020\/05\/adesivos-aquecedores-de-pes-heatic-toe-innovagoods-pack-de-10_118528.jpg","type":"image\/jpeg"}],"twitter_card":"summary_large_image","twitter_misc":{"Est. reading time":"1 minute"},"schema":{"@context":"https:\/\/schema.org","@graph":[{"@type":"WebPage","@id":"https:\/\/curiosidadesedicas.com\/loja\/produto\/adesivos-aquecedores-de-pes-pack-c-10\/","url":"https:\/\/curiosidadesedicas.com\/loja\/produto\/adesivos-aquecedores-de-pes-pack-c-10\/","name":"ADESIVOS AQUECEDORES DE P\u00c9S PACK 10UN - Curiosidades &amp; Dicas, Lda","isPartOf":{"@id":"https:\/\/curiosidadesedicas.com\/loja\/#website"},"primaryImageOfPage":{"@id":"https:\/\/curiosidadesedicas.com\/loja\/produto\/adesivos-aquecedores-de-pes-pack-c-10\/#primaryimage"},"image":{"@id":"https:\/\/curiosidadesedicas.com\/loja\/produto\/adesivos-aquecedores-de-pes-pack-c-10\/#primaryimage"},"thumbnailUrl":"https:\/\/curiosidadesedicas.com\/loja\/wp-content\/uploads\/2020\/05\/adesivos-aquecedores-de-pes-heatic-toe-innovagoods-pack-de-10_118528.jpg","datePublished":"2020-05-13T15:41:07+00:00","dateModified":"2025-03-20T12:24:30+00:00","breadcrumb":{"@id":"https:\/\/curiosidadesedicas.com\/loja\/produto\/adesivos-aquecedores-de-pes-pack-c-10\/#breadcrumb"},"inLanguage":"en-US","potentialAction":[{"@type":"ReadAction","target":["https:\/\/curiosidadesedicas.com\/loja\/produto\/adesivos-aquecedores-de-pes-pack-c-10\/"]}]},{"@type":"ImageObject","inLanguage":"en-US","@id":"https:\/\/curiosidadesedicas.com\/loja\/produto\/adesivos-aquecedores-de-pes-pack-c-10\/#primaryimage","url":"https:\/\/curiosidadesedicas.com\/loja\/wp-content\/uploads\/2020\/05\/adesivos-aquecedores-de-pes-heatic-toe-innovagoods-pack-de-10_118528.jpg","contentUrl":"https:\/\/curiosidadesedicas.com\/loja\/wp-content\/uploads\/2020\/05\/adesivos-aquecedores-de-pes-heatic-toe-innovagoods-pack-de-10_118528.jpg","width":600,"height":600},{"@type":"BreadcrumbList","@id":"https:\/\/curiosidadesedicas.com\/loja\/produto\/adesivos-aquecedores-de-pes-pack-c-10\/#breadcrumb","itemListElement":[{"@type":"ListItem","position":1,"name":"In\u00edcio","item":"https:\/\/curiosidadesedicas.com\/loja\/"},{"@type":"ListItem","position":2,"name":"Produtos","item":"https:\/\/curiosidadesedicas.com\/loja\/produtos\/"},{"@type":"ListItem","position":3,"name":"ADESIVOS AQUECEDORES DE P\u00c9S PACK 10UN"}]},{"@type":"WebSite","@id":"https:\/\/curiosidadesedicas.com\/loja\/#website","url":"https:\/\/curiosidadesedicas.com\/loja\/","name":"Curiosidades &amp; Dicas, Lda","description":"Apaixonados Por Inova\u00e7\u00e3o","publisher":{"@id":"https:\/\/curiosidadesedicas.com\/loja\/#organization"},"potentialAction":[{"@type":"SearchAction","target":{"@type":"EntryPoint","urlTemplate":"https:\/\/curiosidadesedicas.com\/loja\/?s={search_term_string}"},"query-input":{"@type":"PropertyValueSpecification","valueRequired":true,"valueName":"search_term_string"}}],"inLanguage":"en-US"},{"@type":"Organization","@id":"https:\/\/curiosidadesedicas.com\/loja\/#organization","name":"Curiosidades & Dicas","url":"https:\/\/curiosidadesedicas.com\/loja\/","logo":{"@type":"ImageObject","inLanguage":"en-US","@id":"https:\/\/curiosidadesedicas.com\/loja\/#\/schema\/logo\/image\/","url":"https:\/\/curiosidadesedicas.com\/loja\/wp-content\/uploads\/2020\/05\/LogoCuriosidadesSimples.png","contentUrl":"https:\/\/curiosidadesedicas.com\/loja\/wp-content\/uploads\/2020\/05\/LogoCuriosidadesSimples.png","width":3528,"height":804,"caption":"Curiosidades & Dicas"},"image":{"@id":"https:\/\/curiosidadesedicas.com\/loja\/#\/schema\/logo\/image\/"}}]}},"_links":{"self":[{"href":"https:\/\/curiosidadesedicas.com\/loja\/en\/wp-json\/wp\/v2\/product\/11902","targetHints":{"allow":["GET"]}}],"collection":[{"href":"https:\/\/curiosidadesedicas.com\/loja\/en\/wp-json\/wp\/v2\/product"}],"about":[{"href":"https:\/\/curiosidadesedicas.com\/loja\/en\/wp-json\/wp\/v2\/types\/product"}],"replies":[{"embeddable":true,"href":"https:\/\/curiosidadesedicas.com\/loja\/en\/wp-json\/wp\/v2\/comments?post=11902"}],"wp:featuredmedia":[{"embeddable":true,"href":"https:\/\/curiosidadesedicas.com\/loja\/en\/wp-json\/wp\/v2\/media\/11914"}],"wp:attachment":[{"href":"https:\/\/curiosidadesedicas.com\/loja\/en\/wp-json\/wp\/v2\/media?parent=11902"}],"wp:term":[{"taxonomy":"product_brand","embeddable":true,"href":"https:\/\/curiosidadesedicas.com\/loja\/en\/wp-json\/wp\/v2\/product_brand?post=11902"},{"taxonomy":"product_cat","embeddable":true,"href":"https:\/\/curiosidadesedicas.com\/loja\/en\/wp-json\/wp\/v2\/product_cat?post=11902"},{"taxonomy":"product_tag","embeddable":true,"href":"https:\/\/curiosidadesedicas.com\/loja\/en\/wp-json\/wp\/v2\/product_tag?post=11902"}],"curies":[{"name":"wp","href":"https:\/\/api.w.org\/{rel}","templated":true}]}}