{"id":17249,"date":"2020-07-09T12:56:00","date_gmt":"2020-07-09T12:56:00","guid":{"rendered":"https:\/\/curiosidadesedicas.com\/loja\/?post_type=product&#038;p=17249"},"modified":"2021-02-08T09:09:35","modified_gmt":"2021-02-08T09:09:35","slug":"bandeja-p-forno-pizza-set-tower","status":"publish","type":"product","link":"http:\/\/curiosidadesedicas.com\/loja\/en\/product\/bandeja-p-forno-pizza-set-tower\/","title":{"rendered":"BANDEJA P\/ FORNO PIZZA SET TOWER"},"content":{"rendered":"<ul>\n<li>N\u00e3o indicado para m\u00e1quinas de lavar lou\u00e7a<\/li>\n<li>Di\u00e2metro aprox.: 32 cm<\/li>\n<\/ul>","protected":false},"excerpt":{"rendered":"<ul>\n<li>Material: Metal<\/li>\n<li>Antiaderente<\/li>\n<li>Adequado para Forno<\/li>\n<li>Temperatura max.: 230 \u00baC<\/li>\n<\/ul>","protected":false},"featured_media":17250,"comment_status":"open","ping_status":"closed","template":"","meta":{"_glsr_average":0,"_glsr_ranking":0,"_glsr_reviews":0},"product_brand":[],"product_cat":[365,366],"product_tag":[],"class_list":{"0":"post-17249","1":"product","2":"type-product","3":"status-publish","4":"has-post-thumbnail","6":"product_cat-para-o-lar","7":"product_cat-cozinha","9":"first","10":"outofstock","11":"taxable","12":"shipping-taxable","13":"purchasable","14":"product-type-simple"},"yoast_head":"<!-- This site is optimized with the Yoast SEO plugin v26.8 - https:\/\/yoast.com\/product\/yoast-seo-wordpress\/ -->\n<title>BANDEJA P\/ FORNO PIZZA SET TOWER - Curiosidades &amp; Dicas, Lda<\/title>\n<meta name=\"robots\" content=\"index, follow, max-snippet:-1, max-image-preview:large, max-video-preview:-1\" \/>\n<link rel=\"canonical\" href=\"https:\/\/curiosidadesedicas.com\/loja\/en\/product\/bandeja-p-forno-pizza-set-tower\/\" \/>\n<meta property=\"og:locale\" content=\"en_US\" \/>\n<meta property=\"og:type\" content=\"article\" \/>\n<meta property=\"og:title\" content=\"BANDEJA P\/ FORNO PIZZA SET TOWER - Curiosidades &amp; Dicas, Lda\" \/>\n<meta property=\"og:description\" content=\"Material: Metal  Antiaderente  Adequado para Forno  Temperatura max.: 230 \u00baC\" \/>\n<meta property=\"og:url\" content=\"https:\/\/curiosidadesedicas.com\/loja\/en\/product\/bandeja-p-forno-pizza-set-tower\/\" \/>\n<meta property=\"og:site_name\" content=\"Curiosidades &amp; Dicas, Lda\" \/>\n<meta property=\"article:modified_time\" content=\"2021-02-08T09:09:35+00:00\" \/>\n<meta property=\"og:image\" content=\"https:\/\/curiosidadesedicas.com\/loja\/wp-content\/uploads\/2020\/07\/bandeja-para-forno-pizza-set-tower-6-pecas_120688.jpg\" \/>\n\t<meta property=\"og:image:width\" content=\"600\" \/>\n\t<meta property=\"og:image:height\" content=\"600\" \/>\n\t<meta property=\"og:image:type\" content=\"image\/jpeg\" \/>\n<meta name=\"twitter:card\" content=\"summary_large_image\" \/>\n<script type=\"application\/ld+json\" class=\"yoast-schema-graph\">{\"@context\":\"https:\/\/schema.org\",\"@graph\":[{\"@type\":\"WebPage\",\"@id\":\"https:\/\/curiosidadesedicas.com\/loja\/produto\/bandeja-p-forno-pizza-set-tower\/\",\"url\":\"https:\/\/curiosidadesedicas.com\/loja\/produto\/bandeja-p-forno-pizza-set-tower\/\",\"name\":\"BANDEJA P\/ FORNO PIZZA SET TOWER - Curiosidades &amp; Dicas, Lda\",\"isPartOf\":{\"@id\":\"https:\/\/curiosidadesedicas.com\/loja\/#website\"},\"primaryImageOfPage\":{\"@id\":\"https:\/\/curiosidadesedicas.com\/loja\/produto\/bandeja-p-forno-pizza-set-tower\/#primaryimage\"},\"image\":{\"@id\":\"https:\/\/curiosidadesedicas.com\/loja\/produto\/bandeja-p-forno-pizza-set-tower\/#primaryimage\"},\"thumbnailUrl\":\"https:\/\/curiosidadesedicas.com\/loja\/wp-content\/uploads\/2020\/07\/bandeja-para-forno-pizza-set-tower-6-pecas_120688.jpg\",\"datePublished\":\"2020-07-09T12:56:00+00:00\",\"dateModified\":\"2021-02-08T09:09:35+00:00\",\"breadcrumb\":{\"@id\":\"https:\/\/curiosidadesedicas.com\/loja\/produto\/bandeja-p-forno-pizza-set-tower\/#breadcrumb\"},\"inLanguage\":\"en-US\",\"potentialAction\":[{\"@type\":\"ReadAction\",\"target\":[\"https:\/\/curiosidadesedicas.com\/loja\/produto\/bandeja-p-forno-pizza-set-tower\/\"]}]},{\"@type\":\"ImageObject\",\"inLanguage\":\"en-US\",\"@id\":\"https:\/\/curiosidadesedicas.com\/loja\/produto\/bandeja-p-forno-pizza-set-tower\/#primaryimage\",\"url\":\"https:\/\/curiosidadesedicas.com\/loja\/wp-content\/uploads\/2020\/07\/bandeja-para-forno-pizza-set-tower-6-pecas_120688.jpg\",\"contentUrl\":\"https:\/\/curiosidadesedicas.com\/loja\/wp-content\/uploads\/2020\/07\/bandeja-para-forno-pizza-set-tower-6-pecas_120688.jpg\",\"width\":600,\"height\":600},{\"@type\":\"BreadcrumbList\",\"@id\":\"https:\/\/curiosidadesedicas.com\/loja\/produto\/bandeja-p-forno-pizza-set-tower\/#breadcrumb\",\"itemListElement\":[{\"@type\":\"ListItem\",\"position\":1,\"name\":\"In\u00edcio\",\"item\":\"https:\/\/curiosidadesedicas.com\/loja\/\"},{\"@type\":\"ListItem\",\"position\":2,\"name\":\"Produtos\",\"item\":\"https:\/\/curiosidadesedicas.com\/loja\/produtos\/\"},{\"@type\":\"ListItem\",\"position\":3,\"name\":\"BANDEJA P\/ FORNO PIZZA SET TOWER\"}]},{\"@type\":\"WebSite\",\"@id\":\"https:\/\/curiosidadesedicas.com\/loja\/#website\",\"url\":\"https:\/\/curiosidadesedicas.com\/loja\/\",\"name\":\"Curiosidades &amp; Dicas, Lda\",\"description\":\"Apaixonados Por Inova\u00e7\u00e3o\",\"publisher\":{\"@id\":\"https:\/\/curiosidadesedicas.com\/loja\/#organization\"},\"potentialAction\":[{\"@type\":\"SearchAction\",\"target\":{\"@type\":\"EntryPoint\",\"urlTemplate\":\"https:\/\/curiosidadesedicas.com\/loja\/?s={search_term_string}\"},\"query-input\":{\"@type\":\"PropertyValueSpecification\",\"valueRequired\":true,\"valueName\":\"search_term_string\"}}],\"inLanguage\":\"en-US\"},{\"@type\":\"Organization\",\"@id\":\"https:\/\/curiosidadesedicas.com\/loja\/#organization\",\"name\":\"Curiosidades & Dicas\",\"url\":\"https:\/\/curiosidadesedicas.com\/loja\/\",\"logo\":{\"@type\":\"ImageObject\",\"inLanguage\":\"en-US\",\"@id\":\"https:\/\/curiosidadesedicas.com\/loja\/#\/schema\/logo\/image\/\",\"url\":\"https:\/\/curiosidadesedicas.com\/loja\/wp-content\/uploads\/2020\/05\/LogoCuriosidadesSimples.png\",\"contentUrl\":\"https:\/\/curiosidadesedicas.com\/loja\/wp-content\/uploads\/2020\/05\/LogoCuriosidadesSimples.png\",\"width\":3528,\"height\":804,\"caption\":\"Curiosidades & Dicas\"},\"image\":{\"@id\":\"https:\/\/curiosidadesedicas.com\/loja\/#\/schema\/logo\/image\/\"}}]}<\/script>\n<!-- \/ Yoast SEO plugin. -->","yoast_head_json":{"title":"BANDEJA P\/ FORNO PIZZA SET TOWER - Curiosidades &amp; Dicas, Lda","robots":{"index":"index","follow":"follow","max-snippet":"max-snippet:-1","max-image-preview":"max-image-preview:large","max-video-preview":"max-video-preview:-1"},"canonical":"https:\/\/curiosidadesedicas.com\/loja\/en\/product\/bandeja-p-forno-pizza-set-tower\/","og_locale":"en_US","og_type":"article","og_title":"BANDEJA P\/ FORNO PIZZA SET TOWER - Curiosidades &amp; Dicas, Lda","og_description":"Material: Metal  Antiaderente  Adequado para Forno  Temperatura max.: 230 \u00baC","og_url":"https:\/\/curiosidadesedicas.com\/loja\/en\/product\/bandeja-p-forno-pizza-set-tower\/","og_site_name":"Curiosidades &amp; Dicas, Lda","article_modified_time":"2021-02-08T09:09:35+00:00","og_image":[{"width":600,"height":600,"url":"https:\/\/curiosidadesedicas.com\/loja\/wp-content\/uploads\/2020\/07\/bandeja-para-forno-pizza-set-tower-6-pecas_120688.jpg","type":"image\/jpeg"}],"twitter_card":"summary_large_image","schema":{"@context":"https:\/\/schema.org","@graph":[{"@type":"WebPage","@id":"https:\/\/curiosidadesedicas.com\/loja\/produto\/bandeja-p-forno-pizza-set-tower\/","url":"https:\/\/curiosidadesedicas.com\/loja\/produto\/bandeja-p-forno-pizza-set-tower\/","name":"BANDEJA P\/ FORNO PIZZA SET TOWER - Curiosidades &amp; Dicas, Lda","isPartOf":{"@id":"https:\/\/curiosidadesedicas.com\/loja\/#website"},"primaryImageOfPage":{"@id":"https:\/\/curiosidadesedicas.com\/loja\/produto\/bandeja-p-forno-pizza-set-tower\/#primaryimage"},"image":{"@id":"https:\/\/curiosidadesedicas.com\/loja\/produto\/bandeja-p-forno-pizza-set-tower\/#primaryimage"},"thumbnailUrl":"https:\/\/curiosidadesedicas.com\/loja\/wp-content\/uploads\/2020\/07\/bandeja-para-forno-pizza-set-tower-6-pecas_120688.jpg","datePublished":"2020-07-09T12:56:00+00:00","dateModified":"2021-02-08T09:09:35+00:00","breadcrumb":{"@id":"https:\/\/curiosidadesedicas.com\/loja\/produto\/bandeja-p-forno-pizza-set-tower\/#breadcrumb"},"inLanguage":"en-US","potentialAction":[{"@type":"ReadAction","target":["https:\/\/curiosidadesedicas.com\/loja\/produto\/bandeja-p-forno-pizza-set-tower\/"]}]},{"@type":"ImageObject","inLanguage":"en-US","@id":"https:\/\/curiosidadesedicas.com\/loja\/produto\/bandeja-p-forno-pizza-set-tower\/#primaryimage","url":"https:\/\/curiosidadesedicas.com\/loja\/wp-content\/uploads\/2020\/07\/bandeja-para-forno-pizza-set-tower-6-pecas_120688.jpg","contentUrl":"https:\/\/curiosidadesedicas.com\/loja\/wp-content\/uploads\/2020\/07\/bandeja-para-forno-pizza-set-tower-6-pecas_120688.jpg","width":600,"height":600},{"@type":"BreadcrumbList","@id":"https:\/\/curiosidadesedicas.com\/loja\/produto\/bandeja-p-forno-pizza-set-tower\/#breadcrumb","itemListElement":[{"@type":"ListItem","position":1,"name":"In\u00edcio","item":"https:\/\/curiosidadesedicas.com\/loja\/"},{"@type":"ListItem","position":2,"name":"Produtos","item":"https:\/\/curiosidadesedicas.com\/loja\/produtos\/"},{"@type":"ListItem","position":3,"name":"BANDEJA P\/ FORNO PIZZA SET TOWER"}]},{"@type":"WebSite","@id":"https:\/\/curiosidadesedicas.com\/loja\/#website","url":"https:\/\/curiosidadesedicas.com\/loja\/","name":"Curiosidades &amp; Dicas, Lda","description":"Apaixonados Por Inova\u00e7\u00e3o","publisher":{"@id":"https:\/\/curiosidadesedicas.com\/loja\/#organization"},"potentialAction":[{"@type":"SearchAction","target":{"@type":"EntryPoint","urlTemplate":"https:\/\/curiosidadesedicas.com\/loja\/?s={search_term_string}"},"query-input":{"@type":"PropertyValueSpecification","valueRequired":true,"valueName":"search_term_string"}}],"inLanguage":"en-US"},{"@type":"Organization","@id":"https:\/\/curiosidadesedicas.com\/loja\/#organization","name":"Curiosidades & Dicas","url":"https:\/\/curiosidadesedicas.com\/loja\/","logo":{"@type":"ImageObject","inLanguage":"en-US","@id":"https:\/\/curiosidadesedicas.com\/loja\/#\/schema\/logo\/image\/","url":"https:\/\/curiosidadesedicas.com\/loja\/wp-content\/uploads\/2020\/05\/LogoCuriosidadesSimples.png","contentUrl":"https:\/\/curiosidadesedicas.com\/loja\/wp-content\/uploads\/2020\/05\/LogoCuriosidadesSimples.png","width":3528,"height":804,"caption":"Curiosidades & Dicas"},"image":{"@id":"https:\/\/curiosidadesedicas.com\/loja\/#\/schema\/logo\/image\/"}}]}},"_links":{"self":[{"href":"http:\/\/curiosidadesedicas.com\/loja\/en\/wp-json\/wp\/v2\/product\/17249","targetHints":{"allow":["GET"]}}],"collection":[{"href":"http:\/\/curiosidadesedicas.com\/loja\/en\/wp-json\/wp\/v2\/product"}],"about":[{"href":"http:\/\/curiosidadesedicas.com\/loja\/en\/wp-json\/wp\/v2\/types\/product"}],"replies":[{"embeddable":true,"href":"http:\/\/curiosidadesedicas.com\/loja\/en\/wp-json\/wp\/v2\/comments?post=17249"}],"wp:featuredmedia":[{"embeddable":true,"href":"http:\/\/curiosidadesedicas.com\/loja\/en\/wp-json\/wp\/v2\/media\/17250"}],"wp:attachment":[{"href":"http:\/\/curiosidadesedicas.com\/loja\/en\/wp-json\/wp\/v2\/media?parent=17249"}],"wp:term":[{"taxonomy":"product_brand","embeddable":true,"href":"http:\/\/curiosidadesedicas.com\/loja\/en\/wp-json\/wp\/v2\/product_brand?post=17249"},{"taxonomy":"product_cat","embeddable":true,"href":"http:\/\/curiosidadesedicas.com\/loja\/en\/wp-json\/wp\/v2\/product_cat?post=17249"},{"taxonomy":"product_tag","embeddable":true,"href":"http:\/\/curiosidadesedicas.com\/loja\/en\/wp-json\/wp\/v2\/product_tag?post=17249"}],"curies":[{"name":"wp","href":"https:\/\/api.w.org\/{rel}","templated":true}]}}